{"id":6245,"date":"2024-11-22T15:48:13","date_gmt":"2024-11-22T18:48:13","guid":{"rendered":"https:\/\/www.ufsm.br\/pro-reitorias\/proplan\/?page_id=6245"},"modified":"2025-01-28T13:01:38","modified_gmt":"2025-01-28T16:01:38","slug":"instrucao-normativa-prpgp-progep-01-2024","status":"publish","type":"page","link":"https:\/\/www.ufsm.br\/pro-reitorias\/proplan\/instrucao-normativa-prpgp-progep-01-2024","title":{"rendered":"Instru\u00e7\u00e3o Normativa PRPGP\/PROGEP 01\/2024"},"content":{"rendered":"\t\t<div data-elementor-type=\"wp-page\" data-elementor-id=\"6245\" class=\"elementor elementor-6245\">\n\t\t\t\t\t\t<section class=\"elementor-section elementor-top-section elementor-element elementor-element-e7567ee elementor-section-boxed elementor-section-height-default elementor-section-height-default\" data-id=\"e7567ee\" data-element_type=\"section\">\n\t\t\t\t\t\t<div class=\"elementor-container elementor-column-gap-default\">\n\t\t\t\t\t<div class=\"elementor-column elementor-col-100 elementor-top-column elementor-element elementor-element-438d623\" data-id=\"438d623\" data-element_type=\"column\">\n\t\t\t<div class=\"elementor-widget-wrap elementor-element-populated\">\n\t\t\t\t\t\t<div class=\"elementor-element elementor-element-b6efdc7 elementor-widget elementor-widget-html\" data-id=\"b6efdc7\" data-element_type=\"widget\" data-widget_type=\"html.default\">\n\t\t\t\t<div class=\"elementor-widget-container\">\n\t\t\t<title><b>INSTRU\u00c7\u00c3O NORMATIVA UFSM N\u00b0 009, DE 04 DE NOVEMBRO DE 2024 <\/b><\/title>\r\n\r\n\r\n<div align=\"center\"><img decoding=\"async\" src=\"https:\/\/www.ufsm.br\/pro-reitorias\/proplan\/wp-content\/uploads\/sites\/344\/2019\/09\/brasao-da-republica-do-brasil-logo.png\" alt=\"Bras\u00e3o Rep\u00fablica Federativa do Brasil\" width=\"6%\" height=\"6%\"><\/div>    \r\n<div align=\"center\">MINIST\u00c9RIO DA EDUCA\u00c7\u00c3O<\/b><\/font><\/font><\/div>\r\n<div align=\"center\">UNIVERSIDADE FEDERAL DE SANTA MARIA<\/b><\/font><\/font><\/div>\r\n<div align=\"center\">PR\u00d3-REITORIA DE P\u00d3S-GRADUA\u00c7\u00c3O E PESQUISA<\/b><\/font><\/font><\/div>\r\n\r\n<p><div align=\"center\"><b><a href=\"https:\/\/portal.ufsm.br\/documentos\/publico\/documento.html?id=15267770\" target=\"_blank\"><font color=\"blue\">INSTRU\u00c7\u00c3O NORMATIVA CONJUNTA PRPGP-PROGEP\/UFSM N. 01, DE 22 DE NOVEMBRO DE 2024 <\/font><\/a><\/b><\/div><\/p>\r\n<br>\r\n<ul><ul><ul><ul><ul><ul><ul><ul><ul><ul><ul><ul><ul><ul><ul><ul><ul><ul><ul><ul><ul>\r\n<p><div align=\"justify\"><font color=\"800000\">Estabelece procedimentos para a contrata\u00e7\u00e3o por tempo determinado de Professor Visitante Nacional (PVN) e Professor Visitante Estrangeiro (PVE) na Universidade Federal de Santa Maria.<\/font><\/div><\/p> \r\n<\/ul><\/ul><\/ul><\/ul><\/ul><\/ul><\/ul><\/ul><\/ul><\/ul><\/ul><\/ul><\/ul><\/ul><\/ul><\/ul><\/ul><\/ul><\/ul><\/ul><\/ul>\r\n\r\n<br>\r\n<br><div align=\"justify\">\r\n<p>A PR\u00d3-REITORA DE P\u00d3S-GRADUA\u00c7\u00c3O E PESQUISA, no uso que lhe confere o Art. 184 da <a href=\"https:\/\/www.ufsm.br\/pro-reitorias\/proplan\/resolucao-ufsm-n-104-2022\"><font color=\"blue\"><u> Resolu\u00e7\u00e3o UFSM n\u00b0 104<\/u><\/font><\/a>, de 03 de outubro de 2022, e o PR\u00d3-REITOR DE GEST\u00c3O DE PESSOAS, no uso que lhe confere o Art. 23 do <a href=\"https:\/\/www.ufsm.br\/pro-reitorias\/proplan\/regimento-geral-da-ufsm-com-alteracoes-compiladas-pela-resolucao-n-016-2019\"><font color=\"blue\"><u> Regimento Geral da UFSM<\/u><\/font><\/a>, tendo em vista a <a href=\"https:\/\/www.ufsm.br\/pro-reitorias\/proplan\/resolucao-ufsm-n-173-2024\"><font color=\"blue\"><u> Resolu\u00e7\u00e3o n\u00b0 173<\/u><\/font><\/a>, de 20 de agosto de 2024, e o que conta no processo <a href=\"https:\/\/portal.ufsm.br\/documentos\/publico\/processo\/documento.html?idDocumento=15229361\"><font color=\"blue\"><u> 23081.128659\/2024-58<\/u><\/font><\/a>, resolve::\r\n<br>\r\n<br>\r\n\r\n<p>Art. 1\u00b0 Estabelecer as instru\u00e7\u00f5es e disposi\u00e7\u00f5es para o processo de sele\u00e7\u00e3o e contrata\u00e7\u00e3o por tempo determinado de Professor Visitante Estrangeiro (PVE) e Professor Visitante Nacional (PVN) na Universidade Federal de Santa Maria.\r\n\r\n<br>\r\n<br>\r\n<p>CAP\u00cdTULO I \u2013 DA ABERTURA DO EDITAL DE CHAMADA INTERNA PARA SELE\u00c7\u00c3O DOS PROGRAMAS DE P\u00d3S-GRADUA\u00c7\u00c3O \/ UNIDADES DE ENSINO PARA A DISTRIBUI\u00c7\u00c3O DAS VAGAS DE PVE\r\n\r\n<p>Art. 2\u00b0 A Pr\u00f3-reitoria de P\u00f3s-gradua\u00e7\u00e3o e Pesquisa (PRPGP), juntamente com a Secretaria de Apoio Internacional (ou outra que venha a substitu\u00ed-la) da UFSM, definir\u00e1 o n\u00famero de PVE a serem contratados e consultar\u00e1 a Pr\u00f3-reitoria de Planejamento (PROPLAN), a respeito do impacto or\u00e7ament\u00e1rio (despesa de pessoal), e a Pr\u00f3-reitoria de Gest\u00e3o de Pessoas (PROGEP), concernente ao impacto no Banco de Professor Equivalente.\r\n\r\n<p>\u00a71\u00b0 Ap\u00f3s a manifesta\u00e7\u00e3o da PROPLAN e da PROGEP prevista no caput, a Coordenadoria de A\u00e7\u00f5es e Programas Estrat\u00e9gicos (CAPR) da PRPGP conduzir\u00e1 o Edital de Chamada Interna para sele\u00e7\u00e3o dos Programas de P\u00f3s-gradua\u00e7\u00e3o stricto sensu (PPG)\/Unidades de Ensino que receber\u00e3o as vagas de PVE.\r\n<p>\u00a72\u00b0 O Comit\u00ea Assessor da PRPGP ser\u00e1 a inst\u00e2ncia a assessorar e acompanhar o Edital de Chamada Interna.\r\n<p>\u00a73\u00b0 Excepcionalmente, outras Chamadas Internas vinculadas a iniciativas institucionais estrat\u00e9gicas poder\u00e3o tamb\u00e9m conceder vagas PVE, sendo que, nesses casos, os PPGs \/ Unidades de Ensino contemplados n\u00e3o estar\u00e3o habilitados para concorrer no Edital de Chamada Interna para esse fim enquanto o PVE estiver atuando nos referidos PPGs \/ Unidades de Ensino.\r\n\r\n<p>Art. 3\u00b0 O Edital de Chamada Interna da PRPGP definir\u00e1 o n\u00famero de vagas e o tempo de contrata\u00e7\u00e3o do PVE, assim como, contemplar\u00e1 todos os aspectos concernentes \u00e0 referida Chamada Interna de PPGs (cronograma, requisitos e documenta\u00e7\u00e3o para a candidatura, processo e crit\u00e9rios de avalia\u00e7\u00e3o, entre outros).\r\n<p>\u00a71\u00b0 O Edital de Chamada Interna para sele\u00e7\u00e3o dos PPGs \/ Unidades de Ensino ser\u00e1 exclusivamente para sele\u00e7\u00e3o de vagas de PVE.\r\n<p>\u00a72\u00b0 As propostas dever\u00e3o ser encaminhadas por PPGs, ou, em car\u00e1ter excepcional para atender uma demanda estrat\u00e9gica institucional, pelas Unidades de Ensino que n\u00e3o possuem PPGs stricto sensu, conforme previsto pelo par\u00e1grafo 2\u00b0, Art 1\u00b0, da <a href=\"https:\/\/www.ufsm.br\/pro-reitorias\/proplan\/resolucao-ufsm-n-173-2024\"><font color=\"blue\"><u>  Resolu\u00e7\u00e3o UFSM N. 173<\/u><\/font><\/a>, de 20 de Agosto de 2024.\r\n\r\n<p>Art. 4\u00b0 Os requisitos para avalia\u00e7\u00e3o das propostas de solicita\u00e7\u00e3o de vagas PVE ser\u00e3o definidos em Edital de Chamada Interna de PPGs\/Unidades de Ensino da PRPGP, compreendendo os seguintes aspectos fundamentais:\r\n<p>I- M\u00e9rito da proposta;\r\n<p>II- Hist\u00f3rico de coopera\u00e7\u00e3o acad\u00eamica-cient\u00edfica do PPG\/Unidade de Ensino, com pesquisadores de institui\u00e7\u00f5es estrangeiras;\r\n<p>III- Qualidade e abrang\u00eancia da atua\u00e7\u00e3o do PVE no PPG\/Unidade de Ensino e na UFSM, e resultados prospectados pela iniciativa;\r\n<p>IV- M\u00e9tricas bibliogr\u00e1ficas.\r\n\r\n<p>Art. 5\u00b0 Ap\u00f3s a PRPGP divulgar o resultado final dos PPGs\/Unidades de Ensino que receber\u00e3o a vaga de PVE, a contrata\u00e7\u00e3o de PVE dever\u00e1 ocorrer por tempo limite de at\u00e9 1 (um) ano.\r\n\r\n<p>Art. 6\u00b0 Caso o PPG\/Unidade de Ensino n\u00e3o obtenha sucesso na sele\u00e7\u00e3o ou contrata\u00e7\u00e3o do PVE na Sele\u00e7\u00e3o P\u00fablica, o PPG\/Unidade de Ensino poder\u00e1 reabrir um novo Edital de Sele\u00e7\u00e3o P\u00fablica para PVE, observando as seguintes condi\u00e7\u00f5es:\r\n<p>I \u2013 a nova sele\u00e7\u00e3o p\u00fablica de PVE somente poder\u00e1 ocorrer se o Edital de Chamada Interna que concedeu a vaga estiver v\u00e1lido;\r\n<p>II \u2013 caso o PPG\/Unidade de Ensino tamb\u00e9m n\u00e3o obtenha \u00eaxito na segunda sele\u00e7\u00e3o p\u00fablica de PVE, eventual(is) PPG(s)\/Unidade(s) de Ensino suplente(s) no Edital de Chamada Interna da PRPGP ser\u00e1(\u00e3o) contemplado(s), desde que o referido edital esteja v\u00e1lido;\r\n<p>III \u2013 na aus\u00eancia de PPG\/Unidade de Ensino suplente, o PPG\/Unidade de Ensino originalmente contemplado com PVE poder\u00e1 abrir sele\u00e7\u00e3o p\u00fablica para PVN, em uma \u00fanica edi\u00e7\u00e3o, desde que o Edital de Chamada Interna esteja v\u00e1lido;\r\n<p>IV \u2013 no caso de outras chamadas internas vinculadas a iniciativas institucionais estrat\u00e9gicas, as referidas chamadas dever\u00e3o prever a possibilidade da segunda sele\u00e7\u00e3o p\u00fablica de PVE conforme o inciso II e da convers\u00e3o de PVE para PVN conforme o inciso III;\r\n<p>V \u2013 caso o Edital de Chamada Interna n\u00e3o esteja v\u00e1lido ou n\u00e3o haja interesse na utiliza\u00e7\u00e3o da vaga, esta ficar\u00e1 dispon\u00edvel para compor um novo Edital de Chamada Interna para sele\u00e7\u00e3o de PPG(s)\/Unidade(s) de Ensino para a concess\u00e3o de vagas de PVE.\r\n\r\n<br>\r\n<p>CAP\u00cdTULO II \u2013 DA ABERTURA DO EDITAL DE SELE\u00c7\u00c3O P\u00daBLICA PARA A CONTRATA\u00c7\u00c3O DOS PROFESSORES VISITANTES\r\n\r\n<p>Art. 7\u00b0 Ap\u00f3s o resultado definitivo do Edital de Chamada Interna realizado pela PRPGP, os PPGs contemplados com as vagas poder\u00e3o solicitar \u00e0 PROGEP a abertura de edital de sele\u00e7\u00e3o p\u00fablica para Professor Visitante.\r\n\r\n<p>Art. 8\u00b0 O PPG, com anu\u00eancia da Dire\u00e7\u00e3o da Unidade, dever\u00e1 encaminhar ao N\u00facleo de Concurso Docente (NCD)\/Coordenadoria de Concursos (CCON)\/PROGEP a solicita\u00e7\u00e3o de abertura de sele\u00e7\u00e3o p\u00fablica para Professor Visitante, por meio de processo eletr\u00f4nico (PEN-SIE\/UFSM), no tipo documental \u201cProcesso de Sele\u00e7\u00e3o P\u00fablica para professor visitante\u201d, anexando os seguintes documentos: \r\n<p>I - formul\u00e1rio contendo as seguintes informa\u00e7\u00f5es:\r\n<p>a)\t\u00e1rea\/sub\u00e1rea\/especialidade da Sele\u00e7\u00e3o P\u00fablica; \r\n<p>b)\tn\u00famero de vagas;\r\n<p>c)\tprazo do contrato e regime de trabalho (conforme resultado definitivo do Edital de Chamada Interna realizado pela PRPGP);\r\n<p>d)\trequisitos m\u00ednimos de titula\u00e7\u00e3o (Art. 5\u00b0 da <a href=\"https:\/\/www.ufsm.br\/pro-reitorias\/proplan\/resolucao-ufsm-n-173-2024\"><font color=\"blue\"><u>  Resolu\u00e7\u00e3o UFSM N. 173\/2024<\/u><\/font><\/a>) e, \r\n<p>e)\tinforma\u00e7\u00e3o acerca da realiza\u00e7\u00e3o de entrevista no processo seletivo (opcional);\r\n\r\n<p>II - ata do Colegiado do PPG aprovando as informa\u00e7\u00f5es sobre a abertura de Sele\u00e7\u00e3o P\u00fablica para Professor Visitante, constantes no Art. 8\u00b0, inciso I.\r\n\r\n<p>Art. 9\u00b0 A PROGEP ser\u00e1 respons\u00e1vel pela publica\u00e7\u00e3o do Edital de Sele\u00e7\u00e3o P\u00fablica de Professor Visitante, de acordo com o disposto na Resolu\u00e7\u00e3o UFSM N. 173\/2024, nesta Instru\u00e7\u00e3o Normativa e demais legisla\u00e7\u00f5es vigentes.\r\n<p>\u00a71\u00b0 O Edital de abertura da Sele\u00e7\u00e3o P\u00fablica para Professor Visitante ser\u00e1 publicado, em portugu\u00eas e ingl\u00eas, no Di\u00e1rio Oficial da Uni\u00e3o, em jornal de circula\u00e7\u00e3o local e regional, bem como no s\u00edtio da UFSM;\r\n<p>\u00a72\u00b0 As inscri\u00e7\u00f5es ser\u00e3o efetuadas exclusivamente no endere\u00e7o da p\u00e1gina da sele\u00e7\u00e3o p\u00fablica, no s\u00edtio da UFSM, por um per\u00edodo de 30 (trinta) dias corridos, mediante preenchimento de formul\u00e1rio eletr\u00f4nico espec\u00edfico pelo(a) candidato(a).\r\n<p>\u00a73\u00b0 A listagem preliminar das inscri\u00e7\u00f5es ser\u00e1 publicada pelo NCD\/CCON\/PROGEP na p\u00e1gina do Concurso ap\u00f3s 5 (cinco) dias \u00fateis do prazo de pagamento e compensa\u00e7\u00e3o da GRU (Guia de Recolhimento da Uni\u00e3o), e, ap\u00f3s essa divulga\u00e7\u00e3o, ser\u00e1 concedido um prazo de recurso de 2 (dois) dias \u00fateis.\r\n<p>\u00a74\u00b0 A listagem definitiva de inscri\u00e7\u00f5es ser\u00e1 publicada pelo NCD\/CCON\/PROGEP, ap\u00f3s o prazo de recurso, em at\u00e9 3 (tr\u00eas) dias \u00fateis.\r\n<p>\u00a75\u00b0Ap\u00f3s a homologa\u00e7\u00e3o das inscri\u00e7\u00f5es, o processo ser\u00e1 tramitado pelo NCD\/CCON\/PROGEP ao PPG para realiza\u00e7\u00e3o do processo seletivo.\r\n\r\n<p>Art. 10 A Comiss\u00e3o Examinadora da Sele\u00e7\u00e3o P\u00fablica ser\u00e1 nomeada por Portaria da Dire\u00e7\u00e3o da Unidade, ap\u00f3s indica\u00e7\u00e3o do Colegiado do PPG, conforme previsto no Art. 6\u00b0 e 7\u00b0 da <a href=\"https:\/\/www.ufsm.br\/pro-reitorias\/proplan\/resolucao-ufsm-n-173-2024\"><font color=\"blue\"><u>  Resolu\u00e7\u00e3o UFSM N. 173<\/u><\/font><\/a>.\r\n<p>\u00a71\u00b0 A Portaria da Comiss\u00e3o Examinadora ser\u00e1 enviada ao NCD\/CCON\/PROGEP para publica\u00e7\u00e3o na p\u00e1gina do Edital de Sele\u00e7\u00e3o P\u00fablica, no s\u00edtio da UFSM.\r\n<p>\u00a72\u00b0 Cada membro da Comiss\u00e3o Examinadora dever\u00e1 declarar, por escrito, que n\u00e3o se enquadra em nenhuma das situa\u00e7\u00f5es de impedimento previstas no Art. 7\u00ba da <a href=\"https:\/\/www.ufsm.br\/pro-reitorias\/proplan\/resolucao-ufsm-n-173-2024\"><font color=\"blue\"><u>  Resolu\u00e7\u00e3o UFSM N. 173<\/u><\/font><\/a>. As declara\u00e7\u00f5es assinadas dever\u00e3o ser inseridas no processo da Sele\u00e7\u00e3o P\u00fablica.\r\n<p>\u00a73\u00b0 Os candidatos ter\u00e3o at\u00e9 2 (dois) dias \u00fateis, ap\u00f3s a publica\u00e7\u00e3o da Portaria, para solicitar o impedimento de membro da Comiss\u00e3o Examinadora. A solicita\u00e7\u00e3o dever\u00e1 ser encaminhada atrav\u00e9s de processo eletr\u00f4nico (PEN-SIE\/UFSM) para o NCD\/CCON\/PROGEP, que encaminhar\u00e1 ao PPG que est\u00e1 realizando a Sele\u00e7\u00e3o P\u00fablica. \r\n\r\n<p>Art. 11 O Colegiado do PPG dever\u00e1 designar um(a) servidor(a) como secret\u00e1rio(a) da Sele\u00e7\u00e3o P\u00fablica, mediante ordem de servi\u00e7o.\r\n<p>\u00a71\u00b0 O(A) secret\u00e1rio(a) dever\u00e1 declarar, por escrito, que n\u00e3o se enquadra em nenhuma das situa\u00e7\u00f5es de impedimento previstas no Art. 7\u00b0 da <a href=\"https:\/\/www.ufsm.br\/pro-reitorias\/proplan\/resolucao-ufsm-n-173-2024\"><font color=\"blue\"><u>Resolu\u00e7\u00e3o UFSM N. 173\/2024<\/u><\/font><\/a>, sendo que a declara\u00e7\u00e3o assinada dever\u00e1 ser inserida no processo eletr\u00f4nico da sele\u00e7\u00e3o p\u00fablica.<\/p>\r\n\r\n<p>\u00a72 A ordem de servi\u00e7o dever\u00e1 ser enviada ao NCD\/CCON\/PROGEP para publica\u00e7\u00e3o na p\u00e1gina do Edital da Sele\u00e7\u00e3o P\u00fablica, e tamb\u00e9m, dever\u00e1 ser inserida no processo eletr\u00f4nico da Sele\u00e7\u00e3o P\u00fablica.\r\n\r\n<p>Art. 12 A Sele\u00e7\u00e3o P\u00fablica para Professor Visitante ocorrer\u00e1 de acordo com o disposto no Art. 3\u00ba da Resolu\u00e7\u00e3o UFSM N. 173\/2024, consistindo na an\u00e1lise do curriculum vitae, conforme Anexo I e Anexo II da referida Resolu\u00e7\u00e3o, de car\u00e1ter eliminat\u00f3rio, sendo que, a crit\u00e9rio da Comiss\u00e3o Examinadora, a escolha poder\u00e1 ser complementada por uma entrevista, observando-se o seguinte:\r\n<p>I \u2013 no caso de Professor Visitante Estrangeiro (PVE), a an\u00e1lise considerar\u00e1 o Quadro de Pontua\u00e7\u00e3o da Produ\u00e7\u00e3o constante no Anexo I da <a href=\"https:\/\/www.ufsm.br\/pro-reitorias\/proplan\/resolucao-ufsm-n-173-2024\"><font color=\"blue\"><u>  Resolu\u00e7\u00e3o UFSM N. 173\/2024<\/u><\/font><\/a>;\r\n<p>II \u2013 no caso de Professor Visitante Nacional (PVN), a an\u00e1lise considerar\u00e1 o Quadro de Pontua\u00e7\u00e3o da Produ\u00e7\u00e3o constante no Anexo II da <a href=\"https:\/\/www.ufsm.br\/pro-reitorias\/proplan\/resolucao-ufsm-n-173-2024\"><font color=\"blue\"><u>Resolu\u00e7\u00e3o UFSM N. 173\/2024<\/u><\/font><\/a>.<\/p>\r\n\r\n<p>III \u2013 se o PPG optar por realizar a entrevista, dever\u00e1 indicar isso ao encaminhar a solicita\u00e7\u00e3o de abertura do processo seletivo, conforme o Art. 8\u00ba, inciso I, desta Instru\u00e7\u00e3o Normativa;\r\n<p>IV \u2013 as entrevistas poder\u00e3o ser presenciais ou on-line, conforme definido pelo PPG respons\u00e1vel pela Sele\u00e7\u00e3o P\u00fablica e informado aos candidatos no documento de convoca\u00e7\u00e3o publicado na p\u00e1gina do processo seletivo, no s\u00edtio da UFSM.\r\n\r\n<p>Art. 13 A Comiss\u00e3o Examinadora atribuir\u00e1 a nota m\u00e1xima de 10 (dez) ao candidato que obtiver a maior pontua\u00e7\u00e3o no Anexo I, no caso de PVE, ou no Anexo II, no caso de PVN, sendo essa a pontua\u00e7\u00e3o de refer\u00eancia, e aos demais candidatos ser\u00e1 atribu\u00edda uma nota proporcional \u00e0 refer\u00eancia.\r\n\r\n<p>Art. 14 Quando o processo seletivo for constitu\u00eddo apenas da an\u00e1lise do Quadro de Pontua\u00e7\u00e3o da Produ\u00e7\u00e3o, esta etapa ter\u00e1 peso 10 (dez), sendo considerado eliminado o candidato que n\u00e3o obtiver a nota m\u00ednima de 7,0 (sete).\r\n\r\n<p>Art. 15 Quando o processo seletivo for constitu\u00eddo da an\u00e1lise do Quadro de Pontua\u00e7\u00e3o da Produ\u00e7\u00e3o e de uma entrevista, a pontua\u00e7\u00e3o consistir\u00e1 em: \r\n<p>I - Quadro de Pontua\u00e7\u00e3o da Produ\u00e7\u00e3o: peso 10 (dez), sendo considerado eliminado do processo seletivo o candidato que n\u00e3o obtiver a nota m\u00ednima de 7,0 (sete);\r\n<p>II - Entrevista: peso 1,0 (um), de car\u00e1ter apenas classificat\u00f3rio.\r\n\r\n<p>Art. 16 O resultado final da sele\u00e7\u00e3o ser\u00e1 divulgado em sess\u00e3o p\u00fablica, pela Comiss\u00e3o Examinadora, e enviado ao NCD\/CCON\/PROGEP para publica\u00e7\u00e3o na p\u00e1gina do edital, no s\u00edtio da UFSM.\r\n<p>\u00a71\u00b0 Os candidatos ter\u00e3o 3 (tr\u00eas) dias \u00fateis para solicitar c\u00f3pias de suas avalia\u00e7\u00f5es e pedir revis\u00e3o de suas notas, mediante processo eletr\u00f4nico de recurso (PEN-SIE\/UFSM), dirigido ao Coordenador do PPG.\r\n<p>\u00a72\u00b0 A Comiss\u00e3o Examinadora ter\u00e1 at\u00e9 3 (tr\u00eas) dias \u00fateis para an\u00e1lise e emiss\u00e3o de parecer referente ao recurso impetrado. \r\n<p>\u00a73\u00b0 A Comiss\u00e3o Examinadora dever\u00e1 inserir o parecer referente ao recurso do(a) candidato(a) no processo eletr\u00f4nico do recurso (PEN-SIE\/UFSM), e dar ci\u00eancia ao interessado mediante notifica\u00e7\u00e3o no processo eletr\u00f4nico.\r\n<p>\u00a74\u00b0 O resultado final definitivo, ap\u00f3s o prazo recursal, ser\u00e1 enviado pelo PPG ao NCD\/CCON\/PROGEP para publica\u00e7\u00e3o na p\u00e1gina do edital da Sele\u00e7\u00e3o P\u00fablica, no s\u00edtio da UFSM.\r\n\r\n<p>Art. 17 O resultado do processo seletivo simplificado ser\u00e1 homologado pelo Colegiado do PPG respons\u00e1vel pela sele\u00e7\u00e3o, pelo Conselho da Unidade de Ensino e pelo Conselho de Ensino, Pesquisa e Extens\u00e3o, para ap\u00f3s ser encaminhado ao NCD\/CCON\/PROGEP para provid\u00eancias cab\u00edveis.\r\n\r\n<p>Art. 18 Ap\u00f3s a homologa\u00e7\u00e3o do resultado do processo seletivo, o Programa de P\u00f3s-Gradua\u00e7\u00e3o interessado dever\u00e1 encaminhar \u00e0 Pr\u00f3-Reitoria de Gest\u00e3o de Pessoas a solicita\u00e7\u00e3o de contrata\u00e7\u00e3o do(a) professor(a) visitante aprovado(a), indicando a modalidade do contrato, seja ela h\u00edbrida ou exclusivamente presencial.\r\n\r\n<br>\r\n<p>DISPOSI\u00c7\u00d5ES FINAIS\r\n\r\n<p>Art. 19 Esta instru\u00e7\u00e3o normativa poder\u00e1 ser revisada e atualizada sempre que necess\u00e1rio, tanto em fun\u00e7\u00e3o de demandas internas quanto em conformidade com normativas aplic\u00e1veis.\r\n\r\n<p>Art. 20 A inobserv\u00e2ncia ao disposto nesta Instru\u00e7\u00e3o Normativa n\u00e3o constitui escusa v\u00e1lida para o descumprimento da norma nem resulta em sua invalidade.\r\n\r\n<p>Art. 21 Esta Instru\u00e7\u00e3o Normativa entra em vigor na data de sua assinatura, de acordo com o que prev\u00ea o \r\no art. 18 do <a href=\"https:\/\/www.planalto.gov.br\/ccivil_03\/_ato2023-2026\/2024\/decreto\/d12002.htm\"><font color=\"blue\"><u> Decreto n\u00b0 12.002, de 22 de abril de 2024<\/u><\/font><\/a>.<\/p>.\r\n\r\n<p>Par\u00e1grafo \u00fanico. Havendo qualquer modifica\u00e7\u00e3o legislativa, ou ainda, advindo qualquer situa\u00e7\u00e3o legal que impacte na legalidade da presente Instru\u00e7\u00e3o Normativa, a mesma se aplica de imediato.\r\n\r\n\r\n\r\n<br>\r\n<\/div>\r\n<p>Cristina Wayne Nogueira<\/p>\r\n<p>Pr\u00f3-Reitoria de P\u00f3s-Gradua\u00e7\u00e3o e Pesquisa\/UFSM<\/p>\r\n<br>\r\n\r\n<br>\r\n<\/div>\r\n<p>Frank Leonardo Casado<\/p>\r\n<p>Pr\u00f3-Reitoria de Gest\u00e3o de Pessoas\/UFSM<\/p>\r\n<br>\r\n\r\n<p><font color=\"red0000\">Este texto n\u00e3o substitui o documento original, publicado no Portal de Documentos.<\/font> Dispon\u00edvel em: <a href=\"https:\/\/portal.ufsm.br\/documentos\/publico\/documento.html?id=15267770\"><font color=\"blue\"> https:\/\/portal.ufsm.br\/documentos\/publico\/documento.html?id=15267770<\/font><\/a>\r\n\r\n\t\t<\/div>\n\t\t\t\t<\/div>\n\t\t\t\t\t<\/div>\n\t\t<\/div>\n\t\t\t\t\t<\/div>\n\t\t<\/section>\n\t\t\t\t<\/div>\n\t\t","protected":false},"excerpt":{"rendered":"<p>INSTRU\u00c7\u00c3O NORMATIVA UFSM N\u00b0 009, DE 04 DE NOVEMBRO DE 2024 MINIST\u00c9RIO DA EDUCA\u00c7\u00c3O UNIVERSIDADE FEDERAL DE SANTA MARIA PR\u00d3-REITORIA DE P\u00d3S-GRADUA\u00c7\u00c3O E PESQUISA INSTRU\u00c7\u00c3O NORMATIVA CONJUNTA PRPGP-PROGEP\/UFSM N. 01, DE 22 DE NOVEMBRO DE 2024 Estabelece procedimentos para a contrata\u00e7\u00e3o por tempo determinado de Professor Visitante Nacional (PVN) e Professor Visitante Estrangeiro (PVE) na [&hellip;]<\/p>\n","protected":false},"author":6742,"featured_media":0,"parent":0,"menu_order":0,"comment_status":"closed","ping_status":"closed","template":"","meta":{"footnotes":""},"categories":[],"tags":[],"class_list":["post-6245","page","type-page","status-publish","hentry"],"acf":[],"_links":{"self":[{"href":"https:\/\/www.ufsm.br\/pro-reitorias\/proplan\/wp-json\/wp\/v2\/pages\/6245","targetHints":{"allow":["GET"]}}],"collection":[{"href":"https:\/\/www.ufsm.br\/pro-reitorias\/proplan\/wp-json\/wp\/v2\/pages"}],"about":[{"href":"https:\/\/www.ufsm.br\/pro-reitorias\/proplan\/wp-json\/wp\/v2\/types\/page"}],"author":[{"embeddable":true,"href":"https:\/\/www.ufsm.br\/pro-reitorias\/proplan\/wp-json\/wp\/v2\/users\/6742"}],"replies":[{"embeddable":true,"href":"https:\/\/www.ufsm.br\/pro-reitorias\/proplan\/wp-json\/wp\/v2\/comments?post=6245"}],"version-history":[{"count":0,"href":"https:\/\/www.ufsm.br\/pro-reitorias\/proplan\/wp-json\/wp\/v2\/pages\/6245\/revisions"}],"wp:attachment":[{"href":"https:\/\/www.ufsm.br\/pro-reitorias\/proplan\/wp-json\/wp\/v2\/media?parent=6245"}],"wp:term":[{"taxonomy":"category","embeddable":true,"href":"https:\/\/www.ufsm.br\/pro-reitorias\/proplan\/wp-json\/wp\/v2\/categories?post=6245"},{"taxonomy":"post_tag","embeddable":true,"href":"https:\/\/www.ufsm.br\/pro-reitorias\/proplan\/wp-json\/wp\/v2\/tags?post=6245"}],"curies":[{"name":"wp","href":"https:\/\/api.w.org\/{rel}","templated":true}]}}