{"id":6250,"date":"2024-11-26T13:50:08","date_gmt":"2024-11-26T16:50:08","guid":{"rendered":"https:\/\/www.ufsm.br\/pro-reitorias\/proplan\/?page_id=6250"},"modified":"2025-08-19T09:24:38","modified_gmt":"2025-08-19T12:24:38","slug":"resolucao-ufsm-n-181-2024","status":"publish","type":"page","link":"https:\/\/www.ufsm.br\/pro-reitorias\/proplan\/resolucao-ufsm-n-181-2024","title":{"rendered":"RESOLU\u00c7\u00c3O UFSM N\u00b0 181\/2024"},"content":{"rendered":"\t\t<div data-elementor-type=\"wp-page\" data-elementor-id=\"6250\" class=\"elementor elementor-6250\">\n\t\t\t\t\t\t<section class=\"elementor-section elementor-top-section elementor-element elementor-element-06e225b elementor-section-boxed elementor-section-height-default elementor-section-height-default\" data-id=\"06e225b\" data-element_type=\"section\">\n\t\t\t\t\t\t<div class=\"elementor-container elementor-column-gap-default\">\n\t\t\t\t\t<div class=\"elementor-column elementor-col-100 elementor-top-column elementor-element elementor-element-fbffba5\" data-id=\"fbffba5\" data-element_type=\"column\">\n\t\t\t<div class=\"elementor-widget-wrap elementor-element-populated\">\n\t\t\t\t\t\t<div class=\"elementor-element elementor-element-3f8700f elementor-widget elementor-widget-html\" data-id=\"3f8700f\" data-element_type=\"widget\" data-widget_type=\"html.default\">\n\t\t\t\t<div class=\"elementor-widget-container\">\n\t\t\t\r\n\r\n\r\n<title><b>RESOLU\u00c7\u00c3O UFSM N\u00b0 181, DE 22 DE NOVEMBRO DE 2024<\/b><\/title>\r\n\r\n\r\n<div align=\"center\"><img decoding=\"async\" src=\"https:\/\/www.ufsm.br\/pro-reitorias\/proplan\/wp-content\/uploads\/sites\/344\/2019\/09\/brasao-da-republica-do-brasil-logo.png\" alt=\"Bras\u00e3o Rep\u00fablica Federativa do Brasil\" width=\"6%\" height=\"6%\"><\/div>\r\n\r\n<h1><font color=\"blue\"><font size=\"5\"><div align=\"center\">MINIST\u00c9RIO DA EDUCA\u00c7\u00c3O<\/div><\/font><\/font><\/H1>\r\n<p><b><font color=\"0000blue\"><div align=\"center\">UNIVERSIDADE FEDERAL DE SANTA MARIA<\/b><\/div><\/font><\/p>\r\n<p><div align=\"center\"><b><a href=\"https:\/\/portal.ufsm.br\/documentos\/publico\/documento.html?id=15270767\" target=\"_blank\"><font color=\"blue\">RESOLU\u00c7\u00c3O UFSM N\u00b0 181, DE 22 DE NOVEMBRO DE 2024<\/font><\/a><\/b><\/div><\/p>\r\n<br>\r\n\r\n\r\n<font color=\"black\">\r\n\r\n<p style=\"margin-left: 9cm;text-align: justify;color: #800000\">Or\u00e7a a Receita e fixa a Despesa da Universidade Federal de Santa Maria para o Exerc\u00edcio Financeiro de 2024.\r\n<\/p>\r\n\r\n\r\n\r\n\r\n<br><div align=\"justify\"><font color=\"black\">\r\n<p>\r\nO REITOR DA UNIVERSIDADE FEDERAL DE SANTA MARIA, no uso de suas atribui\u00e7\u00f5es legais que lhe confere o art. 30 do <a href=\"https:\/\/www.ufsm.br\/pro-reitorias\/proplan\/estatuto-ufsm-2010\" target=\"_blank\"><font color=\"blue\"><u>Estatuto da Universidade Federal de Santa Maria<\/u><\/font><\/a> com as adequa\u00e7\u00f5es aprovadas pela <a href=\"https:\/\/www.ufsm.br\/pro-reitorias\/proplan\/resolucao-n-037-2010\" target=\"_blank\"><font color=\"blue\"><u>Resolu\u00e7\u00e3o UFSM n\u00b0 037, de 30 de novembro de 2010<\/u><\/font><\/a>, aprovado pela <a href=\"https:\/\/www.ufsm.br\/app\/uploads\/2018\/08\/Estatuto-da-UFSM.pdf\" target=\"_blank\"><font color=\"blue\"><u>Portaria n\u00b0 156, de 12 de mar\u00e7o de 2014<\/u><\/font><\/a>, e publicado no Di\u00e1rio Oficial da Uni\u00e3o em 13 de mar\u00e7o de 2014, tendo em vista a <a href=\"https:\/\/www.planalto.gov.br\/ccivil_03\/_ato2023-2026\/2024\/lei\/L14822.htm\" target=\"_blank\"><font color=\"blue\"><u>Lei n\u00b0 14.822, de 22 de janeiro de 2024<\/u><\/font><\/a>, que estima a receita e fixa a despesa da Uni\u00e3o para o exerc\u00edcio financeiro de 2024, a <a href=\"https:\/\/www.planalto.gov.br\/ccivil_03\/_ato2023-2026\/2023\/lei\/l14791.htm\" target=\"_blank\"><font color=\"blue\"><u>Lei n\u00b0 14.791, de 29 de Dezembro de 2023<\/u><\/font><\/a>, que disp\u00f5e sobre as diretrizes para a elabora\u00e7\u00e3o e a execu\u00e7\u00e3o da Lei Or\u00e7ament\u00e1ria de 2024 e d\u00e1 outras provid\u00eancias, o <a href=\"https:\/\/www.planalto.gov.br\/ccivil_03\/_ato2023-2026\/2024\/decreto\/d11927.htm\" target=\"_blank\"><font color=\"blue\"><u>Decreto n\u00b0 11.927, de 22 de Fevereiro de 2024<\/u><\/font><\/a>, que disp\u00f5e sobre a programa\u00e7\u00e3o or\u00e7ament\u00e1ria e financeira, estabelece o cronograma de execu\u00e7\u00e3o mensal de desembolso do Poder Executivo federal para o exerc\u00edcio de 2024 e d\u00e1 outras provid\u00eancias, e o que consta no Processo n\u00b0 <a href=\"https:\/\/portal.ufsm.br\/documentos\/publico\/processo\/documento.html?idDocumento=15230042\" target=\"_blank\"><font color=\"blue\"><u>23081.128922\/2024-17<\/u><\/font><\/a>, resolve:\r\n<\/p>\r\n<br>\r\n\r\n<p>\r\n<p>Art. 1\u00b0  Or\u00e7ar a Receita e fixar a Despesa da Universidade Federal de Santa Maria para o Exerc\u00edcio Financeiro de 2024.\r\n<br>\r\n<p>Art. 2\u00b0  Fica aprovado o Or\u00e7amento da Universidade Federal de Santa Maria, para o exerc\u00edcio financeiro de 2024.\r\n<br>\r\n<p>Art. 3\u00b0  A Receita \u00e9 estimada em R$ 1.675.447.819,00 (Um bilh\u00e3o, seiscentos e setenta e cinco milh\u00f5es, quatrocentos e quarenta e sete mil, oitocentos e dezenove reais).\r\n<p>\u00a7 1\u00b0  A Receita estimada para a Unidade Or\u00e7ament\u00e1ria denominado Universidade Federal de Santa Maria (UO 26247) \u00e9 de R$ 1.456.541.644,00 (Um bilh\u00e3o, quatrocentos e cinquenta e seis milh\u00f5es, quinhentos e quarenta e um mil, seiscentos e quarenta e quatro reais).\r\n<p>\u00a7 2\u00b0  A Receita estimada para a Unidade Or\u00e7ament\u00e1ria denominado Hospital Universit\u00e1rio de Santa Maria (UO 26387) \u00e9 de R$ 218.906.175,00 (Duzentos e dezoito milh\u00f5es, novecentos e seis mil, cento e setenta e cinco reais).\r\n<br>\r\n\r\n<p>Art. 4\u00b0  A despesa \u00e9 fixada em R$ em R$ 1.675.447.819,00 (Um bilh\u00e3o, seiscentos e setenta e cinco milh\u00f5es, quatrocentos e quarenta e sete mil, oitocentos e dezenove reais), com a seguinte classifica\u00e7\u00e3o, de acordo com as especifica\u00e7\u00f5es constantes nos respectivos quadros que fazem parte do Or\u00e7amento:\r\n<p>I \u2013 Despesas Correntes:\r\n<p>a) UO 26247 \u2013 UFSM - Pessoal e Encargos Sociais: R$ 1.297.422.252,00 (Um bilh\u00e3o, duzentos e noventa e sete milh\u00f5es, quatrocentos e vinte e dois mil, duzentos e cinquenta e dois reais);\r\n<p>b) UO 26387 \u2013 HUSM \u2013 Pessoal e Encargos Sociais: R$ 218.906.175,00 (Duzentos e dezoito milh\u00f5es, novecentos e seis mil, cento e setenta e cinco reais); e\r\n<p>c) UO 26247 \u2013 UFSM \u2013 Outras Despesas Correntes: R$ 159.119.392,00 (Cento e cinquenta e nove milh\u00f5es, cento e dezenove mil, trezentos e noventa e dois reais).\r\n<p>II \u2013 Despesas de Capital:\r\n<p>a) UO 26247 \u2013 Investimentos: R$ 1.200.001,00 (Um milh\u00e3o, duzentos mil e um reais).\r\n<br>\r\n\r\n<p>Art. 5\u00b0  Receitas e Despesas delegadas \u00e0s Funda\u00e7\u00f5es de Apoio com projetos ativos relacionados \u00e0 Inova\u00e7\u00e3o no valor estimado de R$ 4.413.979,97 (Quatro milh\u00f5es, quatrocentos e treze mil, novecentos e setenta e nove reais e noventa e sete centavos).\r\n<p>\u00a7 1\u00b0  Despesas destinadas a gest\u00e3o pr\u00f3pria da pol\u00edtica de inova\u00e7\u00e3o por meio de Projeto de Desenvolvimento Institucional e \u00e0 promo\u00e7\u00e3o da pol\u00edtica de inova\u00e7\u00e3o por meio de editais institucionais.\r\n<p>\u00a7 2\u00b0  As Receitas e Despesas previstas neste artigo referem-se aquelas previstas no art. 19 da <a href=\"www.ufsm.br\/pro-reitorias\/proplan\/resolucao-ufsm-n-044-2021\" target=\"_blank\"><font color=\"blue\"><u>Resolu\u00e7\u00e3o UFSM n\u00b0 44\/2021<\/u><\/font><\/a>.\r\n<p>\u00a7 3\u00b0  A distribui\u00e7\u00e3o obedecer\u00e1 ao disposto nos anexos da presente Resolu\u00e7\u00e3o.\r\n<br>\r\n\r\n<p>Art. 6\u00b0  Fica o Reitor autorizado a:\r\n<p>I \u2013 abrir cr\u00e9dito para atendimento das solicita\u00e7\u00f5es das Unidades Gestoras de recursos, tendo como base o Anexo I desta Resolu\u00e7\u00e3o;\r\n<p>II \u2013 abrir cr\u00e9dito para refor\u00e7o das dota\u00e7\u00f5es \u00e0 conta de Recursos Pr\u00f3prios, com a utiliza\u00e7\u00e3o do excesso de arrecada\u00e7\u00e3o;\r\n<p>III \u2013 abrir cr\u00e9ditos para inclus\u00e3o de recursos decorrentes de conv\u00eanios, aux\u00edlios e emendas em estrita observ\u00e2ncia aos objetivos e planos de aplica\u00e7\u00e3o, estabelecidos no instrumento firmado; e\r\n<p>IV \u2013 adotar medidas necess\u00e1rias para ajustar os disp\u00eandios programados no Or\u00e7amento ao efetivo comportamento da Receita.\r\n<p>Par\u00e1grafo \u00fanico.  Para assegurar a efici\u00eancia na aplica\u00e7\u00e3o dos recursos, \u00e9 facultado o uso de portarias normativas e instru\u00e7\u00f5es normativas, nos termos da <a href=\"https:\/\/www.ufsm.br\/pro-reitorias\/proplan\/resolucao-ufsm-n-054-2021\" target=\"_blank\"><font color=\"blue\"><u> Resolu\u00e7\u00e3o UFSM n\u00b0 054\/2021<\/u><\/font><\/a>.\r\n<br>\r\n\r\n<p>Art.7\u00b0  A inobserv\u00e2ncia ao disposto nesta Resolu\u00e7\u00e3o n\u00e3o constitui escusa v\u00e1lida para o descumprimento da norma nem resulta em sua invalidade.\r\n<p>Art. 8\u00b0  Esta Resolu\u00e7\u00e3o entra em vigor na data de sua publica\u00e7\u00e3o, de acordo com o que prev\u00ea o<a href=\"https:\/\/www.planalto.gov.br\/ccivil_03\/_ato2023-2026\/2024\/decreto\/D12002.htm\" target=\"_blank\"><font color=\"blue\"><u> Decreto n\u00b0 12.002, de 22 de abril de 2024<\/u><\/font><\/a>, art. 18, inciso IV.\r\n<p>Par\u00e1grafo \u00fanico.  Havendo qualquer modifica\u00e7\u00e3o legislativa, ou ainda, havendo qualquer situa\u00e7\u00e3o legal que impacte na legalidade da presente Resolu\u00e7\u00e3o, a mesma se aplica de imediato.\r\n<br>\r\n\r\n\r\n<br>\r\n<p>Luciano Schuch<\/p>\r\n<p>Reitor<\/p>\r\n<br>\r\n\r\n<p><font color=\"red0000\">Este texto n\u00e3o substitui o documento original, publicado no Portal de Documentos.<\/font> Dispon\u00edvel em: <a href=\"https:\/\/portal.ufsm.br\/documentos\/publico\/documento.html?id=15270767\" target=\"_blank\"><font color=\"blue\">https:\/\/portal.ufsm.br\/documentos\/publico\/documento.html?id=15270767<\/font><\/a><\/p>\t\t<\/div>\n\t\t\t\t<\/div>\n\t\t\t\t\t<\/div>\n\t\t<\/div>\n\t\t\t\t\t<\/div>\n\t\t<\/section>\n\t\t\t\t<\/div>\n\t\t","protected":false},"excerpt":{"rendered":"<p>RESOLU\u00c7\u00c3O UFSM N\u00b0 181, DE 22 DE NOVEMBRO DE 2024 MINIST\u00c9RIO DA EDUCA\u00c7\u00c3O UNIVERSIDADE FEDERAL DE SANTA MARIA RESOLU\u00c7\u00c3O UFSM N\u00b0 181, DE 22 DE NOVEMBRO DE 2024 Or\u00e7a a Receita e fixa a Despesa da Universidade Federal de Santa Maria para o Exerc\u00edcio Financeiro de 2024. O REITOR DA UNIVERSIDADE FEDERAL DE SANTA MARIA, [&hellip;]<\/p>\n","protected":false},"author":6742,"featured_media":0,"parent":0,"menu_order":0,"comment_status":"closed","ping_status":"closed","template":"","meta":{"footnotes":""},"categories":[],"tags":[],"class_list":["post-6250","page","type-page","status-publish","hentry"],"acf":[],"_links":{"self":[{"href":"https:\/\/www.ufsm.br\/pro-reitorias\/proplan\/wp-json\/wp\/v2\/pages\/6250","targetHints":{"allow":["GET"]}}],"collection":[{"href":"https:\/\/www.ufsm.br\/pro-reitorias\/proplan\/wp-json\/wp\/v2\/pages"}],"about":[{"href":"https:\/\/www.ufsm.br\/pro-reitorias\/proplan\/wp-json\/wp\/v2\/types\/page"}],"author":[{"embeddable":true,"href":"https:\/\/www.ufsm.br\/pro-reitorias\/proplan\/wp-json\/wp\/v2\/users\/6742"}],"replies":[{"embeddable":true,"href":"https:\/\/www.ufsm.br\/pro-reitorias\/proplan\/wp-json\/wp\/v2\/comments?post=6250"}],"version-history":[{"count":0,"href":"https:\/\/www.ufsm.br\/pro-reitorias\/proplan\/wp-json\/wp\/v2\/pages\/6250\/revisions"}],"wp:attachment":[{"href":"https:\/\/www.ufsm.br\/pro-reitorias\/proplan\/wp-json\/wp\/v2\/media?parent=6250"}],"wp:term":[{"taxonomy":"category","embeddable":true,"href":"https:\/\/www.ufsm.br\/pro-reitorias\/proplan\/wp-json\/wp\/v2\/categories?post=6250"},{"taxonomy":"post_tag","embeddable":true,"href":"https:\/\/www.ufsm.br\/pro-reitorias\/proplan\/wp-json\/wp\/v2\/tags?post=6250"}],"curies":[{"name":"wp","href":"https:\/\/api.w.org\/{rel}","templated":true}]}}