{"id":6361,"date":"2024-12-26T10:54:49","date_gmt":"2024-12-26T13:54:49","guid":{"rendered":"https:\/\/www.ufsm.br\/pro-reitorias\/proplan\/?page_id=6361"},"modified":"2025-08-20T10:59:08","modified_gmt":"2025-08-20T13:59:08","slug":"resolucao-ufsm-n-188-2024","status":"publish","type":"page","link":"https:\/\/www.ufsm.br\/pro-reitorias\/proplan\/resolucao-ufsm-n-188-2024","title":{"rendered":"RESOLU\u00c7\u00c3O UFSM N\u00b0 188\/2024"},"content":{"rendered":"\t\t<div data-elementor-type=\"wp-page\" data-elementor-id=\"6361\" class=\"elementor elementor-6361\">\n\t\t\t\t\t\t<section class=\"elementor-section elementor-top-section elementor-element elementor-element-11340f5c elementor-section-boxed elementor-section-height-default elementor-section-height-default\" data-id=\"11340f5c\" data-element_type=\"section\">\n\t\t\t\t\t\t<div class=\"elementor-container elementor-column-gap-default\">\n\t\t\t\t\t<div class=\"elementor-column elementor-col-100 elementor-top-column elementor-element elementor-element-21cd9226\" data-id=\"21cd9226\" data-element_type=\"column\">\n\t\t\t<div class=\"elementor-widget-wrap elementor-element-populated\">\n\t\t\t\t\t\t<div class=\"elementor-element elementor-element-3468a46a elementor-widget elementor-widget-text-editor\" data-id=\"3468a46a\" data-element_type=\"widget\" data-widget_type=\"text-editor.default\">\n\t\t\t\t<div class=\"elementor-widget-container\">\n\t\t\t\t\t\t\t<!-- wp:tadv\/classic-paragraph \/-->\t\t\t\t\t\t<\/div>\n\t\t\t\t<\/div>\n\t\t\t\t\t<\/div>\n\t\t<\/div>\n\t\t\t\t\t<\/div>\n\t\t<\/section>\n\t\t\t\t<section class=\"elementor-section elementor-top-section elementor-element elementor-element-587f7f9 elementor-section-boxed elementor-section-height-default elementor-section-height-default\" data-id=\"587f7f9\" data-element_type=\"section\">\n\t\t\t\t\t\t<div class=\"elementor-container elementor-column-gap-default\">\n\t\t\t\t\t<div class=\"elementor-column elementor-col-100 elementor-top-column elementor-element elementor-element-8db4d9b\" data-id=\"8db4d9b\" data-element_type=\"column\">\n\t\t\t<div class=\"elementor-widget-wrap elementor-element-populated\">\n\t\t\t\t\t\t<div class=\"elementor-element elementor-element-16d8798 elementor-widget elementor-widget-html\" data-id=\"16d8798\" data-element_type=\"widget\" data-widget_type=\"html.default\">\n\t\t\t\t<div class=\"elementor-widget-container\">\n\t\t\t\r\n\r\n<!-- Cabe\u00e7alho -->\r\n\r\n<div align=\"center\">\r\n<img decoding=\"async\" src=\"https:\/\/www.ufsm.br\/pro-reitorias\/proplan\/wp-content\/uploads\/sites\/344\/2019\/09\/brasao-da-republica-do-brasil-logo.png\" alt=\"Bras\u00e3o Rep\u00fablica Federativa do Brasil\" width=\"6%\" height=\"6%\">\r\n<\/div>\r\n\r\n<h1>\r\n<font color=\"blue\">\r\n<font size=\"5\">\r\n<div align=\"center\">MINIST\u00c9RIO DA EDUCA\u00c7\u00c3O\r\n<\/div>\r\n<\/font>\r\n<\/font>\r\n<\/h1>\r\n\r\n<p>\r\n<b>\r\n<font color=\"0000blue\">\r\n<div align=\"center\">UNIVERSIDADE FEDERAL DE SANTA MARIA\r\n<\/b>\r\n<\/div>\r\n<\/font>\r\n<\/p>\r\n\r\n<p>\r\n<div align=\"center\">\r\n<b>\r\n<a href=\"https:\/\/portal.ufsm.br\/documentos\/publico\/documento.html?id=13976381\" target=\"_blank\">\r\n<font color=\"blue\">RESOLU\u00c7\u00c3O UFSM N\u00b0 188, DE 23 DE DEZEMBRO DE 2024\r\n<\/font>\r\n<\/a>\r\n<\/b>\r\n<\/div>\r\n<\/p>\r\n\r\n<br>\r\n\r\n\r\n\r\n<!-- Ementa -->\r\n\r\n<p style=\"margin-left: 9cm;text-align: justify;color: #800000\">Aprova a cria\u00e7\u00e3o do Curso de \u201cServi\u00e7o Social e Pol\u00edticas P\u00fablicas\u201d, em n\u00edvel de mestrado acad\u00eamico, do Centro de Ci\u00eancias Sociais e Humanas (CCSH) da Universidade Federal de Santa Maria (UFSM).\r\n<\/p>\r\n\r\n\r\n<!-- Normativo -->\r\n\r\n<div align=\"justify\"> \r\n<div>\r\n<br>\r\n<\/div>\r\n<div>\r\n<p class=\"MsoNormal\">A VICE-REITORA\r\nDA UNIVERSIDADE FEDERAL DE SANTA MARIA, no uso de suas atribui\u00e7\u00f5es legais que\r\nlhe confere o art. 24 do Estatuto da Universidade Federal de Santa Maria com as\r\nadequa\u00e7\u00f5es aprovadas pela \r\n<a href=\"https:\/\/www.ufsm.br\/pro-reitorias\/proplan\/resolucao-n-037-2010\" style=\"text-decoration: none\">\r\n<font color=\"blue\">\r\n<u>Resolu\u00e7\u00e3o UFSM n\u00b0 037, de 30 de novembro de 2010<\/u><\/font><\/a>, aprovado pela Portaria n\u00b0 156, de 12 de mar\u00e7o de 2014, e publicado no Di\u00e1rio\r\nOficial da Uni\u00e3o em 13 de mar\u00e7o de 2014, tendo em vista a \r\n<a href=\"https:\/\/www.in.gov.br\/web\/dou\/-\/portaria-n-2.149-de-26-de-dezembro-de-2023-533847857\" style=\"text-decoration: none\">\r\n<font color=\"blue\">\r\n<u>Portaria MEC n\u00b0\r\n2.149, de 27 de dezembro de 2023<\/u><\/font><\/a>, que homologa o \r\n<a href=\"http:\/\/portal.mec.gov.br\/docman\/dezembro-2023-pdf\/254041-sum012-23\/file\" style=\"text-decoration: none\">\r\n<font color=\"blue\">\r\n<u>Parecer CNE\/CES n\u00b0 915\/2023<\/u><\/font><\/a>,\r\naprovado na reuni\u00e3o ordin\u00e1ria do Conselho Nacional de Educa\u00e7\u00e3o, em dezembro de\r\n2023, e publicado no Di\u00e1rio Oficial da Uni\u00e3o em 15 de dezembro de 2023, a \r\n<a href=\"https:\/\/www.ufsm.br\/pro-reitorias\/proplan\/resolucao-ufsm-n-139-2023\" style=\"text-decoration: none\">\r\n<font color=\"blue\">\r\n<u>Resolu\u00e7\u00e3o UFSM n\u00b0 139, de 29 de agosto de 2023<\/u><\/font><\/a>, a\r\n\r\n<span style=\"color:black;background:white\">\r\n<\/span>\r\n<a href=\"https:\/\/www.ufsm.br\/pro-reitorias\/proplan\/resolucao-ufsm-n-076-2022\" style=\"text-decoration: none\">\r\n<font color=\"blue\">\r\n<u>Resolu\u00e7\u00e3o\r\nUFSM n\u00b0 076, de 31 de janeiro de 2022<\/u><\/font><\/a><span style=\"color:black;background:white\">, <\/span>e o que consta no Processo n\u00b0\r\n<a href=\"https:\/\/portal.ufsm.br\/documentos\/publico\/documento.html?id=15310863\" style=\"text-decoration: none\">\r\n<font color=\"blue\">\r\n<u> 23081.012158\/2022-99\r\n<\/u>\r\n<\/font>\r\n<\/a>,\r\nresolve:\r\n\r\n\r\n<\/p>\r\n\r\n\r\n<p class=\"MsoNormal\">\r\n&nbsp;\r\n\r\n<\/p>\r\n\r\n\r\n<p class=\"MsoNormal\">Art. 1\u00b0 &nbsp;Aprovar\r\na cria\u00e7\u00e3o do Curso de \u201cServi\u00e7o Social e Pol\u00edticas P\u00fablicas\u201d, em n\u00edvel de mestrado\r\nacad\u00eamico, do Centro de Ci\u00eancias Sociais e Humanas (CCSH) da Universidade\r\nFederal de Santa Maria (UFSM). \r\n\r\n\r\n<\/p>\r\n\r\n\r\n<p class=\"MsoNormal\">Par\u00e1grafo \u00fanico.&nbsp; Fica\r\natribu\u00eddo o encargo de Coordena\u00e7\u00e3o do Curso de Servi\u00e7o Social e Pol\u00edticas\r\nP\u00fablicas ao(\u00e0) Diretor(a) do Centro de\r\nCi\u00eancias Sociais e Humanas (CCSH) da Universidade Federal de Santa Maria\r\n(UFSM).\r\n\r\n\r\n<\/p>\r\n\r\n\r\n<p class=\"MsoNormal\">Art. 2\u00b0 &nbsp;O\r\nArtigo 6\u00b0 da&nbsp;\r\n<span style=\"color:black;background:white\">\r\n<a href=\"https:\/\/www.ufsm.br\/pro-reitorias\/proplan\/resolucao-ufsm-n-076-2022\">\r\n<font color=\"blue\">\r\n<u>Resolu\u00e7\u00e3o UFSM n\u00b0 076,  de 31 de janeiro de 2022<\/u><\/font><\/a><\/span>,\r\npassa a vigorar com a seguinte reda\u00e7\u00e3o:\r\n\r\n\r\n<\/p>\r\n\r\n\r\n<p class=\"MsoNormal\">\r\n&nbsp;\r\n\r\n<\/p>\r\n\r\n\r\n<p style=\"margin-left: 2.5cm\">\u201c(...)\r\n\r\n\r\n<\/p>\r\n\r\n\r\n<p style=\"margin-left: 2.5cm\">Art. 6\u00b0 \r\n<span style=\"color:black;background:white\">&nbsp;Os cursos de P\u00f3s-Gradua\u00e7\u00e3o, com situa\u00e7\u00e3o \u201cem\r\natividade\u201d, do Centro de Ci\u00eancias Sociais e Humanas (CCSH), s\u00e3o:\r\n<\/span>\r\n<span style=\"background:white\">\r\n\r\n\r\n<\/span>\r\n<\/p>\r\n\r\n\r\n<p class=\"MsoNormal\">\r\n<p style=\"margin-left: 2.5cm\">(...)\r\n<\/span>\r\n<span style=\"background:white\">\r\n\r\n\r\n<\/span>\r\n<\/p>\r\n\r\n\r\n<p style=\"margin-left: 2.5cm\">XX - Psicologia, em n\u00edveis de Mestrado e Doutorado Acad\u00eamico; \r\n\r\n\r\n<\/p>\r\n\r\n\r\n<p style=\"margin-left: 2.5cm\">XXI - Rela\u00e7\u00f5es Internacionais, em n\u00edvel de Mestrado Acad\u00eamico; e\r\n\r\n\r\n<\/p>\r\n\r\n\r\n<p style=\"margin-left: 2.5cm\">XXII\r\n<span style=\",sans-serif;color:black;background:white\">- \r\n<\/span>Servi\u00e7o Social\r\ne Pol\u00edticas P\u00fablicas\r\n<span style=\"color:black;background:white\">, em n\u00edvel de Mestrado Acad\u00eamico.\r\n<\/span>\r\n<span style=\"background:white\">\r\n\r\n\r\n<\/span>\r\n<\/p>\r\n\r\n\r\n<p class=\"MsoNormal\">\r\n<p style=\"margin-left: 2.5cm\">(...)\u201d\r\n<\/span>\r\n<span style=\"background:white\">\r\n\r\n\r\n<\/span>\r\n<\/p>\r\n\r\n\r\n<p class=\"MsoNormal\">\r\n<p style=\"margin-left: 2.5cm\">(NR)\r\n<\/span>\r\n<span style=\"background:white\">\r\n\r\n\r\n<\/span>\r\n<\/p>\r\n\r\n\r\n<p class=\"MsoNormal\">\r\n&nbsp;\r\n\r\n<\/p>\r\n\r\n\r\n<p class=\"MsoNormal\">Art. 3\u00b0 &nbsp;Caber\u00e1:\r\n\r\n\r\n<\/p>\r\n\r\n\r\n<p class=\"MsoNormal\">I - \u00e0 Coordenadoria de Planejamento Administrativo (COPLAD-PROPLAN)\r\nproceder \u00e0s altera\u00e7\u00f5es nos Sistemas de Estruturantes da Institui\u00e7\u00e3o; e\r\n\r\n\r\n<\/p>\r\n\r\n\r\n<p class=\"MsoNormal\">II - \u00e0 Pr\u00f3-Reitoria de P\u00f3s-Gradua\u00e7\u00e3o e Pesquisa (PRPGP) os ajustes\r\nacad\u00eamicos necess\u00e1rios.\r\n\r\n\r\n<\/p>\r\n\r\n\r\n<p class=\"MsoNormal\">Art. 4\u00b0&nbsp; A\r\ninobserv\u00e2ncia ao disposto nesta Resolu\u00e7\u00e3o n\u00e3o constitui escusa v\u00e1lida para o\r\ndescumprimento da norma nem resulta em sua invalidade.\r\n\r\n\r\n<\/p>\r\n\r\n\r\n<p class=\"MsoNormal\">Art. 5\u00b0&nbsp; Esta\r\nResolu\u00e7\u00e3o entra em vigor na data de sua publica\u00e7\u00e3o, de acordo com o que prev\u00ea o\r\n\r\n<a href=\"https:\/\/www.planalto.gov.br\/ccivil_03\/_ato2023-2026\/2024\/decreto\/d12002.htm\" style=\"text-decoration: none\">\r\n<font color=\"blue\">\r\n<u>Decreto n\u00b0 12.002, de 22 de abril de 2024<\/u><\/font><\/a>, art. 18, inciso IV.\r\n\r\n\r\n<\/p>\r\n\r\n\r\n<p class=\"MsoNormal\">Par\u00e1grafo \u00fanico. &nbsp;Na ocorr\u00eancia de\r\nmodifica\u00e7\u00f5es legislativas ou situa\u00e7\u00f5es legais que afetem a validade desta\r\nResolu\u00e7\u00e3o, as novas disposi\u00e7\u00f5es ser\u00e3o aplicadas imediatamente.\r\n\r\n\r\n<\/p>\r\n<\/div>\r\n<\/div>\r\n<br>\r\n<div>Martha Bohrer Adaime\r\n<\/div>\r\n\r\n<div>Vice-Reitora\r\n<\/div>\r\n<br>\r\n\r\n<!-- Modifica\u00e7\u00e3o para a Publica\u00e7\u00e3o Original -->\r\n\r\n<p>\r\n<font color=\"red\">Este texto n\u00e3o substitui o documento original, publicado no Portal de Documentos.\r\n<\/font>\r\nDispon\u00edvel em: \r\n<a href=\"https:\/\/portal.ufsm.br\/documentos\/publico\/documento.html?id=13976381\" target=\"_blank\">\r\n<font color=\"blue\">\r\nhttps:\/\/portal.ufsm.br\/documentos\/publico\/documento.html?id=13976381\r\n<\/font>\r\n<\/a>\r\n<\/p>\r\n\t\t<\/div>\n\t\t\t\t<\/div>\n\t\t\t\t\t<\/div>\n\t\t<\/div>\n\t\t\t\t\t<\/div>\n\t\t<\/section>\n\t\t\t\t<\/div>\n\t\t","protected":false},"excerpt":{"rendered":"<p>MINIST\u00c9RIO DA EDUCA\u00c7\u00c3O UNIVERSIDADE FEDERAL DE SANTA MARIA RESOLU\u00c7\u00c3O UFSM N\u00b0 188, DE 23 DE DEZEMBRO DE 2024 Aprova a cria\u00e7\u00e3o do Curso de \u201cServi\u00e7o Social e Pol\u00edticas P\u00fablicas\u201d, em n\u00edvel de mestrado acad\u00eamico, do Centro de Ci\u00eancias Sociais e Humanas (CCSH) da Universidade Federal de Santa Maria (UFSM). A VICE-REITORA DA UNIVERSIDADE FEDERAL DE [&hellip;]<\/p>\n","protected":false},"author":6742,"featured_media":0,"parent":0,"menu_order":0,"comment_status":"closed","ping_status":"closed","template":"","meta":{"footnotes":""},"categories":[],"tags":[],"class_list":["post-6361","page","type-page","status-publish","hentry"],"acf":[],"_links":{"self":[{"href":"https:\/\/www.ufsm.br\/pro-reitorias\/proplan\/wp-json\/wp\/v2\/pages\/6361","targetHints":{"allow":["GET"]}}],"collection":[{"href":"https:\/\/www.ufsm.br\/pro-reitorias\/proplan\/wp-json\/wp\/v2\/pages"}],"about":[{"href":"https:\/\/www.ufsm.br\/pro-reitorias\/proplan\/wp-json\/wp\/v2\/types\/page"}],"author":[{"embeddable":true,"href":"https:\/\/www.ufsm.br\/pro-reitorias\/proplan\/wp-json\/wp\/v2\/users\/6742"}],"replies":[{"embeddable":true,"href":"https:\/\/www.ufsm.br\/pro-reitorias\/proplan\/wp-json\/wp\/v2\/comments?post=6361"}],"version-history":[{"count":0,"href":"https:\/\/www.ufsm.br\/pro-reitorias\/proplan\/wp-json\/wp\/v2\/pages\/6361\/revisions"}],"wp:attachment":[{"href":"https:\/\/www.ufsm.br\/pro-reitorias\/proplan\/wp-json\/wp\/v2\/media?parent=6361"}],"wp:term":[{"taxonomy":"category","embeddable":true,"href":"https:\/\/www.ufsm.br\/pro-reitorias\/proplan\/wp-json\/wp\/v2\/categories?post=6361"},{"taxonomy":"post_tag","embeddable":true,"href":"https:\/\/www.ufsm.br\/pro-reitorias\/proplan\/wp-json\/wp\/v2\/tags?post=6361"}],"curies":[{"name":"wp","href":"https:\/\/api.w.org\/{rel}","templated":true}]}}