{"id":6362,"date":"2024-12-26T11:13:58","date_gmt":"2024-12-26T14:13:58","guid":{"rendered":"https:\/\/www.ufsm.br\/pro-reitorias\/proplan\/?page_id=6362"},"modified":"2025-08-20T09:55:35","modified_gmt":"2025-08-20T12:55:35","slug":"resolucao-ufsm-n-187-2024","status":"publish","type":"page","link":"https:\/\/www.ufsm.br\/pro-reitorias\/proplan\/resolucao-ufsm-n-187-2024","title":{"rendered":"RESOLU\u00c7\u00c3O UFSM N\u00b0 187\/2024"},"content":{"rendered":"\t\t<div data-elementor-type=\"wp-page\" data-elementor-id=\"6362\" class=\"elementor elementor-6362\">\n\t\t\t\t\t\t<section class=\"elementor-section elementor-top-section elementor-element elementor-element-e16e336 elementor-section-boxed elementor-section-height-default elementor-section-height-default\" data-id=\"e16e336\" data-element_type=\"section\">\n\t\t\t\t\t\t<div class=\"elementor-container elementor-column-gap-default\">\n\t\t\t\t\t<div class=\"elementor-column elementor-col-100 elementor-top-column elementor-element elementor-element-58618ba\" data-id=\"58618ba\" data-element_type=\"column\">\n\t\t\t<div class=\"elementor-widget-wrap elementor-element-populated\">\n\t\t\t\t\t\t<div class=\"elementor-element elementor-element-8a12ac6 elementor-widget elementor-widget-html\" data-id=\"8a12ac6\" data-element_type=\"widget\" data-widget_type=\"html.default\">\n\t\t\t\t<div class=\"elementor-widget-container\">\n\t\t\t\r\n\r\n<!-- Cabe\u00e7alho -->\r\n\r\n<div align=\"center\">\r\n<img decoding=\"async\" src=\"https:\/\/www.ufsm.br\/pro-reitorias\/proplan\/wp-content\/uploads\/sites\/344\/2019\/09\/brasao-da-republica-do-brasil-logo.png\" alt=\"Bras\u00e3o Rep\u00fablica Federativa do Brasil\" width=\"6%\" height=\"6%\">\r\n<\/div>\r\n\r\n<h1>\r\n<font color=\"blue\">\r\n<font size=\"5\">\r\n<div align=\"center\">MINIST\u00c9RIO DA EDUCA\u00c7\u00c3O\r\n<\/div>\r\n<\/font>\r\n<\/font>\r\n<\/h1>\r\n\r\n<p>\r\n<b>\r\n<font color=\"0000blue\">\r\n<div align=\"center\">UNIVERSIDADE FEDERAL DE SANTA MARIA\r\n<\/b>\r\n<\/div>\r\n<\/font>\r\n<\/p>\r\n\r\n<p>\r\n<div align=\"center\">\r\n<b>\r\n<a href=\"https:\/\/portal.ufsm.br\/documentos\/publico\/documento.html?idDocumento=15310873\" target=\"_blank\">\r\n<font color=\"blue\">RESOLU\u00c7\u00c3O UFSM N\u00b0 187, 23 DE DEZEMBRO DE 2024\r\n<\/font>\r\n<\/a>\r\n<\/b>\r\n<\/div>\r\n<\/p>\r\n\r\n<br>\r\n\r\n\r\n\r\n<!-- Ementa -->\r\n\r\n<p style=\"margin-left: 9cm;text-align: justify;color: #800000\">Aprova a cria\u00e7\u00e3o do \u00f3rg\u00e3o colegiado denominado Comiss\u00e3o Permanente de Avalia\u00e7\u00e3o e Classifica\u00e7\u00e3o Patrimonial de Bens M\u00f3veis (CPACP-UFSM) no \u00e2mbito da Universidade Federal de Santa Maria (UFSM).\r\n<\/p>\r\n\r\n\r\n<!-- Normativo -->\r\n\r\n<div align=\"justify\"> \r\n<p class=\"MsoNoSpacing\">\r\n<br>\r\n<\/p>\r\n<p class=\"MsoNoSpacing\">A VICE-REITORA DA\r\nUNIVERSIDADE FEDERAL DE SANTA MARIA, no uso de suas atribui\u00e7\u00f5es legais que lhe\r\nconfere o art. 24 do Estatuto da Universidade Federal de Santa Maria com as\r\nadequa\u00e7\u00f5es aprovadas pela \r\n<a href=\"https:\/\/www.ufsm.br\/pro-reitorias\/proplan\/resolucao-n-037-2010\" style=\"text-decoration: none\">\r\n<font color=\"blue\">\r\n<u>Resolu\u00e7\u00e3o UFSM n\u00b0 037, de 30 de novembro de 2010<\/u><\/font><\/a>, aprovado pela Portaria n\u00b0 156, de 12 de mar\u00e7o de 2014, e publicado no Di\u00e1rio\r\nOficial da Uni\u00e3o em 13 de mar\u00e7o de 2014, e tendo em vista o \r\n<a href=\"https:\/\/www.planalto.gov.br\/ccivil_03\/_ato2023-2026\/2024\/decreto\/d12002.htm\" style=\"text-decoration: none\">\r\n<font color=\"blue\">\r\n<u>Decreto n\u00b0 12.002, de 22 de abril de 2024<\/u><\/font><\/a>, o \r\n<a href=\"https:\/\/www.planalto.gov.br\/ccivil_03\/_ato2015-2018\/2018\/decreto\/d9373.htm\" style=\"text-decoration: none\">\r\n<font color=\"blue\">\r\n<u>Decreto n\u00b0 9.373, de 11 de maio de 2018<\/u><\/font><\/a>, a \r\n<a href=\"https:\/\/www.ufsm.br\/pro-reitorias\/proplan\/resolucao-n-016-1996\" style=\"text-decoration: none\">\r\n<font color=\"blue\">\r\n<u>Resolu\u00e7\u00e3o\r\nUFSM n\u00b0 016, de 17 de junho de 1996<\/u><\/font><\/a>, e o que\r\nconsta no Processo n\u00b0 \r\n<a href=\"https:\/\/portal.ufsm.br\/documentos\/publico\/documento.html?id=14964790\" style=\"text-decoration: none\">\r\n<font color=\"blue\">\r\n<u>23081.007618\/2024-29\r\n<\/u>\r\n<\/font>\r\n<\/a>, resolve: \r\n\r\n\r\n<\/p>\r\n<p class=\"MsoNoSpacing\">\r\n<br>\r\n<\/p>\r\n<p class=\"MsoNoSpacing\">Art. 1\u00b0 &nbsp;Aprovar a cria\u00e7\u00e3o do \u00f3rg\u00e3o colegiado\r\ndenominado Comiss\u00e3o Permanente de Avalia\u00e7\u00e3o e Classifica\u00e7\u00e3o Patrimonial de Bens\r\nM\u00f3veis (CPACP-UFSM) no \u00e2mbito da Universidade Federal de Santa Maria (UFSM). \r\n\r\n\r\n<\/p>\r\n<p class=\"MsoNoSpacing\">Par\u00e1grafo \u00fanico.&nbsp; O \u00f3rg\u00e3o colegiado mencionado no \r\n<i>caput\r\n<\/i> deste artigo ser\u00e1 criado\r\nconsiderando sua previs\u00e3o no <a href=\"https:\/\/www.planalto.gov.br\/ccivil_03\/_ato2015-2018\/2018\/decreto\/d9373.htm\">\r\n<font color=\"blue\"><u>Decreto n\u00b0 9.373, de 11 de maio de 2018<\/u><\/font><\/a>, que estabelece\r\nque as classifica\u00e7\u00f5es e avalia\u00e7\u00f5es de bens ser\u00e3o efetuadas por comiss\u00e3o\r\nespecial, institu\u00edda pela autoridade competente e composta por 3 (tr\u00eas)\r\nservidores(as) do \u00f3rg\u00e3o ou da entidade, no m\u00ednimo.\r\n\r\n\r\n<\/p>\r\n<p class=\"MsoNoSpacing\">\r\n&nbsp;\r\n\r\n<\/p>\r\n<p class=\"MsoNoSpacing\">T\u00cdTULO I\r\n<\/p>\r\n<p class=\"MsoNoSpacing\">DAS COMPET\u00caNCIAS\r\n<\/p>\r\n<p class=\"MsoNoSpacing\">\r\n<br>\r\n<\/p>\r\n<p class=\"MsoNoSpacing\">Art. 2\u00b0&nbsp; Caber\u00e1 \u00e0 Comiss\u00e3o Permanente de Avalia\u00e7\u00e3o e Classifica\u00e7\u00e3o Patrimonial de Bens M\u00f3veis (CPACP-UFSM), \u00f3rg\u00e3o colegiado, de car\u00e1ter consultivo, vinculado \u00e0 Pr\u00f3-Reitoria de Administra\u00e7\u00e3o (PRA):\r\n<\/p>\r\n<p class=\"MsoNoSpacing\">I - orientar e solicitar aos(\u00e0s) Chefes de Carga Patrimonial os documentos necess\u00e1rios para emiss\u00e3o de seus pareceres como or\u00e7amento para consertos realizados, manuten\u00e7\u00f5es realizadas, tickets e ordem de servi\u00e7o emitidos sobre o funcionamento de cada equipamento;\r\n<\/p>\r\n<p class=\"MsoNoSpacing\">II - analisar a documenta\u00e7\u00e3o relativa aos bens m\u00f3veis permanentes inserv\u00edveis para desfazimento de sua respectiva unidade, verificando sua exist\u00eancia f\u00edsica, inconsist\u00eancias e estado de conserva\u00e7\u00e3o;\r\n<\/p>\r\n<p class=\"MsoNoSpacing\">III - diligenciar atos necess\u00e1rios para o desenvolvimento de seus trabalhos;\r\n<\/p>\r\n<p class=\"MsoNoSpacing\">IV - efetuar a avalia\u00e7\u00e3o dos bens m\u00f3veis permanentes inserv\u00edveis no \u00e2mbito de sua respectiva unidade, tombados ou n\u00e3o;\r\n<\/p>\r\n<p class=\"MsoNoSpacing\">V - respaldar legalmente cada agente envolvido(a) nos processos de avalia\u00e7\u00e3o e classifica\u00e7\u00e3o patrimonial;\r\n<\/p>\r\n<p class=\"MsoNoSpacing\">VI - classificar e emitir parecer dos bens inserv\u00edveis, alocados nos espa\u00e7os f\u00edsicos de sua respectiva unidade, nos termos do <a href=\"https:\/\/www.planalto.gov.br\/ccivil_03\/_ato2015-2018\/2018\/decreto\/d9373.htm\">\r\n<font color=\"blue\">\r\n<u>Decreto n\u00b0 9.373, de 11 de maio de 2018<\/u><\/font><\/a>, art. 3\u00b0;\r\n<\/p>\r\n<p class=\"MsoNoSpacing\">VII - avaliar e emitir parecer dos bens inserv\u00edveis objetos de doa\u00e7\u00e3o nos termos da \r\n<a href=\"https:\/\/www.planalto.gov.br\/ccivil_03\/_ato2019-2022\/2021\/lei\/l14133.htm\" style=\"text-decoration: none\">\r\n<font color=\"blue\">\r\n<u>Lei n\u00b0 14.133, de 1\u00b0 de abril de 2021<\/u><\/font><\/a>, art. 76; e\r\n<\/p>\r\n<p class=\"MsoNoSpacing\">VIII - exercer outras atividades inerentes \u00e0 natureza de sua fun\u00e7\u00e3o;\r\n<\/p>\r\n<p class=\"MsoNoSpacing\">IX - solicitar\/requerer \u00e0s \u00e1reas t\u00e9cnicas da Universidade ou aos(\u00e0s) servidores(as) com conhecimento na \u00e1rea informa\u00e7\u00f5es que possam contribuir para a emiss\u00e3o de seus pareceres, tais como Pr\u00f3-Reitoria de Infraestrutura (PROINFRA), Centro de Processamento de Dados (CPD), Laborat\u00f3rio de Manuten\u00e7\u00e3o em Inform\u00e1tica do Col\u00e9gio T\u00e9cnico Industrial de Santa Maria (LAMI\/CTISM) e a Divis\u00e3o de Patrim\u00f4nio (DIPAT).\r\n<\/p>\r\n<p class=\"MsoNoSpacing\">Par\u00e1grafo \u00fanico.&nbsp; A DIPAT orientar\u00e1 e auxiliar\u00e1 os(as) agentes envolvidos(as), sempre observando o princ\u00edpio da segrega\u00e7\u00e3o de fun\u00e7\u00f5es a fim respeitar a autonomia de cada Comiss\u00e3o.\r\n<\/p>\r\n<p class=\"MsoNoSpacing\">\r\n<br>\r\n<\/p>\r\n<p class=\"MsoNoSpacing\">T\u00cdTULO II\r\n<\/p>\r\n<p class=\"MsoNoSpacing\">DA COMPOSI\u00c7\u00c3O E AUTORIDADE\r\n<\/p>\r\n<p class=\"MsoNoSpacing\">\r\n<br>\r\n<\/p>\r\n<p class=\"MsoNoSpacing\">Art. 3\u00b0&nbsp; A Comiss\u00e3o Permanente de Avalia\u00e7\u00e3o e Classifica\u00e7\u00e3o Patrimonial de Bens M\u00f3veis (CPACP-UFSM) ser\u00e1 constitu\u00edda pelos(as) seguintes membros(as):&nbsp;\r\n<\/p>\r\n<p class=\"MsoNoSpacing\">I - 1 (um\/uma) T\u00e9cnico(a)-Administrativo(a) em Educa\u00e7\u00e3o (TAE) e seu(ua) suplente representantes de cada Unidade de Ensino Superior, compreendendo os Centros de Ensino e Campi Fora de Sede, indicados(as) por seu(ua) respectivo(a) Diretor(a);&nbsp;\r\n<\/p>\r\n<p class=\"MsoNoSpacing\">II - 1 (um\/uma) T\u00e9cnico(a)-Administrativo(a) em Educa\u00e7\u00e3o (TAE) e seu(ua) suplente representantes de cada Unidade de Educa\u00e7\u00e3o B\u00e1sica, T\u00e9cnica e Tecnol\u00f3gica indicados(as) por seu(ua) respectivo(a) Diretor(a);\r\n<\/p>\r\n<p class=\"MsoNoSpacing\">III - 1 (um\/uma) T\u00e9cnico(a)-Administrativo(a) em Educa\u00e7\u00e3o (TAE) e seu(ua) suplente representantes da Reitoria indicados(as) pelo Reitor;&nbsp;\r\n<\/p>\r\n<p class=\"MsoNoSpacing\">IV - 1 (um\/uma) T\u00e9cnico(a)-Administrativo(a) em Educa\u00e7\u00e3o (TAE) e seu(ua) suplente representantes do Espa\u00e7o Multidisciplinar de Pesquisa e Extens\u00e3o da UFSM em Silveira, indicados(as) pelo(a) Pr\u00f3-Reitor(a) de Extens\u00e3o;&nbsp;\r\n<\/p>\r\n<p class=\"MsoNoSpacing\">V - 1 (um\/uma) Contador(a) e seu(ua) suplente indicados(as) pelo(a) Diretor(a) do DCF;&nbsp;\r\n<\/p>\r\n<p class=\"MsoNoSpacing\">VI - 1 (um\/uma) Analista ou T\u00e9cnico(a) de Tecnologia da Informa\u00e7\u00e3o e seu(ua) suplente indicados(as) pelo(a) Diretor(a) do Centro de Processamento de Dados (CPD);&nbsp;\r\n<\/p>\r\n<p class=\"MsoNoSpacing\">VII - 1 (um\/uma) Engenheiro(a) Mec\u00e2nico e seu(ua) suplente indicados(as) pelo(a) Pr\u00f3-Reitor(a) de Infraestrutura (PROINFRA); e\r\n<\/p>\r\n<p class=\"MsoNoSpacing\">VIII - 1 (um\/uma) Bibliotec\u00e1rio(a)-Documentalista e seu(ua) suplente indicados(as) pelo(a) Diretor(a) da Biblioteca Central.\r\n<\/p>\r\n<p class=\"MsoNoSpacing\">\u00a7 1\u00b0&nbsp; Os(As) membros(as), titulares e suplentes, ser\u00e3o designados(as) via Portaria do Reitor.\r\n<\/p>\r\n<p class=\"MsoNoSpacing\">\u00a7 2\u00b0&nbsp; O(A) Presidente da Comiss\u00e3o Permanente de Avalia\u00e7\u00e3o e Classifica\u00e7\u00e3o Patrimonial de Bens M\u00f3veis (CPACP-UFSM) ser\u00e1 eleito(a) por vota\u00e7\u00e3o anual dos(as) membros(as) integrantes da referida comiss\u00e3o.\r\n<\/p>\r\n<p class=\"MsoNoSpacing\">\u00a7 3\u00b0&nbsp; Na aus\u00eancia do(a) Presidente em uma reuni\u00e3o, a Comiss\u00e3o escolher\u00e1 entre os(as) membros(as) presentes um(a) Presidente para a sess\u00e3o, atrav\u00e9s de vota\u00e7\u00e3o com maioria simples.\r\n<\/p>\r\n<p class=\"MsoNoSpacing\">\u00a7 4\u00b0&nbsp; Na aus\u00eancia dos(as) membros(as) titulares, seus(uas) respectivos(as) suplentes os(as) substituir\u00e3o para participar das reuni\u00f5es nos afastamentos ou impedimentos legais.\r\n<\/p>\r\n<p class=\"MsoNoSpacing\">\u00a7 5\u00b0&nbsp; Os(As) membros(as) suplentes ser\u00e3o indicados(as) pelos(as) seus(uas) respectivos(as) membros(as) titulares.\r\n<\/p>\r\n<p class=\"MsoNoSpacing\">\u00a7 6\u00b0&nbsp; Os(As) membros(as) ter\u00e3o mandato de 2 (dois) anos, podendo ser reconduzidos(as) pelo mesmo per\u00edodo.&nbsp;\r\n<\/p>\r\n<p class=\"MsoNoSpacing\">\u00a7 7\u00b0&nbsp; Cada membro(a) poder\u00e1 ser substitu\u00eddo(a) em qualquer \u00e9poca, sempre que houver substitui\u00e7\u00e3o de mandato, ou sempre que houver consenso da maioria, por meio de uma solicita\u00e7\u00e3o escrita do respectivo segmento de representa\u00e7\u00e3o, ou se o(a) pr\u00f3prio(a) representante assim o desejar.&nbsp;\r\n<\/p>\r\n<p class=\"MsoNoSpacing\">\r\n<br>\r\n<\/p>\r\n<p class=\"MsoNoSpacing\">T\u00cdTULO III\r\n<\/p>\r\n<p class=\"MsoNoSpacing\">DO QU\u00d3RUM DE REUNI\u00c3O E DE VOTA\u00c7\u00c3O\r\n<\/p>\r\n<p class=\"MsoNoSpacing\">\r\n<br>\r\n<\/p>\r\n<p class=\"MsoNoSpacing\">Art. 4\u00b0&nbsp; As reuni\u00f5es da Comiss\u00e3o Permanente de Avalia\u00e7\u00e3o e Classifica\u00e7\u00e3o Patrimonial de Bens M\u00f3veis (CPACP-UFSM) acontecer\u00e3o com a presen\u00e7a m\u00ednima da maioria simples dos(as) seus(uas) membros(as), considerando-se esse o n\u00famero legal para a delibera\u00e7\u00e3o e vota\u00e7\u00e3o.\r\n<\/p>\r\n<p class=\"MsoNoSpacing\">Par\u00e1grafo \u00fanico.&nbsp; Quando da ocorr\u00eancia de empate na vota\u00e7\u00e3o, caber\u00e1 ao(\u00e0) Presidente da sess\u00e3o o voto de qualidade.\r\n<\/p>\r\n<p class=\"MsoNoSpacing\">Art. 5\u00b0&nbsp; As convoca\u00e7\u00f5es, ordin\u00e1rias ou extraordin\u00e1rias, ser\u00e3o feitas via correio eletr\u00f4nico, pelo(a) Presidente, com anteced\u00eancia m\u00ednima de 48 (quarenta e oito) horas, devendo constar da mesma a Ordem do Dia.\r\n<\/p>\r\n<p class=\"MsoNoSpacing\">Art. 6\u00b0&nbsp; Havendo n\u00famero legal e declarada aberta a sess\u00e3o, proceder-se-\u00e1 a discuss\u00e3o e posterior elabora\u00e7\u00e3o dos pareceres que dever\u00e3o embasar os processos a serem analisados pelo \u00f3rg\u00e3o colegiado em quest\u00e3o.\r\n<\/p>\r\n<p class=\"MsoNoSpacing\">Par\u00e1grafo \u00fanico.&nbsp; N\u00e3o havendo qu\u00f3rum, os(as) membros(as) ser\u00e3o convocados(as) para nova reuni\u00e3o 48 (quarenta e oito) horas depois, com a mesma pauta.\r\n<\/p>\r\n<p class=\"MsoNoSpacing\">\r\n<br>\r\n<\/p>\r\n<p class=\"MsoNoSpacing\">T\u00cdTULO IV\r\n<\/p>\r\n<p class=\"MsoNoSpacing\">DA PERIODICIDADE DAS REUNI\u00d5ES\r\n<\/p>\r\n<p class=\"MsoNoSpacing\">\r\n<br>\r\n<\/p>\r\n<p class=\"MsoNoSpacing\">Art. 7\u00b0&nbsp; A Comiss\u00e3o Permanente de Avalia\u00e7\u00e3o e Classifica\u00e7\u00e3o Patrimonial de Bens M\u00f3veis (CPACP-UFSM) reunir-se-\u00e3o, ordinariamente 1 (uma) vez por m\u00eas ou extraordinariamente, sempre que convocado pelo(a) Presidente ou maioria de seus(uas) membros(as) e desde que haja demanda para o referido \u00f3rg\u00e3o colegiado.\r\n<\/p>\r\n<p class=\"MsoNoSpacing\">Par\u00e1grafo \u00fanico.&nbsp; As reuni\u00f5es deste \u00f3rg\u00e3o colegiado, cujos(as) membros(as), convidados(as) ou participantes estejam em entes federativos diversos, ser\u00e3o realizadas preferencialmente por videoconfer\u00eancia, sem pagamento de di\u00e1rias e deslocamento.\r\n<\/p>\r\n<p class=\"MsoNoSpacing\">\r\n<br>\r\n<\/p>\r\n<p class=\"MsoNoSpacing\">T\u00cdTULO V\r\n<\/p>\r\n<p class=\"MsoNoSpacing\">DO \u00d3RG\u00c3O DE APOIO ADMINISTRATIVO\r\n<\/p>\r\n<p class=\"MsoNoSpacing\">\r\n<br>\r\n<\/p>\r\n<p class=\"MsoNoSpacing\">Art. 8\u00b0&nbsp; Caber\u00e1 \u00e0 Divis\u00e3o de Patrim\u00f4nio (DIPAT), no que se refere ao funcionamento da Comiss\u00e3o Permanente de Avalia\u00e7\u00e3o e Classifica\u00e7\u00e3o Patrimonial de Bens M\u00f3veis (CPACP-UFSM), prestar o apoio administrativo e demais encaminhamentos para o devido andamento dos trabalhos.\r\n<\/p>\r\n<p class=\"MsoNoSpacing\">\r\n<br>\r\n<\/p>\r\n<p class=\"MsoNoSpacing\">T\u00cdTULO VI\r\n<\/p>\r\n<p class=\"MsoNoSpacing\">DO REGIMENTO INTERNO\r\n<\/p>\r\n<p class=\"MsoNoSpacing\">\r\n<br>\r\n<\/p>\r\n<p class=\"MsoNoSpacing\">Art. 9\u00b0&nbsp; Por se tratar de comiss\u00e3o permanente para tratar da avalia\u00e7\u00e3o e classifica\u00e7\u00e3o patrimonial dos Bens permanentes da Institui\u00e7\u00e3o, n\u00e3o h\u00e1 necessidade de Regimento espec\u00edfico.\r\n<\/p>\r\n<p class=\"MsoNoSpacing\">\r\n<br>\r\n<\/p>\r\n<p class=\"MsoNoSpacing\">T\u00cdTULO VII\r\n<\/p>\r\n<p class=\"MsoNoSpacing\">DO MEMBROS(AS) N\u00c3O NATOS(AS)\r\n<\/p>\r\n<p class=\"MsoNoSpacing\">\r\n<br>\r\n<\/p>\r\n<p class=\"MsoNoSpacing\">Art. 10.&nbsp; Consideram-se como membros(as) vari\u00e1veis ou n\u00e3o natos(as), os(as) servidores(as) com conhecimento t\u00e9cnico necess\u00e1rio sob os bens que est\u00e3o sendo avaliados.\r\n<\/p>\r\n<p class=\"MsoNoSpacing\">Art. 11.&nbsp; Nas reuni\u00f5es da Comiss\u00e3o Permanente de Avalia\u00e7\u00e3o e Classifica\u00e7\u00e3o Patrimonial de Bens M\u00f3veis (CPACP-UFSM) poder\u00e3o comparecer, quando convidados(as) pelo(a) Presidente, servidores(as) e discentes, a fim de prestarem esclarecimentos sobre assuntos que lhes forem pertinentes:\r\n<\/p>\r\n<p class=\"MsoNoSpacing\">I - respons\u00e1vel t\u00e9cnico(a) quando se tratar de \u201cbens patrimoniais\u201d de natureza espec\u00edfica; e\r\n<\/p>\r\n<p class=\"MsoNoSpacing\">II - servidor(a) da Divis\u00e3o de Patrim\u00f4nio quando necessitar de esclarecimentos ou aux\u00edlio para continua\u00e7\u00e3o do trabalho realizado pela comiss\u00e3o.\r\n<\/p>\r\n<p class=\"MsoNoSpacing\">\r\n<br>\r\n<\/p>\r\n<p class=\"MsoNoSpacing\">T\u00cdTULO VIII\r\n<\/p>\r\n<p class=\"MsoNoSpacing\">DOS RELAT\u00d3RIOS PERI\u00d3DICOS E DO RELAT\u00d3RIO FINAL\r\n<\/p>\r\n<p class=\"MsoNoSpacing\">\r\n<br>\r\n<\/p>\r\n<p class=\"MsoNoSpacing\">Art. 12.&nbsp; A Comiss\u00e3o Permanente de Avalia\u00e7\u00e3o e Classifica\u00e7\u00e3o Patrimonial de Bens M\u00f3veis (CPACP-UFSM) emitir\u00e1 parecer mensal e espec\u00edfico para os processos de sua \u00e1rea, n\u00e3o havendo necessidades de emitir relat\u00f3rios peri\u00f3dicos e anuais.\r\n<\/p>\r\n<p class=\"MsoNoSpacing\">\r\n<br>\r\n<\/p>\r\n<p class=\"MsoNoSpacing\">T\u00cdTULO IX\r\n<\/p>\r\n<p class=\"MsoNoSpacing\">DAS DISPOSI\u00c7\u00d5ES GERAIS E TRANSIT\u00d3RIAS\r\n<\/p>\r\n<p class=\"MsoNoSpacing\">\r\n<br>\r\n<\/p>\r\n<p class=\"MsoNoSpacing\">Art. 13.&nbsp; A participa\u00e7\u00e3o dos(as) membros(as) deste \u00f3rg\u00e3o colegiado ser\u00e1 considerada presta\u00e7\u00e3o de servi\u00e7o p\u00fablico relevante, e n\u00e3o ser\u00e1 remunerada.\r\n<\/p>\r\n<p class=\"MsoNoSpacing\">Par\u00e1grafo \u00fanico.&nbsp; As atividades da Comiss\u00e3o Permanente de Avalia\u00e7\u00e3o e Classifica\u00e7\u00e3o Patrimonial de Bens M\u00f3veis (CPACP-UFSM) e de seus(uas) membros(as) n\u00e3o poder\u00e3o causar preju\u00edzo \u00e0 presta\u00e7\u00e3o do servi\u00e7o p\u00fablico pelo(a) servidor(a) membro(a) da Comiss\u00e3o.\r\n<\/p>\r\n<p class=\"MsoNoSpacing\">Art. 14.&nbsp; \u00c9 vedada a possibilidade de cria\u00e7\u00e3o de subcolegiados por ato deste colegiado, exceto se na presente Resolu\u00e7\u00e3o houver:\r\n<\/p>\r\n<p class=\"MsoNoSpacing\">I - limitado o n\u00famero m\u00e1ximo de seus(uas) membros(as);\r\n<\/p>\r\n<p class=\"MsoNoSpacing\">II - estabelecido car\u00e1ter tempor\u00e1rio e dura\u00e7\u00e3o n\u00e3o superior a 1 (um) ano; e\r\n<\/p>\r\n<p class=\"MsoNoSpacing\">III - fixado o n\u00famero m\u00e1ximo de subcolegiados que poder\u00e3o operar simultaneamente.\r\n<\/p>\r\n<p class=\"MsoNoSpacing\">Par\u00e1grafo \u00fanico.&nbsp; A mera necessidade de reuni\u00f5es eventuais para debate, articula\u00e7\u00e3o ou trabalho que envolva agentes p\u00fablicos(as) da administra\u00e7\u00e3o p\u00fablica federal n\u00e3o ser\u00e1 admitida como fundamento para as propostas de que trata o caput.\r\n<\/p>\r\n<p class=\"MsoNoSpacing\">Art. 15.&nbsp; Ficam revogadas as seguintes resolu\u00e7\u00f5es:\r\n<\/p>\r\n<p class=\"MsoNoSpacing\">I - \r\n<a href=\"https:\/\/www.ufsm.br\/pro-reitorias\/proplan\/resolucao-n-006-2020\" style=\"text-decoration: none\">\r\n<font color=\"blue\">\r\n<u>Resolu\u00e7\u00e3o UFSM n\u00b0 006, de 06 de abril de 2020<\/u><\/font><\/a>; e\r\n<\/p>\r\n<p class=\"MsoNoSpacing\">II - \r\n<a href=\"https:\/\/www.ufsm.br\/pro-reitorias\/proplan\/resolucao-ufsm-n-099-2022\" style=\"text-decoration: none\">\r\n<font color=\"blue\">\r\n<u>Resolu\u00e7\u00e3o UFSM n\u00b0 099, de 01 de agosto de 2022\r\n<\/u>\r\n<\/font>\r\n<\/a>.\r\n<\/p>\r\n<p class=\"MsoNoSpacing\">Art. 16.&nbsp; A inobserv\u00e2ncia ao disposto nesta Resolu\u00e7\u00e3o n\u00e3o constitui escusa v\u00e1lida para o descumprimento da norma nem resulta em sua invalidade.\r\n<\/p>\r\n<p class=\"MsoNoSpacing\">Art. 17.&nbsp; Esta Resolu\u00e7\u00e3o entra em vigor na data de sua publica\u00e7\u00e3o, de acordo com o que prev\u00ea o&nbsp;\r\n<a href=\"https:\/\/www.planalto.gov.br\/ccivil_03\/_ato2023-2026\/2024\/decreto\/d12002.htm\">\r\n<font color=\"blue\">\r\n<u>Decreto n\u00b0 12.002, de 22 de abril de 2024<\/u><\/font><\/a>, art. 18, IV.\r\n<\/p>\r\n<p class=\"MsoNoSpacing\">Par\u00e1grafo \u00fanico.&nbsp; Na ocorr\u00eancia de modifica\u00e7\u00f5es legislativas ou situa\u00e7\u00f5es legais que afetem a validade desta Resolu\u00e7\u00e3o, as novas disposi\u00e7\u00f5es ser\u00e3o aplicadas imediatamente.\r\n<span>\t\r\n<\/span>\r\n<\/p>\r\n<div>\r\n<br>\r\n<\/div>\r\n<\/div>\r\n\r\n<div>Martha Bohrer Adaime\r\n<\/div>\r\n\r\n<div>Vice-Reitora\r\n<\/div>\r\n<br>\r\n\r\n<!-- Modifica\u00e7\u00e3o para a Publica\u00e7\u00e3o Original -->\r\n\r\n<p>\r\n<font color=\"red\">Este texto n\u00e3o substitui o documento original, publicado no Portal de Documentos.\r\n<\/font>\r\nDispon\u00edvel em: \r\n<a href=\"https:\/\/portal.ufsm.br\/documentos\/publico\/documento.html?idDocumento=15310873\" target=\"_blank\">\r\n<font color=\"blue\">https:\/\/portal.ufsm.br\/documentos\/publico\/documento.html?idDocumento=15310873\r\n<\/font>\r\n<\/a>\r\n<\/p>\r\n\t\t<\/div>\n\t\t\t\t<\/div>\n\t\t\t\t\t<\/div>\n\t\t<\/div>\n\t\t\t\t\t<\/div>\n\t\t<\/section>\n\t\t\t\t<\/div>\n\t\t","protected":false},"excerpt":{"rendered":"<p>MINIST\u00c9RIO DA EDUCA\u00c7\u00c3O UNIVERSIDADE FEDERAL DE SANTA MARIA RESOLU\u00c7\u00c3O UFSM N\u00b0 187, 23 DE DEZEMBRO DE 2024 Aprova a cria\u00e7\u00e3o do \u00f3rg\u00e3o colegiado denominado Comiss\u00e3o Permanente de Avalia\u00e7\u00e3o e Classifica\u00e7\u00e3o Patrimonial de Bens M\u00f3veis (CPACP-UFSM) no \u00e2mbito da Universidade Federal de Santa Maria (UFSM). A VICE-REITORA DA UNIVERSIDADE FEDERAL DE SANTA MARIA, no uso de [&hellip;]<\/p>\n","protected":false},"author":6742,"featured_media":0,"parent":0,"menu_order":0,"comment_status":"closed","ping_status":"closed","template":"","meta":{"footnotes":""},"categories":[],"tags":[],"class_list":["post-6362","page","type-page","status-publish","hentry"],"acf":[],"_links":{"self":[{"href":"https:\/\/www.ufsm.br\/pro-reitorias\/proplan\/wp-json\/wp\/v2\/pages\/6362","targetHints":{"allow":["GET"]}}],"collection":[{"href":"https:\/\/www.ufsm.br\/pro-reitorias\/proplan\/wp-json\/wp\/v2\/pages"}],"about":[{"href":"https:\/\/www.ufsm.br\/pro-reitorias\/proplan\/wp-json\/wp\/v2\/types\/page"}],"author":[{"embeddable":true,"href":"https:\/\/www.ufsm.br\/pro-reitorias\/proplan\/wp-json\/wp\/v2\/users\/6742"}],"replies":[{"embeddable":true,"href":"https:\/\/www.ufsm.br\/pro-reitorias\/proplan\/wp-json\/wp\/v2\/comments?post=6362"}],"version-history":[{"count":0,"href":"https:\/\/www.ufsm.br\/pro-reitorias\/proplan\/wp-json\/wp\/v2\/pages\/6362\/revisions"}],"wp:attachment":[{"href":"https:\/\/www.ufsm.br\/pro-reitorias\/proplan\/wp-json\/wp\/v2\/media?parent=6362"}],"wp:term":[{"taxonomy":"category","embeddable":true,"href":"https:\/\/www.ufsm.br\/pro-reitorias\/proplan\/wp-json\/wp\/v2\/categories?post=6362"},{"taxonomy":"post_tag","embeddable":true,"href":"https:\/\/www.ufsm.br\/pro-reitorias\/proplan\/wp-json\/wp\/v2\/tags?post=6362"}],"curies":[{"name":"wp","href":"https:\/\/api.w.org\/{rel}","templated":true}]}}