{"id":6363,"date":"2024-12-26T12:35:52","date_gmt":"2024-12-26T15:35:52","guid":{"rendered":"https:\/\/www.ufsm.br\/pro-reitorias\/proplan\/?page_id=6363"},"modified":"2025-12-09T15:23:39","modified_gmt":"2025-12-09T18:23:39","slug":"principais-documentos","status":"publish","type":"page","link":"https:\/\/www.ufsm.br\/pro-reitorias\/proplan\/principais-documentos","title":{"rendered":"Principais Documentos"},"content":{"rendered":"\t\t<div data-elementor-type=\"wp-page\" data-elementor-id=\"6363\" class=\"elementor elementor-6363\">\n\t\t\t\t\t\t<section class=\"elementor-section elementor-top-section elementor-element elementor-element-e6b4ac4 elementor-section-boxed elementor-section-height-default elementor-section-height-default\" data-id=\"e6b4ac4\" data-element_type=\"section\">\n\t\t\t\t\t\t<div class=\"elementor-container elementor-column-gap-default\">\n\t\t\t\t\t<div class=\"elementor-column elementor-col-100 elementor-top-column elementor-element elementor-element-45b95c4\" data-id=\"45b95c4\" data-element_type=\"column\">\n\t\t\t<div class=\"elementor-widget-wrap elementor-element-populated\">\n\t\t\t\t\t\t<div class=\"elementor-element elementor-element-4543581 elementor-widget elementor-widget-text-editor\" data-id=\"4543581\" data-element_type=\"widget\" data-widget_type=\"text-editor.default\">\n\t\t\t\t<div class=\"elementor-widget-container\">\n\t\t\t\t\t\t\t<p><a href=\"https:\/\/www.ufsm.br\/pro-reitorias\/proplan\/atos-normativos-ufsm-html\" style=\"font-size: 16px\">Atos Normativos<\/a><\/p><p><a href=\"https:\/\/www.ufsm.br\/pro-reitorias\/proplan\/estatuto-ufsm-2010\">Estatuto da UFSM<\/a> (2010)<\/p>\n<p><a href=\"https:\/\/www.ufsm.br\/pro-reitorias\/proplan\/regimento-geral-da-ufsm-com-alteracoes-compiladas-pela-resolucao-n-016-2019\">Regimento Geral da UFSM<\/a> (2019)<\/p>\t\t\t\t\t\t<\/div>\n\t\t\t\t<\/div>\n\t\t\t\t\t<\/div>\n\t\t<\/div>\n\t\t\t\t\t<\/div>\n\t\t<\/section>\n\t\t\t\t<section class=\"elementor-section elementor-top-section elementor-element elementor-element-ebae93a elementor-section-boxed elementor-section-height-default elementor-section-height-default\" data-id=\"ebae93a\" data-element_type=\"section\">\n\t\t\t\t\t\t<div class=\"elementor-container elementor-column-gap-default\">\n\t\t\t\t\t<div class=\"elementor-column elementor-col-100 elementor-top-column elementor-element elementor-element-1bf512e\" data-id=\"1bf512e\" data-element_type=\"column\">\n\t\t\t<div class=\"elementor-widget-wrap elementor-element-populated\">\n\t\t\t\t\t\t<div class=\"elementor-element elementor-element-aeaf433 elementor-widget elementor-widget-heading\" data-id=\"aeaf433\" data-element_type=\"widget\" data-widget_type=\"heading.default\">\n\t\t\t\t<div class=\"elementor-widget-container\">\n\t\t\t<h5 class=\"elementor-heading-title elementor-size-default\">Pol\u00edticas e Projetos Institucionais<\/h5>\t\t<\/div>\n\t\t\t\t<\/div>\n\t\t\t\t<div class=\"elementor-element elementor-element-d2752dc elementor-widget elementor-widget-text-editor\" data-id=\"d2752dc\" data-element_type=\"widget\" data-widget_type=\"text-editor.default\">\n\t\t\t\t<div class=\"elementor-widget-container\">\n\t\t\t\t\t\t\t<p><a style=\"color: #204c90;font-size: 16px\" href=\"https:\/\/www.ufsm.br\/pro-reitorias\/proplan\/resolucao-ufsm-n-043-2021\">Pol\u00edtica Cultural de Extens\u00e3o da UFSM<\/a><span style=\"color: #000000;font-size: 16px\">\u00a0(Resolu\u00e7\u00e3o N. 043\/2021)<\/span><\/p><p><a style=\"color: #204c90;font-size: 16px\" href=\"https:\/\/www.ufsm.br\/pro-reitorias\/proplan\/resolucao-ufsm-n-068-2021\">Pol\u00edtica de A\u00e7\u00f5es Afirmativas e Inclus\u00e3o nos Programas de P\u00f3s-Gradua\u00e7\u00e3o da UFSM<\/a><span style=\"color: #000000;font-size: 16px\">\u00a0(Resolu\u00e7\u00e3o N. 068\/2021)<\/span><\/p><p><a style=\"color: #204c90;font-size: 16px\" href=\"https:\/\/www.ufsm.br\/pro-reitorias\/proplan\/resolucao-ufsm-n-140-2023\">Pol\u00edtica de Acompanhamento de Egressos(as) (Volver UFSM)<\/a><span style=\"color: #000000;font-size: 16px\">\u00a0(Resolu\u00e7\u00e3o N\u00b0 140\/2023)<\/span><\/p><p><a style=\"color: #204c90;font-size: 16px\" href=\"https:\/\/www.ufsm.br\/comunicacao\/politica-de-comunicacao-da-ufsm\">Pol\u00edtica de Comunica\u00e7\u00e3o da UFSM<\/a><span style=\"color: #000000;font-size: 16px\">\u00a0<\/span><span style=\"color: #000000;font-size: 16px;font-weight: var( --e-global-typography-text-font-weight );text-align: var(--bs-body-text-align)\">(Resolu\u00e7\u00e3o N. 005\/2018)<\/span><\/p><p><a style=\"color: #204c90;font-size: 16px\" href=\"https:\/\/www.ufsm.br\/pro-reitorias\/proplan\/resolucao-n-006-2019\">Pol\u00edtica de Extens\u00e3o da UFSM<\/a><span style=\"color: #000000;font-size: 16px\">\u00a0(Resolu\u00e7\u00e3o N. 006\/2019)<\/span><\/p><p><a style=\"color: #204c90;font-size: 16px\" href=\"https:\/\/www.ufsm.br\/pro-reitorias\/proplan\/resolucao-n-034-2020\">Pol\u00edtica de Gest\u00e3o de Riscos da UFSM<\/a><span style=\"color: #000000;font-size: 16px\">\u00a0(Resolu\u00e7\u00e3o N. 034\/2020)<\/span><\/p><p><a style=\"color: #204c90;font-size: 16px\" href=\"https:\/\/www.ufsm.br\/pro-reitorias\/proplan\/resolucao-ufsm-n-064-2021\">Pol\u00edtica de Igualdade de G\u00eanero da UFSM<\/a><span style=\"color: #000000;font-size: 16px\">\u00a0(Resolu\u00e7\u00e3o N. 064\/2021)<\/span><\/p><p><a style=\"color: #204c90;font-size: 16px\" href=\"https:\/\/www.ufsm.br\/pro-reitorias\/proplan\/resolucao-ufsm-n-044-2021\">Pol\u00edtica de Inova\u00e7\u00e3o da UFSM<\/a><span style=\"color: #000000;font-size: 16px\">\u00a0(Resolu\u00e7\u00e3o N. 044\/2021)<\/span><\/p><p><a style=\"color: #204c90;font-size: 16px\" href=\"https:\/\/www.ufsm.br\/pro-reitorias\/proplan\/resolucao-n-012-2019\">Pol\u00edtica de Preserva\u00e7\u00e3o e Acesso aos Documentos Arquiv\u00edsticos Digitais da UFSM<\/a><span style=\"color: #000000;font-size: 16px\">\u00a0(Resolu\u00e7\u00e3o N. 012\/2019)<\/span><\/p><p><a style=\"color: #204c90;font-size: 16px\" href=\"https:\/\/www.ufsm.br\/pro-reitorias\/proplan\/resolucao-n-022-2016\">Pol\u00edtica de Prote\u00e7\u00e3o e Gest\u00e3o da Propriedade Intelectual no \u00c2mbito da UFSM<\/a><span style=\"color: #000000;font-size: 16px\">\u00a0(Resolu\u00e7\u00e3o N. 022\/2016)<\/span><\/p><p><a href=\"https:\/\/www.ufsm.br\/pro-reitorias\/proplan\/resolucao-ufsm-n-121-2023\">Pol\u00edtica de Seguran\u00e7a da Informa\u00e7\u00e3o (PoSIN)<\/a> (Resolu\u00e7\u00e3o N. 121\/2023)<\/p><p><a href=\"https:\/\/www.ufsm.br\/pro-reitorias\/proplan?page_id=5523\">Pol\u00edtica Institucional de Acessibilidade da UFSM<\/a> (Resolu\u00e7\u00e3o N\u00b0 144\/2023)<\/p><p><a style=\"color: #204c90;font-size: 16px\" href=\"https:\/\/www.ufsm.br\/pro-reitorias\/proplan\/resolucao-ufsm-n-070-2021\">Pol\u00edtica Institucional de Forma\u00e7\u00e3o Continuada de Professores do Magist\u00e9rio Federal da UFSM<\/a><span style=\"color: #000000;font-size: 16px\">\u00a0(Resolu\u00e7\u00e3o N. 070\/2021)<\/span><\/p><p><a style=\"color: #204c90;font-size: 16px\" href=\"https:\/\/www.ufsm.br\/pro-reitorias\/proplan\/resolucao-ufsm-n-139-2023\">Pol\u00edtica Institucional de P\u00f3s-Gradua\u00e7\u00e3o e Pesquisa<\/a><span style=\"color: #000000;font-size: 16px\">\u00a0(Resolu\u00e7\u00e3o N\u00b0 139\/2023)<\/span><\/p><p><a href=\"https:\/\/www.ufsm.br\/pro-reitorias\/proplan\/resolucao-n-018-2018\">Pol\u00edtica Lingu\u00edstica da UFSM<\/a> (Resolu\u00e7\u00e3o N. 018\/2018)<\/p><p><a style=\"color: #204c90;font-size: 16px\" href=\"https:\/\/www.ufsm.br\/pro-reitorias\/proplan\/resolucao-ufsm-n-151-2024\">Pol\u00edtica Museal<\/a><span style=\"color: #000000;font-size: 16px\">\u00a0(Resolu\u00e7\u00e3o N. 151\/2024)<\/span><\/p><p><a href=\"https:\/\/www.ufsm.br\/pro-reitorias\/proplan\/resolucao-ufsm-n-197-2025\">Pol\u00edtica Socioambiental<\/a><span style=\"color: #000000;font-size: 16px\">\u00a0<\/span><span style=\"font-size: 16px\">(Resolu\u00e7\u00e3o N. 197\/2025)<\/span><\/p><p><a href=\"https:\/\/www.ufsm.br\/pro-reitorias\/proplan\/pdi\/projeto-pedagogico-institucional-ppi\" rel=\"noopener\">Projeto Pedag\u00f3gico Institucional (PPI)<\/a><\/p>\t\t\t\t\t\t<\/div>\n\t\t\t\t<\/div>\n\t\t\t\t\t<\/div>\n\t\t<\/div>\n\t\t\t\t\t<\/div>\n\t\t<\/section>\n\t\t\t\t<section class=\"elementor-section elementor-top-section elementor-element elementor-element-20f5824 elementor-section-boxed elementor-section-height-default elementor-section-height-default\" data-id=\"20f5824\" data-element_type=\"section\">\n\t\t\t\t\t\t<div class=\"elementor-container elementor-column-gap-default\">\n\t\t\t\t\t<div class=\"elementor-column elementor-col-100 elementor-top-column elementor-element elementor-element-7770030\" data-id=\"7770030\" data-element_type=\"column\">\n\t\t\t<div class=\"elementor-widget-wrap elementor-element-populated\">\n\t\t\t\t\t\t<div class=\"elementor-element elementor-element-09f5199 elementor-widget elementor-widget-heading\" data-id=\"09f5199\" data-element_type=\"widget\" data-widget_type=\"heading.default\">\n\t\t\t\t<div class=\"elementor-widget-container\">\n\t\t\t<h5 class=\"elementor-heading-title elementor-size-default\"><a href=\"https:\/\/www.ufsm.br\/pro-reitorias\/proplan\/planos-institucionais\">Planos Intitucionais<\/a><\/h5>\t\t<\/div>\n\t\t\t\t<\/div>\n\t\t\t\t<div class=\"elementor-element elementor-element-72b1d6a elementor-widget elementor-widget-text-editor\" data-id=\"72b1d6a\" data-element_type=\"widget\" data-widget_type=\"text-editor.default\">\n\t\t\t\t<div class=\"elementor-widget-container\">\n\t\t\t\t\t\t\t<p>\u00a0<\/p><p><a style=\"color: #204c90;font-size: 16px\" href=\"https:\/\/www.ufsm.br\/reitoria\/acesso-a-informacao\/dados-abertos\">Plano de Dados Abertos<\/a><span style=\"color: #000000;font-size: 16px\">\u00a0(2021 &#8211; 2023)<\/span><\/p><p><a href=\"https:\/\/www.ufsm.br\/app\/uploads\/sites\/500\/2021\/04\/VFinal-DocumentoPDI-TextoBaseCONSU_TextoComPlanoDeMetas2022.pdf\">Plano de Desenvolvimento Institucional (PDI)<\/a> (2016 &#8211; 2026)<\/p><p style=\"padding-left: 40px\"><a href=\"https:\/\/www.ufsm.br\/app\/uploads\/sites\/344\/2025\/12\/Relatorio-de-Revisao-do-Plano-de-Metas-2025-2027_final.pdf\" target=\"_blank\" rel=\"noopener\">Relat\u00f3rio de Revis\u00e3o do Plano de Metas<\/a> (2025 &#8211; 2027)<\/p><p><a style=\"color: #204c90;font-size: 16px\" href=\"https:\/\/www.ufsm.br\/pro-reitorias\/proinfra\/planos-de-gerenciamento-de-residuos\">Planos de Gerenciamento de Res\u00edduos<\/a><\/p><p><a href=\"https:\/\/www.ufsm.br\/app\/uploads\/sites\/344\/2023\/01\/Plano-de-Gestao-UFSM-2022-2025.pdf\">Plano de Gest\u00e3o<\/a> (2022 &#8211; 2025)<\/p><p><a style=\"color: #204c90;font-size: 16px\" href=\"https:\/\/www.ufsm.br\/app\/uploads\/sites\/344\/2024\/12\/Plano-de-Integridade-versao-1.2.pdf\">Plano de Integridade<\/a><span style=\"color: #000000;font-size: 16px\">\u00a0(2019 &#8211; 2021)<\/span><\/p><p><a href=\"https:\/\/www.ufsm.br\/pro-reitorias\/proinfra\/plano-de-logistica-sustentavel-2\">Plano de Log\u00edstica Sustent\u00e1vel<\/a> (2025 &#8211; 2028)<\/p><p><a href=\"https:\/\/www.ufsm.br\/orgaos-suplementares\/dri\/plano-estrategico-de-internacionalizacao-pei-2\" target=\"_blank\" rel=\"noopener\">Plano Estrat\u00e9gico de Internacionaliza\u00e7\u00e3o (PEI)<\/a><\/p>\t\t\t\t\t\t<\/div>\n\t\t\t\t<\/div>\n\t\t\t\t\t<\/div>\n\t\t<\/div>\n\t\t\t\t\t<\/div>\n\t\t<\/section>\n\t\t\t\t<section class=\"elementor-section elementor-top-section elementor-element elementor-element-517bb45 elementor-section-boxed elementor-section-height-default elementor-section-height-default\" data-id=\"517bb45\" data-element_type=\"section\">\n\t\t\t\t\t\t<div class=\"elementor-container elementor-column-gap-default\">\n\t\t\t\t\t<div class=\"elementor-column elementor-col-100 elementor-top-column elementor-element elementor-element-a36177f\" data-id=\"a36177f\" data-element_type=\"column\">\n\t\t\t<div class=\"elementor-widget-wrap elementor-element-populated\">\n\t\t\t\t\t\t<div class=\"elementor-element elementor-element-c18d4c7 elementor-widget elementor-widget-heading\" data-id=\"c18d4c7\" data-element_type=\"widget\" data-widget_type=\"heading.default\">\n\t\t\t\t<div class=\"elementor-widget-container\">\n\t\t\t<h5 class=\"elementor-heading-title elementor-size-default\">Relat\u00f3rios Anuais de Gest\u00e3o<\/h5>\t\t<\/div>\n\t\t\t\t<\/div>\n\t\t\t\t<div class=\"elementor-element elementor-element-bd4f2e8 elementor-widget elementor-widget-text-editor\" data-id=\"bd4f2e8\" data-element_type=\"widget\" data-widget_type=\"text-editor.default\">\n\t\t\t\t<div class=\"elementor-widget-container\">\n\t\t\t\t\t\t\t<p>&nbsp;<\/p><p>Clique&nbsp;<a href=\"https:\/\/www.ufsm.br\/pro-reitorias\/proplan\/relatorio-de-gestao\" target=\"_blank\" rel=\"noopener\">aqui<\/a>.<\/p>\t\t\t\t\t\t<\/div>\n\t\t\t\t<\/div>\n\t\t\t\t\t<\/div>\n\t\t<\/div>\n\t\t\t\t\t<\/div>\n\t\t<\/section>\n\t\t\t\t<section class=\"elementor-section elementor-top-section elementor-element elementor-element-bb50f8d elementor-section-boxed elementor-section-height-default elementor-section-height-default\" data-id=\"bb50f8d\" data-element_type=\"section\">\n\t\t\t\t\t\t<div class=\"elementor-container elementor-column-gap-default\">\n\t\t\t\t\t<div class=\"elementor-column elementor-col-100 elementor-top-column elementor-element elementor-element-99108f9\" data-id=\"99108f9\" data-element_type=\"column\">\n\t\t\t<div class=\"elementor-widget-wrap elementor-element-populated\">\n\t\t\t\t\t\t<div class=\"elementor-element elementor-element-f04ce1a elementor-widget elementor-widget-heading\" data-id=\"f04ce1a\" data-element_type=\"widget\" data-widget_type=\"heading.default\">\n\t\t\t\t<div class=\"elementor-widget-container\">\n\t\t\t<h5 class=\"elementor-heading-title elementor-size-default\">Relat\u00f3rios Anuais de Autoavalia\u00e7\u00e3o Institucional<\/h5>\t\t<\/div>\n\t\t\t\t<\/div>\n\t\t\t\t<div class=\"elementor-element elementor-element-bd00d7a elementor-widget elementor-widget-text-editor\" data-id=\"bd00d7a\" data-element_type=\"widget\" data-widget_type=\"text-editor.default\">\n\t\t\t\t<div class=\"elementor-widget-container\">\n\t\t\t\t\t\t\t<p>\u00a0<\/p><p>Clique\u00a0<a href=\"https:\/\/www.ufsm.br\/reitoria\/avaliacao\/relatorios\" target=\"_blank\" rel=\"noopener\">aqui<\/a>.<\/p>\t\t\t\t\t\t<\/div>\n\t\t\t\t<\/div>\n\t\t\t\t\t<\/div>\n\t\t<\/div>\n\t\t\t\t\t<\/div>\n\t\t<\/section>\n\t\t\t\t<\/div>\n\t\t","protected":false},"excerpt":{"rendered":"<p>Atos Normativos Estatuto da UFSM (2010) Regimento Geral da UFSM (2019) Pol\u00edticas e Projetos Institucionais Pol\u00edtica Cultural de Extens\u00e3o da UFSM\u00a0(Resolu\u00e7\u00e3o N. 043\/2021) Pol\u00edtica de A\u00e7\u00f5es Afirmativas e Inclus\u00e3o nos Programas de P\u00f3s-Gradua\u00e7\u00e3o da UFSM\u00a0(Resolu\u00e7\u00e3o N. 068\/2021) Pol\u00edtica de Acompanhamento de Egressos(as) (Volver UFSM)\u00a0(Resolu\u00e7\u00e3o N\u00b0 140\/2023) Pol\u00edtica de Comunica\u00e7\u00e3o da UFSM\u00a0(Resolu\u00e7\u00e3o N. 005\/2018) Pol\u00edtica de [&hellip;]<\/p>\n","protected":false},"author":36,"featured_media":0,"parent":0,"menu_order":0,"comment_status":"closed","ping_status":"closed","template":"","meta":{"footnotes":""},"categories":[],"tags":[],"class_list":["post-6363","page","type-page","status-publish","hentry"],"acf":[],"_links":{"self":[{"href":"https:\/\/www.ufsm.br\/pro-reitorias\/proplan\/wp-json\/wp\/v2\/pages\/6363","targetHints":{"allow":["GET"]}}],"collection":[{"href":"https:\/\/www.ufsm.br\/pro-reitorias\/proplan\/wp-json\/wp\/v2\/pages"}],"about":[{"href":"https:\/\/www.ufsm.br\/pro-reitorias\/proplan\/wp-json\/wp\/v2\/types\/page"}],"author":[{"embeddable":true,"href":"https:\/\/www.ufsm.br\/pro-reitorias\/proplan\/wp-json\/wp\/v2\/users\/36"}],"replies":[{"embeddable":true,"href":"https:\/\/www.ufsm.br\/pro-reitorias\/proplan\/wp-json\/wp\/v2\/comments?post=6363"}],"version-history":[{"count":0,"href":"https:\/\/www.ufsm.br\/pro-reitorias\/proplan\/wp-json\/wp\/v2\/pages\/6363\/revisions"}],"wp:attachment":[{"href":"https:\/\/www.ufsm.br\/pro-reitorias\/proplan\/wp-json\/wp\/v2\/media?parent=6363"}],"wp:term":[{"taxonomy":"category","embeddable":true,"href":"https:\/\/www.ufsm.br\/pro-reitorias\/proplan\/wp-json\/wp\/v2\/categories?post=6363"},{"taxonomy":"post_tag","embeddable":true,"href":"https:\/\/www.ufsm.br\/pro-reitorias\/proplan\/wp-json\/wp\/v2\/tags?post=6363"}],"curies":[{"name":"wp","href":"https:\/\/api.w.org\/{rel}","templated":true}]}}