{"id":6401,"date":"2025-01-03T12:32:17","date_gmt":"2025-01-03T15:32:17","guid":{"rendered":"https:\/\/www.ufsm.br\/pro-reitorias\/proplan\/?page_id=6401"},"modified":"2025-08-20T08:57:05","modified_gmt":"2025-08-20T11:57:05","slug":"resolucao-ufsm-n-183-2024","status":"publish","type":"page","link":"https:\/\/www.ufsm.br\/pro-reitorias\/proplan\/resolucao-ufsm-n-183-2024","title":{"rendered":"RESOLU\u00c7\u00c3O UFSM N\u00b0 183\/2024"},"content":{"rendered":"\t\t<div data-elementor-type=\"wp-page\" data-elementor-id=\"6401\" class=\"elementor elementor-6401\">\n\t\t\t\t\t\t<section class=\"elementor-section elementor-top-section elementor-element elementor-element-bd22432 elementor-section-boxed elementor-section-height-default elementor-section-height-default\" data-id=\"bd22432\" data-element_type=\"section\">\n\t\t\t\t\t\t<div class=\"elementor-container elementor-column-gap-default\">\n\t\t\t\t\t<div class=\"elementor-column elementor-col-100 elementor-top-column elementor-element elementor-element-7ff7a88\" data-id=\"7ff7a88\" data-element_type=\"column\">\n\t\t\t<div class=\"elementor-widget-wrap elementor-element-populated\">\n\t\t\t\t\t\t<div class=\"elementor-element elementor-element-a11bc36 elementor-widget elementor-widget-html\" data-id=\"a11bc36\" data-element_type=\"widget\" data-widget_type=\"html.default\">\n\t\t\t\t<div class=\"elementor-widget-container\">\n\t\t\t\r\n\r\n<!-- Cabe\u00e7alho -->\r\n\r\n<div align=\"center\">\r\n<img decoding=\"async\" src=\"https:\/\/www.ufsm.br\/pro-reitorias\/proplan\/wp-content\/uploads\/sites\/344\/2019\/09\/brasao-da-republica-do-brasil-logo.png\" alt=\"Bras\u00e3o Rep\u00fablica Federativa do Brasil\" width=\"6%\" height=\"6%\">\r\n<\/div>\r\n\r\n<h1>\r\n<font color=\"blue\">\r\n<font size=\"5\">\r\n<div align=\"center\">MINIST\u00c9RIO DA EDUCA\u00c7\u00c3O\r\n<\/div>\r\n<\/font>\r\n<\/font>\r\n<\/h1>\r\n\r\n<p>\r\n<b>\r\n<font color=\"0000blue\">\r\n<div align=\"center\">UNIVERSIDADE FEDERAL DE SANTA MARIA\r\n<\/b>\r\n<\/div>\r\n<\/font>\r\n<\/p>\r\n\r\n<p>\r\n<div align=\"center\">\r\n<b>\r\n<a href=\"https:\/\/portal.ufsm.br\/documentos\/publico\/documento.html?id=15313903\" target=\"_blank\">\r\n<font color=\"blue\">RESOLU\u00c7\u00c3O UFSM N\u00b0 183, DE 05 DE DEZEMBRO DE 2024\r\n<\/font>\r\n<\/a>\r\n<\/b>\r\n<\/div>\r\n<\/p>\r\n\r\n<br>\r\n\r\n\r\n\r\n<!-- Ementa -->\r\n\r\n<p style=\"margin-left: 9cm;text-align: justify;color: #800000\">Transfere o curso de Dan\u00e7a - Licenciatura, atualmente vinculado ao Centro de Educa\u00e7\u00e3o F\u00edsica e Desportos (CEFD), para o Centro de Artes e Letras (CAL) da Universidade Federal de Santa Maria (UFSM).\r\n<\/p>\r\n<div>\r\n<br>\r\n<\/div>\r\n\r\n<!-- Normativo -->\r\n\r\n<p style=\"text-align: justify\">O REITOR DA UNIVERSIDADE FEDERAL DE SANTA MARIA, no uso de suas atribui&ccedil;&otilde;es legais que lhe confere&nbsp;o art. 30 do Estatuto da Universidade Federal de Santa Maria com as adequa&ccedil;&otilde;es aprovadas pela&nbsp;<span style=\"text-decoration: underline\"><span style=\"color: #0000ff\"><a href=\"https:\/\/www.ufsm.br\/pro-reitorias\/proplan\/resolucao-n-037-2010\"><span style=\"color: #0000ff;text-decoration: underline\">Resolu&ccedil;&atilde;o UFSM n&deg; 037, de 30 de novembro de 2010<\/span><\/a><\/span><\/span>, aprovado pela Portaria n&deg; 156, de 12 de mar&ccedil;o de&nbsp;2014, e publicado no Di&aacute;rio Oficial da Uni&atilde;o em 13 de mar&ccedil;o de 2014, tendo em vista o disposto no&nbsp;<span style=\"text-decoration: underline\"><span style=\"color: #0000ff\"><a href=\"https:\/\/www.planalto.gov.br\/ccivil_03\/_ato2015-2018\/2017\/decreto\/d9235.htm\"><span style=\"color: #0000ff;text-decoration: underline\">Decreto n&deg; 9.235, de 15 de dezembro de 2017<\/span><\/a><\/span><\/span>, bem como nas <span style=\"text-decoration: underline\"><span style=\"color: #0000ff\"><a href=\"https:\/\/www.ufsm.br\/pro-reitorias\/proplan\/resolucao-ufsm-n-113-2022\"><span style=\"color: #0000ff;text-decoration: underline\">Resolu&ccedil;&otilde;es UFSM n&deg; 113, de 20 de&nbsp;dezembro de 2022<\/span><\/a><\/span><\/span>, e <span style=\"text-decoration: underline\"><span style=\"color: #0000ff\"><a href=\"https:\/\/www.ufsm.br\/pro-reitorias\/proplan\/resolucao-n-029-2020\"><span style=\"color: #0000ff;text-decoration: underline\">n&deg; 029, de 05 de novembro de 2020<\/span><\/a><\/span><\/span>, al&eacute;m do que consta no Processo n&deg;&nbsp;<span style=\"text-decoration: underline\"><span style=\"color: #0000ff\"><a href=\"https:\/\/portal.ufsm.br\/documentos\/publico\/processo\/documento.html?idDocumento=14892681\"><span style=\"color: #0000ff;text-decoration: underline\">23081.143648\/2023-17<\/span><\/a><\/span><\/span>, resolve:<\/p>\r\n<p style=\"text-align: justify\"><br \/>Art. 1&deg; Transferir o curso de Dan&ccedil;a - Licenciatura, atualmente vinculado ao Centro de Educa&ccedil;&atilde;o F&iacute;sica e&nbsp;Desportos (CEFD), para o Centro de Artes e Letras (CAL) da Universidade Federal de Santa Maria (UFSM).<\/p>\r\n<p style=\"text-align: justify\">Art. 2&deg; A partir da transfer&ecirc;ncia do curso, ser&atilde;o lotados(as) no Departamento de Artes C&ecirc;nicas do CAL&nbsp;os(as) docentes que comp&otilde;em o quadro do curso, sem a necessidade do CAL devolver as vagas para o&nbsp;centro de origem.<\/p>\r\n<p style=\"text-align: justify\">Art. 3&deg; A coordena&ccedil;&atilde;o do curso de Dan&ccedil;a - Licenciatura manter&aacute; a fun&ccedil;&atilde;o gratificada j&aacute; existente, sem&nbsp;novos &ocirc;nus para a Institui&ccedil;&atilde;o.<\/p>\r\n<p style=\"text-align: justify\">Par&aacute;grafo &uacute;nico. A partir da publica&ccedil;&atilde;o desta Resolu&ccedil;&atilde;o, a coordena&ccedil;&atilde;o passa a ocupar uma cadeira no&nbsp;conselho do Centro de Artes e Letras.<\/p>\r\n<p style=\"text-align: justify\">Art. 4&deg; Os artigos 8&deg; e 9&deg; da <span style=\"text-decoration: underline\"><span style=\"color: #0000ff\"><a href=\"https:\/\/www.ufsm.br\/pro-reitorias\/proplan\/resolucao-n-029-2020\"><span style=\"color: #0000ff;text-decoration: underline\">Resolu&ccedil;&atilde;o UFSM n&deg; 029, de 05 de novembro de 2020<\/span><\/a><\/span><\/span>, passam a vigorar com&nbsp;a seguinte reda&ccedil;&atilde;o:<\/p>\r\n<br>\r\n<p style=\"margin-left: 2.5cm\">(...)<\/p>\r\n<p style=\"margin-left: 2.5cm\">Art. 8&deg; Os cursos de Gradua&ccedil;&atilde;o, com situa&ccedil;&atilde;o &ldquo;em atividade&rdquo;, do Centro de Artes e Letras (CAL), s&atilde;o:<\/p>\r\n<p style=\"margin-left: 2.5cm\">(...)<\/p>\r\n<p style=\"margin-left: 2.5cm\">XVI - M&uacute;sica e Tecnologia - Bacharelado;<\/p>\r\n<p style=\"margin-left: 2.5cm\">XVII - Teatro &ndash; Licenciatura;<\/p>\r\n<p style=\"margin-left: 2.5cm\">XVIII - Mbya Guarani Educa&ccedil;&atilde;o Intercultural Ind&iacute;gena; e<\/p>\r\n<p style=\"margin-left: 2.5cm\">XIX - Dan&ccedil;a - Licenciatura.<\/p>\r\n<p style=\"margin-left: 2.5cm\">Art. 9&deg; Os cursos de Gradua&ccedil;&atilde;o, com situa&ccedil;&atilde;o &ldquo;em atividade&rdquo;, do Centro de Educa&ccedil;&atilde;o F&iacute;sica&nbsp;e Desportos (CEFD), s&atilde;o:<\/p>\r\n<p style=\"margin-left: 2.5cm\">I - Educa&ccedil;&atilde;o F&iacute;sica &ndash; Bacharelado; e<\/p>\r\n<p style=\"margin-left: 2.5cm\">II - Educa&ccedil;&atilde;o F&iacute;sica &ndash; Licenciatura.<\/p>\r\n<p style=\"margin-left: 2.5cm\">(...)&rdquo;<\/p>\r\n<p style=\"margin-left: 2.5cm\">(NR)<\/p>\r\n\r\n<p style=\"text-align: justify\"><br \/>Art. 5&deg; Caber&aacute;:&nbsp;<\/p>\r\n<p style=\"text-align: justify\">I &ndash; &agrave; Coordenadoria de Planejamento Administrativo (COPLAD\/PROPLAN) proceder &agrave;s altera&ccedil;&otilde;es nos&nbsp;Sistemas de Estruturantes da Institui&ccedil;&atilde;o;<\/p>\r\n<p style=\"text-align: justify\">II &ndash; &agrave; Pr&oacute;-Reitoria de Gradua&ccedil;&atilde;o (PROGRAD) realizar os ajustes acad&ecirc;micos necess&aacute;rios, com a&nbsp;transfer&ecirc;ncia das disciplinas para o Departamento de Artes C&ecirc;nicas do Centro de Artes e Letras;<\/p>\r\n<p style=\"text-align: justify\">III &ndash; &agrave; Pr&oacute;-Reitoria de Gest&atilde;o de Pessoas (PROGEP) o remanejo da fun&ccedil;&atilde;o Comissionada de Coordenador&nbsp;de Curso (FCC) e a lota&ccedil;&atilde;o dos(as) docentes no Departamento de Artes C&ecirc;nicas do Centro de Artes e&nbsp;Letras;<\/p>\r\n<p style=\"text-align: justify\">IV &ndash; ao Departamento de Material e Patrim&ocirc;nio (DEMAPA) a adequa&ccedil;&atilde;o dos registros dos m&oacute;veis e&nbsp;equipamentos;<\/p>\r\n<p style=\"text-align: justify\">V &ndash; ao Departamento de Arquivo Geral (DAG) o tratamento dos documentos arquiv&iacute;sticos;<\/p>\r\n<p style=\"text-align: justify\">VI &ndash; ao Centro de Processamento de Dados (CPD) as adequa&ccedil;&otilde;es necess&aacute;rias nos sistemas institucionais;<\/p>\r\n<p style=\"text-align: justify\">VII &ndash; ao Centro de Artes e Letras a organiza&ccedil;&atilde;o dos espa&ccedil;os f&iacute;sicos para a recep&ccedil;&atilde;o dos(as) docentes&nbsp;transferidos(as), laborat&oacute;rios e equipamentos recebidos na transfer&ecirc;ncia e a aloca&ccedil;&atilde;o aulas do curso; e<\/p>\r\n<p style=\"text-align: justify\">VIII &ndash; &agrave; biblioteca central da UFSM o acervo bibliogr&aacute;fico referente ao PPC do curso de Dan&ccedil;a &ndash;&nbsp;Licenciatura.<\/p>\r\n<p style=\"text-align: justify\">Art. 6&deg; A inobserv&acirc;ncia ao disposto nesta Resolu&ccedil;&atilde;o n&atilde;o constitui escusa v&aacute;lida para o descumprimento&nbsp;da norma nem resulta em sua invalidade.<\/p>\r\n<p style=\"text-align: justify\">Art. 7&deg; Esta Resolu&ccedil;&atilde;o entra em vigor em 15 de Janeiro de 2025, de acordo com o que prev&ecirc; o <span style=\"text-decoration: underline\"><span style=\"color: #0000ff\"><a href=\"https:\/\/www.planalto.gov.br\/ccivil_03\/_ato2023-2026\/2024\/decreto\/d12002.htm\"><span style=\"color: #0000ff;text-decoration: underline\">Decreto n&deg;&nbsp;12.002, de 22 de abril de 2024<\/span><\/a><\/span><\/span>, art. 17, inciso IV.<\/p>\r\n<p style=\"text-align: justify\">Par&aacute;grafo &uacute;nico. Havendo qualquer modifica&ccedil;&atilde;o legislativa, ou ainda, havendo qualquer situa&ccedil;&atilde;o legal&nbsp;que impacte na legalidade da presente Resolu&ccedil;&atilde;o, a mesma se aplica de imediato.<\/p>\r\n<p style=\"text-align: justify\">&nbsp;<\/p>\r\n<p style=\"text-align: justify\">Luciano Schuch<\/p>\r\n<p style=\"text-align: justify\">Reitor<\/p>\r\n\r\n<!-- Modifica\u00e7\u00e3o para a Publica\u00e7\u00e3o Original -->\r\n\r\n<p>\r\n<font color=\"red\">Este texto n\u00e3o substitui o documento original, publicado no Portal de Documentos.\r\n<\/font>\r\nDispon\u00edvel em: \r\n<a href=\"https:\/\/portal.ufsm.br\/documentos\/publico\/documento.html?id=15313903\" target=\"_blank\">\r\n<font color=\"blue\">https:\/\/portal.ufsm.br\/documentos\/publico\/documento.html?id=15313903\r\n<\/font>\r\n<\/a>\r\n<\/p>\r\n\t\t<\/div>\n\t\t\t\t<\/div>\n\t\t\t\t\t<\/div>\n\t\t<\/div>\n\t\t\t\t\t<\/div>\n\t\t<\/section>\n\t\t\t\t<\/div>\n\t\t","protected":false},"excerpt":{"rendered":"<p>MINIST\u00c9RIO DA EDUCA\u00c7\u00c3O UNIVERSIDADE FEDERAL DE SANTA MARIA RESOLU\u00c7\u00c3O UFSM N\u00b0 183, DE 05 DE DEZEMBRO DE 2024 Transfere o curso de Dan\u00e7a &#8211; Licenciatura, atualmente vinculado ao Centro de Educa\u00e7\u00e3o F\u00edsica e Desportos (CEFD), para o Centro de Artes e Letras (CAL) da Universidade Federal de Santa Maria (UFSM). O REITOR DA UNIVERSIDADE FEDERAL [&hellip;]<\/p>\n","protected":false},"author":1466,"featured_media":0,"parent":0,"menu_order":0,"comment_status":"closed","ping_status":"closed","template":"","meta":{"footnotes":""},"categories":[],"tags":[],"class_list":["post-6401","page","type-page","status-publish","hentry"],"acf":[],"_links":{"self":[{"href":"https:\/\/www.ufsm.br\/pro-reitorias\/proplan\/wp-json\/wp\/v2\/pages\/6401","targetHints":{"allow":["GET"]}}],"collection":[{"href":"https:\/\/www.ufsm.br\/pro-reitorias\/proplan\/wp-json\/wp\/v2\/pages"}],"about":[{"href":"https:\/\/www.ufsm.br\/pro-reitorias\/proplan\/wp-json\/wp\/v2\/types\/page"}],"author":[{"embeddable":true,"href":"https:\/\/www.ufsm.br\/pro-reitorias\/proplan\/wp-json\/wp\/v2\/users\/1466"}],"replies":[{"embeddable":true,"href":"https:\/\/www.ufsm.br\/pro-reitorias\/proplan\/wp-json\/wp\/v2\/comments?post=6401"}],"version-history":[{"count":0,"href":"https:\/\/www.ufsm.br\/pro-reitorias\/proplan\/wp-json\/wp\/v2\/pages\/6401\/revisions"}],"wp:attachment":[{"href":"https:\/\/www.ufsm.br\/pro-reitorias\/proplan\/wp-json\/wp\/v2\/media?parent=6401"}],"wp:term":[{"taxonomy":"category","embeddable":true,"href":"https:\/\/www.ufsm.br\/pro-reitorias\/proplan\/wp-json\/wp\/v2\/categories?post=6401"},{"taxonomy":"post_tag","embeddable":true,"href":"https:\/\/www.ufsm.br\/pro-reitorias\/proplan\/wp-json\/wp\/v2\/tags?post=6401"}],"curies":[{"name":"wp","href":"https:\/\/api.w.org\/{rel}","templated":true}]}}