{"id":6402,"date":"2025-01-07T10:20:05","date_gmt":"2025-01-07T13:20:05","guid":{"rendered":"https:\/\/www.ufsm.br\/pro-reitorias\/proplan\/?page_id=6402"},"modified":"2025-08-20T13:45:39","modified_gmt":"2025-08-20T16:45:39","slug":"resolucao-ufsm-n-190-2024","status":"publish","type":"page","link":"https:\/\/www.ufsm.br\/pro-reitorias\/proplan\/resolucao-ufsm-n-190-2024","title":{"rendered":"RESOLU\u00c7\u00c3O UFSM N\u00b0 190\/2024"},"content":{"rendered":"\t\t<div data-elementor-type=\"wp-page\" data-elementor-id=\"6402\" class=\"elementor elementor-6402\">\n\t\t\t\t\t\t<section class=\"elementor-section elementor-top-section elementor-element elementor-element-f5430b3 elementor-section-boxed elementor-section-height-default elementor-section-height-default\" data-id=\"f5430b3\" data-element_type=\"section\">\n\t\t\t\t\t\t<div class=\"elementor-container elementor-column-gap-default\">\n\t\t\t\t\t<div class=\"elementor-column elementor-col-100 elementor-top-column elementor-element elementor-element-76f626e\" data-id=\"76f626e\" data-element_type=\"column\">\n\t\t\t<div class=\"elementor-widget-wrap elementor-element-populated\">\n\t\t\t\t\t\t<div class=\"elementor-element elementor-element-f31d1a1 elementor-widget elementor-widget-html\" data-id=\"f31d1a1\" data-element_type=\"widget\" data-widget_type=\"html.default\">\n\t\t\t\t<div class=\"elementor-widget-container\">\n\t\t\t<!-- Cabe\u00e7alho -->\r\n<div align=\"center\">\r\n  <img decoding=\"async\" src=\"https:\/\/www.ufsm.br\/pro-reitorias\/proplan\/wp-content\/uploads\/sites\/344\/2019\/09\/brasao-da-republica-do-brasil-logo.png\" alt=\"Bras\u00e3o Rep\u00fablica Federativa do Brasil\" width=\"6%\" height=\"6%\">\r\n<\/div>\r\n\r\n<h1>\r\n  <font color=\"blue\">\r\n    <font size=\"5\">\r\n      <div align=\"center\">MINIST\u00c9RIO DA EDUCA\u00c7\u00c3O<\/div>\r\n    <\/font>\r\n  <\/font>\r\n<\/h1>\r\n\r\n<p>\r\n  <b>\r\n    <font color=\"0000blue\">\r\n      <div align=\"center\">UNIVERSIDADE FEDERAL DE SANTA MARIA<\/b>\r\n      <\/div>\r\n    <\/font>\r\n<\/p>\r\n\r\n<p>\r\n  <div align=\"center\">\r\n    <b>\r\n      <a href=\"https:\/\/portal.ufsm.br\/documentos\/publico\/documento.html?idDocumento=15316261\" target=\"_blank\">\r\n        <font color=\"blue\">RESOLU\u00c7\u00c3O UFSM N\u00b0 190, DE 23 DE DEZEMBRO DE 2024<\/font>\r\n      <\/a>\r\n    <\/b>\r\n  <\/div>\r\n<\/p>\r\n\r\n<br>\r\n\r\n<!-- Ementa -->\r\n<p style=\"margin-left: 9cm;text-align: justify;color: #800000\">\r\n  Aprova a cria\u00e7\u00e3o do Curso de \u201cSa\u00fade Coletiva\u201d, em n\u00edvel de mestrado acad\u00eamico, do Centro de Ci\u00eancias da Sa\u00fade (CCS) da Universidade Federal de Santa Maria (UFSM).\r\n<\/p>\r\n<br><div align=\"justify\"><font color=\"black\">\r\nAlterada pela&nbsp;<a href=\"https:\/\/www.ufsm.br\/pro-reitorias\/proplan\/resolucao-ufsm-n-200-2025-2\" style=\"color: blue !important;text-decoration: underline !important\" data-elementor-preserved=\"true\">Resolu\u00e7\u00e3o UFSM n\u00b0 200\/2025<\/a>.\r\n<\/font><\/div>\r\n<br>\r\n<!-- Normativo -->\r\n<div align=\"justify\"> \r\n  <div>\r\n    <br>\r\n  <\/div>\r\n  <div>\r\n    <p class=\"MsoNormal\">\r\n      A VICE-REITORA DA UNIVERSIDADE FEDERAL DE SANTA MARIA, no uso de suas atribui\u00e7\u00f5es legais que lhe confere o art. 24 do Estatuto da Universidade Federal de Santa Maria com as adequa\u00e7\u00f5es aprovadas pela \r\n      <a href=\"https:\/\/www.ufsm.br\/pro-reitorias\/proplan\/resolucao-n-037-2010\" style=\"text-decoration: none\">\r\n        <font color=\"blue\"><u>Resolu\u00e7\u00e3o UFSM n\u00b0 037, de 30 de novembro de 2010<\/u><\/font><\/a>, aprovado pela Portaria n\u00b0 156, de 12 de mar\u00e7o de 2014, e publicado no Di\u00e1rio Oficial da Uni\u00e3o em 13 de mar\u00e7o de 2014, tendo em vista a \r\n      <a href=\"https:\/\/www.in.gov.br\/web\/dou\/-\/portaria-n-2.149-de-26-de-dezembro-de-2023-533847857\" style=\"text-decoration: none\">\r\n        <font color=\"blue\"><u>Portaria MEC n\u00b0 2.149, de 27 de dezembro de 2023<\/u><\/font><\/a>, que homologa o \r\n      <a href=\"http:\/\/portal.mec.gov.br\/docman\/dezembro-2023-pdf\/254041-sum012-23\/file\" style=\"text-decoration: none\">\r\n        <font color=\"blue\"><u>Parecer CNE\/CES n\u00b0 915\/2023<\/u><\/font><\/a>, aprovado na reuni\u00e3o ordin\u00e1ria do Conselho Nacional de Educa\u00e7\u00e3o, em dezembro de 2023, e publicado no Di\u00e1rio Oficial da Uni\u00e3o em 15 de dezembro de 2023, a \r\n      <a href=\"https:\/\/www.ufsm.br\/pro-reitorias\/proplan\/resolucao-ufsm-n-139-2023\" style=\"text-decoration: none\">\r\n        <font color=\"blue\"><u>Resolu\u00e7\u00e3o UFSM n\u00b0 139, de 29 de agosto de 2023<\/u><\/font><\/a>, a \r\n      <a href=\"https:\/\/www.ufsm.br\/pro-reitorias\/proplan\/resolucao-ufsm-n-076-2022\" style=\"text-decoration: none\">\r\n        <font color=\"blue\"><u>Resolu\u00e7\u00e3o UFSM n\u00b0 076, de 31 de janeiro de 2022<\/u><\/font><\/a>, e o que consta no Processo n\u00b0\r\n      <a href=\"#\" style=\"text-decoration: none\">\r\n        <font color=\"blue\"><u>23081.012243\/2022-57<\/u><\/font>\r\n      <\/a>, resolve:\r\n    <\/p>\r\n\r\n    <p class=\"MsoNormal\">Art. 1\u00b0 Aprovar a cria\u00e7\u00e3o do Curso de \u201cSa\u00fade Coletiva\u201d, em n\u00edvel de mestrado acad\u00eamico, do Centro de Ci\u00eancias da Sa\u00fade (CCS) da Universidade Federal de Santa Maria (UFSM).<\/p>\r\n\r\n    <p class=\"MsoNormal\"><s>Par\u00e1grafo \u00fanico. Fica atribu\u00eddo o encargo de Coordena\u00e7\u00e3o do Curo de Sa\u00fade Coletiva ao(\u00e0) Diretor(a) do Centro de Ci\u00eancias da Sa\u00fade (CCS) da Universidade Federal de Santa Maria (UFSM).<\/s> <font color=\"black\">\r\n(Revogado pela&nbsp;<a href=\"https:\/\/www.ufsm.br\/pro-reitorias\/proplan\/resolucao-ufsm-n-200-2025-2\" style=\"color: blue !important;text-decoration: underline !important\" data-elementor-preserved=\"true\">Resolu\u00e7\u00e3o UFSM n\u00b0 200\/2025<\/a>)\r\n<\/font><\/div><\/p>\r\n\r\n    <p class=\"MsoNormal\">Art. 2\u00b0 O Artigo 4\u00b0 da \r\n      <a href=\"https:\/\/www.ufsm.br\/pro-reitorias\/proplan\/resolucao-ufsm-n-076-2022\">\r\n        <font color=\"blue\"><u>Resolu\u00e7\u00e3o UFSM n\u00b0 076, de 31 de janeiro de 2022<\/u><\/font><\/a>, passa a vigorar com a seguinte reda\u00e7\u00e3o:\r\n    <\/p>\r\n<br>\r\n<p style=\"margin-left: 2.5cm\">\u201c(...)<\/p>\r\n\r\n<p style=\"margin-left: 2.5cm\">Art. 4\u00b0 Os cursos de P\u00f3s-Gradua\u00e7\u00e3o, com situa\u00e7\u00e3o \u201cem atividade\u201d, do Centro de Ci\u00eancias da Sa\u00fade (CCS), s\u00e3o:<\/p>\r\n\r\n<p style=\"margin-left: 2.5cm\">(...)<\/p>\r\n<p style=\"margin-left: 2.5cm\">VIII - Resid\u00eancia Multiprofissional, em n\u00edvel de Especializa\u00e7\u00e3o;<\/p>\r\n  <p style=\"margin-left: 2.5cm\">IX - Reabilita\u00e7\u00e3o F\u00edsico-Motora, em n\u00edvel de Especializa\u00e7\u00e3o; e<\/p>\r\n<p style=\"margin-left: 2.5cm\">X - Sa\u00fade Coletiva, em n\u00edvel de Mestrado Acad\u00eamico.<\/p>\r\n<p style=\"margin-left: 2.5cm\">(...)\u201d<\/p>\r\n\r\n<p style=\"margin-left: 2.5cm\">(NR)<\/p>\r\n<br>\r\n    <p class=\"MsoNormal\">Art. 3\u00b0 Caber\u00e1:<\/p>\r\n\r\n    <p class=\"MsoNormal\">I - \u00e0 Coordenadoria de Planejamento Administrativo (COPLAD-PROPLAN) proceder \u00e0s altera\u00e7\u00f5es nos Sistemas de Estruturantes da Institui\u00e7\u00e3o; e<\/p>\r\n    <p class=\"MsoNormal\">II - \u00e0 Pr\u00f3-Reitoria de P\u00f3s-Gradua\u00e7\u00e3o e Pesquisa (PRPGP) os ajustes acad\u00eamicos necess\u00e1rios.<\/p>\r\n\r\n    <p class=\"MsoNormal\">Art. 4\u00b0 A inobserv\u00e2ncia ao disposto nesta Resolu\u00e7\u00e3o n\u00e3o constitui escusa v\u00e1lida para o descumprimento da norma nem resulta em sua invalidade.<\/p>\r\n\r\n    <p class=\"MsoNormal\">Art. 5\u00b0 Esta Resolu\u00e7\u00e3o entra em vigor na data de sua publica\u00e7\u00e3o, de acordo com o que prev\u00ea o\r\n      <a href=\"https:\/\/www.planalto.gov.br\/ccivil_03\/_ato2023-2026\/2024\/decreto\/d12002.htm\" style=\"text-decoration: none\">\r\n        <font color=\"blue\"><u>Decreto n\u00b0 12.002, de 22 de abril de 2024<\/u><\/font>\r\n      <\/a>, art. 18, inciso IV.\r\n    <\/p>\r\n\r\n    <p class=\"MsoNormal\">Par\u00e1grafo \u00fanico. Na ocorr\u00eancia de modifica\u00e7\u00f5es legislativas ou situa\u00e7\u00f5es legais que afetem a validade desta Resolu\u00e7\u00e3o, as novas disposi\u00e7\u00f5es ser\u00e3o aplicadas imediatamente.<\/p>\r\n<br>\r\n    <div>Marta Bohrer Adaime<\/div>\r\n    <div>Vice-Reitora<\/div>\r\n    <br>\r\n\r\n    <!-- Modifica\u00e7\u00e3o para a Publica\u00e7\u00e3o Original -->\r\n    <p>\r\n      <font color=\"red\">Este texto n\u00e3o substitui o documento original, publicado no Portal de Documentos.<\/font>\r\n      Dispon\u00edvel em: \r\n      <a href=\"https:\/\/portal.ufsm.br\/documentos\/publico\/documento.html?idDocumento=15316261\" target=\"_blank\">\r\n        <font color=\"blue\">https:\/\/portal.ufsm.br\/documentos\/publico\/documento.html?idDocumento=15316261<\/font>\r\n      <\/a>\r\n    <\/p>\r\n  <\/div>\r\n<\/div>\r\n\t\t<\/div>\n\t\t\t\t<\/div>\n\t\t\t\t\t<\/div>\n\t\t<\/div>\n\t\t\t\t\t<\/div>\n\t\t<\/section>\n\t\t\t\t<\/div>\n\t\t","protected":false},"excerpt":{"rendered":"<p>MINIST\u00c9RIO DA EDUCA\u00c7\u00c3O UNIVERSIDADE FEDERAL DE SANTA MARIA RESOLU\u00c7\u00c3O UFSM N\u00b0 190, DE 23 DE DEZEMBRO DE 2024 Aprova a cria\u00e7\u00e3o do Curso de \u201cSa\u00fade Coletiva\u201d, em n\u00edvel de mestrado acad\u00eamico, do Centro de Ci\u00eancias da Sa\u00fade (CCS) da Universidade Federal de Santa Maria (UFSM). Alterada pela&nbsp;Resolu\u00e7\u00e3o UFSM n\u00b0 200\/2025. A VICE-REITORA DA UNIVERSIDADE FEDERAL [&hellip;]<\/p>\n","protected":false},"author":4883,"featured_media":0,"parent":0,"menu_order":0,"comment_status":"closed","ping_status":"closed","template":"","meta":{"footnotes":""},"categories":[],"tags":[],"class_list":["post-6402","page","type-page","status-publish","hentry"],"acf":[],"_links":{"self":[{"href":"https:\/\/www.ufsm.br\/pro-reitorias\/proplan\/wp-json\/wp\/v2\/pages\/6402","targetHints":{"allow":["GET"]}}],"collection":[{"href":"https:\/\/www.ufsm.br\/pro-reitorias\/proplan\/wp-json\/wp\/v2\/pages"}],"about":[{"href":"https:\/\/www.ufsm.br\/pro-reitorias\/proplan\/wp-json\/wp\/v2\/types\/page"}],"author":[{"embeddable":true,"href":"https:\/\/www.ufsm.br\/pro-reitorias\/proplan\/wp-json\/wp\/v2\/users\/4883"}],"replies":[{"embeddable":true,"href":"https:\/\/www.ufsm.br\/pro-reitorias\/proplan\/wp-json\/wp\/v2\/comments?post=6402"}],"version-history":[{"count":0,"href":"https:\/\/www.ufsm.br\/pro-reitorias\/proplan\/wp-json\/wp\/v2\/pages\/6402\/revisions"}],"wp:attachment":[{"href":"https:\/\/www.ufsm.br\/pro-reitorias\/proplan\/wp-json\/wp\/v2\/media?parent=6402"}],"wp:term":[{"taxonomy":"category","embeddable":true,"href":"https:\/\/www.ufsm.br\/pro-reitorias\/proplan\/wp-json\/wp\/v2\/categories?post=6402"},{"taxonomy":"post_tag","embeddable":true,"href":"https:\/\/www.ufsm.br\/pro-reitorias\/proplan\/wp-json\/wp\/v2\/tags?post=6402"}],"curies":[{"name":"wp","href":"https:\/\/api.w.org\/{rel}","templated":true}]}}