{"id":6403,"date":"2025-01-07T11:38:59","date_gmt":"2025-01-07T14:38:59","guid":{"rendered":"https:\/\/www.ufsm.br\/pro-reitorias\/proplan\/?page_id=6403"},"modified":"2025-08-20T09:28:27","modified_gmt":"2025-08-20T12:28:27","slug":"resolucao-ufsm-n-185-2024","status":"publish","type":"page","link":"https:\/\/www.ufsm.br\/pro-reitorias\/proplan\/resolucao-ufsm-n-185-2024","title":{"rendered":"RESOLU\u00c7\u00c3O UFSM N\u00b0 185\/2024"},"content":{"rendered":"\t\t<div data-elementor-type=\"wp-page\" data-elementor-id=\"6403\" class=\"elementor elementor-6403\">\n\t\t\t\t\t\t<section class=\"elementor-section elementor-top-section elementor-element elementor-element-584b507 elementor-section-boxed elementor-section-height-default elementor-section-height-default\" data-id=\"584b507\" data-element_type=\"section\">\n\t\t\t\t\t\t<div class=\"elementor-container elementor-column-gap-default\">\n\t\t\t\t\t<div class=\"elementor-column elementor-col-100 elementor-top-column elementor-element elementor-element-94737b3\" data-id=\"94737b3\" data-element_type=\"column\">\n\t\t\t<div class=\"elementor-widget-wrap elementor-element-populated\">\n\t\t\t\t\t\t<div class=\"elementor-element elementor-element-ed4536b elementor-widget elementor-widget-html\" data-id=\"ed4536b\" data-element_type=\"widget\" data-widget_type=\"html.default\">\n\t\t\t\t<div class=\"elementor-widget-container\">\n\t\t\t\r\n\r\n<!-- Cabe\u00e7alho -->\r\n\r\n<div align=\"center\">\r\n<img decoding=\"async\" src=\"https:\/\/www.ufsm.br\/pro-reitorias\/proplan\/wp-content\/uploads\/sites\/344\/2019\/09\/brasao-da-republica-do-brasil-logo.png\" alt=\"Bras\u00e3o Rep\u00fablica Federativa do Brasil\" width=\"6%\" height=\"6%\">\r\n<\/div>\r\n\r\n<h1>\r\n<font color=\"blue\">\r\n<font size=\"5\">\r\n<div align=\"center\">MINIST\u00c9RIO DA EDUCA\u00c7\u00c3O\r\n<\/div>\r\n<\/font>\r\n<\/font>\r\n<\/h1>\r\n\r\n<p>\r\n<b>\r\n<font color=\"0000blue\">\r\n<div align=\"center\">UNIVERSIDADE FEDERAL DE SANTA MARIA\r\n<\/b>\r\n<\/div>\r\n<\/font>\r\n<\/p>\r\n\r\n<p>\r\n<div align=\"center\">\r\n<b>\r\n<a href=\"https:\/\/portal.ufsm.br\/documentos\/publico\/documento.html?idDocumento=15316305\" target=\"_blank\">\r\n<font color=\"blue\">RESOLU\u00c7\u00c3O UFSM N\u00b0 185, DE 23 DE DEZEMBRO DE 2024\r\n<\/font>\r\n<\/a>\r\n<\/b>\r\n<\/div>\r\n<\/p>\r\n\r\n<br>\r\n\r\n\r\n\r\n<!-- Ementa -->\r\n\r\n<p style=\"margin-left: 9cm;text-align: justify;color: #800000\">Institui o Programa Institucional de Gradua\u00e7\u00e3o Integrada \u00e0 P\u00f3s-Gradua\u00e7\u00e3o (GradPG) no \u00e2mbito da Universidade Federal de Santa Maria (UFSM).\r\n<\/p>\r\n<div>\r\n<br>\r\n<\/div>\r\n\r\n<!-- Normativo -->\r\n\r\n<p style=\"text-align: justify\">A VICE-REITORA DA UNIVERSIDADE FEDERAL DE SANTA MARIA, no uso de suas atribui&ccedil;&otilde;es legais que lhe confere o art. 24 do Estatuto da Universidade Federal de Santa Maria com as adequa&ccedil;&otilde;es aprovadas pela <span style=\"text-decoration: underline\"><span style=\"color: #0000ff\"><a href=\"https:\/\/www.ufsm.br\/pro-reitorias\/proplan\/resolucao-n-037-2010\"><span style=\"color: #0000ff;text-decoration: underline\">Resolu&ccedil;&atilde;o UFSM n&deg; 037, de 30 de novembro de 2010<\/span><\/a><\/span><\/span>, aprovado pela Portaria n&deg; 156, de 12 de mar&ccedil;o de 2014, e publicado no Di&aacute;rio Oficial da Uni&atilde;o em 13 de mar&ccedil;o de 2014, tendo em vista o disposto na <span style=\"text-decoration: underline\"><span style=\"color: #0000ff\"><a href=\"https:\/\/www.planalto.gov.br\/ccivil_03\/leis\/l9394.htm\"><span style=\"color: #0000ff;text-decoration: underline\">Lei n&deg; 9.394, de 20 de dezembro de 1996<\/span><\/a><\/span><\/span>, a necessidade de atualiza&ccedil;&atilde;o das normativas internas para atender &agrave; <span style=\"text-decoration: underline\"><span style=\"color: #0000ff\"><a href=\"https:\/\/cad.capes.gov.br\/ato-administrativo-detalhar?idAtoAdmElastic=16305\"><span style=\"color: #0000ff;text-decoration: underline\">Portaria CAPES n&deg; 291, de 13 de setembro de 2024<\/span><\/a><\/span><\/span>, e o que consta no Processo n&deg; <span style=\"text-decoration: underline\"><span style=\"color: #0000ff\"><a href=\"https:\/\/portal.ufsm.br\/documentos\/publico\/processo\/documento.html?idDocumento=15260439\"><span style=\"color: #0000ff;text-decoration: underline\">23081.140641\/2024- 24<\/span><\/a><\/span><\/span>, resolve:<\/p>\r\n<br>\r\n<p style=\"text-align: justify\">Art. 1&deg; Instituir o Programa Institucional de Gradua&ccedil;&atilde;o Integrada &agrave; P&oacute;s-Gradua&ccedil;&atilde;o (GradPG) no &acirc;mbito da Universidade Federal de Santa Maria (UFSM).<\/p>\r\n<p style=\"text-align: justify\">Art. 2&deg; O programa tem por objetivo geral incentivar e possibilitar o in&iacute;cio da forma&ccedil;&atilde;o de Mestres(as) e Doutores(as) durante a realiza&ccedil;&atilde;o do curso de gradua&ccedil;&atilde;o.<\/p>\r\n<p style=\"text-align: justify\">Art. 3&deg; S&atilde;o objetivos espec&iacute;ficos do GradPG:<\/p>\r\n<p style=\"text-align: justify\">I - promover a forma&ccedil;&atilde;o integrada de Mestres(as) e Doutores(as), visando &agrave; capacita&ccedil;&atilde;o de pesquisadores(as) em diferentes &aacute;reas de pesquisa;<\/p>\r\n<p style=\"text-align: justify\">II - viabilizar o fomento do Programa por ag&ecirc;ncias de fomento;<\/p>\r\n<p style=\"text-align: justify\">III - estimular a interioriza&ccedil;&atilde;o da pesquisa por meio de redes colaborativas, com coopera&ccedil;&atilde;o nacional e internacional;<\/p>\r\n<p style=\"text-align: justify\">IV - incentivar parcerias entre a UFSM e hospitais, centros de pesquisa, associa&ccedil;&otilde;es, conselhos profissionais, museus, centros oficiais de divulga&ccedil;&atilde;o cient&iacute;fica, institutos ou &oacute;rg&atilde;os de preserva&ccedil;&atilde;o, ind&uacute;strias e parques tecnol&oacute;gicos, para promover a produ&ccedil;&atilde;o de conhecimento e a inova&ccedil;&atilde;o em diversos campos;<\/p>\r\n<p style=\"text-align: justify\">V - viabilizar mecanismos de avalia&ccedil;&atilde;o e divulga&ccedil;&atilde;o para medir o impacto das pesquisas realizadas pelos grupos de pesquisa do GradPG, considerando as atividades de extens&atilde;o e o avan&ccedil;o do conhecimento cient&iacute;fico; e<\/p>\r\n<p style=\"text-align: justify\">VI - incentivar a inser&ccedil;&atilde;o e perman&ecirc;ncia de Mestres(as) e Doutores(as) titulados(as) pelo GradPG no setor produtivo n&atilde;o acad&ecirc;mico e no Sistema Nacional de Ci&ecirc;ncia, Tecnologia e Inova&ccedil;&atilde;o.<\/p>\r\n<p style=\"text-align: justify\">Art. 4&deg; S&atilde;o eleg&iacute;veis para participar do GradPG os(as) discentes regularmente matriculados(as) em cursos de gradua&ccedil;&atilde;o da UFSM que:<\/p>\r\n<p style=\"text-align: justify\">I - apresentarem alto rendimento acad&ecirc;mico;<\/p>\r\n<p style=\"text-align: justify\">II - tenham cumprido pelo menos 50% (cinquenta por cento) da carga hor&aacute;ria ou cr&eacute;ditos obrigat&oacute;rios do curso de gradua&ccedil;&atilde;o; e<\/p>\r\n<p style=\"text-align: justify\">III - tenham participado de projeto de inicia&ccedil;&atilde;o cient&iacute;fica\/tecnol&oacute;gica por no m&iacute;nimo 12 (doze) meses para mestrado ou 24 (vinte e quatro) meses para doutorado.<\/p>\r\n<p style=\"text-align: justify\">Art. 5&deg; A regulamenta&ccedil;&atilde;o geral e o funcionamento do Programa Institucional de Gradua&ccedil;&atilde;o Integrada &agrave; P&oacute;s-Gradua&ccedil;&atilde;o ser&atilde;o definidos por meio de Portaria Normativa conjunta emitida pela Pr&oacute;-Reitoria de P&oacute;sGradua&ccedil;&atilde;o e Pesquisa (PRPGP) e Pr&oacute;-Reitoria de Gradua&ccedil;&atilde;o (PROGRAD), observando a tramita&ccedil;&atilde;o nas inst&acirc;ncias necess&aacute;rias disposta na <span style=\"text-decoration: underline\"><span style=\"color: #0000ff\"><a href=\"https:\/\/www.ufsm.br\/pro-reitorias\/proplan\/resolucao-ufsm-n-054-2021\"><span style=\"color: #0000ff;text-decoration: underline\">Resolu&ccedil;&atilde;o UFSM n&deg; 054, de 1&deg; de junho de 2021<\/span><\/a><\/span><\/span>, ou em outra que venha a substitu&iacute;-la.<\/p>\r\n<p style=\"text-align: justify\">Art. 6&deg; Para aderir ao GradPG, o Programa de P&oacute;s-Gradua&ccedil;&atilde;o dever&aacute; publicar edital espec&iacute;fico, devidamente aprovado pelo Colegiado do Programa, em conformidade com as disposi&ccedil;&otilde;es dos artigos 4&deg; e 5&deg; desta Resolu&ccedil;&atilde;o e demais normativas aplic&aacute;veis.<\/p>\r\n<p style=\"text-align: justify\">&sect; 1&deg; O edital dever&aacute; definir, obrigatoriamente, os crit&eacute;rios para identifica&ccedil;&atilde;o do alto rendimento acad&ecirc;mico.<\/p>\r\n<p style=\"text-align: justify\">&sect; 2&deg; A minuta do edital, ap&oacute;s aprova&ccedil;&atilde;o pelo Colegiado do Programa de P&oacute;s-Gradua&ccedil;&atilde;o, dever&aacute; ser submetida &agrave; an&aacute;lise e valida&ccedil;&atilde;o da Pr&oacute;-Reitoria de P&oacute;s-Gradua&ccedil;&atilde;o antes de sua publica&ccedil;&atilde;o.<\/p>\r\n<p style=\"text-align: justify\">&sect; 3&deg; Caso o funcionamento do GradPG implique em altera&ccedil;&atilde;o curricular dos cursos de gradua&ccedil;&atilde;o, para inser&ccedil;&atilde;o de conte&uacute;dos, a norma prevista no caput dever&aacute; ser aprovada tamb&eacute;m pelo colegiado do curso de gradua&ccedil;&atilde;o envolvido.<\/p>\r\n<p style=\"text-align: justify\">Art. 7&deg; O ingresso dos(as) graduandos(as) no Programa GradPG n&atilde;o configura v&iacute;nculo regular com o curso de p&oacute;s-gradua&ccedil;&atilde;o stricto sensu da UFSM e deve ocorrer sem preju&iacute;zo da necessidade de conclus&atilde;o da gradua&ccedil;&atilde;o para ingresso regular no mestrado ou doutorado.<\/p>\r\n<p style=\"text-align: justify\">Art. 8&deg; A inobserv&acirc;ncia ao disposto nesta Resolu&ccedil;&atilde;o n&atilde;o constitui escusa v&aacute;lida para o descumprimento da norma nem resulta em sua invalidade.<\/p>\r\n<p style=\"text-align: justify\">Art. 9&deg; Esta Resolu&ccedil;&atilde;o entra em vigor na data de sua publica&ccedil;&atilde;o, de acordo com o que prev&ecirc; o <span style=\"text-decoration: underline;color: #0000ff\"><a href=\"https:\/\/www.planalto.gov.br\/ccivil_03\/_ato2023-2026\/2024\/decreto\/d12002.htm\"><span style=\"color: #0000ff;text-decoration: underline\">Decreto n&deg; 12.002, de 22 de abril de 2024<\/span><\/a><\/span>, art. 18, inciso IV.<\/p>\r\n<p style=\"text-align: justify\">Par&aacute;grafo &uacute;nico. Na ocorr&ecirc;ncia de modifica&ccedil;&otilde;es legislativas ou situa&ccedil;&otilde;es legais que afetem a validade desta Resolu&ccedil;&atilde;o, as novas disposi&ccedil;&otilde;es ser&atilde;o aplicadas imediatamente.<\/p>\r\n<p style=\"text-align: justify\">&nbsp;<\/p>\r\n<p style=\"text-align: justify\">Marta Bohrer Adaime<\/p>\r\n<p style=\"text-align: justify\">Vice-Reitora<\/p>\r\n<!-- Modifica\u00e7\u00e3o para a Publica\u00e7\u00e3o Original -->\r\n<br>\r\n<p>\r\n<font color=\"red\">Este texto n\u00e3o substitui o documento original, publicado no Portal de Documentos.\r\n<\/font>\r\nDispon\u00edvel em: \r\n<a href=\"https:\/\/portal.ufsm.br\/documentos\/publico\/documento.html?idDocumento=15316305\" target=\"_blank\">\r\n<font color=\"blue\">https:\/\/portal.ufsm.br\/documentos\/publico\/documento.html?idDocumento=15316305\r\n<\/font>\r\n<\/a>\r\n<\/p>\r\n\t\t<\/div>\n\t\t\t\t<\/div>\n\t\t\t\t\t<\/div>\n\t\t<\/div>\n\t\t\t\t\t<\/div>\n\t\t<\/section>\n\t\t\t\t<\/div>\n\t\t","protected":false},"excerpt":{"rendered":"<p>MINIST\u00c9RIO DA EDUCA\u00c7\u00c3O UNIVERSIDADE FEDERAL DE SANTA MARIA RESOLU\u00c7\u00c3O UFSM N\u00b0 185, DE 23 DE DEZEMBRO DE 2024 Institui o Programa Institucional de Gradua\u00e7\u00e3o Integrada \u00e0 P\u00f3s-Gradua\u00e7\u00e3o (GradPG) no \u00e2mbito da Universidade Federal de Santa Maria (UFSM). A VICE-REITORA DA UNIVERSIDADE FEDERAL DE SANTA MARIA, no uso de suas atribui&ccedil;&otilde;es legais que lhe confere o [&hellip;]<\/p>\n","protected":false},"author":1466,"featured_media":0,"parent":0,"menu_order":0,"comment_status":"closed","ping_status":"closed","template":"","meta":{"footnotes":""},"categories":[],"tags":[],"class_list":["post-6403","page","type-page","status-publish","hentry"],"acf":[],"_links":{"self":[{"href":"https:\/\/www.ufsm.br\/pro-reitorias\/proplan\/wp-json\/wp\/v2\/pages\/6403","targetHints":{"allow":["GET"]}}],"collection":[{"href":"https:\/\/www.ufsm.br\/pro-reitorias\/proplan\/wp-json\/wp\/v2\/pages"}],"about":[{"href":"https:\/\/www.ufsm.br\/pro-reitorias\/proplan\/wp-json\/wp\/v2\/types\/page"}],"author":[{"embeddable":true,"href":"https:\/\/www.ufsm.br\/pro-reitorias\/proplan\/wp-json\/wp\/v2\/users\/1466"}],"replies":[{"embeddable":true,"href":"https:\/\/www.ufsm.br\/pro-reitorias\/proplan\/wp-json\/wp\/v2\/comments?post=6403"}],"version-history":[{"count":0,"href":"https:\/\/www.ufsm.br\/pro-reitorias\/proplan\/wp-json\/wp\/v2\/pages\/6403\/revisions"}],"wp:attachment":[{"href":"https:\/\/www.ufsm.br\/pro-reitorias\/proplan\/wp-json\/wp\/v2\/media?parent=6403"}],"wp:term":[{"taxonomy":"category","embeddable":true,"href":"https:\/\/www.ufsm.br\/pro-reitorias\/proplan\/wp-json\/wp\/v2\/categories?post=6403"},{"taxonomy":"post_tag","embeddable":true,"href":"https:\/\/www.ufsm.br\/pro-reitorias\/proplan\/wp-json\/wp\/v2\/tags?post=6403"}],"curies":[{"name":"wp","href":"https:\/\/api.w.org\/{rel}","templated":true}]}}