{"id":6428,"date":"2025-02-14T09:47:47","date_gmt":"2025-02-14T12:47:47","guid":{"rendered":"https:\/\/www.ufsm.br\/pro-reitorias\/proplan\/?page_id=6428"},"modified":"2025-02-14T09:49:03","modified_gmt":"2025-02-14T12:49:03","slug":"teste-4","status":"publish","type":"page","link":"https:\/\/www.ufsm.br\/pro-reitorias\/proplan\/teste-4","title":{"rendered":"TESTE"},"content":{"rendered":"\t\t<div data-elementor-type=\"wp-page\" data-elementor-id=\"6428\" class=\"elementor elementor-6428\">\n\t\t\t\t\t\t<section class=\"elementor-section elementor-top-section elementor-element elementor-element-3dbc2bc2 elementor-section-boxed elementor-section-height-default elementor-section-height-default\" data-id=\"3dbc2bc2\" data-element_type=\"section\">\n\t\t\t\t\t\t<div class=\"elementor-container elementor-column-gap-default\">\n\t\t\t\t\t<div class=\"elementor-column elementor-col-100 elementor-top-column elementor-element elementor-element-23c2466a\" data-id=\"23c2466a\" data-element_type=\"column\">\n\t\t\t<div class=\"elementor-widget-wrap elementor-element-populated\">\n\t\t\t\t\t\t<div class=\"elementor-element elementor-element-7707bc36 elementor-widget elementor-widget-text-editor\" data-id=\"7707bc36\" data-element_type=\"widget\" data-widget_type=\"text-editor.default\">\n\t\t\t\t<div class=\"elementor-widget-container\">\n\t\t\t\t\t\t\t<!-- wp:tadv\/classic-paragraph \/-->\t\t\t\t\t\t<\/div>\n\t\t\t\t<\/div>\n\t\t\t\t\t<\/div>\n\t\t<\/div>\n\t\t\t\t\t<\/div>\n\t\t<\/section>\n\t\t\t\t<section class=\"elementor-section elementor-top-section elementor-element elementor-element-1ec7251 elementor-section-boxed elementor-section-height-default elementor-section-height-default\" data-id=\"1ec7251\" data-element_type=\"section\">\n\t\t\t\t\t\t<div class=\"elementor-container elementor-column-gap-default\">\n\t\t\t\t\t<div class=\"elementor-column elementor-col-100 elementor-top-column elementor-element elementor-element-abf4af1\" data-id=\"abf4af1\" data-element_type=\"column\">\n\t\t\t<div class=\"elementor-widget-wrap elementor-element-populated\">\n\t\t\t\t\t\t<div class=\"elementor-element elementor-element-30bd1f7 elementor-widget elementor-widget-html\" data-id=\"30bd1f7\" data-element_type=\"widget\" data-widget_type=\"html.default\">\n\t\t\t\t<div class=\"elementor-widget-container\">\n\t\t\t<div align=\"center\">\r\n<img decoding=\"async\" src=\"https:\/\/www.ufsm.br\/pro-reitorias\/proplan\/wp-content\/uploads\/sites\/344\/2019\/09\/brasao-da-republica-do-brasil-logo.png\" alt=\"Bras\u00e3o Rep\u00fablica Federativa do Brasil\" width=\"6%\" height=\"6%\">\r\n<\/div>\r\n<h4>\r\n<font color=\"blue\">\r\n<font size=\"5\">\r\n<\/font>\r\n<\/font>\r\n<div align=\"center\">\r\n<font color=\"blue\">\r\n<font size=\"5\">MINIST\u00c9RIO DA EDUCA\u00c7\u00c3O<\/font>\r\n<\/font>\r\n<\/div>\r\n<\/h4>\r\n<p>\r\n<b>\r\n<font color=\"0000blue\">\r\n<\/font>\r\n<\/b>\r\n<\/p>\r\n<div align=\"center\">\r\n<b>\r\n<font color=\"0000blue\">UNIVERSIDADE FEDERAL DE SANTA MARIA<\/font>\r\n<\/b>\r\n<\/div>\r\n<p class=\"MsoNormal\" align=\"center\" style=\"text-align:center\">\r\n<span lang=\"PT-BR\">\r\n<br>\r\n<\/span>\r\n<\/p>\r\n<div class=\"normal-text\" style=\"text-align: center\">\r\n<\/div>\r\n<p class=\"MsoNormal\" align=\"center\" style=\"text-align:center\">\r\n<span lang=\"PT-BR\">\r\n<\/span>\r\n<\/p>\r\n<div class=\"normal-text\" style=\"text-align: center\">\r\n<\/div>\r\n<p>\r\n<\/p>\r\n<p class=\"MsoNormal\" align=\"center\" style=\"text-align:center\">\r\n<span lang=\"PT-BR\">RESOLU\u00c7\u00c3O UFSM N<\/span>\r\n<span lang=\"PT-BR\">\u00b0<\/span>\r\n<span lang=\"PT-BR\"> <span style=\"background:yellow\">0XX, DE XX DE XXXX<\/span> DE 2025\r\n\r\n<\/span>\r\n<\/p>\r\n\r\n<p class=\"MsoNormal\">\r\n<span lang=\"PT-BR\">&nbsp;<\/span>\r\n<\/p>\r\n\r\n<p class=\"MsoNormal\" style=\"margin-left:9.0cm\">\r\n<span lang=\"PT-BR\">\r\n<span style=\"color:#800000;text-align:justify;margin-left: 9cm\">Aprova a cria\u00e7\u00e3o da \u00c1rea B\u00e1sica de Ingresso (ABI) Educa\u00e7\u00e3o F\u00edsica, n\u00edvel de gradua\u00e7\u00e3o, na estrutura organizacional do Centro de Educa\u00e7\u00e3o F\u00edsica e Desportos (CEFD), da Universidade Federal de Santa Maria (UFSM).<\/span>\r\n\r\n\r\n<\/span>\r\n<\/p>\r\n\r\n<p class=\"MsoNormal\" style=\"margin-left:9.0cm\">\r\n<span lang=\"PT-BR\" style=\"color:black\">&nbsp;<\/span>\r\n<\/p>\r\n\r\n<p class=\"MsoNormal\">\r\n<span lang=\"PT-BR\">O REITOR DA UNIVERSIDADE FEDERAL DE SANTA\r\nMARIA, no uso de suas atribui\u00e7\u00f5es legais que lhe confere o art. 30 do Estatuto\r\nda Universidade Federal de Santa Maria com as adequa\u00e7\u00f5es aprovadas pela\r\nResolu\u00e7\u00e3o UFSM n\u00b0 037, de 30 de novembro de 2010, aprovado pela Portaria n\u00b0\r\n156, de 12 de mar\u00e7o de 2014, e publicado no Di\u00e1rio Oficial da Uni\u00e3o em 13 de\r\nmar\u00e7o de 2014, tendo em vista o disposto no <a href=\"https:\/\/www.planalto.gov.br\/ccivil_03\/_ato2015-2018\/2017\/decreto\/d9235.htm\" style=\"text-decoration: underline\">\r\n<font color=\"#0000ff\">Decreto n\u00b0 9.235, de 15 de dezembro de 2017<\/font>\r\n<\/a>, a Resolu\u00e7\u00e3o CNE\/CES n\u00b0 06, de 18 de dezembro de 2018, bem como a\r\nResolu\u00e7\u00e3o UFSM n\u00b0 029, de 05 de novembro de 2020, al\u00e9m do que consta no\r\nProcesso n\u00b0 23081.114239\/2024-94, resolve:\r\n\r\n<\/span>\r\n<\/p>\r\n\r\n<p class=\"MsoNormal\">\r\n<span lang=\"PT-BR\">&nbsp;<\/span>\r\n<\/p>\r\n\r\n<p class=\"MsoNormal\">\r\n<span lang=\"PT-BR\">Art. 1\u00b0&nbsp;\r\nAprovar a cria\u00e7\u00e3o da \u00c1rea B\u00e1sica de Ingresso (ABI) Educa\u00e7\u00e3o F\u00edsica,\r\nn\u00edvel de gradua\u00e7\u00e3o, na estrutura organizacional do Centro de Educa\u00e7\u00e3o F\u00edsica e\r\nDesportos (CEFD), da Universidade Federal de Santa Maria <\/span>\r\n<span lang=\"PT-BR\">(UFSM)<\/span>\r\n<span lang=\"PT-BR\">.\r\n\r\n<\/span>\r\n<\/p>\r\n\r\n<p class=\"MsoNormal\">\r\n<span lang=\"PT-BR\">\u00a7 1\u00b0&nbsp;\r\nA \u00c1rea B\u00e1sica de Ingresso ofertar\u00e1 132 (cento e trinta e duas) vagas\r\ndiscentes, com ingresso no 1\u00b0 (primeiro) e 2\u00b0 (segundo) semestre de cada ano e\r\nfuncionamento em turno integral.\r\n\r\n<\/span>\r\n<\/p>\r\n\r\n<p class=\"MsoNormal\">\r\n<span lang=\"PT-BR\">\u00a7&nbsp;\r\n2\u00b0&nbsp; As vagas discentes ser\u00e3o\r\noriundas da soma das vagas dos cursos j\u00e1 existentes de Educa\u00e7\u00e3o F\u00edsica, sendo:\r\n\r\n<\/span>\r\n<\/p>\r\n\r\n<p class=\"MsoNormal\">\r\n<span lang=\"PT-BR\">I - 66 (sessenta e seis) vagas anuais do\r\ncurso de bacharelado; e\r\n\r\n<\/span>\r\n<\/p>\r\n\r\n<p class=\"MsoNormal\">\r\n<span lang=\"PT-BR\">II - 66 (sessenta e seis) vagas anuais do\r\ncurso de licenciatura.\r\n\r\n<\/span>\r\n<\/p>\r\n\r\n<p class=\"MsoNormal\">\r\n<span lang=\"PT-BR\">Art. 2\u00b0&nbsp;\r\nA cria\u00e7\u00e3o da \u00c1rea B\u00e1sica de Ingresso n\u00e3o altera a exist\u00eancia e funcionamento\r\ndos cursos listados no \u00a7 2\u00b0 do art. 1\u00b0, desta Resolu\u00e7\u00e3o, os quais permanecer\u00e3o\r\ncom o mesmo quantitativo de vagas discentes.\r\n\r\n<\/span>\r\n<\/p>\r\n\r\n<p class=\"MsoNormal\">\r\n<span lang=\"PT-BR\">Art. 3\u00b0&nbsp;\r\nCaber\u00e1:\r\n\r\n<\/span>\r\n<\/p>\r\n\r\n<p class=\"MsoNormal\">\r\n<span lang=\"PT-BR\">I - \u00e0 Coordenadoria de Planejamento Administrativo\r\n(COPLAD-PROPLAN) proceder \u00e0s altera\u00e7\u00f5es nos Sistemas de Estruturantes da\r\nInstitui\u00e7\u00e3o;\r\n\r\n<\/span>\r\n<\/p>\r\n\r\n<p class=\"MsoNormal\">\r\n<span lang=\"PT-BR\">II - ao Departamento de Arquivo Geral\r\n(DAG), o tratamento dos documentos arquiv\u00edsticos; e\r\n\r\n<\/span>\r\n<\/p>\r\n\r\n<p class=\"MsoNormal\">\r\n<span lang=\"PT-BR\">III - ao Centro de Processamento de Dados\r\n(CPD), as adequa\u00e7\u00f5es necess\u00e1rias nos sistemas institucionais.\r\n\r\n<\/span>\r\n<\/p>\r\n\r\n<p class=\"MsoNormal\">\r\n<span lang=\"PT-BR\">Art.\r\n4<\/span>\r\n<span lang=\"PT-BR\">\u00b0 <\/span>\r\n<span lang=\"PT-BR\">&nbsp;A inobserv\u00e2ncia ao disposto nesta Resolu\u00e7\u00e3o\r\nn\u00e3o constitui escusa v\u00e1lida para o descumprimento da norma nem resulta em sua\r\ninvalidade.\r\n\r\n<\/span>\r\n<\/p>\r\n\r\n<p class=\"MsoNormal\">\r\n<span lang=\"PT-BR\">Art.\r\n5<\/span>\r\n<span lang=\"PT-BR\">\u00b0 <\/span>\r\n<span lang=\"PT-BR\">&nbsp;Esta Resolu\u00e7\u00e3o entra em vigor na data de publica\u00e7\u00e3o,\r\nde acordo com o que prev\u00ea o Decreto n<\/span>\r\n<span lang=\"PT-BR\">\u00b0<\/span>\r\n<span lang=\"PT-BR\">\r\n12.002, de 22 de abril de 2024, art. 18, inciso IV. \r\n\r\n<\/span>\r\n<\/p>\r\n\r\n<p class=\"MsoNormal\">\r\n<span lang=\"PT-BR\">Par\u00e1grafo\r\n\u00fanico.&nbsp; Na ocorr\u00eancia de modifica\u00e7\u00f5es\r\nlegislativas ou situa\u00e7\u00f5es legais que afetem a validade desta Resolu\u00e7\u00e3o, as\r\nnovas disposi\u00e7\u00f5es ser\u00e3o aplicadas imediatamente.\r\n\r\n<\/span>\r\n<\/p>\r\n\r\n<p class=\"MsoNormal\">\r\n<span lang=\"PT-BR\">&nbsp;<\/span>\r\n<\/p>\r\n\r\n<p class=\"MsoNormal\" align=\"right\" style=\"text-align:right\">\r\n<span lang=\"PT-BR\">Luciano Schuch\r\n\r\n<\/span>\r\n<\/p>\r\n\r\n<p class=\"MsoNormal\" align=\"right\" style=\"text-align:right\">\r\n<span lang=\"PT-BR\">Reitor\r\n\r\n<\/span>\r\n<\/p>\r\n\r\n<p class=\"MsoNormal\">\r\n<span lang=\"PT-BR\">&nbsp;<\/span>\r\n<span style=\"color: red\">Este texto n\u00e3o substitui o documento original, publicado no Portal de Documentos.<\/span> Dispon\u00edvel em (insira o link do portal aqui):<\/p>\t\t<\/div>\n\t\t\t\t<\/div>\n\t\t\t\t\t<\/div>\n\t\t<\/div>\n\t\t\t\t\t<\/div>\n\t\t<\/section>\n\t\t\t\t<\/div>\n\t\t","protected":false},"excerpt":{"rendered":"<p>MINIST\u00c9RIO DA EDUCA\u00c7\u00c3O UNIVERSIDADE FEDERAL DE SANTA MARIA RESOLU\u00c7\u00c3O UFSM N \u00b0 0XX, DE XX DE XXXX DE 2025 &nbsp; Aprova a cria\u00e7\u00e3o da \u00c1rea B\u00e1sica de Ingresso (ABI) Educa\u00e7\u00e3o F\u00edsica, n\u00edvel de gradua\u00e7\u00e3o, na estrutura organizacional do Centro de Educa\u00e7\u00e3o F\u00edsica e Desportos (CEFD), da Universidade Federal de Santa Maria (UFSM). &nbsp; O REITOR [&hellip;]<\/p>\n","protected":false},"author":4883,"featured_media":0,"parent":0,"menu_order":0,"comment_status":"closed","ping_status":"closed","template":"","meta":{"footnotes":""},"categories":[],"tags":[],"class_list":["post-6428","page","type-page","status-publish","hentry"],"acf":[],"_links":{"self":[{"href":"https:\/\/www.ufsm.br\/pro-reitorias\/proplan\/wp-json\/wp\/v2\/pages\/6428","targetHints":{"allow":["GET"]}}],"collection":[{"href":"https:\/\/www.ufsm.br\/pro-reitorias\/proplan\/wp-json\/wp\/v2\/pages"}],"about":[{"href":"https:\/\/www.ufsm.br\/pro-reitorias\/proplan\/wp-json\/wp\/v2\/types\/page"}],"author":[{"embeddable":true,"href":"https:\/\/www.ufsm.br\/pro-reitorias\/proplan\/wp-json\/wp\/v2\/users\/4883"}],"replies":[{"embeddable":true,"href":"https:\/\/www.ufsm.br\/pro-reitorias\/proplan\/wp-json\/wp\/v2\/comments?post=6428"}],"version-history":[{"count":0,"href":"https:\/\/www.ufsm.br\/pro-reitorias\/proplan\/wp-json\/wp\/v2\/pages\/6428\/revisions"}],"wp:attachment":[{"href":"https:\/\/www.ufsm.br\/pro-reitorias\/proplan\/wp-json\/wp\/v2\/media?parent=6428"}],"wp:term":[{"taxonomy":"category","embeddable":true,"href":"https:\/\/www.ufsm.br\/pro-reitorias\/proplan\/wp-json\/wp\/v2\/categories?post=6428"},{"taxonomy":"post_tag","embeddable":true,"href":"https:\/\/www.ufsm.br\/pro-reitorias\/proplan\/wp-json\/wp\/v2\/tags?post=6428"}],"curies":[{"name":"wp","href":"https:\/\/api.w.org\/{rel}","templated":true}]}}