{"id":6433,"date":"2025-02-27T10:47:56","date_gmt":"2025-02-27T13:47:56","guid":{"rendered":"https:\/\/www.ufsm.br\/pro-reitorias\/proplan\/?page_id=6433"},"modified":"2025-02-27T10:48:21","modified_gmt":"2025-02-27T13:48:21","slug":"anexo-i-da-instrucao-normativa-pre-ufsm-n-001-2025","status":"publish","type":"page","link":"https:\/\/www.ufsm.br\/pro-reitorias\/proplan\/anexo-i-da-instrucao-normativa-pre-ufsm-n-001-2025","title":{"rendered":"ANEXO I DA INSTRU\u00c7\u00c3O NORMATIVA PRE\/UFSM N\u00b0 001\/2025"},"content":{"rendered":"\t\t<div data-elementor-type=\"wp-page\" data-elementor-id=\"6433\" class=\"elementor elementor-6433\">\n\t\t\t\t\t\t<section class=\"elementor-section elementor-top-section elementor-element elementor-element-74382cf elementor-section-boxed elementor-section-height-default elementor-section-height-default\" data-id=\"74382cf\" data-element_type=\"section\">\n\t\t\t\t\t\t<div class=\"elementor-container elementor-column-gap-default\">\n\t\t\t\t\t<div class=\"elementor-column elementor-col-100 elementor-top-column elementor-element elementor-element-cb4bf47\" data-id=\"cb4bf47\" data-element_type=\"column\">\n\t\t\t<div class=\"elementor-widget-wrap elementor-element-populated\">\n\t\t\t\t\t\t<div class=\"elementor-element elementor-element-fb8b8e8 elementor-widget elementor-widget-html\" data-id=\"fb8b8e8\" data-element_type=\"widget\" data-widget_type=\"html.default\">\n\t\t\t\t<div class=\"elementor-widget-container\">\n\t\t\t<div align=\"center\"><img decoding=\"async\" src=\"https:\/\/www.ufsm.br\/pro-reitorias\/proplan\/wp-content\/uploads\/sites\/344\/2019\/09\/brasao-da-republica-do-brasil-logo.png\" alt=\"Bras\u00e3o Rep\u00fablica Federativa do Brasil\" width=\"6%\" height=\"6%\"><\/div>    \r\n<h1><font color=\"blue\"><font size=\"5\"><div align=\"center\">MINIST\u00c9RIO DA EDUCA\u00c7\u00c3O<\/b><\/font><\/font><\/div><\/H1>\r\n<p><b><font color=\"0000blue\"><div align=\"center\">UNIVERSIDADE FEDERAL DE SANTA MARIA<\/b><\/font><\/div><\/p>\r\n<p><b><font color=\"0000blue\"><div align=\"center\">PR\u00d3-REITORIA DE EXTENS\u00c3O<\/b><\/font><\/div><\/p>\r\n\r\n\r\n<br>\r\n<ul><ul><ul><ul><ul><ul><ul><ul><ul><ul><ul><ul><ul><ul><ul><ul><ul><ul><ul><ul><ul>\r\n<p><div align=\"justify\">ANEXO I DA INSTRU\u00c7\u00c3O NORMATIVA PRE\/UFSM N\u00b0 001, DE 26 DE FEVEREIRO DE 2025.<\/font><\/div><\/p> \r\n<\/ul><\/ul><\/ul><\/ul><\/ul><\/ul><\/ul><\/ul><\/ul><\/ul><\/ul><\/ul><\/ul><\/ul><\/ul><\/ul><\/ul><\/ul><\/ul><\/ul><\/ul>\r\n\r\n<br>\r\n<p class=\"docData;DOCY;v5;5976;BQiAAgAAEYQCAAAGiAIAAAPMFAAABdoUAAAAAAAAAAAAAAAAAAAAAAAAAAAAAAAAAAAAAAAAAAAAAAAAAAAAAAAAAAAAAAAAAAAAAAAAAAAAAAAAAAAAAAAAAAAAAAAAAAAAAAAAAAAAAAAAAAAAAAAAAAAAAAAAAAAAAAAAAAAAAAAAAAAAAAAAAAAAAAAAAAAAAAAAAAAAAAAAAAAAAAAAAAAAAAAAAAAAAAAAAAAAAAAAAAAAAAAAAAAAAAAAAAAAAAAAAAAAAAAAAAAAAAAAAAAAAAAAAAAAAAAAAAAAAAAAAAAAAAAAAAAAAAAAAAAAAAAAAAAAAAAAAAAAAAAAAAAAAAAAAAAAAAAAAAAAAAAAAAAAAAAAAAAAAAAAAAAAAAAAAAAAAAAAAAAAAAAAAAAAAAAAAAAAAAAAAAAAAAAAAAAAAAAAAAAAAAAAAAAAAAAAAAAAAAAAAAAAAAAAAAAAAAAAAAAAAAAAAAAAAAAAAAAAAAAAAAAAAAAAAAAAAAAAAAAAAAAAAAAAAAAAAAAAAAAAAAAAAAAAAAAAAAAAAAAAAAAAAAAAAAAAAAAAAAAAAAAAAAAAAAAAAAAAAAAAAAAAAAAAAAAAAAAAAAAAAAAAAAAAAAAAAAAAAAAAAAAAAAAAAAAAAAAAAAAAAAAAAAAAAAAAAAAAAAAAAAAAAAAAAAAAAAAAAAAAAAAAAAAAAAAAAAAAAAAAAAAAAAAAAAAAAAAAAAAAAAAAAAAAAAAAAAAAAAAAAAAAAAAAAAAAAAAAAAAAAAAAAAAAAAAAAAAAAAAAAAAAAAAAAAAAAAAAAAAAAAAAAAAAAAAAAAAAAAAAAAAAAAAAAAAAAAAAAAAAQBIAAADjAAAAAScAAAAVBgYAAAA3ADgANAABBgAAAAAFAQIJBgAAAAAaBgAAAAAbBgAAAAACsgAAAAUpAAAAAQAAAAAIHwAAAAAaAAAASgBVAFMAVABJAEYASQBDAEEAVABJAFYAQQAFYQAAAAEAAAAACFcAAAAAUgAAACAARABFACAAUABBAEcAQQBNAEUATgBUAE8AIABEAEUAIABCAE8ATABTAEEAIABDAE8ATQAgAFYAQQBMAE8AUgAgAFMAVQBQAEUAUgBJAE8AUgAFCgAAAAEAAAAACAAAAAAFCgAAAAEAAAAACAAAAAAAWwAAAAEkAAAAFQYGAAAANwA4ADQAAQYAAAAACQYAAAAAGgYAAAAAGwYAAAAAAi0AAAAFCgAAAAEAAAAACAAAAAAFCgAAAAEAAAAACAAAAAAFCgAAAAEAAAAACAAAAAAACggAAAEkAAAAFQYGAAAANwA4ADQAAQYAAAAACQYAAAAAGgYAAAAAGwYAAAAAAtwHAAAFJQAAAAEAAAAACBsAAAAAFgAAAFMAbwBsAGkAYwBpAHQAYQBtAG8AcwAFFQAAAAEAAAAACAsAAAAABgAAACAAbwAgAAUhAAAAAQAAAAAIFwAAAAASAAAAcABhAGcAYQBtAGUAbgB0AG8ABRcAAAABAAAAAAgNAAAAAAgAAAAgAGQAZQAgAAUZAAAAAQAAAAAIDwAAAAAKAAAAYgBvAGwAcwBhAAUrAAAAAQAAAAAIIQAAAAAcAAAAIABuAG8AIAB2AGEAbABvAHIAIABkAGUAIAAoAAUkAAAAAQUAAAAJA\/8AAAgVAAAAABAAAABlAHMAYwByAGUAdgBlAHIABSAAAAABBQAAAAkD\/wAACBEAAAAADAAAACAAdgBhAGwAbwByAAUnAAAAAQAAAAAIHQAAAAAYAAAAKQAgAHAAYQByAGEAIABvACgAYQApACAABR8AAAABAAAAAAgVAAAAABAAAABiAG8AbABzAGkAcwB0AGEABRMAAAABAAAAAAgJAAAAAAQAAAAgACgABRwAAAABBQAAAAkD\/wAACA0AAAAACAAAAG4AbwBtAGUABSIAAAABBQAAAAkD\/wAACBMAAAAADgAAACAAZABhACgAbwApACAABSQAAAABBQAAAAkD\/wAACBUAAAAAEAAAAGIAbwBsAHMAaQBzAHQAYQAXHAAAAAAEAAAAAAAAAAEOAAAAXwBHAG8AQgBhAGMAawAFCgAAAAEAAAAACAAAAAAYCQAAAAAEAAAAAAAAAAUTAAAAAQAAAAAICQAAAAAEAAAAKQAgAAUhAAAAAQAAAAAIFwAAAAASAAAAbQBhAHQAcgDtAGMAdQBsAGEABRMAAAABAAAAAAgJAAAAAAQAAAAgACgABSAAAAABBQAAAAkD\/wAACBEAAAAADAAAAG4A+gBtAGUAcgBvAAUcAAAAAQUAAAAJA\/8AAAgNAAAAAAgAAAAgAGQAYQAgAAUmAAAAAQUAAAAJA\/8AAAgXAAAAABIAAABtAGEAdAByAO0AYwB1AGwAYQAFEwAAAAEAAAAACAkAAAAABAAAACkAIAAFIQAAAAEAAAAACBcAAAAAEgAAAHIAZQBmAGUAcgBlAG4AdABlAAUVAAAAAQAAAAAICwAAAAAGAAAAIADgACAABRUAAAABAAAAAAgLAAAAAAYAAABzAHUAYQAFEQAAAAEAAAAACAcAAAAAAgAAACAABR0AAAABAAAAAAgTAAAAAA4AAABhAHQAdQBhAOcA4wBvAAUXAAAAAQAAAAAIDQAAAAAIAAAAIABuAG8AIAAFFQAAAAEAAAAACAsAAAAABgAAAG0A6gBzAAUZAAAAAQAAAAAIDwAAAAAKAAAAIABkAGUAIAAoAAUaAAAAAQUAAAAJA\/8AAAgLAAAAAAYAAABtAOoAcwAFFQAAAAEAAAAACAsAAAAABgAAACkALgAgAAUlAAAAAQAAAAAIGwAAAAAWAAAAUwBvAGwAaQBjAGkAdABhAG0AbwBzAAURAAAAAQAAAAAIBwAAAAACAAAAIAAFIQAAAAEAAAAACBcAAAAAEgAAAHAAYQBnAGEAbQBlAG4AdABvAAU1AAAAAQAAAAAIKwAAAAAmAAAAIABkAGUAIAB2AGEAbABvAHIAIABzAHUAcABlAHIAaQBvAHIAIAAFEwAAAAEAAAAACAkAAAAABAAAAGEAbwAFEQAAAAEAAAAACAcAAAAAAgAAACAABScAAAABAAAAAAgdAAAAABgAAABlAHMAdABhAGIAZQBsAGUAYwBpAGQAbwAFEQAAAAEAAAAACAcAAAAAAgAAACAABRMAAAABAAAAAAgJAAAAAAQAAABuAGEABREAAAABAAAAAAgHAAAAAAIAAAAgAAUhAAAAAQAAAAAIFwAAAAASAAAASQBuAHMAdAByAHUA5wDjAG8ABREAAAABAAAAAAgHAAAAAAIAAAAgAAUhAAAAAQAAAAAIFwAAAAASAAAATgBvAHIAbQBhAHQAaQB2AGEABTkAAAABAAAAAAgvAAAAACoAAAAgAFAAUgBFAC8AVQBGAFMATQAgAG4AsAAgADAAMAAxACwAIABkAGUAIAAFIwAAAAEQAAAAGQYKAAAAcAB0AC0AQgBSAAgJAAAAAAQAAAAyADYABRcAAAABAAAAAAgNAAAAAAgAAAAgAGQAZQAgAAUxAAAAARAAAAAZBgoAAABwAHQALQBCAFIACBcAAAAAEgAAAGYAZQB2AGUAcgBlAGkAcgBvAAUfAAAAAQAAAAAIFQAAAAAQAAAAIABkAGUAIAAyADAAMgA1AAUTAAAAAQAAAAAICQAAAAAEAAAALAAgAAUXAAAAAQAAAAAIDQAAAAAIAAAAcABlAGwAbwAFEQAAAAEAAAAACAcAAAAAAgAAACAABRcAAAABAAAAAAgNAAAAAAgAAABmAGEAdABvAAUZAAAAAQAAAAAIDwAAAAAKAAAAIABkAGUAIAAoAAUmAAAAAQUAAAAJA\/8AAAgXAAAAABIAAABkAGUAcwBjAHIAZQB2AGUAcgAFGgAAAAEFAAAACQP\/AAAICwAAAAAGAAAAIABvACAABSAAAAABBQAAAAkD\/wAACBEAAAAADAAAAG0AbwB0AGkAdgBvAAUTAAAAAQAAAAAICQAAAAAEAAAAKQAuAAUKAAAAAQAAAAAIAAAAAAUKAAAAAQAAAAAIAAAAAABzAAAAASoAAAAVBgYAAAA3ADgANAABBgAAAAAJBgAAAAAaBgYAAAAIBBoAAAAbBgAAAAACPwAAAAUQAAAAAQYAAAAIBBoAAAAIAAAAAAUQAAAAAQYAAAAIBBoAAAAIAAAAAAUQAAAAAQYAAAAIBBoAAAAIAAAAAABzAAAAASoAAAAVBgYAAAA3ADgANAABBgAAAAAJBgAAAAAaBgYAAAAIBBoAAAAbBgAAAAACPwAAAAUQAAAAAQYAAAAIBBoAAAAIAAAAAAUQAAAAAQYAAAAIBBoAAAAIAAAAAAUQAAAAAQYAAAAIBBoAAAAIAAAAAABzAAAAASoAAAAVBgYAAAA3ADgANAABBgAAAAAJBgAAAAAaBgYAAAAIBBoAAAAbBgAAAAACPwAAAAUQAAAAAQYAAAAIBBoAAAAIAAAAAAUQAAAAAQYAAAAIBBoAAAAIAAAAAAUQAAAAAQYAAAAIBBoAAAAIAAAAAABzAAAAASoAAAAVBgYAAAA3ADgANAABBgAAAAAJBgAAAAAaBgYAAAAIBBoAAAAbBgAAAAACPwAAAAUQAAAAAQYAAAAIBBoAAAAIAAAAAAUQAAAAAQYAAAAIBBoAAAAIAAAAAAUQAAAAAQYAAAAIBBoAAAAIAAAAAABzAAAAASoAAAAVBgYAAAA3ADgANAABBgAAAAAJBgAAAAAaBgYAAAAIBBoAAAAbBgAAAAACPwAAAAUQAAAAAQYAAAAIBBoAAAAIAAAAAAUQAAAAAQYAAAAIBBoAAAAIAAAAAAUQAAAAAQYAAAAIBBoAAAAIAAAAAABzAAAAASoAAAAVBgYAAAA3ADgANAABBgAAAAAJBgAAAAAaBgYAAAAIBBoAAAAbBgAAAAACPwAAAAUQAAAAAQYAAAAIBBoAAAAIAAAAAAUQAAAAAQYAAAAIBBoAAAAIAAAAAAUQAAAAAQYAAAAIBBoAAAAIAAAAAADtAAAAAS0AAAAVBgYAAAA3ADgANAABBgAAAAAFAQAJBgAAAAAaBgYAAAAIBBoAAAAbBgAAAAACtgAAAAVHAAAAAQAAAAAIPQAAAAA4AAAAUwBhAG4AdABhACAATQBhAHIAaQBhACwAIABfAF8AXwAgAGQAZQAgAF8AXwBfAF8AXwBfAF8AIAAFEwAAAAEAAAAACAkAAAAABAAAAGQAZQAFIwAAAAEAAAAACBkAAAAAFAAAACAAXwBfAF8AXwBfAF8AXwBfAC4ABRAAAAABBgAAAAgEGgAAAAgAAAAABRAAAAABBgAAAAgEGgAAAAgAAAAAAHMAAAABKgAAABUGBgAAADcAOAA0AAEGAAAAAAkGAAAAABoGBgAAAAgEGgAAABsGAAAAAAI\/AAAABRAAAAABBgAAAAgEGgAAAAgAAAAABRAAAAABBgAAAAgEGgAAAAgAAAAABRAAAAABBgAAAAgEGgAAAAgAAAAAAHMAAAABKgAAABUGBgAAADcAOAA0AAEGAAAAAAkGAAAAABoGBgAAAAgEGgAAABsGAAAAAAI\/AAAABRAAAAABBgAAAAgEGgAAAAgAAAAABRAAAAABBgAAAAgEGgAAAAgAAAAABRAAAAABBgAAAAgEGgAAAAgAAAAAAHMAAAABKgAAABUGBgAAADcAOAA0AAEGAAAAAAkGAAAAABoGBgAAAAgEGgAAABsGAAAAAAI\/AAAABRAAAAABBgAAAAgEGgAAAAgAAAAABRAAAAABBgAAAAgEGgAAAAgAAAAABRAAAAABBgAAAAgEGgAAAAgAAAAAAHMAAAABKgAAABUGBgAAADcAOAA0AAEGAAAAAAkGAAAAABoGBgAAAAgEGgAAABsGAAAAAAI\/AAAABRAAAAABBgAAAAgEGgAAAAgAAAAABRAAAAABBgAAAAgEGgAAAAgAAAAABRAAAAABBgAAAAgEGgAAAAgAAAAAAIsAAAABLAAAABUGBgAAADcAOAA0AAEGAAAAAAUBAgkGAAAAABoGBQAAAAkD\/wAAGwYAAAAAAlUAAAAFKAAAAAEFAAAACQP\/AAAIGQAAAAAUAAAAQQBzAHMAaQBuAGEAdAB1AHIAYQAFDwAAAAEFAAAACQP\/AAAIAAAAAAUPAAAAAQUAAAAJA\/8AAAgAAAAAALkAAAABJwAAABUGBgAAADcAOAA0AAEGAAAAAAUBAgkGAAAAABoGAAAAABsGAAAAAAKIAAAABWUAAAABAAAAAAhbAAAAAFYAAABfAF8AXwBfAF8AXwBfAF8AXwBfAF8AXwBfAF8AXwBfAF8AXwBfAF8AXwBfAF8AXwBfAF8AXwBfAF8AXwBfAF8AXwBfAF8AXwBfAF8AXwBfAF8AXwBfAAUKAAAAAQAAAAAIAAAAAAUKAAAAAQAAAAAIAAAAAAD0AQAAAScAAAAVBgYAAAA3ADgANAABBgAAAAAFAQIJBgAAAAAaBgAAAAAbBgAAAAACwwEAAAURAAAAAQAAAAAIBwAAAAACAAAAKAAFJAAAAAEFAAAACQP\/AAAIFQAAAAAQAAAATgBvAG0AZQAgAGQAbwAgAAUqAAAAAQUAAAAJA\/8AAAgbAAAAABYAAAByAGUAcwBwAG8AbgBzAOEAdgBlAGwABRYAAAABBQAAAAkD\/wAACAcAAAAAAgAAACAABRwAAAABBQAAAAkD\/wAACA0AAAAACAAAAHAAZQBsAG8ABRYAAAABBQAAAAkD\/wAACAcAAAAAAgAAACAABR4AAAABBQAAAAkD\/wAACA8AAAAACgAAAHMAZQB0AG8AcgAFJgAAAAEFAAAACQP\/AAAIFwAAAAASAAAALwBOAG8AbQBlACAAZABvACAABSgAAAABBQAAAAkD\/wAACBkAAAAAFAAAAG8AcgBpAGUAbgB0AGEAZABvAHIABRwAAAABBQAAAAkD\/wAACA0AAAAACAAAACAAZABvACAABSQAAAABBQAAAAkD\/wAACBUAAAAAEAAAAGQAaQBzAGMAZQBuAHQAZQAFFgAAAAEFAAAACQP\/AAAIBwAAAAACAAAAKQAFCgAAAAEAAAAACAAAAAAFCgAAAAEAAAAACAAAAAAKAAAAAAAAAAARAAAAAHoCAAAALQAAAAEGAAAAAAkGGwAAACcEFAEAAAsBARwBACgEAAAAAB0BACkEyAAAABsGAAAAAAFLAAAAKAEHKQEDKgEHKwEFEwEBCAQWAAAAFgQWAAAAGQYKAAAAZQBuAC0AVQBTABoGCgAAAGEAcgAtAFMAQQAbBgoAAABlAG4ALQBVAFMAAvMBAAAA7gEAAAEGAAAANwA4ADQAAhQAAABOAG8AIABTAHAAYQBjAGkAbgBnAAkBAAAAAwoBAAAAAQsEAAAAAQAAAAWrAAAAAAEAAQEAAgELAwEABAYOAAAAQwBhAGwAaQBiAHIAaQAFBg4AAABDAGEAbABpAGIAcgBpACoBBysBBQgEGAAAAAoBAAwBACYEAAAAAA8BABABABEBACcEAAAAABQBABUBABYEFgAAABcBABgBABkGCgAAAGUAbgAtAFUAUwAaBgoAAABhAHIALQBTAEEAGwYKAAAAZQBuAC0AVQBTABwGAgAAAAAAHgEALgEABgABAAAAAQABBhIAAAAkBAAAAAAlBAAAAAAmBAAAAAAFAQMGAQAHAQAIAQAJBhsAAAAnBPAAAAALAQEcAQAoBHgAAAAdAQApBHgAAAAOBggAAAAAAQEBA\/\/\/\/xkBARsGmwAAAAAaAAAAAAMAAAAFBAAAAAAGBAQAAAADAf8HBP\/\/\/\/8BGgAAAAADAAAABQQAAAAABgQEAAAAAwH\/BwT\/\/\/\/\/AhoAAAAAAwAAAAUEAAAAAAYEBAAAAAMB\/wcE\/\/\/\/\/wMaAAAAAAMAAAAFBAAAAAAGBAQAAAADAf8HBP\/\/\/\/8LGgAAAAADAAAABQQAAAAABgQEAAAAAwH\/BwT\/\/\/\/\/LAEALwEA\" style=\"text-align: center\">JUSTIFICATIVA DE PAGAMENTO DE BOLSA COM VALOR SUPERIOR<\/p>\r\n<p>&nbsp;<\/p>\r\n<p style=\"text-align: justify\">Solicitamos o pagamento de bolsa no valor de (<span style=\"color: #ff0000\">escrever valor<\/span>) para o(a) bolsista (<span style=\"color: #ff0000\">nome da(o) bolsista<\/span>) matr&iacute;cula (<span style=\"color: #ff0000\">n&uacute;mero da matr&iacute;cula<\/span>) referente &agrave; sua&nbsp;atua&ccedil;&atilde;o no m&ecirc;s de (<span style=\"color: #ff0000\">m&ecirc;s<\/span>). Solicitamos&nbsp;pagamento de valor superior ao&nbsp;estabelecido&nbsp;na&nbsp;Instru&ccedil;&atilde;o&nbsp;Normativa PRE\/UFSM n&deg; 001, de 26 de fevereiro de 2025, pelo&nbsp;fato de (<span style=\"color: #ff0000\">descrever o motivo<\/span>).<\/p>\r\n<p>&nbsp;<\/p>\r\n<p>&nbsp;<\/p>\r\n<p>&nbsp;<\/p>\r\n<p>&nbsp;<\/p>\r\n<p>&nbsp;<\/p>\r\n<p>&nbsp;<\/p>\r\n<p style=\"text-align: right\">Santa Maria, ___ de _______ de ________.<\/p>\r\n<p>&nbsp;<\/p>\r\n<p>&nbsp;<\/p>\r\n<p>&nbsp;<\/p>\r\n<p>&nbsp;<\/p>\r\n<p style=\"text-align: center\"><span style=\"color: #ff0000\">Assinatura<\/span><\/p>\r\n<p style=\"text-align: center\">___________________________________________<\/p>\r\n<p style=\"text-align: center\">(<span style=\"color: #ff0000\">Nome do respons&aacute;vel&nbsp;pelo&nbsp;setor\/Nome do orientador do discente<\/span>)<\/p>\r\n\t\t<\/div>\n\t\t\t\t<\/div>\n\t\t\t\t\t<\/div>\n\t\t<\/div>\n\t\t\t\t\t<\/div>\n\t\t<\/section>\n\t\t\t\t<\/div>\n\t\t","protected":false},"excerpt":{"rendered":"<p>MINIST\u00c9RIO DA EDUCA\u00c7\u00c3O UNIVERSIDADE FEDERAL DE SANTA MARIA PR\u00d3-REITORIA DE EXTENS\u00c3O ANEXO I DA INSTRU\u00c7\u00c3O NORMATIVA PRE\/UFSM N\u00b0 001, DE 26 DE FEVEREIRO DE 2025. JUSTIFICATIVA DE PAGAMENTO DE BOLSA COM VALOR SUPERIOR &nbsp; Solicitamos o pagamento de bolsa no valor de (escrever valor) para o(a) bolsista (nome da(o) bolsista) matr&iacute;cula (n&uacute;mero da matr&iacute;cula) referente [&hellip;]<\/p>\n","protected":false},"author":1466,"featured_media":0,"parent":0,"menu_order":0,"comment_status":"closed","ping_status":"closed","template":"","meta":{"footnotes":""},"categories":[],"tags":[],"class_list":["post-6433","page","type-page","status-publish","hentry"],"acf":[],"_links":{"self":[{"href":"https:\/\/www.ufsm.br\/pro-reitorias\/proplan\/wp-json\/wp\/v2\/pages\/6433","targetHints":{"allow":["GET"]}}],"collection":[{"href":"https:\/\/www.ufsm.br\/pro-reitorias\/proplan\/wp-json\/wp\/v2\/pages"}],"about":[{"href":"https:\/\/www.ufsm.br\/pro-reitorias\/proplan\/wp-json\/wp\/v2\/types\/page"}],"author":[{"embeddable":true,"href":"https:\/\/www.ufsm.br\/pro-reitorias\/proplan\/wp-json\/wp\/v2\/users\/1466"}],"replies":[{"embeddable":true,"href":"https:\/\/www.ufsm.br\/pro-reitorias\/proplan\/wp-json\/wp\/v2\/comments?post=6433"}],"version-history":[{"count":0,"href":"https:\/\/www.ufsm.br\/pro-reitorias\/proplan\/wp-json\/wp\/v2\/pages\/6433\/revisions"}],"wp:attachment":[{"href":"https:\/\/www.ufsm.br\/pro-reitorias\/proplan\/wp-json\/wp\/v2\/media?parent=6433"}],"wp:term":[{"taxonomy":"category","embeddable":true,"href":"https:\/\/www.ufsm.br\/pro-reitorias\/proplan\/wp-json\/wp\/v2\/categories?post=6433"},{"taxonomy":"post_tag","embeddable":true,"href":"https:\/\/www.ufsm.br\/pro-reitorias\/proplan\/wp-json\/wp\/v2\/tags?post=6433"}],"curies":[{"name":"wp","href":"https:\/\/api.w.org\/{rel}","templated":true}]}}