{"id":6435,"date":"2025-02-27T11:04:02","date_gmt":"2025-02-27T14:04:02","guid":{"rendered":"https:\/\/www.ufsm.br\/pro-reitorias\/proplan\/?page_id=6435"},"modified":"2025-02-27T11:04:12","modified_gmt":"2025-02-27T14:04:12","slug":"anexo-ii-da-instrucao-normativa-pre-ufsm-n-001-2025","status":"publish","type":"page","link":"https:\/\/www.ufsm.br\/pro-reitorias\/proplan\/anexo-ii-da-instrucao-normativa-pre-ufsm-n-001-2025","title":{"rendered":"ANEXO II DA INSTRU\u00c7\u00c3O NORMATIVA PRE\/UFSM N\u00b0 001\/2025"},"content":{"rendered":"\t\t<div data-elementor-type=\"wp-page\" data-elementor-id=\"6435\" class=\"elementor elementor-6435\">\n\t\t\t\t\t\t<section class=\"elementor-section elementor-top-section elementor-element elementor-element-ba88fe6 elementor-section-boxed elementor-section-height-default elementor-section-height-default\" data-id=\"ba88fe6\" data-element_type=\"section\">\n\t\t\t\t\t\t<div class=\"elementor-container elementor-column-gap-default\">\n\t\t\t\t\t<div class=\"elementor-column elementor-col-100 elementor-top-column elementor-element elementor-element-8854fd5\" data-id=\"8854fd5\" data-element_type=\"column\">\n\t\t\t<div class=\"elementor-widget-wrap elementor-element-populated\">\n\t\t\t\t\t\t<div class=\"elementor-element elementor-element-9002be2 elementor-widget elementor-widget-html\" data-id=\"9002be2\" data-element_type=\"widget\" data-widget_type=\"html.default\">\n\t\t\t\t<div class=\"elementor-widget-container\">\n\t\t\t<div align=\"center\"><img decoding=\"async\" src=\"https:\/\/www.ufsm.br\/pro-reitorias\/proplan\/wp-content\/uploads\/sites\/344\/2019\/09\/brasao-da-republica-do-brasil-logo.png\" alt=\"Bras\u00e3o Rep\u00fablica Federativa do Brasil\" width=\"6%\" height=\"6%\"><\/div>    \r\n<h1><font color=\"blue\"><font size=\"5\"><div align=\"center\">MINIST\u00c9RIO DA EDUCA\u00c7\u00c3O<\/b><\/font><\/font><\/div><\/H1>\r\n<p><b><font color=\"0000blue\"><div align=\"center\">UNIVERSIDADE FEDERAL DE SANTA MARIA<\/b><\/font><\/div><\/p>\r\n<p><b><font color=\"0000blue\"><div align=\"center\">PR\u00d3-REITORIA DE EXTENS\u00c3O<\/b><\/font><\/div><\/p>\r\n\r\n\r\n<br>\r\n<ul><ul><ul><ul><ul><ul><ul><ul><ul><ul><ul><ul><ul><ul><ul><ul><ul><ul><ul><ul><ul>\r\n<p><div align=\"justify\">ANEXO II DA INSTRU\u00c7\u00c3O NORMATIVA PRE\/UFSM N\u00b0 001, DE 26 DE FEVEREIRO DE 2025.<\/font><\/div><\/p> \r\n<\/ul><\/ul><\/ul><\/ul><\/ul><\/ul><\/ul><\/ul><\/ul><\/ul><\/ul><\/ul><\/ul><\/ul><\/ul><\/ul><\/ul><\/ul><\/ul><\/ul><\/ul>\r\n\r\n<br>\r\n<p class=\"docData;DOCY;v5;5956;BQiAAgAAEYQCAAAGiAIAAAM0FAAABUIUAAAAAAAAAAAAAAAAAAAAAAAAAAAAAAAAAAAAAAAAAAAAAAAAAAAAAAAAAAAAAAAAAAAAAAAAAAAAAAAAAAAAAAAAAAAAAAAAAAAAAAAAAAAAAAAAAAAAAAAAAAAAAAAAAAAAAAAAAAAAAAAAAAAAAAAAAAAAAAAAAAAAAAAAAAAAAAAAAAAAAAAAAAAAAAAAAAAAAAAAAAAAAAAAAAAAAAAAAAAAAAAAAAAAAAAAAAAAAAAAAAAAAAAAAAAAAAAAAAAAAAAAAAAAAAAAAAAAAAAAAAAAAAAAAAAAAAAAAAAAAAAAAAAAAAAAAAAAAAAAAAAAAAAAAAAAAAAAAAAAAAAAAAAAAAAAAAAAAAAAAAAAAAAAAAAAAAAAAAAAAAAAAAAAAAAAAAAAAAAAAAAAAAAAAAAAAAAAAAAAAAAAAAAAAAAAAAAAAAAAAAAAAAAAAAAAAAAAAAAAAAAAAAAAAAAAAAAAAAAAAAAAAAAAAAAAAAAAAAAAAAAAAAAAAAAAAAAAAAAAAAAAAAAAAAAAAAAAAAAAAAAAAAAAAAAAAAAAAAAAAAAAAAAAAAAAAAAAAAAAAAAAAAAAAAAAAAAAAAAAAAAAAAAAAAAAAAAAAAAAAAAAAAAAAAAAAAAAAAAAAAAAAAAAAAAAAAAAAAAAAAAAAAAAAAAAAAAAAAAAAAAAAAAAAAAAAAAAAAAAAAAAAAAAAAAAAAAAAAAAAAAAAAAAAAAAAAAAAAAAAAAAAAAAAAAAAAAAAAAAAAAAAAAAAAAAAAAAAAAAAAAAAAAAAAAAAAAAAAAAAAAAAAAAAAAAAAAAAAAAAAAAAAAAAAAAqBEAAAB3AAAAAScAAAAVBgYAAAA5ADQANgABBgAAAAAFAQIJBgAAAAAaBgAAAAAbBgAAAAACRgAAAAUjAAAAAQAAAAAIGQAAAAAUAAAARABFAEMATABBAFIAQQDHAMMATwAFCgAAAAEAAAAACAAAAAAFCgAAAAEAAAAACAAAAAAAWwAAAAEkAAAAFQYGAAAAOQA0ADYAAQYAAAAACQYAAAAAGgYAAAAAGwYAAAAAAi0AAAAFCgAAAAEAAAAACAAAAAAFCgAAAAEAAAAACAAAAAAFCgAAAAEAAAAACAAAAAAAJgcAAAEkAAAAFQYGAAAAOQA0ADYAAQYAAAAACQYAAAAAGgYAAAAAGwYAAAAAAvgGAAAFOQAAAAEAAAAACC8AAAAAKgAAAEUAdQAsACAAXwBfAF8AXwBfAF8AXwBfAF8AXwBfAF8AXwBfAF8AIAAoAAUiAAAAAQUAAAAJA\/8AAAgTAAAAAA4AAABOAE8ATQBFACAARABPAAUaAAAAAQUAAAAJA\/8AAAgLAAAAAAYAAAAoAEEAKQAFLAAAAAEFAAAACQP\/AAAIHQAAAAAYAAAAIABDAE8ATwBSAEQARQBOAEEARABPAFIABRoAAAABBQAAAAkD\/wAACAsAAAAABgAAACgAQQApAAUkAAAAAQUAAAAJA\/8AAAgVAAAAABAAAAAgAEQAQQAgAEEAxwDDAE8ABSsAAAABAAAAAAghAAAAABwAAAApACwAIABjAG8AbwByAGQAZQBuAGEAZABvAHIABRUAAAABAAAAAAgLAAAAAAYAAAAoAGEAKQAFWwAAAAEAAAAACFEAAAAATAAAACAAZABhACAAYQDnAOMAbwAgAGQAZQAgAGUAeAB0AGUAbgBzAOMAbwAgAF8AXwBfAF8AXwBfAF8AXwBfAF8AXwBfAF8AXwBfACAAKAAFVgAAAAEFAAAACQP\/AAAIRwAAAABCAAAARABFAFMAQwBSAEUAVgBFAFIAIABPACAATgBPAE0ARQAgAEQAQQAgAEEAxwDDAE8AIABEAEUAIABFAFgAVABFAE4ABVIAAAABBQAAAAkD\/wAACEMAAAAAPgAAAFMAwwBPACAAUgBFAEcASQBTAFQAUgBBAEQAQQAgAE4ATwAgAFAATwBSAFQAQQBMACAARABFACAAUABSAE8ABVwAAAABBQAAAAkD\/wAACE0AAAAASAAAAEoARQBUAE8AUwAgAFEAVQBFACAAUgBFAEMARQBCAEUAVQAgAEEAVQBYAM0ATABJAE8AIABGAEkATgBBAE4AQwBFAEkAUgBPAAUtAAAAAQAAAAAIIwAAAAAeAAAAKQAgAGQAZQBjAGwAYQByAG8AIABxAHUAZQAgAG8ABRUAAAABAAAAAAgLAAAAAAYAAAAoAGEAKQAFGwAAAAEAAAAACBEAAAAADAAAACAAYQBsAHUAbgBvAAUVAAAAAQAAAAAICwAAAAAGAAAAKABhACkABTMAAAABAAAAAAgpAAAAACQAAAAgAF8AXwBfAF8AXwBfAF8AXwBfAF8AXwBfAF8AXwBfACAAKAAFIgAAAAEFAAAACQP\/AAAIEwAAAAAOAAAATgBPAE0ARQAgAEQATwAFGgAAAAEFAAAACQP\/AAAICwAAAAAGAAAAKABBACkABSAAAAABBQAAAAkD\/wAACBEAAAAADAAAACAAQQBMAFUATgBPAAUaAAAAAQUAAAAJA\/8AAAgLAAAAAAYAAAAoAEEAKQAFQAAAAAEFAAAACQP\/AAAIMQAAAAAsAAAAIABRAFUARQAgAFIARQBDAEUAQgBFAFUAIABPACAAQQBVAFgAzQBMAEkATwAXHAAAAAAEAAAAAAAAAAEOAAAAXwBHAG8AQgBhAGMAawAFCgAAAAEAAAAACAAAAAAYCQAAAAAEAAAAAAAAAAUrAAAAAQAAAAAIIQAAAAAcAAAAKQAsACAAbQBhAHQAcgDtAGMAdQBsAGEAIAAoAAU6AAAAAQUAAAAJA\/8AAAgrAAAAACYAAABOANoATQBFAFIATwAgAEQAQQAgAE0AQQBUAFIAzQBDAFUATABBAAUTAAAAAQAAAAAICQAAAAAEAAAAKQAgAAX3AAAAAQAAAAAI7QAAAADoAAAAYwB1AG0AcAByAGkAdQAgAGMAbwBtACAAYQBzACAAcwB1AGEAcwAgAG8AYgByAGkAZwBhAOcA9QBlAHMAIABuAGEAIABlAHgAZQBjAHUA5wDjAG8AIABkAGEAIABBAOcA4wBvACAAZABlACAARQB4AHQAZQBuAHMA4wBvACAAYwBvAG4AdABlAG0AcABsAGEAZABhACAAYwBvAG0AIAByAGUAYwB1AHIAcwBvACAAZgBpAG4AYQBuAGMAZQBpAHIAbwAgAGMAbwBuAGMAZQBkAGkAZABvAHMAIABzAG8AYgAgAGEAIABmAAVNAAAAAQAAAAAIQwAAAAA+AAAAbwByAG0AYQAgAGQAZQAgACgAXwBfAF8AXwApACAAQgBlAG4AZQBmAO0AYwBpAG8AcwAgAGUALwBvAHUAIAAFewAAAAEAAAAACHEAAAAAbAAAACgAXwBfAF8AXwApACAAQQB1AHgA7QBsAGkAbwAgAEUAdgBlAG4AdAB1AGEAbAAgAHAAZQBsAGEAIABQAHIA8wAtAFIAZQBpAHQAbwByAGkAYQAgAGQAZQAgAEUAeAB0AGUAbgBzAOMAbwAuAAUKAAAAAQAAAAAIAAAAAAUKAAAAAQAAAAAIAAAAAABbAAAAASQAAAAVBgYAAAA5ADQANgABBgAAAAAJBgAAAAAaBgAAAAAbBgAAAAACLQAAAAUKAAAAAQAAAAAIAAAAAAUKAAAAAQAAAAAIAAAAAAUKAAAAAQAAAAAIAAAAAABCAgAAASQAAAAVBgYAAAA5ADQANgABBgAAAAAJBgAAAAAaBgAAAAAbBgAAAAACFAIAAAU5AAAAAQAAAAAILwAAAAAqAAAAQgBlAG4AZQBmAO0AYwBpAG8AcwAsACAAYwBvAG4AZgBvAHIAbQBlACAABSMAAAABAAAAAAgZAAAAABQAAABjAG8AbgBzAHQAYQAgAG4AYQAgAAVfAAAAAQAAAAAIVQAAAABQAAAASQBuAHMAdAByAHUA5wDjAG8AIABOAG8AcgBtAGEAdABpAHYAYQAgAFAAUgBFAC8AVQBGAFMATQAgAG4AsAAgADAAMAAxACwAIABkAGUAIAAFIwAAAAEQAAAAGQYKAAAAcAB0AC0AQgBSAAgJAAAAAAQAAAAyADYABRcAAAABAAAAAAgNAAAAAAgAAAAgAGQAZQAgAAUxAAAAARAAAAAZBgoAAABwAHQALQBCAFIACBcAAAAAEgAAAGYAZQB2AGUAcgBlAGkAcgBvAAUfAAAAAQAAAAAIFQAAAAAQAAAAIABkAGUAIAAyADAAMgA1AAUfAAAAAQAAAAAIFQAAAAAQAAAALAAgAGEAcgB0AC4AIAAyAAURAAAAAQAAAAAIBwAAAAACAAAAsAAFEQAAAAEAAAAACAcAAAAAAgAAACwABREAAAABAAAAAAgHAAAAAAIAAAAgAAUjAAAAAQAAAAAIGQAAAAAUAAAAaQBuAGMAaQBzAG8AIABJAEkAOgAFCgAAAAEAAAAACAAAAAAFCgAAAAEAAAAACAAAAAAAyAAAAAEkAAAAFQYGAAAAOQA0ADYAAQYAAAAACQYAAAAAGgYAAAAAGwYAAAAAApoAAAAFdwAAAAEAAAAACG0AAAAAaAAAACgAXwBfAF8AXwApACAAQQBxAHUAaQBzAGkA5wDjAG8AIABkAGUAIABNAGEAdABlAHIAaQBhAGkAcwAgAEEAcgB0AO0AcwB0AGkAYwBvAHMALQBQAGUAZABhAGcA8wBnAGkAYwBvAHMABQoAAAABAAAAAAgAAAAABQoAAAABAAAAAAgAAAAAAIYAAAABJAAAABUGBgAAADkANAA2AAEGAAAAAAkGAAAAABoGAAAAABsGAAAAAAJYAAAABTUAAAABAAAAAAgrAAAAACYAAAAoAF8AXwBfAF8AKQAgAEEAbABpAG0AZQBuAHQAYQDnAOMAbwAgAAUKAAAAAQAAAAAIAAAAAAUKAAAAAQAAAAAIAAAAAACCAAAAASQAAAAVBgYAAAA5ADQANgABBgAAAAAJBgAAAAAaBgAAAAAbBgAAAAACVAAAAAUxAAAAAQAAAAAIJwAAAAAiAAAAKABfAF8AXwBfACkAIABUAHIAYQBuAHMAcABvAHIAdABlAAUKAAAAAQAAAAAIAAAAAAUKAAAAAQAAAAAIAAAAAABbAAAAASQAAAAVBgYAAAA5ADQANgABBgAAAAAJBgAAAAAaBgAAAAAbBgAAAAACLQAAAAUKAAAAAQAAAAAIAAAAAAUKAAAAAQAAAAAIAAAAAAUKAAAAAQAAAAAIAAAAAAA+AgAAASQAAAAVBgYAAAA5ADQANgABBgAAAAAJBgAAAAAaBgAAAAAbBgAAAAACEAIAAAUzAAAAAQAAAAAIKQAAAAAkAAAAQQB1AHgA7QBsAGkAbwAgAEUAdgBlAG4AdAB1AGEAbAAsACAABSMAAAABAAAAAAgZAAAAABQAAABjAG8AbgBzAHQAYQAgAG4AYQAgAAVfAAAAAQAAAAAIVQAAAABQAAAASQBuAHMAdAByAHUA5wDjAG8AIABOAG8AcgBtAGEAdABpAHYAYQAgAFAAUgBFAC8AVQBGAFMATQAgAG4AsAAgADAAMAAxACwAIABkAGUAIAAFIwAAAAEQAAAAGQYKAAAAcAB0AC0AQgBSAAgJAAAAAAQAAAAyADYABRcAAAABAAAAAAgNAAAAAAgAAAAgAGQAZQAgAAUxAAAAARAAAAAZBgoAAABwAHQALQBCAFIACBcAAAAAEgAAAGYAZQB2AGUAcgBlAGkAcgBvAAUfAAAAAQAAAAAIFQAAAAAQAAAAIABkAGUAIAAyADAAMgA1AAUfAAAAAQAAAAAIFQAAAAAQAAAALAAgAGEAcgB0AC4AIAAyAAURAAAAAQAAAAAIBwAAAAACAAAAsAAFEQAAAAEAAAAACAcAAAAAAgAAACwABREAAAABAAAAAAgHAAAAAAIAAAAgAAUlAAAAAQAAAAAIGwAAAAAWAAAAaQBuAGMAaQBzAG8AIABJAEkASQA6AAUKAAAAAQAAAAAIAAAAAAUKAAAAAQAAAAAIAAAAAACaAAAAASQAAAAVBgYAAAA5ADQANgABBgAAAAAJBgAAAAAaBgAAAAAbBgAAAAACbAAAAAVJAAAAAQAAAAAIPwAAAAA6AAAAKABfAF8AXwBfACkAIABwAGEAcwBzAGEAZwBlAG4AcwAgAGUAIAB0AHIAYQBuAHMAcABvAHIAdABlAAUKAAAAAQAAAAAIAAAAAAUKAAAAAQAAAAAIAAAAAAB8AAAAASQAAAAVBgYAAAA5ADQANgABBgAAAAAJBgAAAAAaBgAAAAAbBgAAAAACTgAAAAUrAAAAAQAAAAAIIQAAAAAcAAAAKABfAF8AXwBfACkAIABkAGkA4QByAGkAYQBzAAUKAAAAAQAAAAAIAAAAAAUKAAAAAQAAAAAIAAAAAACcAAAAASQAAAAVBgYAAAA5ADQANgABBgAAAAAJBgAAAAAaBgAAAAAbBgAAAAACbgAAAAVLAAAAAQAAAAAIQQAAAAA8AAAAKABfAF8AXwBfACkAIABpAG4AcwBjAHIAaQDnAPUAZQBzACAAcABhAHIAYQAgAGUAdgBlAG4AdABvAHMABQoAAAABAAAAAAgAAAAABQoAAAABAAAAAAgAAAAAALIAAAABJAAAABUGBgAAADkANAA2AAEGAAAAAAkGAAAAABoGAAAAABsGAAAAAAKEAAAABWEAAAABAAAAAAhXAAAAAFIAAAAoAF8AXwBfAF8AKQAgAHYAYQBsAG8AcgAgAHAAZQBjAHUAbgBpAOEAcgBpAG8AIABwAGEAcgBjAGkAYQBsACAAbwB1ACAAZwBsAG8AYgBhAGwABQoAAAABAAAAAAgAAAAABQoAAAABAAAAAAgAAAAACgAAAAAAAAAAEQAAAAD+AgAAAC0AAAABBgAAAAAJBhsAAAAnBPwAAAALAQEcAQAoBAAAAAAdAQApBKAAAAAbBgAAAAABjwAAAAQGDgAAAEMAYQBsAGkAYgByAGkABQYOAAAAQwBhAGwAaQBiAHIAaQAHBg4AAABDAGEAbABpAGIAcgBpAAYGDgAAAEMAYQBsAGkAYgByAGkAEwEBCAQWAAAAFgQWAAAAGQYKAAAAcAB0AC0AQgBSABoGCgAAAGEAcgAtAFMAQQAbBgoAAAB6AGgALQBDAE4AAjMCAAAALgIAAAEGAAAAOQA0ADYAAhIAAABCAG8AZAB5ACAAVABlAHgAdAAJAQAAAAMKAQAAAAELBAAAAAEAAAAF7QAAAAABAAEBAAIBCwMBAAQGDgAAAEMAYQBsAGkAYgByAGkABQYOAAAAQwBhAGwAaQBiAHIAaQAHBh4AAABUAGkAbQBlAHMAIABOAGUAdwAgAFIAbwBtAGEAbgAGBh4AAABUAGkAbQBlAHMAIABOAGUAdwAgAFIAbwBtAGEAbgAIBBgAAAAKAQAMAQAmBAAAAAAPAQAQAQARAQAnBAAAAAAUAQAVAQAWBBgAAAAXAQAYAQAZBgoAAABwAHQALQBQAFQAGgYKAAAAYQByAC0AUwBBABsGCgAAAGUAbgAtAFUAUwAcBgIAAAAAAB4BAC4BAAYAAQAAAAEAAQYSAAAAJAQAAAAAJQQAAAAAJgQAAAAABQEDBgEABwEACAEACQYbAAAAJwTwAAAACwEBHAEAKAR4AAAAHQEAKQR4AAAADgYIAAAAAAEBAQP\/\/\/8ZAQAbBpsAAAAAGgAAAAADAAAABQQAAAAABgQEAAAAAwH\/BwT\/\/\/\/\/ARoAAAAAAwAAAAUEAAAAAAYEBAAAAAMB\/wcE\/\/\/\/\/wIaAAAAAAMAAAAFBAAAAAAGBAQAAAADAf8HBP\/\/\/\/8DGgAAAAADAAAABQQAAAAABgQEAAAAAwH\/BwT\/\/\/\/\/CxoAAAAAAwAAAAUEAAAAAAYEBAAAAAMB\/wcE\/\/\/\/\/ywBAC8BAA==\" style=\"text-align: center\">DECLARA&Ccedil;&Atilde;O<\/p>\r\n<p>&nbsp;<\/p>\r\n<p style=\"text-align: justify\">Eu, _______________ (<span style=\"color: #ff0000\">NOME DO(A) COORDENADOR(A) DA A&Ccedil;&Atilde;O<\/span>), coordenador(a) da a&ccedil;&atilde;o de extens&atilde;o _______________ (<span style=\"color: #ff0000\">DESCREVER O NOME DA A&Ccedil;&Atilde;O DE EXTENS&Atilde;O REGISTRADA NO PORTAL DE PROJETOS QUE RECEBEU AUX&Iacute;LIO FINANCEIRO<\/span>) declaro que o(a) aluno(a) _______________ (<span style=\"color: #ff0000\">NOME DO(A) ALUNO(A) QUE RECEBEU O AUX&Iacute;LIO<\/span>), matr&iacute;cula (<span style=\"color: #ff0000\">N&Uacute;MERO DA MATR&Iacute;CULA<\/span>) cumpriu com as suas obriga&ccedil;&otilde;es na execu&ccedil;&atilde;o da A&ccedil;&atilde;o de Extens&atilde;o contemplada com recurso financeiro concedidos sob a forma de (____) Benef&iacute;cios e\/ou (____) Aux&iacute;lio Eventual pela Pr&oacute;-Reitoria de Extens&atilde;o.<\/p>\r\n<p style=\"text-align: justify\">&nbsp;<\/p>\r\n<p style=\"text-align: justify\">Benef&iacute;cios, conforme consta na Instru&ccedil;&atilde;o Normativa PRE\/UFSM n&deg; 001, de 26 de fevereiro de 2025, art. 2&deg;,&nbsp;inciso II:<\/p>\r\n<p style=\"text-align: justify\">(____) Aquisi&ccedil;&atilde;o de Materiais Art&iacute;sticos-Pedag&oacute;gicos<\/p>\r\n<p style=\"text-align: justify\">(____) Alimenta&ccedil;&atilde;o<\/p>\r\n<p style=\"text-align: justify\">(____) Transporte<\/p>\r\n<p style=\"text-align: justify\">&nbsp;<\/p>\r\n<p style=\"text-align: justify\">Aux&iacute;lio Eventual, consta na Instru&ccedil;&atilde;o Normativa PRE\/UFSM n&deg; 001, de 26 de fevereiro de 2025, art. 2&deg;,&nbsp;inciso III:<\/p>\r\n<p style=\"text-align: justify\">(____) passagens e transporte<\/p>\r\n<p style=\"text-align: justify\">(____) di&aacute;rias<\/p>\r\n<p style=\"text-align: justify\">(____) inscri&ccedil;&otilde;es para eventos<\/p>\r\n<p style=\"text-align: justify\">(____) valor pecuni&aacute;rio parcial ou global<\/p>\r\n<p>&nbsp;<\/p>\r\n<p>&nbsp;<\/p>\r\n<p style=\"text-align: right\">Santa Maria, ___ de _______ de ________.<\/p>\r\n<p>&nbsp;<\/p>\r\n<p>&nbsp;<\/p>\r\n<p>&nbsp;<\/p>\r\n<p>&nbsp;<\/p>\r\n<p style=\"text-align: center\"><span style=\"color: #ff0000\">(Assinatura)<\/span><\/p>\r\n<p style=\"text-align: center\">___________________________________________<\/p>\r\n<p style=\"text-align: center\">(<span style=\"color: #ff0000\">Nome do(a) coordenador(a)<\/span>)<\/p>\t\t<\/div>\n\t\t\t\t<\/div>\n\t\t\t\t\t<\/div>\n\t\t<\/div>\n\t\t\t\t\t<\/div>\n\t\t<\/section>\n\t\t\t\t<\/div>\n\t\t","protected":false},"excerpt":{"rendered":"<p>MINIST\u00c9RIO DA EDUCA\u00c7\u00c3O UNIVERSIDADE FEDERAL DE SANTA MARIA PR\u00d3-REITORIA DE EXTENS\u00c3O ANEXO II DA INSTRU\u00c7\u00c3O NORMATIVA PRE\/UFSM N\u00b0 001, DE 26 DE FEVEREIRO DE 2025. DECLARA&Ccedil;&Atilde;O &nbsp; Eu, _______________ (NOME DO(A) COORDENADOR(A) DA A&Ccedil;&Atilde;O), coordenador(a) da a&ccedil;&atilde;o de extens&atilde;o _______________ (DESCREVER O NOME DA A&Ccedil;&Atilde;O DE EXTENS&Atilde;O REGISTRADA NO PORTAL DE PROJETOS QUE RECEBEU AUX&Iacute;LIO [&hellip;]<\/p>\n","protected":false},"author":1466,"featured_media":0,"parent":0,"menu_order":0,"comment_status":"closed","ping_status":"closed","template":"","meta":{"footnotes":""},"categories":[],"tags":[],"class_list":["post-6435","page","type-page","status-publish","hentry"],"acf":[],"_links":{"self":[{"href":"https:\/\/www.ufsm.br\/pro-reitorias\/proplan\/wp-json\/wp\/v2\/pages\/6435","targetHints":{"allow":["GET"]}}],"collection":[{"href":"https:\/\/www.ufsm.br\/pro-reitorias\/proplan\/wp-json\/wp\/v2\/pages"}],"about":[{"href":"https:\/\/www.ufsm.br\/pro-reitorias\/proplan\/wp-json\/wp\/v2\/types\/page"}],"author":[{"embeddable":true,"href":"https:\/\/www.ufsm.br\/pro-reitorias\/proplan\/wp-json\/wp\/v2\/users\/1466"}],"replies":[{"embeddable":true,"href":"https:\/\/www.ufsm.br\/pro-reitorias\/proplan\/wp-json\/wp\/v2\/comments?post=6435"}],"version-history":[{"count":0,"href":"https:\/\/www.ufsm.br\/pro-reitorias\/proplan\/wp-json\/wp\/v2\/pages\/6435\/revisions"}],"wp:attachment":[{"href":"https:\/\/www.ufsm.br\/pro-reitorias\/proplan\/wp-json\/wp\/v2\/media?parent=6435"}],"wp:term":[{"taxonomy":"category","embeddable":true,"href":"https:\/\/www.ufsm.br\/pro-reitorias\/proplan\/wp-json\/wp\/v2\/categories?post=6435"},{"taxonomy":"post_tag","embeddable":true,"href":"https:\/\/www.ufsm.br\/pro-reitorias\/proplan\/wp-json\/wp\/v2\/tags?post=6435"}],"curies":[{"name":"wp","href":"https:\/\/api.w.org\/{rel}","templated":true}]}}