{"id":6436,"date":"2025-02-28T09:36:39","date_gmt":"2025-02-28T12:36:39","guid":{"rendered":"https:\/\/www.ufsm.br\/pro-reitorias\/proplan\/?page_id=6436"},"modified":"2025-02-28T10:16:46","modified_gmt":"2025-02-28T13:16:46","slug":"portaria-normativa-ufsm-n-093-2025","status":"publish","type":"page","link":"https:\/\/www.ufsm.br\/pro-reitorias\/proplan\/portaria-normativa-ufsm-n-093-2025","title":{"rendered":"PORTARIA NORMATIVA UFSM N. 093\/2025"},"content":{"rendered":"\t\t<div data-elementor-type=\"wp-page\" data-elementor-id=\"6436\" class=\"elementor elementor-6436\">\n\t\t\t\t\t\t<section class=\"elementor-section elementor-top-section elementor-element elementor-element-926539e elementor-section-boxed elementor-section-height-default elementor-section-height-default\" data-id=\"926539e\" data-element_type=\"section\">\n\t\t\t\t\t\t<div class=\"elementor-container elementor-column-gap-default\">\n\t\t\t\t\t<div class=\"elementor-column elementor-col-100 elementor-top-column elementor-element elementor-element-e87741d\" data-id=\"e87741d\" data-element_type=\"column\">\n\t\t\t<div class=\"elementor-widget-wrap elementor-element-populated\">\n\t\t\t\t\t\t<div class=\"elementor-element elementor-element-c39b8d1 elementor-widget elementor-widget-html\" data-id=\"c39b8d1\" data-element_type=\"widget\" data-widget_type=\"html.default\">\n\t\t\t\t<div class=\"elementor-widget-container\">\n\t\t\t<title><b>PORTARIA NORMATIVA UFSM N\u00b0 093, DE 24 DE FEVEREIRO DE 2025<\/b><\/title>\r\n\r\n<div align=\"center\"><img decoding=\"async\" src=\"https:\/\/www.ufsm.br\/pro-reitorias\/proplan\/wp-content\/uploads\/sites\/344\/2019\/09\/brasao-da-republica-do-brasil-logo.png\" alt=\"Bras\u00e3o Rep\u00fablica Federativa do Brasil\" width=\"6%\" height=\"6%\"><\/div>\r\n\r\n<h1><font color=\"blue\"><font size=\"5\"><div align=\"center\">MINIST\u00c9RIO DA EDUCA\u00c7\u00c3O<\/div><\/font><\/font><\/H1>\r\n\r\n<p><b><font color=\"0000blue\"><div align=\"center\">UNIVERSIDADE FEDERAL DE SANTA MARIA<\/b><\/div><\/font><\/p>\r\n\r\n<p><div align=\"center\"><b><a href=\"https:\/\/portal.ufsm.br\/documentos\/publico\/documento.html?idDocumento=15354970\" target=\"_blank\"><font color=\"blue\">PORTARIA NORMATIVA UFSM N\u00b0 093, DE 24 DE FEVEREIRO DE 2025<\/font><\/a><\/b><\/div><\/p>\r\n\r\n<br>\r\n\r\n<font color=\"black\">\r\n\r\n<p style=\"margin-left: 9cm;text-align: justify;color: #800000\">Regulamenta o fornecimento de refei\u00e7\u00f5es prontas (marmitex) nos Restaurantes Universit\u00e1rios (RUs) da Universidade Federal de Santa Maria (UFSM).\r\n\r\n<\/p>\r\n\r\n<br>\r\n\r\n<br>\r\n\r\n<br><div align=\"justify\"><font color=\"black\">\r\n\r\n<p>\r\n\r\nO REITOR DA UNIVERSIDADE FEDERAL DE SANTA MARIA, no uso de suas atribui\u00e7\u00f5es legais que lhe confere o art. 30 do <a href=\"https:\/\/www.ufsm.br\/pro-reitorias\/proplan\/estatuto-ufsm-2010\" target=\"_blank\"><font color=\"blue\"><u>Estatuto da Universidade Federal de Santa Maria<\/u><\/font><\/a> com as adequa\u00e7\u00f5es aprovadas pela <a href=\"https:\/\/www.ufsm.br\/pro-reitorias\/proplan\/resolucao-n-037-2010\" target=\"_blank\"><font color=\"blue\"><u>Resolu\u00e7\u00e3o UFSM N. 037<\/u><\/font><\/a>, de 30 de novembro de 2010, aprovado pela <a href=\"https:\/\/www.ufsm.br\/app\/uploads\/2018\/08\/Estatuto-da-UFSM.pdf\" target=\"_blank\"><font color=\"blue\"><u>Portaria no 156<\/u><\/font><\/a>, de 12 de mar\u00e7o de 2014, e publicado no Di\u00e1rio Oficial da Uni\u00e3o em 13 de mar\u00e7o de 2014 e tendo em vista o disposto na <a href=\"https:\/\/www.planalto.gov.br\/ccivil_03\/_ato2015-2018\/2015\/lei\/l13146.htm\" target=\"_blank\"><font color=\"blue\"><u>Lei n\u00b0 13.146<\/u><\/font><\/a>, de 06 de julho de 2015, no <a href=\"https:\/\/www.planalto.gov.br\/ccivil_03\/_ato2007-2010\/2010\/decreto\/d7234.htm\" target=\"_blank\"><font color=\"blue\"><u>Decreto n\u00b0 7.234<\/u><\/font><\/a>, de 19 de julho de 2010, na <a href=\"https:\/\/www.ufsm.br\/pro-reitorias\/proplan\/resolucao-n-017-2018\" target=\"_blank\"><font color=\"blue\"><u>Resolu\u00e7\u00e3o UFSM n\u00b0 017<\/u><\/font><\/a>, de 16 de julho de 2018, e o que consta no Processo n\u00b0 <a href=\"https:\/\/portal.ufsm.br\/documentos\/usuario\/processo\/documento.html?idDocumento=15332528\" target=\"_blank\"><font color=\"blue\"><u>23081.010421\/2025-58<\/u><\/font><\/a>, resolve:\r\n\r\n<\/p>\r\n\r\n<br>\r\n\r\n<p>Art. 1\u00b0 Regulamentar o fornecimento de refei\u00e7\u00f5es prontas, acondicionadas em embalagens no formato \u201cmarmitex\u201d, nos Restaurantes Universit\u00e1rios (RUs) da Universidade Federal de Santa Maria (UFSM).\r\n\r\n<\/p>\r\n\r\n<p>Par\u00e1grafo \u00fanico. O fornecimento de refei\u00e7\u00f5es no formato marmitex, refere-se \u00e0 disponibiliza\u00e7\u00e3o de refei\u00e7\u00f5es preparadas e servidas em recipientes descart\u00e1veis, em car\u00e1ter de excepcionalidade, destinadas ao consumo fora dos refeit\u00f3rios dos RUs da UFSM.\r\n\r\n<\/p>\r\n\r\n<br>\r\n\r\n<p>Art. 2\u00b0 O fornecimento do marmitex ser\u00e1 disponibilizado aos(\u00e0s) seguintes usu\u00e1rios(as):\r\n\r\n<\/p>\r\n\r\n<p>I - estudantes e servidores(as) da UFSM que apresentem mobilidade reduzida ou com defici\u00eancia, condi\u00e7\u00f5es estas que dificultem ou impe\u00e7am o deslocamento ou a perman\u00eancia nos RUs, conforme avalia\u00e7\u00e3o realizada pela Subdivis\u00e3o de Acessibilidade da Coordenadoria de A\u00e7\u00f5es Educacionais (CAED) da UFSM;\r\n\r\n<\/p>\r\n\r\n<p>II - estudantes regularmente matriculados(as) e com matr\u00edcula ativa, residentes das Casas de Estudantes Universit\u00e1rios (CEUs) da UFSM e que, ap\u00f3s avalia\u00e7\u00e3o do Servi\u00e7o de Sa\u00fade indicado pela PRAE, estejam impossibilitados de comparecer pessoalmente ao RU para a realiza\u00e7\u00e3o das refei\u00e7\u00f5es ou apresentem necessidade de isolamento, conforme as normas do Minist\u00e9rio da Sa\u00fade ou da Vigil\u00e2ncia Sanit\u00e1ria; e\r\n\r\n<\/p>\r\n\r\n<p>III - filhos(as) dos(as) moradores(as) das Casas de Estudantes Universit\u00e1rios, residentes das CEUs, acompanhados do pai ou da m\u00e3e, e que, ap\u00f3s avalia\u00e7\u00e3o do Servi\u00e7o de Sa\u00fade indicado pela PRAE, estejam impossibilitados de comparecer pessoalmente ao RU para a realiza\u00e7\u00e3o das refei\u00e7\u00f5es ou apresentem necessidade de isolamento, conforme as normas do Minist\u00e9rio da Sa\u00fade ou da Vigil\u00e2ncia Sanit\u00e1ria.\r\n\r\n<\/p>\r\n\r\n<p>\u00a7 1\u00b0 S\u00e3o considerados(as) servidores(as) ativos(as) os(as) servidores(as) t\u00e9cnico-administrativos(as) e docentes, pertencentes ao quadro da UFSM, que est\u00e3o em pleno exerc\u00edcio de suas atividades.\r\n\r\n<\/p>\r\n\r\n<p>\u00a7 2\u00b0 Consideram-se estudantes aqueles(as) que est\u00e3o regularmente matriculados(as), com matr\u00edcula ativa na UFSM, abrangendo os diferentes n\u00edveis de ensino, incluindo o ensino m\u00e9dio, t\u00e9cnico, gradua\u00e7\u00e3o e p\u00f3s-gradua\u00e7\u00e3o.\r\n\r\n<\/p>\r\n\r\n<p>\u00a7 3\u00b0 Os(As) filhos(as) dos(as) moradores(as) das CEUs devem estar devidamente cadastrados(as) na Pr\u00f3-Reitoria de Assuntos Estudantis (PRAE), no campus Sede, e nos campi fora de sede, pelas unidades respons\u00e1veis pelos assuntos da assist\u00eancia estudantil da UFSM.\r\n\r\n<\/p>\r\n\r\n<br>\r\n\r\n<p>Art. 3\u00b0 O card\u00e1pio dos marmitex, assim como as quantidades fornecidas em cada embalagem, segue o padr\u00e3o estabelecido nos contratos de fornecimento de refei\u00e7\u00f5es aos RUs da UFSM.\r\n\r\n<\/p>\r\n\r\n<p>Par\u00e1grafo \u00fanico. O fornecimento de marmitex pode ocorrer no almo\u00e7o, no jantar ou em ambos, de acordo com a avalia\u00e7\u00e3o da Subdivis\u00e3o de Acessibilidade (CAED) ou do Servi\u00e7o de Sa\u00fade indicado pela PRAE.\r\n\r\n<\/p>\r\n\r\n<br>\r\n\r\n<p>Art. 4\u00b0 As solicita\u00e7\u00f5es para o fornecimento do marmitex ser\u00e3o encaminhadas aos RUs pela Subdivis\u00e3o de Acessibilidade da CAED ou pelo Servi\u00e7o de Sa\u00fade indicado pela PRAE, de acordo com a avalia\u00e7\u00e3o dos respectivos setores.\r\n\r\n<\/p>\r\n\r\n<p>Par\u00e1grafo \u00fanico. As orienta\u00e7\u00f5es para solicita\u00e7\u00e3o do servi\u00e7o de marmitex estar\u00e3o dispon\u00edveis nos canais de comunica\u00e7\u00e3o institucional dos Restaurantes Universit\u00e1rios (RUs), da Subdivis\u00e3o de Acessibilidade da CAED e da Pr\u00f3-Reitoria de Assuntos Estudantis (PRAE) da UFSM.\r\n\r\n<\/p>\r\n\r\n<br>\r\n\r\n<p>Art. 5\u00b0 A entrega do marmitex est\u00e1 sujeita ao agendamento obrigat\u00f3rio da refei\u00e7\u00e3o pelos(as) usu\u00e1rios(as) mencionados(as) no art. 2\u00b0 desta Portaria Normativa, devendo ser respeitados os hor\u00e1rios e prazos estabelecidos pelos RUs da UFSM.\r\n\r\n<\/p>\r\n\r\n<p>\u00a7 1\u00b0 Os agendamentos e cancelamentos do marmitex dever\u00e3o ser efetuados de forma online, no Portal RU ou no aplicativo de celular UFSM Digital.\r\n\r\n<\/p>\r\n\r\n<p>\u00a7 2\u00b0 Os hor\u00e1rios para o agendamento e cancelamento do marmitex estar\u00e3o dispon\u00edveis nos canais de comunica\u00e7\u00e3o institucional dos RUs da UFSM.\r\n\r\n<\/p>\r\n\r\n<p>\u00a7 3\u00b0 O pai, a m\u00e3e ou o(a) respons\u00e1vel legal ficar\u00e1 encarregado(a) de realizar o agendamento online (reserva) do marmitex de seu(ua) dependente, conforme enquadrado na situa\u00e7\u00e3o prevista no inciso III do art. 2\u00b0 desta Portaria Normativa.\r\n\r\n<\/p>\r\n\r\n<br>\r\n\r\n<p>Art. 6\u00b0 O local de entrega do marmitex para os(as) usu\u00e1rios(as) mencionados(as) no art. 2\u00b0 desta Portaria Normativa ser\u00e1:\r\n\r\n<\/p>\r\n\r\n<p>I - para os(as) usu\u00e1rios(as) do inciso I: o pr\u00e9dio ser\u00e1 aquele sugerido pelo(a) pr\u00f3prio(a) usu\u00e1rio(a), conforme o preenchimento do formul\u00e1rio de solicita\u00e7\u00e3o de servi\u00e7o junto \u00e0 CAED; e\r\n\r\n<\/p>\r\n\r\n<p>II - para os(as) usu\u00e1rios(as) dos incisos II e III: o pr\u00e9dio ser\u00e1 determinado em conjunto pela Pr\u00f3-Reitoria de Assuntos Estudantis (PRAE) e pelos RUs da UFSM.\r\n\r\n<\/p>\r\n\r\n<p>\u00a7 1\u00b0 As entregas do marmitex ser\u00e3o realizadas nas portarias dos pr\u00e9dios localizados no Campus Universit\u00e1rio da UFSM.\r\n\r\n<\/p>\r\n\r\n<p>\u00a7 2\u00b0 Os hor\u00e1rios de entrega do marmitex estar\u00e3o dispon\u00edveis nos canais de comunica\u00e7\u00e3o institucional dos RUs.\r\n\r\n<\/p>\r\n\r\n<br>\r\n\r\n<p>Art. 7\u00b0 Recomenda-se que o consumo do marmitex pelo(a) usu\u00e1rio(a) seja realizado imediatamente ap\u00f3s a retirada no local indicado, conforme o art. 6\u00b0 desta Portaria Normativa, a fim de garantir a qualidade sensorial e a seguran\u00e7a higi\u00eanico-sanit\u00e1ria da refei\u00e7\u00e3o.\r\n\r\n<\/p>\r\n\r\n<br>\r\n\r\n<p>Art. 8\u00b0 Os(As) usu\u00e1rios(as) que agendarem o marmitex para almo\u00e7o, jantar ou ambos n\u00e3o poder\u00e3o realizar a refei\u00e7\u00e3o correspondente presencialmente nos refeit\u00f3rios dos RUs da UFSM.\r\n\r\n<\/p>\r\n\r\n<p>\u00a7 1\u00b0 As refei\u00e7\u00f5es realizadas nos refeit\u00f3rios dos RUs e as entregues como marmitex s\u00e3o consideradas equivalentes, tanto para o almo\u00e7o quanto para o jantar.\r\n\r\n<\/p>\r\n\r\n<p>\u00a7 2\u00b0 Quando o usu\u00e1rio apresentar necessidade de isolamento, nos casos previstos nos incisos II e III, do art. 2\u00b0 desta Portaria Normativa, haver\u00e1 o bloqueio do acesso \u00e0s refei\u00e7\u00f5es nos refeit\u00f3rios, pelo prazo determinado para o isolamento, ap\u00f3s avalia\u00e7\u00e3o realizada pelo Servi\u00e7o de Sa\u00fade indicado pela PRAE.\r\n\r\n<\/p>\r\n\r\n<p>\u00a7 3\u00b0 O(A) usu\u00e1rio(a) autorizado(a) a receber marmitex, exceto na situa\u00e7\u00e3o prevista no \u00a7 2\u00b0 do art. 8\u00b0 desta Portaria Normativa, pode intercalar o recebimento do marmitex ou o acesso presencial ao refeit\u00f3rio, desde que em dias diferentes, respeitando o disposto no caput deste artigo.\r\n\r\n<\/p>\r\n\r\n<p>\u00a7 4\u00b0 O(A) usu\u00e1rio(a) poder\u00e1 solicitar o cancelamento do servi\u00e7o de marmitex a qualquer momento, exceto no caso mencionado no \u00a7 2\u00b0 do art. 8\u00b0 desta Portaria Normativa.\r\n\r\n<\/p>\r\n\r\n<br>\r\n\r\n<p>Art. 9\u00b0 Os(As) filhos(as) dos(as) moradores(as) das CEUs, conforme previsto no inciso III do art. 2\u00b0 desta Portaria Normativa, que se encontrem impossibilitados(as) de comparecer pessoalmente \u00e0s depend\u00eancias dos RUs da UFSM, para a realiza\u00e7\u00e3o das refei\u00e7\u00f5es, poder\u00e3o ter o fornecimento do marmitex estendido ao pai, \u00e0 m\u00e3e ou ao(\u00e0) respons\u00e1vel legal, e vice-versa.\r\n\r\n<\/p>\r\n\r\n<br>\r\n\r\n<p>Art. 10. Os(As) usu\u00e1rios(as) que n\u00e3o t\u00eam gratuidade nas refei\u00e7\u00f5es no RU dever\u00e3o ter o saldo suficiente para realizar a refei\u00e7\u00e3o do tipo \"marmitex\", de acordo com a sua categoria (estudante ou servidor(a)), sendo que o valor da refei\u00e7\u00e3o \"marmitex\" ser\u00e1 debitado do(a) usu\u00e1rio(a), no momento da sa\u00edda do produto do RU, para entrega no local indicado.\r\n\r\n<\/p>\r\n\r\n<p>\u00a7 1\u00b0 O saldo a que se refere o art. 10. corresponde ao valor financeiro dispon\u00edvel na matr\u00edcula do(a) usu\u00e1rio(a), sendo este utilizado para realizar as refei\u00e7\u00f5es junto aos RUs da UFSM.\r\n\r\n<\/p>\r\n\r\n<p>\u00a7 2\u00b0 Os valores das refei\u00e7\u00f5es por categoria estar\u00e3o dispon\u00edveis nos canais de comunica\u00e7\u00e3o institucional dos RUs da UFSM.\r\n\r\n<\/p>\r\n\r\n<br>\r\n\r\n<p>Art. 11. Nos casos de usu\u00e1rios(as) que n\u00e3o retirarem o seu marmitex no local de entrega indicado, poder\u00e3o ser adotadas medidas administrativas, tais como:\r\n\r\n<\/p>\r\n\r\n<p>I - Notifica\u00e7\u00e3o sobre o n\u00e3o cumprimento do agendamento: quando o n\u00e3o comparecimento ocorrer de forma espor\u00e1dica e isolada, alertando sobre as medidas administrativas que poder\u00e3o ser adotadas em caso de reiterados descumprimentos;\r\n\r\n<\/p>\r\n\r\n<p>II - Reavalia\u00e7\u00e3o da autoriza\u00e7\u00e3o concedida para a entrega de marmitex: podendo, neste caso, proceder-se contato com o(a) usu\u00e1rio(a) e setores respons\u00e1veis pela solicita\u00e7\u00e3o do servi\u00e7o (CAED ou o Servi\u00e7o de Sa\u00fade indicado) visando o esclarecimento das circunst\u00e2ncias; e\r\n\r\n<\/p>\r\n\r\n<p>III - Suspens\u00e3o do fornecimento de marmitex por per\u00edodo a ser determinado pela Dire\u00e7\u00e3o e pelas Equipes T\u00e9cnicas do RU, considerando o hist\u00f3rico de descumprimento: sendo necess\u00e1rio, para essa medida, encaminhar \u00e0 PRAE e ao(\u00e0) usu\u00e1rio(a) a reavalia\u00e7\u00e3o realizada, contendo o hist\u00f3rico de descumprimento, as circunst\u00e2ncias e a decis\u00e3o tomada.\r\n\r\n<\/p>\r\n\r\n<p>Par\u00e1grafo \u00fanico. N\u00e3o ser\u00e1 estornado o valor descontado do(a) usu\u00e1rio(a) referente \u00e0 refei\u00e7\u00e3o marmitex, mesmo que o produto n\u00e3o seja retirado no local indicado pelo(a) pr\u00f3prio(a) usu\u00e1rio(a), sem preju\u00edzo da aplica\u00e7\u00e3o do disposto nos incisos I, II e III deste artigo.\r\n\r\n<\/p>\r\n\r\n<br>\r\n\r\n<p>Art. 12. Os casos omissos desta Portaria Normativa ser\u00e3o tratados pelos Restaurantes Universit\u00e1rios (RUs), pela Subdivis\u00e3o de Acessibilidade da CAED e pela Pr\u00f3-Reitoria de Assuntos Estudantis (PRAE) da UFSM.\r\n\r\n<\/p>\r\n\r\n<br>\r\n\r\n<p>Art. 13. A inobserv\u00e2ncia ao disposto nesta Portaria Normativa n\u00e3o constitui escusa v\u00e1lida para o descumprimento da norma nem resulta em sua invalidade.\r\n\r\n<\/p>\r\n\r\n<br>\r\n\r\n<p>Art. 14. Esta Portaria Normativa entra em vigor na data de sua publica\u00e7\u00e3o, de acordo com o que prev\u00ea o Decreto n\u00b0 12.002, de 22 de abril de 2024, art. 18, inciso IV.\r\n\r\n<\/p>\r\n\r\n<p>Par\u00e1grafo \u00fanico. Na ocorr\u00eancia de modifica\u00e7\u00f5es legislativas ou situa\u00e7\u00f5es legais que afetem a validade desta Portaria Normativa, as novas disposi\u00e7\u00f5es ser\u00e3o aplicadas imediatamente.\r\n\r\n<\/p>\r\n\r\n<p>Luciano Schuch<\/p>\r\n\r\n<p>Reitor<\/p>\r\n\r\n<p><font color=\"red0000\"> Este texto n\u00e3o substitui o documento original, publicado no Portal de Documentos<\/font> Dispon\u00edvel em: <a href=\"https:\/\/portal.ufsm.br\/documentos\/publico\/documento.html?idDocumento=15354970\" target=\"_blank\"><font color=\"blue\">https:\/\/portal.ufsm.br\/documentos\/publico\/documento.html?idDocumento=15354970<\/font><\/a><\/p>\t\t<\/div>\n\t\t\t\t<\/div>\n\t\t\t\t\t<\/div>\n\t\t<\/div>\n\t\t\t\t\t<\/div>\n\t\t<\/section>\n\t\t\t\t<\/div>\n\t\t","protected":false},"excerpt":{"rendered":"<p>PORTARIA NORMATIVA UFSM N\u00b0 093, DE 24 DE FEVEREIRO DE 2025 MINIST\u00c9RIO DA EDUCA\u00c7\u00c3O UNIVERSIDADE FEDERAL DE SANTA MARIA PORTARIA NORMATIVA UFSM N\u00b0 093, DE 24 DE FEVEREIRO DE 2025 Regulamenta o fornecimento de refei\u00e7\u00f5es prontas (marmitex) nos Restaurantes Universit\u00e1rios (RUs) da Universidade Federal de Santa Maria (UFSM). O REITOR DA UNIVERSIDADE FEDERAL DE SANTA [&hellip;]<\/p>\n","protected":false},"author":4883,"featured_media":0,"parent":0,"menu_order":0,"comment_status":"closed","ping_status":"closed","template":"","meta":{"footnotes":""},"categories":[],"tags":[],"class_list":["post-6436","page","type-page","status-publish","hentry"],"acf":[],"_links":{"self":[{"href":"https:\/\/www.ufsm.br\/pro-reitorias\/proplan\/wp-json\/wp\/v2\/pages\/6436","targetHints":{"allow":["GET"]}}],"collection":[{"href":"https:\/\/www.ufsm.br\/pro-reitorias\/proplan\/wp-json\/wp\/v2\/pages"}],"about":[{"href":"https:\/\/www.ufsm.br\/pro-reitorias\/proplan\/wp-json\/wp\/v2\/types\/page"}],"author":[{"embeddable":true,"href":"https:\/\/www.ufsm.br\/pro-reitorias\/proplan\/wp-json\/wp\/v2\/users\/4883"}],"replies":[{"embeddable":true,"href":"https:\/\/www.ufsm.br\/pro-reitorias\/proplan\/wp-json\/wp\/v2\/comments?post=6436"}],"version-history":[{"count":0,"href":"https:\/\/www.ufsm.br\/pro-reitorias\/proplan\/wp-json\/wp\/v2\/pages\/6436\/revisions"}],"wp:attachment":[{"href":"https:\/\/www.ufsm.br\/pro-reitorias\/proplan\/wp-json\/wp\/v2\/media?parent=6436"}],"wp:term":[{"taxonomy":"category","embeddable":true,"href":"https:\/\/www.ufsm.br\/pro-reitorias\/proplan\/wp-json\/wp\/v2\/categories?post=6436"},{"taxonomy":"post_tag","embeddable":true,"href":"https:\/\/www.ufsm.br\/pro-reitorias\/proplan\/wp-json\/wp\/v2\/tags?post=6436"}],"curies":[{"name":"wp","href":"https:\/\/api.w.org\/{rel}","templated":true}]}}