{"id":6437,"date":"2025-03-05T14:43:50","date_gmt":"2025-03-05T17:43:50","guid":{"rendered":"https:\/\/www.ufsm.br\/pro-reitorias\/proplan\/?page_id=6437"},"modified":"2025-03-05T14:44:45","modified_gmt":"2025-03-05T17:44:45","slug":"portaria-normativa-conjunta-prpgp-prograd-ufsm-n-001-2025","status":"publish","type":"page","link":"https:\/\/www.ufsm.br\/pro-reitorias\/proplan\/portaria-normativa-conjunta-prpgp-prograd-ufsm-n-001-2025","title":{"rendered":"PORTARIA NORMATIVA CONJUNTA PRPGP\/PROGRAD\/UFSM N. 001\/2025"},"content":{"rendered":"\t\t<div data-elementor-type=\"wp-page\" data-elementor-id=\"6437\" class=\"elementor elementor-6437\">\n\t\t\t\t\t\t<section class=\"elementor-section elementor-top-section elementor-element elementor-element-771b846 elementor-section-boxed elementor-section-height-default elementor-section-height-default\" data-id=\"771b846\" data-element_type=\"section\">\n\t\t\t\t\t\t<div class=\"elementor-container elementor-column-gap-default\">\n\t\t\t\t\t<div class=\"elementor-column elementor-col-100 elementor-top-column elementor-element elementor-element-c6b6a78\" data-id=\"c6b6a78\" data-element_type=\"column\">\n\t\t\t<div class=\"elementor-widget-wrap elementor-element-populated\">\n\t\t\t\t\t\t<div class=\"elementor-element elementor-element-1054401b elementor-widget elementor-widget-text-editor\" data-id=\"1054401b\" data-element_type=\"widget\" data-widget_type=\"text-editor.default\">\n\t\t\t\t<div class=\"elementor-widget-container\">\n\t\t\t\t\t\t\t<!-- wp:tadv\/classic-paragraph \/-->\t\t\t\t\t\t<\/div>\n\t\t\t\t<\/div>\n\t\t\t\t\t<\/div>\n\t\t<\/div>\n\t\t\t\t\t<\/div>\n\t\t<\/section>\n\t\t\t\t<section class=\"elementor-section elementor-top-section elementor-element elementor-element-9d2a805 elementor-section-boxed elementor-section-height-default elementor-section-height-default\" data-id=\"9d2a805\" data-element_type=\"section\">\n\t\t\t\t\t\t<div class=\"elementor-container elementor-column-gap-default\">\n\t\t\t\t\t<div class=\"elementor-column elementor-col-100 elementor-top-column elementor-element elementor-element-81e8010\" data-id=\"81e8010\" data-element_type=\"column\">\n\t\t\t<div class=\"elementor-widget-wrap elementor-element-populated\">\n\t\t\t\t\t\t<div class=\"elementor-element elementor-element-4a71e87 elementor-widget elementor-widget-html\" data-id=\"4a71e87\" data-element_type=\"widget\" data-widget_type=\"html.default\">\n\t\t\t\t<div class=\"elementor-widget-container\">\n\t\t\t\n\n\n\n<title><b>PORTARIA NORMATIVA CONJUNTA PRPGP\/PROGRAD\/UFSM N\u00b0 001, DE 24 DE FEVEREIRO DE 2025<\/b><\/title>\n\n<div align=\"center\"><img decoding=\"async\" src=\"https:\/\/www.ufsm.br\/pro-reitorias\/proplan\/wp-content\/uploads\/sites\/344\/2019\/09\/brasao-da-republica-do-brasil-logo.png\" alt=\"Bras\u00e3o Rep\u00fablica Federativa do Brasil\" width=\"6%\" height=\"6%\"><\/div>  <h1><font color=\"blue\"><font size=\"5\"><div align=\"center\">MINIST\u00c9RIO DA EDUCA\u00c7\u00c3O<\/div><\/font><\/font><\/H1>\n<b><font color=\"0000blue\"><div align=\"center\">UNIVERSIDADE FEDERAL DE SANTA MARIA<\/div><\/font><\/b>\n<p><div align=\"center\"><b><a href=\"https:\/\/portal.ufsm.br\/documentos\/publico\/documento.html?idDocumento=15357198\" target=\"_blank\"><font color=\"blue\">PORTARIA NORMATIVA CONJUNTA PRPGP\/PROGRAD\/UFSM N\u00b0 001, DE 24 DE FEVEREIRO DE 2025<\/font><\/a><\/b><\/div>\n<br>\n<p><div align=\"justify\"><font color=\"800000\"><ul><ul><ul><ul><ul><ul><ul><ul><ul><ul><ul><ul><ul><ul><ul><ul><ul><ul><ul><ul><ul><ul><ul><ul>Estabelece o regulamento geral e o funcionamento do Programa Institucional de Gradua\u00e7\u00e3o Integrada \u00e0 P\u00f3s-Gradua\u00e7\u00e3o (GradPG), no \u00e2mbito da Universidade Federal de Santa Maria (UFSM).<\/font><\/div><\/ul>\n<br><div align=\"justify\"><font color=\"black\"> \n<p>A PR\u00d3-REITORA DE P\u00d3S-GRADUA\u00c7\u00c3O E PESQUISA, no uso que lhe confere o art. 184 da \n<a href=\"https:\/\/www.ufsm.br\/pro-reitorias\/proplan\/resolucao-ufsm-n-104-2022\" style=\"text-decoration: none\">\n<font color=\"blue\">\n<u>Resolu\u00e7\u00e3o UFSM n\u00b0 104\n<\/u>\n<\/font>\n<\/a>, de 03 de outubro de 2022, e o PR\u00d3-REITOR DE GRADUA\u00c7\u00c3O, no uso que lhe confere o art. 64 da \n<a href=\"https:\/\/www.ufsm.br\/pro-reitorias\/proplan\/resolucao-ufsm-n-104-2022\" style=\"text-decoration: none\">\n<font color=\"blue\">\n<u>Resolu\u00e7\u00e3o UFSM n\u00b0 041\n<\/u>\n<\/font>\n<\/a>, de 04 de fevereiro de 2021, considerando a necessidade de estabelecer compet\u00eancias, normas e procedimentos para atender \u00e0 \n<a href=\"https:\/\/cad.capes.gov.br\/ato-administrativo-detalhar?idAtoAdmElastic=16305\" style=\"text-decoration: none\">\n<font color=\"blue\">\n<u>Portaria CAPES n\u00b0 291\n<\/u>\n<\/font>\n<\/a>, de 13 de setembro de 2024, \u00e0 \n<a href=\"https:\/\/www.ufsm.br\/pro-reitorias\/proplan\/resolucao-ufsm-n-185-2024\" style=\"text-decoration: none\">\n<font color=\"blue\">\n<u>Resolu\u00e7\u00e3o UFSM n\u00b0 185<\/u>\n<\/font>\n<\/a>, de 23 de dezembro de 2024, e o que consta no processo \n<a href=\"https:\/\/portal.ufsm.br\/documentos\/usuario\/processo\/documento.html?idDocumento=15316514\" style=\"text-decoration: none\">\n<font color=\"blue\">\n<u>23081.001693\/2025-67\n<\/u>\n<\/font>\n<\/a>, resolve:\n<p>\n\n<br>\n\n<\/p>Art. 1\u00b0  Estabelecer o regulamento geral e o funcionamento do Programa Institucional de Gradua\u00e7\u00e3o Integrada \u00e0 P\u00f3s-Gradua\u00e7\u00e3o (GradPG), no \u00e2mbito da Universidade Federal de Santa Maria (UFSM).<p>\n\n<\/p>Art. 2\u00b0  A Pr\u00f3-Reitoria de P\u00f3s-Gradua\u00e7\u00e3o e Pesquisa indicar\u00e1 um(a) coordenador(a) institucional do Programa GradPG, que dever\u00e1 ser docente permanente de um Programa de P\u00f3s-Gradua\u00e7\u00e3o (PPG) avaliado pela CAPES.<p>\n\n<\/p>Art. 3\u00b0  Ao(\u00c0) coordenador(a) institucional do Programa GradPG competem as atribui\u00e7\u00f5es definidas na \n<a href=\"https:\/\/cad.capes.gov.br\/ato-administrativo-detalhar?idAtoAdmElastic=16305\" style=\"text-decoration: none\">\n<font color=\"blue\">\n<u>Portaria CAPES n\u00b0 291\n<\/u>\n<\/font>\n<\/a>, de 13 de setembro de 2024, e outras que vierem a ser estabelecidas em editais de fomento ao Programa GradPG.<p> \n\n<\/p>Art. 4\u00b0  Todos os programas de p\u00f3s-gradua\u00e7\u00e3o stricto sensu da UFSM reconhecidos e avaliados pela CAPES s\u00e3o eleg\u00edveis para participar do Programa GradPG.<p>\n\n<\/p>Art. 5\u00b0  Os programas de p\u00f3s-gradua\u00e7\u00e3o stricto sensu da UFSM ter\u00e3o autonomia para definir o modelo que ser\u00e1 adotado no seu programa interno de forma\u00e7\u00e3o integrada, e para realizar a sele\u00e7\u00e3o de estudantes de gradua\u00e7\u00e3o para o GradPG.<p> \n\n<\/p>Par\u00e1grafo \u00fanico.  O modelo de forma\u00e7\u00e3o integrada adotado deve estar alinhado com os objetivos do Programa GradPG, definidos na \n<a href=\"https:\/\/cad.capes.gov.br\/ato-administrativo-detalhar?idAtoAdmElastic=16305\" style=\"text-decoration: none\">\n<font color=\"blue\">\n<u>Portaria CAPES n\u00b0 291\n<\/u>\n<\/font>\n<\/a>, de 13 de setembro de 2024, art. 3\u00b0, e com a \n<a href=\"https:\/\/www.ufsm.br\/pro-reitorias\/proplan\/resolucao-ufsm-n-185-2024\" style=\"text-decoration: none\">\n<font color=\"blue\">\n<u>Resolu\u00e7\u00e3o UFSM n\u00b0 185<\/u>\n<\/font>\n<\/a>, de 23 de dezembro de 2024.<p>\n\n<\/p>Art. 6\u00b0  Os programas de p\u00f3s-gradua\u00e7\u00e3o participantes comprometem-se a:<p>\n\n<\/p>I - selecionar para o Programa GradPG discentes regularmente matriculados(as) em cursos de gradua\u00e7\u00e3o da UFSM que atendam aos seguintes requisitos:<p>\n\n<\/p>a) apresentem alto rendimento acad\u00eamico;<p>\n\n<\/p>b) tenham cumprido pelo menos 50% (cinquenta por cento) dos cr\u00e9ditos obrigat\u00f3rios do curso de gradua\u00e7\u00e3o; e<p>\n\n<\/p>c) tenham participado de projeto de inicia\u00e7\u00e3o cient\u00edfica\/tecnol\u00f3gica por no m\u00ednimo 12 (doze) meses para mestrado ou 24 (vinte e quatro) meses para doutorado.<p> \n\n<\/p>II - incentivar a participa\u00e7\u00e3o de estudantes da p\u00f3s-gradua\u00e7\u00e3o stricto sensu em atividades de extens\u00e3o e parcerias com centros de pesquisa, associa\u00e7\u00f5es, museus, centros oficiais de divulga\u00e7\u00e3o cient\u00edfica, institutos ou \u00f3rg\u00e3os de preserva\u00e7\u00e3o, ind\u00fastrias e parques tecnol\u00f3gicos; e<p>\n\n<\/p>III - propor mecanismos de acompanhamento e avalia\u00e7\u00e3o para medir o impacto das pesquisas desenvolvidas pelos(as) discentes do GradPG.<p>\n\n<\/p>Par\u00e1grafo \u00fanico.  Nos casos em que houver fomento ao GradPG, os programas de p\u00f3s-gradua\u00e7\u00e3o participantes dever\u00e3o seguir os crit\u00e9rios de sele\u00e7\u00e3o de discentes estabelecidos pelas ag\u00eancias de fomento em suas respectivas normativas, al\u00e9m dos crit\u00e9rios mencionados nas al\u00edneas do inciso I deste artigo.<p> \n\n<\/p>Art. 7\u00b0  Para aderir ao Programa Institucional GradPG, os programas de p\u00f3s-gradua\u00e7\u00e3o devem publicar edital de sele\u00e7\u00e3o de estudantes, que poder\u00e1 ser em fluxo cont\u00ednuo.<p>\n\n<\/p>\u00a7 1\u00b0  O edital dever\u00e1 caracterizar a forma de funcionamento do GradPG em cada PPG, definindo pelo menos os seguintes aspectos:<p>\n\n<\/p>I - os objetivos e vantagens do Programa GradPG;<p>\n\n<\/p>II - os requisitos para ingresso de estudantes no programa;<p>\n\n<\/p>III - as atribui\u00e7\u00f5es e os compromissos do(a) orientador(a), que dever\u00e1 ser docente permanente do programa de p\u00f3s-gradua\u00e7\u00e3o e comprometer-se a orientar o(a) estudante ap\u00f3s o seu ingresso na p\u00f3s-gradua\u00e7\u00e3o;<p>\n\n<\/p>IV - as caracter\u00edsticas do plano de forma\u00e7\u00e3o integrada, definindo as atividades que devem ser cumpridas pelo(a) estudante durante o curso de gradua\u00e7\u00e3o;<p>\n\n<\/p>V - as condi\u00e7\u00f5es para ingresso no curso de p\u00f3s-gradua\u00e7\u00e3o stricto sensu e o tempo estimado para conclus\u00e3o do curso, para os(as) estudantes participantes do GradPG; e<p>\n\n<\/p>VI - os crit\u00e9rios para desligamento dos(as) estudantes do programa.<p>\n\n<\/p>\u00a7 2\u00b0  Os requisitos para ingresso de estudantes no programa devem estar em conformidade com o inciso I do art. 6\u00b0 desta Portaria Normativa, devendo ser definido o crit\u00e9rio que ser\u00e1 utilizado para identificar alto rendimento acad\u00eamico.<p> \n\n<\/p>\u00a7 3\u00b0  A minuta do edital, ap\u00f3s a aprova\u00e7\u00e3o pelo Colegiado do Programa de P\u00f3s-Gradua\u00e7\u00e3o, dever\u00e1 ser submetida \u00e0 an\u00e1lise e valida\u00e7\u00e3o da Pr\u00f3-Reitoria de P\u00f3s-Gradua\u00e7\u00e3o e Pesquisa, quanto \u00e0 conformidade com o Programa Institucional GradPG, antes de sua publica\u00e7\u00e3o.<p> \n\n<\/p>\u00a7 4\u00b0  Caso o funcionamento do GradPG implique em altera\u00e7\u00e3o curricular dos cursos de gradua\u00e7\u00e3o, para a inser\u00e7\u00e3o de conte\u00fados, a norma prevista no caput deste artigo dever\u00e1 ser aprovada tamb\u00e9m pelo colegiado do curso de gradua\u00e7\u00e3o envolvido.<p>\n\n<\/p>Art. 8\u00b0  Os(As) estudantes de gradua\u00e7\u00e3o participantes do Programa Institucional GradPG da UFSM ter\u00e3o a situa\u00e7\u00e3o registrada como \u201caluno(a) especial GradPG\u201d no hist\u00f3rico escolar e ter\u00e3o assegurada a matr\u00edcula nas disciplinas de p\u00f3s-gradua\u00e7\u00e3o integrantes do seu plano de forma\u00e7\u00e3o integrada.<p> \n\n<\/p>Art. 9\u00b0  Ap\u00f3s a conclus\u00e3o do curso de gradua\u00e7\u00e3o, os(as) estudantes do Programa GradPG ter\u00e3o assegurada a matr\u00edcula de estudante regular de p\u00f3s-gradua\u00e7\u00e3o, desde que tenham cumprido todas as atividades de forma\u00e7\u00e3o integrada de p\u00f3s-gradua\u00e7\u00e3o durante o per\u00edodo do curso de gradua\u00e7\u00e3o.<p>\n\n<\/p>\u00a7 1\u00b0  Os(As) egressos(as) do Programa GradPG ter\u00e3o assegurado o aproveitamento dos cr\u00e9ditos de p\u00f3s-gradua\u00e7\u00e3o cursados durante a gradua\u00e7\u00e3o para a integraliza\u00e7\u00e3o do n\u00famero m\u00ednimo de cr\u00e9ditos exigidos para a titula\u00e7\u00e3o de mestrado ou doutorado.<p> \n\n<\/p>\u00a7 2\u00b0  Os(As) egressos(as) do Programa GradPG devem cumprir os mesmos requisitos para titula\u00e7\u00e3o de mestrado ou doutorado exigidos para os(as) demais estudantes do Programa de P\u00f3s-Gradua\u00e7\u00e3o.<p> \n\n<\/p>Art. 10.  A inobserv\u00e2ncia ao disposto nesta Portaria Normativa n\u00e3o constitui escusa v\u00e1lida para o descumprimento da norma nem resulta em sua invalidade.<p>\n\n<\/p>Art. 11.  Esta Portaria Normativa entra em vigor na data de sua publica\u00e7\u00e3o, de acordo com o que prev\u00ea o <a href=\"https:\/\/www.planalto.gov.br\/ccivil_03\/_ato2023-2026\/2024\/decreto\/d12002.htm\" style=\"text-decoration: none\">\n<font color=\"blue\">\n<u>Decreto n\u00b0 12.002\n<\/u>\n<\/font>\n<\/a>, de 22 de abril de 2024, art. 18, inciso IV.<p>\n\n<\/p>Par\u00e1grafo \u00fanico.  Havendo qualquer modifica\u00e7\u00e3o legislativa ou editais de fomento externo ao Programa GradPG que entrem em conflito com esta norma, ou ainda, advindo qualquer situa\u00e7\u00e3o legal que afete a validade desta Portaria Normativa, as novas disposi\u00e7\u00f5es ser\u00e3o aplicadas imediatamente.<p>\n\n<br>\n<p><div align=\"right\">Cristina Wayne Nogueira<\/div><\/p>\n<p><div align=\"right\">Pr\u00f3-Reitora de P\u00f3s-Gradua\u00e7\u00e3o\/UFSM<\/div><\/p>\n<br>\n<p><div align=\"right\">Jer\u00f4nimo Siqueira Tybusch<\/div><\/p>\n<p><div align=\"right\">Pr\u00f3-Reitor de Gradua\u00e7\u00e3o\/UFSM<\/div><\/p>\n<br>\n\n<p>\n<font color=\"red\">Este texto n\u00e3o substitui o documento original, publicado no Portal de Documentos.\n<\/font>\nDispon\u00edvel em: \n<a href=\"https:\/\/portal.ufsm.br\/documentos\/publico\/documento.html?idDocumento=15357198\" target=\"_blank\">\n<font color=\"blue\">https:\/\/portal.ufsm.br\/documentos\/publico\/documento.html?idDocumento=15357198\n<\/font>\n<\/a>\n<\/p>\n\n\n\n\n\n\n\n\n\n\n\n\n\t\t<\/div>\n\t\t\t\t<\/div>\n\t\t\t\t\t<\/div>\n\t\t<\/div>\n\t\t\t\t\t<\/div>\n\t\t<\/section>\n\t\t\t\t<\/div>\n\t\t","protected":false},"excerpt":{"rendered":"<p>PORTARIA NORMATIVA CONJUNTA PRPGP\/PROGRAD\/UFSM N\u00b0 001, DE 24 DE FEVEREIRO DE 2025 MINIST\u00c9RIO DA EDUCA\u00c7\u00c3O UNIVERSIDADE FEDERAL DE SANTA MARIA PORTARIA NORMATIVA CONJUNTA PRPGP\/PROGRAD\/UFSM N\u00b0 001, DE 24 DE FEVEREIRO DE 2025 Estabelece o regulamento geral e o funcionamento do Programa Institucional de Gradua\u00e7\u00e3o Integrada \u00e0 P\u00f3s-Gradua\u00e7\u00e3o (GradPG), no \u00e2mbito da Universidade Federal de Santa [&hellip;]<\/p>\n","protected":false},"author":4883,"featured_media":0,"parent":0,"menu_order":0,"comment_status":"closed","ping_status":"closed","template":"","meta":{"footnotes":""},"categories":[],"tags":[],"class_list":["post-6437","page","type-page","status-publish","hentry"],"acf":[],"_links":{"self":[{"href":"https:\/\/www.ufsm.br\/pro-reitorias\/proplan\/wp-json\/wp\/v2\/pages\/6437","targetHints":{"allow":["GET"]}}],"collection":[{"href":"https:\/\/www.ufsm.br\/pro-reitorias\/proplan\/wp-json\/wp\/v2\/pages"}],"about":[{"href":"https:\/\/www.ufsm.br\/pro-reitorias\/proplan\/wp-json\/wp\/v2\/types\/page"}],"author":[{"embeddable":true,"href":"https:\/\/www.ufsm.br\/pro-reitorias\/proplan\/wp-json\/wp\/v2\/users\/4883"}],"replies":[{"embeddable":true,"href":"https:\/\/www.ufsm.br\/pro-reitorias\/proplan\/wp-json\/wp\/v2\/comments?post=6437"}],"version-history":[{"count":0,"href":"https:\/\/www.ufsm.br\/pro-reitorias\/proplan\/wp-json\/wp\/v2\/pages\/6437\/revisions"}],"wp:attachment":[{"href":"https:\/\/www.ufsm.br\/pro-reitorias\/proplan\/wp-json\/wp\/v2\/media?parent=6437"}],"wp:term":[{"taxonomy":"category","embeddable":true,"href":"https:\/\/www.ufsm.br\/pro-reitorias\/proplan\/wp-json\/wp\/v2\/categories?post=6437"},{"taxonomy":"post_tag","embeddable":true,"href":"https:\/\/www.ufsm.br\/pro-reitorias\/proplan\/wp-json\/wp\/v2\/tags?post=6437"}],"curies":[{"name":"wp","href":"https:\/\/api.w.org\/{rel}","templated":true}]}}