{"id":6451,"date":"2025-03-11T15:05:08","date_gmt":"2025-03-11T18:05:08","guid":{"rendered":"https:\/\/www.ufsm.br\/pro-reitorias\/proplan\/?page_id=6451"},"modified":"2025-03-12T13:59:07","modified_gmt":"2025-03-12T16:59:07","slug":"contribuir","status":"publish","type":"page","link":"https:\/\/www.ufsm.br\/pro-reitorias\/proplan\/revisao-do-plano-de-metas\/contribuir","title":{"rendered":"Como posso contribuir?"},"content":{"rendered":"\t\t<div data-elementor-type=\"wp-page\" data-elementor-id=\"6451\" class=\"elementor elementor-6451\">\n\t\t\t\t\t\t<section class=\"elementor-section elementor-top-section elementor-element elementor-element-35d6dea elementor-section-boxed elementor-section-height-default elementor-section-height-default\" data-id=\"35d6dea\" data-element_type=\"section\">\n\t\t\t\t\t\t<div class=\"elementor-container elementor-column-gap-default\">\n\t\t\t\t\t<div class=\"elementor-column elementor-col-100 elementor-top-column elementor-element elementor-element-6839d75\" data-id=\"6839d75\" data-element_type=\"column\">\n\t\t\t<div class=\"elementor-widget-wrap elementor-element-populated\">\n\t\t\t\t\t\t<div class=\"elementor-element elementor-element-a193056 elementor-widget elementor-widget-text-editor\" data-id=\"a193056\" data-element_type=\"widget\" data-widget_type=\"text-editor.default\">\n\t\t\t\t<div class=\"elementor-widget-container\">\n\t\t\t\t\t\t\t<p style=\"text-align: justify\">A <strong><a href=\"https:\/\/proplan.ufsm.br\/wiki\/Plano_de_metas\" target=\"_blank\" rel=\"noopener\">Wiki do Plano de Metas<\/a><\/strong> foi criada como um espa\u00e7o colaborativo para fomentar a intera\u00e7\u00e3o da comunidade acad\u00eamica no processo de constru\u00e7\u00e3o do novo Plano de Metas da UFSM (PDI 2016-2026). Este ambiente digital permite o acompanhamento das discuss\u00f5es, a troca de contribui\u00e7\u00f5es e o registro sistem\u00e1tico das vers\u00f5es do plano ao longo do tempo.<\/p><p style=\"text-align: justify\">Al\u00e9m de servir como canal de participa\u00e7\u00e3o ativa, a Wiki tamb\u00e9m funciona como um manancial de informa\u00e7\u00f5es estrat\u00e9gicas, reunindo fichas detalhadas dos indicadores e documentando as revis\u00f5es e aprimoramentos do plano. Dessa forma, garante-se a transpar\u00eancia, a rastreabilidade das altera\u00e7\u00f5es e a constru\u00e7\u00e3o coletiva de um planejamento institucional mais alinhado \u00e0s demandas da universidade.<\/p><p style=\"text-align: justify\">A participa\u00e7\u00e3o de toda a comunidade acad\u00eamica \u00e9 essencial para que o Plano de Metas reflita as necessidades e desafios da UFSM. Crie sua conta, contribua na aba &#8220;discuss\u00f5es&#8221; com suas sugest\u00f5es e ajude a aprimorar o desenvolvimento institucional da UFSM! <img decoding=\"async\" class=\"emoji\" role=\"img\" src=\"https:\/\/s.w.org\/images\/core\/emoji\/15.0.3\/svg\/1f680.svg\" alt=\"\ud83d\ude80\" \/><\/p><div style=\"text-align: justify\">Confira o tutorial no v\u00eddeo abaixo para aprender a criar sua conta na <strong><a href=\"https:\/\/proplan.ufsm.br\/wiki\/P%C3%A1gina_principal\" target=\"_blank\" rel=\"noopener\">WikiUFSM<\/a><\/strong>. Ficou com d\u00favidas? Entre em <strong><a href=\"https:\/\/www.ufsm.br\/pro-reitorias\/proplan\/revisao-do-plano-de-metas\/contato\" target=\"_blank\" rel=\"noopener\">contato<\/a><\/strong> conosco!<\/div>\t\t\t\t\t\t<\/div>\n\t\t\t\t<\/div>\n\t\t\t\t\t<\/div>\n\t\t<\/div>\n\t\t\t\t\t<\/div>\n\t\t<\/section>\n\t\t\t\t<section class=\"elementor-section elementor-top-section elementor-element elementor-element-de58e2d elementor-section-boxed elementor-section-height-default elementor-section-height-default\" data-id=\"de58e2d\" data-element_type=\"section\">\n\t\t\t\t\t\t<div class=\"elementor-container elementor-column-gap-default\">\n\t\t\t\t\t<div class=\"elementor-column elementor-col-100 elementor-top-column elementor-element elementor-element-2719926\" data-id=\"2719926\" data-element_type=\"column\">\n\t\t\t<div class=\"elementor-widget-wrap elementor-element-populated\">\n\t\t\t\t\t\t<div class=\"elementor-element elementor-element-10a015d elementor-widget elementor-widget-video\" data-id=\"10a015d\" data-element_type=\"widget\" data-settings=\"{&quot;youtube_url&quot;:&quot;https:\\\/\\\/www.youtube.com\\\/watch?v=b-XoGNo1poU&quot;,&quot;video_type&quot;:&quot;youtube&quot;,&quot;controls&quot;:&quot;yes&quot;}\" data-widget_type=\"video.default\">\n\t\t\t\t<div class=\"elementor-widget-container\">\n\t\t\t\t\t<div class=\"elementor-wrapper elementor-open-inline\">\n\t\t\t<div class=\"elementor-video\"><\/div>\t\t<\/div>\n\t\t\t\t<\/div>\n\t\t\t\t<\/div>\n\t\t\t\t\t<\/div>\n\t\t<\/div>\n\t\t\t\t\t<\/div>\n\t\t<\/section>\n\t\t\t\t<\/div>\n\t\t","protected":false},"excerpt":{"rendered":"<p>A Wiki do Plano de Metas foi criada como um espa\u00e7o colaborativo para fomentar a intera\u00e7\u00e3o da comunidade acad\u00eamica no processo de constru\u00e7\u00e3o do novo Plano de Metas da UFSM (PDI 2016-2026). Este ambiente digital permite o acompanhamento das discuss\u00f5es, a troca de contribui\u00e7\u00f5es e o registro sistem\u00e1tico das vers\u00f5es do plano ao longo do [&hellip;]<\/p>\n","protected":false},"author":7289,"featured_media":0,"parent":6320,"menu_order":1,"comment_status":"closed","ping_status":"closed","template":"","meta":{"footnotes":""},"categories":[],"tags":[],"class_list":["post-6451","page","type-page","status-publish","hentry"],"acf":[],"_links":{"self":[{"href":"https:\/\/www.ufsm.br\/pro-reitorias\/proplan\/wp-json\/wp\/v2\/pages\/6451","targetHints":{"allow":["GET"]}}],"collection":[{"href":"https:\/\/www.ufsm.br\/pro-reitorias\/proplan\/wp-json\/wp\/v2\/pages"}],"about":[{"href":"https:\/\/www.ufsm.br\/pro-reitorias\/proplan\/wp-json\/wp\/v2\/types\/page"}],"author":[{"embeddable":true,"href":"https:\/\/www.ufsm.br\/pro-reitorias\/proplan\/wp-json\/wp\/v2\/users\/7289"}],"replies":[{"embeddable":true,"href":"https:\/\/www.ufsm.br\/pro-reitorias\/proplan\/wp-json\/wp\/v2\/comments?post=6451"}],"version-history":[{"count":0,"href":"https:\/\/www.ufsm.br\/pro-reitorias\/proplan\/wp-json\/wp\/v2\/pages\/6451\/revisions"}],"up":[{"embeddable":true,"href":"https:\/\/www.ufsm.br\/pro-reitorias\/proplan\/wp-json\/wp\/v2\/pages\/6320"}],"wp:attachment":[{"href":"https:\/\/www.ufsm.br\/pro-reitorias\/proplan\/wp-json\/wp\/v2\/media?parent=6451"}],"wp:term":[{"taxonomy":"category","embeddable":true,"href":"https:\/\/www.ufsm.br\/pro-reitorias\/proplan\/wp-json\/wp\/v2\/categories?post=6451"},{"taxonomy":"post_tag","embeddable":true,"href":"https:\/\/www.ufsm.br\/pro-reitorias\/proplan\/wp-json\/wp\/v2\/tags?post=6451"}],"curies":[{"name":"wp","href":"https:\/\/api.w.org\/{rel}","templated":true}]}}