{"id":6455,"date":"2025-03-11T15:16:33","date_gmt":"2025-03-11T18:16:33","guid":{"rendered":"https:\/\/www.ufsm.br\/pro-reitorias\/proplan\/?page_id=6455"},"modified":"2025-03-12T14:21:54","modified_gmt":"2025-03-12T17:21:54","slug":"apresentacao","status":"publish","type":"page","link":"https:\/\/www.ufsm.br\/pro-reitorias\/proplan\/revisao-do-plano-de-metas\/apresentacao","title":{"rendered":"Apresenta\u00e7\u00e3o"},"content":{"rendered":"\t\t<div data-elementor-type=\"wp-page\" data-elementor-id=\"6455\" class=\"elementor elementor-6455\">\n\t\t\t\t\t\t<section class=\"elementor-section elementor-top-section elementor-element elementor-element-b0dd1fa elementor-section-boxed elementor-section-height-default elementor-section-height-default\" data-id=\"b0dd1fa\" data-element_type=\"section\">\n\t\t\t\t\t\t<div class=\"elementor-container elementor-column-gap-default\">\n\t\t\t\t\t<div class=\"elementor-column elementor-col-100 elementor-top-column elementor-element elementor-element-ee8d444\" data-id=\"ee8d444\" data-element_type=\"column\">\n\t\t\t<div class=\"elementor-widget-wrap elementor-element-populated\">\n\t\t\t\t\t\t<div class=\"elementor-element elementor-element-cc73a63 elementor-widget elementor-widget-text-editor\" data-id=\"cc73a63\" data-element_type=\"widget\" data-widget_type=\"text-editor.default\">\n\t\t\t\t<div class=\"elementor-widget-container\">\n\t\t\t\t\t\t\t<p style=\"text-align: justify\">O planejamento estrat\u00e9gico da UFSM \u00e9 fundamentado no <a style=\"font-family: Arial;font-size: 10pt\" href=\"https:\/\/www.ufsm.br\/pro-reitorias\/proplan\/pdi\" target=\"_blank\" rel=\"noopener\">Plano de Desenvolvimento Institucional<\/a> (PDI), que orienta as a\u00e7\u00f5es da universidade com base em sua Vis\u00e3o e nos 7 Desafios Institucionais. Esses desafios reafirmam o compromisso da institui\u00e7\u00e3o com os pilares universit\u00e1rios \u2014 ensino, pesquisa e extens\u00e3o \u2014 e com a gest\u00e3o institucional. Al\u00e9m disso, contemplam tr\u00eas desafios de relev\u00e2ncia social: internacionaliza\u00e7\u00e3o, inclus\u00e3o social e gest\u00e3o ambiental. O PDI estabelece os objetivos estrat\u00e9gicos que norteiam a trajet\u00f3ria da UFSM.<\/p><p style=\"text-align: justify\">A partir dessas diretrizes, a UFSM desenvolve o Plano de Metas, um instrumento estrat\u00e9gico que define as a\u00e7\u00f5es necess\u00e1rias para o avan\u00e7o institucional. Esse plano estrutura estrat\u00e9gias concretas para alcan\u00e7ar os objetivos estrat\u00e9gicos e promove um acompanhamento sistem\u00e1tico de indicadores, que refletem os principais desafios e oportunidades da universidade. Dessa forma, os indicadores servem como base para a tomada de decis\u00f5es e para o aperfei\u00e7oamento cont\u00ednuo das a\u00e7\u00f5es institucionais.<\/p><p style=\"text-align: justify\">Em 2023, a UFSM iniciou o processo de revis\u00e3o do Plano de Metas, assegurando sua ader\u00eancia aos objetivos estrat\u00e9gicos institucionais. Essa revis\u00e3o inclui a an\u00e1lise dos indicadores de desempenho, a defini\u00e7\u00e3o de novas metas e a reavalia\u00e7\u00e3o das estrat\u00e9gias para o pr\u00f3ximo ciclo de planejamento.<\/p><p style=\"text-align: justify\">Ao longo do ano, a Pr\u00f3-Reitoria de Planejamento (PROPLAN), por meio da Coordenadoria de Planejamento e Avalia\u00e7\u00e3o Institucional (COPLAI) e em parceria com as demais pr\u00f3-reitorias, trabalhou na identifica\u00e7\u00e3o e desenvolvimento de novos indicadores, garantindo um retrato mais preciso da realidade institucional. Como resultado desse esfor\u00e7o, foi apresentado \u00e0 Comiss\u00e3o Central o novo Plano de Metas para o per\u00edodo de 2025-2027.<\/p><p style=\"text-align: justify\">No in\u00edcio do 1\u00ba semestre de 2025, ter\u00e1 in\u00edcio a fase de discuss\u00e3o junto \u00e0s unidades acad\u00eamicas, conduzida paralelamente ao in\u00edcio do ano letivo. Esse processo permitir\u00e1 a incorpora\u00e7\u00e3o de contribui\u00e7\u00f5es e eventuais ajustes nas estrat\u00e9gias e indicadores propostos. A previs\u00e3o \u00e9 de que a revis\u00e3o do Plano de Metas seja conclu\u00edda at\u00e9 o final do primeiro semestre de 2025.<\/p><p><a href=\"https:\/\/proplan.ufsm.br\/wiki\/Gloss%C3%A1rio\" target=\"_blank\" rel=\"noopener\"><strong>GLOSS\u00c1RIO &#8211; saiba mais sobre os termos utilizados &gt;&gt;&gt;<\/strong><\/a><\/p>\t\t\t\t\t\t<\/div>\n\t\t\t\t<\/div>\n\t\t\t\t\t<\/div>\n\t\t<\/div>\n\t\t\t\t\t<\/div>\n\t\t<\/section>\n\t\t\t\t<section class=\"elementor-section elementor-top-section elementor-element elementor-element-f843867 elementor-section-boxed elementor-section-height-default elementor-section-height-default\" data-id=\"f843867\" data-element_type=\"section\">\n\t\t\t\t\t\t<div class=\"elementor-container elementor-column-gap-default\">\n\t\t\t\t\t<div class=\"elementor-column elementor-col-100 elementor-top-column elementor-element elementor-element-c8f2a3a\" data-id=\"c8f2a3a\" data-element_type=\"column\">\n\t\t\t<div class=\"elementor-widget-wrap elementor-element-populated\">\n\t\t\t\t\t\t<div class=\"elementor-element elementor-element-105293d elementor-widget elementor-widget-image\" data-id=\"105293d\" data-element_type=\"widget\" data-widget_type=\"image.default\">\n\t\t\t\t<div class=\"elementor-widget-container\">\n\t\t\t\t\t\t\t\t\t\t\t\t\t<img fetchpriority=\"high\" decoding=\"async\" width=\"1024\" height=\"575\" src=\"https:\/\/www.ufsm.br\/app\/uploads\/sites\/344\/2025\/03\/Cronogramab-1024x575.jpg\" class=\"attachment-large size-large wp-image-6456\" alt=\"\" srcset=\"https:\/\/www.ufsm.br\/app\/uploads\/sites\/344\/2025\/03\/Cronogramab-1024x575.jpg 1024w, https:\/\/www.ufsm.br\/app\/uploads\/sites\/344\/2025\/03\/Cronogramab-300x168.jpg 300w, https:\/\/www.ufsm.br\/app\/uploads\/sites\/344\/2025\/03\/Cronogramab-768x431.jpg 768w, https:\/\/www.ufsm.br\/app\/uploads\/sites\/344\/2025\/03\/Cronogramab-1536x862.jpg 1536w, https:\/\/www.ufsm.br\/app\/uploads\/sites\/344\/2025\/03\/Cronogramab.jpg 1899w\" sizes=\"(max-width: 1024px) 100vw, 1024px\" \/>\t\t\t\t\t\t\t\t\t\t\t\t\t<\/div>\n\t\t\t\t<\/div>\n\t\t\t\t\t<\/div>\n\t\t<\/div>\n\t\t\t\t\t<\/div>\n\t\t<\/section>\n\t\t\t\t<\/div>\n\t\t","protected":false},"excerpt":{"rendered":"<p>O planejamento estrat\u00e9gico da UFSM \u00e9 fundamentado no Plano de Desenvolvimento Institucional (PDI), que orienta as a\u00e7\u00f5es da universidade com base em sua Vis\u00e3o e nos 7 Desafios Institucionais. Esses desafios reafirmam o compromisso da institui\u00e7\u00e3o com os pilares universit\u00e1rios \u2014 ensino, pesquisa e extens\u00e3o \u2014 e com a gest\u00e3o institucional. Al\u00e9m disso, contemplam tr\u00eas [&hellip;]<\/p>\n","protected":false},"author":7289,"featured_media":0,"parent":6320,"menu_order":1,"comment_status":"closed","ping_status":"closed","template":"","meta":{"footnotes":""},"categories":[],"tags":[],"class_list":["post-6455","page","type-page","status-publish","hentry"],"acf":[],"_links":{"self":[{"href":"https:\/\/www.ufsm.br\/pro-reitorias\/proplan\/wp-json\/wp\/v2\/pages\/6455","targetHints":{"allow":["GET"]}}],"collection":[{"href":"https:\/\/www.ufsm.br\/pro-reitorias\/proplan\/wp-json\/wp\/v2\/pages"}],"about":[{"href":"https:\/\/www.ufsm.br\/pro-reitorias\/proplan\/wp-json\/wp\/v2\/types\/page"}],"author":[{"embeddable":true,"href":"https:\/\/www.ufsm.br\/pro-reitorias\/proplan\/wp-json\/wp\/v2\/users\/7289"}],"replies":[{"embeddable":true,"href":"https:\/\/www.ufsm.br\/pro-reitorias\/proplan\/wp-json\/wp\/v2\/comments?post=6455"}],"version-history":[{"count":0,"href":"https:\/\/www.ufsm.br\/pro-reitorias\/proplan\/wp-json\/wp\/v2\/pages\/6455\/revisions"}],"up":[{"embeddable":true,"href":"https:\/\/www.ufsm.br\/pro-reitorias\/proplan\/wp-json\/wp\/v2\/pages\/6320"}],"wp:attachment":[{"href":"https:\/\/www.ufsm.br\/pro-reitorias\/proplan\/wp-json\/wp\/v2\/media?parent=6455"}],"wp:term":[{"taxonomy":"category","embeddable":true,"href":"https:\/\/www.ufsm.br\/pro-reitorias\/proplan\/wp-json\/wp\/v2\/categories?post=6455"},{"taxonomy":"post_tag","embeddable":true,"href":"https:\/\/www.ufsm.br\/pro-reitorias\/proplan\/wp-json\/wp\/v2\/tags?post=6455"}],"curies":[{"name":"wp","href":"https:\/\/api.w.org\/{rel}","templated":true}]}}