{"id":6474,"date":"2025-03-25T15:27:30","date_gmt":"2025-03-25T18:27:30","guid":{"rendered":"https:\/\/www.ufsm.br\/pro-reitorias\/proplan\/?page_id=6474"},"modified":"2025-03-25T15:52:38","modified_gmt":"2025-03-25T18:52:38","slug":"resolucao-ufsm-n-192-2025","status":"publish","type":"page","link":"https:\/\/www.ufsm.br\/pro-reitorias\/proplan\/resolucao-ufsm-n-192-2025","title":{"rendered":"RESOLU\u00c7\u00c3O UFSM N\u00b0 192\/2025"},"content":{"rendered":"\t\t<div data-elementor-type=\"wp-page\" data-elementor-id=\"6474\" class=\"elementor elementor-6474\">\n\t\t\t\t\t\t<section class=\"elementor-section elementor-top-section elementor-element elementor-element-82d8577 elementor-section-boxed elementor-section-height-default elementor-section-height-default\" data-id=\"82d8577\" data-element_type=\"section\">\n\t\t\t\t\t\t<div class=\"elementor-container elementor-column-gap-default\">\n\t\t\t\t\t<div class=\"elementor-column elementor-col-100 elementor-top-column elementor-element elementor-element-b01bb10\" data-id=\"b01bb10\" data-element_type=\"column\">\n\t\t\t<div class=\"elementor-widget-wrap elementor-element-populated\">\n\t\t\t\t\t\t<div class=\"elementor-element elementor-element-b083f89 elementor-widget elementor-widget-html\" data-id=\"b083f89\" data-element_type=\"widget\" data-widget_type=\"html.default\">\n\t\t\t\t<div class=\"elementor-widget-container\">\n\t\t\t<!-- Cabe\u00e7alho -->\r\n<div align=\"center\">\r\n  <img decoding=\"async\" src=\"https:\/\/www.ufsm.br\/pro-reitorias\/proplan\/wp-content\/uploads\/sites\/344\/2019\/09\/brasao-da-republica-do-brasil-logo.png\" alt=\"Bras\u00e3o Rep\u00fablica Federativa do Brasil\" width=\"6%\" height=\"6%\">\r\n<\/div>\r\n\r\n<h1>\r\n  <font color=\"blue\">\r\n    <font size=\"5\">\r\n      <div align=\"center\">MINIST\u00c9RIO DA EDUCA\u00c7\u00c3O<\/div>\r\n    <\/font>\r\n  <\/font>\r\n<\/h1>\r\n\r\n<p>\r\n  <b>\r\n    <font color=\"0000blue\">\r\n      <div align=\"center\">UNIVERSIDADE FEDERAL DE SANTA MARIA<\/b>\r\n      <\/div>\r\n    <\/font>\r\n<\/p>\r\n\r\n<p>\r\n  <div align=\"center\">\r\n    <b>\r\n      <a href=\"https:\/\/portal.ufsm.br\/documentos\/publico\/documento.html?idDocumento=15391771\" target=\"_blank\">\r\n        <font color=\"blue\">RESOLU\u00c7\u00c3O UFSM N\u00b0 192, DE 24 DE MAR\u00c7O DE 2025<\/font>\r\n      <\/a>\r\n    <\/b>\r\n  <\/div>\r\n<\/p>\r\n\r\n<br>\r\n\r\n<!-- Ementa -->\r\n<p style=\"margin-left: 9cm;text-align: justify;color: #800000\">\r\nExtingue o Curso de Sociologia, grau de licenciatura, modalidade a dist\u00e2ncia, vinculado \u00e0 Universidade Aberta do Brasil (UAB) e \u00e0 estrutura organizacional do Centro de Ci\u00eancias Sociais e Humanas (CCSH), na Universidade Federal de Santa Maria (UFSM).<\/font><\/div><\/p> \r\n<\/ul><\/ul><\/ul><\/ul><\/ul><\/ul><\/ul><\/ul><\/ul><\/ul><\/ul><\/ul><\/ul><\/ul><\/ul><\/ul><\/ul><\/ul><\/ul><\/ul><\/ul>\r\n\r\n<!-- Normativo -->\r\n<div align=\"justify\"> \r\n  <div>\r\n    <br>\r\n  <\/div>\r\n  <div>\r\n    <p style=\"text-align: justify\">O REITOR DA UNIVERSIDADE FEDERAL DE SANTA MARIA, no uso de suas atribui&ccedil;&otilde;es legais que lhe confere o art. 30 do Estatuto da Universidade Federal de Santa Maria com as adequa&ccedil;&otilde;es aprovadas pela&nbsp; <span style=\"text-decoration: underline;color: #0000ff\"><a href=\"https:\/\/www.ufsm.br\/pro-reitorias\/proplan\/resolucao-n-037-2010#:~:text=Aprova%20a%20adequa%C3%A7%C3%A3o%20do%20Estatuto,Santa%20Maria%20%C3%A0%20legisla%C3%A7%C3%A3o%20vigente.&amp;text=%2D%20o%20Parecer%20n.,23081.007947%2F2008%2D50\"><span style=\"color: #0000ff;text-decoration: underline\">Resolu&ccedil;&atilde;o UFSM n&deg; 037<\/span><\/a><\/span>, de 30 de novembro de 2010, aprovado pela Portaria n&deg; 156, de 12 de mar&ccedil;o de 2014, e publicado no Di&aacute;rio Oficial da Uni&atilde;o em 13 de mar&ccedil;o de 2014, tendo em vista o disposto na <span style=\"text-decoration: underline;color: #0000ff\"><a href=\"https:\/\/www.planalto.gov.br\/ccivil_03\/leis\/l9394.htm\"><span style=\"color: #0000ff;text-decoration: underline\">Lei n&deg; 9.394<\/span><\/a><\/span>, de 20 de dezembro de 1996, no <span style=\"text-decoration: underline;color: #0000ff\"><a href=\"https:\/\/www.planalto.gov.br\/ccivil_03\/_ato2023-2026\/2024\/decreto\/d12002.htm\"><span style=\"color: #0000ff;text-decoration: underline\">Decreto n&deg; 12.002<\/span><\/a><\/span>, de 22 de abril de 2024, nas <span style=\"text-decoration: underline\"><span style=\"color: #0000ff\"><a href=\"https:\/\/www.ufsm.br\/pro-reitorias\/proplan\/resolucao-n-037-2019\"><span style=\"color: #0000ff;text-decoration: underline\">Resolu&ccedil;&otilde;es UFSM n&deg; 037<\/span><\/a><\/span><\/span>, de 22 de novembro de 2019, e <span style=\"text-decoration: underline\"><span style=\"color: #0000ff\"><a href=\"https:\/\/www.ufsm.br\/pro-reitorias\/proplan\/resolucao-n-029-2020#:~:text=Aprova%20a%20consolida%C3%A7%C3%A3o%20dos%20Cursos,28%20de%20novembro%20de%202019.\"><span style=\"color: #0000ff;text-decoration: underline\">UFSM n&deg; 029<\/span><\/a><\/span><\/span>, de 05 de novembro de 2020, e o que consta no <span style=\"text-decoration: underline\"><span style=\"color: #0000ff\"><a href=\"https:\/\/portal.ufsm.br\/documentos\/publico\/processo\/documento.html?idDocumento=15286556\"><span style=\"color: #0000ff;text-decoration: underline\">Processo n&deg; 23081.150940\/2024-77<\/span><\/a><\/span><\/span>, resolve:<\/p>\r\n\r\n<p style=\"text-align: justify\">&nbsp;<\/p>\r\n<p style=\"text-align: justify\">Art. 1&deg;&nbsp; Extinguir o Curso de Sociologia, grau de licenciatura, modalidade a dist&acirc;ncia, vinculado &agrave; Universidade Aberta do Brasil (UAB) e &agrave; estrutura organizacional do Centro de Ci&ecirc;ncias Sociais e Humanas (CCSH), da Universidade Federal de Santa Maria (UFSM).<\/p>\r\n<p style=\"text-align: justify\">Art. 2&deg;&nbsp; O artigo 6&deg; da <span style=\"text-decoration: underline\"><span style=\"color: #0000ff\"><a href=\"https:\/\/www.ufsm.br\/pro-reitorias\/proplan\/resolucao-n-029-2020#:~:text=Aprova%20a%20consolida%C3%A7%C3%A3o%20dos%20Cursos,28%20de%20novembro%20de%202019.\"><span style=\"color: #0000ff;text-decoration: underline\">Resolu&ccedil;&atilde;o UFSM n&deg; 029<\/span><\/a><\/span><\/span>, de 05 de novembro de 2020, passa a vigorar com a seguinte reda&ccedil;&atilde;o:<\/p>\r\n<p style=\"text-align: justify\">&nbsp;<\/p>\r\n<p style=\"text-align: justify\">&ldquo;(...)<\/p>\r\n<p style=\"text-align: justify\">Art. 6&deg;&nbsp; Os cursos de Gradua&ccedil;&atilde;o, com situa&ccedil;&atilde;o &ldquo;em atividade&rdquo;, do Centro de Ci&ecirc;ncias Sociais e Humanas (CCSH), s&atilde;o:<\/p>\r\n<p style=\"text-align: justify\">(...)<\/p>\r\n<p style=\"text-align: justify\">XXII - Rela&ccedil;&otilde;es Internacionais; e<\/p>\r\n<p style=\"text-align: justify\">XXIII - Servi&ccedil;o Social - Noturno.<\/p>\r\n<p style=\"text-align: justify\">(...)&rdquo;<\/p>\r\n<p style=\"text-align: justify\">(NR)<\/p>\r\n<p style=\"text-align: justify\">&nbsp;<\/p>\r\n<p style=\"text-align: justify\">Art. 3&deg;&nbsp; Caber&aacute;:<\/p>\r\n<p style=\"text-align: justify\">I - &agrave; Coordenadoria de Planejamento Administrativo (COPLAD\/PROPLAN) proceder &agrave;s altera&ccedil;&otilde;es nos Sistemas de Estruturantes da Institui&ccedil;&atilde;o;&nbsp;<\/p>\r\n<p style=\"text-align: justify\">II - ao Departamento de Arquivo Geral (DAG) o tratamento dos documentos arquiv&iacute;sticos; e<\/p>\r\n<p style=\"text-align: justify\">III - ao Centro de Processamento de Dados (CPD) as adequa&ccedil;&otilde;es necess&aacute;rias nos sistemas institucionais.<\/p>\r\n<p style=\"text-align: justify\">Art. 4&deg;&nbsp; A inobserv&acirc;ncia ao disposto nesta Resolu&ccedil;&atilde;o n&atilde;o constitui escusa v&aacute;lida para o descumprimento da norma nem resulta em sua invalidade.<\/p>\r\n<p style=\"text-align: justify\">Art. 5&deg;&nbsp; Esta Resolu&ccedil;&atilde;o entra em vigor na data de sua publica&ccedil;&atilde;o, de acordo com o que prev&ecirc; o&nbsp; <span style=\"text-decoration: underline\"><a href=\"https:\/\/www.planalto.gov.br\/ccivil_03\/_ato2023-2026\/2024\/decreto\/d12002.htm\">Decreto n&deg; 12.002<\/a><\/span>, de 22 de abril de 2024, art. 18, inciso IV.&nbsp;<\/p>\r\n<p style=\"text-align: justify\">Par&aacute;grafo &uacute;nico. Havendo qualquer modifica&ccedil;&atilde;o legislativa, ou ainda, advindo qualquer situa&ccedil;&atilde;o legal que impacte na legalidade da presente Resolu&ccedil;&atilde;o, a mesma se aplica de imediato.&nbsp;&nbsp;<\/p>\r\n<p style=\"text-align: justify\">&nbsp;<\/p>\r\n<p style=\"text-align: justify\"><span style=\"font-weight: 400\">Luciano Schuch,<\/span><\/p>\r\n<p style=\"text-align: justify\"><span style=\"font-weight: 400\">Reitor<\/span><\/p>\r\n\r\n    <br>\r\n\r\n    <!-- Modifica\u00e7\u00e3o para a Publica\u00e7\u00e3o Original -->\r\n    <p>\r\n      <font color=\"red\">Este texto n\u00e3o substitui o documento original, publicado no Portal de Documentos.<\/font>\r\n      Dispon\u00edvel em: \r\n      <a href=\"https:\/\/portal.ufsm.br\/documentos\/publico\/documento.html?idDocumento=15391771\" target=\"_blank\">\r\n        <font color=\"blue\">https:\/\/portal.ufsm.br\/documentos\/publico\/documento.html?idDocumento=15391771<\/font>\r\n      <\/a>\r\n    <\/p>\r\n  <\/div>\r\n<\/div>\r\n\t\t<\/div>\n\t\t\t\t<\/div>\n\t\t\t\t\t<\/div>\n\t\t<\/div>\n\t\t\t\t\t<\/div>\n\t\t<\/section>\n\t\t\t\t<\/div>\n\t\t","protected":false},"excerpt":{"rendered":"<p>MINIST\u00c9RIO DA EDUCA\u00c7\u00c3O UNIVERSIDADE FEDERAL DE SANTA MARIA RESOLU\u00c7\u00c3O UFSM N\u00b0 192, DE 24 DE MAR\u00c7O DE 2025 Extingue o Curso de Sociologia, grau de licenciatura, modalidade a dist\u00e2ncia, vinculado \u00e0 Universidade Aberta do Brasil (UAB) e \u00e0 estrutura organizacional do Centro de Ci\u00eancias Sociais e Humanas (CCSH), na Universidade Federal de Santa Maria (UFSM). [&hellip;]<\/p>\n","protected":false},"author":1466,"featured_media":0,"parent":0,"menu_order":0,"comment_status":"closed","ping_status":"closed","template":"","meta":{"footnotes":""},"categories":[],"tags":[],"class_list":["post-6474","page","type-page","status-publish","hentry"],"acf":[],"_links":{"self":[{"href":"https:\/\/www.ufsm.br\/pro-reitorias\/proplan\/wp-json\/wp\/v2\/pages\/6474","targetHints":{"allow":["GET"]}}],"collection":[{"href":"https:\/\/www.ufsm.br\/pro-reitorias\/proplan\/wp-json\/wp\/v2\/pages"}],"about":[{"href":"https:\/\/www.ufsm.br\/pro-reitorias\/proplan\/wp-json\/wp\/v2\/types\/page"}],"author":[{"embeddable":true,"href":"https:\/\/www.ufsm.br\/pro-reitorias\/proplan\/wp-json\/wp\/v2\/users\/1466"}],"replies":[{"embeddable":true,"href":"https:\/\/www.ufsm.br\/pro-reitorias\/proplan\/wp-json\/wp\/v2\/comments?post=6474"}],"version-history":[{"count":0,"href":"https:\/\/www.ufsm.br\/pro-reitorias\/proplan\/wp-json\/wp\/v2\/pages\/6474\/revisions"}],"wp:attachment":[{"href":"https:\/\/www.ufsm.br\/pro-reitorias\/proplan\/wp-json\/wp\/v2\/media?parent=6474"}],"wp:term":[{"taxonomy":"category","embeddable":true,"href":"https:\/\/www.ufsm.br\/pro-reitorias\/proplan\/wp-json\/wp\/v2\/categories?post=6474"},{"taxonomy":"post_tag","embeddable":true,"href":"https:\/\/www.ufsm.br\/pro-reitorias\/proplan\/wp-json\/wp\/v2\/tags?post=6474"}],"curies":[{"name":"wp","href":"https:\/\/api.w.org\/{rel}","templated":true}]}}