{"id":6476,"date":"2025-03-26T14:31:05","date_gmt":"2025-03-26T17:31:05","guid":{"rendered":"https:\/\/www.ufsm.br\/pro-reitorias\/proplan\/?page_id=6476"},"modified":"2025-03-26T14:35:21","modified_gmt":"2025-03-26T17:35:21","slug":"resolucao-ufsm-n-194-2025","status":"publish","type":"page","link":"https:\/\/www.ufsm.br\/pro-reitorias\/proplan\/resolucao-ufsm-n-194-2025","title":{"rendered":"RESOLU\u00c7\u00c3O UFSM N\u00b0 194\/2025"},"content":{"rendered":"\t\t<div data-elementor-type=\"wp-page\" data-elementor-id=\"6476\" class=\"elementor elementor-6476\">\n\t\t\t\t\t\t<section class=\"elementor-section elementor-top-section elementor-element elementor-element-2606f1a elementor-section-boxed elementor-section-height-default elementor-section-height-default\" data-id=\"2606f1a\" data-element_type=\"section\">\n\t\t\t\t\t\t<div class=\"elementor-container elementor-column-gap-default\">\n\t\t\t\t\t<div class=\"elementor-column elementor-col-100 elementor-top-column elementor-element elementor-element-bd1c381\" data-id=\"bd1c381\" data-element_type=\"column\">\n\t\t\t<div class=\"elementor-widget-wrap elementor-element-populated\">\n\t\t\t\t\t\t<div class=\"elementor-element elementor-element-f346660 elementor-widget elementor-widget-html\" data-id=\"f346660\" data-element_type=\"widget\" data-widget_type=\"html.default\">\n\t\t\t\t<div class=\"elementor-widget-container\">\n\t\t\t<!-- Cabe\u00e7alho -->\r\n<div align=\"center\">\r\n  <img decoding=\"async\" src=\"https:\/\/www.ufsm.br\/pro-reitorias\/proplan\/wp-content\/uploads\/sites\/344\/2019\/09\/brasao-da-republica-do-brasil-logo.png\" alt=\"Bras\u00e3o Rep\u00fablica Federativa do Brasil\" width=\"6%\" height=\"6%\">\r\n<\/div>\r\n\r\n<h1>\r\n  <font color=\"blue\">\r\n    <font size=\"5\">\r\n      <div align=\"center\">MINIST\u00c9RIO DA EDUCA\u00c7\u00c3O<\/div>\r\n    <\/font>\r\n  <\/font>\r\n<\/h1>\r\n\r\n<p>\r\n  <b>\r\n    <font color=\"0000blue\">\r\n      <div align=\"center\">UNIVERSIDADE FEDERAL DE SANTA MARIA<\/b>\r\n      <\/div>\r\n    <\/font>\r\n<\/p>\r\n\r\n<p>\r\n  <div align=\"center\">\r\n    <b>\r\n      <a href=\"https:\/\/portal.ufsm.br\/documentos\/publico\/documento.html?idDocumento=15393653\" target=\"_blank\">\r\n        <font color=\"blue\">RESOLU\u00c7\u00c3O UFSM N\u00b0 194, DE 25 DE MAR\u00c7O DE 2025<\/font>\r\n      <\/a>\r\n    <\/b>\r\n  <\/div>\r\n<\/p>\r\n\r\n<br>\r\n\r\n<!-- Ementa -->\r\n<p style=\"margin-left: 9cm;text-align: justify;color: #800000\">\r\nAltera o n\u00famero de vagas do Programa Especial de Gradua\u00e7\u00e3o de Forma\u00e7\u00e3o de Professores para a Educa\u00e7\u00e3o Profissional, modalidade a dist\u00e2ncia, vinculado ao Centro de Educa\u00e7\u00e3o (CE), campus sede da Universidade Federal de Santa Maria (UFSM).<\/font><\/div><\/p> \r\n<\/ul><\/ul><\/ul><\/ul><\/ul><\/ul><\/ul><\/ul><\/ul><\/ul><\/ul><\/ul><\/ul><\/ul><\/ul><\/ul><\/ul><\/ul><\/ul><\/ul><\/ul>\r\n\r\n<!-- Normativo -->\r\n<div align=\"justify\"> \r\n  <div>\r\n    <br>\r\n  <\/div>\r\n  <div>\r\n   <p style=\"text-align: justify\">O REITOR DA UNIVERSIDADE FEDERAL DE SANTA MARIA, no uso de suas atribui&ccedil;&otilde;es legais que lhe confere o art. 30 do Estatuto da Universidade Federal de Santa Maria com as adequa&ccedil;&otilde;es aprovadas pela <span style=\"text-decoration: underline\"><span style=\"color: #0000ff\"><a href=\"https:\/\/www.ufsm.br\/pro-reitorias\/proplan\/resolucao-n-037-2010#:~:text=Aprova%20a%20adequa%C3%A7%C3%A3o%20do%20Estatuto,Santa%20Maria%20%C3%A0%20legisla%C3%A7%C3%A3o%20vigente.&amp;text=%2D%20o%20Parecer%20n.,23081.007947%2F2008%2D50.\"><span style=\"color: #0000ff;text-decoration: underline\">Resolu&ccedil;&atilde;o UFSM n&deg; 037<\/span><\/a><\/span><\/span>, de 30 de novembro de 2010, aprovado pela Portaria n&deg; 156, de 12 de mar&ccedil;o de 2014, e publicado no Di&aacute;rio Oficial da Uni&atilde;o em 13 de mar&ccedil;o de 2014, tendo em vista o disposto na <span style=\"text-decoration: underline\"><span style=\"color: #0000ff\"><a href=\"https:\/\/www.planalto.gov.br\/ccivil_03\/leis\/l9394.htm\"><span style=\"color: #0000ff;text-decoration: underline\">Lei n&deg; 9.394<\/span><\/a><\/span><\/span>, de 20 de dezembro de 1996, no <span style=\"text-decoration: underline;color: #0000ff\"><a href=\"https:\/\/www.gov.br\/capes\/pt-br\/acesso-a-informacao\/acoes-e-programas\/educacao-a-distancia\/editais-uab\/edital-no-25-2023\"><span style=\"color: #0000ff;text-decoration: underline\">Edital n&deg; 25\/2023<\/span><\/a><\/span>, da Coordenadoria de Aperfei&ccedil;oamento de Pessoal de N&iacute;vel Superior (CAPES), bem como na <span style=\"text-decoration: underline\"><span style=\"color: #0000ff\"><a href=\"https:\/\/www.ufsm.br\/pro-reitorias\/proplan\/resolucao-ufsm-n-113-2022\"><span style=\"color: #0000ff;text-decoration: underline\">Resolu&ccedil;&atilde;o UFSM n&deg; 113<\/span><\/a><\/span><\/span>, de 20 de dezembro de 2022, e o que consta no <span style=\"text-decoration: underline;color: #0000ff\"><a href=\"https:\/\/portal.ufsm.br\/documentos\/publico\/processo\/documento.html?idDocumento=15177791\"><span style=\"color: #0000ff;text-decoration: underline\">Processo n&deg; 23081.103618\/2024-59<\/span><\/a><\/span>, resolve:<\/p>\r\n<p style=\"text-align: justify\">&nbsp;<\/p>\r\n<p style=\"text-align: justify\">Art. 1&deg;&nbsp; Alterar o n&uacute;mero de vagas do Programa Especial de Gradua&ccedil;&atilde;o de Forma&ccedil;&atilde;o de Professores para a Educa&ccedil;&atilde;o Profissional, modalidade a dist&acirc;ncia, vinculado ao Centro de Educa&ccedil;&atilde;o (CE), <em>campus<\/em> sede da Universidade Federal de Santa Maria (UFSM).<\/p>\r\n<p style=\"text-align: justify\">Art. 2&deg; O n&uacute;mero de vagas ofertadas pelo curso de gradua&ccedil;&atilde;o passar&aacute; de 125 (cento e vinte e cinco) para o total de 150 (cento e cinquenta).<\/p>\r\n<p style=\"text-align: justify\">Art. 3&deg;&nbsp; A inobserv&acirc;ncia ao disposto nesta Resolu&ccedil;&atilde;o n&atilde;o constitui escusa v&aacute;lida para o descumprimento da norma nem resulta em sua invalidade.<\/p>\r\n<p style=\"text-align: justify\">Art. 4&deg;&nbsp; Esta Resolu&ccedil;&atilde;o entra em vigor na data de sua publica&ccedil;&atilde;o, de acordo com o que prev&ecirc; o par&aacute;grafo o <span style=\"text-decoration: underline\"><span style=\"color: #0000ff\"><a href=\"https:\/\/www.planalto.gov.br\/ccivil_03\/_ato2023-2026\/2024\/decreto\/d12002.htm\"><span style=\"color: #0000ff;text-decoration: underline\">Decreto n&deg; 12.002<\/span><\/a><\/span><\/span>, de 22 de abril de 2024, art. 18, inciso IV.<\/p>\r\n<p style=\"text-align: justify\">Par&aacute;grafo &uacute;nico.&nbsp; Havendo qualquer modifica&ccedil;&atilde;o legislativa, ou ainda, advindo qualquer situa&ccedil;&atilde;o legal que impacte na legalidade da presente Resolu&ccedil;&atilde;o, a mesma se aplica de imediato.&nbsp;<\/p>\r\n<p style=\"text-align: justify\">&nbsp;<\/p>\r\n<p style=\"text-align: justify\"><span style=\"font-weight: 400\">Luciano Schuch,<\/span><\/p>\r\n<p style=\"text-align: justify\"><span style=\"font-weight: 400\">Reitor<\/span><\/p>\r\n\r\n    <br>\r\n\r\n    <!-- Modifica\u00e7\u00e3o para a Publica\u00e7\u00e3o Original -->\r\n    <p>\r\n      <font color=\"red\">Este texto n\u00e3o substitui o documento original, publicado no Portal de Documentos.<\/font>\r\n      Dispon\u00edvel em: \r\n      <a href=\"https:\/\/portal.ufsm.br\/documentos\/publico\/documento.html?idDocumento=15393653\" target=\"_blank\">\r\n        <font color=\"blue\">https:\/\/portal.ufsm.br\/documentos\/publico\/documento.html?idDocumento=15393653<\/font>\r\n      <\/a>\r\n    <\/p>\r\n  <\/div>\r\n<\/div>\r\n\t\t<\/div>\n\t\t\t\t<\/div>\n\t\t\t\t\t<\/div>\n\t\t<\/div>\n\t\t\t\t\t<\/div>\n\t\t<\/section>\n\t\t\t\t<\/div>\n\t\t","protected":false},"excerpt":{"rendered":"<p>MINIST\u00c9RIO DA EDUCA\u00c7\u00c3O UNIVERSIDADE FEDERAL DE SANTA MARIA RESOLU\u00c7\u00c3O UFSM N\u00b0 194, DE 25 DE MAR\u00c7O DE 2025 Altera o n\u00famero de vagas do Programa Especial de Gradua\u00e7\u00e3o de Forma\u00e7\u00e3o de Professores para a Educa\u00e7\u00e3o Profissional, modalidade a dist\u00e2ncia, vinculado ao Centro de Educa\u00e7\u00e3o (CE), campus sede da Universidade Federal de Santa Maria (UFSM). O [&hellip;]<\/p>\n","protected":false},"author":1466,"featured_media":0,"parent":0,"menu_order":0,"comment_status":"closed","ping_status":"closed","template":"","meta":{"footnotes":""},"categories":[],"tags":[],"class_list":["post-6476","page","type-page","status-publish","hentry"],"acf":[],"_links":{"self":[{"href":"https:\/\/www.ufsm.br\/pro-reitorias\/proplan\/wp-json\/wp\/v2\/pages\/6476","targetHints":{"allow":["GET"]}}],"collection":[{"href":"https:\/\/www.ufsm.br\/pro-reitorias\/proplan\/wp-json\/wp\/v2\/pages"}],"about":[{"href":"https:\/\/www.ufsm.br\/pro-reitorias\/proplan\/wp-json\/wp\/v2\/types\/page"}],"author":[{"embeddable":true,"href":"https:\/\/www.ufsm.br\/pro-reitorias\/proplan\/wp-json\/wp\/v2\/users\/1466"}],"replies":[{"embeddable":true,"href":"https:\/\/www.ufsm.br\/pro-reitorias\/proplan\/wp-json\/wp\/v2\/comments?post=6476"}],"version-history":[{"count":0,"href":"https:\/\/www.ufsm.br\/pro-reitorias\/proplan\/wp-json\/wp\/v2\/pages\/6476\/revisions"}],"wp:attachment":[{"href":"https:\/\/www.ufsm.br\/pro-reitorias\/proplan\/wp-json\/wp\/v2\/media?parent=6476"}],"wp:term":[{"taxonomy":"category","embeddable":true,"href":"https:\/\/www.ufsm.br\/pro-reitorias\/proplan\/wp-json\/wp\/v2\/categories?post=6476"},{"taxonomy":"post_tag","embeddable":true,"href":"https:\/\/www.ufsm.br\/pro-reitorias\/proplan\/wp-json\/wp\/v2\/tags?post=6476"}],"curies":[{"name":"wp","href":"https:\/\/api.w.org\/{rel}","templated":true}]}}