{"id":6480,"date":"2025-03-26T15:24:16","date_gmt":"2025-03-26T18:24:16","guid":{"rendered":"https:\/\/www.ufsm.br\/pro-reitorias\/proplan\/?page_id=6480"},"modified":"2025-03-26T15:25:56","modified_gmt":"2025-03-26T18:25:56","slug":"resolucao-ufsm-n-195-2025","status":"publish","type":"page","link":"https:\/\/www.ufsm.br\/pro-reitorias\/proplan\/resolucao-ufsm-n-195-2025","title":{"rendered":"RESOLU\u00c7\u00c3O UFSM N\u00b0 195\/2025"},"content":{"rendered":"\t\t<div data-elementor-type=\"wp-page\" data-elementor-id=\"6480\" class=\"elementor elementor-6480\">\n\t\t\t\t\t\t<section class=\"elementor-section elementor-top-section elementor-element elementor-element-1747ab1 elementor-section-boxed elementor-section-height-default elementor-section-height-default\" data-id=\"1747ab1\" data-element_type=\"section\">\n\t\t\t\t\t\t<div class=\"elementor-container elementor-column-gap-default\">\n\t\t\t\t\t<div class=\"elementor-column elementor-col-100 elementor-top-column elementor-element elementor-element-f3fcefc\" data-id=\"f3fcefc\" data-element_type=\"column\">\n\t\t\t<div class=\"elementor-widget-wrap elementor-element-populated\">\n\t\t\t\t\t\t<div class=\"elementor-element elementor-element-71a178a elementor-widget elementor-widget-html\" data-id=\"71a178a\" data-element_type=\"widget\" data-widget_type=\"html.default\">\n\t\t\t\t<div class=\"elementor-widget-container\">\n\t\t\t\n\n\n\n<title><b>RESOLU\u00c7\u00c3O NORMATIVA UFSM N\u00b0 195, DE 25 DE MAR\u00c7O DE 2025<\/b><\/title>\n\n<div align=\"center\"><img decoding=\"async\" src=\"https:\/\/www.ufsm.br\/pro-reitorias\/proplan\/wp-content\/uploads\/sites\/344\/2019\/09\/brasao-da-republica-do-brasil-logo.png\" alt=\"Bras\u00e3o Rep\u00fablica Federativa do Brasil\" width=\"6%\" height=\"6%\"><\/div>  <h1><font color=\"blue\"><font size=\"5\"><div align=\"center\">MINIST\u00c9RIO DA EDUCA\u00c7\u00c3O<\/div><\/font><\/font><\/H1>\n<b><font color=\"0000blue\"><div align=\"center\">UNIVERSIDADE FEDERAL DE SANTA MARIA<\/div><\/font><\/b>\n<p><div align=\"center\"><b><a href=\"https:\/\/portal.ufsm.br\/documentos\/publico\/documento.html?idDocumento=15393596\" target=\"_blank\"><font color=\"blue\">RESOLU\u00c7\u00c3O NORMATIVA UFSM N\u00b0 195, DE 25 DE MAR\u00c7O DE 2025<\/font><\/a><\/b><\/div>\n<br>\n<p><div align=\"justify\"><font color=\"800000\"><ul><ul><ul><ul><ul><ul><ul><ul><ul><ul><ul><ul><ul><ul><ul><ul><ul><ul><ul><ul><ul><ul><ul><ul>Extingue cursos de P\u00f3s-Gradua\u00e7\u00e3o, vinculados \u00e0 estrutura organizacional do Centro de Artes e Letras (CAL), na Universidade Federal de Santa Maria (UFSM).<\/font><\/div><\/ul>\n<br><div align=\"justify\"><font color=\"black\"> \n<p>O REITOR DA UNIVERSIDADE FEDERAL DE SANTA MARIA, no uso de suas atribui\u00e7\u00f5es legais que lhe confere o art. 30 do Estatuto da Universidade Federal de Santa Maria com as adequa\u00e7\u00f5es aprovadas pela \n<a href=\"https:\/\/www.ufsm.br\/pro-reitorias\/proplan\/resolucao-n-037-2010\" style=\"text-decoration: none\">\n<font color=\"blue\">\n<u>Resolu\u00e7\u00e3o UFSM n\u00b0 037\n<\/u>\n<\/font>\n<\/a>, de 30 de novembro de 2010, aprovado pela Portaria n\u00b0 156, de 12 de mar\u00e7o de 2014, e publicado no Di\u00e1rio Oficial da Uni\u00e3o em 19 de agosto de 2024, tendo em vista o disposto nas Resolu\u00e7\u00f5es <a href=\"https:\/\/www.ufsm.br\/pro-reitorias\/proplan\/resolucao-ufsm-n-172-2024\" style=\"text-decoration: none\">\n<font color=\"blue\">\n<u>UFSM n\u00b0 172\n<\/u>\n<\/font>\n<\/a>, de 19 de agosto de 2024, e <a href=\"https:\/\/www.ufsm.br\/pro-reitorias\/proplan\/resolucao-ufsm-n-076-2022\" style=\"text-decoration: none\">\n<font color=\"blue\">\n<u>UFSM n\u00b0 076\n<\/u>\n<\/font>\n<\/a>, de 31 de janeiro de 2022, e o que consta no processo \n<a href=\"https:\/\/portal.ufsm.br\/documentos\/publico\/processo\/documento.html?idDocumento=15235241\" style=\"text-decoration: none\">\n<font color=\"blue\">\n<u>23081.131007\/2024-09\n<\/u>\n<\/font>\n<\/a>, resolve:\n<p>\n\n<br>\n\n<\/p>Art. 1\u00b0  Extinguir cursos de P\u00f3s-Gradua\u00e7\u00e3o, vinculados \u00e0 estrutura organizacional do Centro de Artes e Letras (CAL), na Universidade Federal de Santa Maria (UFSM).<p>\n\n<\/p>Par\u00e1grafo \u00fanico.  Tornam-se formalmente extintos os seguintes cursos de P\u00f3s-Gradua\u00e7\u00e3o:<p>\n<\/p>I - Design de Superf\u00edcie, em n\u00edvel de Especializa\u00e7\u00e3o;<p>\n<\/p>II - Arte e Visualidade, em n\u00edvel de Especializa\u00e7\u00e3o; e<p>\n<\/p>III - Letras, em n\u00edvel de Especializa\u00e7\u00e3o.<p>\n<\/p>Art. 2\u00b0  O Artigo 8\u00b0 da <a href=\"https:\/\/www.ufsm.br\/pro-reitorias\/proplan\/resolucao-ufsm-n-076-2022\" style=\"text-decoration: none\">\n<font color=\"blue\">\n<u>Resolu\u00e7\u00e3o UFSM n\u00b0 076\n<\/u>\n<\/font>\n<\/a>, de 31 de janeiro de 2022, passar\u00e1 a vigorar com a seguinte reda\u00e7\u00e3o:<p>\n<br>\n\n<p style=\"margin-left: 2.5cm\">\u201c(...)<p>\n<p style=\"margin-left: 2.5cm\">Art. 8\u00b0  Os cursos de P\u00f3s-Gradua\u00e7\u00e3o, com situa\u00e7\u00e3o \u201cem atividade\u201d, do Centro de Artes e Letras (CAL), s\u00e3o:<p>\n<p style=\"margin-left: 2.5cm\">I - Tecnologias da Informa\u00e7\u00e3o e da Comunica\u00e7\u00e3o Aplicadas \u00e0 Educa\u00e7\u00e3o - EAD, em n\u00edvel de Especializa\u00e7\u00e3o;<p>\n<p style=\"margin-left: 2.5cm\">II - M\u00fasica: M\u00fasicas dos S\u00e9culos XX e XXI - Performance e Pedagogia, em n\u00edvel de Especializa\u00e7\u00e3o;<p>\n<p style=\"margin-left: 2.5cm\">VI - Letras, em n\u00edveis de Mestrado e Doutorado Acad\u00eamico;<p> \n<p style=\"margin-left: 2.5cm\">VII - Artes Visuais, em n\u00edveis de Mestrado e Doutorado Acad\u00eamico; e<p>\n<p style=\"margin-left: 2.5cm\">VIII - Artes da Cena, em n\u00edvel de Mestrado Acad\u00eamico.<p>\n<p style=\"margin-left: 2.5cm\">Par\u00e1grafo \u00fanico.  Consideram-se extintos os seguintes cursos:<p>\n<p style=\"margin-left: 2.5cm\">I - Design de Superf\u00edcie, em n\u00edvel de Especializa\u00e7\u00e3o;<p>\n<p style=\"margin-left: 2.5cm\">II - Arte e Visualidade, em n\u00edvel de Especializa\u00e7\u00e3o; e<p>\n<p style=\"margin-left: 2.5cm\">III - Letras, em n\u00edvel de Especializa\u00e7\u00e3o.<p>\n<p style=\"margin-left: 2.5cm\">(...)\u201d<p>\n<p style=\"margin-left: 2.5cm\">(NR)<p>\n<br>\n<\/p>Art. 3\u00b0  Caber\u00e1:<p>\n<\/p>I - \u00e0 Coordenadoria de Planejamento Administrativo (COPLAD-PROPLAN) proceder \u00e0s altera\u00e7\u00f5es nos Sistemas de Estruturantes da Institui\u00e7\u00e3o;<p>\n<\/p>II - \u00e0 Pr\u00f3-Reitoria de P\u00f3s-Gradu\u00e7\u00e3o (PRPGP) proceder \u00e0s adequa\u00e7\u00f5es necess\u00e1rias relativas \u00e0 parte acad\u00eamica;<p>\n<\/p>III - ao Departamento de Arquivo Geral (DAG) o tratamento dos documentos arquiv\u00edsticos; e<p>\n<\/p>IV - ao Centro de Processamento de Dados (CPD) as adequa\u00e7\u00f5es necess\u00e1rias nos sistemas institucionais.<p>\n<\/p>Art. 4\u00b0  A inobserv\u00e2ncia ao disposto nesta Resolu\u00e7\u00e3o n\u00e3o constitui escusa v\u00e1lida para o descumprimento da norma nem resulta em sua invalidade.<p>\n<\/p>Art. 5\u00b0  Esta Resolu\u00e7\u00e3o entra em vigor na data de sua publica\u00e7\u00e3o, de acordo com o que prev\u00ea o <a href=\"https:\/\/www.planalto.gov.br\/ccivil_03\/_ato2023-2026\/2024\/decreto\/d12002.htm\" style=\"text-decoration: none\">\n<font color=\"blue\">\n<u>Decreto n\u00b0 12.002\n<\/u>\n<\/font>\n<\/a>, de 22 de abril de 2024, art. 18, inciso IV.<p>\n\n<br>\n<p>Luciano Schuch<\/p>\n<p>Reitor<\/p>\n<br>\n\n<p>\n<font color=\"red\">Este texto n\u00e3o substitui o documento original, publicado no Portal de Documentos.\n<\/font>\nDispon\u00edvel em: \n<a href=\"https:\/\/portal.ufsm.br\/documentos\/publico\/documento.html?idDocumento=15393596\" target=\"_blank\">\n<font color=\"blue\">https:\/\/portal.ufsm.br\/documentos\/publico\/documento.html?idDocumento=15393596\n<\/font>\n<\/a>\n<\/p>\n\n\n\n\n\n\n\n\n\n\n\n\n\t\t<\/div>\n\t\t\t\t<\/div>\n\t\t\t\t\t<\/div>\n\t\t<\/div>\n\t\t\t\t\t<\/div>\n\t\t<\/section>\n\t\t\t\t<\/div>\n\t\t","protected":false},"excerpt":{"rendered":"<p>RESOLU\u00c7\u00c3O NORMATIVA UFSM N\u00b0 195, DE 25 DE MAR\u00c7O DE 2025 MINIST\u00c9RIO DA EDUCA\u00c7\u00c3O UNIVERSIDADE FEDERAL DE SANTA MARIA RESOLU\u00c7\u00c3O NORMATIVA UFSM N\u00b0 195, DE 25 DE MAR\u00c7O DE 2025 Extingue cursos de P\u00f3s-Gradua\u00e7\u00e3o, vinculados \u00e0 estrutura organizacional do Centro de Artes e Letras (CAL), na Universidade Federal de Santa Maria (UFSM). O REITOR DA [&hellip;]<\/p>\n","protected":false},"author":8343,"featured_media":0,"parent":0,"menu_order":0,"comment_status":"closed","ping_status":"closed","template":"","meta":{"footnotes":""},"categories":[],"tags":[],"class_list":["post-6480","page","type-page","status-publish","hentry"],"acf":[],"_links":{"self":[{"href":"https:\/\/www.ufsm.br\/pro-reitorias\/proplan\/wp-json\/wp\/v2\/pages\/6480","targetHints":{"allow":["GET"]}}],"collection":[{"href":"https:\/\/www.ufsm.br\/pro-reitorias\/proplan\/wp-json\/wp\/v2\/pages"}],"about":[{"href":"https:\/\/www.ufsm.br\/pro-reitorias\/proplan\/wp-json\/wp\/v2\/types\/page"}],"author":[{"embeddable":true,"href":"https:\/\/www.ufsm.br\/pro-reitorias\/proplan\/wp-json\/wp\/v2\/users\/8343"}],"replies":[{"embeddable":true,"href":"https:\/\/www.ufsm.br\/pro-reitorias\/proplan\/wp-json\/wp\/v2\/comments?post=6480"}],"version-history":[{"count":0,"href":"https:\/\/www.ufsm.br\/pro-reitorias\/proplan\/wp-json\/wp\/v2\/pages\/6480\/revisions"}],"wp:attachment":[{"href":"https:\/\/www.ufsm.br\/pro-reitorias\/proplan\/wp-json\/wp\/v2\/media?parent=6480"}],"wp:term":[{"taxonomy":"category","embeddable":true,"href":"https:\/\/www.ufsm.br\/pro-reitorias\/proplan\/wp-json\/wp\/v2\/categories?post=6480"},{"taxonomy":"post_tag","embeddable":true,"href":"https:\/\/www.ufsm.br\/pro-reitorias\/proplan\/wp-json\/wp\/v2\/tags?post=6480"}],"curies":[{"name":"wp","href":"https:\/\/api.w.org\/{rel}","templated":true}]}}