{"id":6497,"date":"2025-04-02T13:53:59","date_gmt":"2025-04-02T16:53:59","guid":{"rendered":"https:\/\/www.ufsm.br\/pro-reitorias\/proplan\/?page_id=6497"},"modified":"2025-04-02T14:38:20","modified_gmt":"2025-04-02T17:38:20","slug":"resolucao-ufsm-n-199-2025","status":"publish","type":"page","link":"https:\/\/www.ufsm.br\/pro-reitorias\/proplan\/resolucao-ufsm-n-199-2025","title":{"rendered":"RESOLU\u00c7\u00c3O UFSM N\u00b0 199\/2025"},"content":{"rendered":"\t\t<div data-elementor-type=\"wp-page\" data-elementor-id=\"6497\" class=\"elementor elementor-6497\">\n\t\t\t\t\t\t<section class=\"elementor-section elementor-top-section elementor-element elementor-element-e8ce2b4 elementor-section-boxed elementor-section-height-default elementor-section-height-default\" data-id=\"e8ce2b4\" data-element_type=\"section\">\n\t\t\t\t\t\t<div class=\"elementor-container elementor-column-gap-default\">\n\t\t\t\t\t<div class=\"elementor-column elementor-col-100 elementor-top-column elementor-element elementor-element-91a3150\" data-id=\"91a3150\" data-element_type=\"column\">\n\t\t\t<div class=\"elementor-widget-wrap elementor-element-populated\">\n\t\t\t\t\t\t<div class=\"elementor-element elementor-element-07638d5 elementor-widget elementor-widget-html\" data-id=\"07638d5\" data-element_type=\"widget\" data-widget_type=\"html.default\">\n\t\t\t\t<div class=\"elementor-widget-container\">\n\t\t\t\n\n\n\n<title><b>RESOLU\u00c7\u00c3O NORMATIVA UFSM N\u00b0 199, DE 01 DE ABRIL DE 2025<\/b><\/title>\n\n<div align=\"center\"><img decoding=\"async\" src=\"https:\/\/www.ufsm.br\/pro-reitorias\/proplan\/wp-content\/uploads\/sites\/344\/2019\/09\/brasao-da-republica-do-brasil-logo.png\" alt=\"Bras\u00e3o Rep\u00fablica Federativa do Brasil\" width=\"6%\" height=\"6%\"><\/div>  <h1><font color=\"blue\"><font size=\"5\"><div align=\"center\">MINIST\u00c9RIO DA EDUCA\u00c7\u00c3O<\/div><\/font><\/font><\/H1>\n<b><font color=\"0000blue\"><div align=\"center\">UNIVERSIDADE FEDERAL DE SANTA MARIA<\/div><\/font><\/b>\n<p><div align=\"center\"><b><a href=\"https:\/\/portal.ufsm.br\/documentos\/publico\/documento.html?idDocumento=15402813\" target=\"_blank\"><font color=\"blue\">RESOLU\u00c7\u00c3O NORMATIVA UFSM N\u00b0 199, DE 01 DE ABRIL DE 2025\n<\/font>\n      <\/a>\n    <\/b>\n  <\/div>\n<\/p>\n\n<br>\n\n<!-- Ementa -->\n<p style=\"margin-left: 9cm;text-align: justify;color: #800000\">\n    Altera a Resolu\u00e7\u00e3o UFSM n\u00b0 112, de 14 de dezembro de 2022, que regulamenta o Concurso P\u00fablico para ingresso no Quadro do Magist\u00e9rio Superior da Universidade Federal de Santa Maria (UFSM), de acordo com a legisla\u00e7\u00e3o vigente e d\u00e1 outras provid\u00eancias.   \n<\/p>\n\n\n<p class=\"MsoNormal\">\n<a name=\"_heading=h.gjdgxs\">\n    <br><div align=\"justify\"><font color=\"black\">\n<\/a>\n<span lang=\"PT-BR\">O REITOR DA UNIVERSIDADE FEDERAL DE SANTA MARIA, no uso de suas atribui\u00e7\u00f5es legais que lhe confere o art. 30 do Estatuto da Universidade Federal de Santa Maria com as adequa\u00e7\u00f5es aprovadas pela \n<a href=\"https:\/\/www.ufsm.br\/pro-reitorias\/proplan\/resolucao-n-037-2010\" style=\"text-decoration: none\">\n<font color=\"blue\">\n<u>Resolu\u00e7\u00e3o UFSM n\u00b0 037\n<\/u>\n<\/font>\n<\/a>, de 30 de novembro de 2010, aprovado pela Portaria n\u00b0 156, de 12 de mar\u00e7o de 2014, e publicado no Di\u00e1rio Oficial da Uni\u00e3o em 13 de mar\u00e7o de 2014, tendo em vista a <a href=\"https:\/\/www.planalto.gov.br\/ccivil_03\/_ato2011-2014\/2012\/lei\/l12772.htm\" style=\"text-decoration: none\">\n<font color=\"blue\">\n<u>Lei n\u00b0 12.772\n<\/u>\n<\/font>\n<\/a>, de 28 de dezembro de 2012, a <a href=\"https:\/\/www.ufsm.br\/pro-reitorias\/proplan\/resolucao-ufsm-n-112-2022\" style=\"text-decoration: none\">\n<font color=\"blue\">\n<u>Resolu\u00e7\u00e3o UFSM n\u00b0 112\n<\/u>\n<\/font>\n<\/a>, de 14 de dezembro de 2022, e o que consta no processo \n<a href=\"https:\/\/portal.ufsm.br\/documentos\/publico\/processo\/documento.html?idDocumento=15261076\" style=\"text-decoration: none\">\n<font color=\"blue\">\n<u>23081.140940\/2024-69\n<\/u>\n<\/font>\n<\/a>, resolve:\n<p>\n\n<br>\n\n<\/p>Art. 1\u00b0  Alterar a Resolu\u00e7\u00e3o UFSM n\u00b0 112, de 14 de dezembro de 2022, que regulamenta o Concurso P\u00fablico para ingresso no Quadro do Magist\u00e9rio Superior da Universidade Federal de Santa Maria (UFSM), de acordo com a legisla\u00e7\u00e3o vigente e d\u00e1 outras provid\u00eancias.<p>\n\n<\/p>Art. 2\u00b0  Os seguintes par\u00e1grafos do art. 6\u00b0 da <a href=\"https:\/\/www.ufsm.br\/pro-reitorias\/proplan\/resolucao-ufsm-n-112-2022\" style=\"text-decoration: none\">\n<font color=\"blue\">\n<u>Resolu\u00e7\u00e3o UFSM n\u00b0 112\n<\/u>\n<\/font>\n<\/a>, de 14 de dezembro de 2022, passam a vigorar com a seguinte reda\u00e7\u00e3o:<p>\n<br>\n\n<p style=\"margin-left: 2.5cm\">\u201c(...)<p>\n<p style=\"margin-left: 2.5cm\">Art. 6\u00b0  .....................................................................................................................................<p>\n<p style=\"margin-left: 2.5cm\">(...)<p>\n<p style=\"margin-left: 2.5cm\">\u00a7 4\u00b0  Os requisitos para ingresso no cargo \u2013 Gradua\u00e7\u00e3o em \u00e1reas espec\u00edficas (opcional) e doutorado na \u00e1rea objeto do concurso, bem como em outras \u00e1reas da tabela da CAPES definidas no edital \u2013 a serem confirmados no momento da posse, ser\u00e3o estabelecidos pelo Colegiado do Departamento Did\u00e1tico ou Departamento de Ensino (ou equivalente).<p>\n<p style=\"margin-left: 2.5cm\">\u00a7 4A\u00b0  O requisito de Gradua\u00e7\u00e3o em \u00e1rea espec\u00edfica, conforme disposto no par\u00e1grafo 4\u00b0 deste artigo, poder\u00e1 ser substitu\u00eddo pelo certificado de Resid\u00eancia M\u00e9dica a crit\u00e9rio do Departamento Did\u00e1tico ou Departamento de Ensino (ou equivalente) com disciplinas no curso de gradua\u00e7\u00e3o em Medicina.<p>\n<p style=\"margin-left: 2.5cm\">(...)\u201d<p>\n<p style=\"margin-left: 2.5cm\">(NR)<p>\n<br>\n<\/p>Art. 3\u00b0  Fica revogado o art. 3\u00b0 da <a href=\"https:\/\/www.ufsm.br\/pro-reitorias\/proplan\/resolucao-ufsm-n-171-2024#:~:text=Altera%20o%20art.,acordo%20com%20a%20legisla%C3%A7%C3%A3o%20vigente.\" style=\"text-decoration: none\">\n<font color=\"blue\">\n<u>Resolu\u00e7\u00e3o UFSM n\u00b0 171\n<\/u>\n<\/font>\n<\/a>, de 16 de agosto de 2024.<p>\n<\/p>Art. 4\u00b0  A inobserv\u00e2ncia ao disposto nesta Resolu\u00e7\u00e3o n\u00e3o constitui escusa v\u00e1lida para o descumprimento da norma nem resulta em sua invalidade.<p>\n<\/p>Art. 5\u00b0  Esta Resolu\u00e7\u00e3o entra em vigor na data de sua publica\u00e7\u00e3o, de acordo com o que prev\u00ea o <a href=\"https:\/\/www.planalto.gov.br\/ccivil_03\/_ato2023-2026\/2024\/decreto\/d12002.htm\" style=\"text-decoration: none\">\n<font color=\"blue\">\n<u>Decreto n\u00b0 12.002\n<\/u>\n<\/font>\n<\/a>, de 22 de abril de 2024, art. 18, inciso IV.<p>\n\n<\/p>Par\u00e1grafo \u00fanico.  Na ocorr\u00eancia de modifica\u00e7\u00f5es legislativas ou situa\u00e7\u00f5es legais que afetem a validade desta Resolu\u00e7\u00e3o, as novas disposi\u00e7\u00f5es ser\u00e3o aplicadas imediatamente.<p>\n\n<br>\n<p><div align=\"left\">Luciano Schuch<\/div><\/p>\n<p><div align=\"left\">Reitor<\/div><\/p>\n<br>\n\n<p>\n<font color=\"red\">Este texto n\u00e3o substitui o documento original, publicado no Portal de Documentos.\n<\/font>\nDispon\u00edvel em: \n<a href=\"https:\/\/portal.ufsm.br\/documentos\/publico\/documento.html?idDocumento=15402813\" target=\"_blank\">\n<font color=\"blue\">https:\/\/portal.ufsm.br\/documentos\/publico\/documento.html?idDocumento=15402813\n<\/font>\n<\/a>\n<\/p>\n\n\n\n\n\n\n\n\n\n\n\n\n\t\t<\/div>\n\t\t\t\t<\/div>\n\t\t\t\t\t<\/div>\n\t\t<\/div>\n\t\t\t\t\t<\/div>\n\t\t<\/section>\n\t\t\t\t<\/div>\n\t\t","protected":false},"excerpt":{"rendered":"<p>RESOLU\u00c7\u00c3O NORMATIVA UFSM N\u00b0 199, DE 01 DE ABRIL DE 2025 MINIST\u00c9RIO DA EDUCA\u00c7\u00c3O UNIVERSIDADE FEDERAL DE SANTA MARIA RESOLU\u00c7\u00c3O NORMATIVA UFSM N\u00b0 199, DE 01 DE ABRIL DE 2025 Altera a Resolu\u00e7\u00e3o UFSM n\u00b0 112, de 14 de dezembro de 2022, que regulamenta o Concurso P\u00fablico para ingresso no Quadro do Magist\u00e9rio Superior da [&hellip;]<\/p>\n","protected":false},"author":1466,"featured_media":0,"parent":0,"menu_order":0,"comment_status":"closed","ping_status":"closed","template":"","meta":{"footnotes":""},"categories":[],"tags":[],"class_list":["post-6497","page","type-page","status-publish","hentry"],"acf":[],"_links":{"self":[{"href":"https:\/\/www.ufsm.br\/pro-reitorias\/proplan\/wp-json\/wp\/v2\/pages\/6497","targetHints":{"allow":["GET"]}}],"collection":[{"href":"https:\/\/www.ufsm.br\/pro-reitorias\/proplan\/wp-json\/wp\/v2\/pages"}],"about":[{"href":"https:\/\/www.ufsm.br\/pro-reitorias\/proplan\/wp-json\/wp\/v2\/types\/page"}],"author":[{"embeddable":true,"href":"https:\/\/www.ufsm.br\/pro-reitorias\/proplan\/wp-json\/wp\/v2\/users\/1466"}],"replies":[{"embeddable":true,"href":"https:\/\/www.ufsm.br\/pro-reitorias\/proplan\/wp-json\/wp\/v2\/comments?post=6497"}],"version-history":[{"count":0,"href":"https:\/\/www.ufsm.br\/pro-reitorias\/proplan\/wp-json\/wp\/v2\/pages\/6497\/revisions"}],"wp:attachment":[{"href":"https:\/\/www.ufsm.br\/pro-reitorias\/proplan\/wp-json\/wp\/v2\/media?parent=6497"}],"wp:term":[{"taxonomy":"category","embeddable":true,"href":"https:\/\/www.ufsm.br\/pro-reitorias\/proplan\/wp-json\/wp\/v2\/categories?post=6497"},{"taxonomy":"post_tag","embeddable":true,"href":"https:\/\/www.ufsm.br\/pro-reitorias\/proplan\/wp-json\/wp\/v2\/tags?post=6497"}],"curies":[{"name":"wp","href":"https:\/\/api.w.org\/{rel}","templated":true}]}}