{"id":6508,"date":"2025-04-09T10:14:50","date_gmt":"2025-04-09T13:14:50","guid":{"rendered":"https:\/\/www.ufsm.br\/pro-reitorias\/proplan\/?page_id=6508"},"modified":"2025-04-09T14:34:38","modified_gmt":"2025-04-09T17:34:38","slug":"resolucao-ufsm-n-200-2025-2","status":"publish","type":"page","link":"https:\/\/www.ufsm.br\/pro-reitorias\/proplan\/resolucao-ufsm-n-200-2025-2","title":{"rendered":"RESOLU\u00c7\u00c3O UFSM N\u00b0 200\/2025"},"content":{"rendered":"\t\t<div data-elementor-type=\"wp-page\" data-elementor-id=\"6508\" class=\"elementor elementor-6508\">\n\t\t\t\t\t\t<section class=\"elementor-section elementor-top-section elementor-element elementor-element-993eaa5 elementor-section-boxed elementor-section-height-default elementor-section-height-default\" data-id=\"993eaa5\" data-element_type=\"section\">\n\t\t\t\t\t\t<div class=\"elementor-container elementor-column-gap-default\">\n\t\t\t\t\t<div class=\"elementor-column elementor-col-100 elementor-top-column elementor-element elementor-element-113b182\" data-id=\"113b182\" data-element_type=\"column\">\n\t\t\t<div class=\"elementor-widget-wrap elementor-element-populated\">\n\t\t\t\t\t\t<div class=\"elementor-element elementor-element-57e9ea3 elementor-widget elementor-widget-html\" data-id=\"57e9ea3\" data-element_type=\"widget\" data-widget_type=\"html.default\">\n\t\t\t\t<div class=\"elementor-widget-container\">\n\t\t\t\n\n\n\n<title><b>RESOLU\u00c7\u00c3O UFSM N\u00b0 200, DE 01 DE ABRIL DE 2025<\/b><\/title>\n\n<div align=\"center\"><img decoding=\"async\" src=\"https:\/\/www.ufsm.br\/pro-reitorias\/proplan\/wp-content\/uploads\/sites\/344\/2019\/09\/brasao-da-republica-do-brasil-logo.png\" alt=\"Bras\u00e3o Rep\u00fablica Federativa do Brasil\" width=\"6%\" height=\"6%\"><\/div>  <h1><font color=\"blue\"><font size=\"5\"><div align=\"center\">MINIST\u00c9RIO DA EDUCA\u00c7\u00c3O<\/div><\/font><\/font><\/H1>\n<b><font color=\"0000blue\"><div align=\"center\">UNIVERSIDADE FEDERAL DE SANTA MARIA<\/div><\/font><\/b>\n<p><div align=\"center\"><b><a href=\"https:\/\/portal.ufsm.br\/documentos\/publico\/documento.html?id=15410214\" target=\"_blank\"><font color=\"blue\">RESOLU\u00c7\u00c3O UFSM N\u00b0 200, DE 01 DE ABRIL DE 2025<\/font><\/a><\/b><\/div>\n<br>\n<br><div align=\"justify\"><font color=\"black\">\n<!--StartFragment-->\n<ul>\n    <div style=\"color: #800000;width: 60%;margin-left: auto;margin-right: 0;text-align: justify;font-weight: normal\">\n      Aprova a cria\u00e7\u00e3o do Curso de Administra\u00e7\u00e3o e Ci\u00eancias Cont\u00e1beis, em n\u00edveis de mestrado e doutorado acad\u00eamico (PPGACC), do Centro de Ci\u00eancias Sociais e Humanas (CCSH) da Universidade Federal de Santa Maria (UFSM).\n    <\/div>\n<\/ul>\n<!--EndFragment-->\n<\/font><\/div>\n<br><div align=\"justify\"><font color=\"black\"> \n<p>O REITOR DA UNIVERSIDADE FEDERAL DE SANTA MARIA, no uso de suas atribui\u00e7\u00f5es legais que lhe confere o art. 30 do Estatuto da Universidade Federal de Santa Maria com as adequa\u00e7\u00f5es aprovadas pela \n<a href=\"https:\/\/www.ufsm.br\/pro-reitorias\/proplan\/resolucao-n-037-2010\" style=\"text-decoration: none\">\n<font color=\"blue\">\n<u>Resolu\u00e7\u00e3o UFSM n\u00b0 037\n<\/u>\n<\/font>\n<\/a>, de 30 de novembro de 2010, aprovado pela Portaria n\u00b0 156, de 12 de mar\u00e7o de 2014, e publicado no Di\u00e1rio Oficial da Uni\u00e3o em 13 de mar\u00e7o de 2014, tendo em vista a <a href=\"https:\/\/www.ufsm.br\/pro-reitorias\/proplan\/resolucao-ufsm-n-139-2023\" style=\"text-decoration: none\">\n<font color=\"blue\">\n<u>Resolu\u00e7\u00e3o UFSM n\u00b0 139\n<\/u>\n<\/font>\n<\/a>, de 29 de agosto de 2023, a <a href=\"https:\/\/www.in.gov.br\/web\/dou\/-\/portaria-n-883-de-30-de-agosto-de-2024-582079954\" style=\"text-decoration: none\">\n<font color=\"blue\">\n<u>Portaria do Minist\u00e9rio da Educa\u00e7\u00e3o n\u00b0 138\/2025\n<\/u>\n<\/font>\n<\/a>, publicada no Di\u00e1rio Oficial em 30.08.2024, o <a href=\"https:\/\/www.in.gov.br\/en\/web\/dou\/-\/portaria-mec-n-138-de-26-de-fevereiro-de-2025-615366999\" style=\"text-decoration: none\">\n<font color=\"blue\">\n<u>Parecer CNE\/CES n\u00b0 640\/2024\n<\/u>\n<\/font>\n<\/a>, da C\u00e2mara de Educa\u00e7\u00e3o do Conselho de Educa\u00e7\u00e3o Superior, e o que consta no processo \n<a href=\"https:\/\/portal.ufsm.br\/documentos\/usuario\/processo\/documento.html?idDocumento=14989285\" style=\"text-decoration: none\">\n<font color=\"blue\">\n<u>23081.021251\/2024-56\n<\/u>\n<\/font>\n<\/a>, resolve:\n<p>\n\n<br>\n\n<\/p>Art. 1\u00b0  Aprovar a cria\u00e7\u00e3o do Curso de Administra\u00e7\u00e3o e Ci\u00eancias Cont\u00e1beis, em n\u00edveis de mestrado e doutorado acad\u00eamico (PPGACC), do Centro de Ci\u00eancias Sociais e Humanas (CCSH) da Universidade Federal de Santa Maria (UFSM)<p>\n\n<\/p>Art. 2\u00b0  A Fun\u00e7\u00e3o Comissionada de Coordenador de Curso (FCC) dispon\u00edvel, decorrente da fus\u00e3o dos cursos de P\u00f3s-Gradua\u00e7\u00e3o em Administra\u00e7\u00e3o (PPGA) e de P\u00f3s-Gradu\u00e7\u00e3o em Ci\u00eancias Cont\u00e1beis (PPGCC), ser\u00e1 alocada na Coorderna\u00e7\u00e3o do Curso de P\u00f3s-Gradua\u00e7\u00e3o em Sa\u00fade Coletiva (PPGSC) do Centro de Ci\u00eancias da Sa\u00fade (CCS) da UFSM.<p>\n<\/p>Art. 3\u00b0  O Artigo 6\u00b0 da <a href=\"https:\/\/www.ufsm.br\/pro-reitorias\/proplan\/resolucao-ufsm-n-076-2022\" style=\"text-decoration: none\">\n<font color=\"blue\">\n<u>Resolu\u00e7\u00e3o UFSM n\u00b0 076\n<\/u>\n<\/font>\n<\/a>, de 31 de janeiro de 2022, passa a vigorar com a seguinte reda\u00e7\u00e3o:\n<br>\n<br>\n<p style=\"margin-left: 2.5cm\">\u201c(...)<p>\n<p style=\"margin-left: 2.5cm\">Art. 6\u00b0  Os cursos de P\u00f3s-Gradua\u00e7\u00e3o, com situa\u00e7\u00e3o \u201cem atividade\u201d, do Centro de Ci\u00eancias Sociais e Humanas (CCSH), s\u00e3o:<p>\n<p style=\"margin-left: 2.5cm\">(...)<p>\n<p style=\"margin-left: 2.5cm\">XXI - Rela\u00e7\u00f5es Internacionais, em n\u00edvel de Mestrado Acad\u00eamico;<p>\n<p style=\"margin-left: 2.5cm\">XXII - Servi\u00e7o Social e Pol\u00edticas P\u00fablicas, em n\u00edvel de Mestrado Acad\u00eamico; e<p>\n<p style=\"margin-left: 2.5cm\">XXIII - Administra\u00e7\u00e3o e Ci\u00eancias Cont\u00e1beis, em n\u00edveis de Mestrado e Doutorado Acad\u00eamico.<p> \n<p style=\"margin-left: 2.5cm\">Par\u00e1grafo \u00fanico.  Consideram-se extintos os seguintes cursos:<p> \n<p style=\"margin-left: 2.5cm\">(...)<p>\n<p style=\"margin-left: 2.5cm\">XVI - Hist\u00f3ria do Brasil em n\u00edvel de especializa\u00e7\u00e3o;<p>\n<p style=\"margin-left: 2.5cm\">XVII - Administra\u00e7\u00e3o e Gest\u00e3o P\u00fablica;<p> \n<p style=\"margin-left: 2.5cm\">XVIII - Administra\u00e7\u00e3o, em n\u00edveis de Mestrado e Doutorado Acad\u00eamico; e<p>\n<p style=\"margin-left: 2.5cm\">XIX - Ci\u00eancias Cont\u00e1beis, em n\u00edvel de Mestrado Acad\u00eamico.<p>\n<p style=\"margin-left: 2.5cm\">(...)\u201d<p>\n<p style=\"margin-left: 2.5cm\">(NR)<p>\n<br>\n<\/p>Art. 4\u00b0  Fica revogado o par\u00e1grafo \u00fanico do art. 1\u00b0 da <a href=\"https:\/\/www.ufsm.br\/pro-reitorias\/proplan\/resolucao-ufsm-n-190-2024\" style=\"text-decoration: none\">\n<font color=\"blue\">\n<u>Resolu\u00e7\u00e3o UFSM n\u00b0 190\n<\/u>\n<\/font>\n<\/a>, de 23 de dezembro de 2024.<p>\n<\/p>Art. 5\u00b0  Caber\u00e1:<p>\n<\/p>I \u2013 \u00e0 Coordenadoria de Planejamento Administrativo (COPLAD\/PROPLAN) proceder \u00e0s altera\u00e7\u00f5es nos Sistemas de Estruturantes da Institui\u00e7\u00e3o;<p> \n<\/p>II \u2013 \u00e0 Pr\u00f3-Reitoria de P\u00f3s-Gradua\u00e7\u00e3o e Pesquisa (PRPGP) os ajustes acad\u00eamicos necess\u00e1rios; e<p>\n<\/p>III \u2013 \u00e0 Pr\u00f3-Reitoria de Gest\u00e3o de Pessoas (PROGEP) o remanejo das Fun\u00e7\u00f5es Comissionadas de Coordenador de Curso (FCC).<p>\n<\/p>Art. 6\u00b0  A inobserv\u00e2ncia ao disposto nesta Resolu\u00e7\u00e3o n\u00e3o constitui escusa v\u00e1lida para o descumprimento da norma nem resulta em sua invalidade.<p>\n<\/p>Art. 7\u00b0  Esta Resolu\u00e7\u00e3o entra em vigor em 10 de abril de 2025, de acordo com o que prev\u00ea o <a href=\"https:\/\/www.planalto.gov.br\/ccivil_03\/_ato2023-2026\/2024\/decreto\/d12002.htm\" style=\"text-decoration: none\">\n<font color=\"blue\">\n<u>Decreto n\u00b0 12.002\n<\/u>\n<\/font>\n<\/a>, de 22 de abril de 2024, art. 17, inciso IV.<p>\n\n<br>\n<p><div align=\"left\">Luciano Schuch<\/div><\/p>\n<p><div align=\"left\">Reitor<\/div><\/p>\n<br>\n\n<p>\n<font color=\"red\">Este texto n\u00e3o substitui o documento original, publicado no Portal de Documentos.\n<\/font>\nDispon\u00edvel em: \n<a href=\"https:\/\/portal.ufsm.br\/documentos\/publico\/documento.html?id=15410214\" target=\"_blank\">\n<font color=\"blue\">https:\/\/portal.ufsm.br\/documentos\/publico\/documento.html?id=15410214\n<\/font>\n<\/a>\n<\/p>\n\n\n\n\n\n\n\n\n\n\n\n\n\t\t<\/div>\n\t\t\t\t<\/div>\n\t\t\t\t\t<\/div>\n\t\t<\/div>\n\t\t\t\t\t<\/div>\n\t\t<\/section>\n\t\t\t\t<\/div>\n\t\t","protected":false},"excerpt":{"rendered":"<p>RESOLU\u00c7\u00c3O UFSM N\u00b0 200, DE 01 DE ABRIL DE 2025 MINIST\u00c9RIO DA EDUCA\u00c7\u00c3O UNIVERSIDADE FEDERAL DE SANTA MARIA RESOLU\u00c7\u00c3O UFSM N\u00b0 200, DE 01 DE ABRIL DE 2025 Aprova a cria\u00e7\u00e3o do Curso de Administra\u00e7\u00e3o e Ci\u00eancias Cont\u00e1beis, em n\u00edveis de mestrado e doutorado acad\u00eamico (PPGACC), do Centro de Ci\u00eancias Sociais e Humanas (CCSH) da [&hellip;]<\/p>\n","protected":false},"author":1466,"featured_media":0,"parent":0,"menu_order":0,"comment_status":"closed","ping_status":"closed","template":"","meta":{"footnotes":""},"categories":[],"tags":[],"class_list":["post-6508","page","type-page","status-publish","hentry"],"acf":[],"_links":{"self":[{"href":"https:\/\/www.ufsm.br\/pro-reitorias\/proplan\/wp-json\/wp\/v2\/pages\/6508","targetHints":{"allow":["GET"]}}],"collection":[{"href":"https:\/\/www.ufsm.br\/pro-reitorias\/proplan\/wp-json\/wp\/v2\/pages"}],"about":[{"href":"https:\/\/www.ufsm.br\/pro-reitorias\/proplan\/wp-json\/wp\/v2\/types\/page"}],"author":[{"embeddable":true,"href":"https:\/\/www.ufsm.br\/pro-reitorias\/proplan\/wp-json\/wp\/v2\/users\/1466"}],"replies":[{"embeddable":true,"href":"https:\/\/www.ufsm.br\/pro-reitorias\/proplan\/wp-json\/wp\/v2\/comments?post=6508"}],"version-history":[{"count":0,"href":"https:\/\/www.ufsm.br\/pro-reitorias\/proplan\/wp-json\/wp\/v2\/pages\/6508\/revisions"}],"wp:attachment":[{"href":"https:\/\/www.ufsm.br\/pro-reitorias\/proplan\/wp-json\/wp\/v2\/media?parent=6508"}],"wp:term":[{"taxonomy":"category","embeddable":true,"href":"https:\/\/www.ufsm.br\/pro-reitorias\/proplan\/wp-json\/wp\/v2\/categories?post=6508"},{"taxonomy":"post_tag","embeddable":true,"href":"https:\/\/www.ufsm.br\/pro-reitorias\/proplan\/wp-json\/wp\/v2\/tags?post=6508"}],"curies":[{"name":"wp","href":"https:\/\/api.w.org\/{rel}","templated":true}]}}