{"id":6516,"date":"2025-04-14T15:43:12","date_gmt":"2025-04-14T18:43:12","guid":{"rendered":"https:\/\/www.ufsm.br\/pro-reitorias\/proplan\/?page_id=6516"},"modified":"2025-04-14T15:45:40","modified_gmt":"2025-04-14T18:45:40","slug":"resolucao-ufsm-n-203-2025","status":"publish","type":"page","link":"https:\/\/www.ufsm.br\/pro-reitorias\/proplan\/resolucao-ufsm-n-203-2025","title":{"rendered":"RESOLU\u00c7\u00c3O UFSM N\u00b0 203\/2025"},"content":{"rendered":"\t\t<div data-elementor-type=\"wp-page\" data-elementor-id=\"6516\" class=\"elementor elementor-6516\">\n\t\t\t\t\t\t<section class=\"elementor-section elementor-top-section elementor-element elementor-element-c4eda8c elementor-section-boxed elementor-section-height-default elementor-section-height-default\" data-id=\"c4eda8c\" data-element_type=\"section\">\n\t\t\t\t\t\t<div class=\"elementor-container elementor-column-gap-default\">\n\t\t\t\t\t<div class=\"elementor-column elementor-col-100 elementor-top-column elementor-element elementor-element-c2acc4c\" data-id=\"c2acc4c\" data-element_type=\"column\">\n\t\t\t<div class=\"elementor-widget-wrap elementor-element-populated\">\n\t\t\t\t\t\t<div class=\"elementor-element elementor-element-e4ee242 elementor-widget elementor-widget-html\" data-id=\"e4ee242\" data-element_type=\"widget\" data-widget_type=\"html.default\">\n\t\t\t\t<div class=\"elementor-widget-container\">\n\t\t\t\n\n\n\n<title><b>RESOLU\u00c7\u00c3O NORMATIVA UFSM N\u00b0 203, DE 11 DE ABRIL DE 2025<\/b><\/title>\n\n<div align=\"center\"><img decoding=\"async\" src=\"https:\/\/www.ufsm.br\/pro-reitorias\/proplan\/wp-content\/uploads\/sites\/344\/2019\/09\/brasao-da-republica-do-brasil-logo.png\" alt=\"Bras\u00e3o Rep\u00fablica Federativa do Brasil\" width=\"6%\" height=\"6%\"><\/div>  <h1><font color=\"blue\"><font size=\"5\"><div align=\"center\">MINIST\u00c9RIO DA EDUCA\u00c7\u00c3O<\/div><\/font><\/font><\/H1>\n<b><font color=\"0000blue\"><div align=\"center\">UNIVERSIDADE FEDERAL DE SANTA MARIA<\/div><\/font><\/b>\n<p><div align=\"center\"><b><a href=\"https:\/\/portal.ufsm.br\/documentos\/publico\/documento.html?id=15415254\" target=\"_blank\"><font color=\"blue\">RESOLU\u00c7\u00c3O NORMATIVA UFSM N\u00b0 203, DE 11 DE ABRIL DE 2025<\/font><\/a><\/b><\/div>\n<br>\n<p><div align=\"justify\"><font color=\"800000\"><ul><ul><ul><ul><ul><ul><ul><ul><ul><ul><ul><ul><ul><ul><ul><ul><ul><ul><ul><ul><ul><ul><ul><ul>Aprova o Regimento Interno do Centro de Ci\u00eancias Rurais (CCR) vinculado \u00e0 Universidade Federal de Santa Maria (UFSM).<\/font><\/div><\/ul>\n<br><div align=\"justify\"><font color=\"black\"> \n<p>O REITOR DA UNIVERSIDADE FEDERAL DE SANTA MARIA, no uso de suas atribui\u00e7\u00f5es legais que lhe confere o art. 30 do Estatuto da Universidade Federal de Santa Maria com as adequa\u00e7\u00f5es aprovadas pela \n<a href=\"https:\/\/www.ufsm.br\/pro-reitorias\/proplan\/resolucao-n-037-2010\" style=\"text-decoration: none\">\n<font color=\"blue\">\n<u>Resolu\u00e7\u00e3o UFSM n\u00b0 037\n<\/u>\n<\/font>\n<\/a>, de 30 de novembro de 2010, aprovado pela Portaria n\u00b0 156, de 12 de mar\u00e7o de 2014, e publicado no Di\u00e1rio Oficial da Uni\u00e3o em 13 de mar\u00e7o de 2014, tendo em vista o que consta na <a href=\"https:\/\/www.planalto.gov.br\/ccivil_03\/leis\/l9394.htm\" style=\"text-decoration: none\">\n<font color=\"blue\">\n<u>Lei n\u00b0 9.394\n<\/u>\n<\/font>\n<\/a>, de 20 de dezembro de 1996, no <a href=\"https:\/\/www.planalto.gov.br\/ccivil_03\/_ato2019-2022\/2019\/decreto\/d9739.htm\" style=\"text-decoration: none\">\n<font color=\"blue\">\n<u>Decreto n\u00b0 9.739\n<\/u>\n<\/font>\n<\/a>, de 28 de mar\u00e7o de 2019, na <a href=\"https:\/\/www.ufsm.br\/pro-reitorias\/proplan\/resolucao-ufsm-n-054-2021\" style=\"text-decoration: none\">\n<font color=\"blue\">\n<u>Resolu\u00e7\u00e3o UFSM n\u00b0 054\n<\/u>\n<\/font>\n<\/a>, de 1\u00b0 de junho de 2021, na <a href=\"https:\/\/www.ufsm.br\/pro-reitorias\/proplan\/resolucao-ufsm-n-105-2022\" style=\"text-decoration: none\">\n<font color=\"blue\">\n<u>Resolu\u00e7\u00e3o UFSM n\u00b0 105\n<\/u>\n<\/font>\n<\/a>, de 03 de outubro de 2022, e o que consta no Processo n\u00b0 <a href=\"https:\/\/portal.ufsm.br\/documentos\/publico\/processo\/documento.html?idDocumento=14659372\" style=\"text-decoration: none\">\n<font color=\"blue\">\n<u>23081.062540\/2023-24\n<\/u>\n<\/font>\n<\/a>, resolve:<p>\n\n<br>\n\n<\/p>Art. 1\u00b0  Aprovar o Regimento Interno do Centro de Ci\u00eancias Rurais (CCR) vinculado \u00e0 Universidade Federal de Santa Maria (UFSM).<p>\n<\/p>\u00a7 1\u00b0  O Regimento Interno do Centro de Ci\u00eancias Rurais (CCR) se constitui como o Anexo I desta Resolu\u00e7\u00e3o.<p>\n<\/p>\u00a7 2\u00b0  O quadro demonstrativo de fun\u00e7\u00f5es do Centro de Ci\u00eancias Rurais (CCR) se constitui como o Anexo II desta Resolu\u00e7\u00e3o.<p>\n<\/p>Art. 2\u00b0  A <a href=\"https:\/\/www.ufsm.br\/pro-reitorias\/proplan\/resolucao-ufsm-n-105-2022\" style=\"text-decoration: none\">\n<font color=\"blue\">\n<u>Resolu\u00e7\u00e3o UFSM n\u00b0 105\n<\/u>\n<\/font>\n<\/a>, de 03 de outubro de 2022, passa a vigorar com as seguintes altera\u00e7\u00f5es:<p>\n<\/p>I - o artigo 89 passa a vigorar com a seguinte reda\u00e7\u00e3o:<p>\n<br>\n\u201c(...)\n<p style=\"margin-left: 2.5cm\">Art.  89. ...................................................................................................................................<p>\n<p style=\"margin-left: 2.5cm\">I - 1 (um\/uma) representante docente de cada curso de gradua\u00e7\u00e3o do CCR;<p>\n<p style=\"margin-left: 2.5cm\">(...)<p>\n<p style=\"margin-left: 2.5cm\">V - 1 (um\/uma) representante do Setor de Apoio Pedag\u00f3gico e seu(ua) respectivo(a) suplente.<p>\n<p style=\"margin-left: 2.5cm\">(...)<p>\n<p style=\"margin-left: 2.5cm\">\u00a7 6\u00b0 O(A) representante do Setor de Apoio Pedag\u00f3gico ser\u00e1 indicado(a) pelo(a) Chefe do Setor.<p>\n<p style=\"margin-left: 2.5cm\">(...)\u201d<p>\n<p style=\"margin-left: 2.5cm\">(NR)<p>\n<br>\n<\/p>II - incluir o inciso XXV ao artigo 13, com a seguinte reda\u00e7\u00e3o:<p>\n<br>\n<p style=\"margin-left: 2.5cm\">\u201c(...)<p>\n<p style=\"margin-left: 2.5cm\">Art.  13. ...................................................................................................................................<p>\n<p style=\"margin-left: 2.5cm\">(...)<p>\n<p style=\"margin-left: 2.5cm\">XXV - Conselho do Hospital Veterin\u00e1rio Universit\u00e1rio (CHVU).<p>\n<p style=\"margin-left: 2.5cm\">(...)\u201d<p>\n<p style=\"margin-left: 2.5cm\">(NR)<p>\n<br>\n<\/p>III - incluir o artigo 18-A, com a seguinte reda\u00e7\u00e3o:<p>\n<br> \n<p style=\"margin-left: 2.5cm\">\u201c(...)<p>\n<p style=\"margin-left: 2.5cm\">Art.  18-A. O Conselho do HVU (CHVU), como \u00f3rg\u00e3o colegiado, vinculado ao Hospital Veterin\u00e1rio Universit\u00e1rio (HVU).<p>\n<p style=\"margin-left: 2.5cm\">(...)\u201d<p>\n<p style=\"margin-left: 2.5cm\">(NR)<p>\n<br>\n<\/p>IV - incluir a se\u00e7\u00e3o III ao Cap\u00edtulo V, com a seguinte reda\u00e7\u00e3o:<p>\n<br>\n<p style=\"margin-left: 2.5cm\">\u201c(...)<p>\n<p style=\"margin-left: 2.5cm\">CAP\u00cdTULO V<p>\n<p style=\"margin-left: 2.5cm\">(...)<p>\n<p style=\"margin-left: 2.5cm\">Se\u00e7\u00e3o III<p>\n<p style=\"margin-left: 2.5cm\">Do Conselho do HVU (CHVU)<p>\n<br>\n<p style=\"margin-left: 2.5cm\">Art. 93A.  O HVU ter\u00e1 um Conselho e ser\u00e1 regido por regimento pr\u00f3prio.<p>\n<p style=\"margin-left: 2.5cm\">Art. 94A.  O Conselho do Hospital Veterin\u00e1rio Universit\u00e1rio (CHVU) ser\u00e1 composto por:<p>\n<p style=\"margin-left: 2.5cm\">I - Gerente do Hospital Veterin\u00e1rio Universit\u00e1rio, como Presidente;<p>\n<p style=\"margin-left: 2.5cm\">II - Vice-Gerente do Hospital Veterin\u00e1rio Universit\u00e1rio, como vice-presidente;<p>\n<p style=\"margin-left: 2.5cm\">III - 1 (um\/uma) representante docente do Departamento de Cl\u00ednica de Pequenos Animais e seu(ua) respectivo(a) suplente, atuantes no projeto de extens\u00e3o do HVU, das \u00e1reas de Cl\u00ednica M\u00e9dica de Pequenos Animais e Patologia Cl\u00ednica;<p> \n<p style=\"margin-left: 2.5cm\">IV - 1 (um\/uma) representante docente do Departamento de Cl\u00ednica de Pequenos Animais e seu(ua) respectivo(a) suplente, atuantes no projeto de extens\u00e3o do HVU, das \u00e1reas de Cl\u00ednica Cir\u00fargica e Anestesiologia;<p>\n<p style=\"margin-left: 2.5cm\">V - 1 (um\/uma) representante docente do Departamento de Cl\u00ednica de Grandes Animais e seu(ua) respectivo(a) suplente, atuantes no projeto de extens\u00e3o do HVU;<p>\n<p style=\"margin-left: 2.5cm\">VI - 1 (um\/uma) representante docente do Servi\u00e7o de Patologia Animal e seu(ua) respectivo(a) suplente;<p>\n<p style=\"margin-left: 2.5cm\">VII - coordenador(a) dos Programas de Resid\u00eancia Uniprofissional em Sa\u00fade \u2013 Medicina Veterin\u00e1ria e seu(ua) respectivo(a) suplente;<p>\n<p style=\"margin-left: 2.5cm\">VIII - coordenador(a) do Curso de Gradua\u00e7\u00e3o em Medicina Veterin\u00e1ria e seu(ua) respectivo(a) suplente;<p>\n<p style=\"margin-left: 2.5cm\">IX - 1 (um\/uma) representante dos(as) m\u00e9dicos(as) veterin\u00e1rios(as) TAEs lotados(as) no Hospital Veterin\u00e1rio Universit\u00e1rio e seu(ua) respectivo(a) suplente;<p>\n<p style=\"margin-left: 2.5cm\">X - 1 (um\/uma) representante dos(as) t\u00e9cnicos(as)-administrativos(as) em educa\u00e7\u00e3o lotados(as) no Hospital Veterin\u00e1rio Universit\u00e1rio e seu(ua) respectivo(a) suplente; e<p>\n<p style=\"margin-left: 2.5cm\">XI - 1 (um\/uma) representante discente indicado(a) pelos(as) m\u00e9dicos(as) veterin\u00e1rios(as) residentes com atividades pr\u00e1ticas no Hospital Veterin\u00e1rio Universit\u00e1rio e seu(ua) respectivo(a) suplente.<p>\n<p style=\"margin-left: 2.5cm\">\u00a7 1\u00b0  Os(As) representantes docentes ter\u00e3o mandato de 2 (dois) anos, podendo ser reconduzidos(as) pelo mesmo per\u00edodo.<p>\n<p style=\"margin-left: 2.5cm\">\u00a7 2\u00b0  Os(As) representantes dos(as) servidores(as) t\u00e9cnico-administrativos(as) em educa\u00e7\u00e3o e do corpo discente e seus(uas) respectivos(as) suplentes ter\u00e3o mandato de 1 (um) ano, podendo ser reconduzidos(as) pelo mesmo per\u00edodo.<p> \n<p style=\"margin-left: 2.5cm\">\u00a7 3\u00b0  Os(As) representantes dos(as) servidores(as) t\u00e9cnico-administrativos(as) em educa\u00e7\u00e3o e os(as) discentes ser\u00e3o indicados(as) pelos seus(uas) pares.<p>\n<p style=\"margin-left: 2.5cm\">(...)<p>\n<p style=\"margin-left: 2.5cm\">(NR)<p>\n<br>\n<\/p>Art. 3\u00b0  A inobserv\u00e2ncia ao disposto nesta Resolu\u00e7\u00e3o n\u00e3o constitui escusa v\u00e1lida para o descumprimento da norma nem resulta em sua invalidade.<p>\n<\/p>Art. 4\u00b0  Esta Resolu\u00e7\u00e3o entra em vigor na data de sua publica\u00e7\u00e3o, de acordo com o que prev\u00ea o <a href=\"https:\/\/www.planalto.gov.br\/ccivil_03\/_ato2023-2026\/2024\/decreto\/d12002.htm\" style=\"text-decoration: none\">\n<font color=\"blue\">\n<u>Decreto n\u00b0 12.002\n<\/u>\n<\/font>\n<\/a>, de 22 de abril de 2024, art. 18, inciso IV.<p>\n\n<\/p>Par\u00e1grafo \u00fanico.  Na ocorr\u00eancia de modifica\u00e7\u00f5es legislativas ou situa\u00e7\u00f5es legais que afetem a validade desta Resolu\u00e7\u00e3o, as novas disposi\u00e7\u00f5es ser\u00e3o aplicadas imediatamente.<p>\n<br>\n<p><div align=\"right\">Luciano Schuch<\/div><\/p>\n<p><div align=\"right\">Reitor<\/div><\/p>\n<br>\n\n<p>\n<font color=\"red\">Este texto n\u00e3o substitui o documento original, publicado no Portal de Documentos.\n<\/font>\nDispon\u00edvel em: \n<a href=\"https:\/\/portal.ufsm.br\/documentos\/publico\/documento.html?id=15415254\" target=\"_blank\">\n<font color=\"blue\">https:\/\/portal.ufsm.br\/documentos\/publico\/documento.html?id=15415254\n<\/font>\n<\/a>\n<\/p>\n\n\n\n\n\n\n\n\n\n\n\n\n\t\t<\/div>\n\t\t\t\t<\/div>\n\t\t\t\t\t<\/div>\n\t\t<\/div>\n\t\t\t\t\t<\/div>\n\t\t<\/section>\n\t\t\t\t<\/div>\n\t\t","protected":false},"excerpt":{"rendered":"<p>RESOLU\u00c7\u00c3O NORMATIVA UFSM N\u00b0 203, DE 11 DE ABRIL DE 2025 MINIST\u00c9RIO DA EDUCA\u00c7\u00c3O UNIVERSIDADE FEDERAL DE SANTA MARIA RESOLU\u00c7\u00c3O NORMATIVA UFSM N\u00b0 203, DE 11 DE ABRIL DE 2025 Aprova o Regimento Interno do Centro de Ci\u00eancias Rurais (CCR) vinculado \u00e0 Universidade Federal de Santa Maria (UFSM). O REITOR DA UNIVERSIDADE FEDERAL DE SANTA [&hellip;]<\/p>\n","protected":false},"author":4883,"featured_media":0,"parent":0,"menu_order":0,"comment_status":"closed","ping_status":"closed","template":"","meta":{"footnotes":""},"categories":[],"tags":[],"class_list":["post-6516","page","type-page","status-publish","hentry"],"acf":[],"_links":{"self":[{"href":"https:\/\/www.ufsm.br\/pro-reitorias\/proplan\/wp-json\/wp\/v2\/pages\/6516","targetHints":{"allow":["GET"]}}],"collection":[{"href":"https:\/\/www.ufsm.br\/pro-reitorias\/proplan\/wp-json\/wp\/v2\/pages"}],"about":[{"href":"https:\/\/www.ufsm.br\/pro-reitorias\/proplan\/wp-json\/wp\/v2\/types\/page"}],"author":[{"embeddable":true,"href":"https:\/\/www.ufsm.br\/pro-reitorias\/proplan\/wp-json\/wp\/v2\/users\/4883"}],"replies":[{"embeddable":true,"href":"https:\/\/www.ufsm.br\/pro-reitorias\/proplan\/wp-json\/wp\/v2\/comments?post=6516"}],"version-history":[{"count":0,"href":"https:\/\/www.ufsm.br\/pro-reitorias\/proplan\/wp-json\/wp\/v2\/pages\/6516\/revisions"}],"wp:attachment":[{"href":"https:\/\/www.ufsm.br\/pro-reitorias\/proplan\/wp-json\/wp\/v2\/media?parent=6516"}],"wp:term":[{"taxonomy":"category","embeddable":true,"href":"https:\/\/www.ufsm.br\/pro-reitorias\/proplan\/wp-json\/wp\/v2\/categories?post=6516"},{"taxonomy":"post_tag","embeddable":true,"href":"https:\/\/www.ufsm.br\/pro-reitorias\/proplan\/wp-json\/wp\/v2\/tags?post=6516"}],"curies":[{"name":"wp","href":"https:\/\/api.w.org\/{rel}","templated":true}]}}