{"id":6519,"date":"2025-04-14T16:37:54","date_gmt":"2025-04-14T19:37:54","guid":{"rendered":"https:\/\/www.ufsm.br\/pro-reitorias\/proplan\/?page_id=6519"},"modified":"2025-04-14T16:47:37","modified_gmt":"2025-04-14T19:47:37","slug":"resolucao-ufsm-n-205-2025","status":"publish","type":"page","link":"https:\/\/www.ufsm.br\/pro-reitorias\/proplan\/resolucao-ufsm-n-205-2025","title":{"rendered":"RESOLU\u00c7\u00c3O UFSM N\u00b0 205\/2025"},"content":{"rendered":"\t\t<div data-elementor-type=\"wp-page\" data-elementor-id=\"6519\" class=\"elementor elementor-6519\">\n\t\t\t\t\t\t<section class=\"elementor-section elementor-top-section elementor-element elementor-element-f044300 elementor-section-boxed elementor-section-height-default elementor-section-height-default\" data-id=\"f044300\" data-element_type=\"section\">\n\t\t\t\t\t\t<div class=\"elementor-container elementor-column-gap-default\">\n\t\t\t\t\t<div class=\"elementor-column elementor-col-100 elementor-top-column elementor-element elementor-element-aa00a1a\" data-id=\"aa00a1a\" data-element_type=\"column\">\n\t\t\t<div class=\"elementor-widget-wrap elementor-element-populated\">\n\t\t\t\t\t\t<div class=\"elementor-element elementor-element-9a7d8fb elementor-widget elementor-widget-html\" data-id=\"9a7d8fb\" data-element_type=\"widget\" data-widget_type=\"html.default\">\n\t\t\t\t<div class=\"elementor-widget-container\">\n\t\t\t<br><div align=\"justify\"><font color=\"black\">\r\n<div align=\"center\">\r\n<img decoding=\"async\" src=\"https:\/\/www.ufsm.br\/pro-reitorias\/proplan\/wp-content\/uploads\/sites\/344\/2019\/09\/brasao-da-republica-do-brasil-logo.png\" alt=\"Bras\u00e3o Rep\u00fablica Federativa do Brasil\" width=\"6%\" height=\"6%\">\r\n<\/div>\r\n<h4>\r\n<font color=\"blue\">\r\n<font size=\"5\">\r\n<\/font>\r\n<\/font>\r\n<div align=\"center\">\r\n<font color=\"blue\">\r\n<font size=\"5\">MINIST\u00c9RIO DA EDUCA\u00c7\u00c3O<\/font>\r\n<\/font>\r\n<\/div>\r\n<\/h4>\r\n<p>\r\n<b>\r\n<font color=\"0000blue\">\r\n<\/font>\r\n<\/b>\r\n<\/p>\r\n<div align=\"center\">\r\n<b>\r\n<font color=\"0000blue\">UNIVERSIDADE FEDERAL DE SANTA MARIA<\/font>\r\n<\/b>\r\n<\/div>\r\n<p>\r\n<\/p>\r\n\r\n\r\n\r\n\r\n\r\n\r\n\r\n\r\n\r\n\r\n\r\n\r\n<!--StartFragment-->\r\n\r\n<p align=\"center\">\r\n<font color=\"#0000ff\">\r\n<b>\r\n<span lang=\"PT\" style=\"text-align: justify\">\r\n<\/span>\r\n<a href=\"https:\/\/portal.ufsm.br\/documentos\/publico\/documento.html?idDocumento=15415324\" style=\"color: blue !important;text-decoration: underline !important\" data-elementor-preserved=\"true\">RESOLU\u00c7\u00c3O UFSM N\u00b0 205, DE 14 DE ABRIL DE 2025<\/a>\r\n<span lang=\"PT\" style=\"text-align: justify\">\r\n<\/span>\r\n<\/b>\r\n<\/font>\r\n<span lang=\"PT\" style=\"text-align: justify\">\r\n<\/span>\r\n<\/p>\r\n\r\n<p>\r\n<span lang=\"PT\">&nbsp;<\/span>\r\n<\/p>\r\n\r\n<p>\r\n<span lang=\"PT\">\r\n    <div style=\"color: #800000;width: 60%;margin-left: auto;margin-right: 0;text-align: justify;font-weight: normal\">\r\n      Disp\u00f5e sobre a elabora\u00e7\u00e3o de lista tr\u00edplice para escolha de Reitor(a) da Universidade Federal de Santa Maria (UFSM), Gest\u00e3o 2026\/2029.\r\n    <\/div>\r\n<\/span>\r\n<\/p>\r\n\r\n<p>\r\n<span lang=\"PT\">&nbsp;<\/span>\r\n<\/p>\r\n\r\n<p>\r\n<span lang=\"PT\">O REITOR DA UNIVERSIDADE FEDERAL DE SANTA MARIA, no uso de suas\r\natribui\u00e7\u00f5es legais que lhe confere o art. 30 do Estatuto da Universidade\r\nFederal de Santa Maria com as adequa\u00e7\u00f5es aprovadas pela <a href=\"https:\/\/www.ufsm.br\/pro-reitorias\/proplan\/resolucao-n-037-2010\" style=\"color: blue !important;text-decoration: underline !important\" data-elementor-preserved=\"true\">Resolu\u00e7\u00e3o UFSM n\u00b0 037, de 30 de novembro de 2010<\/a>, aprovado pela Portaria n\u00b0 156, de 12 de mar\u00e7o de\r\n2014, e publicado no Di\u00e1rio Oficial da Uni\u00e3o em 13 de mar\u00e7o de 2014, tendo em\r\nvista a <a href=\"https:\/\/www2.camara.leg.br\/legin\/fed\/lei\/1960-1969\/lei-5540-28-novembro-1968-359201-publicacaooriginal-1-pl.html\" style=\"color: blue !important;text-decoration: underline !important\" data-elementor-preserved=\"true\">Lei n\u00b0 5.540, de 28 de novembro de 1968<\/a>, o art. 1<\/span>\r\n<span lang=\"PT\">\u00b0<\/span>\r\n<span lang=\"PT\"> da <a href=\"https:\/\/www.planalto.gov.br\/ccivil_03\/leis\/l9192.htm\" style=\"color: blue !important;text-decoration: underline !important\" data-elementor-preserved=\"true\">Lei 9.192, de 21 de dezembro de 1995<\/a>, o\r\nart. 1<\/span>\r\n<span lang=\"PT\">\u00b0<\/span>\r\n<span lang=\"PT\"> do <a href=\"https:\/\/www.planalto.gov.br\/ccivil_03\/decreto\/d1916.htm\" style=\"color: blue !important;text-decoration: underline !important\" data-elementor-preserved=\"true\">Decreto 1.916, de 23 de maio de 1996<\/a>, nos termos da <a href=\"https:\/\/www.planalto.gov.br\/ccivil_03\/leis\/l9192.htm\" style=\"color: blue !important;text-decoration: underline !important\" data-elementor-preserved=\"true\">Lei n\u00b0 9.192, de 21 de dezembro de 1995<\/a>, o\r\n<a href=\"https:\/\/www.planalto.gov.br\/ccivil_03\/_Ato2007-2010\/2007\/Decreto\/D6264.htm#:~:text=Decreto%20n%C2%BA%206264&amp;text=DECRETO%20N%C2%BA%206.264%2C%20DE%2022,1995%2C%20e%20d%C3%A1%20outras%20provid%C3%AAncias.\" style=\"color: blue !important;text-decoration: underline !important\" data-elementor-preserved=\"true\">Decreto n\u00b0 6.264, de 22 de novembro de 2007<\/a>, o art. 25 do <a href=\"https:\/\/www.ufsm.br\/pro-reitorias\/proplan\/estatuto-ufsm-2010\" style=\"color: blue !important;text-decoration: underline !important\" data-elementor-preserved=\"true\">Estatuto da Universidade Federal de Santa Maria<\/a>, bem como o que consta no <a href=\"https:\/\/portal.ufsm.br\/documentos\/publico\/processo\/documento.html?idDocumento=15401421\" style=\"color: blue !important;text-decoration: underline !important\" data-elementor-preserved=\"true\">processo&nbsp; n\u00b0 23081.047042\/2025-13<\/a>, resolve:<\/span>\r\n<\/p>\r\n\r\n<p>\r\n<span lang=\"PT\">&nbsp;<\/span>&nbsp;<\/p>\r\n\r\n<p>\r\n<span lang=\"PT\">Art.\r\n1\u00b0<\/span>\r\n<span lang=\"PT\"> &nbsp;Dispor sobre\r\na elabora\u00e7\u00e3o de lista tr\u00edplice\r\npara escolha de Reitor(a) da\r\nUniversidade Federal de Santa Maria (UFSM), Gest\u00e3o 2026\/2029.<\/span>\r\n<\/p>\r\n\r\n<p>\r\n<span lang=\"PT\">&nbsp;<\/span>\r\n<\/p>\r\n\r\n<p>CAP\u00cdTULO I<\/p>\r\n\r\n<p>\r\n<span lang=\"PT\">DAS DISPOSI\u00c7\u00d5ES PRELIMINARES<\/span>\r\n<\/p>\r\n\r\n<p>\r\n<span lang=\"PT\">&nbsp;<\/span>\r\n<\/p>\r\n\r\n<p>\r\n<span lang=\"PT\">Art. 2\u00b0<\/span>\r\n<span lang=\"PT\"> &nbsp;A organiza\u00e7\u00e3o da lista tr\u00edplice\r\npara o provimento do cargo de Reitor(a) da Universidade Federal de Santa Maria\r\n(UFSM) ser\u00e1 procedida por Colegiado Eleitoral especialmente constitu\u00eddo para\r\nesse fim, conforme legisla\u00e7\u00e3o constante no pre\u00e2mbulo desta Resolu\u00e7\u00e3o.<\/span>\r\n<\/p>\r\n\r\n<p>\r\n<span lang=\"PT\">Par\u00e1grafo \u00fanico. O\r\nConselho Universit\u00e1rio nomear\u00e1 Comiss\u00e3o Eleitoral, dentre seus membros, que\r\nser\u00e1 respons\u00e1vel pela prepara\u00e7\u00e3o do escrut\u00ednio, avalia\u00e7\u00e3o de documentos e\r\ncondu\u00e7\u00e3o das normas aplic\u00e1veis ao processo eleitoral.<\/span>\r\n<\/p>\r\n\r\n<p>\r\n<span lang=\"PT\">Art. 3\u00b0<\/span>\r\n<span lang=\"PT\"> &nbsp;O processo eleitoral para escolha de Reitor(a)\r\nda Universidade Federal de Santa Maria (UFSM),\r\nGest\u00e3o 2026\/2029, observar\u00e1 o seguinte cronograma:<\/span>\r\n<\/p>\r\n\r\n<p>\r\n<span lang=\"PT\">I \u2013 <\/span>\r\n<span lang=\"PT\">11<\/span>\r\n<span lang=\"PT\"> <\/span>\r\n<span lang=\"PT\">de julho: deflagra\u00e7\u00e3o do processo eleitoral e nomea\u00e7\u00e3o de Comiss\u00e3o Eleitoral;<\/span>\r\n<\/p>\r\n\r\n<p>\r\n<span lang=\"PT\">II \u2013 14 de julho de 2025: inscri\u00e7\u00e3o dos candidatos ao cargo de\r\nReitor(a);<\/span>\r\n<\/p>\r\n\r\n<p>\r\n<span lang=\"PT\">III \u2013 <\/span>\r\n<span lang=\"PT\">15<\/span>\r\n<span lang=\"PT\"> <\/span>\r\n<span lang=\"PT\">de julho de 2025: divulga\u00e7\u00e3o da homologa\u00e7\u00e3o das inscri\u00e7\u00f5es pela Comiss\u00e3o Eleitoral;<\/span>\r\n<\/p>\r\n\r\n<p>\r\n<span lang=\"PT\">IV \u2013 <\/span>\r\n<span lang=\"PT\">17<\/span>\r\n<span lang=\"PT\"> <\/span>\r\n<span lang=\"PT\">de julho de 2025, at\u00e9 23h59min: prazo para interposi\u00e7\u00e3o de recursos contra\r\ndecis\u00e3o da Comiss\u00e3o Eleitoral\r\nsobre homologa\u00e7\u00e3o das candidaturas; e,<\/span>\r\n<\/p>\r\n\r\n<p>\r\n<!--[if !supportLists]-->\r\n<span lang=\"PT\">V&nbsp;<\/span>\r\n<span lang=\"PT\">\u2013 1<\/span>\r\n<span lang=\"PT\">8<\/span>\r\n<span lang=\"PT\"> <\/span>\r\n<span lang=\"PT\">de julho de 2025: realiza\u00e7\u00e3o da elei\u00e7\u00e3o para o cargo\r\nde Reitor(a) em reuni\u00e3o ampliada\r\ndos Conselhos Superiores.<\/span>\r\n<\/p>\r\n\r\n<p>\r\n<span lang=\"PT\">&nbsp;<\/span>\r\n<\/p>\r\n\r\n<p>CAP\u00cdTULO II<\/p>\r\n\r\n<p>\r\n<span lang=\"PT\">DA INSCRI\u00c7\u00c3O<\/span>\r\n<\/p>\r\n\r\n<p>\r\n<span lang=\"PT\">&nbsp;<\/span>\r\n<\/p>\r\n\r\n<p>\r\n<span lang=\"PT\">Art.\r\n4\u00b0<\/span>\r\n<span lang=\"PT\"> &nbsp;Somente\r\npoder\u00e3o compor a lista tr\u00edplice para ocupar o cargo de Reitor(a), gest\u00e3o\r\n2026-2029, docentes integrantes da Carreira de Magist\u00e9rio Superior, ocupantes dos cargos\r\nde Professor Titular\r\nou de Professor Associado 4,\r\nou que sejam portadores do t\u00edtulo de doutor, nesse caso independentemente do\r\nn\u00edvel ou da classe do cargo ocupado.<\/span>\r\n<\/p>\r\n\r\n<p>\r\n<span lang=\"PT\">Art.\r\n5\u00b0<\/span>\r\n<span lang=\"PT\"> &nbsp;As\r\ninscri\u00e7\u00f5es dos candidatos ao cargo de que trata esta Resolu\u00e7\u00e3o dever\u00e3o ocorrer\r\nno dia <\/span>\r\n<span lang=\"PT\">14<\/span>\r\n<span lang=\"PT\"> de julho\r\nde 2025, mediante requerimento devidamente preenchido e entregue em processo\r\nadministrativo eletr\u00f4nico via PEN-SIE, direcionado \u00e0 Secretaria dos Conselhos.<\/span>\r\n<\/p>\r\n\r\n<p>\r\n<span lang=\"PT\">\u00a7 1\u00b0<\/span>\r\n<span lang=\"PT\"> <\/span>\r\n<span lang=\"PT\">O resultado\r\nda avalia\u00e7\u00e3o e homologa\u00e7\u00e3o das inscri\u00e7\u00f5es ser\u00e1 divulgado pela Comiss\u00e3o Eleitoral at\u00e9 <\/span>\r\n<span lang=\"PT\">15<\/span>\r\n<span lang=\"PT\"> de julho de 2025, no site <a href=\"http:\/\/www.ufsm.br\/\" style=\"color: blue !important;text-decoration: underline !important\" data-elementor-preserved=\"true\">www.ufsm.br.<\/a>\r\n<\/span>\r\n<\/p>\r\n\r\n<p>\r\n<span lang=\"PT\">\u00a7 2\u00b0<\/span>\r\n<span lang=\"PT\"> Eventuais recursos\r\ndever\u00e3o ser interpostos at\u00e9 as 23h59min do <\/span>\r\n<span lang=\"PT\">17 <\/span>\r\n<span lang=\"PT\">de julho de 2025, em processo administrativo eletr\u00f4nico via PEN-SIE\r\ndirecionado \u00e0 Secretaria dos Conselhos, de modo a avaliar eventual reconsidera\u00e7\u00e3o ou convocar o\r\nConselho Universit\u00e1rio para decis\u00e3o recursal.<\/span>\r\n<\/p>\r\n\r\n<p>\r\n<span lang=\"PT\">&nbsp;<\/span>\r\n<\/p>\r\n\r\n<p>\r\n<span lang=\"PT\">CAP\u00cdTULO III<\/span>\r\n<\/p>\r\n\r\n<p>\r\n<span lang=\"PT\">DO <\/span>\r\n<span lang=\"PT\">COLEGIADO<\/span>\r\n<span lang=\"PT\"> <\/span>\r\n<span lang=\"PT\">ELEITORAL<\/span>\r\n<span lang=\"PT\">\r\n<\/span>\r\n<\/p>\r\n\r\n<p>\r\n<span lang=\"PT\">&nbsp;<\/span>\r\n<\/p>\r\n\r\n<p>\r\n<span lang=\"PT\">Art.\r\n6\u00b0<\/span>\r\n<span lang=\"PT\">&nbsp; Realizar-se-\u00e1\r\nreuni\u00e3o ampliada dos Conselhos Superiores em <\/span>\r\n<span lang=\"PT\">18<\/span>\r\n<span lang=\"PT\"> de julho de 2025 voltada \u00e0 elabora\u00e7\u00e3o de lista tr\u00edplice para escolha\r\nde Reitor(a) da UFSM, Gest\u00e3o 2026\/2029.<\/span>\r\n<\/p>\r\n\r\n<p>\r\n<span lang=\"PT\">Par\u00e1grafo \u00fanico. O sistema de vota\u00e7\u00e3o dever\u00e1 observar as disposi\u00e7\u00f5es\r\nprevistas na <a href=\"https:\/\/www.ufsm.br\/pro-reitorias\/proplan\/instrucao-normativa-ufsm-n-001-2021\" style=\"color: blue !important;text-decoration: underline !important\" data-elementor-preserved=\"true\">Instru\u00e7\u00e3o Normativa UFSM N. 001, de 23 de fevereiro de 2021<\/a>.<\/span>\r\n<\/p>\r\n\r\n<p>\r\n<span lang=\"PT\">Art.\r\n7\u00b0<\/span>\r\n<span lang=\"PT\"> &nbsp;O\r\nColegiado Eleitoral voltado \u00e0 elabora\u00e7\u00e3o de lista tr\u00edplice para escolha de\r\nReitor(a) da UFSM, Gest\u00e3o 2026\/2029, ser\u00e1 composto pelos membros titulares ou\r\nos suplentes, quando do impedimento do respectivo titular, do Conselho\r\nUniversit\u00e1rio (CONSU), do Conselho de Ensino, do Pesquisa e Extens\u00e3o (CEPE) e\r\ndo Conselho de Curadores.<\/span>\r\n<\/p>\r\n\r\n<p>\r\n<span lang=\"PT\">Par\u00e1grafo\r\n\u00fanico. O conselheiro que possuir cadeira em 2 (dois) ou mais dos colegiados\r\ncitados no caput deste artigo ter\u00e1 direito a apenas 1 (um) voto.<\/span>\r\n<\/p>\r\n\r\n<p>\r\n<span lang=\"PT\">Art. 8\u00b0<\/span>\r\n<span lang=\"PT\"> &nbsp;&nbsp;A vota\u00e7\u00e3o no Colegiado Eleitoral ser\u00e1 uninominal, votando cada Conselheiro em 1\r\n(um) candidato a Reitor(a) em\r\nescrut\u00ednio \u00fanico.<\/span>\r\n<\/p>\r\n\r\n<p>\r\n<span lang=\"PT\">Art. 9\u00b0<\/span>\r\n<span lang=\"PT\"> &nbsp;<\/span>\r\n<span lang=\"PT\">Somente ser\u00e3o eleg\u00edveis os candidatos que tiverem suas inscri\u00e7\u00f5es devidamente homologadas pela Comiss\u00e3o Eleitoral, conforme\r\ndisposi\u00e7\u00f5es supra.<\/span>\r\n<\/p>\r\n\r\n<p>\r\n<span lang=\"PT\">Art. 10.<\/span>\r\n<span lang=\"PT\">&nbsp;&nbsp;<\/span>\r\n<span lang=\"PT\">Apurados os resultados, ser\u00e1 confeccionada a lista tr\u00edplice,\r\nindicando, pela ordem\r\ndos votos obtidos, os 3\r\n(tr\u00eas) candidatos a Reitor(a).<\/span>\r\n<\/p>\r\n\r\n<p>\r\n<span lang=\"PT\">Par\u00e1grafo\r\n\u00fanico. A lista tr\u00edplice para Reitor(a), assim elaborada, ser\u00e1 encaminhada \u00e0s\r\nautoridades competentes, juntamente com os demais documentos exigidos, dando-se\r\nampla divulga\u00e7\u00e3o interna e externa dos resultados e observando o que consta no\r\nArt. 9<\/span>\r\n<span lang=\"PT\">\u00b0<\/span>\r\n<span lang=\"PT\"> do <\/span>\r\n<a href=\"https:\/\/www.planalto.gov.br\/ccivil_03\/decreto\/d1916.htm\" style=\"color: blue !important;text-decoration: underline !important\" data-elementor-preserved=\"true\">Decreto n\u00b0 1.916\/1996<\/a>\r\n<span lang=\"PT\">.<\/span>\r\n<\/p>\r\n\r\n<p>\r\n<span lang=\"PT\">&nbsp;<\/span>\r\n<\/p>\r\n\r\n<p>\r\n<span lang=\"PT\">CAP\u00cdTULO IV<\/span>\r\n<\/p>\r\n\r\n<p>\r\n<span lang=\"PT\">DAS DISPOSI\u00c7\u00d5ES FINAIS E TRANSIT\u00d3RIAS<\/span>\r\n<\/p>\r\n\r\n<p>\r\n<span lang=\"PT\">&nbsp;<\/span>\r\n<\/p>\r\n\r\n<p>Art.&nbsp; 11.&nbsp; Caber\u00e1 \u00e0 Comiss\u00e3o Eleitoral designada pelo Conselho\r\nUniversit\u00e1rio (CONSU) a elabora\u00e7\u00e3o de editais e normas pr\u00f3prias para\r\nregulamentar o pleito eleitoral.<\/p>\r\n\r\n<p>\r\n<span lang=\"PT\">Par\u00e1grafo \u00fanico. Casos omissos ser\u00e3o dirimidos pela referida Comiss\u00e3o, cabendo\r\nrecurso ao Conselho Universit\u00e1rio.<\/span>\r\n<\/p>\r\n\r\n<p>\r\n<span lang=\"PT\">Art. 12.&nbsp; A inobserv\u00e2ncia ao disposto nesta Resolu\u00e7\u00e3o\r\nn\u00e3o constitui escusa v\u00e1lida para o descumprimento da norma nem resulta em sua\r\ninvalidade.<\/span>\r\n<\/p>\r\n\r\n<p>\r\n<span lang=\"PT\">Art. &nbsp;13.&nbsp; &nbsp;Esta Resolu\u00e7\u00e3o entra em vigor na data de sua\r\npublica\u00e7\u00e3o, de acordo com o que prev\u00ea o <\/span>\r\n<a href=\"https:\/\/www.planalto.gov.br\/ccivil_03\/_ato2023-2026\/2024\/decreto\/D12002.htm\" style=\"color: blue !important;text-decoration: underline !important\" data-elementor-preserved=\"true\">Decreto n\u00b0 12.002, de 22 de abril de 2024<\/a>\r\n<span lang=\"PT\">\r\n<a href=\"http:\/\/legislacao.planalto.gov.br\/legisla\/legislacao.nsf\/Viw_Identificacao\/DEC%2012.002-2024?OpenDocument\" style=\"color: blue !important;text-decoration: underline !important\" data-elementor-preserved=\"true\">\r\n<\/a>\r\n<\/span>\r\n<span lang=\"PT\">, art. 18, inciso IV.<\/span>\r\n<span lang=\"PT\">\r\n<\/span>\r\n<\/p>\r\n\r\n<p>\r\n<span lang=\"PT\">&nbsp;<\/span>\r\n<\/p>\r\n\r\n<p>Luciano Schuch<\/p>\r\n\r\n<p align=\"right\" style=\"text-align: left\">\r\n<span lang=\"PT\" style=\"text-align: justify\">Reitor<\/span>\r\n<\/p>\r\n<p align=\"right\" style=\"text-align: left\">\r\n<span lang=\"PT\" style=\"text-align: justify\">\r\n<br>\r\n<\/span>\r\n<\/p>\r\n<p align=\"right\" style=\"text-align: left\">\r\n<span lang=\"PT\" style=\"text-align: justify\">\r\n<\/span>\r\n<\/p>\r\n<p>\r\n<span style=\"color: red\">Este texto n\u00e3o substitui o documento original, publicado no Portal de Documentos.<\/span> Dispon\u00edvel em <a href=\"https:\/\/portal.ufsm.br\/documentos\/publico\/documento.html?idDocumento=15415324\" style=\"color: blue !important;text-decoration: underline !important\" data-elementor-preserved=\"true\">https:\/\/portal.ufsm.br\/documentos\/publico\/documento.html?idDocumento=15415324<\/a>\r\n<\/p>\r\n\r\n<!--EndFragment-->\r\n<div class=\"normal-text\" style=\"text-align: center\">\r\n<\/div>\r\n<div class=\"normal-text\" style=\"text-align: center\">\r\n<\/div>\r\n<\/font><\/div>\t\t<\/div>\n\t\t\t\t<\/div>\n\t\t\t\t\t<\/div>\n\t\t<\/div>\n\t\t\t\t\t<\/div>\n\t\t<\/section>\n\t\t\t\t<\/div>\n\t\t","protected":false},"excerpt":{"rendered":"<p>MINIST\u00c9RIO DA EDUCA\u00c7\u00c3O UNIVERSIDADE FEDERAL DE SANTA MARIA RESOLU\u00c7\u00c3O UFSM N\u00b0 205, DE 14 DE ABRIL DE 2025 &nbsp; Disp\u00f5e sobre a elabora\u00e7\u00e3o de lista tr\u00edplice para escolha de Reitor(a) da Universidade Federal de Santa Maria (UFSM), Gest\u00e3o 2026\/2029. &nbsp; O REITOR DA UNIVERSIDADE FEDERAL DE SANTA MARIA, no uso de suas atribui\u00e7\u00f5es legais que [&hellip;]<\/p>\n","protected":false},"author":1466,"featured_media":0,"parent":0,"menu_order":0,"comment_status":"closed","ping_status":"closed","template":"","meta":{"footnotes":""},"categories":[],"tags":[],"class_list":["post-6519","page","type-page","status-publish","hentry"],"acf":[],"_links":{"self":[{"href":"https:\/\/www.ufsm.br\/pro-reitorias\/proplan\/wp-json\/wp\/v2\/pages\/6519","targetHints":{"allow":["GET"]}}],"collection":[{"href":"https:\/\/www.ufsm.br\/pro-reitorias\/proplan\/wp-json\/wp\/v2\/pages"}],"about":[{"href":"https:\/\/www.ufsm.br\/pro-reitorias\/proplan\/wp-json\/wp\/v2\/types\/page"}],"author":[{"embeddable":true,"href":"https:\/\/www.ufsm.br\/pro-reitorias\/proplan\/wp-json\/wp\/v2\/users\/1466"}],"replies":[{"embeddable":true,"href":"https:\/\/www.ufsm.br\/pro-reitorias\/proplan\/wp-json\/wp\/v2\/comments?post=6519"}],"version-history":[{"count":0,"href":"https:\/\/www.ufsm.br\/pro-reitorias\/proplan\/wp-json\/wp\/v2\/pages\/6519\/revisions"}],"wp:attachment":[{"href":"https:\/\/www.ufsm.br\/pro-reitorias\/proplan\/wp-json\/wp\/v2\/media?parent=6519"}],"wp:term":[{"taxonomy":"category","embeddable":true,"href":"https:\/\/www.ufsm.br\/pro-reitorias\/proplan\/wp-json\/wp\/v2\/categories?post=6519"},{"taxonomy":"post_tag","embeddable":true,"href":"https:\/\/www.ufsm.br\/pro-reitorias\/proplan\/wp-json\/wp\/v2\/tags?post=6519"}],"curies":[{"name":"wp","href":"https:\/\/api.w.org\/{rel}","templated":true}]}}