{"id":6543,"date":"2025-04-24T09:10:23","date_gmt":"2025-04-24T12:10:23","guid":{"rendered":"https:\/\/www.ufsm.br\/pro-reitorias\/proplan\/?page_id=6543"},"modified":"2025-04-24T09:11:06","modified_gmt":"2025-04-24T12:11:06","slug":"portaria-normativa-pra-ufsm-n-001-2025","status":"publish","type":"page","link":"https:\/\/www.ufsm.br\/pro-reitorias\/proplan\/portaria-normativa-pra-ufsm-n-001-2025","title":{"rendered":"PORTARIA NORMATIVA PRA\/UFSM N\u00b0 001\/2025"},"content":{"rendered":"\t\t<div data-elementor-type=\"wp-page\" data-elementor-id=\"6543\" class=\"elementor elementor-6543\">\n\t\t\t\t\t\t<section class=\"elementor-section elementor-top-section elementor-element elementor-element-96a4683 elementor-section-boxed elementor-section-height-default elementor-section-height-default\" data-id=\"96a4683\" data-element_type=\"section\">\n\t\t\t\t\t\t<div class=\"elementor-container elementor-column-gap-default\">\n\t\t\t\t\t<div class=\"elementor-column elementor-col-100 elementor-top-column elementor-element elementor-element-39ba0c8\" data-id=\"39ba0c8\" data-element_type=\"column\">\n\t\t\t<div class=\"elementor-widget-wrap elementor-element-populated\">\n\t\t\t\t\t\t<div class=\"elementor-element elementor-element-c89a9b4 elementor-widget elementor-widget-html\" data-id=\"c89a9b4\" data-element_type=\"widget\" data-widget_type=\"html.default\">\n\t\t\t\t<div class=\"elementor-widget-container\">\n\t\t\t<br><div align=\"justify\"><font color=\"black\">\r\n<div align=\"center\">\r\n<img decoding=\"async\" src=\"https:\/\/www.ufsm.br\/pro-reitorias\/proplan\/wp-content\/uploads\/sites\/344\/2019\/09\/brasao-da-republica-do-brasil-logo.png\" alt=\"Bras\u00e3o Rep\u00fablica Federativa do Brasil\" width=\"6%\" height=\"6%\">\r\n<\/div>\r\n<h4>\r\n<font color=\"blue\">\r\n<font size=\"5\">\r\n<\/font>\r\n<\/font>\r\n<div align=\"center\">\r\n<font color=\"blue\">\r\n<font size=\"5\">MINIST\u00c9RIO DA EDUCA\u00c7\u00c3O<\/font>\r\n<\/font>\r\n<\/div>\r\n<\/h4>\r\n<p>\r\n<b>\r\n<font color=\"0000blue\">\r\n<\/font>\r\n<\/b>\r\n<\/p>\r\n<div align=\"center\">\r\n<b>\r\n<font color=\"0000blue\">UNIVERSIDADE FEDERAL DE SANTA MARIA<\/font>\r\n<\/b>\r\n<\/div>\r\n<p>\r\n<\/p>\r\n<div style=\"text-align: center\">\r\n<a href=\"https:\/\/portal.ufsm.br\/documentos\/publico\/documento.html?idDocumento=15422575\" style=\"color: blue !important;text-decoration: underline !important\" data-elementor-preserved=\"true\">\r\n<font color=\"#0000ff\">\r\n<b>PORTARIA NORMATIVA PRA\/UFSM N\u00b0 001, DE 23 DE ABRIL DE 2025<\/b>\r\n<\/font>\r\n<\/a>\r\n<\/div>\r\n<div>\r\n<br>\r\n<div>\r\n    <div style=\"color: #800000;width: 60%;margin-left: auto;margin-right: 0;text-align: justify;font-weight: normal\">\r\n      Disp\u00f5e sobre a observ\u00e2ncia da ordem cronol\u00f3gica de pagamentos, estabelece crit\u00e9rios para a prioriza\u00e7\u00e3o das obriga\u00e7\u00f5es contratuais relativas a fornecedores e demais credores, e promove a transpar\u00eancia na gest\u00e3o financeira no \u00e2mbito da Universidade Federal de Santa Maria (UFSM).&nbsp;\r\n    <\/div>\r\n<\/div>\r\n<div>\r\n<br>\r\n<\/div>\r\n<div>O PR\u00d3-REITOR DE ADMINISTRA\u00c7\u00c3O, no uso das atribui\u00e7\u00f5es legais e estatut\u00e1rias que lhe confere o item \"g\", do inciso I da <a href=\"https:\/\/portal.ufsm.br\/documentos\/publico\/documento.html?idDocumento=15422575\" style=\"color: blue !important;text-decoration: underline !important\" data-elementor-preserved=\"true\">Resolu\u00e7\u00e3o n\u00b0 013, de 25 de maio de 1983<\/a>, tendo em vista o disposto na <a href=\"https:\/\/www.gov.br\/compras\/pt-br\/acesso-a-informacao\/legislacao\/portarias\/portaria-seges-me-no-8-678-de-19-de-julho-de-2021\" style=\"color: blue !important;text-decoration: underline !important\" data-elementor-preserved=\"true\">Portaria SEGES\/ME n\u00b0 8.678, de 19 de julho de 2021<\/a>, na <a href=\"https:\/\/www.ufsm.br\/pro-reitorias\/proplan\/resolucao-n-034-2020\" style=\"color: blue !important;text-decoration: underline !important\" data-elementor-preserved=\"true\">Resolu\u00e7\u00e3o UFSM n\u00b0 034, de 30 de novembro de 2020<\/a>, na <a href=\"https:\/\/www.gov.br\/compras\/pt-br\/acesso-a-informacao\/legislacao\/instrucoes-normativas\/instrucao-normativa-no-2-de-6-de-dezembro-de-2016\" style=\"color: blue !important;text-decoration: underline !important\" data-elementor-preserved=\"true\">Instru\u00e7\u00e3o Normativa SG\/MPDG n\u00b0 02, de 6 de dezembro de 2016<\/a>, na <a href=\"https:\/\/www.gov.br\/compras\/pt-br\/acesso-a-informacao\/legislacao\/instrucoes-normativas\/instrucao-normativa-seges-me-no-77-de-4-de-novembro-de-2022\" style=\"color: blue !important;text-decoration: underline !important\" data-elementor-preserved=\"true\">Instru\u00e7\u00e3o Normativa SEGES\/ME n\u00b0 77, de 04 de novembro de 2022<\/a>, e o que consta no <a href=\"https:\/\/portal.ufsm.br\/documentos\/publico\/processo\/documento.html?idDocumento=15395442\" style=\"color: blue !important;text-decoration: underline !important\" data-elementor-preserved=\"true\">Processo n\u00b0 23081.044795\/2025-77<\/a>, resolve:&nbsp;<\/div>\r\n<div>\r\n<br>\r\n<\/div>\r\n<div>Art. 1\u00b0  Dispor sobre a observ\u00e2ncia da ordem cronol\u00f3gica de pagamentos, estabelecer crit\u00e9rios para a prioriza\u00e7\u00e3o das obriga\u00e7\u00f5es contratuais relativas a fornecedores e demais credores, e promover a transpar\u00eancia na gest\u00e3o financeira no \u00e2mbito da Universidade Federal de Santa Maria (UFSM).&nbsp;<\/div>\r\n<div>\r\n<br>\r\n<\/div>\r\n<div>CAP\u00cdTULO I<\/div>\r\n<div>DAS DISPOSI\u00c7\u00d5ES PRELIMINARES<\/div>\r\n<div>\r\n<br>\r\n<\/div>\r\n<div>Se\u00e7\u00e3o I<\/div>\r\n<div>Do objeto e \u00e2mbito de aplica\u00e7\u00e3o<\/div>\r\n<div>\r\n<br>\r\n<\/div>\r\n<div>Art. 2\u00b0  Para efeitos de prioriza\u00e7\u00e3o de pagamentos entre as obriga\u00e7\u00f5es a pagar, dever\u00e3o ser observados os seguintes crit\u00e9rios, conforme as categorias contratuais previstas nos incisos do art. 2\u00b0 da <a href=\"https:\/\/www.gov.br\/compras\/pt-br\/acesso-a-informacao\/legislacao\/instrucoes-normativas\/instrucao-normativa-no-2-de-6-de-dezembro-de-2016\" style=\"color: blue !important;text-decoration: underline !important\" data-elementor-preserved=\"true\">Instru\u00e7\u00e3o Normativa SG\/MPDG n\u00b0 02, de 6 de dezembro de 2016<\/a>:<\/div>\r\n<div>I - pagamentos relacionados a servi\u00e7os essenciais ou continuados indispens\u00e1veis \u00e0 manuten\u00e7\u00e3o das atividades administrativas e operacionais;<\/div>\r\n<div>II - obriga\u00e7\u00f5es que envolvam penalidades contratuais ou risco de interrup\u00e7\u00e3o de servi\u00e7os em caso de inadimpl\u00eancia; e&nbsp;<\/div>\r\n<div>III - demais despesas contratuais ou administrativas, observando-se a ordem cronol\u00f3gica estabelecida pela data de ateste registrada no documento de liquida\u00e7\u00e3o do Sistema de Administra\u00e7\u00e3o Financeira do Governo Federal (SIAFI).&nbsp;<\/div>\r\n<div>\r\n<br>\r\n<\/div>\r\n<div>Se\u00e7\u00e3o II<\/div>\r\n<div>Da transpar\u00eancia, operacionaliza\u00e7\u00e3o e controle&nbsp;<\/div>\r\n<div>\r\n<br>\r\n<\/div>\r\n<div>Art. 3\u00b0  A transpar\u00eancia na gest\u00e3o financeira ser\u00e1 assegurada por meio da atualiza\u00e7\u00e3o di\u00e1ria da ordem cronol\u00f3gica de pagamentos e das exigibilidades (contas a pagar), com a inclus\u00e3o de informa\u00e7\u00f5es sobre prioridades, crit\u00e9rios adotados e justificativas para eventuais altera\u00e7\u00f5es, consolidadas no Painel da Ordem Cronol\u00f3gica de Pagamentos.&nbsp;<\/div>\r\n<div>Par\u00e1grafo \u00fanico.  O Painel da Ordem Cronol\u00f3gica de Pagamentos faz parte de um conjunto de relat\u00f3rios elaborados pelo Departamento de Contabilidade e Finan\u00e7as (DCF), com base nos dados extra\u00eddos do Sistema de Administra\u00e7\u00e3o Financeira do Governo Federal (SIAFI), por meio do uso de tecnologias de <i>business intelligence<\/i>, permitindo o acompanhamento da execu\u00e7\u00e3o or\u00e7ament\u00e1ria e financeira e das obriga\u00e7\u00f5es contratuais registradas na contabilidade at\u00e9 o \u00faltimo dia \u00fatil anterior \u00e0 data da respectiva atualiza\u00e7\u00e3o.&nbsp;<\/div>\r\n<div>Art. 4\u00b0  A operacionaliza\u00e7\u00e3o e o controle da ordem cronol\u00f3gica de pagamentos ser\u00e3o realizados por meio do acompanhamento di\u00e1rio do Painel da Ordem Cronol\u00f3gica de Pagamentos, atualizado e dispon\u00edvel no portal da UFSM (<a href=\"https:\/\/www.ufsm.br\/orgaos-executivos\/dcf\/paineis\" style=\"color: blue !important;text-decoration: underline !important\" data-elementor-preserved=\"true\">https:\/\/www.ufsm.br\/orgaos-executivos\/dcf\/paineis<\/a>).&nbsp;<\/div>\r\n<div>Art. 5\u00b0  O Painel da Ordem Cronol\u00f3gica de Pagamentos constitui uma ferramenta informatizada, disponibilizada pelo Departamento de Contabilidade e Finan\u00e7as, que automatiza e instrumentaliza o controle e o acompanhamento das obriga\u00e7\u00f5es contratuais e demais exigibilidades a pagar, organizadas por fontes de recursos e categorias contratuais.&nbsp;<\/div>\r\n<div>\r\n<br>\r\n<\/div>\r\n<div>CAP\u00cdTULO II<\/div>\r\n<div>DOS PROCEDIMENTOS<\/div>\r\n<div>\r\n<br>\r\n<\/div>\r\n<div>Se\u00e7\u00e3o I<\/div>\r\n<div>Das categorias contratuais<\/div>\r\n<div>\r\n<br>\r\n<\/div>\r\n<div>Art. 6\u00b0  O pagamento das obriga\u00e7\u00f5es contratuais dever\u00e1 observar a ordem cronol\u00f3gica de pagamento das exigibilidades, a ser disposta, separadamente, por fontes de recursos e segregada pelas seguintes categorias:<\/div>\r\n<div>I - bolsas e aux\u00edlios de assist\u00eancia estudantil;<\/div>\r\n<div>II - fornecimento de bens;&nbsp;<\/div>\r\n<div>III - loca\u00e7\u00f5es;<\/div>\r\n<div>IV - presta\u00e7\u00e3o de servi\u00e7os;&nbsp;<\/div>\r\n<div>V - obras e instala\u00e7\u00f5es;&nbsp;<\/div>\r\n<div>VI - contratos e conv\u00eanios com funda\u00e7\u00f5es de apoio;&nbsp;<\/div>\r\n<div>VII - di\u00e1rias;&nbsp;<\/div>\r\n<div>VIII - faturas do Cart\u00e3o Corporativo do Governo Federal (CPGF); e<\/div>\r\n<div>IX - outras despesas.&nbsp;<\/div>\r\n<div>Par\u00e1grafo \u00fanico.  Apesar de n\u00e3o estarem elencadas na <a href=\"https:\/\/www.gov.br\/compras\/pt-br\/acesso-a-informacao\/legislacao\/instrucoes-normativas\/instrucao-normativa-no-2-de-6-de-dezembro-de-2016\" style=\"color: blue !important;text-decoration: underline !important\" data-elementor-preserved=\"true\">Instru\u00e7\u00e3o Normativa SG\/MPDG n\u00b0 02, de 6 de dezembro de 2016<\/a>, e na <a href=\"https:\/\/www.gov.br\/compras\/pt-br\/acesso-a-informacao\/legislacao\/instrucoes-normativas\/instrucao-normativa-seges-me-no-77-de-4-de-novembro-de-2022\" style=\"color: blue !important;text-decoration: underline !important\" data-elementor-preserved=\"true\">Instru\u00e7\u00e3o Normativa SEGES\/ME n\u00b0 77, de 04 de novembro de 2022<\/a>, as categorias de despesas previstas nos incisos I, VI, VII e VIII do caput deste artigo s\u00e3o indispens\u00e1veis para o cumprimento da miss\u00e3o institucional da UFSM, alinhadas aos seus objetivos estrat\u00e9gicos, e impactam diretamente a disponibilidade financeira, por\u00e9m visam mitigar riscos a n\u00edveis aceit\u00e1veis e aprimorar os processos decis\u00f3rios, em conson\u00e2ncia com os incisos II e III do artigo 4\u00b0 da <a href=\"https:\/\/www.ufsm.br\/pro-reitorias\/proplan\/resolucao-n-034-2020\" style=\"color: blue !important;text-decoration: underline !important\" data-elementor-preserved=\"true\">Resolu\u00e7\u00e3o UFSM n\u00b0 034, de 30 de novembro de 2020<\/a>.&nbsp;<\/div>\r\n<div>\r\n<br>\r\n<\/div>\r\n<div>Se\u00e7\u00e3o II&nbsp;<\/div>\r\n<div>Das fontes de recursos&nbsp;<\/div>\r\n<div>\r\n<br>\r\n<\/div>\r\n<div>Art. 7\u00b0  As fontes de recursos constituem agrupamentos espec\u00edficos de naturezas de receitas, de acordo com as regras de destina\u00e7\u00e3o legal, evidenciando a origem ou a proced\u00eancia dos recursos, que devem ser aplicados conforme a finalidade espec\u00edfica e vincula\u00e7\u00e3o de pagamento.&nbsp;<\/div>\r\n<div>Art. 8\u00b0  Os credores de contratos ou notas de empenho a serem pagos com fontes de recursos vinculadas \u00e0 finalidade ou origem espec\u00edfica, como Termos de Execu\u00e7\u00e3o Descentralizada e Emendas Parlamentares, dever\u00e3o ser ordenados conforme respectivos detalhamentos das fontes de recursos.&nbsp;<\/div>\r\n<div>\r\n<br>\r\n<\/div>\r\n<div>Se\u00e7\u00e3o III&nbsp;<\/div>\r\n<div>Da inclus\u00e3o do cr\u00e9dito na sequ\u00eancia de pagamentos&nbsp;<\/div>\r\n<div>\r\n<br>\r\n<\/div>\r\n<div>Art. 9\u00b0  A inclus\u00e3o do cr\u00e9dito na lista sequencial de pagamentos e a determina\u00e7\u00e3o do prazo de exigibilidade ser\u00e3o condicionadas ao \u201cateste\u201d da conformidade do documento fiscal, recibo ou fatura, e demais documentos comprobat\u00f3rios, com o recebimento ou confirma\u00e7\u00e3o da entrega do bem ou servi\u00e7o, pelo(a) gestor(a) contratual ou servidor(a) respons\u00e1vel, conforme o caso.&nbsp;<\/div>\r\n<div>\u00a7 1\u00b0  A valida\u00e7\u00e3o completa da documenta\u00e7\u00e3o \u00e9 requisito indispens\u00e1vel para a formaliza\u00e7\u00e3o do direito credit\u00f3rio do(a) contratado(a), culminando no registro da liquida\u00e7\u00e3o da despesa no sistema, ato que formaliza o reconhecimento da obriga\u00e7\u00e3o e autoriza o pagamento.&nbsp;<\/div>\r\n<div>\u00a7 2\u00b0  A data de ateste, para fins desta Portaria Normativa, corresponde ao ato administrativo em que a administra\u00e7\u00e3o p\u00fablica, ap\u00f3s an\u00e1lise da documenta\u00e7\u00e3o comprobat\u00f3ria e verifica\u00e7\u00e3o da conformidade com os termos contratuais, reconhece formalmente a integral execu\u00e7\u00e3o do objeto contratado e insere o Instrumento de Cobran\u00e7a no Portal contratos.gov.br, do Governo Federal, demarcando o momento para a liquida\u00e7\u00e3o da despesa e o in\u00edcio dos tr\u00e2mites de pagamento.&nbsp;<\/div>\r\n<div>\u00a7 3\u00b0  A inclus\u00e3o do Instrumento de Cobran\u00e7a no Portal contratos.gov.br pressup\u00f5e a pr\u00e9via confer\u00eancia da conformidade entre os bens fornecidos ou servi\u00e7os prestados e os termos contratuais ou da aquisi\u00e7\u00e3o direta, acompanhada da inser\u00e7\u00e3o dos documentos integrantes do processo de pagamento.&nbsp;<\/div>\r\n<div>\u00a7 4\u00b0  A liquida\u00e7\u00e3o da despesa, etapa subsequente \u00e0 execu\u00e7\u00e3o contratual, configura o marco para a inclus\u00e3o do cr\u00e9dito na ordem cronol\u00f3gica de pagamentos, processando-se mediante a verifica\u00e7\u00e3o e confirma\u00e7\u00e3o da documenta\u00e7\u00e3o comprobat\u00f3ria, com base nos registros dos Instrumentos de Cobran\u00e7a ou documentos fiscais pertinentes, no sistema do Governo Federal, configurando o momento em que se reconhece a exigibilidade do cr\u00e9dito.&nbsp;<\/div>\r\n<div>\u00a7 5\u00b0  As disposi\u00e7\u00f5es do caput e do \u00a7 2\u00b0 deste artigo aplicam-se, no que couber, \u00e0s compras ou aquisi\u00e7\u00f5es formalizadas por meio de nota de empenho, ainda que n\u00e3o formalizadas por contrato.&nbsp;<\/div>\r\n<div>Art. 10.  A quebra da ordem cronol\u00f3gica de pagamento das exigibilidades, prevista no art. 5\u00b0 da <a href=\"https:\/\/www.gov.br\/compras\/pt-br\/acesso-a-informacao\/legislacao\/instrucoes-normativas\/instrucao-normativa-no-2-de-6-de-dezembro-de-2016\" style=\"color: blue !important;text-decoration: underline !important\" data-elementor-preserved=\"true\">Instru\u00e7\u00e3o Normativa SG\/MPDG n\u00b0 02, de 6 de dezembro de 2016<\/a>, e no art. 9\u00b0 da <a href=\"https:\/\/www.gov.br\/compras\/pt-br\/acesso-a-informacao\/legislacao\/instrucoes-normativas\/instrucao-normativa-seges-me-no-77-de-4-de-novembro-de-2022\" style=\"color: blue !important;text-decoration: underline !important\" data-elementor-preserved=\"true\">Instru\u00e7\u00e3o Normativa SEGES\/ME n\u00b0 77, de 04 de novembro de 2022<\/a>, ser\u00e1 autorizada por meio de justificativa apresentada pelo(a) Ordenador(a) de Despesas.&nbsp;<\/div>\r\n<div>\r\n<br>\r\n<\/div>\r\n<div>Se\u00e7\u00e3o IV<\/div>\r\n<div>Do prazo para pagamento&nbsp;<\/div>\r\n<div>\r\n<br>\r\n<\/div>\r\n<div>Art. 11.  O pagamento das obriga\u00e7\u00f5es contratuais dever\u00e1 ocorrer, sempre que poss\u00edvel, quando do recebimento dos recursos financeiros e at\u00e9 seu limite, dentro das categorias enumeradas no art. 6\u00b0 e na seguinte ordem:<\/div>\r\n<div>I - pagamento dos processos previstos no inciso I do art. 6\u00b0;&nbsp;<\/div>\r\n<div>II - pagamento dos documentos fiscais em atraso, devidamente justificados, na ordem das categorias estabelecidas nos incisos II ao IX do art. 6\u00b0; e&nbsp;<\/div>\r\n<div>III - pagamento dos processos\/documentos fiscais previstos nos incisos II ao IX do art. 6\u00b0.&nbsp;<\/div>\r\n<div>\u00a7 1\u00b0  Em cumprimento \u00e0 Pol\u00edtica Nacional de Assist\u00eancia Estudantil (PNAES), que visa garantir a perman\u00eancia dos(as) estudantes em condi\u00e7\u00f5es adequadas de ensino e aprendizagem, as bolsas de assist\u00eancia estudantil dever\u00e3o ser priorizadas na ordem de pagamento das exigibilidades do \u00f3rg\u00e3o.&nbsp;<\/div>\r\n<div>\u00a7 2\u00b0  O pagamento das faturas do Cart\u00e3o de Pagamento do Governo Federal (CPGF), com vencimento no dia 10 (dez) de cada m\u00eas, ser\u00e1 priorizado, a fim de evitar encargos financeiros por atraso.&nbsp;<\/div>\r\n<div>\u00a7 3\u00b0  Os recursos financeiros provenientes de Termos de Execu\u00e7\u00e3o Descentralizada (TED), Emendas Parlamentares e recursos vinculados, destinados \u00e0 execu\u00e7\u00e3o dos planos de aplica\u00e7\u00e3o relacionados a contratos e conv\u00eanios firmados com funda\u00e7\u00f5es de apoio, dever\u00e3o ter seus pagamentos prioritariamente realizados conforme os repasses financeiros correspondentes, visto que as transfer\u00eancias \u00e0s funda\u00e7\u00f5es de apoio objetivam assegurar a continuidade e a regularidade na execu\u00e7\u00e3o dos contratos e conv\u00eanios, alinhando os desembolsos financeiros ao fluxo de caixa dispon\u00edvel, de modo a garantir o cumprimento das finalidades pactuadas nos planos de aplica\u00e7\u00e3o.&nbsp;<\/div>\r\n<div>\u00a7 4\u00b0  As di\u00e1rias ser\u00e3o concedidas por meio do Sistema de Concess\u00e3o de Di\u00e1rias e Passagens (SCDP), que permite o pagamento com anteced\u00eancia m\u00e1xima de 5 (cinco) dias antes do in\u00edcio da viagem, de uma s\u00f3 vez, at\u00e9 o m\u00e1ximo de 15 (quinze) di\u00e1rias, sendo que, acima desse limite, o pagamento ser\u00e1 parcelado, conforme o disposto no <a href=\"https:\/\/www.planalto.gov.br\/ccivil_03\/decreto\/antigos\/d0825.htm\" style=\"color: blue !important;text-decoration: underline !important\" data-elementor-preserved=\"true\">Decreto n\u00b0 825, de 28 de maio de 1993<\/a>, artigo 22, inciso II, com reda\u00e7\u00e3o dada pelo <a href=\"https:\/\/www.planalto.gov.br\/ccivil_03\/_ato2007-2010\/2009\/decreto\/d6907.htm\" style=\"color: blue !important;text-decoration: underline !important\" data-elementor-preserved=\"true\">Decreto n\u00b0 6.907, de 21 de julho de 2009<\/a>, excetuando-se as transfer\u00eancias de recursos para pagamento efetuado por funda\u00e7\u00f5es de apoio.&nbsp;<\/div>\r\n<div>\u00a7 5\u00b0  Para fins desta Portaria Normativa, consideram-se em atraso os documentos fiscais cujo \u201cateste\u201d tenha sido registrado no sistema do Governo Federal h\u00e1 mais de 10 (dez) dias, estendendo-se este prazo para 20 (vinte) dias, caso haja necessidade de procedimentos inerentes \u00e0s exig\u00eancias contratuais.&nbsp;<\/div>\r\n<div>\r\n<br>\r\n<\/div>\r\n<div>CAP\u00cdTULO III&nbsp;<\/div>\r\n<div>DA ALTERA\u00c7\u00c3O DA ORDEM CRONOL\u00d3GICA DE PAGAMENTOS&nbsp;<\/div>\r\n<div>\r\n<br>\r\n<\/div>\r\n<div>Art. 12.  A ordem cronol\u00f3gica de pagamentos poder\u00e1 ser, excepcionalmente, alterada em casos devidamente justificados, conforme os crit\u00e9rios estabelecidos no art. 9\u00b0 da <a href=\"https:\/\/www.gov.br\/compras\/pt-br\/acesso-a-informacao\/legislacao\/instrucoes-normativas\/instrucao-normativa-seges-me-no-77-de-4-de-novembro-de-2022\" style=\"color: blue !important;text-decoration: underline !important\" data-elementor-preserved=\"true\">Instru\u00e7\u00e3o Normativa SEGES\/ME n\u00b0 77, de 04 de novembro de 2022<\/a>, mediante apresenta\u00e7\u00e3o de ampla justificativa t\u00e9cnica e aprova\u00e7\u00e3o da autoridade competente.<\/div>\r\n<div>Par\u00e1grafo \u00fanico.  As altera\u00e7\u00f5es na ordem cronol\u00f3gica, bem como as justificativas e documentos comprobat\u00f3rios, dever\u00e3o ser disponibilizadas em meio eletr\u00f4nico, garantindo a transpar\u00eancia e o acesso p\u00fablico \u00e0s informa\u00e7\u00f5es.&nbsp;<\/div>\r\n<div>Art. 13.  A transpar\u00eancia na gest\u00e3o financeira ser\u00e1 assegurada por meio da publica\u00e7\u00e3o peri\u00f3dica da ordem cronol\u00f3gica de pagamentos e das despesas liquidadas, incluindo informa\u00e7\u00f5es sobre as prioridades, crit\u00e9rios adotados e justificativas para eventuais exce\u00e7\u00f5es.&nbsp;<\/div>\r\n<div>\r\n<br>\r\n<\/div>\r\n<div>CAP\u00cdTULO IV&nbsp;<\/div>\r\n<div>DAS DISPOSI\u00c7\u00d5ES GERAIS&nbsp;<\/div>\r\n<div>\r\n<br>\r\n<\/div>\r\n<div>Art. 14.  Os casos omissos desta Portaria Normativa ser\u00e3o tratados pela Pr\u00f3-Reitoria de Administra\u00e7\u00e3o (PRA) da UFSM.&nbsp;<\/div>\r\n<div>Art. 15.  A inobserv\u00e2ncia ao disposto nesta Portaria Normativa n\u00e3o constitui escusa v\u00e1lida para o descumprimento da norma nem resulta em sua invalidade.&nbsp;<\/div>\r\n<div>Art. 16.  Esta Portaria Normativa entra em vigor na data de sua publica\u00e7\u00e3o, de acordo com o que prev\u00ea o <a href=\"https:\/\/www.planalto.gov.br\/ccivil_03\/_ato2023-2026\/2024\/decreto\/d12002.htm\" style=\"color: blue !important;text-decoration: underline !important\" data-elementor-preserved=\"true\">Decreto n\u00b0 12.002, de 22 de abril de 2024<\/a>, art. 18, inciso IV.<\/div>\r\n<div>Par\u00e1grafo \u00fanico.  Havendo altera\u00e7\u00e3o legislativa, ou a implanta\u00e7\u00e3o de novas funcionalidades para transpar\u00eancia nos portais ou ferramentas do Governo Federal, incluindo o Portal contratos.gov.br ou outro sistema equivalente, que resultem em mudan\u00e7as na forma de transpar\u00eancia, operacionaliza\u00e7\u00e3o e controle, prevista na Se\u00e7\u00e3o II do Cap\u00edtulo I desta Portaria Normativa, as respectivas altera\u00e7\u00f5es ser\u00e3o incorporadas e aplicadas imediatamente, garantindo a adequa\u00e7\u00e3o aos novos requisitos legais e normativos.&nbsp;<\/div>\r\n<div>\r\n<br>\r\n<\/div>\r\n<div>Jos\u00e9 Carlos Segalla&nbsp;<\/div>\r\n<div>Pr\u00f3-Reitor de Administra\u00e7\u00e3o&nbsp;<div class=\"normal-text\" style=\"text-align: center\">\r\n<\/div>\r\n<div class=\"normal-text\" style=\"text-align: center\">\r\n<\/div>\r\n<\/div>\r\n<\/div>\r\n<div>\r\n<br>\r\n<\/div>\r\n<div>\r\n<p>\r\n<span style=\"color: red\">Este texto n\u00e3o substitui o documento original, publicado no Portal de Documentos.<\/span> Dispon\u00edvel em <a href=\"https:\/\/portal.ufsm.br\/documentos\/publico\/documento.html?idDocumento=15422575\" style=\"color: blue !important;text-decoration: underline !important\" data-elementor-preserved=\"true\">https:\/\/portal.ufsm.br\/documentos\/publico\/documento.html?idDocumento=15422575<\/a>\r\n<\/p>\r\n<\/div>\r\n<\/font><\/div>\t\t<\/div>\n\t\t\t\t<\/div>\n\t\t\t\t\t<\/div>\n\t\t<\/div>\n\t\t\t\t\t<\/div>\n\t\t<\/section>\n\t\t\t\t<\/div>\n\t\t","protected":false},"excerpt":{"rendered":"<p>MINIST\u00c9RIO DA EDUCA\u00c7\u00c3O UNIVERSIDADE FEDERAL DE SANTA MARIA PORTARIA NORMATIVA PRA\/UFSM N\u00b0 001, DE 23 DE ABRIL DE 2025 Disp\u00f5e sobre a observ\u00e2ncia da ordem cronol\u00f3gica de pagamentos, estabelece crit\u00e9rios para a prioriza\u00e7\u00e3o das obriga\u00e7\u00f5es contratuais relativas a fornecedores e demais credores, e promove a transpar\u00eancia na gest\u00e3o financeira no \u00e2mbito da Universidade Federal de [&hellip;]<\/p>\n","protected":false},"author":1466,"featured_media":0,"parent":0,"menu_order":0,"comment_status":"closed","ping_status":"closed","template":"","meta":{"footnotes":""},"categories":[],"tags":[],"class_list":["post-6543","page","type-page","status-publish","hentry"],"acf":[],"_links":{"self":[{"href":"https:\/\/www.ufsm.br\/pro-reitorias\/proplan\/wp-json\/wp\/v2\/pages\/6543","targetHints":{"allow":["GET"]}}],"collection":[{"href":"https:\/\/www.ufsm.br\/pro-reitorias\/proplan\/wp-json\/wp\/v2\/pages"}],"about":[{"href":"https:\/\/www.ufsm.br\/pro-reitorias\/proplan\/wp-json\/wp\/v2\/types\/page"}],"author":[{"embeddable":true,"href":"https:\/\/www.ufsm.br\/pro-reitorias\/proplan\/wp-json\/wp\/v2\/users\/1466"}],"replies":[{"embeddable":true,"href":"https:\/\/www.ufsm.br\/pro-reitorias\/proplan\/wp-json\/wp\/v2\/comments?post=6543"}],"version-history":[{"count":0,"href":"https:\/\/www.ufsm.br\/pro-reitorias\/proplan\/wp-json\/wp\/v2\/pages\/6543\/revisions"}],"wp:attachment":[{"href":"https:\/\/www.ufsm.br\/pro-reitorias\/proplan\/wp-json\/wp\/v2\/media?parent=6543"}],"wp:term":[{"taxonomy":"category","embeddable":true,"href":"https:\/\/www.ufsm.br\/pro-reitorias\/proplan\/wp-json\/wp\/v2\/categories?post=6543"},{"taxonomy":"post_tag","embeddable":true,"href":"https:\/\/www.ufsm.br\/pro-reitorias\/proplan\/wp-json\/wp\/v2\/tags?post=6543"}],"curies":[{"name":"wp","href":"https:\/\/api.w.org\/{rel}","templated":true}]}}