{"id":6591,"date":"2025-05-13T14:23:11","date_gmt":"2025-05-13T17:23:11","guid":{"rendered":"https:\/\/www.ufsm.br\/pro-reitorias\/proplan\/?page_id=6591"},"modified":"2025-05-13T14:23:48","modified_gmt":"2025-05-13T17:23:48","slug":"resolucao-ufsm-no-211-2025","status":"publish","type":"page","link":"https:\/\/www.ufsm.br\/pro-reitorias\/proplan\/resolucao-ufsm-no-211-2025","title":{"rendered":"RESOLU\u00c7\u00c3O UFSM N\u00ba 211\/2025"},"content":{"rendered":"\t\t<div data-elementor-type=\"wp-page\" data-elementor-id=\"6591\" class=\"elementor elementor-6591\">\n\t\t\t\t\t\t<section class=\"elementor-section elementor-top-section elementor-element elementor-element-e6b9d28 elementor-section-boxed elementor-section-height-default elementor-section-height-default\" data-id=\"e6b9d28\" data-element_type=\"section\">\n\t\t\t\t\t\t<div class=\"elementor-container elementor-column-gap-default\">\n\t\t\t\t\t<div class=\"elementor-column elementor-col-100 elementor-top-column elementor-element elementor-element-77608d0\" data-id=\"77608d0\" data-element_type=\"column\">\n\t\t\t<div class=\"elementor-widget-wrap elementor-element-populated\">\n\t\t\t\t\t\t<div class=\"elementor-element elementor-element-858ba42 elementor-widget elementor-widget-html\" data-id=\"858ba42\" data-element_type=\"widget\" data-widget_type=\"html.default\">\n\t\t\t\t<div class=\"elementor-widget-container\">\n\t\t\t<br><div align=\"justify\"><font color=\"black\">\r\n<br>\r\n<div align=\"justify\">\r\n<font color=\"black\">\r\n<div align=\"center\">\r\n<img decoding=\"async\" src=\"https:\/\/www.ufsm.br\/pro-reitorias\/proplan\/wp-content\/uploads\/sites\/344\/2019\/09\/brasao-da-republica-do-brasil-logo.png\" alt=\"Bras\u00e3o Rep\u00fablica Federativa do Brasil\" width=\"6%\" height=\"6%\" style=\"text-align: justify\">\r\n<\/div>\r\n<h4 style=\"text-align: justify\">\r\n<font color=\"blue\">\r\n<font size=\"5\">\r\n<\/font>\r\n<\/font>\r\n<div align=\"center\">\r\n<font color=\"blue\" style=\"text-align: justify\">\r\n<font size=\"5\">MINIST\u00c9RIO DA EDUCA\u00c7\u00c3O<\/font>\r\n<\/font>\r\n<\/div>\r\n<\/h4>\r\n<p>\r\n<b>\r\n<font color=\"0000blue\">\r\n<\/font>\r\n<\/b>\r\n<\/p>\r\n<div align=\"center\">\r\n<b style=\"text-align: justify\">\r\n<font color=\"0000blue\">UNIVERSIDADE FEDERAL DE SANTA MARIA<\/font>\r\n<\/b>\r\n<\/div>\r\n<p>\r\n<\/p>\r\n\r\n\r\n\r\n\r\n\r\n\r\n\r\n\r\n\r\n\r\n\r\n\r\n\r\n\r\n<!--StartFragment-->\r\n\r\n<p align=\"center\">\r\n<b style=\"text-align: justify\">\r\n\r\n\r\n<a href=\"https:\/\/portal.ufsm.br\/documentos\/publico\/documento.html?id=15438950\" style=\"color: blue !important;text-decoration: underline !important\" data-elementor-preserved=\"true\">RESOLU\u00c7\u00c3O UFSM N\u00b0 211, DE 12 DE MAIO DE 2025<\/a>\r\n<\/b>\r\n<span style=\"text-align: justify\">\r\n<\/span>\r\n<\/p>\r\n\r\n<p>&nbsp;<\/p>\r\n\r\n<p>\r\n    <\/p>\r\n<div>\r\n      \r\n    <div style=\"color: #800000;width: 60%;margin-left: auto;margin-right: 0;text-align: justify;font-weight: normal\">\r\n      Altera dispositivos da Resolu\u00e7\u00e3o UFSM n\u00b0 025\/2016, que regulamenta o Concurso P\u00fablico para ingresso no Quadro do Magist\u00e9rio do Ensino B\u00e1sico, T\u00e9cnico e Tecnol\u00f3gico da Universidade Federal de Santa Maria (UFSM), de acordo com a legisla\u00e7\u00e3o vigente e d\u00e1 outras provid\u00eancias.\r\n    <\/div>\r\n    <\/div>\r\n<p>\r\n<\/p>\r\n\r\n<p>&nbsp;<\/p>\r\n\r\n<p>O REITOR DA\r\nUNIVERSIDADE FEDERAL DE SANTA MARIA, no uso de suas atribui\u00e7\u00f5es legais que lhe\r\nconfere o art. 30 do Estatuto da Universidade Federal de Santa Maria com as\r\nadequa\u00e7\u00f5es aprovadas pela <a href=\"https:\/\/www.ufsm.br\/pro-reitorias\/proplan\/resolucao-n-037-2010\" style=\"color: blue !important;text-decoration: underline !important\" data-elementor-preserved=\"true\">Resolu\u00e7\u00e3o UFSM n\u00b0 037, de 30 de novembro de 2010<\/a>, aprovado pela Portaria n\u00b0\r\n156, de 12 de mar\u00e7o de 2014, e publicado no Di\u00e1rio Oficial da Uni\u00e3o em 13 de\r\nmar\u00e7o de 2014, tendo em vista o disposto na <a href=\"https:\/\/www.ufsm.br\/pro-reitorias\/proplan\/resolucao-n-025-2016\" style=\"color: blue !important;text-decoration: underline !important\" data-elementor-preserved=\"true\">Resolu\u00e7\u00e3o UFSM n\u00b0 025, de 10 de junho de 2016<\/a>, bem como na senten\u00e7a judicial\r\nproferida na <a href=\"https:\/\/portal.ufsm.br\/documentos\/download.html?action=componente&amp;download=false&amp;id=5409645\" style=\"color: blue !important;text-decoration: underline !important\" data-elementor-preserved=\"true\">A\u00c7\u00c3O CIVIL P\u00daBLICA N\u00b0 5009467-94.2023.4.04.7102\/RS<\/a>, e o que\r\nconsta no Processo n\u00b0 <a href=\"https:\/\/portal.ufsm.br\/documentos\/usuario\/processo\/documento.html?idDocumento=15364479\" style=\"color: blue !important;text-decoration: underline !important\" data-elementor-preserved=\"true\">23081.029525\/2025-36<\/a>, resolve:<\/p>\r\n\r\n<p>&nbsp;<\/p>\r\n\r\n<p>Art. 1\u00b0 &nbsp;Alterar dispositivos da <a href=\"https:\/\/www.ufsm.br\/pro-reitorias\/proplan\/resolucao-n-025-2016\" style=\"color: blue !important;text-decoration: underline !important\" data-elementor-preserved=\"true\">Resolu\u00e7\u00e3o UFSM n\u00b0 025\/2016<\/a>, que regulamenta o Concurso P\u00fablico para ingresso no Quadro do\r\nMagist\u00e9rio do Ensino B\u00e1sico, T\u00e9cnico e Tecnol\u00f3gico da Universidade Federal de\r\nSanta Maria (UFSM), de acordo com a legisla\u00e7\u00e3o vigente e d\u00e1 outras\r\nprovid\u00eancias.<\/p>\r\n\r\n<p>Art. 2\u00b0 &nbsp;Os dispositivos da <a href=\"https:\/\/www.ufsm.br\/pro-reitorias\/proplan\/resolucao-n-025-2016\" style=\"color: blue !important;text-decoration: underline !important\" data-elementor-preserved=\"true\">Resolu\u00e7\u00e3o UFSM n\u00b0 025, de 10 de junho de 2016<\/a>, passam\r\na vigorar com a seguinte reda\u00e7\u00e3o:<\/p>\r\n\r\n<p>&nbsp;<\/p>\r\n\r\n<p>\u201c(...)<\/p>\r\n\r\n<p>Art. 36. &nbsp;A Prova Escrita dever\u00e1\r\nser realizada sem a identifica\u00e7\u00e3o nominal dos(as) candidatos(as) nas folhas de\r\nprova.<\/p>\r\n\r\n<p>(...)<\/p>\r\n\r\n<p>\u00a7 3\u00b0 &nbsp;Nas folhas da Prova Escrita\r\nhaver\u00e1 espa\u00e7o para que o(a) candidato(a) identifique o seu \"n\u00famero \u00fanico\r\nde inscri\u00e7\u00e3o\", constante na ficha de inscri\u00e7\u00e3o confirmada, sendo este o\r\nc\u00f3digo de identifica\u00e7\u00e3o para posterior avalia\u00e7\u00e3o pela Comiss\u00e3o Examinadora e\r\npara o lan\u00e7amento das notas no Sistema de Concurso Docente da UFSM, mantendo o\r\nsigilo durante todo o processo de avalia\u00e7\u00e3o da Prova Escrita.<\/p>\r\n\r\n<p>\u00a7 4\u00b0 &nbsp;Para fins de garantir o\r\nsigilo nominal da avalia\u00e7\u00e3o, o(a) candidato(a) dever\u00e1 portar o n\u00famero \u00fanico de\r\ninscri\u00e7\u00e3o confirmada, que dever\u00e1 ser preenchido no local apropriado na folha de\r\nresposta definitiva.<\/p>\r\n\r\n<p>\u00a7 5\u00b0 &nbsp;As Provas Escritas de todos\r\nos(as) candidatos(as) ser\u00e3o guardadas em envelope \u00fanico lacrado pelo(a)\r\nsecret\u00e1rio(a) do concurso, rubricado pelos(as) membros(as) da Comiss\u00e3o\r\nExaminadora presentes, logo ap\u00f3s o t\u00e9rmino da Prova Escrita. <\/p>\r\n\r\n<p>\u00a7 6\u00b0 &nbsp;A abertura do envelope da\r\nProva Escrita ser\u00e1 em sess\u00e3o p\u00fablica, ap\u00f3s o t\u00e9rmino do per\u00edodo de realiza\u00e7\u00e3o,\r\nconforme cronograma do concurso, sendo facultada a presen\u00e7a dos(as)\r\ncandidatos(as) nesse momento.<\/p>\r\n\r\n<p>(...)<\/p>\r\n\r\n<p>Art. 38. &nbsp;Cada examinador(a)\r\njulgar\u00e1 a Prova Escrita, independentemente, de acordo com o Anexo II, auferindo\r\nas suas notas individualmente, que obedecer\u00e3o a uma grada\u00e7\u00e3o de 0 (zero) a 10 (dez),\r\nsendo expressas em duas casas decimais. <\/p>\r\n\r\n<p>\u00a7 1\u00b0 &nbsp;As notas de cada candidato(a)\r\nreferentes \u00e0 Prova Escrita, ser\u00e3o calculadas pela m\u00e9dia aritm\u00e9tica das notas\r\nindividualmente atribu\u00eddas pelos(as) examinadores(as).<\/p>\r\n\r\n<p>\u00a7 2\u00b0 &nbsp;A Comiss\u00e3o Examinadora\r\ndever\u00e1 elaborar um espelho padr\u00e3o de corre\u00e7\u00e3o da Prova Escrita para o ponto\r\nsorteado, contendo os t\u00f3picos principais a serem abordados pelo(a) candidato(a)\r\ne a pontua\u00e7\u00e3o de cada t\u00f3pico.<\/p>\r\n\r\n<p>\u00a7 3\u00b0 &nbsp;O espelho padr\u00e3o de corre\u00e7\u00e3o\r\nda Prova Escrita dever\u00e1 ser inserido no processo eletr\u00f4nico do concurso\r\np\u00fablico, antes da abertura do envelope das Provas Escritas, para ser utilizado\r\npelos(as) examinadores(as) durante a atribui\u00e7\u00e3o das notas na planilha de avalia\u00e7\u00e3o.\r\n<\/p>\r\n\r\n<p>\u00a7 4\u00b0 &nbsp;O espelho padr\u00e3o de corre\u00e7\u00e3o\r\nda Prova Escrita dever\u00e1 ser publicado na p\u00e1gina do concurso p\u00fablico antes do\r\nin\u00edcio do prazo para recurso do resultado preliminar da Prova Escrita. <\/p>\r\n\r\n<p>(...)\u201d<\/p>\r\n\r\n<p>(NR)<\/p>\r\n\r\n<p>&nbsp;<\/p>\r\n\r\n<p>Art. 3\u00b0 &nbsp;A inobserv\u00e2ncia ao disposto nesta Resolu\u00e7\u00e3o n\u00e3o constitui\r\nescusa v\u00e1lida para o descumprimento da norma nem resulta em sua invalidade.<\/p>\r\n\r\n<p>Art. 4\u00b0 &nbsp;Esta Resolu\u00e7\u00e3o entra em vigor na data de sua publica\u00e7\u00e3o,\r\nde acordo com o que prev\u00ea o <a href=\"https:\/\/www.planalto.gov.br\/ccivil_03\/_ato2023-2026\/2024\/decreto\/d12002.htm\" style=\"color: blue !important;text-decoration: underline !important\" data-elementor-preserved=\"true\">Decreto n\u00b0 12.002, de 22 de abril de 2024<\/a>, art. 18, inciso IV.<\/p>\r\n\r\n<p>&nbsp;<\/p>\r\n\r\n<p align=\"right\">\r\n<span style=\"text-align: justify\">Luciano Schuch<\/span>\r\n<\/p>\r\n\r\n<p align=\"right\">\r\n<span style=\"text-align: justify\">Reitor<\/span>\r\n<\/p>\r\n<p align=\"right\">\r\n<span style=\"text-align: justify\">\r\n<br>\r\n<\/span>\r\n<\/p>\r\n<p>\r\n<span style=\"color: red\">Este texto n\u00e3o substitui o documento original, publicado no Portal de Documentos.<\/span> Dispon\u00edvel em <a href=\"https:\/\/portal.ufsm.br\/documentos\/publico\/documento.html?id=15438950\" style=\"color: blue !important;text-decoration: underline !important\" data-elementor-preserved=\"true\">https:\/\/portal.ufsm.br\/documentos\/publico\/documento.html?id=15438950<\/a>\r\n<\/p>\r\n\r\n<!--EndFragment-->\r\n<div>\r\n<\/div>\r\n<div>\r\n<\/div>\r\n<\/font>\r\n<\/div>\r\n<\/font><\/div>\t\t<\/div>\n\t\t\t\t<\/div>\n\t\t\t\t\t<\/div>\n\t\t<\/div>\n\t\t\t\t\t<\/div>\n\t\t<\/section>\n\t\t\t\t<\/div>\n\t\t","protected":false},"excerpt":{"rendered":"<p>MINIST\u00c9RIO DA EDUCA\u00c7\u00c3O UNIVERSIDADE FEDERAL DE SANTA MARIA RESOLU\u00c7\u00c3O UFSM N\u00b0 211, DE 12 DE MAIO DE 2025 &nbsp; Altera dispositivos da Resolu\u00e7\u00e3o UFSM n\u00b0 025\/2016, que regulamenta o Concurso P\u00fablico para ingresso no Quadro do Magist\u00e9rio do Ensino B\u00e1sico, T\u00e9cnico e Tecnol\u00f3gico da Universidade Federal de Santa Maria (UFSM), de acordo com a legisla\u00e7\u00e3o [&hellip;]<\/p>\n","protected":false},"author":8343,"featured_media":0,"parent":0,"menu_order":0,"comment_status":"closed","ping_status":"closed","template":"","meta":{"footnotes":""},"categories":[],"tags":[],"class_list":["post-6591","page","type-page","status-publish","hentry"],"acf":[],"_links":{"self":[{"href":"https:\/\/www.ufsm.br\/pro-reitorias\/proplan\/wp-json\/wp\/v2\/pages\/6591","targetHints":{"allow":["GET"]}}],"collection":[{"href":"https:\/\/www.ufsm.br\/pro-reitorias\/proplan\/wp-json\/wp\/v2\/pages"}],"about":[{"href":"https:\/\/www.ufsm.br\/pro-reitorias\/proplan\/wp-json\/wp\/v2\/types\/page"}],"author":[{"embeddable":true,"href":"https:\/\/www.ufsm.br\/pro-reitorias\/proplan\/wp-json\/wp\/v2\/users\/8343"}],"replies":[{"embeddable":true,"href":"https:\/\/www.ufsm.br\/pro-reitorias\/proplan\/wp-json\/wp\/v2\/comments?post=6591"}],"version-history":[{"count":0,"href":"https:\/\/www.ufsm.br\/pro-reitorias\/proplan\/wp-json\/wp\/v2\/pages\/6591\/revisions"}],"wp:attachment":[{"href":"https:\/\/www.ufsm.br\/pro-reitorias\/proplan\/wp-json\/wp\/v2\/media?parent=6591"}],"wp:term":[{"taxonomy":"category","embeddable":true,"href":"https:\/\/www.ufsm.br\/pro-reitorias\/proplan\/wp-json\/wp\/v2\/categories?post=6591"},{"taxonomy":"post_tag","embeddable":true,"href":"https:\/\/www.ufsm.br\/pro-reitorias\/proplan\/wp-json\/wp\/v2\/tags?post=6591"}],"curies":[{"name":"wp","href":"https:\/\/api.w.org\/{rel}","templated":true}]}}