{"id":6637,"date":"2025-06-03T15:05:46","date_gmt":"2025-06-03T18:05:46","guid":{"rendered":"https:\/\/www.ufsm.br\/pro-reitorias\/proplan\/?page_id=6637"},"modified":"2025-06-03T15:07:01","modified_gmt":"2025-06-03T18:07:01","slug":"instrucao-normativa-ufsm-n-010-2025","status":"publish","type":"page","link":"https:\/\/www.ufsm.br\/pro-reitorias\/proplan\/instrucao-normativa-ufsm-n-010-2025","title":{"rendered":"INSTRU\u00c7\u00c3O NORMATIVA UFSM N\u00b0 010\/2025"},"content":{"rendered":"\t\t<div data-elementor-type=\"wp-page\" data-elementor-id=\"6637\" class=\"elementor elementor-6637\">\n\t\t\t\t\t\t<section class=\"elementor-section elementor-top-section elementor-element elementor-element-31d2c16 elementor-section-boxed elementor-section-height-default elementor-section-height-default\" data-id=\"31d2c16\" data-element_type=\"section\">\n\t\t\t\t\t\t<div class=\"elementor-container elementor-column-gap-default\">\n\t\t\t\t\t<div class=\"elementor-column elementor-col-100 elementor-top-column elementor-element elementor-element-20500ef\" data-id=\"20500ef\" data-element_type=\"column\">\n\t\t\t<div class=\"elementor-widget-wrap elementor-element-populated\">\n\t\t\t\t\t\t<div class=\"elementor-element elementor-element-61cb7ef elementor-widget elementor-widget-html\" data-id=\"61cb7ef\" data-element_type=\"widget\" data-widget_type=\"html.default\">\n\t\t\t\t<div class=\"elementor-widget-container\">\n\t\t\t<br><div align=\"justify\"><font color=\"black\">\r\n<div align=\"center\">\r\n<img decoding=\"async\" src=\"https:\/\/www.ufsm.br\/pro-reitorias\/proplan\/wp-content\/uploads\/sites\/344\/2019\/09\/brasao-da-republica-do-brasil-logo.png\" alt=\"Bras\u00e3o Rep\u00fablica Federativa do Brasil\" width=\"6%\" height=\"6%\">\r\n<\/div>\r\n<h4>\r\n<font color=\"blue\">\r\n<font size=\"5\">\r\n<\/font>\r\n<\/font>\r\n<div align=\"center\">\r\n<font color=\"blue\">\r\n<font size=\"5\">MINIST\u00c9RIO DA EDUCA\u00c7\u00c3O<\/font>\r\n<\/font>\r\n<\/div>\r\n<\/h4>\r\n<p>\r\n<b>\r\n<font color=\"0000blue\">\r\n<\/font>\r\n<\/b>\r\n<\/p>\r\n<div align=\"center\">\r\n<b>\r\n<font color=\"0000blue\">UNIVERSIDADE FEDERAL DE SANTA MARIA<\/font>\r\n<\/b>\r\n<\/div>\r\n<p>\r\n<\/p>\r\n\r\n\r\n\r\n\r\n\r\n\r\n\r\n\r\n\r\n\r\n\r\n\r\n\r\n\r\n<!--StartFragment-->\r\n\r\n<p style=\"text-align: center\">\r\n<a href=\"https:\/\/portal.ufsm.br\/documentos\/publico\/documento.html?idDocumento=15457866\" style=\"color: blue !important;text-decoration: underline !important\" data-elementor-preserved=\"true\">\r\n<b>INSTRU\u00c7\u00c3O NORMATIVA UFSM N\u00b0 010, DE 02 DE JUNHO DE 2025<\/b>\r\n<\/a>\r\n<\/p>\r\n\r\n<p>&nbsp;<\/p>\r\n\r\n<p>\r\n<a name=\"_heading=h.tyjcwt\">\r\n<\/a>\r\n    <div style=\"color: #800000;width: 60%;margin-left: auto;margin-right: 0;text-align: justify;font-weight: normal\">\r\n      Estabelece os procedimentos para o cadastro e o acesso dos(as) dependentes aos Restaurantes Universit\u00e1rios (RUs) da Universidade Federal de Santa Maria (UFSM).\r\n    <\/div>\r\n<\/p>\r\n\r\n<p>\r\n<a name=\"_heading=h.gjdgxs\">\r\n<\/a>&nbsp;<\/p>\r\n\r\n<p>\r\n<a name=\"_heading=h.789674sl16g0\">\r\n<\/a>O REITOR DA\r\nUNIVERSIDADE FEDERAL DE SANTA MARIA, no uso de suas atribui\u00e7\u00f5es legais que lhe\r\nconfere o art. 30 do Estatuto da Universidade Federal de Santa Maria com as\r\nadequa\u00e7\u00f5es aprovadas pela<a href=\"https:\/\/www.ufsm.br\/pro-reitorias\/proplan\/resolucao-n-037-2010\" style=\"color: blue !important;text-decoration: underline !important\" data-elementor-preserved=\"true\"> Resolu\u00e7\u00e3o UFSM n\u00b0 037, de 30 de novembro de 2010<\/a>,\r\naprovado pela Portaria n\u00b0 156, de 12 de mar\u00e7o de 2014, e publicado no Di\u00e1rio\r\nOficial da Uni\u00e3o em 13 de mar\u00e7o de 2014, tendo em vista o disposto na <a href=\"https:\/\/www.planalto.gov.br\/ccivil_03\/leis\/l8069.htm\" style=\"color: blue !important;text-decoration: underline !important\" data-elementor-preserved=\"true\">Lei n\u00b0 8.069, de 13 de julho de 1990<\/a>, na <a href=\"https:\/\/www.planalto.gov.br\/ccivil_03\/_ato2023-2026\/2024\/lei\/L14914.htm\" style=\"color: blue !important;text-decoration: underline !important\" data-elementor-preserved=\"true\">Lei n\u00b0 14.914, de 3 de julho de 2024<\/a>, no\r\n<a href=\"https:\/\/www.planalto.gov.br\/ccivil_03\/_ato2007-2010\/2010\/decreto\/d7234.htm\" style=\"color: blue !important;text-decoration: underline !important\" data-elementor-preserved=\"true\">Decreto n\u00b0 7.234, de 19 de julho de 2010<\/a>, na <a href=\"https:\/\/www.ufsm.br\/pro-reitorias\/proplan\/resolucao-n-029-2016\" style=\"color: blue !important;text-decoration: underline !important\" data-elementor-preserved=\"true\">Resolu\u00e7\u00e3o UFSM n\u00b0 029, de 08 de agosto de 2016<\/a>, <a href=\"https:\/\/www.ufsm.br\/pro-reitorias\/proplan\/resolucao-n-017-2018\" style=\"color: blue !important;text-decoration: underline !important\" data-elementor-preserved=\"true\">Resolu\u00e7\u00e3o UFSM n\u00b0 017, de 16 de julho de 2018<\/a>, e o que consta\r\nno Processo n\u00b0 <a href=\"https:\/\/portal.ufsm.br\/documentos\/publico\/processo\/documento.html?idDocumento=15418980\" style=\"color: blue !important;text-decoration: underline !important\" data-elementor-preserved=\"true\">23081.053832\/2025-38<\/a>, resolve: <\/p>\r\n\r\n<p>\r\n<a name=\"_heading=h.1fob9te\">\r\n<\/a>&nbsp;<\/p>\r\n\r\n<p>Art. 1\u00b0 &nbsp;Estabelece\r\nos procedimentos para o cadastro e o acesso dos(as) dependentes aos\r\nRestaurantes Universit\u00e1rios (RUs) da Universidade Federal de Santa Maria (UFSM).<\/p>\r\n\r\n<p>\u00a7 1\u00b0 &nbsp;Conforme&nbsp;<a href=\"https:\/\/www.ufsm.br\/pro-reitorias\/proplan\/resolucao-n-029-2016\" style=\"color: blue !important;text-decoration: underline !important\" data-elementor-preserved=\"true\">Resolu\u00e7\u00e3o UFSM n\u00b0 029, de 08 de agosto de 2016<\/a>,\r\nart. 1\u00b0, \u00a7 1\u00b0,&nbsp;considera-se dependentes os(as) filhos(as) dos(as)\r\nmoradores(as) das Casas de Estudantes (CEUs), que residem nas CEUs, juntamente\r\ncom a m\u00e3e ou o pai, at\u00e9 12 (doze) anos de idade.<\/p>\r\n\r\n<p>\u00a7 2\u00b0 &nbsp;Para fins desta Instru\u00e7\u00e3o\r\nNormativa, entende-se por respons\u00e1vel legal o pai, a m\u00e3e, o tutor, ou a pessoa\r\nque, por decis\u00e3o judicial, det\u00e9m a responsabilidade formal e legal de cuidar e\r\nzelar pelo bem-estar de uma crian\u00e7a ou adolescente, no que se inclui, sem\r\nlimitar, a gest\u00e3o das quest\u00f5es educacionais, de sa\u00fade e de bem-estar do(a)\r\ndependente.<\/p>\r\n\r\n<p>Art. 2\u00b0 &nbsp;O processo\r\nde cadastramento e a manuten\u00e7\u00e3o do cadastro dos(as) dependentes, moradores(as)\r\ndas CEUs, ser\u00e3o de responsabilidade da Pr\u00f3-Reitoria de Assuntos Estudantis\r\n(PRAE) no <i>campus<\/i> Sede e das unidades\r\nrespons\u00e1veis pelos assuntos da assist\u00eancia estudantil da UFSM nos <i>campi<\/i> fora de sede.<\/p>\r\n\r\n<p>\u00a7 1\u00b0 &nbsp;O processo de\r\ncadastramento compreende 3 (tr\u00eas) etapas, quais sejam:<\/p>\r\n\r\n<p>I - a entrega da documenta\u00e7\u00e3o para o cadastro do(a)\r\ndependente, conforme disposto no art. 4\u00b0 desta Instru\u00e7\u00e3o Normativa;<\/p>\r\n\r\n<p>II - a inclus\u00e3o pela PRAE, ou pelas unidades respons\u00e1veis\r\npelos assuntos de assist\u00eancia estudantil da UFSM, dos dados dos(as)\r\ndependentes, com a respectiva vincula\u00e7\u00e3o ao(\u00e0) respons\u00e1vel legal, nos sistemas\r\ninternos da Institui\u00e7\u00e3o; e<\/p>\r\n\r\n<p>III - a inclus\u00e3o de foto do(a) dependente, no Portal RU ou\r\nno aplicativo UFSM Digital, pelo seu(ua) respectivo(a) respons\u00e1vel legal.<\/p>\r\n\r\n<p>\u00a7 2\u00b0 &nbsp;O cadastramento poder\u00e1 ser\r\nrealizado por faixa et\u00e1ria, visando ajustar os valores pagos pela UFSM pelas\r\nrefei\u00e7\u00f5es \u00e0s empresas prestadoras de servi\u00e7os de alimenta\u00e7\u00e3o, conforme os\r\ncontratos vigentes em cada RU.<\/p>\r\n\r\n<p>\u00a7 3\u00b0 &nbsp;A PRAE e as unidades\r\nrespons\u00e1veis pela assist\u00eancia estudantil da UFSM poder\u00e3o solicitar, a qualquer\r\nmomento, a atualiza\u00e7\u00e3o do cadastro do(a) dependente.<\/p>\r\n\r\n<p>\u00a7 4\u00b0 &nbsp;A foto do(a) dependente,\r\nmencionada no inciso III do \u00a7 1\u00b0, desta\r\nInstru\u00e7\u00e3o Normativa, dever\u00e1 ser atualizada\r\nanualmente pelo(a) respons\u00e1vel legal, antes do in\u00edcio do 1\u00b0 (primeiro) semestre letivo, conforme o calend\u00e1rio\r\nacad\u00eamico da UFSM.<\/p>\r\n\r\n<p>Art. 3\u00b0 &nbsp;O(A) dependente somente\r\npoder\u00e1 acessar os RUs da UFSM ap\u00f3s a conclus\u00e3o do processo de cadastramento,\r\nconforme estabelecido no art. 2\u00b0, \u00a7 1\u00b0, desta\r\nInstru\u00e7\u00e3o Normativa.<\/p>\r\n\r\n<p>Art. 4\u00b0 &nbsp;Para solicitar o\r\ncadastro do(a) dependente, o(a) respons\u00e1vel legal dever\u00e1 encaminhar \u00e0 PRAE, ou\r\n\u00e0 unidade respons\u00e1vel pela assist\u00eancia estudantil da UFSM, no m\u00ednimo, 1 (um)\r\ndos seguintes documentos:<\/p>\r\n\r\n<p>I - Certid\u00e3o de Nascimento que contenha o n\u00famero do Cadastro de Pessoa\r\nF\u00edsica (CPF);<\/p>\r\n\r\n<p>\r\n<a name=\"_heading=h.60suxm5d9iyo\">\r\n<\/a>II - Documento de\r\nIdentidade (RG) que contenha o n\u00famero do CPF ou a Carteira de Identidade\r\nNacional (CIN); ou<\/p>\r\n\r\n<p>III - Termo de Compromisso de Guarda, emitido por decis\u00e3o judicial,\r\ncaso a guarda tenha sido determinada judicialmente (se couber).<\/p>\r\n\r\n<p>\r\n<a name=\"_heading=h.30j0zll\">\r\n<\/a>\u00a7 1\u00b0 &nbsp;A\r\ndocumenta\u00e7\u00e3o necess\u00e1ria para o cadastro do(a) dependente, bem como demais\r\norienta\u00e7\u00f5es, estar\u00e3o dispon\u00edveis nos canais de comunica\u00e7\u00e3o institucional da\r\nPRAE e das unidades respons\u00e1veis pelos assuntos da assist\u00eancia estudantil da\r\nUFSM.<\/p>\r\n\r\n<p>\u00a7 2\u00b0 &nbsp;A PRAE ou as unidades respons\u00e1veis pela assist\u00eancia estudantil da UFSM poder\u00e3o,\r\na seu crit\u00e9rio, solicitar documentos adicionais que julguem necess\u00e1rios para a\r\ncomprova\u00e7\u00e3o da condi\u00e7\u00e3o de dependente, a fim de garantir a regularidade do\r\ncadastro, conforme as disposi\u00e7\u00f5es desta Instru\u00e7\u00e3o Normativa.<\/p>\r\n\r\n<p>Art. 5\u00b0 &nbsp;O agendamento das\r\nrefei\u00e7\u00f5es (caf\u00e9 da manh\u00e3, almo\u00e7o e jantar) para acesso aos RUs da UFSM\r\npelos(as) dependentes \u00e9 facultativo, por\u00e9m o acesso do(a) dependente somente\r\nser\u00e1 garantido se o(a) respons\u00e1vel legal\r\nrealizar o agendamento de sua pr\u00f3pria refei\u00e7\u00e3o, o qual \u00e9 obrigat\u00f3rio.<\/p>\r\n\r\n<p>\r\n<a name=\"_heading=h.9uztipl9t81i\">\r\n<\/a>\u00a7 1\u00b0 &nbsp;Os agendamentos e cancelamentos das refei\u00e7\u00f5es\r\ndos(as) dependentes poder\u00e3o ser efetuados de forma <i>online<\/i>, no Portal RU ou no aplicativo UFSM Digital, estando o(a) respons\u00e1vel legal encarregado(a) de realiz\u00e1-los, caso n\u00e3o haja condi\u00e7\u00f5es para que o(a) dependente os fa\u00e7a.<\/p>\r\n\r\n<p>\u00a7 2\u00b0 &nbsp;Os hor\u00e1rios para o\r\nagendamento e cancelamento das refei\u00e7\u00f5es estar\u00e3o dispon\u00edveis nos canais de\r\ncomunica\u00e7\u00e3o institucional dos RUs da UFSM.<\/p>\r\n\r\n<p>Art. 6\u00b0 &nbsp;O acesso aos RUs da\r\nUFSM pelo(a) dependente ser\u00e1 realizado mediante a apresenta\u00e7\u00e3o da carteira de\r\nidentifica\u00e7\u00e3o do RU, seja na vers\u00e3o f\u00edsica ou digital, a qual \u00e9 de uso pessoal\r\ne intransfer\u00edvel, sendo proibido o seu empr\u00e9stimo ou utiliza\u00e7\u00e3o por terceiros(as).<\/p>\r\n\r\n<p>\u00a7 1\u00b0 &nbsp;A carteira de\r\nidentifica\u00e7\u00e3o, na vers\u00e3o digital, dever\u00e1 garantir a efetiva leitura do c\u00f3digo\r\nde barras ou de qualquer outro mecanismo que venha a substitu\u00ed-lo. <\/p>\r\n\r\n<p>\r\n<a name=\"_heading=h.6ms5f6209395\">\r\n<\/a>\u00a7 2\u00b0 &nbsp;A utiliza\u00e7\u00e3o de carteira f\u00edsica, cuja\r\nimpress\u00e3o dever\u00e1 ser providenciada pelo(a) respons\u00e1vel legal no Portal RU, \u00e9\r\npermitida, devendo, igualmente, garantir a efetiva leitura do c\u00f3digo de barras\r\nou de qualquer outro mecanismo que venha a substitu\u00ed-lo. <\/p>\r\n\r\n<p>Art. 7\u00b0 &nbsp;Os(As) dependentes\r\nsomente poder\u00e3o acessar as depend\u00eancias dos RUs acompanhados(as) do(a)\r\nrespons\u00e1vel legal, e seu acesso est\u00e1 condicionado \u00e0 regularidade do v\u00ednculo\r\nativo do(a) respons\u00e1vel legal com a UFSM.<\/p>\r\n\r\n<p>\u00a7 1\u00b0 &nbsp;Durante o per\u00edodo das\r\nrefei\u00e7\u00f5es nos RUs, o(a) respons\u00e1vel legal dever\u00e1 zelar pela seguran\u00e7a do(a)\r\ndependente nas depend\u00eancias dos RUs.<\/p>\r\n\r\n<p>\u00a7 2\u00b0 &nbsp;Os(As) dependentes poder\u00e3o\r\nacessar a qualquer um dos RUs da UFSM uma \u00fanica vez em cada refei\u00e7\u00e3o realizada,\r\ndesde que atendam aos crit\u00e9rios estabelecidos nesta Instru\u00e7\u00e3o Normativa e na <a href=\"https:\/\/www.ufsm.br\/pro-reitorias\/proplan\/resolucao-n-029-2016\" style=\"color: blue !important;text-decoration: underline !important\" data-elementor-preserved=\"true\">Resolu\u00e7\u00e3o UFSM n\u00b0 029, de 08 de agosto de 2016<\/a>, ou\r\noutra que venha a substitu\u00ed-la.<\/p>\r\n\r\n<p>\r\n<a name=\"_heading=h.mn598ko8t6bw\">\r\n<\/a>Art. 8\u00b0 &nbsp;O(A) respons\u00e1vel legal, acompanhado(a) de seu(ua\/s)\r\ndependente(s), ter\u00e1 prioridade no acesso aos refeit\u00f3rios dos RUs, al\u00e9m das\r\ndemais prioridades previstas em lei, desde que respeitado o agendamento\r\nobrigat\u00f3rio, conforme estabelecido no art. 5\u00b0 desta Instru\u00e7\u00e3o Normativa.<\/p>\r\n\r\n<p>Art. 9\u00b0 &nbsp;Os sistemas da PRAE e\r\ndo RU dever\u00e3o permitir a vincula\u00e7\u00e3o do(a) respons\u00e1vel legal ao seu dependente,\r\npara fins de identifica\u00e7\u00e3o e controle. <\/p>\r\n\r\n<p>Art. 10. &nbsp;O cadastro dos(as) dependentes poder\u00e1 ser\r\nutilizado em outras a\u00e7\u00f5es da assist\u00eancia estudantil da UFSM, em conformidade\r\ncom a Pol\u00edtica Nacional de Assist\u00eancia Estudantil (PNAES).<\/p>\r\n\r\n<p>Art. 11.&nbsp; Os casos omissos desta Instru\u00e7\u00e3o Normativa\r\nser\u00e3o tratados mediante decis\u00e3o conjunta entre os Restaurantes Universit\u00e1rios\r\n(RUs) e a Pr\u00f3-Reitoria de Assuntos Estudantis (PRAE) da UFSM.<\/p>\r\n\r\n<p>Art. 12.&nbsp; Esta Instru\u00e7\u00e3o\r\nNormativa entra em vigor na data de sua publica\u00e7\u00e3o, de acordo com o que prev\u00ea o <a href=\"https:\/\/www.planalto.gov.br\/ccivil_03\/_ato2023-2026\/2024\/decreto\/d12002.htm\" style=\"color: blue !important;text-decoration: underline !important\" data-elementor-preserved=\"true\">Decreto n\u00b0 12.002, de 22 de abril de 2024<\/a>, art.\r\n18, inciso IV.&nbsp;<\/p>\r\n\r\n\r\n\r\n\r\n\r\n\r\n\r\n\r\n\r\n\r\n\r\n\r\n<!--StartFragment-->\r\n<!--EndFragment-->\r\n\r\n<p align=\"right\">\r\n<span style=\"text-align: justify\">&nbsp;<\/span>\r\n<\/p>\r\n\r\n<p align=\"right\">\r\n<span style=\"text-align: justify\">Luciano Schuch<\/span>\r\n<\/p>\r\n\r\n<p align=\"right\">\r\n<span style=\"text-align: justify\">Reitor<\/span>\r\n<\/p>\r\n<p align=\"right\">\r\n<span style=\"text-align: justify\">\r\n<br>\r\n<\/span>\r\n<\/p>\r\n<p>\r\n<span style=\"color: red\">Este texto n\u00e3o substitui o documento original, publicado no Portal de Documentos.<\/span> Dispon\u00edvel em <a href=\"https:\/\/portal.ufsm.br\/documentos\/publico\/documento.html?id=15457866\" style=\"color: blue !important;text-decoration: underline !important\" data-elementor-preserved=\"true\">https:\/\/portal.ufsm.br\/documentos\/publico\/documento.html?id=15457866<\/a>\r\n<\/p>\r\n\r\n<!--EndFragment-->\r\n<div class=\"normal-text\" style=\"text-align: center\">\r\n<\/div>\r\n<div class=\"normal-text\" style=\"text-align: center\">\r\n<\/div>\r\n<\/font><\/div>\t\t<\/div>\n\t\t\t\t<\/div>\n\t\t\t\t\t<\/div>\n\t\t<\/div>\n\t\t\t\t\t<\/div>\n\t\t<\/section>\n\t\t\t\t<\/div>\n\t\t","protected":false},"excerpt":{"rendered":"<p>MINIST\u00c9RIO DA EDUCA\u00c7\u00c3O UNIVERSIDADE FEDERAL DE SANTA MARIA INSTRU\u00c7\u00c3O NORMATIVA UFSM N\u00b0 010, DE 02 DE JUNHO DE 2025 &nbsp; Estabelece os procedimentos para o cadastro e o acesso dos(as) dependentes aos Restaurantes Universit\u00e1rios (RUs) da Universidade Federal de Santa Maria (UFSM). &nbsp; O REITOR DA UNIVERSIDADE FEDERAL DE SANTA MARIA, no uso de suas [&hellip;]<\/p>\n","protected":false},"author":8343,"featured_media":0,"parent":0,"menu_order":0,"comment_status":"closed","ping_status":"closed","template":"","meta":{"footnotes":""},"categories":[],"tags":[],"class_list":["post-6637","page","type-page","status-publish","hentry"],"acf":[],"_links":{"self":[{"href":"https:\/\/www.ufsm.br\/pro-reitorias\/proplan\/wp-json\/wp\/v2\/pages\/6637","targetHints":{"allow":["GET"]}}],"collection":[{"href":"https:\/\/www.ufsm.br\/pro-reitorias\/proplan\/wp-json\/wp\/v2\/pages"}],"about":[{"href":"https:\/\/www.ufsm.br\/pro-reitorias\/proplan\/wp-json\/wp\/v2\/types\/page"}],"author":[{"embeddable":true,"href":"https:\/\/www.ufsm.br\/pro-reitorias\/proplan\/wp-json\/wp\/v2\/users\/8343"}],"replies":[{"embeddable":true,"href":"https:\/\/www.ufsm.br\/pro-reitorias\/proplan\/wp-json\/wp\/v2\/comments?post=6637"}],"version-history":[{"count":0,"href":"https:\/\/www.ufsm.br\/pro-reitorias\/proplan\/wp-json\/wp\/v2\/pages\/6637\/revisions"}],"wp:attachment":[{"href":"https:\/\/www.ufsm.br\/pro-reitorias\/proplan\/wp-json\/wp\/v2\/media?parent=6637"}],"wp:term":[{"taxonomy":"category","embeddable":true,"href":"https:\/\/www.ufsm.br\/pro-reitorias\/proplan\/wp-json\/wp\/v2\/categories?post=6637"},{"taxonomy":"post_tag","embeddable":true,"href":"https:\/\/www.ufsm.br\/pro-reitorias\/proplan\/wp-json\/wp\/v2\/tags?post=6637"}],"curies":[{"name":"wp","href":"https:\/\/api.w.org\/{rel}","templated":true}]}}