{"id":6643,"date":"2025-06-04T14:22:45","date_gmt":"2025-06-04T17:22:45","guid":{"rendered":"https:\/\/www.ufsm.br\/pro-reitorias\/proplan\/?page_id=6643"},"modified":"2025-06-04T14:24:38","modified_gmt":"2025-06-04T17:24:38","slug":"portaria-normativa-ufsm-pm-ufsm-n-002-2025","status":"publish","type":"page","link":"https:\/\/www.ufsm.br\/pro-reitorias\/proplan\/portaria-normativa-ufsm-pm-ufsm-n-002-2025","title":{"rendered":"PORTARIA NORMATIVA UFSM-PM\/UFSM N\u00b0 002\/2025"},"content":{"rendered":"\t\t<div data-elementor-type=\"wp-page\" data-elementor-id=\"6643\" class=\"elementor elementor-6643\">\n\t\t\t\t\t\t<section class=\"elementor-section elementor-top-section elementor-element elementor-element-200d80d2 elementor-section-boxed elementor-section-height-default elementor-section-height-default\" data-id=\"200d80d2\" data-element_type=\"section\">\n\t\t\t\t\t\t<div class=\"elementor-container elementor-column-gap-default\">\n\t\t\t\t\t<div class=\"elementor-column elementor-col-100 elementor-top-column elementor-element elementor-element-5baa7138\" data-id=\"5baa7138\" data-element_type=\"column\">\n\t\t\t<div class=\"elementor-widget-wrap elementor-element-populated\">\n\t\t\t\t\t\t<div class=\"elementor-element elementor-element-3f1ef84b elementor-widget elementor-widget-text-editor\" data-id=\"3f1ef84b\" data-element_type=\"widget\" data-widget_type=\"text-editor.default\">\n\t\t\t\t<div class=\"elementor-widget-container\">\n\t\t\t\t\t\t\t<!-- wp:tadv\/classic-paragraph \/-->\t\t\t\t\t\t<\/div>\n\t\t\t\t<\/div>\n\t\t\t\t\t<\/div>\n\t\t<\/div>\n\t\t\t\t\t<\/div>\n\t\t<\/section>\n\t\t\t\t<section class=\"elementor-section elementor-top-section elementor-element elementor-element-758ab54 elementor-section-boxed elementor-section-height-default elementor-section-height-default\" data-id=\"758ab54\" data-element_type=\"section\">\n\t\t\t\t\t\t<div class=\"elementor-container elementor-column-gap-default\">\n\t\t\t\t\t<div class=\"elementor-column elementor-col-100 elementor-top-column elementor-element elementor-element-5486fbb\" data-id=\"5486fbb\" data-element_type=\"column\">\n\t\t\t<div class=\"elementor-widget-wrap elementor-element-populated\">\n\t\t\t\t\t\t<div class=\"elementor-element elementor-element-f820445 elementor-widget elementor-widget-html\" data-id=\"f820445\" data-element_type=\"widget\" data-widget_type=\"html.default\">\n\t\t\t\t<div class=\"elementor-widget-container\">\n\t\t\t<br><div align=\"justify\"><font color=\"black\">\r\n<div align=\"center\">\r\n<img decoding=\"async\" src=\"https:\/\/www.ufsm.br\/pro-reitorias\/proplan\/wp-content\/uploads\/sites\/344\/2019\/09\/brasao-da-republica-do-brasil-logo.png\" alt=\"Bras\u00e3o Rep\u00fablica Federativa do Brasil\" width=\"6%\" height=\"6%\">\r\n<\/div>\r\n<h4>\r\n<font color=\"blue\">\r\n<font size=\"5\">\r\n<\/font>\r\n<\/font>\r\n<div align=\"center\">\r\n<font color=\"blue\">\r\n<font size=\"5\">MINIST\u00c9RIO DA EDUCA\u00c7\u00c3O<\/font>\r\n<\/font>\r\n<\/div>\r\n<\/h4>\r\n<p>\r\n<b>\r\n<font color=\"0000blue\">\r\n<\/font>\r\n<\/b>\r\n<\/p>\r\n<div align=\"center\">\r\n<b>\r\n<font color=\"0000blue\">UNIVERSIDADE FEDERAL DE SANTA MARIA<\/font>\r\n<\/b>\r\n<\/div>\r\n<p>\r\n<\/p>\r\n\r\n\r\n\r\n\r\n\r\n\r\n\r\n\r\n\r\n\r\n\r\n\r\n\r\n\r\n<!--StartFragment-->\r\n\r\n<p style=\"text-align: center\">\r\n<a href=\"https:\/\/portal.ufsm.br\/documentos\/download.html?action=componente&amp;download=false&amp;id=5762260\" style=\"color: blue !important;text-decoration: underline !important\" data-elementor-preserved=\"true\">\r\n<b>PORTARIA NORMATIVA UFSM-PM\/UFSM N\u00b0 002, DE 04 DE JUNHO DE 2025<\/b>\r\n<\/a>\r\n<\/p>\r\n\r\n<p>&nbsp;<\/p>\r\n\r\n<p>\r\n    <div style=\"width: 60%;margin-left: auto;margin-right: 0px;text-align: justify;font-weight: normal\">\r\n<font color=\"#000000\">\r\n      Aprova a cria\u00e7\u00e3o do Curso de P\u00f3s-Gradua\u00e7\u00e3o em Gest\u00e3o e Gerenciamento das Redes de Aten\u00e7\u00e3o \u00e0 Sa\u00fade (PGGRAS), em n\u00edvel de especializa\u00e7\u00e3o, na modalidade eventual, \u00e0 dist\u00e2ncia, vinculado \u00e0 Universidade Aberta do Brasil (UAB) e ao Campus da Universidade Federal de Santa Maria em Palmeira das Miss\u00f5es (UFSM-PM), no \u00e2mbito da Universidade Federal de Santa Maria (UFSM).\r\n    <\/font>\r\n<\/div>\r\n<font color=\"#000000\">\r\n<\/font>\r\n<\/p>\r\n\r\n<p>\r\n<font color=\"#000000\">&nbsp;<\/font>\r\n<\/p>\r\n\r\n<p>O DIRETOR DO <i>CAMPUS<\/i> DA UNIVERSIDADE FEDERAL DE\r\nSANTA MARIA EM PALMEIRA DAS MISS\u00d5ES, no uso de suas atribui\u00e7\u00f5es legais que lhe\r\nconfere o Regimento Geral da UFSM, disposto na <a href=\"https:\/\/www.ufsm.br\/pro-reitorias\/proplan\/resolucao-n-006-2011\" style=\"color: blue !important;text-decoration: underline !important\" data-elementor-preserved=\"true\">Resolu\u00e7\u00e3o UFSM n\u00b0 006, de 28 de abril de 2011<\/a>, atualizado pela <a href=\"https:\/\/www.ufsm.br\/pro-reitorias\/proplan\/resolucao-n-016-2019\" style=\"color: blue !important;text-decoration: underline !important\" data-elementor-preserved=\"true\">Resolu\u00e7\u00e3o UFSM n\u00b0 016, de 02 de julho de 2019<\/a>,\r\ntendo em vista a <a href=\"https:\/\/www.ufsm.br\/pro-reitorias\/proplan\/resolucao-ufsm-n-172-2024\" style=\"color: blue !important;text-decoration: underline !important\" data-elementor-preserved=\"true\">Resolu\u00e7\u00e3o UFSM n\u00b0 172, de 19 de agosto de 2024<\/a>, a <a href=\"https:\/\/www.ufsm.br\/pro-reitorias\/proplan\/instrucao-normativa-prpgp-ufsm-n-014-2025\" style=\"color: blue !important;text-decoration: underline !important\" data-elementor-preserved=\"true\">Instru\u00e7\u00e3o Normativa PRPGP\/UFSM n\u00b0 014, de 28 de maio de 2025<\/a>, e o que consta no Processo\r\nn\u00b0 <a href=\"https:\/\/portal.ufsm.br\/documentos\/usuario\/processo\/documento.html?idDocumento=15221561\" style=\"color: blue !important;text-decoration: underline !important\" data-elementor-preserved=\"true\">23081.125245\/2024-77<\/a>, resolve: <\/p>\r\n\r\n<p>&nbsp;<\/p>\r\n\r\n<p>Art. 1\u00b0 &nbsp;Aprovar a\r\ncria\u00e7\u00e3o do Curso de P\u00f3s-Gradua\u00e7\u00e3o em Gest\u00e3o e Gerenciamento das Redes de\r\nAten\u00e7\u00e3o \u00e0 Sa\u00fade (PGGRAS), em n\u00edvel de especializa\u00e7\u00e3o, na modalidade eventual, \u00e0\r\ndist\u00e2ncia, vinculado \u00e0 Universidade Aberta do Brasil (UAB) e ao Campus da\r\nUniversidade Federal de Santa Maria em Palmeira das Miss\u00f5es (UFSM-PM), no\r\n\u00e2mbito da Universidade Federal de Santa Maria (UFSM).<\/p>\r\n\r\n<p>Par\u00e1grafo \u00fanico. &nbsp;Por se tratar de curso eventual, prescinde de\r\nregulamento interno pr\u00f3prio e ser\u00e1 regido pelas normas estabelecidas no\r\nRegulamento Geral da P\u00f3s-Gradua\u00e7\u00e3o <i>Lato Sensu<\/i> da UFSM e demais\r\ndefini\u00e7\u00f5es estabelecidas no edital de sele\u00e7\u00e3o para ingresso no curso, de acordo\r\ncom o <a href=\"https:\/\/www.ufsm.br\/pro-reitorias\/proplan\/anexo-i-da-resolucao-172-2024\" style=\"color: blue !important;text-decoration: underline !important\" data-elementor-preserved=\"true\">Anexo I da Resolu\u00e7\u00e3o UFSM n\u00b0 172, de 19 de agosto de 2024<\/a>, art. 12,\r\ninciso III. <\/p>\r\n\r\n<p>Art. 2\u00b0 &nbsp;A inobserv\u00e2ncia ao disposto nesta Portaria\r\nNormativa n\u00e3o constitui escusa v\u00e1lida para o descumprimento da norma nem\r\nresulta em sua invalidade. <\/p>\r\n\r\n<p>Art. 3\u00b0 &nbsp;Esta Portaria Normativa entra em vigor na data\r\nde sua publica\u00e7\u00e3o, de acordo com o que prev\u00ea o <a href=\"https:\/\/www.planalto.gov.br\/ccivil_03\/_ato2023-2026\/2024\/decreto\/D12002.htm\" style=\"color: blue !important;text-decoration: underline !important\" data-elementor-preserved=\"true\">Decreto n\u00b0 12.002, de 22 de abril de 2024<\/a>, art. 18, inciso IV. <\/p>\r\n\r\n<p>&nbsp;<\/p>\r\n\r\n<p align=\"right\">\r\n<span style=\"text-align: justify\">Adriano Lago<\/span>\r\n<\/p>\r\n\r\n<p align=\"right\">\r\n<span style=\"text-align: justify\">Diretor<\/span>\r\n<\/p>\r\n<p align=\"right\">\r\n<span style=\"text-align: justify\">\r\n<br>\r\n<\/span>\r\n<\/p>\r\n<p>\r\n<span style=\"color: red\">Este texto n\u00e3o substitui o documento original, publicado no Portal de Documentos.<\/span> Dispon\u00edvel em <a href=\"https:\/\/portal.ufsm.br\/documentos\/download.html?action=componente&amp;download=false&amp;id=5762260\" style=\"color: blue !important;text-decoration: underline !important\" data-elementor-preserved=\"true\">https:\/\/portal.ufsm.br\/documentos\/download.html?action=componente&amp;download=false&amp;id=5762260<\/a>\r\n<\/p>\r\n\r\n<!--EndFragment-->\r\n<div class=\"normal-text\" style=\"text-align: center\">\r\n<\/div>\r\n<div class=\"normal-text\" style=\"text-align: center\">\r\n<\/div>\r\n<\/font><\/div>\t\t<\/div>\n\t\t\t\t<\/div>\n\t\t\t\t\t<\/div>\n\t\t<\/div>\n\t\t\t\t\t<\/div>\n\t\t<\/section>\n\t\t\t\t<\/div>\n\t\t","protected":false},"excerpt":{"rendered":"<p>MINIST\u00c9RIO DA EDUCA\u00c7\u00c3O UNIVERSIDADE FEDERAL DE SANTA MARIA PORTARIA NORMATIVA UFSM-PM\/UFSM N\u00b0 002, DE 04 DE JUNHO DE 2025 &nbsp; Aprova a cria\u00e7\u00e3o do Curso de P\u00f3s-Gradua\u00e7\u00e3o em Gest\u00e3o e Gerenciamento das Redes de Aten\u00e7\u00e3o \u00e0 Sa\u00fade (PGGRAS), em n\u00edvel de especializa\u00e7\u00e3o, na modalidade eventual, \u00e0 dist\u00e2ncia, vinculado \u00e0 Universidade Aberta do Brasil (UAB) e [&hellip;]<\/p>\n","protected":false},"author":8863,"featured_media":0,"parent":0,"menu_order":0,"comment_status":"closed","ping_status":"closed","template":"","meta":{"footnotes":""},"categories":[],"tags":[],"class_list":["post-6643","page","type-page","status-publish","hentry"],"acf":[],"_links":{"self":[{"href":"https:\/\/www.ufsm.br\/pro-reitorias\/proplan\/wp-json\/wp\/v2\/pages\/6643","targetHints":{"allow":["GET"]}}],"collection":[{"href":"https:\/\/www.ufsm.br\/pro-reitorias\/proplan\/wp-json\/wp\/v2\/pages"}],"about":[{"href":"https:\/\/www.ufsm.br\/pro-reitorias\/proplan\/wp-json\/wp\/v2\/types\/page"}],"author":[{"embeddable":true,"href":"https:\/\/www.ufsm.br\/pro-reitorias\/proplan\/wp-json\/wp\/v2\/users\/8863"}],"replies":[{"embeddable":true,"href":"https:\/\/www.ufsm.br\/pro-reitorias\/proplan\/wp-json\/wp\/v2\/comments?post=6643"}],"version-history":[{"count":0,"href":"https:\/\/www.ufsm.br\/pro-reitorias\/proplan\/wp-json\/wp\/v2\/pages\/6643\/revisions"}],"wp:attachment":[{"href":"https:\/\/www.ufsm.br\/pro-reitorias\/proplan\/wp-json\/wp\/v2\/media?parent=6643"}],"wp:term":[{"taxonomy":"category","embeddable":true,"href":"https:\/\/www.ufsm.br\/pro-reitorias\/proplan\/wp-json\/wp\/v2\/categories?post=6643"},{"taxonomy":"post_tag","embeddable":true,"href":"https:\/\/www.ufsm.br\/pro-reitorias\/proplan\/wp-json\/wp\/v2\/tags?post=6643"}],"curies":[{"name":"wp","href":"https:\/\/api.w.org\/{rel}","templated":true}]}}