{"id":6672,"date":"2025-06-13T15:31:20","date_gmt":"2025-06-13T18:31:20","guid":{"rendered":"https:\/\/www.ufsm.br\/pro-reitorias\/proplan\/?page_id=6672"},"modified":"2025-06-13T15:33:30","modified_gmt":"2025-06-13T18:33:30","slug":"portaria-normativa-ufsm-n-095-2025","status":"publish","type":"page","link":"https:\/\/www.ufsm.br\/pro-reitorias\/proplan\/portaria-normativa-ufsm-n-095-2025","title":{"rendered":"PORTARIA NORMATIVA UFSM N\u00b0 095\/2025"},"content":{"rendered":"\t\t<div data-elementor-type=\"wp-page\" data-elementor-id=\"6672\" class=\"elementor elementor-6672\">\n\t\t\t\t\t\t<section class=\"elementor-section elementor-top-section elementor-element elementor-element-2acb28a elementor-section-boxed elementor-section-height-default elementor-section-height-default\" data-id=\"2acb28a\" data-element_type=\"section\">\n\t\t\t\t\t\t<div class=\"elementor-container elementor-column-gap-default\">\n\t\t\t\t\t<div class=\"elementor-column elementor-col-100 elementor-top-column elementor-element elementor-element-7518ab1\" data-id=\"7518ab1\" data-element_type=\"column\">\n\t\t\t<div class=\"elementor-widget-wrap elementor-element-populated\">\n\t\t\t\t\t\t<div class=\"elementor-element elementor-element-cd5aa4e elementor-widget elementor-widget-html\" data-id=\"cd5aa4e\" data-element_type=\"widget\" data-widget_type=\"html.default\">\n\t\t\t\t<div class=\"elementor-widget-container\">\n\t\t\t<br><div align=\"justify\"><font color=\"black\">\r\n<div align=\"center\">\r\n<img decoding=\"async\" src=\"https:\/\/www.ufsm.br\/pro-reitorias\/proplan\/wp-content\/uploads\/sites\/344\/2019\/09\/brasao-da-republica-do-brasil-logo.png\" alt=\"Bras\u00e3o Rep\u00fablica Federativa do Brasil\" width=\"6%\" height=\"6%\">\r\n<\/div>\r\n<h4>\r\n<font color=\"blue\">\r\n<font size=\"5\">\r\n<\/font>\r\n<\/font>\r\n<div align=\"center\">\r\n<font color=\"blue\">\r\n<font size=\"5\">MINIST\u00c9RIO DA EDUCA\u00c7\u00c3O<\/font>\r\n<\/font>\r\n<\/div>\r\n<\/h4>\r\n<p>\r\n<b>\r\n<font color=\"0000blue\">\r\n<\/font>\r\n<\/b>\r\n<\/p>\r\n<div align=\"center\">\r\n<b>\r\n<font color=\"0000blue\">UNIVERSIDADE FEDERAL DE SANTA MARIA<\/font>\r\n<\/b>\r\n<\/div>\r\n<p>\r\n<\/p>\r\n\r\n\r\n\r\n\r\n\r\n\r\n\r\n\r\n\r\n\r\n\r\n\r\n\r\n\r\n<!--StartFragment-->\r\n\r\n<p>\r\n<span lang=\"PT\">&nbsp;<\/span>\r\n<\/p>\r\n\r\n<p align=\"center\">\r\n<span lang=\"PT\" style=\"text-align: justify\">\r\n<a href=\"https:\/\/portal.ufsm.br\/documentos\/publico\/documento.html?idDocumento=15467546\" style=\"color: blue !important;text-decoration: underline !important\" data-elementor-preserved=\"true\">\r\n<b>PORTARIA NORMATIVA UFSM N\u00b0 095, DE 13 DE JUNHO DE 2025<\/b>\r\n<\/a>\r\n<\/span>\r\n<\/p>\r\n\r\n<p>\r\n<span lang=\"PT\">&nbsp;<\/span>\r\n<\/p>\r\n\r\n<p>\r\n<span lang=\"PT\">\r\n<\/span>\r\n    <div style=\"color: #800000;width: 60%;margin-left: auto;margin-right: 0;text-align: justify;font-weight: normal\">\r\n      Aprova a cria\u00e7\u00e3o do \u00f3rg\u00e3o colegiado tempor\u00e1rio denonimado \u201cComiss\u00e3o Tempor\u00e1ria do Processo Consultivo do Centro de Educa\u00e7\u00e3o (CTPC\/CE)\u201d no \u00e2mbito da Universidade Federal de Santa Maria (UFSM).\r\n    <\/div>\r\n<span lang=\"PT\">\r\n<\/span>\r\n<\/p>\r\n\r\n<p>\r\n<span lang=\"PT\">&nbsp;<\/span>\r\n<\/p>\r\n\r\n<p>\r\n<span lang=\"PT\">O\r\nREITOR DA UNIVERSIDADE FEDERAL DE SANTA MARIA, no uso de suas atribui\u00e7\u00f5es\r\nlegais que lhe confere o art. 30 do Estatuto da Universidade Federal de Santa\r\nMaria com as adequa\u00e7\u00f5es aprovadas pela <a href=\"https:\/\/www.ufsm.br\/pro-reitorias\/proplan\/resolucao-n-037-2010\" style=\"color: blue !important;text-decoration: underline !important\" data-elementor-preserved=\"true\">Resolu\u00e7\u00e3o UFSM n\u00b0 037, de 30 de novembro de 2010<\/a>, aprovado pela Portaria n\u00b0 156, de 12 de mar\u00e7o de 2014, e publicado no\r\nDi\u00e1rio Oficial da Uni\u00e3o em 13 de mar\u00e7o de 2014, tendo em vista o disposto na <\/span>\r\n<span lang=\"PT\">\r\n<\/span>\r\n<a href=\"https:\/\/www.planalto.gov.br\/ccivil_03\/leis\/l9394.htm\" style=\"color: blue !important;text-decoration: underline !important\" data-elementor-preserved=\"true\">Lei n\u00b0 9.394, de 20 de dezembro de 1996<\/a>\r\n<span lang=\"PT\">, no <\/span>\r\n<span lang=\"PT\">\r\n<a href=\"https:\/\/www.planalto.gov.br\/ccivil_03\/_ato2023-2026\/2024\/decreto\/d12002.htm\" style=\"color: blue !important;text-decoration: underline !important\" data-elementor-preserved=\"true\">Decreto n\u00b0 12.002, de 22 de abril de 2024<\/a>, na <a href=\"https:\/\/www.ufsm.br\/pro-reitorias\/proplan\/resolucao-ufsm-n-054-2021\" style=\"color: blue !important;text-decoration: underline !important\" data-elementor-preserved=\"true\">Resolu\u00e7\u00e3o UFSM n\u00b0 054, de 1 de junho de 2021<\/a>, e o que consta no\r\nProcesso n\u00b0 <a href=\"https:\/\/portal.ufsm.br\/documentos\/publico\/processo\/documento.html?idDocumento=15432550\" style=\"color: blue !important;text-decoration: underline !important\" data-elementor-preserved=\"true\">23081.059237\/2025-14<\/a>, resolve:<\/span>\r\n<\/p>\r\n\r\n<p>\r\n<span lang=\"PT\">&nbsp;<\/span>\r\n<\/p>\r\n\r\n<p>\r\n<span lang=\"PT\">Art. 1<\/span>\r\n<span lang=\"PT\">\u00b0&nbsp; Aprovar a cria\u00e7\u00e3o do \u00f3rg\u00e3o colegiado\r\ntempor\u00e1rio denonimado \u201cComiss\u00e3o Tempor\u00e1ria do Processo Consultivo do Centro de\r\nEduca\u00e7\u00e3o (CTPC\/CE)\u201d no \u00e2mbito da Universidade Federal de Santa Maria (UFSM).<\/span>\r\n<\/p>\r\n\r\n<p>\r\n<span lang=\"PT\">&nbsp;<\/span>\r\n<\/p>\r\n\r\n<p>\r\n<span lang=\"PT\">CAP\u00cdTULO I<\/span>\r\n<\/p>\r\n\r\n<p>\r\n<span lang=\"PT\">DAS COMPET\u00caNCIAS<\/span>\r\n<\/p>\r\n\r\n<p>\r\n<span lang=\"PT\">&nbsp;<\/span>\r\n<\/p>\r\n\r\n<p>\r\n<span lang=\"PT\">Art. 2<\/span>\r\n<span lang=\"PT\">\u00b0&nbsp; \u00c0 CTPC\/CE, <\/span>\r\n<span lang=\"PT\">vinculada ao\r\nCentro de Educa\u00e7\u00e3o (CE) da UFSM, compete organizar todo o processo consultivo\r\npara escolha de seu(ua) pr\u00f3ximo(a) Diretor(a) e Vice-Diretor(a), durante a\r\ngest\u00e3o compreendida entre os anos de 2025 a 2029, e:<\/span>\r\n<\/p>\r\n\r\n<p>I - <span lang=\"PT\">planejar, organizar e coordenar o processo da consulta p\u00fablica;<\/span>\r\n<\/p>\r\n\r\n<p>II - <span lang=\"PT\">processar e julgar originariamente:<\/span>\r\n<\/p>\r\n\r\n<p>\r\n<span lang=\"PT\">a) o registro e a cassa\u00e7\u00e3o de registro das\r\nchapas participantes;<\/span>\r\n<\/p>\r\n\r\n<p>\r\n<span lang=\"PT\">b) em \u00fanica e \u00faltima inst\u00e2ncia, as impugna\u00e7\u00f5es\r\ne recursos interpostos;<\/span>\r\n<\/p>\r\n\r\n<p>III - <span lang=\"PT\">publicar a rela\u00e7\u00e3o dos(as) candidatos(as) inscritos(as);<\/span>\r\n<\/p>\r\n\r\n<p>IV - <span lang=\"PT\">orientar sobre o processo de participa\u00e7\u00e3o na consulta, em especial:<\/span>\r\n<\/p>\r\n\r\n<p>\r\n<span lang=\"PT\">a) da participa\u00e7\u00e3o de pessoas com necessidades\r\nespeciais;<\/span>\r\n<\/p>\r\n\r\n<p>\r\n<span lang=\"PT\">b) da participa\u00e7\u00e3o de pessoas que pertencerem\r\na mais de uma categoria;<\/span>\r\n<\/p>\r\n\r\n<p>V - <span lang=\"PT\">providenciar o material necess\u00e1rio \u00e0 consulta;<\/span>\r\n<\/p>\r\n\r\n<p>VI - <span lang=\"PT\">solicitar junto aos setores respons\u00e1veis a estrutura necess\u00e1ria em TI\r\npara realiza\u00e7\u00e3o de vota\u00e7\u00e3o por meios eletr\u00f4nicos, conforme regulamenta\u00e7\u00e3o\r\nvigente na Institui\u00e7\u00e3o;<\/span>\r\n<\/p>\r\n\r\n<p>VII - <span lang=\"PT\">indicar e fiscalizar o trabalho de compila\u00e7\u00e3o do resultado da consulta\r\np\u00fablica junto ao Centro de Processamento de Dados, observada a regulamenta\u00e7\u00e3o\r\nda <a href=\"https:\/\/www.ufsm.br\/pro-reitorias\/proplan\/instrucao-normativa-ufsm-n-001-2021\" style=\"color: blue !important;text-decoration: underline !important\" data-elementor-preserved=\"true\">Instru\u00e7\u00e3o Normativa UFSM n\u00b0 001, de 23 de fevereiro de 2021<\/a>, ou\r\noutra que venha a substitu\u00ed-la;<\/span>\r\n<\/p>\r\n\r\n<p>VIII - <span lang=\"PT\">credenciar os(as) fiscais, indicados(as) pelos(as) candidatos(as)\r\nconcorrentes, para que atuem junto ao processo da consulta p\u00fablica; e<\/span>\r\n<\/p>\r\n\r\n<p>IX - <span lang=\"PT\">publicar e divulgar o resultado da consulta.<\/span>\r\n<\/p>\r\n\r\n<p>\r\n<span lang=\"PT\">&nbsp;<\/span>\r\n<\/p>\r\n\r\n<p>\r\n<span lang=\"PT\">CAP\u00cdTULO II<\/span>\r\n<\/p>\r\n\r\n<p>\r\n<span lang=\"PT\">DA COMPOSI\u00c7\u00c3O E AUTORIDADE<\/span>\r\n<\/p>\r\n\r\n<p>\r\n<span lang=\"PT\">&nbsp;<\/span>\r\n<\/p>\r\n\r\n<p>\r\n<span lang=\"PT\">Art. 3<\/span>\r\n<span lang=\"PT\">\u00b0&nbsp; <\/span>\r\n<span lang=\"PT\">A <\/span>\r\n<span lang=\"PT\">CTPC\/CE<\/span>\r\n<span lang=\"PT\"> ser\u00e1 composta pela indica\u00e7\u00e3o\r\ndos(as) seguintes membros(as):<\/span>\r\n<\/p>\r\n\r\n<p>I <span lang=\"PT\">- 9 (nove) docentes titulares e 9 (nove) suplentes;<\/span>\r\n<\/p>\r\n\r\n<p>II <span lang=\"PT\">- 2 (dois) t\u00e9cnico-administrativos(as) (TAEs) em educa\u00e7\u00e3o titulares e 2\r\n(dois) suplentes; e<\/span>\r\n<\/p>\r\n\r\n<p>III <span lang=\"PT\">- 2 (dois) discentes titulares e 2 (dois) suplentes, sendo um(a)\r\ntitular e um(a) suplente representantes da gradua\u00e7\u00e3o e um(a) titular e um(a)\r\nsuplente representantes da p\u00f3s-gradua\u00e7\u00e3o.<\/span>\r\n<\/p>\r\n\r\n<p>\r\n<span lang=\"PT\">\u00a7 1<\/span>\r\n<span lang=\"PT\">\u00b0\r\n<\/span>\r\n<span lang=\"PT\">&nbsp;Os(As)\r\nrepresentantes previstos(as) no inciso I, II e III, ser\u00e3o indicados(as) por\r\nseus(uas) pares, sendo os(as) docentes indicados(as) pelos departamentos\r\ndid\u00e1ticos, os(as) t\u00e9cnico-administrativos(as) pelo coletivo dos(as) TAEs e\r\nos(as) discentes pelo Diret\u00f3rio Acad\u00eamico do Centro de Educa\u00e7\u00e3o (DACE).<\/span>\r\n<\/p>\r\n\r\n<p>\r\n<span lang=\"PT\">\u00a7 2<\/span>\r\n<span lang=\"PT\">\u00b0&nbsp; <\/span>\r\n<span lang=\"PT\">A homologa\u00e7\u00e3o das\r\nreferidas indica\u00e7\u00f5es ser\u00e1 realizada pelo Conselho do Centro de Educa\u00e7\u00e3o.<\/span>\r\n<\/p>\r\n\r\n<p>\r\n<span lang=\"PT\">\u00a7 3<\/span>\r\n<span lang=\"PT\">\u00b0\r\n<\/span>\r\n<span lang=\"PT\">&nbsp;Os(As) membros(as)\r\nindicados(as), para compor a Comiss\u00e3o, eleger\u00e3o o(a) seu(ua) Presidente e o(a)\r\nseu(ua) secret\u00e1rio(a).<\/span>\r\n<\/p>\r\n\r\n<p>\r\n<span lang=\"PT\">\u00a7 4<\/span>\r\n<span lang=\"PT\">\u00b0\r\n<\/span>\r\n<span lang=\"PT\">&nbsp;Na aus\u00eancia do(a)\r\nPresidente em uma reuni\u00e3o, a <\/span>\r\n<span lang=\"PT\">CTPC\/CE<\/span>\r\n<span lang=\"PT\"> escolher\u00e1 entre os(as) membros(as) presentes um(a) Presidente para a\r\nsess\u00e3o, por meio de vota\u00e7\u00e3o com maioria simples.<\/span>\r\n<\/p>\r\n\r\n<p>\r\n<span lang=\"PT\">\u00a7 5\u00b0&nbsp; Na\r\naus\u00eancia dos(as) membros(as) titulares, seus(uas) respectivos(as) suplentes\r\nos(as) substituir\u00e3o para participar das reuni\u00f5es nos afastamentos ou\r\nimpedimentos legais.<\/span>\r\n<\/p>\r\n\r\n<p>\r\n<span lang=\"PT\">\u00a7 6<\/span>\r\n<span lang=\"PT\">\u00b0\r\n<\/span>\r\n<span lang=\"PT\">&nbsp;Ser\u00e3o impedidos(as)\r\nde integrar a referida Comiss\u00e3o, al\u00e9m dos(as) candidatos(as) inscritos(as) para\r\nconcorrer a Diretor(a) e Vice-Diretor(a), seus(uas) c\u00f4njuges e parentes at\u00e9 2<\/span>\r\n<span lang=\"PT\">\u00b0<\/span>\r\n<span lang=\"PT\"> (segundo)\r\ngrau.<\/span>\r\n<\/p>\r\n\r\n<p>\r\n<span lang=\"PT\">&nbsp;<\/span>\r\n<\/p>\r\n\r\n<p>\r\n<span lang=\"PT\">CAP\u00cdTULO III<\/span>\r\n<\/p>\r\n\r\n<p>\r\n<span lang=\"PT\">DO QU\u00d3RUM DE REUNI\u00c3O E DE VOTA\u00c7\u00c3O<\/span>\r\n<\/p>\r\n\r\n<p>\r\n<span lang=\"PT\">&nbsp;<\/span>\r\n<\/p>\r\n\r\n<p>\r\n<span lang=\"PT\">Art. 4<\/span>\r\n<span lang=\"PT\">\u00b0\r\n<\/span>\r\n<span lang=\"PT\">&nbsp;As reuni\u00f5es ser\u00e3o\r\nrealizadas considerando as especificidades dos encaminhamentos e decis\u00f5es, com\r\nbase em qu\u00f3rum padr\u00e3o, levando-se em conta as decis\u00f5es definidas pela maioria\r\ndos(as) participantes.<\/span>\r\n<\/p>\r\n\r\n<p>\r\n<span lang=\"PT\">Par\u00e1grafo \u00fanico.&nbsp; Quando da ocorr\u00eancia de empate na vota\u00e7\u00e3o,\r\ncaber\u00e1 ao(\u00e0) Presidente da sess\u00e3o o voto de qualidade.<\/span>\r\n<\/p>\r\n\r\n<p>\r\n<span lang=\"PT\">Art. <\/span>5<span lang=\"PT\">\u00b0<\/span>\r\n<span lang=\"PT\">&nbsp; As convoca\u00e7\u00f5es, ordin\u00e1rias ou\r\nextraordin\u00e1rias, ser\u00e3o feitas via correio eletr\u00f4nico, pelo(a) Presidente, com\r\nanteced\u00eancia m\u00ednima de 48 (quarenta e oito) horas, devendo constar da mesma a\r\nOrdem do Dia. <\/span>\r\n<\/p>\r\n\r\n<p>\r\n<span lang=\"PT\">Art. <\/span>6<span lang=\"PT\">\u00b0&nbsp; Havendo\r\nn\u00famero legal e declarada aberta a sess\u00e3o, proceder-se-\u00e1 a discuss\u00e3o e posterior\r\nelabora\u00e7\u00e3o dos pareceres que dever\u00e3o embasar os processos a serem analisados\r\npelo \u00f3rg\u00e3o colegiado em quest\u00e3o. <\/span>\r\n<\/p>\r\n\r\n<p>\r\n<span lang=\"PT\">Par\u00e1grafo \u00fanico.&nbsp; N\u00e3o havendo qu\u00f3rum, os(as) membros(as) ser\u00e3o\r\nconvocados(as) para nova reuni\u00e3o 48 (quarenta e oito) horas depois, com a mesma\r\npauta.<\/span>\r\n<\/p>\r\n\r\n<p>\r\n<span lang=\"PT\">&nbsp;<\/span>\r\n<\/p>\r\n\r\n<p>\r\n<span lang=\"PT\">CAP\u00cdTULO IV<\/span>\r\n<\/p>\r\n\r\n<p>\r\n<span lang=\"PT\">DA PERIODICIDADE DAS REUNI\u00d5ES<\/span>\r\n<\/p>\r\n\r\n<p>\r\n<span lang=\"PT\">&nbsp;<\/span>\r\n<\/p>\r\n\r\n<p>\r\n<span lang=\"PT\">Art. <\/span>7<span lang=\"PT\">\u00b0 <\/span>\r\n<span lang=\"PT\">&nbsp;As reuni\u00f5es ser\u00e3o realizadas conforme demanda\r\ne especificidade das atividades para a organiza\u00e7\u00e3o do evento. <\/span>\r\n<\/p>\r\n\r\n<p>\r\n<span lang=\"PT\">Par\u00e1grafo \u00fanico.&nbsp; A periodicidade das reuni\u00f5es atender\u00e1 a um\r\ncronograma que ser\u00e1 elaborado com vistas \u00e0 organiza\u00e7\u00e3o pr\u00e9via da consulta, ao\r\ndesenvolvimento do mesmo e a sua avalia\u00e7\u00e3o.<\/span>\r\n<\/p>\r\n\r\n<p>\r\n<span lang=\"PT\">&nbsp;<\/span>\r\n<\/p>\r\n\r\n<p>\r\n<span lang=\"PT\">CAP\u00cdTULO V<\/span>\r\n<\/p>\r\n\r\n<p>\r\n<span lang=\"PT\">DO \u00d3RG\u00c3O DE APOIO ADMINISTRATIVO<\/span>\r\n<\/p>\r\n\r\n<p>\r\n<span lang=\"PT\">&nbsp;<\/span>\r\n<\/p>\r\n\r\n<p>\r\n<span lang=\"PT\">Art. <\/span>8<span lang=\"PT\">\u00b0 <\/span>\r\n<span lang=\"PT\">&nbsp;A unidade da institui\u00e7\u00e3o respons\u00e1vel por\r\nprestar o apoio administrativo ao \u00f3rg\u00e3o colegiado ser\u00e1 a <\/span>Secretaria do Centro de Educa\u00e7\u00e3o (SC-CE)<span lang=\"PT\"> da Universidade Federal de Santa Maria.<\/span>\r\n<\/p>\r\n\r\n<p>\r\n<span lang=\"PT\">&nbsp;<\/span>\r\n<\/p>\r\n\r\n<p>\r\n<span lang=\"PT\">CAP\u00cdTULO VI<\/span>\r\n<\/p>\r\n\r\n<p>\r\n<span lang=\"PT\">DO REGIMENTO INTERNO<\/span>\r\n<\/p>\r\n\r\n<p>\r\n<span lang=\"PT\">&nbsp;<\/span>\r\n<\/p>\r\n\r\n<p>\r\n<span lang=\"PT\">Art. <\/span>9<span lang=\"PT\">\u00b0 <\/span>\r\n<span lang=\"PT\">&nbsp;Por se tratar de uma comiss\u00e3o tempor\u00e1ria, n\u00e3o\r\nh\u00e1 necessidade da CTPC-CE ter regimento interno.<\/span>\r\n<\/p>\r\n\r\n<p>\r\n<span lang=\"PT\">&nbsp;<\/span>\r\n<\/p>\r\n\r\n<p>\r\n<span lang=\"PT\">CAP\u00cdTULO VII<\/span>\r\n<\/p>\r\n\r\n<p>\r\n<span lang=\"PT\">DOS(AS) MEMBROS(AS) N\u00c3O NATOS(AS)<\/span>\r\n<\/p>\r\n\r\n<p>\r\n<span lang=\"PT\">&nbsp;<\/span>\r\n<\/p>\r\n\r\n<p>\r\n<span lang=\"PT\">Art. <\/span>10. <span lang=\"PT\">&nbsp;Por se tratar de uma comiss\u00e3o de processo\r\nconsultivo tempor\u00e1ria e interna, n\u00e3o h\u00e1 necessidade da CTPC-CE ter membros(as)\r\nn\u00e3o natos(as).<\/span>\r\n<\/p>\r\n\r\n<p>\r\n<span lang=\"PT\">&nbsp;<\/span>\r\n<\/p>\r\n\r\n<p>\r\n<span lang=\"PT\">CAP\u00cdTULO VIII<\/span>\r\n<\/p>\r\n\r\n<p>\r\n<span lang=\"PT\">CRONOGRAMA DA CONSULTA P\u00daBLICA<\/span>\r\n<\/p>\r\n\r\n<p>\r\n<span lang=\"PT\">&nbsp;<\/span>\r\n<\/p>\r\n\r\n<p>\r\n<span lang=\"PT\">Art. <\/span>11. <span lang=\"PT\">&nbsp;O processo da consulta p\u00fablica junto \u00e0\r\nComunidade do Centro de Educa\u00e7\u00e3o, assim como a elabora\u00e7\u00e3o do cronograma e\r\nefetiva\u00e7\u00e3o de suas fases, ser\u00e1 realizado, conforme deliberado nas reuni\u00f5es 661,\r\n663 e 664 do Conselho do Centro de Educa\u00e7\u00e3o, ocorridas em 31 de mar\u00e7o, 28 de\r\nabril e 26 de maio de 2025, respetivamente.<\/span>\r\n<\/p>\r\n\r\n<p>\r\n<span lang=\"PT\">&nbsp;<\/span>\r\n<\/p>\r\n\r\n<p>\r\n<span lang=\"PT\">CAP\u00cdTULO IX<\/span>\r\n<\/p>\r\n\r\n<p>\r\n<span lang=\"PT\">DO SISTEMA DA CONSULTA P\u00daBLICA<\/span>\r\n<\/p>\r\n\r\n<p>\r\n<span lang=\"PT\">&nbsp;<\/span>\r\n<\/p>\r\n\r\n<p>\r\n<span lang=\"PT\">Art. 1<\/span>2<span lang=\"PT\">.&nbsp; A\r\nconsulta p\u00fablica ser\u00e1 realizada mediante voto parit\u00e1rio, direto, facultativo,\r\ndigital e secreto.<\/span>\r\n<\/p>\r\n\r\n<p>\r\n<span lang=\"PT\">Art. 1<\/span>3<span lang=\"PT\">.&nbsp; A CTPC-CE\r\nficar\u00e1 encarregada de, em conjunto com o CPD, implementar e manter online um\r\nsistema de vota\u00e7\u00e3o eletr\u00f4nico para a realiza\u00e7\u00e3o da consulta p\u00fablica.<\/span>\r\n<\/p>\r\n\r\n<p>\r\n<span lang=\"PT\">Art. 1<\/span>4<span lang=\"PT\">.&nbsp; O sistema\r\nde vota\u00e7\u00e3o dever\u00e1 obedecer \u00e0s disposi\u00e7\u00f5es previstas na <\/span>\r\n<a href=\"https:\/\/www.ufsm.br\/pro-reitorias\/proplan\/instrucao-normativa-ufsm-n-001-2021\" style=\"color: blue !important;text-decoration: underline !important\" data-elementor-preserved=\"true\">Instru\u00e7\u00e3o Normativa UFSM n\u00b0 001, de 23 de fevereiro de 2021<\/a>\r\n<span lang=\"PT\">, ou outra que venha a substitu\u00ed-la, e demais normas\r\naplic\u00e1veis.<\/span>\r\n<\/p>\r\n\r\n<p>\r\n<span lang=\"PT\">Art. 1<\/span>5<span lang=\"PT\">.&nbsp; A vota\u00e7\u00e3o\r\nonline ocorrer\u00e1 <\/span>conforme\r\ncronograma elaborado pela comiss\u00e3o<span lang=\"PT\">.<\/span>\r\n<\/p>\r\n\r\n<p>\r\n<span lang=\"PT\">Art. <\/span>16<span lang=\"PT\">.&nbsp; A\r\nCTPC-CE acompanhar\u00e1 a abertura e o andamento da consulta p\u00fablica online at\u00e9 seu\r\nencerramento, a fim de verificar a integridade do processo.<\/span>\r\n<\/p>\r\n\r\n<p>\r\n<span lang=\"PT\">Par\u00e1grafo \u00fanico.&nbsp; A abertura, o encerramento e a compila\u00e7\u00e3o do\r\nresultado da consulta p\u00fablica poder\u00e3o ser transmitidos em tempo real.<\/span>\r\n<\/p>\r\n\r\n<p>\r\n<span lang=\"PT\">&nbsp;<\/span>\r\n<\/p>\r\n\r\n<p>\r\n<span lang=\"PT\">CAP\u00cdTULO X<\/span>\r\n<\/p>\r\n\r\n<p>\r\n<span lang=\"PT\">DO TERMO DE CONCLUS\u00c3O DOS TRABALHOS<\/span>\r\n<\/p>\r\n\r\n<p>\r\n<span lang=\"PT\">&nbsp;<\/span>\r\n<\/p>\r\n\r\n<p>\r\n<span lang=\"PT\">Art. 1<\/span>7<span lang=\"PT\">.&nbsp; Por se\r\ntratar de um \u00f3rg\u00e3o colegiado tempor\u00e1rio, a CTPC-CE tem previsto o dia 2<\/span>0<span lang=\"PT\"> de agosto de 2025 para\r\nconclus\u00e3o dos seus trabalhos e, tamb\u00e9m, para seu encerramento\/extin\u00e7\u00e3o.<\/span>\r\n<\/p>\r\n\r\n<p>\r\n<span lang=\"PT\">&nbsp;<\/span>\r\n<\/p>\r\n\r\n<p>\r\n<span lang=\"PT\">CAP\u00cdTULO XI<\/span>\r\n<\/p>\r\n\r\n<p>\r\n<span lang=\"PT\">DOS RELAT\u00d3RIOS PERI\u00d3DICOS E DO RELAT\u00d3RIO FINAL<\/span>\r\n<\/p>\r\n\r\n<p>\r\n<span lang=\"PT\">&nbsp;<\/span>\r\n<\/p>\r\n\r\n<p>\r\n<span lang=\"PT\">Art. 1<\/span>8<span lang=\"PT\">.&nbsp; Para fins\r\nde registro, a CTPC-CE dever\u00e1 elaborar e emitir relat\u00f3rio final at\u00e9 o dia <\/span>19<span lang=\"PT\"> de agosto de 2025 para\r\nser apreciado e homologado pelo Conselho do Centro de Educa\u00e7\u00e3o, em 2<\/span>0<span lang=\"PT\"> de agosto de 2025.<\/span>\r\n<\/p>\r\n\r\n<p>\r\n<span lang=\"PT\">Par\u00e1grafo \u00fanico.&nbsp; Os resultados finais da consulta p\u00fablica\r\nser\u00e3o encaminhados ao Conselho do Centro de Educa\u00e7\u00e3o de 2 (duas) formas:<\/span>\r\n<\/p>\r\n\r\n<p>I -<span lang=\"PT\"> considerando o voto parit\u00e1rio previsto no art. 12 desta Portaria\r\nNormativa; e<\/span>\r\n<\/p>\r\n\r\n<p>II -<span lang=\"PT\"> considerando a proporcionalidade de 70% (setenta por cento) dos votos\r\nde docentes, 15% (quinze por cento) dos votos de t\u00e9cnico-administrativos ativos\r\ne 15% (quinze por cento) dos votos de estudantes.<\/span>\r\n<\/p>\r\n\r\n<p>\r\n<span lang=\"PT\">&nbsp;<\/span>\r\n<\/p>\r\n\r\n<p>\r\n<span lang=\"PT\">CAP\u00cdTULO XII<\/span>\r\n<\/p>\r\n\r\n<p>\r\n<span lang=\"PT\">DAS DISPOSI\u00c7\u00d5ES GERAIS E TRANSIT\u00d3RIAS<\/span>\r\n<\/p>\r\n\r\n<p>\r\n<span lang=\"PT\">&nbsp;<\/span>\r\n<\/p>\r\n\r\n<p>\r\n<span lang=\"PT\">Art. 1<\/span>9<span lang=\"PT\">.&nbsp; \u00c9 vedada\r\na divulga\u00e7\u00e3o de discuss\u00f5es em curso sem a pr\u00e9via anu\u00eancia do(a) titular do\r\nCentro de Educa\u00e7\u00e3o da UFSM ao qual este \u00f3rg\u00e3o colegiado est\u00e1 vinculado.<\/span>\r\n<\/p>\r\n\r\n<p>\r\n<span lang=\"PT\">Art. <\/span>20<span lang=\"PT\">.&nbsp; A\r\nparticipa\u00e7\u00e3o dos(as) membros(as) deste \u00f3rg\u00e3o colegiado ser\u00e1 considerada\r\npresta\u00e7\u00e3o de servi\u00e7o p\u00fablico relevante, e n\u00e3o ser\u00e1 remunerada.<\/span>\r\n<\/p>\r\n\r\n<p>\r\n<span lang=\"PT\">Art. <\/span>21<span lang=\"PT\">.&nbsp; \u00c9 vedada\r\na possibilidade de cria\u00e7\u00e3o de subcolegiados por ato deste colegiado.<\/span>\r\n<\/p>\r\n\r\n<p>\r\n<span lang=\"PT\">Art. 22.&nbsp;\r\nOs casos omissos e os recursos interpostos, al\u00e9m dos casos relativos \u00e0\r\nconsulta p\u00fablica junto \u00e0 Comunidade do Centro de Educa\u00e7\u00e3o, ser\u00e3o considerados\r\npela CTPC-CE e divulgados nos canais oficiais de comunica\u00e7\u00e3o do Centro de\r\nEduca\u00e7\u00e3o. <\/span>\r\n<\/p>\r\n\r\n<p>\r\n<span lang=\"PT\">Art. <\/span>23<span lang=\"PT\">.&nbsp; <\/span>\r\n<span lang=\"PT\">Esta Portaria Normativa entra em\r\nvigor na data de sua publica\u00e7\u00e3o, de acordo com o que prev\u00ea o <a href=\"https:\/\/www.planalto.gov.br\/ccivil_03\/_ato2023-2026\/2024\/decreto\/d12002.htm\" style=\"color: blue !important;text-decoration: underline !important\" data-elementor-preserved=\"true\">Decreto n\u00b0 12.002, de 22 de abril de 2024<\/a>, art. 18, inciso IV. <\/span>\r\n<span lang=\"PT\">\r\n<\/span>\r\n<\/p>\r\n\r\n<p>\r\n<span lang=\"PT\">&nbsp;<\/span>\r\n<\/p>\r\n\r\n<p align=\"right\">\r\n<span lang=\"PT\" style=\"text-align: justify\">Luciano Schuch<\/span>\r\n<\/p>\r\n\r\n<p align=\"right\">\r\n<span lang=\"PT\" style=\"text-align: justify\">Reitor<\/span>\r\n<\/p>\r\n\r\n<p>\r\n<span lang=\"PT\">&nbsp;<\/span>\r\n<span style=\"color: red\">Este texto n\u00e3o substitui o documento original, publicado no Portal de Documentos.<\/span> Dispon\u00edvel em <a href=\"https:\/\/portal.ufsm.br\/documentos\/publico\/documento.html?idDocumento=15467546\" style=\"color: blue !important;text-decoration: underline !important\" data-elementor-preserved=\"true\">https:\/\/portal.ufsm.br\/documentos\/publico\/documento.html?idDocumento=15467546<\/a>\r\n<\/p>\r\n\r\n<p>\r\n<span lang=\"PT\">&nbsp;<\/span>\r\n<\/p>\r\n\r\n<!--EndFragment-->\r\n<div class=\"normal-text\" style=\"text-align: center\">\r\n<\/div>\r\n<div class=\"normal-text\" style=\"text-align: center\">\r\n<\/div>\r\n<\/font><\/div>\t\t<\/div>\n\t\t\t\t<\/div>\n\t\t\t\t\t<\/div>\n\t\t<\/div>\n\t\t\t\t\t<\/div>\n\t\t<\/section>\n\t\t\t\t<\/div>\n\t\t","protected":false},"excerpt":{"rendered":"<p>MINIST\u00c9RIO DA EDUCA\u00c7\u00c3O UNIVERSIDADE FEDERAL DE SANTA MARIA &nbsp; PORTARIA NORMATIVA UFSM N\u00b0 095, DE 13 DE JUNHO DE 2025 &nbsp; Aprova a cria\u00e7\u00e3o do \u00f3rg\u00e3o colegiado tempor\u00e1rio denonimado \u201cComiss\u00e3o Tempor\u00e1ria do Processo Consultivo do Centro de Educa\u00e7\u00e3o (CTPC\/CE)\u201d no \u00e2mbito da Universidade Federal de Santa Maria (UFSM). &nbsp; O REITOR DA UNIVERSIDADE FEDERAL DE [&hellip;]<\/p>\n","protected":false},"author":8343,"featured_media":0,"parent":0,"menu_order":0,"comment_status":"closed","ping_status":"closed","template":"","meta":{"footnotes":""},"categories":[],"tags":[],"class_list":["post-6672","page","type-page","status-publish","hentry"],"acf":[],"_links":{"self":[{"href":"https:\/\/www.ufsm.br\/pro-reitorias\/proplan\/wp-json\/wp\/v2\/pages\/6672","targetHints":{"allow":["GET"]}}],"collection":[{"href":"https:\/\/www.ufsm.br\/pro-reitorias\/proplan\/wp-json\/wp\/v2\/pages"}],"about":[{"href":"https:\/\/www.ufsm.br\/pro-reitorias\/proplan\/wp-json\/wp\/v2\/types\/page"}],"author":[{"embeddable":true,"href":"https:\/\/www.ufsm.br\/pro-reitorias\/proplan\/wp-json\/wp\/v2\/users\/8343"}],"replies":[{"embeddable":true,"href":"https:\/\/www.ufsm.br\/pro-reitorias\/proplan\/wp-json\/wp\/v2\/comments?post=6672"}],"version-history":[{"count":0,"href":"https:\/\/www.ufsm.br\/pro-reitorias\/proplan\/wp-json\/wp\/v2\/pages\/6672\/revisions"}],"wp:attachment":[{"href":"https:\/\/www.ufsm.br\/pro-reitorias\/proplan\/wp-json\/wp\/v2\/media?parent=6672"}],"wp:term":[{"taxonomy":"category","embeddable":true,"href":"https:\/\/www.ufsm.br\/pro-reitorias\/proplan\/wp-json\/wp\/v2\/categories?post=6672"},{"taxonomy":"post_tag","embeddable":true,"href":"https:\/\/www.ufsm.br\/pro-reitorias\/proplan\/wp-json\/wp\/v2\/tags?post=6672"}],"curies":[{"name":"wp","href":"https:\/\/api.w.org\/{rel}","templated":true}]}}