{"id":6675,"date":"2025-06-18T11:36:43","date_gmt":"2025-06-18T14:36:43","guid":{"rendered":"https:\/\/www.ufsm.br\/pro-reitorias\/proplan\/?page_id=6675"},"modified":"2025-06-18T11:37:44","modified_gmt":"2025-06-18T14:37:44","slug":"resolucao-ufsm-n-212-2025","status":"publish","type":"page","link":"https:\/\/www.ufsm.br\/pro-reitorias\/proplan\/resolucao-ufsm-n-212-2025","title":{"rendered":"RESOLU\u00c7\u00c3O UFSM N\u00b0 212\/2025"},"content":{"rendered":"\t\t<div data-elementor-type=\"wp-page\" data-elementor-id=\"6675\" class=\"elementor elementor-6675\">\n\t\t\t\t\t\t<section class=\"elementor-section elementor-top-section elementor-element elementor-element-05ed566 elementor-section-boxed elementor-section-height-default elementor-section-height-default\" data-id=\"05ed566\" data-element_type=\"section\">\n\t\t\t\t\t\t<div class=\"elementor-container elementor-column-gap-default\">\n\t\t\t\t\t<div class=\"elementor-column elementor-col-100 elementor-top-column elementor-element elementor-element-aa66838\" data-id=\"aa66838\" data-element_type=\"column\">\n\t\t\t<div class=\"elementor-widget-wrap elementor-element-populated\">\n\t\t\t\t\t\t<div class=\"elementor-element elementor-element-0014fa5 elementor-widget elementor-widget-html\" data-id=\"0014fa5\" data-element_type=\"widget\" data-widget_type=\"html.default\">\n\t\t\t\t<div class=\"elementor-widget-container\">\n\t\t\t<br><div align=\"justify\"><font color=\"black\">\r\n<div align=\"center\">\r\n<img decoding=\"async\" src=\"https:\/\/www.ufsm.br\/pro-reitorias\/proplan\/wp-content\/uploads\/sites\/344\/2019\/09\/brasao-da-republica-do-brasil-logo.png\" alt=\"Bras\u00e3o Rep\u00fablica Federativa do Brasil\" width=\"6%\" height=\"6%\">\r\n<\/div>\r\n<h4>\r\n<font color=\"blue\">\r\n<font size=\"5\">\r\n<\/font>\r\n<\/font>\r\n<div align=\"center\">\r\n<font color=\"blue\">\r\n<font size=\"5\">MINIST\u00c9RIO DA EDUCA\u00c7\u00c3O<\/font>\r\n<\/font>\r\n<\/div>\r\n<\/h4>\r\n<p>\r\n<b>\r\n<font color=\"0000blue\">\r\n<\/font>\r\n<\/b>\r\n<\/p>\r\n<div align=\"center\">\r\n<b>\r\n<font color=\"0000blue\">UNIVERSIDADE FEDERAL DE SANTA MARIA<\/font>\r\n<\/b>\r\n<\/div>\r\n<p>\r\n<\/p>\r\n\r\n\r\n\r\n\r\n\r\n\r\n\r\n\r\n\r\n\r\n\r\n\r\n\r\n\r\n<!--StartFragment-->\r\n\r\n<p align=\"center\">\r\n<b>\r\n<span style=\"text-align: justify\">\r\n<\/span>\r\n<a href=\"https:\/\/portal.ufsm.br\/documentos\/publico\/documento.html?idDocumento=15470557\" style=\"color: blue !important;text-decoration: underline !important\" data-elementor-preserved=\"true\">RESOLU\u00c7\u00c3O UFSM N\u00b0 212, DE 16 DE JUNHO DE 2025<\/a>\r\n<\/b>\r\n<span style=\"text-align: justify\">\r\n<\/span>\r\n<\/p>\r\n\r\n<p>&nbsp;<\/p>\r\n\r\n<p>\r\n    <div style=\"color: #800000;width: 60%;margin-left: auto;margin-right: 0;text-align: justify;font-weight: normal\">\r\n      Altera a Resolu\u00e7\u00e3o UFSM n\u00b0 118, de 08 de fevereiro de 2023, que normatiza no \u00e2mbito da Universidade Federal de Santa Maria Destaques Institucionais, a Jornada Acad\u00eamica Integrada (JAI) e premia\u00e7\u00f5es.\r\n    <\/div> <\/p>\r\n\r\n<p>&nbsp;<\/p>\r\n\r\n<p>\r\n<a name=\"_heading=h.gjdgxs\">\r\n<\/a>O REITOR DA UNIVERSIDADE FEDERAL DE SANTA MARIA, no uso de suas\r\natribui\u00e7\u00f5es legais que lhe confere o art. 30 do Estatuto da Universidade\r\nFederal de Santa Maria com as adequa\u00e7\u00f5es aprovadas pela <a href=\"https:\/\/www.ufsm.br\/pro-reitorias\/proplan\/resolucao-n-037-2010\" style=\"color: blue !important;text-decoration: underline !important\" data-elementor-preserved=\"true\">Resolu\u00e7\u00e3o UFSM n\u00b0 037, de 30 de novembro de 2010<\/a>, aprovado pela Portaria n\u00b0 156, de 12 de mar\u00e7o de\r\n2014, e publicado no Di\u00e1rio Oficial da Uni\u00e3o em 13 de mar\u00e7o de 2014, tendo em\r\nvista a&nbsp;<a href=\"https:\/\/www.ufsm.br\/pro-reitorias\/proplan\/resolucao-ufsm-n-118-2023\" style=\"color: blue !important;text-decoration: underline !important\" data-elementor-preserved=\"true\">Resolu\u00e7\u00e3o UFSM n\u00b0 118, de 08 de fevereiro de 2023<\/a>, a necessidade de valoriza\u00e7\u00e3o de servidores(as) que se destaquem no\r\nfortalecimento e reconhecimento da p\u00f3s-gradua\u00e7\u00e3o, a necessidade de atualiza\u00e7\u00e3o\r\nda normativa do Pr\u00eamio Tese UFSM e o que consta no\r\nProcesso n\u00b0 <a href=\"https:\/\/portal.ufsm.br\/documentos\/usuario\/processo\/documento.html?idDocumento=15411633\" style=\"color: blue !important;text-decoration: underline !important\" data-elementor-preserved=\"true\">23081.051110\/2025-49<\/a>, resolve:<\/p>\r\n\r\n<p>&nbsp;<\/p>\r\n\r\n<p>Art. 1\u00b0 &nbsp;Alterar\r\na <a href=\"https:\/\/www.ufsm.br\/pro-reitorias\/proplan\/resolucao-ufsm-n-118-2023\" style=\"color: blue !important;text-decoration: underline !important\" data-elementor-preserved=\"true\">Resolu\u00e7\u00e3o UFSM n\u00b0 118, de 08 de fevereiro de 2023<\/a>, que normatiza no\r\n\u00e2mbito da Universidade Federal de Santa Maria Destaques Institucionais, a\r\nJornada Acad\u00eamica Integrada (JAI) e premia\u00e7\u00f5es. <\/p>\r\n\r\n<p>Art. 2\u00b0 &nbsp;A\r\nSe\u00e7\u00e3o I do Cap\u00edtulo I e os seguintes artigos da&nbsp;<a href=\"https:\/\/www.ufsm.br\/pro-reitorias\/proplan\/resolucao-ufsm-n-118-2023\" style=\"color: blue !important;text-decoration: underline !important\" data-elementor-preserved=\"true\">Resolu\u00e7\u00e3o UFSM n\u00b0 118, de 08 de fevereiro de 2023<\/a>,<!--EndFragment-->&nbsp;passam a vigorar com a seguinte reda\u00e7\u00e3o:<\/p>\r\n\r\n<p>&nbsp;<\/p>\r\n\r\n<blockquote style=\"margin: 0 0 0 40px;border: none;padding: 0px\">\r\n<blockquote style=\"margin: 0 0 0 40px;border: none;padding: 0px\">\r\n<blockquote style=\"margin: 0 0 0 40px;border: none;padding: 0px\">\r\n<blockquote style=\"margin: 0 0 0 40px;border: none;padding: 0px\">\r\n<blockquote style=\"margin: 0 0 0 40px;border: none;padding: 0px\">\r\n<p>\u201c(...)<\/p>\r\n<\/blockquote>\r\n<\/blockquote>\r\n<\/blockquote>\r\n<\/blockquote>\r\n<blockquote style=\"margin: 0 0 0 40px;border: none;padding: 0px\">\r\n<blockquote style=\"margin: 0 0 0 40px;border: none;padding: 0px\">\r\n<blockquote style=\"margin: 0 0 0 40px;border: none;padding: 0px\">\r\n<blockquote style=\"margin: 0 0 0 40px;border: none;padding: 0px\">\r\n<p>\r\n<strong>Do Destaque em Pesquisa <\/strong>\r\n<strong>e P\u00f3s-gradua\u00e7\u00e3o<\/strong>\r\n<\/p>\r\n<\/blockquote>\r\n<\/blockquote>\r\n<\/blockquote>\r\n<\/blockquote>\r\n<blockquote style=\"margin: 0 0 0 40px;border: none;padding: 0px\">\r\n<blockquote style=\"margin: 0 0 0 40px;border: none;padding: 0px\">\r\n<blockquote style=\"margin: 0 0 0 40px;border: none;padding: 0px\">\r\n<blockquote style=\"margin: 0 0 0 40px;border: none;padding: 0px\">\r\n<p>&nbsp;<\/p>\r\n<\/blockquote>\r\n<\/blockquote>\r\n<\/blockquote>\r\n<\/blockquote>\r\n<blockquote style=\"margin: 0 0 0 40px;border: none;padding: 0px\">\r\n<blockquote style=\"margin: 0 0 0 40px;border: none;padding: 0px\">\r\n<blockquote style=\"margin: 0 0 0 40px;border: none;padding: 0px\">\r\n<blockquote style=\"margin: 0 0 0 40px;border: none;padding: 0px\">\r\n<p>Art. 2\u00b0&nbsp; A UFSM conceder\u00e1 anualmente o Destaque em\r\nPesquisa e P\u00f3s-gradua\u00e7\u00e3o.<\/p>\r\n<\/blockquote>\r\n<\/blockquote>\r\n<\/blockquote>\r\n<\/blockquote>\r\n<blockquote style=\"margin: 0 0 0 40px;border: none;padding: 0px\">\r\n<blockquote style=\"margin: 0 0 0 40px;border: none;padding: 0px\">\r\n<blockquote style=\"margin: 0 0 0 40px;border: none;padding: 0px\">\r\n<blockquote style=\"margin: 0 0 0 40px;border: none;padding: 0px\">\r\n<p>Par\u00e1grafo \u00danico. &nbsp;O destaque ser\u00e1 concedido \u00e0 1 (um\/uma)\r\nservidor(a) da UFSM em cada uma das seguintes categorias:<\/p>\r\n<\/blockquote>\r\n<\/blockquote>\r\n<\/blockquote>\r\n<\/blockquote>\r\n<blockquote style=\"margin: 0 0 0 40px;border: none;padding: 0px\">\r\n<blockquote style=\"margin: 0 0 0 40px;border: none;padding: 0px\">\r\n<blockquote style=\"margin: 0 0 0 40px;border: none;padding: 0px\">\r\n<blockquote style=\"margin: 0 0 0 40px;border: none;padding: 0px\">\r\n<p>I - Destaque em Pesquisa: ao(\u00e0) docente que\r\napresente relev\u00e2ncia da sua produ\u00e7\u00e3o cient\u00edfica para o desenvolvimento\r\ninstitucional e para a sociedade; e<\/p>\r\n<\/blockquote>\r\n<\/blockquote>\r\n<\/blockquote>\r\n<\/blockquote>\r\n<blockquote style=\"margin: 0 0 0 40px;border: none;padding: 0px\">\r\n<blockquote style=\"margin: 0 0 0 40px;border: none;padding: 0px\">\r\n<blockquote style=\"margin: 0 0 0 40px;border: none;padding: 0px\">\r\n<blockquote style=\"margin: 0 0 0 40px;border: none;padding: 0px\">\r\n<p>II - Destaque em P\u00f3s-gradua\u00e7\u00e3o: ao(\u00e0) servidor(a)\r\nque apresente contribui\u00e7\u00e3o relevante ao fortalecimento da p\u00f3s-gradua\u00e7\u00e3o na UFSM\r\nou no reconhecimento de um programa de p\u00f3s-gradua\u00e7\u00e3o junto \u00e0 Coordena\u00e7\u00e3o de\r\nAperfei\u00e7oamento de Pessoal de N\u00edvel Superior (CAPES) e \u00e0 sociedade. <\/p>\r\n<\/blockquote>\r\n<\/blockquote>\r\n<\/blockquote>\r\n<\/blockquote>\r\n<blockquote style=\"margin: 0 0 0 40px;border: none;padding: 0px\">\r\n<blockquote style=\"margin: 0 0 0 40px;border: none;padding: 0px\">\r\n<blockquote style=\"margin: 0 0 0 40px;border: none;padding: 0px\">\r\n<blockquote style=\"margin: 0 0 0 40px;border: none;padding: 0px\">\r\n<p>Art. 3\u00b0&nbsp; Os\r\ncrit\u00e9rios de enquadramento e de avalia\u00e7\u00e3o, dentre outros requisitos que se\r\nfa\u00e7am necess\u00e1rios para realizar a avalia\u00e7\u00e3o e conceder o Destaque em Pesquisa e\r\nP\u00f3s-gradua\u00e7\u00e3o ser\u00e3o propostos pela Pr\u00f3-Reitoria de P\u00f3s-Gradua\u00e7\u00e3o e Pesquisa da\r\nUFSM, e divulgados, nos canais institucionais, em edital espec\u00edfico em cada ano\r\nda premia\u00e7\u00e3o.<\/p>\r\n<\/blockquote>\r\n<\/blockquote>\r\n<\/blockquote>\r\n<\/blockquote>\r\n<blockquote style=\"margin: 0 0 0 40px;border: none;padding: 0px\">\r\n<blockquote style=\"margin: 0 0 0 40px;border: none;padding: 0px\">\r\n<blockquote style=\"margin: 0 0 0 40px;border: none;padding: 0px\">\r\n<blockquote style=\"margin: 0 0 0 40px;border: none;padding: 0px\">\r\n<p>(...)<\/p>\r\n<\/blockquote>\r\n<\/blockquote>\r\n<\/blockquote>\r\n<\/blockquote>\r\n<blockquote style=\"margin: 0 0 0 40px;border: none;padding: 0px\">\r\n<blockquote style=\"margin: 0 0 0 40px;border: none;padding: 0px\">\r\n<blockquote style=\"margin: 0 0 0 40px;border: none;padding: 0px\">\r\n<blockquote style=\"margin: 0 0 0 40px;border: none;padding: 0px\">\r\n<p>Art. 24. &nbsp;O\r\nPr\u00eamio Tese UFSM, em cada categoria a ser prevista no edital espec\u00edfico, \u00e9\r\nconcedido de forma individual e intransfer\u00edvel ao(\u00e0) autor(a) do trabalho\r\npremiado.<\/p>\r\n<\/blockquote>\r\n<\/blockquote>\r\n<\/blockquote>\r\n<\/blockquote>\r\n<blockquote style=\"margin: 0 0 0 40px;border: none;padding: 0px\">\r\n<blockquote style=\"margin: 0 0 0 40px;border: none;padding: 0px\">\r\n<blockquote style=\"margin: 0 0 0 40px;border: none;padding: 0px\">\r\n<blockquote style=\"margin: 0 0 0 40px;border: none;padding: 0px\">\r\n<p>(...)\u201d<\/p>\r\n<\/blockquote>\r\n<\/blockquote>\r\n<\/blockquote>\r\n<\/blockquote>\r\n<blockquote style=\"margin: 0 0 0 40px;border: none;padding: 0px\">\r\n<blockquote style=\"margin: 0 0 0 40px;border: none;padding: 0px\">\r\n<blockquote style=\"margin: 0 0 0 40px;border: none;padding: 0px\">\r\n<blockquote style=\"margin: 0 0 0 40px;border: none;padding: 0px\">\r\n<p>(NR)<\/p>\r\n<\/blockquote>\r\n<\/blockquote>\r\n<\/blockquote>\r\n<\/blockquote>\r\n<\/blockquote>\r\n\r\n\r\n\r\n\r\n\r\n\r\n\r\n\r\n\r\n\r\n\r\n\r\n\r\n\r\n\r\n<p>\r\n<a name=\"_heading=h.30j0zll\">\r\n<\/a>\r\n<\/p>\r\n\r\n\r\n\r\n\r\n\r\n\r\n\r\n<p>&nbsp;<\/p>\r\n\r\n<p>Art. 3\u00b0 &nbsp;Fica\r\nacrescentado o par\u00e1grafo \u00fanico ao art. 20 da&nbsp;<a href=\"https:\/\/www.ufsm.br\/pro-reitorias\/proplan\/resolucao-ufsm-n-118-2023\" style=\"color: blue !important;text-decoration: underline !important\" data-elementor-preserved=\"true\">Resolu\u00e7\u00e3o UFSM n\u00b0 118, de 08 de fevereiro de 2023<\/a>, com a\r\nseguinte reda\u00e7\u00e3o:<\/p>\r\n\r\n<p>&nbsp;<\/p>\r\n\r\n<blockquote style=\"margin: 0 0 0 40px;border: none;padding: 0px\">\r\n<blockquote style=\"margin: 0 0 0 40px;border: none;padding: 0px\">\r\n<blockquote style=\"margin: 0 0 0 40px;border: none;padding: 0px\">\r\n<blockquote style=\"margin: 0 0 0 40px;border: none;padding: 0px\">\r\n<blockquote style=\"margin: 0 0 0 40px;border: none;padding: 0px\">\r\n<p>\u201c(...)<\/p>\r\n<\/blockquote>\r\n<\/blockquote>\r\n<\/blockquote>\r\n<\/blockquote>\r\n<blockquote style=\"margin: 0 0 0 40px;border: none;padding: 0px\">\r\n<blockquote style=\"margin: 0 0 0 40px;border: none;padding: 0px\">\r\n<blockquote style=\"margin: 0 0 0 40px;border: none;padding: 0px\">\r\n<blockquote style=\"margin: 0 0 0 40px;border: none;padding: 0px\">\r\n<p>Art. 20.&nbsp;\r\n.........................................................................................................................................................................................................<\/p>\r\n<\/blockquote>\r\n<\/blockquote>\r\n<\/blockquote>\r\n<\/blockquote>\r\n<blockquote style=\"margin: 0 0 0 40px;border: none;padding: 0px\">\r\n<blockquote style=\"margin: 0 0 0 40px;border: none;padding: 0px\">\r\n<blockquote style=\"margin: 0 0 0 40px;border: none;padding: 0px\">\r\n<blockquote style=\"margin: 0 0 0 40px;border: none;padding: 0px\">\r\n<p>Par\u00e1grafo \u00danico. &nbsp;As categorias e os crit\u00e9rios de enquadramento\r\ne de avalia\u00e7\u00e3o, dentre outros requisitos que se fa\u00e7am necess\u00e1rios para realizar\r\na avalia\u00e7\u00e3o e conceder o Pr\u00eamio Tese UFSM ser\u00e3o propostos pela Pr\u00f3-Reitoria de\r\nP\u00f3s-Gradua\u00e7\u00e3o e Pesquisa da UFSM em parceria com a Editora da UFSM, e\r\ndivulgados, nos canais institucionais, em edital espec\u00edfico em cada ano da\r\npremia\u00e7\u00e3o.<\/p>\r\n<\/blockquote>\r\n<\/blockquote>\r\n<\/blockquote>\r\n<\/blockquote>\r\n<blockquote style=\"margin: 0 0 0 40px;border: none;padding: 0px\">\r\n<blockquote style=\"margin: 0 0 0 40px;border: none;padding: 0px\">\r\n<blockquote style=\"margin: 0 0 0 40px;border: none;padding: 0px\">\r\n<blockquote style=\"margin: 0 0 0 40px;border: none;padding: 0px\">\r\n<p>(...)\u201d<\/p>\r\n<\/blockquote>\r\n<\/blockquote>\r\n<\/blockquote>\r\n<\/blockquote>\r\n<blockquote style=\"margin: 0 0 0 40px;border: none;padding: 0px\">\r\n<blockquote style=\"margin: 0 0 0 40px;border: none;padding: 0px\">\r\n<blockquote style=\"margin: 0 0 0 40px;border: none;padding: 0px\">\r\n<blockquote style=\"margin: 0 0 0 40px;border: none;padding: 0px\">\r\n<p>(NR)<\/p>\r\n<\/blockquote>\r\n<\/blockquote>\r\n<\/blockquote>\r\n<\/blockquote>\r\n<\/blockquote>\r\n\r\n\r\n\r\n\r\n\r\n\r\n\r\n\r\n\r\n<p>&nbsp;<\/p>\r\n\r\n<p>Art. 4\u00b0 Ficam revogados os artigos 21, 22, 23 e\r\n27 da <a href=\"https:\/\/www.ufsm.br\/pro-reitorias\/proplan\/resolucao-ufsm-n-118-2023\" style=\"color: blue !important;text-decoration: underline !important\" data-elementor-preserved=\"true\">Resolu\u00e7\u00e3o UFSM n\u00b0 118, de 08 de fevereiro de 2023<\/a>.<\/p>\r\n\r\n<p>Art. 5\u00b0 &nbsp;A\r\ninobserv\u00e2ncia ao disposto nesta Resolu\u00e7\u00e3o n\u00e3o constitui escusa v\u00e1lida para o\r\ndescumprimento da norma nem resulta em sua invalidade.<\/p>\r\n\r\n<p>Art. 6\u00b0 &nbsp;Esta\r\nResolu\u00e7\u00e3o entra em vigor na data de sua publica\u00e7\u00e3o, de acordo com o que prev\u00ea o\r\n<a href=\"https:\/\/www.planalto.gov.br\/ccivil_03\/_ato2023-2026\/2024\/decreto\/d12002.htm\" style=\"color: blue !important;text-decoration: underline !important\" data-elementor-preserved=\"true\">Decreto n\u00b0 12.002, de 22 de abril de 2024<\/a>, art. 18, inciso IV.<\/p>\r\n\r\n<p>&nbsp;<\/p>\r\n\r\n<p align=\"right\">\r\n<a name=\"_heading=h.f9188s6ylw2a\" style=\"text-align: justify\">\r\n<\/a>\r\n<span style=\"text-align: justify\">Luciano\r\nSchuch<\/span>\r\n<\/p>\r\n\r\n<p align=\"right\">\r\n<span style=\"text-align: justify\">Reitor<\/span>\r\n<\/p>\r\n<p align=\"right\">\r\n<span style=\"text-align: justify\">\r\n<br>\r\n<\/span>\r\n<\/p>\r\n<p>\r\n<span style=\"color: red\">Este texto n\u00e3o substitui o documento original, publicado no Portal de Documentos.<\/span> Dispon\u00edvel em <a href=\"https:\/\/portal.ufsm.br\/documentos\/publico\/documento.html?idDocumento=15470557\" style=\"color: blue !important;text-decoration: underline !important\" data-elementor-preserved=\"true\">https:\/\/portal.ufsm.br\/documentos\/publico\/documento.html?idDocumento=15470557<\/a>\r\n<\/p>\r\n\r\n<!--EndFragment-->\r\n<div class=\"normal-text\" style=\"text-align: center\">\r\n<\/div>\r\n<div class=\"normal-text\" style=\"text-align: center\">\r\n<\/div>\r\n<\/font><\/div>\t\t<\/div>\n\t\t\t\t<\/div>\n\t\t\t\t\t<\/div>\n\t\t<\/div>\n\t\t\t\t\t<\/div>\n\t\t<\/section>\n\t\t\t\t<\/div>\n\t\t","protected":false},"excerpt":{"rendered":"<p>MINIST\u00c9RIO DA EDUCA\u00c7\u00c3O UNIVERSIDADE FEDERAL DE SANTA MARIA RESOLU\u00c7\u00c3O UFSM N\u00b0 212, DE 16 DE JUNHO DE 2025 &nbsp; Altera a Resolu\u00e7\u00e3o UFSM n\u00b0 118, de 08 de fevereiro de 2023, que normatiza no \u00e2mbito da Universidade Federal de Santa Maria Destaques Institucionais, a Jornada Acad\u00eamica Integrada (JAI) e premia\u00e7\u00f5es. &nbsp; O REITOR DA UNIVERSIDADE [&hellip;]<\/p>\n","protected":false},"author":8343,"featured_media":0,"parent":0,"menu_order":0,"comment_status":"closed","ping_status":"closed","template":"","meta":{"footnotes":""},"categories":[],"tags":[],"class_list":["post-6675","page","type-page","status-publish","hentry"],"acf":[],"_links":{"self":[{"href":"https:\/\/www.ufsm.br\/pro-reitorias\/proplan\/wp-json\/wp\/v2\/pages\/6675","targetHints":{"allow":["GET"]}}],"collection":[{"href":"https:\/\/www.ufsm.br\/pro-reitorias\/proplan\/wp-json\/wp\/v2\/pages"}],"about":[{"href":"https:\/\/www.ufsm.br\/pro-reitorias\/proplan\/wp-json\/wp\/v2\/types\/page"}],"author":[{"embeddable":true,"href":"https:\/\/www.ufsm.br\/pro-reitorias\/proplan\/wp-json\/wp\/v2\/users\/8343"}],"replies":[{"embeddable":true,"href":"https:\/\/www.ufsm.br\/pro-reitorias\/proplan\/wp-json\/wp\/v2\/comments?post=6675"}],"version-history":[{"count":0,"href":"https:\/\/www.ufsm.br\/pro-reitorias\/proplan\/wp-json\/wp\/v2\/pages\/6675\/revisions"}],"wp:attachment":[{"href":"https:\/\/www.ufsm.br\/pro-reitorias\/proplan\/wp-json\/wp\/v2\/media?parent=6675"}],"wp:term":[{"taxonomy":"category","embeddable":true,"href":"https:\/\/www.ufsm.br\/pro-reitorias\/proplan\/wp-json\/wp\/v2\/categories?post=6675"},{"taxonomy":"post_tag","embeddable":true,"href":"https:\/\/www.ufsm.br\/pro-reitorias\/proplan\/wp-json\/wp\/v2\/tags?post=6675"}],"curies":[{"name":"wp","href":"https:\/\/api.w.org\/{rel}","templated":true}]}}