{"id":6694,"date":"2025-06-30T16:13:42","date_gmt":"2025-06-30T19:13:42","guid":{"rendered":"https:\/\/www.ufsm.br\/pro-reitorias\/proplan\/?page_id=6694"},"modified":"2025-07-01T11:42:56","modified_gmt":"2025-07-01T14:42:56","slug":"resolucao-ufsm-n-215-2025","status":"publish","type":"page","link":"https:\/\/www.ufsm.br\/pro-reitorias\/proplan\/resolucao-ufsm-n-215-2025","title":{"rendered":"RESOLU\u00c7\u00c3O UFSM N\u00b0 215\/2025"},"content":{"rendered":"\t\t<div data-elementor-type=\"wp-page\" data-elementor-id=\"6694\" class=\"elementor elementor-6694\">\n\t\t\t\t\t\t<section class=\"elementor-section elementor-top-section elementor-element elementor-element-7851cfd4 elementor-section-boxed elementor-section-height-default elementor-section-height-default\" data-id=\"7851cfd4\" data-element_type=\"section\">\n\t\t\t\t\t\t<div class=\"elementor-container elementor-column-gap-default\">\n\t\t\t\t\t<div class=\"elementor-column elementor-col-100 elementor-top-column elementor-element elementor-element-2cb308c4\" data-id=\"2cb308c4\" data-element_type=\"column\">\n\t\t\t<div class=\"elementor-widget-wrap elementor-element-populated\">\n\t\t\t\t\t\t<div class=\"elementor-element elementor-element-3daee9d elementor-widget elementor-widget-text-editor\" data-id=\"3daee9d\" data-element_type=\"widget\" data-widget_type=\"text-editor.default\">\n\t\t\t\t<div class=\"elementor-widget-container\">\n\t\t\t\t\t\t\t<!-- wp:tadv\/classic-paragraph \/-->\t\t\t\t\t\t<\/div>\n\t\t\t\t<\/div>\n\t\t\t\t\t<\/div>\n\t\t<\/div>\n\t\t\t\t\t<\/div>\n\t\t<\/section>\n\t\t\t\t<section class=\"elementor-section elementor-top-section elementor-element elementor-element-72e4309 elementor-section-boxed elementor-section-height-default elementor-section-height-default\" data-id=\"72e4309\" data-element_type=\"section\">\n\t\t\t\t\t\t<div class=\"elementor-container elementor-column-gap-default\">\n\t\t\t\t\t<div class=\"elementor-column elementor-col-100 elementor-top-column elementor-element elementor-element-6ed5ac2\" data-id=\"6ed5ac2\" data-element_type=\"column\">\n\t\t\t<div class=\"elementor-widget-wrap elementor-element-populated\">\n\t\t\t\t\t\t<div class=\"elementor-element elementor-element-3b574c6 elementor-widget elementor-widget-html\" data-id=\"3b574c6\" data-element_type=\"widget\" data-widget_type=\"html.default\">\n\t\t\t\t<div class=\"elementor-widget-container\">\n\t\t\t<br><div align=\"justify\"><font color=\"black\">\r\n<div align=\"center\">\r\n<img decoding=\"async\" src=\"https:\/\/www.ufsm.br\/pro-reitorias\/proplan\/wp-content\/uploads\/sites\/344\/2019\/09\/brasao-da-republica-do-brasil-logo.png\" alt=\"Bras\u00e3o Rep\u00fablica Federativa do Brasil\" width=\"6%\" height=\"6%\">\r\n<\/div>\r\n<h4>\r\n<font color=\"blue\">\r\n<font size=\"5\">\r\n<\/font>\r\n<\/font>\r\n<div align=\"center\">\r\n<font color=\"blue\">\r\n<font size=\"5\">MINIST\u00c9RIO DA EDUCA\u00c7\u00c3O<\/font>\r\n<\/font>\r\n<\/div>\r\n<\/h4>\r\n<p>\r\n<b>\r\n<font color=\"0000blue\">\r\n<\/font>\r\n<\/b>\r\n<\/p>\r\n<div align=\"center\">\r\n<b>\r\n<font color=\"0000blue\">UNIVERSIDADE FEDERAL DE SANTA MARIA<\/font>\r\n<\/b>\r\n<\/div>\r\n<p>\r\n<\/p>\r\n\r\n\r\n\r\n\r\n\r\n\r\n\r\n\r\n\r\n\r\n\r\n\r\n\r\n\r\n<!--StartFragment-->\r\n\r\n<p align=\"center\">\r\n<a href=\"https:\/\/portal.ufsm.br\/documentos\/publico\/documento.html?id=15478967\" style=\"color: blue !important;text-decoration: underline !important\" data-elementor-preserved=\"true\">RESOLU\u00c7\u00c3O UFSM N\u00b0 215, DE 27 DE JUNHO DE 2025<\/a>\r\n<\/p>\r\n\r\n<p>&nbsp;<\/p>\r\n\r\n<p>\r\n    <div style=\"color: #800000;width: 60%;margin-left: auto;margin-right: 0;text-align: justify;font-weight: normal\">\r\n      Aprova a cria\u00e7\u00e3o do Curso de Agronomia - Agricultura e Ambiente, em n\u00edvel de doutorado acad\u00eamico, vinculado ao Programa de P\u00f3s-Gradua\u00e7\u00e3o em Agronomia - Agricultura e Ambiente (PPGAAA), do Campus de Frederico Westphalen da Universidade Federal de Santa Maria (UFSM-FW).\r\n    <\/div>\r\n<\/p>\r\n\r\n<p>&nbsp;<\/p>\r\n\r\n<p>O REITOR DA UNIVERSIDADE FEDERAL DE SANTA MARIA, no uso de suas\r\natribui\u00e7\u00f5es legais que lhe confere o <a href=\"https:\/\/www.ufsm.br\/pro-reitorias\/proplan\/estatuto-ufsm-2010\" style=\"color: blue !important;text-decoration: underline !important\" data-elementor-preserved=\"true\">art. 30 do Estatuto da Universidade Federal de Santa Maria<\/a> com as adequa\u00e7\u00f5es aprovadas pela <a href=\"https:\/\/www.ufsm.br\/pro-reitorias\/proplan\/resolucao-n-037-2010\" style=\"color: blue !important;text-decoration: underline !important\" data-elementor-preserved=\"true\">Resolu\u00e7\u00e3o UFSM n\u00b0 037, de 30 de novembro de 2010<\/a>, aprovado pela <a href=\"https:\/\/pesquisa.in.gov.br\/imprensa\/jsp\/visualiza\/index.jsp?data=13\/03\/2014&amp;jornal=1&amp;pagina=43&amp;totalArquivos=100\" style=\"color: blue !important;text-decoration: underline !important\" data-elementor-preserved=\"true\">Portaria n\u00b0 156, de 12 de mar\u00e7o de 2014<\/a>, e publicado no Di\u00e1rio Oficial da Uni\u00e3o em 13 de mar\u00e7o de 2014, tendo em\r\nvista a <a href=\"https:\/\/www.ufsm.br\/pro-reitorias\/proplan\/resolucao-ufsm-n-139-2023\" style=\"color: blue !important;text-decoration: underline !important\" data-elementor-preserved=\"true\">Resolu\u00e7\u00e3o UFSM n\u00b0 139 , de 29 de agosto de 2023<\/a>, a <a href=\"https:\/\/www.in.gov.br\/en\/web\/dou\/-\/portaria-mec-n-213-de-20-de-marco-de-2025-619271317\" style=\"color: blue !important;text-decoration: underline !important\" data-elementor-preserved=\"true\">Portaria do Minist\u00e9rio da Educa\u00e7\u00e3o n\u00b0 213\/2025<\/a>, publicada no Di\u00e1rio Oficial em 21 de mar\u00e7o\r\nde 2025, o <a href=\"https:\/\/www.gov.br\/mec\/pt-br\/cne\/2025\/Fevereiro%202025\/pces177_25.pdf\" style=\"color: blue !important;text-decoration: underline !important\" data-elementor-preserved=\"true\">Parecer CNE\/CES n\u00b0 177\/2025<\/a>, da C\u00e2mara de Educa\u00e7\u00e3o do Conselho de\r\nEduca\u00e7\u00e3o Superior, e o que consta no Processo n\u00b0 <a href=\"https:\/\/portal.ufsm.br\/documentos\/publico\/processo\/documento.html?idDocumento=13973132\" style=\"color: blue !important;text-decoration: underline !important\" data-elementor-preserved=\"true\">23081.011472\/2022-54<\/a>, resolve:<\/p>\r\n\r\n<p>&nbsp;<\/p>\r\n\r\n<p>Art. 1\u00b0&nbsp; Aprovar\r\na cria\u00e7\u00e3o do Curso de Agronomia - Agricultura e Ambiente, em n\u00edvel de doutorado\r\nacad\u00eamico, vinculado ao Programa de P\u00f3s-Gradua\u00e7\u00e3o em Agronomia - Agricultura e\r\nAmbiente (PPGAAA), do Campus de Frederico Westphalen da Universidade Federal de\r\nSanta Maria (UFSM-FW). <\/p>\r\n\r\n<p>Art. 2\u00b0&nbsp; O Artigo 10\r\nda <a href=\"https:\/\/www.ufsm.br\/pro-reitorias\/proplan\/resolucao-ufsm-n-076-2022\" style=\"color: blue !important;text-decoration: underline !important\" data-elementor-preserved=\"true\">Resolu\u00e7\u00e3o UFSM n\u00b0 076 , de 31 de janeiro de 2022<\/a>, passa a vigorar com a\r\nseguinte reda\u00e7\u00e3o:<\/p>\r\n\r\n<p>&nbsp;<\/p>\r\n\r\n<p>\u201c(...)<\/p>\r\n\r\n<p>Art. 10.&nbsp; Os cursos de P\u00f3s-Gradua\u00e7\u00e3o, com situa\u00e7\u00e3o \u201cem\r\natividade\u201d, do Campus da Universidade Federal de Santa Maria em Frederico\r\nWestphalen, s\u00e3o:<\/p>\r\n\r\n<p>I - Agronomia - Agricultura e Ambiente, em n\u00edveis de Mestrado e\r\nDoutorado Acad\u00eamico;<\/p>\r\n\r\n<p>(...)\u201d<\/p>\r\n\r\n<p>(NR)<\/p>\r\n\r\n<p>&nbsp;<\/p>\r\n\r\n<p>Art. 3\u00b0 &nbsp;Caber\u00e1:<\/p>\r\n\r\n<p>I - \u00e0 Coordenadoria de Planejamento Administrativo (COPLAD-PROPLAN)\r\nproceder \u00e0s altera\u00e7\u00f5es nos Sistemas de Estruturantes da Institui\u00e7\u00e3o; e<\/p>\r\n\r\n<p>II - \u00e0 Pr\u00f3-Reitoria de P\u00f3s-Gradua\u00e7\u00e3o e Pesquisa (PRPGP) os ajustes\r\nacad\u00eamicos necess\u00e1rios.<\/p>\r\n\r\n<p>Art. 4\u00b0 &nbsp;A\r\ninobserv\u00e2ncia ao disposto nesta Resolu\u00e7\u00e3o n\u00e3o constitui escusa v\u00e1lida para o\r\ndescumprimento da norma nem resulta em sua invalidade. <\/p>\r\n\r\n<p>Art. 5\u00b0 &nbsp;Esta\r\nResolu\u00e7\u00e3o entra em vigor na data de sua publica\u00e7\u00e3o, de acordo com o que prev\u00ea o\r\n<a href=\"https:\/\/www.planalto.gov.br\/ccivil_03\/_ato2023-2026\/2024\/decreto\/d12002.htm\" style=\"color: blue !important;text-decoration: underline !important\" data-elementor-preserved=\"true\">Decreto n\u00b0 12.002, de 22 de abril de 2024<\/a>, art. 18, inciso IV.<\/p>\r\n\r\n<p>&nbsp;<\/p>\r\n\r\n<p align=\"right\">Luciano Schuch<\/p>\r\n\r\n<p align=\"right\">Reitor<\/p>\r\n<p align=\"right\">\r\n<br>\r\n<\/p>\r\n<p>\r\n<span style=\"color: red\">Este texto n\u00e3o substitui o documento original, publicado no Portal de Documentos.<\/span> Dispon\u00edvel em <a href=\"https:\/\/portal.ufsm.br\/documentos\/publico\/documento.html?id=15478967\" style=\"color: blue !important;text-decoration: underline !important\" data-elementor-preserved=\"true\">https:\/\/portal.ufsm.br\/documentos\/publico\/documento.html?id=15478967<\/a>\r\n<\/p>\r\n\r\n<!--EndFragment-->\r\n<div class=\"normal-text\" style=\"text-align: center\">\r\n<\/div>\r\n<div class=\"normal-text\" style=\"text-align: center\">\r\n<\/div>\r\n<\/font><\/div>\t\t<\/div>\n\t\t\t\t<\/div>\n\t\t\t\t\t<\/div>\n\t\t<\/div>\n\t\t\t\t\t<\/div>\n\t\t<\/section>\n\t\t\t\t<\/div>\n\t\t","protected":false},"excerpt":{"rendered":"<p>MINIST\u00c9RIO DA EDUCA\u00c7\u00c3O UNIVERSIDADE FEDERAL DE SANTA MARIA RESOLU\u00c7\u00c3O UFSM N\u00b0 215, DE 27 DE JUNHO DE 2025 &nbsp; Aprova a cria\u00e7\u00e3o do Curso de Agronomia &#8211; Agricultura e Ambiente, em n\u00edvel de doutorado acad\u00eamico, vinculado ao Programa de P\u00f3s-Gradua\u00e7\u00e3o em Agronomia &#8211; Agricultura e Ambiente (PPGAAA), do Campus de Frederico Westphalen da Universidade Federal [&hellip;]<\/p>\n","protected":false},"author":8863,"featured_media":0,"parent":0,"menu_order":0,"comment_status":"closed","ping_status":"closed","template":"","meta":{"footnotes":""},"categories":[],"tags":[],"class_list":["post-6694","page","type-page","status-publish","hentry"],"acf":[],"_links":{"self":[{"href":"https:\/\/www.ufsm.br\/pro-reitorias\/proplan\/wp-json\/wp\/v2\/pages\/6694","targetHints":{"allow":["GET"]}}],"collection":[{"href":"https:\/\/www.ufsm.br\/pro-reitorias\/proplan\/wp-json\/wp\/v2\/pages"}],"about":[{"href":"https:\/\/www.ufsm.br\/pro-reitorias\/proplan\/wp-json\/wp\/v2\/types\/page"}],"author":[{"embeddable":true,"href":"https:\/\/www.ufsm.br\/pro-reitorias\/proplan\/wp-json\/wp\/v2\/users\/8863"}],"replies":[{"embeddable":true,"href":"https:\/\/www.ufsm.br\/pro-reitorias\/proplan\/wp-json\/wp\/v2\/comments?post=6694"}],"version-history":[{"count":0,"href":"https:\/\/www.ufsm.br\/pro-reitorias\/proplan\/wp-json\/wp\/v2\/pages\/6694\/revisions"}],"wp:attachment":[{"href":"https:\/\/www.ufsm.br\/pro-reitorias\/proplan\/wp-json\/wp\/v2\/media?parent=6694"}],"wp:term":[{"taxonomy":"category","embeddable":true,"href":"https:\/\/www.ufsm.br\/pro-reitorias\/proplan\/wp-json\/wp\/v2\/categories?post=6694"},{"taxonomy":"post_tag","embeddable":true,"href":"https:\/\/www.ufsm.br\/pro-reitorias\/proplan\/wp-json\/wp\/v2\/tags?post=6694"}],"curies":[{"name":"wp","href":"https:\/\/api.w.org\/{rel}","templated":true}]}}