{"id":6699,"date":"2025-07-01T11:28:24","date_gmt":"2025-07-01T14:28:24","guid":{"rendered":"https:\/\/www.ufsm.br\/pro-reitorias\/proplan\/?page_id=6699"},"modified":"2025-07-01T11:28:39","modified_gmt":"2025-07-01T14:28:39","slug":"resolucao-ufsm-no-214-2025","status":"publish","type":"page","link":"https:\/\/www.ufsm.br\/pro-reitorias\/proplan\/resolucao-ufsm-no-214-2025","title":{"rendered":"RESOLU\u00c7\u00c3O UFSM N\u00ba 214\/2025"},"content":{"rendered":"\t\t<div data-elementor-type=\"wp-page\" data-elementor-id=\"6699\" class=\"elementor elementor-6699\">\n\t\t\t\t\t\t<section class=\"elementor-section elementor-top-section elementor-element elementor-element-3401d684 elementor-section-boxed elementor-section-height-default elementor-section-height-default\" data-id=\"3401d684\" data-element_type=\"section\">\n\t\t\t\t\t\t<div class=\"elementor-container elementor-column-gap-default\">\n\t\t\t\t\t<div class=\"elementor-column elementor-col-100 elementor-top-column elementor-element elementor-element-48ba31e2\" data-id=\"48ba31e2\" data-element_type=\"column\">\n\t\t\t<div class=\"elementor-widget-wrap elementor-element-populated\">\n\t\t\t\t\t\t<div class=\"elementor-element elementor-element-64c88e4c elementor-widget elementor-widget-text-editor\" data-id=\"64c88e4c\" data-element_type=\"widget\" data-widget_type=\"text-editor.default\">\n\t\t\t\t<div class=\"elementor-widget-container\">\n\t\t\t\t\t\t\t<!-- wp:tadv\/classic-paragraph \/-->\t\t\t\t\t\t<\/div>\n\t\t\t\t<\/div>\n\t\t\t\t\t<\/div>\n\t\t<\/div>\n\t\t\t\t\t<\/div>\n\t\t<\/section>\n\t\t\t\t<section class=\"elementor-section elementor-top-section elementor-element elementor-element-c258016 elementor-section-boxed elementor-section-height-default elementor-section-height-default\" data-id=\"c258016\" data-element_type=\"section\">\n\t\t\t\t\t\t<div class=\"elementor-container elementor-column-gap-default\">\n\t\t\t\t\t<div class=\"elementor-column elementor-col-100 elementor-top-column elementor-element elementor-element-464df5e\" data-id=\"464df5e\" data-element_type=\"column\">\n\t\t\t<div class=\"elementor-widget-wrap elementor-element-populated\">\n\t\t\t\t\t\t<div class=\"elementor-element elementor-element-b459d1c elementor-widget elementor-widget-html\" data-id=\"b459d1c\" data-element_type=\"widget\" data-widget_type=\"html.default\">\n\t\t\t\t<div class=\"elementor-widget-container\">\n\t\t\t<br><div align=\"justify\"><font color=\"black\">\r\n<div align=\"center\">\r\n<img decoding=\"async\" src=\"https:\/\/www.ufsm.br\/pro-reitorias\/proplan\/wp-content\/uploads\/sites\/344\/2019\/09\/brasao-da-republica-do-brasil-logo.png\" alt=\"Bras\u00e3o Rep\u00fablica Federativa do Brasil\" width=\"6%\" height=\"6%\">\r\n<\/div>\r\n<h4>\r\n<font color=\"blue\">\r\n<font size=\"5\">\r\n<\/font>\r\n<\/font>\r\n<div align=\"center\">\r\n<font color=\"blue\">\r\n<font size=\"5\">MINIST\u00c9RIO DA EDUCA\u00c7\u00c3O<\/font>\r\n<\/font>\r\n<\/div>\r\n<\/h4>\r\n<p>\r\n<b>\r\n<font color=\"0000blue\">\r\n<\/font>\r\n<\/b>\r\n<\/p>\r\n<div align=\"center\">\r\n<b>\r\n<font color=\"0000blue\">UNIVERSIDADE FEDERAL DE SANTA MARIA<\/font>\r\n<\/b>\r\n<\/div>\r\n<p>\r\n<\/p>\r\n\r\n\r\n\r\n\r\n\r\n\r\n\r\n\r\n\r\n\r\n\r\n\r\n\r\n\r\n<!--StartFragment-->\r\n\r\n<p align=\"center\">\r\n<a href=\"https:\/\/portal.ufsm.br\/documentos\/publico\/documento.html?id=15479922\" style=\"color: blue !important;text-decoration: underline !important\" data-elementor-preserved=\"true\">\r\n<b>RESOLU\u00c7\u00c3O UFSM N\u00b0 214, DE 24 DE JUNHO DE 2025<\/b>\r\n<\/a>\r\n<span style=\"text-align: justify\">\r\n<\/span>\r\n<\/p>\r\n<p align=\"center\">\r\n<br>\r\n<\/p>\r\n\r\n<p>\r\n    <div style=\"color: #800000;width: 60%;margin-left: auto;margin-right: 0;text-align: justify;font-weight: normal\">\r\n      Altera a denomina\u00e7\u00e3o do curso - Programa de P\u00f3s-gradua\u00e7\u00e3o em Farmacologia em n\u00edveis de Mestrado e Doutorado acad\u00eamico, vinculado ao Centro de Ci\u00eancias da Sa\u00fade (CCS), campus sede da Universidade Federal de Santa Maria (UFSM).\r\n    <\/div>\r\n<\/p>\r\n\r\n<p>&nbsp;<\/p>\r\n\r\n<p>O REITOR DA UNIVERSIDADE FEDERAL DE SANTA MARIA, no uso de\r\nsuas atribui\u00e7\u00f5es legais que lhe confere o art. 30 do <a href=\"https:\/\/www.ufsm.br\/pro-reitorias\/proplan\/estatuto-ufsm-2010\" style=\"color: blue !important;text-decoration: underline !important\" data-elementor-preserved=\"true\">Estatuto da Universidade Federal de Santa Maria<\/a> com as adequa\u00e7\u00f5es aprovadas pela <a href=\"https:\/\/www.ufsm.br\/pro-reitorias\/proplan\/resolucao-n-037-2010\" style=\"color: blue !important;text-decoration: underline !important\" data-elementor-preserved=\"true\">Resolu\u00e7\u00e3o UFSM n\u00b0 037, de 30 de novembro de 2010<\/a>, aprovado pela <a href=\"https:\/\/pesquisa.in.gov.br\/imprensa\/jsp\/visualiza\/index.jsp?data=13\/03\/2014&amp;jornal=1&amp;pagina=43&amp;totalArquivos=100\" style=\"color: blue !important;text-decoration: underline !important\" data-elementor-preserved=\"true\">Portaria n\u00b0 156, de 12 de mar\u00e7o de 2014<\/a>, e publicado no Di\u00e1rio Oficial da Uni\u00e3o em 13 de mar\u00e7o de 2014, tendo em\r\nvista a Portaria CAPES n\u00b0 48, de 11 de mar\u00e7o de 2011, a <a href=\"https:\/\/www.ufsm.br\/pro-reitorias\/proplan\/resolucao-ufsm-n-139-2023\" style=\"color: blue !important;text-decoration: underline !important\" data-elementor-preserved=\"true\">Resolu\u00e7\u00e3o UFSM n\u00b0 139, de 29 de agosto de 2023<\/a>, a <a href=\"https:\/\/www.ufsm.br\/pro-reitorias\/proplan\/resolucao-ufsm-n-076-2022\" style=\"color: blue !important;text-decoration: underline !important\" data-elementor-preserved=\"true\">Resolu\u00e7\u00e3o UFSM n\u00b0 076, de 31 de janeiro de 2022<\/a>, e o\r\nque consta no processo n\u00b0 <a href=\"https:\/\/portal.ufsm.br\/documentos\/publico\/documento.html?id=15029284\" style=\"color: blue !important;text-decoration: underline !important\" data-elementor-preserved=\"true\">23081.042355\/2024-02<\/a>, resolve:<\/p>\r\n\r\n<p>&nbsp;<\/p>\r\n\r\n<p>Art. 1\u00b0&nbsp; Alterar a\r\ndenomina\u00e7\u00e3o do curso - Programa de P\u00f3s-gradua\u00e7\u00e3o em Farmacologia, em n\u00edveis de Mestrado\r\ne Doutorado acad\u00eamico, vinculado ao Centro de Ci\u00eancias da Sa\u00fade (CCS), campus\r\nsede da Universidade Federal de Santa Maria (UFSM).<\/p>\r\n\r\n<p>Par\u00e1grafo \u00fanico. &nbsp;O curso\r\n- Programa de P\u00f3s-gradua\u00e7\u00e3o em Farmacologia passa a denominar-se curso -\r\nPrograma de P\u00f3s-gradua\u00e7\u00e3o em Ci\u00eancias Biol\u00f3gicas: Farmacologia (PPGCBF).<\/p>\r\n\r\n<p>Art. 2\u00b0&nbsp; O Artigo 4\u00b0\r\nda\r\n<a href=\"https:\/\/www.ufsm.br\/pro-reitorias\/proplan\/resolucao-ufsm-n-076-2022\" style=\"color: blue !important;text-decoration: underline !important\" data-elementor-preserved=\"true\">Resolu\u00e7\u00e3o UFSM n\u00b0 076, de 31 de janeiro de 2022<\/a>, passa a vigorar com a\r\nseguinte reda\u00e7\u00e3o:<\/p>\r\n\r\n<p>&nbsp;<\/p>\r\n\r\n<p>\u201c(...)<\/p>\r\n\r\n<p>Art. 4\u00b0 &nbsp;Os cursos de P\u00f3s-Gradua\u00e7\u00e3o, com situa\u00e7\u00e3o \u201cem\r\natividade\u201d, do Centro de Ci\u00eancias da Sa\u00fade (CCS), s\u00e3o:<\/p>\r\n\r\n<p>(...)<\/p>\r\n\r\n<p>VI - Ci\u00eancias Biol\u00f3gicas:\r\nFarmacologia, em n\u00edveis de Mestrado e Doutorado Acad\u00eamico;<\/p>\r\n\r\n<p>(...)\u201d<\/p>\r\n\r\n<p>(NR)<\/p>\r\n\r\n<p>&nbsp;<\/p>\r\n\r\n<p>Art. 3\u00b0 &nbsp;Caber\u00e1:<\/p>\r\n\r\n<p>I - \u00e0 Coordenadoria de Planejamento Administrativo (COPLAD-PROPLAN)\r\nproceder \u00e0s altera\u00e7\u00f5es nos Sistemas de Estruturantes da Institui\u00e7\u00e3o; <\/p>\r\n\r\n<p>II - \u00e0 Pr\u00f3-Reitoria de P\u00f3s-Gradua\u00e7\u00e3o e Pesquisa (PRPGP) os ajustes\r\nacad\u00eamicos necess\u00e1rios;<\/p>\r\n\r\n<p>III - \u00e0 Pr\u00f3-Reitoria de Gest\u00e3o de Pessoas (PROGEP) a remo\u00e7\u00e3o\r\ndos servidores e o remanejo das fun\u00e7\u00f5es de chefia; <\/p>\r\n\r\n<p>IV - ao Departamento de Material e Patrim\u00f4nio (DEMAPA) a adequa\u00e7\u00e3o\r\ndos registros dos m\u00f3veis e equipamentos;<\/p>\r\n\r\n<p>V - ao Departamento de Arquivo Geral (DAG) o tratamento dos\r\ndocumentos arquiv\u00edsticos; e <\/p>\r\n\r\n<p>VI - ao Centro de Processamento de Dados (CPD) as adequa\u00e7\u00f5es\r\nnecess\u00e1rias nos sistemas institucionais.<\/p>\r\n\r\n<p>Art. 4\u00b0&nbsp; A inobserv\u00e2ncia\r\nao disposto nesta Resolu\u00e7\u00e3o n\u00e3o constitui escusa v\u00e1lida para o descumprimento\r\nda norma nem resulta em sua invalidade.<\/p>\r\n\r\n<p>Art. 5\u00b0&nbsp; Esta\r\nResolu\u00e7\u00e3o entra em vigor na data de sua publica\u00e7\u00e3o, de acordo com o que prev\u00ea o\r\n<a href=\"https:\/\/www.planalto.gov.br\/ccivil_03\/_ato2023-2026\/2024\/decreto\/d12002.htm\" style=\"color: blue !important;text-decoration: underline !important\" data-elementor-preserved=\"true\">Decreto n\u00b0 12.002, de 22 de abril de 2024<\/a>, art. 18, inciso IV.<\/p>\r\n\r\n<p>&nbsp;<\/p>\r\n\r\n<p align=\"right\">Luciano Schuch<\/p>\r\n\r\n<p align=\"right\">Reitor<\/p>\r\n<p>\r\n<span style=\"color: red\">Este texto n\u00e3o substitui o documento original, publicado no Portal de Documentos.<\/span> Dispon\u00edvel em <a href=\"https:\/\/portal.ufsm.br\/documentos\/publico\/documento.html?id=15479922\" style=\"color: blue !important;text-decoration: underline !important\" data-elementor-preserved=\"true\">https:\/\/portal.ufsm.br\/documentos\/publico\/documento.html?id=15479922<\/a>\r\n<\/p>\r\n\r\n<!--EndFragment-->\r\n<div class=\"normal-text\" style=\"text-align: center\">\r\n<\/div>\r\n<div class=\"normal-text\" style=\"text-align: center\">\r\n<\/div>\r\n<\/font><\/div>\t\t<\/div>\n\t\t\t\t<\/div>\n\t\t\t\t\t<\/div>\n\t\t<\/div>\n\t\t\t\t\t<\/div>\n\t\t<\/section>\n\t\t\t\t<\/div>\n\t\t","protected":false},"excerpt":{"rendered":"<p>MINIST\u00c9RIO DA EDUCA\u00c7\u00c3O UNIVERSIDADE FEDERAL DE SANTA MARIA RESOLU\u00c7\u00c3O UFSM N\u00b0 214, DE 24 DE JUNHO DE 2025 Altera a denomina\u00e7\u00e3o do curso &#8211; Programa de P\u00f3s-gradua\u00e7\u00e3o em Farmacologia em n\u00edveis de Mestrado e Doutorado acad\u00eamico, vinculado ao Centro de Ci\u00eancias da Sa\u00fade (CCS), campus sede da Universidade Federal de Santa Maria (UFSM). &nbsp; O [&hellip;]<\/p>\n","protected":false},"author":8863,"featured_media":0,"parent":0,"menu_order":0,"comment_status":"closed","ping_status":"closed","template":"","meta":{"footnotes":""},"categories":[],"tags":[],"class_list":["post-6699","page","type-page","status-publish","hentry"],"acf":[],"_links":{"self":[{"href":"https:\/\/www.ufsm.br\/pro-reitorias\/proplan\/wp-json\/wp\/v2\/pages\/6699","targetHints":{"allow":["GET"]}}],"collection":[{"href":"https:\/\/www.ufsm.br\/pro-reitorias\/proplan\/wp-json\/wp\/v2\/pages"}],"about":[{"href":"https:\/\/www.ufsm.br\/pro-reitorias\/proplan\/wp-json\/wp\/v2\/types\/page"}],"author":[{"embeddable":true,"href":"https:\/\/www.ufsm.br\/pro-reitorias\/proplan\/wp-json\/wp\/v2\/users\/8863"}],"replies":[{"embeddable":true,"href":"https:\/\/www.ufsm.br\/pro-reitorias\/proplan\/wp-json\/wp\/v2\/comments?post=6699"}],"version-history":[{"count":0,"href":"https:\/\/www.ufsm.br\/pro-reitorias\/proplan\/wp-json\/wp\/v2\/pages\/6699\/revisions"}],"wp:attachment":[{"href":"https:\/\/www.ufsm.br\/pro-reitorias\/proplan\/wp-json\/wp\/v2\/media?parent=6699"}],"wp:term":[{"taxonomy":"category","embeddable":true,"href":"https:\/\/www.ufsm.br\/pro-reitorias\/proplan\/wp-json\/wp\/v2\/categories?post=6699"},{"taxonomy":"post_tag","embeddable":true,"href":"https:\/\/www.ufsm.br\/pro-reitorias\/proplan\/wp-json\/wp\/v2\/tags?post=6699"}],"curies":[{"name":"wp","href":"https:\/\/api.w.org\/{rel}","templated":true}]}}