{"id":6722,"date":"2025-07-14T11:11:09","date_gmt":"2025-07-14T14:11:09","guid":{"rendered":"https:\/\/www.ufsm.br\/pro-reitorias\/proplan\/?page_id=6722"},"modified":"2025-07-14T11:37:39","modified_gmt":"2025-07-14T14:37:39","slug":"instrucao-normativa-prpgp-ufsm-015-2025","status":"publish","type":"page","link":"https:\/\/www.ufsm.br\/pro-reitorias\/proplan\/instrucao-normativa-prpgp-ufsm-015-2025","title":{"rendered":"Instru\u00e7\u00e3o Normativa PRPGP\/UFSM N\u00ba 015\/2025"},"content":{"rendered":"\t\t<div data-elementor-type=\"wp-page\" data-elementor-id=\"6722\" class=\"elementor elementor-6722\">\n\t\t\t\t\t\t<section class=\"elementor-section elementor-top-section elementor-element elementor-element-3b821a91 elementor-section-boxed elementor-section-height-default elementor-section-height-default\" data-id=\"3b821a91\" data-element_type=\"section\">\n\t\t\t\t\t\t<div class=\"elementor-container elementor-column-gap-default\">\n\t\t\t\t\t<div class=\"elementor-column elementor-col-100 elementor-top-column elementor-element elementor-element-510fb2f2\" data-id=\"510fb2f2\" data-element_type=\"column\">\n\t\t\t<div class=\"elementor-widget-wrap elementor-element-populated\">\n\t\t\t\t\t\t<div class=\"elementor-element elementor-element-4d3e9b1b elementor-widget elementor-widget-text-editor\" data-id=\"4d3e9b1b\" data-element_type=\"widget\" data-widget_type=\"text-editor.default\">\n\t\t\t\t<div class=\"elementor-widget-container\">\n\t\t\t\t\t\t\t<!-- wp:tadv\/classic-paragraph \/-->\n\n<!-- wp:tadv\/classic-paragraph \/-->\t\t\t\t\t\t<\/div>\n\t\t\t\t<\/div>\n\t\t\t\t\t<\/div>\n\t\t<\/div>\n\t\t\t\t\t<\/div>\n\t\t<\/section>\n\t\t\t\t<section class=\"elementor-section elementor-top-section elementor-element elementor-element-f4de848 elementor-section-boxed elementor-section-height-default elementor-section-height-default\" data-id=\"f4de848\" data-element_type=\"section\">\n\t\t\t\t\t\t<div class=\"elementor-container elementor-column-gap-default\">\n\t\t\t\t\t<div class=\"elementor-column elementor-col-100 elementor-top-column elementor-element elementor-element-dfef9b9\" data-id=\"dfef9b9\" data-element_type=\"column\">\n\t\t\t<div class=\"elementor-widget-wrap elementor-element-populated\">\n\t\t\t\t\t\t<div class=\"elementor-element elementor-element-bb4f2ea elementor-widget elementor-widget-html\" data-id=\"bb4f2ea\" data-element_type=\"widget\" data-widget_type=\"html.default\">\n\t\t\t\t<div class=\"elementor-widget-container\">\n\t\t\t<br><div align=\"justify\"><font color=\"black\">\r\n<div align=\"center\">\r\n<img decoding=\"async\" src=\"https:\/\/www.ufsm.br\/pro-reitorias\/proplan\/wp-content\/uploads\/sites\/344\/2019\/09\/brasao-da-republica-do-brasil-logo.png\" alt=\"Bras\u00e3o Rep\u00fablica Federativa do Brasil\" width=\"6%\" height=\"6%\">\r\n<\/div>\r\n<h4>\r\n<font color=\"blue\">\r\n<font size=\"5\">\r\n<\/font>\r\n<\/font>\r\n<div align=\"center\">\r\n<font color=\"blue\">\r\n<font size=\"5\">MINIST\u00c9RIO DA EDUCA\u00c7\u00c3O<\/font>\r\n<\/font>\r\n<\/div>\r\n<\/h4>\r\n<p>\r\n<b>\r\n<font color=\"0000blue\">\r\n<\/font>\r\n<\/b>\r\n<\/p>\r\n<div align=\"center\">\r\n<b>\r\n<font color=\"0000blue\">UNIVERSIDADE FEDERAL DE SANTA MARIA<\/font>\r\n<\/b>\r\n<\/div>\r\n<div align=\"center\">\r\n<b>\r\n<font color=\"0000blue\">PR\u00d3-REITORIA DE P\u00d3S-GRADUA\u00c7\u00c3O E PESQUISA<\/font>\r\n<\/b>\r\n<\/div>\r\n<div align=\"center\">\r\n<b>\r\n<font color=\"0000blue\">\r\n<br>\r\n<\/font>\r\n<\/b>\r\n<\/div>\r\n<p>\r\n<\/p>\r\n<!--StartFragment-->\r\n<p style=\"text-align: center\">\r\n<a href=\"https:\/\/portal.ufsm.br\/documentos\/publico\/documento.html?id=15491597\" style=\"color: blue !important;text-decoration: underline !important\" data-elementor-preserved=\"true\">\r\n<b>INSTRU\u00c7\u00c3O NORMATIVA PRPGP\/UFSM N\u00b0 015, DE 10 DE JULHO DE 2025<\/b>\r\n<\/a>\r\n<\/p>\r\n<p>&nbsp;<\/p>\r\n<p>\r\n    <div style=\"color: #800000;width: 60%;margin-left: auto;margin-right: 0;text-align: justify;font-weight: normal\">\r\n      Estabelece os procedimentos para equival\u00eancia de t\u00edtulo expedido por institui\u00e7\u00e3o de ensino estrangeira de Professor Visitante Estrangeiro (PVE) para fins de contrato de trabalho tempor\u00e1rio na Universidade Federal de Santa Maria.\r\n    <\/div>\r\n<\/p>\r\n<p>&nbsp;<\/p>\r\n<p>A PR\u00d3-REITORA DE P\u00d3S-GRADUA\u00c7\u00c3O E PESQUISA (PRPGP), no uso de suas atribui\u00e7\u00f5es legais que lhe confere o art. 184 da <a href=\"https:\/\/www.ufsm.br\/pro-reitorias\/proplan\/resolucao-ufsm-n-104-2022\" style=\"color: blue !important;text-decoration: underline !important\" data-elementor-preserved=\"true\">Resolu\u00e7\u00e3o UFSM n\u00b0 104, de 03 de outubro de 2022<\/a>, tendo em vista a <a href=\"https:\/\/www.ufsm.br\/pro-reitorias\/proplan\/resolucao-ufsm-n-173-2024\" style=\"color: blue !important;text-decoration: underline !important\" data-elementor-preserved=\"true\">Resolu\u00e7\u00e3o n\u00b0 173, de 20 de agosto de 2024<\/a>, e o que consta no processo <a href=\"https:\/\/portal.ufsm.br\/documentos\/usuario\/processo\/documento.html?idDocumento=15486986\" style=\"color: blue !important;text-decoration: underline !important\" data-elementor-preserved=\"true\">23081.081617\/2025-27<\/a>, resolve:<\/p>\r\n<p>&nbsp;<\/p>\r\n<p>Art. 1\u00b0 Estabelece o procedimento de an\u00e1lise e emiss\u00e3o da declara\u00e7\u00e3o de equival\u00eancia de t\u00edtulo expedido por institui\u00e7\u00e3o de ensino estrangeira do(a) candidato(a) selecionado(a) no \u00e2mbito do Edital de Sele\u00e7\u00e3o P\u00fablica para Professor Visitante Estrangeiro (PVE) da Universidade Federal de Santa Maria (UFSM), para fins exclusivos e espec\u00edficos de viabiliza\u00e7\u00e3o de contrato de trabalho tempor\u00e1rio nesta Universidade.<\/p>\r\n<p>\r\n<br>\r\n<\/p>\r\n<p>Art. 2\u00b0 O procedimento simplificado de equival\u00eancia de t\u00edtulo expedido por institui\u00e7\u00e3o de ensino estrangeira previsto nesta Instru\u00e7\u00e3o Normativa fundamenta-se na autonomia universit\u00e1ria conferida pelo<a href=\"https:\/\/www.planalto.gov.br\/ccivil_03\/constituicao\/constituicao.htm\" style=\"color: blue !important;text-decoration: underline !important\" data-elementor-preserved=\"true\"> art. 207 da Constitui\u00e7\u00e3o Federal<\/a>, sendo adotado de forma excepcional e restrita, com a finalidade de viabilizar, de maneira \u00e1gil, a contrata\u00e7\u00e3o tempor\u00e1ria de docentes estrangeiros na condi\u00e7\u00e3o de Professor Visitante. <\/p>\r\n<p>&nbsp;<\/p>\r\n<p>Art. 3\u00b0 A PRPGP emitir\u00e1 a declara\u00e7\u00e3o de equival\u00eancia de t\u00edtulo expedido por institui\u00e7\u00e3o de ensino estrangeira, restrito \u00e0 finalidade de contrata\u00e7\u00e3o tempor\u00e1ria no cargo de PVE no \u00e2mbito da UFSM.<\/p>\r\n<p>\u00a71\u00ba Esta declara\u00e7\u00e3o de equival\u00eancia n\u00e3o equivale ao processo formal de revalida\u00e7\u00e3o ou reconhecimento de diplomas estrangeiros para fins gerais de exerc\u00edcio profissional no Brasil.<\/p>\r\n<p>\u00a72\u00ba O presente procedimento n\u00e3o produz efeitos para outros fins que n\u00e3o os aqui expressamente previstos.<\/p>\r\n<p>\r\n<br>\r\n<\/p>\r\n<p>Art. 4\u00b0 O processo de contrata\u00e7\u00e3o de PVE dever\u00e1 observar, al\u00e9m desta Instru\u00e7\u00e3o Normativa, as disposi\u00e7\u00f5es constantes na <a href=\"https:\/\/www.ufsm.br\/pro-reitorias\/proplan\/resolucao-ufsm-n-173-2024\" style=\"color: blue !important;text-decoration: underline !important\" data-elementor-preserved=\"true\">Resolu\u00e7\u00e3o N. 173\/2024\/UFSM<\/a>, <a href=\"https:\/\/www.ufsm.br\/pro-reitorias\/proplan\/instrucao-normativa-prpgp-progep-01-2024\" style=\"color: blue !important;text-decoration: underline !important\" data-elementor-preserved=\"true\">Instru\u00e7\u00e3o Normativa Conjunta N. 01\/2024\/PRPGP-PROGEP<\/a> e os respectivos editais p\u00fablicos de processo seletivo para PVE na UFSM.<\/p>\r\n<p>\r\n<br>\r\n<\/p>\r\n<p>Art. 5\u00b0 O processo de equival\u00eancia de t\u00edtulo expedido por institui\u00e7\u00e3o de ensino estrangeira, para docentes selecionados nos Editais de Sele\u00e7\u00e3o P\u00fablica de PVE na UFSM, dever\u00e1 conter obrigatoriamente os seguintes documentos:<\/p>\r\n<p>I \u2013 Formul\u00e1rio de solicita\u00e7\u00e3o de equival\u00eancia de t\u00edtulo (modelo em anexo);<\/p>\r\n<p>II \u2013 C\u00f3pia do diploma estrangeiro do(a) PVE;<\/p>\r\n<p>III \u2013 C\u00f3pia do passaporte ou documento de identifica\u00e7\u00e3o com foto do(a) PVE selecionado(a);<\/p>\r\n<p>IV \u2013 Resultado do Edital de Processo Seletivo que selecionou o PVE para atuar na UFSM.<\/p>\r\n<p>Par\u00e1grafo \u00fanico. Documentos adicionais poder\u00e3o ser exigidos, se necess\u00e1rios para an\u00e1lise do pedido.<\/p>\r\n<p>&nbsp;<\/p>\r\n<p>Art. 6\u00b0 O processo dever\u00e1 ser instru\u00eddo e tramitado exclusivamente via sistema PEN da UFSM, com abertura realizada pelo Programa de P\u00f3s-gradua\u00e7\u00e3o (PPG) respons\u00e1vel pela sele\u00e7\u00e3o do(a) PVE.<\/p>\r\n<p>\u00a71\u00b0 O tipo documental a ser utilizado para abertura do processo no PEN ser\u00e1 \"Memorando de Comunica\u00e7\u00e3o entre Unidades\".<\/p>\r\n<p>\u00a72\u00b0 Constar no despacho: Equival\u00eancia de t\u00edtulo expedido por institui\u00e7\u00e3o de ensino estrangeira para PVE UFSM.<\/p>\r\n<p>\u00a73\u00b0 O fluxo de tramita\u00e7\u00e3o seguir\u00e1 a seguinte ordem: <\/p>\r\n<p>PPG &gt; CAPR &gt; COINTER &gt; CAPR &gt; PRPGP &gt; PROGEP &gt; PPG.<\/p>\r\n<p>(PPG: Programa de P\u00f3s-Gradua\u00e7\u00e3o)<\/p>\r\n<p>(CAPR: Coordenadoria de A\u00e7\u00f5es e Programas Estrat\u00e9gicos da PRPGP; c\u00f3digo 01.09.26.00.0.0)<\/p>\r\n<p>(COINTER: Comit\u00ea de Internacionaliza\u00e7\u00e3o da Secretaria de Apoio Internacional)<\/p>\r\n<p>(PRPGP: Pr\u00f3-reitoria de P\u00f3s-gradua\u00e7\u00e3o e Pesquisa)<\/p>\r\n<p>(PROGEP: Pr\u00f3-reitoria de Gest\u00e3o de Pessoas)<\/p>\r\n<p>\u00a74\u00b0 As etapas do processo s\u00e3o:<\/p>\r\n<ol>\r\n<li style=\"text-align: justify\">\r\n<p>O PPG que selecionou o PVE abrir\u00e1 o processo administrativo via PEN, com inclus\u00e3o de todos os documentos listados no Art. 5\u00ba e despacha \u00e0 CAPR;<\/p>\r\n<\/li>\r\n<li style=\"text-align: justify\">\r\n<p>A CAPR analisar\u00e1 a documenta\u00e7\u00e3o e encaminhar\u00e1 ao COINTER para parecer consultivo;<\/p>\r\n<\/li>\r\n<li style=\"text-align: justify\">\r\n<p>O COINTER devolver\u00e1 \u00e0 CAPR para elabora\u00e7\u00e3o do parecer final pela PRPGP;<\/p>\r\n<\/li>\r\n<li style=\"text-align: justify\">\r\n<p>A PRPGP enviar\u00e1 o processo \u00e0 PROGEP para os procedimentos finais de contrata\u00e7\u00e3o.<\/p>\r\n<\/li>\r\n<\/ol>\r\n<p>&nbsp;<\/p>\r\n<p>Art. 7\u00b0 A inobserv\u00e2ncia ao disposto nesta Instru\u00e7\u00e3o Normativa n\u00e3o constitui escusa v\u00e1lida para o descumprimento da norma nem resulta em sua invalidade.<\/p>\r\n<p>\r\n<br>\r\n<\/p>\r\n<p>\r\n<a name=\"_heading=h.3znysh7\">Art. 8\u00b0 Esta Instru\u00e7\u00e3o Normativa entra em vigor na data de sua publica\u00e7\u00e3o, de acordo com o que prev\u00ea o <a href=\"https:\/\/www.planalto.gov.br\/ccivil_03\/_ato2023-2026\/2024\/decreto\/D12002.htm\" style=\"color: blue !important;text-decoration: underline !important\" data-elementor-preserved=\"true\">Decreto n\u00b0 12.002, de 22 de abril de 2024, art. 18, IV<\/a>. <\/a>\r\n<\/p>\r\n<p>\r\n<a name=\"_heading=h.3znysh7\">&nbsp;<\/a>\r\n<\/p>\r\n<p>\r\n<a name=\"_heading=h.3znysh7\">&nbsp;<\/a>\r\n<\/p>\r\n<p style=\"text-align: right\">\r\n<a name=\"_heading=h.3znysh7\">Cristina Wayne Nogueira<\/a>\r\n<\/p>\r\n<p style=\"text-align: right\">\r\n<a name=\"_heading=h.3znysh7\">Pr\u00f3-reitora de P\u00f3s-gradua\u00e7\u00e3o e Pesquisa<\/a>\r\n<\/p>\r\n<p style=\"text-align: right\">\r\n<a name=\"_heading=h.3znysh7\">\r\n<\/a>\r\n<\/p>\r\n<p>\r\n<span style=\"color: red\">Este texto n\u00e3o substitui o documento original, publicado no Portal de Documentos.<\/span> Dispon\u00edvel em <a href=\"https:\/\/portal.ufsm.br\/documentos\/publico\/documento.html?id=15491597\" style=\"color: blue !important;text-decoration: underline !important\" data-elementor-preserved=\"true\">https:\/\/portal.ufsm.br\/documentos\/publico\/documento.html?id=15491597<\/a>\r\n<\/p>\r\n<p style=\"text-align: right\">\r\n<a name=\"_heading=h.3znysh7\">&nbsp;<\/a>\r\n<\/p>\r\n<!--EndFragment-->\r\n<a name=\"_heading=h.3znysh7\">\r\n<\/a>\r\n<div class=\"normal-text\" style=\"text-align: center\">\r\n<\/div>\r\n<div class=\"normal-text\" style=\"text-align: center\">\r\n<\/div>\r\n<\/font><\/div>\t\t<\/div>\n\t\t\t\t<\/div>\n\t\t\t\t\t<\/div>\n\t\t<\/div>\n\t\t\t\t\t<\/div>\n\t\t<\/section>\n\t\t\t\t<\/div>\n\t\t","protected":false},"excerpt":{"rendered":"<p>MINIST\u00c9RIO DA EDUCA\u00c7\u00c3O UNIVERSIDADE FEDERAL DE SANTA MARIA PR\u00d3-REITORIA DE P\u00d3S-GRADUA\u00c7\u00c3O E PESQUISA INSTRU\u00c7\u00c3O NORMATIVA PRPGP\/UFSM N\u00b0 015, DE 10 DE JULHO DE 2025 &nbsp; Estabelece os procedimentos para equival\u00eancia de t\u00edtulo expedido por institui\u00e7\u00e3o de ensino estrangeira de Professor Visitante Estrangeiro (PVE) para fins de contrato de trabalho tempor\u00e1rio na Universidade Federal de Santa [&hellip;]<\/p>\n","protected":false},"author":8863,"featured_media":0,"parent":0,"menu_order":0,"comment_status":"closed","ping_status":"closed","template":"","meta":{"footnotes":""},"categories":[],"tags":[],"class_list":["post-6722","page","type-page","status-publish","hentry"],"acf":[],"_links":{"self":[{"href":"https:\/\/www.ufsm.br\/pro-reitorias\/proplan\/wp-json\/wp\/v2\/pages\/6722","targetHints":{"allow":["GET"]}}],"collection":[{"href":"https:\/\/www.ufsm.br\/pro-reitorias\/proplan\/wp-json\/wp\/v2\/pages"}],"about":[{"href":"https:\/\/www.ufsm.br\/pro-reitorias\/proplan\/wp-json\/wp\/v2\/types\/page"}],"author":[{"embeddable":true,"href":"https:\/\/www.ufsm.br\/pro-reitorias\/proplan\/wp-json\/wp\/v2\/users\/8863"}],"replies":[{"embeddable":true,"href":"https:\/\/www.ufsm.br\/pro-reitorias\/proplan\/wp-json\/wp\/v2\/comments?post=6722"}],"version-history":[{"count":0,"href":"https:\/\/www.ufsm.br\/pro-reitorias\/proplan\/wp-json\/wp\/v2\/pages\/6722\/revisions"}],"wp:attachment":[{"href":"https:\/\/www.ufsm.br\/pro-reitorias\/proplan\/wp-json\/wp\/v2\/media?parent=6722"}],"wp:term":[{"taxonomy":"category","embeddable":true,"href":"https:\/\/www.ufsm.br\/pro-reitorias\/proplan\/wp-json\/wp\/v2\/categories?post=6722"},{"taxonomy":"post_tag","embeddable":true,"href":"https:\/\/www.ufsm.br\/pro-reitorias\/proplan\/wp-json\/wp\/v2\/tags?post=6722"}],"curies":[{"name":"wp","href":"https:\/\/api.w.org\/{rel}","templated":true}]}}