{"id":6724,"date":"2025-07-14T11:24:36","date_gmt":"2025-07-14T14:24:36","guid":{"rendered":"https:\/\/www.ufsm.br\/pro-reitorias\/proplan\/?page_id=6724"},"modified":"2025-07-14T11:37:52","modified_gmt":"2025-07-14T14:37:52","slug":"anexo-i-da-instrucao-normativa-prpgp-ufsm-015-2025","status":"publish","type":"page","link":"https:\/\/www.ufsm.br\/pro-reitorias\/proplan\/anexo-i-da-instrucao-normativa-prpgp-ufsm-015-2025","title":{"rendered":"Anexo I da Instru\u00e7\u00e3o Normativa PRPGP\/UFSM N\u00ba 015\/2025"},"content":{"rendered":"\t\t<div data-elementor-type=\"wp-page\" data-elementor-id=\"6724\" class=\"elementor elementor-6724\">\n\t\t\t\t\t\t<section class=\"elementor-section elementor-top-section elementor-element elementor-element-4b8482c elementor-section-boxed elementor-section-height-default elementor-section-height-default\" data-id=\"4b8482c\" data-element_type=\"section\">\n\t\t\t\t\t\t<div class=\"elementor-container elementor-column-gap-default\">\n\t\t\t\t\t<div class=\"elementor-column elementor-col-100 elementor-top-column elementor-element elementor-element-e522230\" data-id=\"e522230\" data-element_type=\"column\">\n\t\t\t<div class=\"elementor-widget-wrap elementor-element-populated\">\n\t\t\t\t\t\t<div class=\"elementor-element elementor-element-07e4e42 elementor-widget elementor-widget-html\" data-id=\"07e4e42\" data-element_type=\"widget\" data-widget_type=\"html.default\">\n\t\t\t\t<div class=\"elementor-widget-container\">\n\t\t\t<br><div align=\"justify\"><font color=\"black\">\r\n<div align=\"center\">\r\n<img decoding=\"async\" src=\"https:\/\/www.ufsm.br\/pro-reitorias\/proplan\/wp-content\/uploads\/sites\/344\/2019\/09\/brasao-da-republica-do-brasil-logo.png\" alt=\"Bras\u00e3o Rep\u00fablica Federativa do Brasil\" width=\"6%\" height=\"6%\">\r\n<\/div>\r\n<h4>\r\n<font color=\"blue\">\r\n<font size=\"5\">\r\n<\/font>\r\n<\/font>\r\n<div align=\"center\">\r\n<font color=\"blue\">\r\n<font size=\"5\">MINIST\u00c9RIO DA EDUCA\u00c7\u00c3O<\/font>\r\n<\/font>\r\n<\/div>\r\n<\/h4>\r\n<p>\r\n<b>\r\n<font color=\"0000blue\">\r\n<\/font>\r\n<\/b>\r\n<\/p>\r\n<div align=\"center\">\r\n<b>\r\n<font color=\"0000blue\">UNIVERSIDADE FEDERAL DE SANTA MARIA<\/font>\r\n<\/b>\r\n<\/div>\r\n<div align=\"center\">\r\n<b>\r\n<font color=\"0000blue\">PR\u00d3-REITORIA DE P\u00d3S-GRADUA\u00c7\u00c3O E PESQUISA<\/font>\r\n<\/b>\r\n<\/div>\r\n<div align=\"center\">\r\n<b>\r\n<font color=\"0000blue\">\r\n<br>\r\n<\/font>\r\n<\/b>\r\n<\/div>\r\n<div align=\"center\">\r\n<b>\r\n<font color=\"0000blue\">\r\n<br>\r\n<\/font>\r\n<\/b>\r\n<\/div>\r\n<div align=\"center\">\r\n<!--StartFragment-->\r\n<p style=\"text-align: center\">\r\n<a href=\"https:\/\/portal.ufsm.br\/documentos\/publico\/documento.html?id=15491610\" style=\"color: blue !important;text-decoration: underline !important\" data-elementor-preserved=\"true\">ANEXO I DA INSTRU\u00c7\u00c3O NORMATIVA PRPGP\/UFSM N\u00b0 15, de 10 de julho de 2025.<\/a>\r\n<\/p>\r\n<p style=\"text-align: center\">\r\n<br>\r\n<\/p>\r\n<p style=\"text-align: center\">\r\n<span style=\"text-align: justify\">REQUERIMENTO PARA SOLICITA\u00c7\u00c3O DE EQUIVAL\u00caNCIA DE T\u00cdTULO EXPEDIDO POR INSTITUI\u00c7\u00c3O DE ENSINO ESTRANGEIRA PARA CONTRATA\u00c7\u00c3O TEMPOR\u00c1RIA DE PROFESSOR VISITANTE ESTRANGEIRO<\/span>\r\n<\/p>\r\n<p style=\"text-align: justify\">\r\n<span style=\"text-align: justify\">Solicito an\u00e1lise e emiss\u00e3o de parecer de equival\u00eancia de t\u00edtulo de doutorado expedido por institui\u00e7\u00e3o de ensino estrangeira anexado no presente processo PEN, nos termos do <\/span>\r\n<span style=\"text-align: justify\">Edital N. <\/span>\r\n<span style=\"text-align: justify\">n\u00famero do edital que selecionou o candidato estrangeiro<\/span>\r\n<span style=\"text-align: justify\">&nbsp;<\/span>\r\n<span style=\"text-align: justify\">e da&nbsp;<\/span>\r\n<a href=\"https:\/\/portal.ufsm.br\/documentos\/publico\/documento.html?id=15491597\" style=\"color: blue !important;text-decoration: underline !important\" data-elementor-preserved=\"true\">\r\n<a href=\"https:\/\/portal.ufsm.br\/documentos\/publico\/documento.html?id=15491597\" style=\"color: blue !important;text-decoration: underline !important\" data-elementor-preserved=\"true\">Instru\u00e7\u00e3o Normativa N\u00b0 015\/2025\/PRPGP.<\/a>\r\n<\/a>\r\n<\/p>\r\n<p style=\"text-align: justify\">\r\n<\/p>\r\n<p style=\"text-align: justify\">\r\n<span style=\"text-align: justify\">Dados do PVE:<\/span>\r\n<\/p>\r\n<p style=\"text-align: justify\">\r\n<span style=\"text-align: justify\">Nome completo: <\/span>\r\n<span style=\"text-align: justify\">\r\n<font color=\"#ff0000\">nome do candidato estrangeiro<\/font>\r\n<\/span>\r\n<\/p>\r\n<p style=\"text-align: justify\">\r\n<span style=\"text-align: justify\">N\u00famero do documento de identifica\u00e7\u00e3o: <\/span>\r\n<a name=\"_GoBack\" style=\"text-align: justify\">\r\n<span style=\"text-align: justify\">\r\n<font color=\"#ff0000\">n\u00famero do passaporte ou outro documento de identifica\u00e7\u00e3o<\/font>\r\n<\/span>\r\n<\/a>\r\n<\/p>\r\n<p style=\"text-align: justify\">\r\n<span style=\"text-align: justify\">Endere\u00e7o completo: <\/span>\r\n<span style=\"text-align: justify\">\r\n<font color=\"#ff0000\">endere\u00e7o completo do candidato estrangeiro<\/font>\r\n<\/span>\r\n<\/p>\r\n<p style=\"text-align: justify\">\r\n<span style=\"text-align: justify\">Cidade:<\/span>\r\n<font color=\"#ff0000\">\r\n<span style=\"text-align: justify\">&nbsp;<\/span>\r\n<span style=\"text-align: justify\">cidade do candidato estrangeiro<\/span>\r\n<\/font>\r\n<span style=\"text-align: justify\">&nbsp;&nbsp;&nbsp; Estado:<\/span>\r\n<span style=\"text-align: justify\">&nbsp;<\/span>\r\n<span style=\"text-align: justify\">\r\n<font color=\"#ff0000\">estado do candidato estrangeiro<\/font>\r\n<\/span>\r\n<\/p>\r\n<p style=\"text-align: justify\">\r\n<span style=\"text-align: justify\">Pa\u00eds: <\/span>\r\n<span style=\"text-align: justify\">\r\n<font color=\"#ff0000\">pa\u00eds do candidato estrangeiro<\/font>\r\n<\/span>\r\n<span style=\"text-align: justify\">&nbsp;<\/span>\r\n<span style=\"text-align: justify\">&nbsp;&nbsp;&nbsp; CEP: <\/span>\r\n<span style=\"text-align: justify\">\r\n<font color=\"#ff0000\">c\u00f3digo postal do candidato estrangeiro<\/font>\r\n<\/span>\r\n<\/p>\r\n<p style=\"text-align: justify\">\r\n<span style=\"text-align: justify\">Telefone: <\/span>\r\n<span style=\"text-align: justify\">\r\n<font color=\"#ff0000\">telefone de contato do candidato estrangeiro<\/font>\r\n<\/span>\r\n<\/p>\r\n<p style=\"text-align: justify\">\r\n<span style=\"text-align: justify\">E-mail: <\/span>\r\n<span style=\"text-align: justify\">\r\n<font color=\"#ff0000\">e-mail do candidato estrangeiro<\/font>\r\n<\/span>\r\n<\/p>\r\n<p style=\"text-align: justify\">\r\n<span style=\"text-align: justify\">Institui\u00e7\u00e3o Estrangeira que expediu o diploma: <\/span>\r\n<span style=\"text-align: justify\">\r\n<font color=\"#ff0000\">institui\u00e7\u00e3o estrangeira que emitiu o diploma do candidato estrangeiro<\/font>\r\n<\/span>\r\n<\/p>\r\n<p style=\"text-align: justify\">\r\n<span style=\"text-align: justify\">Pa\u00eds: <\/span>\r\n<span style=\"text-align: justify\">\r\n<font color=\"#ff0000\">pa\u00eds da institui\u00e7\u00e3o que emitiu o diploma do candidato estrangeiro<\/font>\r\n<\/span>\r\n<\/p>\r\n<p style=\"text-align: justify\">\r\n<span style=\"text-align: justify\">N\u00edvel: <font color=\"#ff0000\">Doutorado<\/font>\r\n<\/span>\r\n<\/p>\r\n<p style=\"text-align: justify\">\r\n<span style=\"text-align: justify\">Data da Defesa: <\/span>\r\n<span style=\"text-align: justify\">\r\n<font color=\"#ff0000\">data de defesa do doutorado<\/font>\r\n<\/span>\r\n<\/p>\r\n<p style=\"text-align: justify\">\r\n<span style=\"text-align: justify\">T\u00edtulo da Tese de Doutorado: <\/span>\r\n<span style=\"text-align: justify\">\r\n<font color=\"#ff0000\">t\u00edtulo da tese de doutorado<\/font>\r\n<\/span>\r\n<\/p>\r\n<p style=\"text-align: justify\">\r\n<span style=\"text-align: justify\">Programa de P\u00f3s-Gradua\u00e7\u00e3o afim na UFSM: <\/span>\r\n<span style=\"text-align: justify\">\r\n<font color=\"#ff0000\">PPG na UFSM afim ao que o candidato estrangeiro obteve o diploma<\/font>\r\n<\/span>\r\n<\/p>\r\n<p style=\"text-align: justify\">&nbsp;<\/p>\r\n<p style=\"text-align: justify\">\r\n<span style=\"text-align: justify\">Declaro estar ciente e de acordo com os proced<\/span>\r\n<span style=\"text-align: justify\">imentos e normas estabelecidos pela UFSM para o processo de equival\u00eancia de t\u00edtulo de doutorado expedido por institui\u00e7\u00e3o de ensino estrangeira para Contrata\u00e7\u00e3o Tempor\u00e1ria como Professor Visitante Estrangeiro, restrito a esta finalidade, conforme <\/span>\r\n<a href=\"https:\/\/portal.ufsm.br\/documentos\/publico\/documento.html?id=15491597\" style=\"color: blue !important;text-decoration: underline !important\" data-elementor-preserved=\"true\">INSTRU\u00c7\u00c3O NORMATIVA N\u00b0 015\/2025\/PRPGP<\/a>\r\n<span style=\"text-align: justify\">. Declaro, ainda, que todas as informa\u00e7\u00f5es preenchidas acima s\u00e3o fidedignas. <\/span>\r\n<\/p>\r\n<p style=\"text-align: justify\">&nbsp;<\/p>\r\n<p style=\"text-align: right\">\r\n<span style=\"text-align: justify\">Local e data: <\/span>\r\n<font color=\"#ff0000\">\r\n<span style=\"text-align: justify\">local<\/span>\r\n<span style=\"text-align: justify\">, <\/span>\r\n<span style=\"text-align: justify\">data da assinatura<\/span>\r\n<\/font>\r\n<\/p>\r\n<p style=\"text-align: right\">&nbsp;<\/p>\r\n<p style=\"text-align: right\">&nbsp;<\/p>\r\n<p style=\"text-align: right\">\r\n<span style=\"text-align: justify\">________________________________________<\/span>\r\n<\/p>\r\n<p style=\"text-align: right\">\r\n<!--StartFragment-->\r\n<span style=\"text-align: justify\">Assinatura do(a) Coordenador(a) do PPG<\/span>\r\n<!--EndFragment-->\r\n<\/p>\r\n<!--EndFragment-->\r\n<\/div>\r\n<div align=\"center\">\r\n<b>\r\n<font color=\"0000blue\">\r\n<br>\r\n<\/font>\r\n<\/b>\r\n<\/div>\r\n<p>\r\n<\/p>\r\n<br>\r\n<div class=\"normal-text\" style=\"text-align: center\">\r\n<\/div>\r\n<div class=\"normal-text\" style=\"text-align: center\">\r\n<\/div>\r\n<\/font><\/div>\t\t<\/div>\n\t\t\t\t<\/div>\n\t\t\t\t\t<\/div>\n\t\t<\/div>\n\t\t\t\t\t<\/div>\n\t\t<\/section>\n\t\t\t\t<\/div>\n\t\t","protected":false},"excerpt":{"rendered":"<p>MINIST\u00c9RIO DA EDUCA\u00c7\u00c3O UNIVERSIDADE FEDERAL DE SANTA MARIA PR\u00d3-REITORIA DE P\u00d3S-GRADUA\u00c7\u00c3O E PESQUISA ANEXO I DA INSTRU\u00c7\u00c3O NORMATIVA PRPGP\/UFSM N\u00b0 15, de 10 de julho de 2025. REQUERIMENTO PARA SOLICITA\u00c7\u00c3O DE EQUIVAL\u00caNCIA DE T\u00cdTULO EXPEDIDO POR INSTITUI\u00c7\u00c3O DE ENSINO ESTRANGEIRA PARA CONTRATA\u00c7\u00c3O TEMPOR\u00c1RIA DE PROFESSOR VISITANTE ESTRANGEIRO Solicito an\u00e1lise e emiss\u00e3o de parecer de equival\u00eancia [&hellip;]<\/p>\n","protected":false},"author":8863,"featured_media":0,"parent":0,"menu_order":0,"comment_status":"closed","ping_status":"closed","template":"","meta":{"footnotes":""},"categories":[],"tags":[],"class_list":["post-6724","page","type-page","status-publish","hentry"],"acf":[],"_links":{"self":[{"href":"https:\/\/www.ufsm.br\/pro-reitorias\/proplan\/wp-json\/wp\/v2\/pages\/6724","targetHints":{"allow":["GET"]}}],"collection":[{"href":"https:\/\/www.ufsm.br\/pro-reitorias\/proplan\/wp-json\/wp\/v2\/pages"}],"about":[{"href":"https:\/\/www.ufsm.br\/pro-reitorias\/proplan\/wp-json\/wp\/v2\/types\/page"}],"author":[{"embeddable":true,"href":"https:\/\/www.ufsm.br\/pro-reitorias\/proplan\/wp-json\/wp\/v2\/users\/8863"}],"replies":[{"embeddable":true,"href":"https:\/\/www.ufsm.br\/pro-reitorias\/proplan\/wp-json\/wp\/v2\/comments?post=6724"}],"version-history":[{"count":0,"href":"https:\/\/www.ufsm.br\/pro-reitorias\/proplan\/wp-json\/wp\/v2\/pages\/6724\/revisions"}],"wp:attachment":[{"href":"https:\/\/www.ufsm.br\/pro-reitorias\/proplan\/wp-json\/wp\/v2\/media?parent=6724"}],"wp:term":[{"taxonomy":"category","embeddable":true,"href":"https:\/\/www.ufsm.br\/pro-reitorias\/proplan\/wp-json\/wp\/v2\/categories?post=6724"},{"taxonomy":"post_tag","embeddable":true,"href":"https:\/\/www.ufsm.br\/pro-reitorias\/proplan\/wp-json\/wp\/v2\/tags?post=6724"}],"curies":[{"name":"wp","href":"https:\/\/api.w.org\/{rel}","templated":true}]}}