{"id":6765,"date":"2025-08-11T16:10:15","date_gmt":"2025-08-11T19:10:15","guid":{"rendered":"https:\/\/www.ufsm.br\/pro-reitorias\/proplan\/?page_id=6765"},"modified":"2025-08-21T11:25:17","modified_gmt":"2025-08-21T14:25:17","slug":"instrucao-normativa-pre-ufsm-n-002-2025","status":"publish","type":"page","link":"https:\/\/www.ufsm.br\/pro-reitorias\/proplan\/instrucao-normativa-pre-ufsm-n-002-2025","title":{"rendered":"INSTRU\u00c7\u00c3O NORMATIVA PRE\/UFSM N\u00b0 003\/2025"},"content":{"rendered":"\t\t<div data-elementor-type=\"wp-page\" data-elementor-id=\"6765\" class=\"elementor elementor-6765\">\n\t\t\t\t\t\t<section class=\"elementor-section elementor-top-section elementor-element elementor-element-0480d2e elementor-section-boxed elementor-section-height-default elementor-section-height-default\" data-id=\"0480d2e\" data-element_type=\"section\">\n\t\t\t\t\t\t<div class=\"elementor-container elementor-column-gap-default\">\n\t\t\t\t\t<div class=\"elementor-column elementor-col-100 elementor-top-column elementor-element elementor-element-2eb490b\" data-id=\"2eb490b\" data-element_type=\"column\">\n\t\t\t<div class=\"elementor-widget-wrap elementor-element-populated\">\n\t\t\t\t\t\t<div class=\"elementor-element elementor-element-e457eef elementor-widget elementor-widget-html\" data-id=\"e457eef\" data-element_type=\"widget\" data-widget_type=\"html.default\">\n\t\t\t\t<div class=\"elementor-widget-container\">\n\t\t\t<br><div align=\"justify\"><font color=\"black\">\r\n<br>\r\n<div align=\"justify\">\r\n<font color=\"black\">\r\n<div align=\"center\">\r\n<img decoding=\"async\" src=\"https:\/\/www.ufsm.br\/pro-reitorias\/proplan\/wp-content\/uploads\/sites\/344\/2019\/09\/brasao-da-republica-do-brasil-logo.png\" alt=\"Bras\u00e3o Rep\u00fablica Federativa do Brasil\" width=\"6%\" height=\"6%\" style=\"text-align: justify\">\r\n<\/div>\r\n<h4 style=\"text-align: justify\">\r\n<font color=\"blue\">\r\n<font size=\"5\">\r\n<\/font>\r\n<\/font>\r\n<div align=\"center\">\r\n<font color=\"blue\" style=\"text-align: justify\">\r\n<font size=\"5\">MINIST\u00c9RIO DA EDUCA\u00c7\u00c3O<\/font>\r\n<\/font>\r\n<\/div>\r\n<\/h4>\r\n<p>\r\n<b>\r\n<font color=\"0000blue\">\r\n<\/font>\r\n<\/b>\r\n<\/p>\r\n<div align=\"center\">\r\n<b style=\"text-align: justify\">\r\n<font color=\"0000blue\">UNIVERSIDADE FEDERAL DE SANTA MARIA<\/font>\r\n<\/b>\r\n<\/div>\r\n<div align=\"center\">\r\n<b style=\"text-align: justify\">\r\n<font color=\"0000blue\">PR\u00d3-REITORIA DE EXTENS\u00c3O<\/font>\r\n<\/b>\r\n<\/div>\r\n<div align=\"center\">\r\n<b style=\"text-align: justify\">\r\n<font color=\"0000blue\">\r\n<br>\r\n<\/font>\r\n<\/b>\r\n<\/div>\r\n<p>\r\n<\/p>\r\n\r\n\r\n\r\n\r\n\r\n\r\n\r\n\r\n\r\n\r\n\r\n\r\n\r\n\r\n<!--StartFragment-->\r\n\r\n<p align=\"center\">\r\n<b style=\"text-align: justify\">\r\n<span lang=\"PT\">\r\n<\/span>\r\n<a href=\"https:\/\/portal.ufsm.br\/documentos\/publico\/documento.html?idDocumento=15541202\" style=\"color: blue !important;text-decoration: underline !important\" data-elementor-preserved=\"true\">INSTRU\u00c7\u00c3O NORMATIVA PRE\/UFSM N\u00b0 003, DE 11 DE AGOSTO DE 2025<\/a>\r\n<\/b>\r\n<span lang=\"PT\" style=\"text-align: justify\">\r\n<\/span>\r\n<span lang=\"PT\" style=\"text-align: justify\">\r\n<\/span>\r\n<\/p>\r\n\r\n<p>\r\n<span lang=\"PT\">&nbsp;<\/span>\r\n<\/p>\r\n\r\n<p>\r\n<span lang=\"PT\">\r\n<\/span>\r\n    <div style=\"color: #800000;width: 60%;margin-left: auto;margin-right: 0;text-align: justify;font-weight: normal\">\r\n      Altera a Instru\u00e7\u00e3o Normativa PRE\/UFSM n\u00b0 001, de 26 de fevereiro de 2025, referente \u00e0 concess\u00e3o de aux\u00edlios financeiros para discentes, no \u00e2mbito da Pr\u00f3-Reitoria de Extens\u00e3o (PRE) da Universidade Federal de Santa Maria (UFSM).\r\n    <\/div>\r\n<span lang=\"PT\">\r\n<\/span>\r\n<span lang=\"PT\">\r\n<\/span>\r\n<\/p>\r\n\r\n<p>\r\n<span lang=\"PT\">&nbsp;<\/span>\r\n<\/p>\r\n\r\n<p>O PR\u00d3-REITOR DE\r\nEXTENS\u00c3O DA UNIVERSIDADE FEDERAL DE SANTA MARIA, no uso de suas atribui\u00e7\u00f5es\r\nlegais que lhe confere o art. 18 do <a href=\"https:\/\/www.ufsm.br\/pro-reitorias\/proplan\/regimento-geral-da-ufsm-com-alteracoes-compiladas-pela-resolucao-n-016-2019\" style=\"color: blue !important;text-decoration: underline !important\" data-elementor-preserved=\"true\">Regimento Geral da UFSM<\/a>, tendo em vista o\r\ndisposto na <a href=\"https:\/\/www.planalto.gov.br\/ccivil_03\/_ato2011-2014\/2014\/lei\/l13005.htm\" style=\"color: blue !important;text-decoration: underline !important\" data-elementor-preserved=\"true\">Lei n\u00b0 13.005, de 25 de junho de 2014<\/a>, na<a href=\"https:\/\/www.ufsm.br\/pro-reitorias\/proplan\/resolucao-n-006-2019\" style=\"color: blue !important;text-decoration: underline !important\" data-elementor-preserved=\"true\"> Resolu\u00e7\u00e3o UFSM n\u00b0 006, de 29 de abril de 2019<\/a>, na <a href=\"https:\/\/www.ufsm.br\/pro-reitorias\/proplan\/resolucao-ufsm-n-176-2024\" style=\"color: blue !important;text-decoration: underline !important\" data-elementor-preserved=\"true\">Resolu\u00e7\u00e3o UFSM n\u00b0 176, de 3 de outubro de 2024<\/a>, na <a href=\"https:\/\/www.ufsm.br\/pro-reitorias\/proplan\/instrucao-normativa-pre-ufsm-n-001-2025\" style=\"color: blue !important;text-decoration: underline !important\" data-elementor-preserved=\"true\">Instru\u00e7\u00e3o Normativa PRE\/UFSM n\u00b0 001, de 26 de fevereiro de 2025<\/a>, e o que consta no\r\nProcesso n\u00b0 <a href=\"https:\/\/portal.ufsm.br\/documentos\/usuario\/processo\/documento.html?idDocumento=15537998\" style=\"color: blue !important;text-decoration: underline !important\" data-elementor-preserved=\"true\">23081.105354\/2025-59<\/a>, resolve:<\/p>\r\n\r\n<p>&nbsp;<\/p>\r\n\r\n<p>Art.\r\n1<span lang=\"PT\">\u00b0 <\/span>\r\n<span lang=\"PT\">&nbsp;<\/span>Alterar a Instru\u00e7\u00e3o\r\nNormativa PRE\/UFSM n\u00b0 001, de 26 de fevereiro de 2025, referente \u00e0 concess\u00e3o de\r\naux\u00edlios financeiros para discentes, no \u00e2mbito da Pr\u00f3-Reitoria de Extens\u00e3o\r\n(PRE) da Universidade Federal de Santa Maria (UFSM). <\/p>\r\n\r\n<p>Art.\r\n2<span lang=\"PT\">\u00b0 <\/span>\r\n<span lang=\"PT\">&nbsp;<\/span>\r\n<span lang=\"PT\">O<\/span>s incisos I e II do a<span lang=\"PT\">rt. 3<\/span>\u00b0<span lang=\"PT\"> da <\/span>\r\n<a href=\"https:\/\/www.ufsm.br\/pro-reitorias\/proplan\/instrucao-normativa-pre-ufsm-n-001-2025\" style=\"color: blue !important;text-decoration: underline !important\" data-elementor-preserved=\"true\">Instru\u00e7\u00e3o Normativa PRE\/UFSM n\u00b0 001, de 26 de fevereiro de 2025<\/a>,<span lang=\"PT\">\r\npassam a vigorar com a seguinte reda\u00e7\u00e3o:<\/span>\r\n<\/p>\r\n<p>\r\n<span lang=\"PT\">\r\n<br>\r\n<\/span>\r\n<\/p>\r\n\r\n<\/font>\r\n<\/div>\r\n<blockquote style=\"margin: 0 0 0 40px;border: none;padding: 0px\">\r\n<blockquote style=\"margin: 0 0 0 40px;border: none;padding: 0px\">\r\n<blockquote style=\"margin: 0 0 0 40px;border: none;padding: 0px\">\r\n<blockquote style=\"margin: 0 0 0 40px;border: none;padding: 0px\">\r\n<blockquote style=\"margin: 0 0 0 40px;border: none;padding: 0px\">\r\n<div align=\"justify\">\r\n<font color=\"black\">\r\n<p style=\"text-align: justify\">\r\n<span style=\"text-align: justify\">\u201c(...)<\/span>\r\n<\/p>\r\n<\/font>\r\n<\/div>\r\n<\/blockquote>\r\n<\/blockquote>\r\n<\/blockquote>\r\n<\/blockquote>\r\n<blockquote style=\"margin: 0 0 0 40px;border: none;padding: 0px\">\r\n<blockquote style=\"margin: 0 0 0 40px;border: none;padding: 0px\">\r\n<blockquote style=\"margin: 0 0 0 40px;border: none;padding: 0px\">\r\n<blockquote style=\"margin: 0 0 0 40px;border: none;padding: 0px\">\r\n<div align=\"justify\">\r\n<font color=\"black\">\r\n<p style=\"text-align: justify\">\r\n<span style=\"text-align: justify\">Art. 3\u00b0<span style=\"text-align: justify\">&nbsp; <\/span>.................................................................................................................................................<\/span>\r\n<\/p>\r\n<\/font>\r\n<\/div>\r\n<\/blockquote>\r\n<\/blockquote>\r\n<\/blockquote>\r\n<\/blockquote>\r\n<blockquote style=\"margin: 0 0 0 40px;border: none;padding: 0px\">\r\n<blockquote style=\"margin: 0 0 0 40px;border: none;padding: 0px\">\r\n<blockquote style=\"margin: 0 0 0 40px;border: none;padding: 0px\">\r\n<blockquote style=\"margin: 0 0 0 40px;border: none;padding: 0px\">\r\n<div align=\"justify\">\r\n<font color=\"black\">\r\n<p style=\"text-align: justify\">\r\n<span lang=\"PT\" style=\"text-align: justify\">I \u2013 bolsa de\r\ninicia\u00e7\u00e3o extensionista: o valor mensal da bolsa correspondente a 12 (doze)\r\nhoras semanais de atua\u00e7\u00e3o ser\u00e1 de R$ 420,00 (quatrocentos e vinte reais);<\/span>\r\n<\/p>\r\n<\/font>\r\n<\/div>\r\n<\/blockquote>\r\n<\/blockquote>\r\n<\/blockquote>\r\n<\/blockquote>\r\n<blockquote style=\"margin: 0 0 0 40px;border: none;padding: 0px\">\r\n<blockquote style=\"margin: 0 0 0 40px;border: none;padding: 0px\">\r\n<blockquote style=\"margin: 0 0 0 40px;border: none;padding: 0px\">\r\n<blockquote style=\"margin: 0 0 0 40px;border: none;padding: 0px\">\r\n<div align=\"justify\">\r\n<font color=\"black\">\r\n<p style=\"text-align: justify\">\r\n<span lang=\"PT\" style=\"text-align: justify\">II \u2013 bolsa de\r\nincentivo \u00e0 extens\u00e3o: o valor mensal da bolsa correspondente a 16 (dezesseis)\r\nhoras semanais de atua\u00e7\u00e3o ser\u00e1 de R$ 560,00 (quinhentos e sessenta reais) e a\r\ncorrespondente a 20 (vinte) horas semanais ser\u00e1 de R$ 700,00 (setecentos\r\nreais);<\/span>\r\n<\/p>\r\n<\/font>\r\n<\/div>\r\n<\/blockquote>\r\n<\/blockquote>\r\n<\/blockquote>\r\n<\/blockquote>\r\n<blockquote style=\"margin: 0 0 0 40px;border: none;padding: 0px\">\r\n<blockquote style=\"margin: 0 0 0 40px;border: none;padding: 0px\">\r\n<blockquote style=\"margin: 0 0 0 40px;border: none;padding: 0px\">\r\n<blockquote style=\"margin: 0 0 0 40px;border: none;padding: 0px\">\r\n<div align=\"justify\">\r\n<font color=\"black\">\r\n<p style=\"text-align: justify\">\r\n<span style=\"text-align: justify\">(...)\u201d<\/span>\r\n<\/p>\r\n<\/font>\r\n<\/div>\r\n<\/blockquote>\r\n<\/blockquote>\r\n<\/blockquote>\r\n<\/blockquote>\r\n<blockquote style=\"margin: 0 0 0 40px;border: none;padding: 0px\">\r\n<blockquote style=\"margin: 0 0 0 40px;border: none;padding: 0px\">\r\n<blockquote style=\"margin: 0 0 0 40px;border: none;padding: 0px\">\r\n<blockquote style=\"margin: 0 0 0 40px;border: none;padding: 0px\">\r\n<div align=\"justify\">\r\n<font color=\"black\">\r\n<p style=\"text-align: justify\">\r\n<span style=\"text-align: justify\">(NR)<\/span>\r\n<\/p>\r\n<\/font>\r\n<\/div>\r\n<\/blockquote>\r\n<\/blockquote>\r\n<\/blockquote>\r\n<\/blockquote>\r\n<\/blockquote>\r\n<div align=\"justify\">\r\n<font color=\"black\">\r\n<p>\r\n\r\n\r\n\r\n\r\n\r\n\r\n\r\n\r\n\r\n\r\n\r\n\r\n<!--StartFragment-->\r\n\r\n\r\n\r\n\r\n\r\n\r\n\r\n\r\n\r\n\r\n\r\n\r\n\r\n<!--EndFragment-->\r\n<\/p>\r\n<\/font>\r\n<\/div>\r\n<div align=\"justify\">\r\n<font color=\"black\">\r\n<p style=\"text-align: justify\">\r\n<span style=\"text-align: justify\">\r\n<br>\r\n<\/span>\r\n<\/p>\r\n<\/font>\r\n<\/div>\r\n<div align=\"justify\">\r\n<font color=\"black\">\r\n\r\n<p>Art.\r\n3\u00b0&nbsp; A inobserv\u00e2ncia ao disposto nesta\r\nInstru\u00e7\u00e3o Normativa n\u00e3o constitui escusa v\u00e1lida para o descumprimento da norma\r\nnem resulta em sua invalidade. <\/p>\r\n\r\n<p>Art.\r\n4\u00b0&nbsp; Esta Instru\u00e7\u00e3o Normativa entra em\r\nvigor na data de sua publica\u00e7\u00e3o, de acordo com o que prev\u00ea o <a href=\"https:\/\/www.planalto.gov.br\/ccivil_03\/_ato2023-2026\/2024\/decreto\/d12002.htm\" style=\"color: blue !important;text-decoration: underline !important\" data-elementor-preserved=\"true\">Decreto n\u00b0 12.002, de 22 de abril de 2024<\/a>, art. 18, inciso IV.<\/p>\r\n\r\n<p>\r\n<span lang=\"PT\">&nbsp;<\/span>\r\n<\/p>\r\n\r\n<p align=\"right\">\r\n<span style=\"text-align: justify\">Flavi Ferreira Lisboa Filho<\/span>\r\n<\/p>\r\n\r\n<p align=\"right\">\r\n<span style=\"text-align: justify\">Pr\u00f3-Reitor de Extens\u00e3o da UFSM<\/span>\r\n<span lang=\"PT\" style=\"text-align: justify\">\r\n<\/span>\r\n<\/p>\r\n<p align=\"right\">\r\n<span style=\"text-align: justify\">\r\n<br>\r\n<\/span>\r\n<\/p>\r\n<p>\r\n<span style=\"color: red\">Este texto n\u00e3o substitui o documento original, publicado no Portal de Documentos.<\/span> Dispon\u00edvel em <a href=\"https:\/\/portal.ufsm.br\/documentos\/publico\/documento.html?idDocumento=15541202\" style=\"color: blue !important;text-decoration: underline !important\" data-elementor-preserved=\"true\">https:\/\/portal.ufsm.br\/documentos\/publico\/documento.html?idDocumento=15541202<\/a>\r\n<\/p>\r\n\r\n<!--EndFragment-->\r\n<div>\r\n<\/div>\r\n<div>\r\n<\/div>\r\n<\/font>\r\n<\/div>\r\n<\/font><\/div>\t\t<\/div>\n\t\t\t\t<\/div>\n\t\t\t\t\t<\/div>\n\t\t<\/div>\n\t\t\t\t\t<\/div>\n\t\t<\/section>\n\t\t\t\t<\/div>\n\t\t","protected":false},"excerpt":{"rendered":"<p>MINIST\u00c9RIO DA EDUCA\u00c7\u00c3O UNIVERSIDADE FEDERAL DE SANTA MARIA PR\u00d3-REITORIA DE EXTENS\u00c3O INSTRU\u00c7\u00c3O NORMATIVA PRE\/UFSM N\u00b0 003, DE 11 DE AGOSTO DE 2025 &nbsp; Altera a Instru\u00e7\u00e3o Normativa PRE\/UFSM n\u00b0 001, de 26 de fevereiro de 2025, referente \u00e0 concess\u00e3o de aux\u00edlios financeiros para discentes, no \u00e2mbito da Pr\u00f3-Reitoria de Extens\u00e3o (PRE) da Universidade Federal de [&hellip;]<\/p>\n","protected":false},"author":8343,"featured_media":0,"parent":0,"menu_order":0,"comment_status":"closed","ping_status":"closed","template":"","meta":{"footnotes":""},"categories":[],"tags":[],"class_list":["post-6765","page","type-page","status-publish","hentry"],"acf":[],"_links":{"self":[{"href":"https:\/\/www.ufsm.br\/pro-reitorias\/proplan\/wp-json\/wp\/v2\/pages\/6765","targetHints":{"allow":["GET"]}}],"collection":[{"href":"https:\/\/www.ufsm.br\/pro-reitorias\/proplan\/wp-json\/wp\/v2\/pages"}],"about":[{"href":"https:\/\/www.ufsm.br\/pro-reitorias\/proplan\/wp-json\/wp\/v2\/types\/page"}],"author":[{"embeddable":true,"href":"https:\/\/www.ufsm.br\/pro-reitorias\/proplan\/wp-json\/wp\/v2\/users\/8343"}],"replies":[{"embeddable":true,"href":"https:\/\/www.ufsm.br\/pro-reitorias\/proplan\/wp-json\/wp\/v2\/comments?post=6765"}],"version-history":[{"count":0,"href":"https:\/\/www.ufsm.br\/pro-reitorias\/proplan\/wp-json\/wp\/v2\/pages\/6765\/revisions"}],"wp:attachment":[{"href":"https:\/\/www.ufsm.br\/pro-reitorias\/proplan\/wp-json\/wp\/v2\/media?parent=6765"}],"wp:term":[{"taxonomy":"category","embeddable":true,"href":"https:\/\/www.ufsm.br\/pro-reitorias\/proplan\/wp-json\/wp\/v2\/categories?post=6765"},{"taxonomy":"post_tag","embeddable":true,"href":"https:\/\/www.ufsm.br\/pro-reitorias\/proplan\/wp-json\/wp\/v2\/tags?post=6765"}],"curies":[{"name":"wp","href":"https:\/\/api.w.org\/{rel}","templated":true}]}}