{"id":6773,"date":"2025-08-12T09:33:40","date_gmt":"2025-08-12T12:33:40","guid":{"rendered":"https:\/\/www.ufsm.br\/pro-reitorias\/proplan\/?page_id=6773"},"modified":"2025-08-12T09:35:02","modified_gmt":"2025-08-12T12:35:02","slug":"portaria-normativa-ufsm-n-096-2025","status":"publish","type":"page","link":"https:\/\/www.ufsm.br\/pro-reitorias\/proplan\/portaria-normativa-ufsm-n-096-2025","title":{"rendered":"Portaria Normativa UFSM N. 096\/2025"},"content":{"rendered":"\t\t<div data-elementor-type=\"wp-page\" data-elementor-id=\"6773\" class=\"elementor elementor-6773\">\n\t\t\t\t\t\t<section class=\"elementor-section elementor-top-section elementor-element elementor-element-8a37be5 elementor-section-boxed elementor-section-height-default elementor-section-height-default\" data-id=\"8a37be5\" data-element_type=\"section\">\n\t\t\t\t\t\t<div class=\"elementor-container elementor-column-gap-default\">\n\t\t\t\t\t<div class=\"elementor-column elementor-col-100 elementor-top-column elementor-element elementor-element-82ac87a\" data-id=\"82ac87a\" data-element_type=\"column\">\n\t\t\t<div class=\"elementor-widget-wrap elementor-element-populated\">\n\t\t\t\t\t\t<div class=\"elementor-element elementor-element-8aca0ca elementor-widget elementor-widget-html\" data-id=\"8aca0ca\" data-element_type=\"widget\" data-widget_type=\"html.default\">\n\t\t\t\t<div class=\"elementor-widget-container\">\n\t\t\t<br><div align=\"justify\"><font color=\"black\">\r\n<div align=\"center\">\r\n<img decoding=\"async\" src=\"https:\/\/www.ufsm.br\/pro-reitorias\/proplan\/wp-content\/uploads\/sites\/344\/2019\/09\/brasao-da-republica-do-brasil-logo.png\" alt=\"Bras\u00e3o Rep\u00fablica Federativa do Brasil\" width=\"6%\" height=\"6%\">\r\n<\/div>\r\n<h4>\r\n<font color=\"blue\">\r\n<font size=\"5\">\r\n<\/font>\r\n<\/font>\r\n<div align=\"center\">\r\n<font color=\"blue\">\r\n<font size=\"5\">MINIST\u00c9RIO DA EDUCA\u00c7\u00c3O<\/font>\r\n<\/font>\r\n<\/div>\r\n<\/h4>\r\n<p>\r\n<b>\r\n<font color=\"0000blue\">\r\n<\/font>\r\n<\/b>\r\n<\/p>\r\n<div align=\"center\">\r\n<b>\r\n<font color=\"0000blue\">UNIVERSIDADE FEDERAL DE SANTA MARIA<\/font>\r\n<\/b>\r\n<\/div>\r\n<p>\r\n<\/p>\r\n<!--StartFragment-->\r\n<p style=\"text-align: center\">\r\n<a href=\"https:\/\/portal.ufsm.br\/documentos\/publico\/documento.html?idDocumento=15542080\" style=\"color: blue !important;text-decoration: underline !important\" data-elementor-preserved=\"true\">\r\n<b>PORTARIA NORMATIVA UFSM N\u00b0 096, DE 08 DE AGOSTO DE 2025<\/b>\r\n<\/a>\r\n<\/p>\r\n<p>&nbsp;<\/p>\r\n<p style=\"text-align: right\">\r\n<font color=\"#000000\">\r\n    <div style=\"color: #800000;width: 60%;margin-left: auto;margin-right: 0;text-align: justify;font-weight: normal\">\r\n      Remaneja e aloca Cargos Comissionados no \u00e2mbito da Universidade Federal de Santa Maria (UFSM).\r\n    <\/div>\r\n<\/font>\r\n<\/p>\r\n<p>&nbsp;<\/p>\r\n<p>O REITOR DA UNIVERSIDADE FEDERAL DE SANTA MARIA, no uso de suas atribui\u00e7\u00f5es legais que lhe confere o <a href=\"https:\/\/www.ufsm.br\/pro-reitorias\/proplan\/estatuto-ufsm-2010\" style=\"color: blue !important;text-decoration: underline !important\" data-elementor-preserved=\"true\">art. 30 do Estatuto da Universidade Federal de Santa Maria<\/a> com as adequa\u00e7\u00f5es aprovadas pela <a href=\"https:\/\/www.ufsm.br\/pro-reitorias\/proplan\/resolucao-n-037-2010\" style=\"color: blue !important;text-decoration: underline !important\" data-elementor-preserved=\"true\">Resolu\u00e7\u00e3o UFSM n\u00b0 037, de 30 de novembro de 2010<\/a>, aprovado pela Portaria n\u00b0 156, de 12 de mar\u00e7o de 2014, e publicado no Di\u00e1rio Oficial da Uni\u00e3o em 13 de mar\u00e7o de 2014, tendo em vista o <a href=\"https:\/\/www.planalto.gov.br\/ccivil_03\/_ato2007-2010\/2009\/decreto\/d6833.htm\" style=\"color: blue !important;text-decoration: underline !important\" data-elementor-preserved=\"true\">Decreto n\u00b0 6.833, de 29 de abril de 2009<\/a>, e o que consta nos processos&nbsp;n\u00b0 <a href=\"https:\/\/portal.ufsm.br\/documentos\/publico\/processo\/documento.html?idDocumento=14031249\" style=\"color: blue !important;text-decoration: underline !important\" data-elementor-preserved=\"true\">23081.021898\/2022-16 <\/a>e n\u00b0 <a href=\"https:\/\/portal.ufsm.br\/documentos\/usuario\/processo\/documento.html?idDocumento=15536110\" style=\"color: blue !important;text-decoration: underline !important\" data-elementor-preserved=\"true\">23081.104252\/2025-16<\/a>, resolve:<\/p>\r\n<p>&nbsp;<\/p>\r\n<p>Art. 1\u00b0  Remanejar e alocar Cargos Comissionados no \u00e2mbito da Universidade Federal de Santa Maria.<\/p>\r\n<p>Art. 2\u00b0&nbsp; Fica alocado 1 (uma) Fun\u00e7\u00e3o Gratificada (FG), n\u00edvel 1, c\u00f3digo FG1.245, livre\/dispon\u00edvel da Universidade Federal de Santa Maria (UFSM) para a Subdivis\u00e3o de Per\u00edcia Oficial em Sa\u00fade (SPOF).<\/p>\r\n<p>Art. 3\u00b0 A designa\u00e7\u00e3o de 1 (uma) Fun\u00e7\u00e3o Gratificada (FG), n\u00edvel 1, para a Subdivis\u00e3o de Per\u00edcia Oficial em Sa\u00fade (SPOF) fundamenta-se nas seguintes considera\u00e7\u00f5es t\u00e9cnicas e administrativas:<\/p>\r\n<p>I -&nbsp;A presente designa\u00e7\u00e3o constitui medida excepcional e tempor\u00e1ria, motivada pelo cumprimento das obriga\u00e7\u00f5es assumidas no Termo de Acordo de Greve n. 01\/2024, firmado entre a Reitoria da UFSM e a ASSUFSM, que estabeleceu compromissos espec\u00edficos para o fortalecimento das atividades de per\u00edcia em sa\u00fade no \u00e2mbito da institui\u00e7\u00e3o.<\/p>\r\n<p>II - A presente medida vigorar\u00e1 at\u00e9 que seja conclu\u00eddo o processo administrativo de adequa\u00e7\u00e3o da nomenclatura e compet\u00eancias da SPOF, que dever\u00e1 ser submetido \u00e0 aprecia\u00e7\u00e3o dos \u00f3rg\u00e3os competentes internos e, posteriormente, ao Conselho Universit\u00e1rio, conforme os tr\u00e2mites regimentais aplic\u00e1veis.<\/p>\r\n<p>III -&nbsp;Esta medida assegura a continuidade e o aprimoramento dos servi\u00e7os de per\u00edcia oficial em sa\u00fade, garantindo o cumprimento dos compromissos assumidos no acordo mencionado e a manuten\u00e7\u00e3o da qualidade t\u00e9cnica dos processos periciais na UFSM.<\/p>\r\n<p>Art. 4\u00b0&nbsp; Fica&nbsp;remanejada 1 (uma) Fun\u00e7\u00e3o Gratificada (FG), n\u00edvel 4, c\u00f3digo FG4.131, alocada na Subdivis\u00e3o de Per\u00edcia Oficial em Sa\u00fade (SPOF) para a Universidade Federal de Santa Maria (UFSM).<\/p>\r\n<p>Art. 5\u00b0 &nbsp;Esta Portaria Normativa entra em vigor na data de sua publica\u00e7\u00e3o, de acordo com o que prev\u00ea o <a href=\"https:\/\/www.planalto.gov.br\/ccivil_03\/_ato2023-2026\/2024\/decreto\/D12002.htm\" style=\"color: blue !important;text-decoration: underline !important\" data-elementor-preserved=\"true\">Decreto n\u00b0 12.002, de 22 de abril de 2024<\/a>, art. 18, inciso IV.<\/p>\r\n<p>&nbsp;<\/p>\r\n<p style=\"text-align: right\">Luciano Schuch<\/p>\r\n<p style=\"text-align: right\">\r\n<a name=\"_GoBack\">Reitor<\/a>\r\n<\/p>\r\n<p style=\"text-align: right\">\r\n<a name=\"_GoBack\">\r\n<\/a>\r\n<\/p>\r\n<p>\r\n<span style=\"color: red\">Este texto n\u00e3o substitui o documento original, publicado no Portal de Documentos.<\/span> Dispon\u00edvel em <a href=\"https:\/\/portal.ufsm.br\/documentos\/usuario\/processo\/documento.html?idDocumento=15536110\" style=\"color: blue !important;text-decoration: underline !important\" data-elementor-preserved=\"true\">https:\/\/portal.ufsm.br\/documentos\/usuario\/processo\/documento.html?idDocumento=15536110<\/a>\r\n<\/p>\r\n<!--EndFragment-->\r\n<a name=\"_GoBack\">\r\n<\/a>\r\n<div class=\"normal-text\" style=\"text-align: center\">\r\n<\/div>\r\n<div class=\"normal-text\" style=\"text-align: center\">\r\n<\/div>\r\n<\/font><\/div>\t\t<\/div>\n\t\t\t\t<\/div>\n\t\t\t\t\t<\/div>\n\t\t<\/div>\n\t\t\t\t\t<\/div>\n\t\t<\/section>\n\t\t\t\t<\/div>\n\t\t","protected":false},"excerpt":{"rendered":"<p>MINIST\u00c9RIO DA EDUCA\u00c7\u00c3O UNIVERSIDADE FEDERAL DE SANTA MARIA PORTARIA NORMATIVA UFSM N\u00b0 096, DE 08 DE AGOSTO DE 2025 &nbsp; Remaneja e aloca Cargos Comissionados no \u00e2mbito da Universidade Federal de Santa Maria (UFSM). &nbsp; O REITOR DA UNIVERSIDADE FEDERAL DE SANTA MARIA, no uso de suas atribui\u00e7\u00f5es legais que lhe confere o art. 30 [&hellip;]<\/p>\n","protected":false},"author":8863,"featured_media":0,"parent":0,"menu_order":0,"comment_status":"closed","ping_status":"closed","template":"","meta":{"footnotes":""},"categories":[],"tags":[],"class_list":["post-6773","page","type-page","status-publish","hentry"],"acf":[],"_links":{"self":[{"href":"https:\/\/www.ufsm.br\/pro-reitorias\/proplan\/wp-json\/wp\/v2\/pages\/6773","targetHints":{"allow":["GET"]}}],"collection":[{"href":"https:\/\/www.ufsm.br\/pro-reitorias\/proplan\/wp-json\/wp\/v2\/pages"}],"about":[{"href":"https:\/\/www.ufsm.br\/pro-reitorias\/proplan\/wp-json\/wp\/v2\/types\/page"}],"author":[{"embeddable":true,"href":"https:\/\/www.ufsm.br\/pro-reitorias\/proplan\/wp-json\/wp\/v2\/users\/8863"}],"replies":[{"embeddable":true,"href":"https:\/\/www.ufsm.br\/pro-reitorias\/proplan\/wp-json\/wp\/v2\/comments?post=6773"}],"version-history":[{"count":0,"href":"https:\/\/www.ufsm.br\/pro-reitorias\/proplan\/wp-json\/wp\/v2\/pages\/6773\/revisions"}],"wp:attachment":[{"href":"https:\/\/www.ufsm.br\/pro-reitorias\/proplan\/wp-json\/wp\/v2\/media?parent=6773"}],"wp:term":[{"taxonomy":"category","embeddable":true,"href":"https:\/\/www.ufsm.br\/pro-reitorias\/proplan\/wp-json\/wp\/v2\/categories?post=6773"},{"taxonomy":"post_tag","embeddable":true,"href":"https:\/\/www.ufsm.br\/pro-reitorias\/proplan\/wp-json\/wp\/v2\/tags?post=6773"}],"curies":[{"name":"wp","href":"https:\/\/api.w.org\/{rel}","templated":true}]}}