{"id":6779,"date":"2025-08-18T16:20:15","date_gmt":"2025-08-18T19:20:15","guid":{"rendered":"https:\/\/www.ufsm.br\/pro-reitorias\/proplan\/?page_id=6779"},"modified":"2025-08-18T16:21:12","modified_gmt":"2025-08-18T19:21:12","slug":"anexo-i-da-resolucao-ufsm-n-219-2025","status":"publish","type":"page","link":"https:\/\/www.ufsm.br\/pro-reitorias\/proplan\/anexo-i-da-resolucao-ufsm-n-219-2025","title":{"rendered":"ANEXO I DA RESOLU\u00c7\u00c3O UFSM N\u00b0 219\/2025"},"content":{"rendered":"\t\t<div data-elementor-type=\"wp-page\" data-elementor-id=\"6779\" class=\"elementor elementor-6779\">\n\t\t\t\t\t\t<section class=\"elementor-section elementor-top-section elementor-element elementor-element-84cf56c elementor-section-boxed elementor-section-height-default elementor-section-height-default\" data-id=\"84cf56c\" data-element_type=\"section\">\n\t\t\t\t\t\t<div class=\"elementor-container elementor-column-gap-default\">\n\t\t\t\t\t<div class=\"elementor-column elementor-col-100 elementor-top-column elementor-element elementor-element-f8542a1\" data-id=\"f8542a1\" data-element_type=\"column\">\n\t\t\t<div class=\"elementor-widget-wrap elementor-element-populated\">\n\t\t\t\t\t\t<div class=\"elementor-element elementor-element-96867e5 elementor-widget elementor-widget-html\" data-id=\"96867e5\" data-element_type=\"widget\" data-widget_type=\"html.default\">\n\t\t\t\t<div class=\"elementor-widget-container\">\n\t\t\t<br><div align=\"justify\"><font color=\"black\">\r\n<div align=\"center\">\r\n<img decoding=\"async\" src=\"https:\/\/www.ufsm.br\/pro-reitorias\/proplan\/wp-content\/uploads\/sites\/344\/2019\/09\/brasao-da-republica-do-brasil-logo.png\" alt=\"Bras\u00e3o Rep\u00fablica Federativa do Brasil\" width=\"6%\" height=\"6%\">\r\n<\/div>\r\n<h4>\r\n<font color=\"blue\">\r\n<font size=\"5\">\r\n<\/font>\r\n<\/font>\r\n<div align=\"center\">\r\n<font color=\"blue\">\r\n<font size=\"5\">MINIST\u00c9RIO DA EDUCA\u00c7\u00c3O<\/font>\r\n<\/font>\r\n<\/div>\r\n<\/h4>\r\n<p>\r\n<b>\r\n<font color=\"0000blue\">\r\n<\/font>\r\n<\/b>\r\n<\/p>\r\n<div align=\"center\">\r\n<b>\r\n<font color=\"0000blue\">UNIVERSIDADE FEDERAL DE SANTA MARIA<\/font>\r\n<\/b>\r\n<\/div>\r\n<p>\r\n<\/p>\r\n<div style=\"text-align: center\">\r\n<font color=\"#0000ff\">\r\n<b>\r\n<a href=\"https:\/\/portal.ufsm.br\/documentos\/publico\/documento.html?id=15550714\" style=\"color: blue !important;text-decoration: underline !important\" data-elementor-preserved=\"true\">\r\n<\/a>\r\n<a href=\"https:\/\/portal.ufsm.br\/documentos\/publico\/documento.html?id=15550714\" style=\"color: blue !important;text-decoration: underline !important\" data-elementor-preserved=\"true\">ORGANOGRAMA DO CENTRO DE CI\u00caNCIAS DA SA\u00daDE&nbsp;(CCS)<\/a>\r\n<\/b>\r\n<\/font>\r\n<\/div>\r\n<div class=\"normal-text\" style=\"text-align: center\">\r\n<\/div>\r\n<div class=\"normal-text\" style=\"text-align: center\">\r\n<\/div>\r\n<div>\r\n<br>\r\n<\/div>\r\n<div>\r\n    <div style=\"text-align: right;width: 60%;margin-left: auto;margin-right: 0px;font-weight: normal\">\r\n      \r\n    <div style=\"color: #800000;width: 60%;margin-left: auto;margin-right: 0;text-align: justify;font-weight: normal\">\r\n      Anexo I da Resolu\u00e7\u00e3o UFSM n\u00b0 219, de 1\u00b0 de AGOSTO de 2025\r\n    <\/div>\r\n    <\/div>\r\n<div style=\"text-align: right;width: 60%;margin-left: auto;margin-right: 0px;font-weight: normal\">\r\n<br>\r\n<\/div>\r\n<div style=\"text-align: right;width: 60%;margin-left: auto;margin-right: 0px;font-weight: normal\">\r\n<\/div>\r\n<div align=\"center\"><img decoding=\"async\" src=\"https:\/\/www.ufsm.br\/app\/uploads\/sites\/344\/2025\/08\/OrganogramaCCS.jpg\" alt=\"Organograma do Centro de Ci\u00eancias da Sa\u00fade (CCS)\" width=\"100%\" height=\"100%\"><\/div> \r\n<br><div align=\"justify\"><font color=\"black\">\r\n<p>\r\n<span style=\"color: red\">Este texto n\u00e3o substitui o documento original, publicado no Portal de Documentos.<\/span> Dispon\u00edvel em <a href=\"https:\/\/portal.ufsm.br\/documentos\/publico\/documento.html?id=15550714\" style=\"color: blue !important;text-decoration: underline !important\" data-elementor-preserved=\"true\">https:\/\/portal.ufsm.br\/documentos\/publico\/documento.html?id=15550714<\/a>\r\n<\/p>\r\n<\/font><\/div>\t\t<\/div>\n\t\t\t\t<\/div>\n\t\t\t\t\t<\/div>\n\t\t<\/div>\n\t\t\t\t\t<\/div>\n\t\t<\/section>\n\t\t\t\t<\/div>\n\t\t","protected":false},"excerpt":{"rendered":"<p>MINIST\u00c9RIO DA EDUCA\u00c7\u00c3O UNIVERSIDADE FEDERAL DE SANTA MARIA ORGANOGRAMA DO CENTRO DE CI\u00caNCIAS DA SA\u00daDE&nbsp;(CCS) Anexo I da Resolu\u00e7\u00e3o UFSM n\u00b0 219, de 1\u00b0 de AGOSTO de 2025 Este texto n\u00e3o substitui o documento original, publicado no Portal de Documentos. Dispon\u00edvel em https:\/\/portal.ufsm.br\/documentos\/publico\/documento.html?id=15550714<\/p>\n","protected":false},"author":8863,"featured_media":0,"parent":0,"menu_order":0,"comment_status":"closed","ping_status":"closed","template":"","meta":{"footnotes":""},"categories":[],"tags":[],"class_list":["post-6779","page","type-page","status-publish","hentry"],"acf":[],"_links":{"self":[{"href":"https:\/\/www.ufsm.br\/pro-reitorias\/proplan\/wp-json\/wp\/v2\/pages\/6779","targetHints":{"allow":["GET"]}}],"collection":[{"href":"https:\/\/www.ufsm.br\/pro-reitorias\/proplan\/wp-json\/wp\/v2\/pages"}],"about":[{"href":"https:\/\/www.ufsm.br\/pro-reitorias\/proplan\/wp-json\/wp\/v2\/types\/page"}],"author":[{"embeddable":true,"href":"https:\/\/www.ufsm.br\/pro-reitorias\/proplan\/wp-json\/wp\/v2\/users\/8863"}],"replies":[{"embeddable":true,"href":"https:\/\/www.ufsm.br\/pro-reitorias\/proplan\/wp-json\/wp\/v2\/comments?post=6779"}],"version-history":[{"count":0,"href":"https:\/\/www.ufsm.br\/pro-reitorias\/proplan\/wp-json\/wp\/v2\/pages\/6779\/revisions"}],"wp:attachment":[{"href":"https:\/\/www.ufsm.br\/pro-reitorias\/proplan\/wp-json\/wp\/v2\/media?parent=6779"}],"wp:term":[{"taxonomy":"category","embeddable":true,"href":"https:\/\/www.ufsm.br\/pro-reitorias\/proplan\/wp-json\/wp\/v2\/categories?post=6779"},{"taxonomy":"post_tag","embeddable":true,"href":"https:\/\/www.ufsm.br\/pro-reitorias\/proplan\/wp-json\/wp\/v2\/tags?post=6779"}],"curies":[{"name":"wp","href":"https:\/\/api.w.org\/{rel}","templated":true}]}}