{"id":6818,"date":"2025-09-01T10:05:10","date_gmt":"2025-09-01T13:05:10","guid":{"rendered":"https:\/\/www.ufsm.br\/pro-reitorias\/proplan\/?page_id=6818"},"modified":"2025-09-01T10:37:52","modified_gmt":"2025-09-01T13:37:52","slug":"anexo-i-da-resolucao-ufsm-n-224-2025","status":"publish","type":"page","link":"https:\/\/www.ufsm.br\/pro-reitorias\/proplan\/anexo-i-da-resolucao-ufsm-n-224-2025","title":{"rendered":"ANEXO I DA RESOLU\u00c7\u00c3O UFSM N\u00b0 224\/2025"},"content":{"rendered":"\t\t<div data-elementor-type=\"wp-page\" data-elementor-id=\"6818\" class=\"elementor elementor-6818\">\n\t\t\t\t\t\t<section class=\"elementor-section elementor-top-section elementor-element elementor-element-8520424 elementor-section-boxed elementor-section-height-default elementor-section-height-default\" data-id=\"8520424\" data-element_type=\"section\">\n\t\t\t\t\t\t<div class=\"elementor-container elementor-column-gap-default\">\n\t\t\t\t\t<div class=\"elementor-column elementor-col-100 elementor-top-column elementor-element elementor-element-4da7cc1\" data-id=\"4da7cc1\" data-element_type=\"column\">\n\t\t\t<div class=\"elementor-widget-wrap elementor-element-populated\">\n\t\t\t\t\t\t<div class=\"elementor-element elementor-element-e8694f8 elementor-widget elementor-widget-html\" data-id=\"e8694f8\" data-element_type=\"widget\" data-widget_type=\"html.default\">\n\t\t\t\t<div class=\"elementor-widget-container\">\n\t\t\t<br><div align=\"justify\"><font color=\"black\">\r\n<div align=\"center\">\r\n<img decoding=\"async\" src=\"https:\/\/www.ufsm.br\/pro-reitorias\/proplan\/wp-content\/uploads\/sites\/344\/2019\/09\/brasao-da-republica-do-brasil-logo.png\" alt=\"Bras\u00e3o Rep\u00fablica Federativa do Brasil\" width=\"6%\" height=\"6%\">\r\n<\/div>\r\n<h4>\r\n<font color=\"blue\">\r\n<font size=\"5\">\r\n<\/font>\r\n<\/font>\r\n<div align=\"center\">\r\n<font color=\"blue\">\r\n<font size=\"5\">MINIST\u00c9RIO DA EDUCA\u00c7\u00c3O<\/font>\r\n<\/font>\r\n<\/div>\r\n<\/h4>\r\n<p>\r\n<b>\r\n<font color=\"0000blue\">\r\n<\/font>\r\n<\/b>\r\n<\/p>\r\n<div align=\"center\">\r\n<b>\r\n<font color=\"0000blue\">UNIVERSIDADE FEDERAL DE SANTA MARIA<\/font>\r\n<\/b>\r\n<\/div>\r\n<p>\r\n<\/p>\r\n<!--StartFragment-->\r\n<span id=\"docs-internal-guid-8e86c516-7fff-b90a-4fc2-5e4dcb704ee9\">\r\n<p dir=\"ltr\" style=\"text-align: center\">\r\n<a href=\"https:\/\/portal.ufsm.br\/documentos\/publico\/documento.html?id=15566799\" style=\"color: blue !important;text-decoration: underline !important\" data-elementor-preserved=\"true\">\r\n<b>ORGANOGRAMA DO CAMPUS DA UNIVERSIDADE FEDERAL DE SANTA MARIA EM CACHOEIRA DO SUL (UFSM\/CS)<\/b>\r\n<\/a>\r\n<\/p>\r\n<p dir=\"ltr\" style=\"text-align: center\">\r\n<br>\r\n<\/p>\r\n<p dir=\"ltr\">\t<\/p>\r\n<p dir=\"ltr\">\r\n    <div style=\"color: #800000;width: 60%;margin-left: auto;margin-right: 0;text-align: justify;font-weight: normal\">\r\n      Anexo I da Resolu\u00e7\u00e3o UFSM n\u00b0 224, de 1\u00b0 de setembro de 2025.\r\n    <\/div>\r\n<\/p>\r\n<\/blockquote>\r\n<\/blockquote>\r\n<\/blockquote>\r\n<\/blockquote>\r\n<\/blockquote>\r\n<\/blockquote>\r\n<\/blockquote>\r\n<\/blockquote>\r\n<\/blockquote>\r\n<\/blockquote>\r\n<p>\r\n    <\/p>\r\n\r\n<p>&nbsp;<\/p>\r\n<p>\r\n<br>\r\n<\/p>\r\n<div align=\"center\"><img decoding=\"async\" src=\"https:\/\/www.ufsm.br\/app\/uploads\/sites\/344\/2025\/09\/Captura-de-tela-2025-09-01-102625.png\" alt=\"Organograma do Campus da Universidade Federal de Santa Maria em Cachoeira do Sul (UFSM\/CS)\" width=\"100%\" height=\"100%\"><\/div> \r\n<br><div align=\"justify\"><font color=\"black\">\r\n<p>\r\n<br>\r\n<\/p>\r\n<p>\r\n<\/p>\r\n<p>\r\n    <span style=\"color: red\">Este texto n\u00e3o substitui o documento original, publicado no Portal de Documentos.<\/span> Dispon\u00edvel em <a href=\"https:\/\/portal.ufsm.br\/documentos\/publico\/documento.html?id=15566799\" style=\"color: blue !important;text-decoration: underline !important\" data-elementor-preserved=\"true\">https:\/\/portal.ufsm.br\/documentos\/publico\/documento.html?id=15566799<\/a>\r\n<\/p>\r\n<\/div>\r\n<\/font><\/div>\t\t<\/div>\n\t\t\t\t<\/div>\n\t\t\t\t\t<\/div>\n\t\t<\/div>\n\t\t\t\t\t<\/div>\n\t\t<\/section>\n\t\t\t\t<\/div>\n\t\t","protected":false},"excerpt":{"rendered":"<p>MINIST\u00c9RIO DA EDUCA\u00c7\u00c3O UNIVERSIDADE FEDERAL DE SANTA MARIA ORGANOGRAMA DO CAMPUS DA UNIVERSIDADE FEDERAL DE SANTA MARIA EM CACHOEIRA DO SUL (UFSM\/CS) Anexo I da Resolu\u00e7\u00e3o UFSM n\u00b0 224, de 1\u00b0 de setembro de 2025. &nbsp; Este texto n\u00e3o substitui o documento original, publicado no Portal de Documentos. Dispon\u00edvel em https:\/\/portal.ufsm.br\/documentos\/publico\/documento.html?id=15566799<\/p>\n","protected":false},"author":1466,"featured_media":0,"parent":0,"menu_order":0,"comment_status":"closed","ping_status":"closed","template":"","meta":{"footnotes":""},"categories":[],"tags":[],"class_list":["post-6818","page","type-page","status-publish","hentry"],"acf":[],"_links":{"self":[{"href":"https:\/\/www.ufsm.br\/pro-reitorias\/proplan\/wp-json\/wp\/v2\/pages\/6818","targetHints":{"allow":["GET"]}}],"collection":[{"href":"https:\/\/www.ufsm.br\/pro-reitorias\/proplan\/wp-json\/wp\/v2\/pages"}],"about":[{"href":"https:\/\/www.ufsm.br\/pro-reitorias\/proplan\/wp-json\/wp\/v2\/types\/page"}],"author":[{"embeddable":true,"href":"https:\/\/www.ufsm.br\/pro-reitorias\/proplan\/wp-json\/wp\/v2\/users\/1466"}],"replies":[{"embeddable":true,"href":"https:\/\/www.ufsm.br\/pro-reitorias\/proplan\/wp-json\/wp\/v2\/comments?post=6818"}],"version-history":[{"count":0,"href":"https:\/\/www.ufsm.br\/pro-reitorias\/proplan\/wp-json\/wp\/v2\/pages\/6818\/revisions"}],"wp:attachment":[{"href":"https:\/\/www.ufsm.br\/pro-reitorias\/proplan\/wp-json\/wp\/v2\/media?parent=6818"}],"wp:term":[{"taxonomy":"category","embeddable":true,"href":"https:\/\/www.ufsm.br\/pro-reitorias\/proplan\/wp-json\/wp\/v2\/categories?post=6818"},{"taxonomy":"post_tag","embeddable":true,"href":"https:\/\/www.ufsm.br\/pro-reitorias\/proplan\/wp-json\/wp\/v2\/tags?post=6818"}],"curies":[{"name":"wp","href":"https:\/\/api.w.org\/{rel}","templated":true}]}}