{"id":6833,"date":"2025-09-02T10:36:19","date_gmt":"2025-09-02T13:36:19","guid":{"rendered":"https:\/\/www.ufsm.br\/pro-reitorias\/proplan\/?page_id=6833"},"modified":"2025-09-02T10:37:32","modified_gmt":"2025-09-02T13:37:32","slug":"resolucao-ufsm-n-226-2025","status":"publish","type":"page","link":"https:\/\/www.ufsm.br\/pro-reitorias\/proplan\/resolucao-ufsm-n-226-2025","title":{"rendered":"RESOLU\u00c7\u00c3O UFSM N\u00b0 226\/2025"},"content":{"rendered":"\t\t<div data-elementor-type=\"wp-page\" data-elementor-id=\"6833\" class=\"elementor elementor-6833\">\n\t\t\t\t\t\t<section class=\"elementor-section elementor-top-section elementor-element elementor-element-889f29b elementor-section-boxed elementor-section-height-default elementor-section-height-default\" data-id=\"889f29b\" data-element_type=\"section\">\n\t\t\t\t\t\t<div class=\"elementor-container elementor-column-gap-default\">\n\t\t\t\t\t<div class=\"elementor-column elementor-col-100 elementor-top-column elementor-element elementor-element-422db547\" data-id=\"422db547\" data-element_type=\"column\">\n\t\t\t<div class=\"elementor-widget-wrap elementor-element-populated\">\n\t\t\t\t\t\t<div class=\"elementor-element elementor-element-7e4aef27 elementor-widget elementor-widget-text-editor\" data-id=\"7e4aef27\" data-element_type=\"widget\" data-widget_type=\"text-editor.default\">\n\t\t\t\t<div class=\"elementor-widget-container\">\n\t\t\t\t\t\t\t<!-- wp:tadv\/classic-paragraph \/-->\t\t\t\t\t\t<\/div>\n\t\t\t\t<\/div>\n\t\t\t\t\t<\/div>\n\t\t<\/div>\n\t\t\t\t\t<\/div>\n\t\t<\/section>\n\t\t\t\t<section class=\"elementor-section elementor-top-section elementor-element elementor-element-f3dd843 elementor-section-boxed elementor-section-height-default elementor-section-height-default\" data-id=\"f3dd843\" data-element_type=\"section\">\n\t\t\t\t\t\t<div class=\"elementor-container elementor-column-gap-default\">\n\t\t\t\t\t<div class=\"elementor-column elementor-col-100 elementor-top-column elementor-element elementor-element-a6c41c9\" data-id=\"a6c41c9\" data-element_type=\"column\">\n\t\t\t<div class=\"elementor-widget-wrap elementor-element-populated\">\n\t\t\t\t\t\t<div class=\"elementor-element elementor-element-9479c0f elementor-widget elementor-widget-html\" data-id=\"9479c0f\" data-element_type=\"widget\" data-widget_type=\"html.default\">\n\t\t\t\t<div class=\"elementor-widget-container\">\n\t\t\t<br><div align=\"justify\"><font color=\"black\">\r\n<div align=\"center\">\r\n<img decoding=\"async\" src=\"https:\/\/www.ufsm.br\/pro-reitorias\/proplan\/wp-content\/uploads\/sites\/344\/2019\/09\/brasao-da-republica-do-brasil-logo.png\" alt=\"Bras\u00e3o Rep\u00fablica Federativa do Brasil\" width=\"6%\" height=\"6%\">\r\n<\/div>\r\n<h4>\r\n<font color=\"blue\">\r\n<font size=\"5\">\r\n<\/font>\r\n<\/font>\r\n<div align=\"center\">\r\n<font color=\"blue\">\r\n<font size=\"5\">MINIST\u00c9RIO DA EDUCA\u00c7\u00c3O<\/font>\r\n<\/font>\r\n<\/div>\r\n<\/h4>\r\n<p>\r\n<b>\r\n<font color=\"0000blue\">\r\n<\/font>\r\n<\/b>\r\n<\/p>\r\n<div align=\"center\">\r\n<b>\r\n<font color=\"0000blue\">UNIVERSIDADE FEDERAL DE SANTA MARIA<\/font>\r\n<\/b>\r\n<\/div>\r\n<p>\r\n<\/p>\r\n\r\n\r\n\r\n\r\n\r\n\r\n\r\n\r\n\r\n\r\n\r\n\r\n\r\n\r\n<!--StartFragment-->\r\n\r\n<p align=\"center\">\r\n<a href=\"https:\/\/portal.ufsm.br\/documentos\/publico\/documento.html?idDocumento=15569430\" style=\"color: blue !important;text-decoration: underline !important\" data-elementor-preserved=\"true\">\r\n<b>RESOLU\u00c7\u00c3O N\u00b0 226, DE 1\u00ba DE SETEMBRO DE 2025<\/b>\r\n<\/a>\r\n<\/p>\r\n\r\n<p>&nbsp;<\/p>\r\n\r\n<p>\r\n    <div style=\"color: #800000;width: 60%;margin-left: auto;margin-right: 0;text-align: justify;font-weight: normal\">\r\n      Estabelece as normas e procedimentos a serem adotados em caso de falecimento de servidor(a), bem como de estudante na Universidade Federal de Santa Maria (UFSM).\r\n    <\/div>\r\n<\/p>\r\n\r\n<p>&nbsp;<\/p>\r\n\r\n<p>O REITOR DA UNIVERSIDADE FEDERAL DE SANTA MARIA, no uso de suas atribui\u00e7\u00f5es legais que lhe confere o <a href=\"https:\/\/www.ufsm.br\/pro-reitorias\/proplan\/estatuto-ufsm-2010\" style=\"color: blue !important;text-decoration: underline !important\" data-elementor-preserved=\"true\">art. 30 do Estatuto da Universidade Federal de Santa Maria<\/a> com as adequa\u00e7\u00f5es aprovadas\r\npela <a href=\"https:\/\/www.ufsm.br\/pro-reitorias\/proplan\/resolucao-n-037-2010\" style=\"color: blue !important;text-decoration: underline !important\" data-elementor-preserved=\"true\">Resolu\u00e7\u00e3o UFSM n\u00b0 037, de 30 de novembro de 2010<\/a>, aprovado pela Portaria n\u00b0 156, de 12\r\nde mar\u00e7o de 2014, e publicado no Di\u00e1rio Oficial da Uni\u00e3o em 13 de mar\u00e7o de\r\n2014, tendo em vista o disposto na<a href=\"https:\/\/www.planalto.gov.br\/ccivil_03\/leis\/l8112cons.htm\" style=\"color: blue !important;text-decoration: underline !important\" data-elementor-preserved=\"true\"> Lei n\u00b0 8.112, de 11 de dezembro de 1990<\/a>, bem como no <a href=\"https:\/\/www.planalto.gov.br\/ccivil_03\/decreto\/d70274.htm\" style=\"color: blue !important;text-decoration: underline !important\" data-elementor-preserved=\"true\">art. 88 do Decreto n\u00b0 70.274, de 9 de mar\u00e7o de 1972<\/a>, e o que consta no Processo n\u00b0 <a href=\"https:\/\/portal.ufsm.br\/documentos\/publico\/documento.html?id=15142840\" style=\"color: blue !important;text-decoration: underline !important\" data-elementor-preserved=\"true\">23081.086696\/2024-81<\/a>, resolve:<\/p>\r\n\r\n<p>&nbsp;<\/p>\r\n\r\n<p>Art. 1\u00b0&nbsp; Estabelecer\r\nas normas e procedimentos a serem adotados em caso de falecimento de\r\nservidor(a), bem como de estudante na Universidade Federal de Santa Maria\r\n(UFSM).<\/p>\r\n\r\n<p>&nbsp;<\/p>\r\n\r\n<p>CAP\u00cdTULO I<\/p>\r\n\r\n<p>DO LUTO OFICIAL<\/p>\r\n\r\n<p>&nbsp;<\/p>\r\n\r\n<p>Art. 2\u00b0&nbsp; O luto\r\noficial de 3 (tr\u00eas) dias na UFSM ser\u00e1 decretado pela Reitoria em caso de\r\nfalecimento de Reitor(a), Ex-Reitor(a), Vice-Reitor(a) ou Ex-Vice-Reitor(a).<\/p>\r\n\r\n<p>Art. 3\u00b0&nbsp; O Gabinete do\r\nReitor dever\u00e1 emitir Portaria de Luto Oficial conforme o modelo disposto no\r\nAnexo I desta Resolu\u00e7\u00e3o a ser publicada no Portal de Atos Normativos da UFSM e\r\nencaminhada \u00e0s autoridades m\u00e1ximas superiores das unidades de ensino ou\r\nadministrativas.<\/p>\r\n\r\n<p>\u00a7 1\u00b0 Para os fins desta Resolu\u00e7\u00e3o consideram-se autoridades\r\nm\u00e1ximas superiores das unidades de ensino ou administrativas os ocupantes de\r\ncargos de dire\u00e7\u00e3o com atribui\u00e7\u00e3o formal de representa\u00e7\u00e3o institucional da\r\nunidade tais como diretores de unidade, pr\u00f3-reitores, e demais dirigentes com\r\ncompet\u00eancia equivalente reconhecida nos normativos internos da UFSM.<\/p>\r\n\r\n<p>\u00a7 2\u00b0 A portaria poder\u00e1, a crit\u00e9rio da Reitoria, determinar a\r\nsuspens\u00e3o parcial ou total das atividades administrativas e acad\u00eamicas.<\/p>\r\n\r\n<p>Art. 4\u00b0&nbsp; Durante o\r\nluto oficial, a bandeira da UFSM dever\u00e1 ser hasteada a meio-mastro em todos os <i>campi<\/i> da Institui\u00e7\u00e3o.<\/p>\r\n\r\n<p>&nbsp;<\/p>\r\n\r\n<p>CAP\u00cdTULO II<\/p>\r\n\r\n<p>DO LUTO INSTITUCIONAL EM CAR\u00c1TER SIMPLIFICADO<\/p>\r\n\r\n<p>&nbsp;<\/p>\r\n\r\n<p>Art. 5\u00b0&nbsp; O luto de 1\r\n(um) dia na UFSM poder\u00e1 ser decretado pela Reitoria em caso de falecimento de\r\nservidor(a), estudante, bem como de personalidade envolvida com a UFSM, sem\r\nobrigatoriedade de publica\u00e7\u00e3o de ato normativo e hasteamento de bandeira a meio-mastro.<\/p>\r\n\r\n<p>Art. 6\u00b0&nbsp; A Reitoria,\r\nem conjunto com a chefia da inst\u00e2ncia acad\u00eamica ou administrativa de maior\r\nn\u00edvel hier\u00e1rquico \u00e0 qual o(a) falecido(a) estava vinculado(a), poder\u00e1 decretar\r\na suspens\u00e3o parcial das atividades administrativas e acad\u00eamicas no \u00e2mbito de\r\nconviv\u00eancia do(a) falecido(a).<\/p>\r\n\r\n<p>Par\u00e1grafo \u00fanico. &nbsp;Nos casos\r\nreferidos no caput deste artigo, n\u00e3o \u00e9 necess\u00e1ria a emiss\u00e3o de portaria\r\nnormativa, sendo recomendada uma publiciza\u00e7\u00e3o de nota p\u00fablica em site oficial\r\nda institui\u00e7\u00e3o inst\u00e2ncia acad\u00eamica ou administrativa indicando a abrang\u00eancia da\r\nsuspens\u00e3o (curso, departamento, unidade, por exemplo).<\/p>\r\n\r\n<p>&nbsp;<\/p>\r\n\r\n<p>CAP\u00cdTULO III<\/p>\r\n\r\n<p>DA NOTA DE PESAR<\/p>\r\n\r\n<p>Art. 7\u00b0&nbsp; Compete \u00e0\r\nCoordenadoria de Comunica\u00e7\u00e3o Social da UFSM a publica\u00e7\u00e3o de nota de pesar no\r\ns\u00edtio geral da Institui\u00e7\u00e3o em caso de falecimento de servidor(a) ou estudante\r\nda UFSM.<\/p>\r\n\r\n<p>\u00a7 1\u00b0&nbsp; Ser\u00e3o publicadas\r\nas notas informadas oficialmente por e-mail pela Reitoria ou pela chefia da\r\ninst\u00e2ncia acad\u00eamica ou administrativa de maior n\u00edvel hier\u00e1rquico \u00e0 qual o(a)\r\nfalecido(a) estava vinculado(a)<b>\r\n<\/b>\r\n<\/p>\r\n\r\n<p>\u00a7 2\u00b0&nbsp; \u00c9 recomendado\r\nn\u00e3o especificar as causas da morte na nota de pesar.<\/p>\r\n\r\n<p>\u00a7 3\u00b0&nbsp; A nota de pesar\r\ndever\u00e1 ser publicada somente quando as informa\u00e7\u00f5es sobre vel\u00f3rio e enterro\r\nestiverem definidas, conforme anexo II desta Resolu\u00e7\u00e3o.<\/p>\r\n\r\n<p>\u00a7 4\u00b0&nbsp; A publica\u00e7\u00e3o da\r\nnota de pesar dever\u00e1 ser feita somente ap\u00f3s a confirma\u00e7\u00e3o da ci\u00eancia do\r\nfalecimento pelos principais familiares.<\/p>\r\n\r\n<p>\u00a7 5\u00b0&nbsp; A pedido da\r\nReitoria, poder\u00e1 ser publicada nota de pesar de pessoas externas e envolvidas\r\ncom a UFSM. <\/p>\r\n\r\n<p>Art. 8\u00b0&nbsp; Unidades de\r\nensino e pr\u00f3-reitorias poder\u00e3o replicar, bem como produzir a nota de pesar para\r\nseus s\u00edtios, conforme o modelo disposto no anexo II desta Resolu\u00e7\u00e3o.<\/p>\r\n\r\n<p>Art. 9\u00b0&nbsp; A divulga\u00e7\u00e3o\r\ndo luto oficial nas redes sociais oficiais da UFSM somente ser\u00e1 permitida\r\nquando este for formalmente decretado pela Institui\u00e7\u00e3o..<\/p>\r\n\r\n<p>Art. 10.&nbsp; Em caso de\r\nfalecimento de servidores(as) aposentados(as) e egressos(as), a Coordenadoria\r\nde Comunica\u00e7\u00e3o Social publicar\u00e1 nota de pesar em s\u00edtio espec\u00edfico da categoria\r\nna p\u00e1gina da UFSM.<\/p>\r\n\r\n<p>Par\u00e1grafo \u00fanico.&nbsp; A\r\npedido da Reitoria, a nota de pesar poder\u00e1 ser replicada no s\u00edtio geral da\r\nUFSM. <b>\r\n<\/b>\r\n<\/p>\r\n\r\n<p>\r\n<b>&nbsp;<\/b>\r\n<\/p>\r\n\r\n<p>CAP\u00cdTULO IV<\/p>\r\n\r\n<p>DO HASTEAMENTO DE BANDEIRAS EM CASO DE DECRETO DE LUTO POR\r\n\u00d3RG\u00c3OS FEDERAIS, ESTADUAIS E MUNICIPAIS<\/p>\r\n\r\n<p>&nbsp;<\/p>\r\n\r\n<p>Art. 11.&nbsp; A UFSM deve\r\nseguir os procedimentos de hasteamento de bandeiras em situa\u00e7\u00f5es de luto\r\noficial, considerando os n\u00edveis federal, estadual, municipal e da pr\u00f3pria\r\nInstitui\u00e7\u00e3o.<\/p>\r\n\r\n<p>\u00a7 1\u00b0&nbsp; Em caso de luto\r\noficial decretado pelo governo federal, todas as bandeiras nos <i>campi<\/i> da UFSM dever\u00e3o ser hasteadas a\r\nmeio-mastro, incluindo a bandeira do Brasil, a bandeira do estado, a bandeira\r\ndo munic\u00edpio e a bandeira da Institui\u00e7\u00e3o.<\/p>\r\n\r\n<p>\u00a7 2\u00b0&nbsp; Em caso de luto\r\noficial decretado pelo governo estadual, a bandeira do estado, a bandeira do\r\nmunic\u00edpio e a bandeira da UFSM dever\u00e3o ser hasteadas a meio-mastro.<\/p>\r\n\r\n<p>\u00a7 3\u00b0&nbsp; Em caso de luto\r\noficial decretado pelo governo municipal, somente a bandeira do munic\u00edpio e a\r\nbandeira da UFSM dever\u00e3o ser hasteadas a meio-mastro.<\/p>\r\n\r\n<p>\u00a7 4\u00b0 Em caso de luto oficial decretado pela pr\u00f3pria UFSM,\r\nsomente a bandeira da Institui\u00e7\u00e3o dever\u00e1 ser hasteada a meio-mastro.<\/p>\r\n\r\n<p>\r\n<b>&nbsp;<\/b>\r\n<\/p>\r\n\r\n<p>CAP\u00cdTULO V<\/p>\r\n\r\n<p>DISPOSI\u00c7\u00d5ES GERAIS<\/p>\r\n\r\n<p>&nbsp;<\/p>\r\n\r\n<p>Art. 12.&nbsp; Casos\r\nomissos ser\u00e3o tratados pelo Gabinete do Reitor.<\/p>\r\n\r\n<p>Art. 13.&nbsp; A inobserv\u00e2ncia ao disposto nesta Resolu\u00e7\u00e3o\r\nn\u00e3o constitui escusa v\u00e1lida para o descumprimento da norma nem resulta em sua invalidade.<\/p>\r\n\r\n<p>Art. 14.&nbsp; Esta Resolu\u00e7\u00e3o entra em vigor na data de sua\r\npublica\u00e7\u00e3o, de acordo com o que prev\u00ea o <a href=\"https:\/\/www.planalto.gov.br\/ccivil_03\/_ato2023-2026\/2024\/decreto\/D12002.htm\" style=\"color: blue !important;text-decoration: underline !important\" data-elementor-preserved=\"true\">Decreto n\u00b0 12.002, de 22 de abril de 2024, art. 18, inciso IV<\/a>.<\/p>\r\n\r\n<p>&nbsp;<\/p>\r\n\r\n<p align=\"right\">\r\n<span style=\"text-align: justify\">Luciano\r\nSchuch<\/span>\r\n<\/p>\r\n\r\n<p align=\"right\">\r\n<span style=\"text-align: justify\">Reitor<\/span>\r\n<\/p>\r\n<p>\r\n<span style=\"color: red\">Este texto n\u00e3o substitui o documento original, publicado no Portal de Documentos.<\/span> Dispon\u00edvel em <a href=\"https:\/\/portal.ufsm.br\/documentos\/publico\/documento.html?idDocumento=15569430\" style=\"color: blue !important;text-decoration: underline !important\" data-elementor-preserved=\"true\">https:\/\/portal.ufsm.br\/documentos\/publico\/documento.html?idDocumento=15569430<\/a>\r\n<\/p>\r\n\r\n<!--EndFragment-->\r\n<div class=\"normal-text\" style=\"text-align: center\">\r\n<\/div>\r\n<div class=\"normal-text\" style=\"text-align: center\">\r\n<\/div>\r\n<\/font><\/div>\t\t<\/div>\n\t\t\t\t<\/div>\n\t\t\t\t\t<\/div>\n\t\t<\/div>\n\t\t\t\t\t<\/div>\n\t\t<\/section>\n\t\t\t\t<\/div>\n\t\t","protected":false},"excerpt":{"rendered":"<p>MINIST\u00c9RIO DA EDUCA\u00c7\u00c3O UNIVERSIDADE FEDERAL DE SANTA MARIA RESOLU\u00c7\u00c3O N\u00b0 226, DE 1\u00ba DE SETEMBRO DE 2025 &nbsp; Estabelece as normas e procedimentos a serem adotados em caso de falecimento de servidor(a), bem como de estudante na Universidade Federal de Santa Maria (UFSM). &nbsp; O REITOR DA UNIVERSIDADE FEDERAL DE SANTA MARIA, no uso de [&hellip;]<\/p>\n","protected":false},"author":8863,"featured_media":0,"parent":0,"menu_order":0,"comment_status":"closed","ping_status":"closed","template":"","meta":{"footnotes":""},"categories":[],"tags":[],"class_list":["post-6833","page","type-page","status-publish","hentry"],"acf":[],"_links":{"self":[{"href":"https:\/\/www.ufsm.br\/pro-reitorias\/proplan\/wp-json\/wp\/v2\/pages\/6833","targetHints":{"allow":["GET"]}}],"collection":[{"href":"https:\/\/www.ufsm.br\/pro-reitorias\/proplan\/wp-json\/wp\/v2\/pages"}],"about":[{"href":"https:\/\/www.ufsm.br\/pro-reitorias\/proplan\/wp-json\/wp\/v2\/types\/page"}],"author":[{"embeddable":true,"href":"https:\/\/www.ufsm.br\/pro-reitorias\/proplan\/wp-json\/wp\/v2\/users\/8863"}],"replies":[{"embeddable":true,"href":"https:\/\/www.ufsm.br\/pro-reitorias\/proplan\/wp-json\/wp\/v2\/comments?post=6833"}],"version-history":[{"count":0,"href":"https:\/\/www.ufsm.br\/pro-reitorias\/proplan\/wp-json\/wp\/v2\/pages\/6833\/revisions"}],"wp:attachment":[{"href":"https:\/\/www.ufsm.br\/pro-reitorias\/proplan\/wp-json\/wp\/v2\/media?parent=6833"}],"wp:term":[{"taxonomy":"category","embeddable":true,"href":"https:\/\/www.ufsm.br\/pro-reitorias\/proplan\/wp-json\/wp\/v2\/categories?post=6833"},{"taxonomy":"post_tag","embeddable":true,"href":"https:\/\/www.ufsm.br\/pro-reitorias\/proplan\/wp-json\/wp\/v2\/tags?post=6833"}],"curies":[{"name":"wp","href":"https:\/\/api.w.org\/{rel}","templated":true}]}}