{"id":6837,"date":"2025-09-02T11:19:43","date_gmt":"2025-09-02T14:19:43","guid":{"rendered":"https:\/\/www.ufsm.br\/pro-reitorias\/proplan\/?page_id=6837"},"modified":"2025-09-02T11:20:12","modified_gmt":"2025-09-02T14:20:12","slug":"anexo-i-da-resolucao-ufsm-n-226-2025","status":"publish","type":"page","link":"https:\/\/www.ufsm.br\/pro-reitorias\/proplan\/anexo-i-da-resolucao-ufsm-n-226-2025","title":{"rendered":"ANEXO I DA RESOLU\u00c7\u00c3O UFSM N\u00b0 226\/2025"},"content":{"rendered":"\t\t<div data-elementor-type=\"wp-page\" data-elementor-id=\"6837\" class=\"elementor elementor-6837\">\n\t\t\t\t\t\t<section class=\"elementor-section elementor-top-section elementor-element elementor-element-75352f4f elementor-section-boxed elementor-section-height-default elementor-section-height-default\" data-id=\"75352f4f\" data-element_type=\"section\">\n\t\t\t\t\t\t<div class=\"elementor-container elementor-column-gap-default\">\n\t\t\t\t\t<div class=\"elementor-column elementor-col-100 elementor-top-column elementor-element elementor-element-4db6bb82\" data-id=\"4db6bb82\" data-element_type=\"column\">\n\t\t\t<div class=\"elementor-widget-wrap elementor-element-populated\">\n\t\t\t\t\t\t<div class=\"elementor-element elementor-element-3879855b elementor-widget elementor-widget-text-editor\" data-id=\"3879855b\" data-element_type=\"widget\" data-widget_type=\"text-editor.default\">\n\t\t\t\t<div class=\"elementor-widget-container\">\n\t\t\t\t\t\t\t<!-- wp:tadv\/classic-paragraph \/-->\t\t\t\t\t\t<\/div>\n\t\t\t\t<\/div>\n\t\t\t\t\t<\/div>\n\t\t<\/div>\n\t\t\t\t\t<\/div>\n\t\t<\/section>\n\t\t\t\t<section class=\"elementor-section elementor-top-section elementor-element elementor-element-65ea012 elementor-section-boxed elementor-section-height-default elementor-section-height-default\" data-id=\"65ea012\" data-element_type=\"section\">\n\t\t\t\t\t\t<div class=\"elementor-container elementor-column-gap-default\">\n\t\t\t\t\t<div class=\"elementor-column elementor-col-100 elementor-top-column elementor-element elementor-element-5c7da9f\" data-id=\"5c7da9f\" data-element_type=\"column\">\n\t\t\t<div class=\"elementor-widget-wrap elementor-element-populated\">\n\t\t\t\t\t\t<div class=\"elementor-element elementor-element-0c00be0 elementor-widget elementor-widget-html\" data-id=\"0c00be0\" data-element_type=\"widget\" data-widget_type=\"html.default\">\n\t\t\t\t<div class=\"elementor-widget-container\">\n\t\t\t<br><div align=\"justify\"><font color=\"black\">\r\n<br>\r\n<div align=\"justify\">\r\n<div align=\"center\" style=\"color: black\">\r\n<img decoding=\"async\" src=\"https:\/\/www.ufsm.br\/pro-reitorias\/proplan\/wp-content\/uploads\/sites\/344\/2019\/09\/brasao-da-republica-do-brasil-logo.png\" alt=\"Bras\u00e3o Rep\u00fablica Federativa do Brasil\" width=\"6%\" height=\"6%\" style=\"text-align: justify\">\r\n<\/div>\r\n<h4 style=\"color: black;text-align: justify\">\r\n<font color=\"blue\">\r\n<font size=\"5\">\r\n<\/font>\r\n<\/font>\r\n<div align=\"center\">\r\n<font color=\"blue\" style=\"text-align: justify\">\r\n<font size=\"5\">MINIST\u00c9RIO DA EDUCA\u00c7\u00c3O<\/font>\r\n<\/font>\r\n<\/div>\r\n<\/h4>\r\n<p style=\"color: black\">\r\n<b>\r\n<font color=\"0000blue\">\r\n<\/font>\r\n<\/b>\r\n<\/p>\r\n<div align=\"center\" style=\"color: black\">\r\n<b style=\"text-align: justify\">\r\n<font color=\"0000blue\">UNIVERSIDADE FEDERAL DE SANTA MARIA<\/font>\r\n<\/b>\r\n<\/div>\r\n<p style=\"color: black\">\r\n<\/p>\r\n\r\n\r\n\r\n\r\n\r\n\r\n\r\n\r\n\r\n\r\n\r\n\r\n<!--StartFragment-->\r\n\r\n<p align=\"center\" style=\"color: black\">\r\n<a href=\"https:\/\/portal.ufsm.br\/documentos\/publico\/documento.html?idDocumento=15569508#\" style=\"color: blue !important;text-decoration: underline !important\" data-elementor-preserved=\"true\">\r\n<b>ANEXO I DA RESOLU\u00c7\u00c3O N\u00b0 226, DE 1\u00ba DE SETEMBRO DE 2025<\/b>\r\n<\/a> \u2013 PORTARIA DE LUTO OFICIAL<span style=\"text-align: justify\">\r\n<\/span>\r\n<\/p>\r\n\r\n<p style=\"color: black\">&nbsp;<\/p>\r\n\r\n<p align=\"center\">\r\n<span style=\"color: black\">PORTARIA N<span style=\"text-align: justify\">\u00b0<\/span> <\/span>\r\n<font color=\"#ff0000\">XXXX\/20XX\/GR, XX DE XXX DE 20XX<\/font>\r\n<\/p>\r\n\r\n<p style=\"color: black\">&nbsp;<\/p>\r\n\r\n<p>\r\n<font color=\"#000000\">O <\/font>\r\n<font color=\"#ff0000\">(CARGO)<\/font>\r\n<font color=\"#000000\"> DA UNIVERSIDADE FEDERAL DE SANTA MARIA, no uso de\r\nsuas atribui\u00e7\u00f5es legais que lhe confere o <\/font>\r\n<font color=\"#ff0000\">XXX<\/font>\r\n<font color=\"#000000\"> <\/font>\r\n<font color=\"#ff0000\">(adicionar\r\naqui o documento que confere a atribui\u00e7\u00e3o do cargo que est\u00e1 propondo a\r\nportaria)<\/font>\r\n<font color=\"#000000\">, tendo em vista o disposto no art. 88 do Decreto n\u00b0 70.274, de 9 de mar\u00e7o de 1972, resolve:<\/font>\r\n<\/p>\r\n\r\n<p style=\"color: black\">&nbsp;<\/p>\r\n\r\n<p>\r\n<span style=\"color: black\">Estabelecer luto oficial na Universidade Federal de Santa\r\nMaria, por <\/span>\r\n<font color=\"#ff0000\">XX<\/font>\r\n<font color=\"#000000\"> dias, a partir desta data, em sinal de pesar pelo falecimento do(a)\r\n<\/font>\r\n<font color=\"#ff0000\">XXXX, (cargo\/categoria).<\/font>\r\n<\/p>\r\n\r\n<p style=\"color: black\">&nbsp;<\/p>\r\n\r\n<p align=\"right\" style=\"color: black\">Nome completo<\/p>\r\n\r\n<p align=\"right\" style=\"color: black\">Cargo<\/p>\r\n<p style=\"color: black\">\r\nEste texto n\u00e3o substitui o documento original, publicado no Portal de Documentos. Dispon\u00edvel em <a href=\"https:\/\/portal.ufsm.br\/documentos\/publico\/documento.html?idDocumento=15569508#\" style=\"color: blue !important;text-decoration: underline !important\" data-elementor-preserved=\"true\">https:\/\/portal.ufsm.br\/documentos\/publico\/documento.html?idDocumento=15569508#<\/a>\r\n<\/p>\r\n\r\n<!--EndFragment-->\r\n<div style=\"color: black\">\r\n<\/div>\r\n<div style=\"color: black\">\r\n<\/div>\r\n<\/div>\r\n<\/font><\/div>\t\t<\/div>\n\t\t\t\t<\/div>\n\t\t\t\t\t<\/div>\n\t\t<\/div>\n\t\t\t\t\t<\/div>\n\t\t<\/section>\n\t\t\t\t<\/div>\n\t\t","protected":false},"excerpt":{"rendered":"<p>MINIST\u00c9RIO DA EDUCA\u00c7\u00c3O UNIVERSIDADE FEDERAL DE SANTA MARIA ANEXO I DA RESOLU\u00c7\u00c3O N\u00b0 226, DE 1\u00ba DE SETEMBRO DE 2025 \u2013 PORTARIA DE LUTO OFICIAL &nbsp; PORTARIA N\u00b0 XXXX\/20XX\/GR, XX DE XXX DE 20XX &nbsp; O (CARGO) DA UNIVERSIDADE FEDERAL DE SANTA MARIA, no uso de suas atribui\u00e7\u00f5es legais que lhe confere o XXX (adicionar [&hellip;]<\/p>\n","protected":false},"author":8863,"featured_media":0,"parent":0,"menu_order":0,"comment_status":"closed","ping_status":"closed","template":"","meta":{"footnotes":""},"categories":[],"tags":[],"class_list":["post-6837","page","type-page","status-publish","hentry"],"acf":[],"_links":{"self":[{"href":"https:\/\/www.ufsm.br\/pro-reitorias\/proplan\/wp-json\/wp\/v2\/pages\/6837","targetHints":{"allow":["GET"]}}],"collection":[{"href":"https:\/\/www.ufsm.br\/pro-reitorias\/proplan\/wp-json\/wp\/v2\/pages"}],"about":[{"href":"https:\/\/www.ufsm.br\/pro-reitorias\/proplan\/wp-json\/wp\/v2\/types\/page"}],"author":[{"embeddable":true,"href":"https:\/\/www.ufsm.br\/pro-reitorias\/proplan\/wp-json\/wp\/v2\/users\/8863"}],"replies":[{"embeddable":true,"href":"https:\/\/www.ufsm.br\/pro-reitorias\/proplan\/wp-json\/wp\/v2\/comments?post=6837"}],"version-history":[{"count":0,"href":"https:\/\/www.ufsm.br\/pro-reitorias\/proplan\/wp-json\/wp\/v2\/pages\/6837\/revisions"}],"wp:attachment":[{"href":"https:\/\/www.ufsm.br\/pro-reitorias\/proplan\/wp-json\/wp\/v2\/media?parent=6837"}],"wp:term":[{"taxonomy":"category","embeddable":true,"href":"https:\/\/www.ufsm.br\/pro-reitorias\/proplan\/wp-json\/wp\/v2\/categories?post=6837"},{"taxonomy":"post_tag","embeddable":true,"href":"https:\/\/www.ufsm.br\/pro-reitorias\/proplan\/wp-json\/wp\/v2\/tags?post=6837"}],"curies":[{"name":"wp","href":"https:\/\/api.w.org\/{rel}","templated":true}]}}