{"id":6842,"date":"2025-09-02T14:20:25","date_gmt":"2025-09-02T17:20:25","guid":{"rendered":"https:\/\/www.ufsm.br\/pro-reitorias\/proplan\/?page_id=6842"},"modified":"2025-09-02T14:25:12","modified_gmt":"2025-09-02T17:25:12","slug":"resolucao-ufsm-n-228-2025","status":"publish","type":"page","link":"https:\/\/www.ufsm.br\/pro-reitorias\/proplan\/resolucao-ufsm-n-228-2025","title":{"rendered":"RESOLU\u00c7\u00c3O UFSM N\u00b0 228\/2025"},"content":{"rendered":"\t\t<div data-elementor-type=\"wp-page\" data-elementor-id=\"6842\" class=\"elementor elementor-6842\">\n\t\t\t\t\t\t<section class=\"elementor-section elementor-top-section elementor-element elementor-element-997dfa8 elementor-section-boxed elementor-section-height-default elementor-section-height-default\" data-id=\"997dfa8\" data-element_type=\"section\">\n\t\t\t\t\t\t<div class=\"elementor-container elementor-column-gap-default\">\n\t\t\t\t\t<div class=\"elementor-column elementor-col-100 elementor-top-column elementor-element elementor-element-6cd843b\" data-id=\"6cd843b\" data-element_type=\"column\">\n\t\t\t<div class=\"elementor-widget-wrap elementor-element-populated\">\n\t\t\t\t\t\t<div class=\"elementor-element elementor-element-c773de6 elementor-widget elementor-widget-html\" data-id=\"c773de6\" data-element_type=\"widget\" data-widget_type=\"html.default\">\n\t\t\t\t<div class=\"elementor-widget-container\">\n\t\t\t<br><div align=\"justify\"><font color=\"black\">\r\n<div align=\"center\">\r\n<img decoding=\"async\" src=\"https:\/\/www.ufsm.br\/pro-reitorias\/proplan\/wp-content\/uploads\/sites\/344\/2019\/09\/brasao-da-republica-do-brasil-logo.png\" alt=\"Bras\u00e3o Rep\u00fablica Federativa do Brasil\" width=\"6%\" height=\"6%\">\r\n<\/div>\r\n<h4>\r\n<font color=\"blue\">\r\n<font size=\"5\">\r\n<\/font>\r\n<\/font>\r\n<div align=\"center\">\r\n<font color=\"blue\">\r\n<font size=\"5\">MINIST\u00c9RIO DA EDUCA\u00c7\u00c3O<\/font>\r\n<\/font>\r\n<\/div>\r\n<\/h4>\r\n<p>\r\n<b>\r\n<font color=\"0000blue\">\r\n<\/font>\r\n<\/b>\r\n<\/p>\r\n<div align=\"center\">\r\n<b>\r\n<font color=\"0000blue\">UNIVERSIDADE FEDERAL DE SANTA MARIA<\/font>\r\n<\/b>\r\n<\/div>\r\n<p>\r\n<\/p>\r\n\r\n\r\n\r\n\r\n\r\n\r\n\r\n\r\n\r\n\r\n\r\n\r\n\r\n\r\n<!--StartFragment-->\r\n\r\n<p align=\"center\">\r\n<span lang=\"PT\" style=\"text-align: justify\">\r\n<a href=\"https:\/\/portal.ufsm.br\/documentos\/publico\/documento.html?idDocumento=15569994\" style=\"color: blue !important;text-decoration: underline !important\" data-elementor-preserved=\"true\">\r\n<b>RESOLU\u00c7\u00c3O UFSM N\u00b0 228, DE 1\u00ba DE SETEMBRO DE 2025<\/b>\r\n<\/a>\r\n<\/span>\r\n<\/p>\r\n\r\n<p>\r\n<span lang=\"PT\">&nbsp;<\/span>\r\n<\/p>\r\n\r\n<p>\r\n<span lang=\"PT\">\r\n    <div style=\"color: #800000;width: 60%;margin-left: auto;margin-right: 0;text-align: justify;font-weight: normal\">\r\n      Altera e acrescenta dispositivos \u00e0 Resolu\u00e7\u00e3o UFSM n\u00b0 068, de 29 de novembro de 2021, que disp\u00f5e sobre a Pol\u00edtica de A\u00e7\u00f5es Afirmativas e Inclus\u00e3o nos Programas de P\u00f3s-Gradua\u00e7\u00e3o da Universidade Federal de Santa Maria.\r\n    <\/div>\r\n<\/span>\r\n<\/p>\r\n\r\n<p>\r\n<span lang=\"PT\">&nbsp;<\/span>\r\n<\/p>\r\n\r\n<p>\r\n<span lang=\"PT\">O REITOR DA UNIVERSIDADE\r\nFEDERAL DE SANTA MARIA, no uso de suas atribui\u00e7\u00f5es legais<\/span>\r\n<span lang=\"PT\">\r\nque lhe confere o <a href=\"https:\/\/www.ufsm.br\/pro-reitorias\/proplan\/estatuto-ufsm-2010\" style=\"color: blue !important;text-decoration: underline !important\" data-elementor-preserved=\"true\">art. 30 do Estatuto da Universidade Federal de Santa Maria<\/a>\r\ncom as adequa\u00e7\u00f5es aprovadas pela <a href=\"https:\/\/www.ufsm.br\/pro-reitorias\/proplan\/resolucao-n-037-2010\" style=\"color: blue !important;text-decoration: underline !important\" data-elementor-preserved=\"true\">Resolu\u00e7\u00e3o UFSM n\u00b0 037, de 30 de novembro de 2010<\/a>, aprovado pela Portaria n\u00b0 156, de 12 de mar\u00e7o de 2014, e publicado no\r\nDi\u00e1rio Oficial da Uni\u00e3o em 13 de mar\u00e7o de 2014, tendo em vista o disposto nas\r\n<a href=\"https:\/\/www.planalto.gov.br\/ccivil_03\/leis\/l9394.htm\" style=\"color: blue !important;text-decoration: underline !important\" data-elementor-preserved=\"true\">Leis n\u00b0 9.394, de 20 de dezembro de 1996<\/a>, <a href=\"https:\/\/www.planalto.gov.br\/ccivil_03\/_ato2011-2014\/2012\/lei\/l12711.htm\" style=\"color: blue !important;text-decoration: underline !important\" data-elementor-preserved=\"true\">n\u00b0 12.711, de 29 de agosto de 2012<\/a>, e\r\n<a href=\"https:\/\/www.planalto.gov.br\/ccivil_03\/_ato2023-2026\/2023\/lei\/l14723.htm\" style=\"color: blue !important;text-decoration: underline !important\" data-elementor-preserved=\"true\">n\u00b0 14.723, de 13 de novembro de 2023<\/a>, e o que consta no Processo n\u00b0\r\n<a href=\"https:\/\/portal.ufsm.br\/documentos\/publico\/processo\/documento.html?idDocumento=15434606\" style=\"color: blue !important;text-decoration: underline !important\" data-elementor-preserved=\"true\">23081.060159\/2025-92<\/a>, resolve:<\/span>\r\n<\/p>\r\n\r\n<p>\r\n<span lang=\"PT\">&nbsp;<\/span>\r\n<\/p>\r\n\r\n<p>\r\n<span lang=\"PT\">Art. 1\u00b0&nbsp;\r\nAlterar e acrescentar dispositivos \u00e0 <a href=\"https:\/\/www.ufsm.br\/pro-reitorias\/proplan\/resolucao-ufsm-n-068-2021\" style=\"color: blue !important;text-decoration: underline !important\" data-elementor-preserved=\"true\">Resolu\u00e7\u00e3o UFSM n\u00b0 068, de 29 de novembro de 2021<\/a>, que disp\u00f5e sobre a Pol\u00edtica de A\u00e7\u00f5es Afirmativas e Inclus\u00e3o\r\nnos Programas de P\u00f3s-Gradua\u00e7\u00e3o da Universidade Federal de Santa Maria.<\/span>\r\n<\/p>\r\n\r\n<p>\r\n<span lang=\"PT\">Art. <\/span>\r\n<span lang=\"PT\">2\u00b0\r\n&nbsp;Os dispositivos\r\nda <a href=\"https:\/\/www.ufsm.br\/pro-reitorias\/proplan\/resolucao-ufsm-n-068-2021\" style=\"color: blue !important;text-decoration: underline !important\" data-elementor-preserved=\"true\">Resolu\u00e7\u00e3o UFSM n\u00b0 068, de 29 de novembro de 2021<\/a>, passam a vigorar com a\r\nseguinte reda\u00e7\u00e3o:<\/span>\r\n<\/p>\r\n\r\n<p>\r\n<span lang=\"PT\">&nbsp;<\/span>\r\n<\/p>\r\n\r\n<p>\r\n<span lang=\"PT\">\u201c(...)<\/span>\r\n<\/p>\r\n\r\n<p>\r\n<span lang=\"PT\">\u201c<\/span>\r\n<span lang=\"PT\">Art. 2\u00b0&nbsp; A Pol\u00edtica de A\u00e7\u00f5es\r\nAfirmativas e Inclus\u00e3o adotar\u00e1 reserva de vagas para o ingresso, no seu corpo\r\ndiscente, de pessoas pretas e pardas, pessoas remanescentes de comunidades\r\nquilombolas, ind\u00edgenas, pessoas com defici\u00eancia e outros grupos sociais\r\nhistoricamente discriminados (conforme pol\u00edticas espec\u00edficas dos Programas),\r\nconsiderando:<\/span>\r\n<\/p>\r\n\r\n<p>\r\n<span lang=\"PT\">I\r\n- pessoas pretas<\/span>\r\n<span lang=\"PT\"> e pardas:\r\ncandidatos(as) quando se autodeclararem no ato da inscri\u00e7\u00e3o do processo\r\nseletivo, apresentarem o Termo de Autodeclara\u00e7\u00e3o \u00c9tnico-racial e realizarem\r\nentrevista com a Comiss\u00e3o de Autodeclara\u00e7\u00e3o da UFSM;<\/span>\r\n<\/p>\r\n\r\n<p>\r\n<span lang=\"PT\">II - pessoas remanescentes de comunidades\r\nquilombolas: candidatos(as) quando se autodeclararem no ato da inscri\u00e7\u00e3o em\r\nprocesso seletivo, apresentarem o Termo de Autodeclara\u00e7\u00e3o de Pessoa\r\nRemanescente de Comunidade Quilombola e realizarem entrevista com a Comiss\u00e3o de\r\nAutodeclara\u00e7\u00e3o da UFSM;<\/span>\r\n<\/p>\r\n\r\n<p>\r\n<span lang=\"PT\">III\r\n- ind\u00edgenas: candidatos(as) quando se autodeclararem no ato da inscri\u00e7\u00e3o em\r\nprocesso seletivo, apresentarem o Termo de Autodeclara\u00e7\u00e3o \u00c9tnico-racial e\r\nrealizarem entrevista com a Comiss\u00e3o de Autodeclara\u00e7\u00e3o da UFSM;<\/span>\r\n<\/p>\r\n\r\n<p>\r\n<span lang=\"PT\">IV\r\n- pessoas com defici\u00eancia (PcD): candidatos(as) quando se autodeclararem no ato\r\nda inscri\u00e7\u00e3o em processo seletivo e apresentarem o Termo de Autodeclara\u00e7\u00e3o e\r\natestado cl\u00ednico informando a condi\u00e7\u00e3o de impedimento de longo prazo\r\ncaracterizado pela defici\u00eancia, sendo esta impeditiva de intera\u00e7\u00e3o, obstrutiva\r\nde sua participa\u00e7\u00e3o plena, efetiva e em iguais condi\u00e7\u00f5es com as demais pessoas,\r\nrealizando entrevista com a Comiss\u00e3o de Acessibilidade da UFSM; e<\/span>\r\n<\/p>\r\n\r\n<p>\r\n<span lang=\"PT\">V\r\n- outros <\/span>\r\n<span lang=\"PT\">grupos sociais historicamente discriminados podem\r\nser atendidos com reserva de vaga(s) extra(s) por meio de pol\u00edticas de a\u00e7\u00f5es\r\nafirmativas e de inclus\u00e3o, desde que tenham a\r\nproposta aprovada pelos Colegiados dos Programas de P\u00f3s-Gradua\u00e7\u00e3o.<\/span>\r\n<\/p>\r\n\r\n<p>\r\n<span lang=\"PT\">\u00a7 1\u00b0&nbsp; O Termo de Autodeclara\u00e7\u00e3o de Pessoa\r\nRemanescente de Comunidade Quilombola, referido no inciso II deste artigo,\r\ndever\u00e1:<\/span>\r\n<\/p>\r\n\r\n<p>\r\n<span lang=\"PT\">I - ser assinado\r\npelo(a) candidato(a) e pela lideran\u00e7a\/Presidente da associa\u00e7\u00e3o quilombola ou\r\npelo(a) representante da Funda\u00e7\u00e3o Cultural Palmares; e<\/span>\r\n<\/p>\r\n\r\n<p>\r\n<span lang=\"PT\">II \u2013 atestar a\r\ninser\u00e7\u00e3o do(a) candidato(a) em territ\u00f3rio Quilombola, reconhecido (a) ou em\r\nprocesso de reconhecimento nos termos do <a href=\"https:\/\/www.planalto.gov.br\/ccivil_03\/decreto\/2003\/d4887.htm\" style=\"color: blue !important;text-decoration: underline !important\" data-elementor-preserved=\"true\">Decreto n\u00b0 4.887, de 20 de novembro de 2003<\/a>\r\n<\/span>\r\n<span lang=\"PT\">;<\/span>\r\n<\/p>\r\n\r\n<p>\r\n<span lang=\"PT\">\u00a7\r\n2<\/span>\r\n<span lang=\"PT\">\u00b0 &nbsp;As defici\u00eancias, previstas no inciso IV\r\ndeste artigo, ser\u00e3o consideradas a partir da descri\u00e7\u00e3o do <a href=\"https:\/\/www.planalto.gov.br\/ccivil_03\/decreto\/d3298.htm\" style=\"color: blue !important;text-decoration: underline !important\" data-elementor-preserved=\"true\">Decreto n\u00b0 3.298, de 20 de dezembro de 1999<\/a>, da <a href=\"https:\/\/www.planalto.gov.br\/ccivil_03\/_ato2015-2018\/2015\/lei\/l13146.htm\" style=\"color: blue !important;text-decoration: underline !important\" data-elementor-preserved=\"true\">Lei n\u00b0 13.146, de 6 de julho de 2015<\/a>, da <a href=\"https:\/\/www.planalto.gov.br\/ccivil_03\/_ato2019-2022\/2021\/lei\/L14126.htm\" style=\"color: blue !important;text-decoration: underline !important\" data-elementor-preserved=\"true\">Lei n\u00b0 14.126, de 22 de mar\u00e7o de 2021<\/a>, e da <a href=\"https:\/\/leisestaduais.com.br\/rs\/lei-ordinaria-n-16104-2024-rio-grande-do-sul-altera-a-lei-no-13-320-de-21-de-dezembro-de-2009-que-consolida-a-legislacao-relativa-a-pessoa-com-deficiencia-no-estado-do-rio-grande-do-sul-para-estabelecer-que-os-pacientes-transplantados-terao-os-mesmos-direitos-das-pessoas-com-deficiencia\" style=\"color: blue !important;text-decoration: underline !important\" data-elementor-preserved=\"true\">Lei Estadual n\u00b0 16.104, de 27 de mar\u00e7o de 2024<\/a>. <\/span>\r\n<\/p>\r\n\r\n<p>\r\n<span lang=\"PT\">\u00a7 3\u00b0&nbsp; A(s) vaga(s) extra(s), referidas no inciso V\r\ndeste artigo, n\u00e3o poder\u00e3o incidir\/interferir na reserva de vagas destinadas\r\npara pessoas pretas e pardas, pessoas remanescentes de comunidades quilombolas,\r\nind\u00edgenas, e pessoas com defici\u00eancia, tendo que ser, exclusivamente, vagas\r\nextras.<\/span>\r\n<\/p>\r\n\r\n<p>\r\n<span lang=\"PT\">Art.\r\n3<\/span>\r\n<span lang=\"PT\">\u00b0 &nbsp;Os Programas de P\u00f3s-Gradua\u00e7\u00e3o, por curso\r\n(Resid\u00eancia, Especializa\u00e7\u00e3o, Mestrado e Doutorado), dever\u00e3o ofertar no m\u00ednimo\r\n32% (trinta e dois por cento) e no m\u00e1ximo 50%\r\n(cinquenta por cento) das vagas como reserva a partir do total das vagas\r\nofertadas por ano. <\/span>\r\n<\/p>\r\n\r\n<p>\r\n<span lang=\"PT\">(...)<\/span>\r\n<\/p>\r\n\r\n<p>\r\n<span lang=\"PT\">Art.\r\n4<\/span>\r\n<span lang=\"PT\">\u00b0 &nbsp;Os Programas de P\u00f3s-Gradua\u00e7\u00e3o, por\r\ncurso (Resid\u00eancias, Especializa\u00e7\u00e3o, Mestrado e Doutorado) que optarem por\r\nofertar vagas na categoria \u201coutros grupos sociais historicamente\r\ndiscriminados\u201d, conforme inciso V do art. 2\u00b0 desta Resolu\u00e7\u00e3o, dever\u00e3o fazer por\r\nmeio de vaga(s) extra(s), n\u00e3o excedendo o m\u00e1ximo de 50% (cinquenta por cento)\r\ndo total de vagas ofertadas por ano.<\/span>\r\n<\/p>\r\n\r\n<p>\r\n<span lang=\"PT\">(...)<\/span>\r\n<\/p>\r\n\r\n<p>\r\n<span lang=\"PT\">Art.\r\n7<\/span>\r\n<span lang=\"PT\">\u00b0 &nbsp;Em rela\u00e7\u00e3o ao total de vagas reservas ou vagas\r\nextras, os Programas de P\u00f3s-Gradua\u00e7\u00e3o dever\u00e3o cumprir com o seguinte percentual\r\nde distribui\u00e7\u00e3o, por ano:<\/span>\r\n<\/p>\r\n\r\n<p>\r\n<span lang=\"PT\">I\r\n- 50% (cinquenta <\/span>\r\n<span lang=\"PT\">por cento) a 68% (sessenta e oito por\r\ncento) das vagas para ampla concorr\u00eancia;<\/span>\r\n<\/p>\r\n\r\n<p>\r\n<span lang=\"PT\">II\r\n- <\/span>\r\n<span lang=\"PT\">32% (trinta e dois por cento) a 50% (cinquenta por\r\ncento) das vagas para as a\u00e7\u00f5es afirmativas, sendo que no m\u00ednimo 22% (vinte e\r\ndois por cento) das vagas devem ser para pessoas pretas e pardas, pessoas\r\nremanescentes de comunidades quilombolas e ind\u00edgenas, e 10% (dez por cento)\r\npara pessoas com defici\u00eancia; e<\/span>\r\n<\/p>\r\n\r\n<p>\r\n<span lang=\"PT\">III - os Programas\r\nde P\u00f3s-Gradua\u00e7\u00e3o devem ofertar no m\u00ednimo 1 (uma) vaga para pessoas pretas,\r\npardas, pessoas remanescentes de comunidades quilombolas e ind\u00edgenas e 1 (uma)\r\nvaga para pessoas com defici\u00eancia, por ano, quando o total de oferta de vagas\r\ndo programa for inferior a 10 (dez).<\/span>\r\n<\/p>\r\n\r\n<p>\r\n<span lang=\"PT\">Art.\r\n8<\/span>\r\n<span lang=\"PT\">\u00b0 &nbsp;Em qualquer das vagas, sejam de ampla\r\nconcorr\u00eancia ou reservadas para a\u00e7\u00f5es afirmativas, s\u00f3 ser\u00e3o considerados(as)\r\naprovados(as) os(as) candidatos(as) que obtiverem a nota m\u00ednima exigida no\r\nedital dos programas.<\/span>\r\n<\/p>\r\n\r\n<p>\r\n<span lang=\"PT\">Art. 9\u00b0&nbsp; Os(As) candidatos(as) inscritos(as) nas cotas\r\ndestinadas a a\u00e7\u00f5es afirmativas concorrer\u00e3o, inicialmente, \u00e0s vagas\r\ndisponibilizadas para ampla concorr\u00eancia e, se n\u00e3o for alcan\u00e7ada a\r\nclassifica\u00e7\u00e3o para ingresso por meio dessa modalidade, passar\u00e3o a concorrer \u00e0s\r\nvagas reservadas para a\u00e7\u00f5es afirmativas.<\/span>\r\n<\/p>\r\n\r\n<p>\r\n<span lang=\"PT\">(...)<\/span>\r\n<\/p>\r\n\r\n<p>\r\n<span lang=\"PT\">Art. 15.&nbsp; Nos processos seletivos, os dispositivos e a\r\nverifica\u00e7\u00e3o da condi\u00e7\u00e3o declarada, considerando o grupo de cota indicado\r\npelo(a) candidato(a), ser\u00e3o realizados ap\u00f3s o processo de aprova\u00e7\u00e3o\r\nconsiderando o ato de ingresso e ser\u00e1 realizado pela Comiss\u00e3o de Autodeclara\u00e7\u00e3o\r\nda UFSM e pela Comiss\u00e3o de Acessibilidade da UFSM consolidadas na pol\u00edtica de\r\na\u00e7\u00f5es afirmativas da Gradua\u00e7\u00e3o e que dever\u00e3o ser ampliadas\r\npara atender a P\u00f3s-Gradua\u00e7\u00e3o.<\/span>\r\n<\/p>\r\n\r\n<p>\r\n<span lang=\"PT\">Par\u00e1grafo \u00fanico.\r\nOs(As) candidatos(as) inscritos(as) nas cotas reservadas para a\u00e7\u00f5es\r\nafirmativas, mas classificados(as) para ingresso por meio das vagas de ampla\r\nconcorr\u00eancia est\u00e3o dispensados de seguir os procedimentos de confirma\u00e7\u00e3o de\r\nvaga espec\u00edficos para a cota selecionada no ato da inscri\u00e7\u00e3o, mas ter\u00e3o\r\nassegurado o direito \u00e0 verifica\u00e7\u00e3o da condi\u00e7\u00e3o declarada, ap\u00f3s o ingresso, caso\r\ndesejem, para fins de registro da condi\u00e7\u00e3o ou acesso a programas de inclus\u00e3o e\r\npol\u00edticas de perman\u00eancia espec\u00edficas.<\/span>\r\n<\/p>\r\n\r\n<p>\r\n<span lang=\"PT\">Art. 16.&nbsp; As coordena\u00e7\u00f5es dos Programas de\r\nP\u00f3s-Gradua\u00e7\u00e3o dever\u00e3o instituir em seus regulamentos, planejar e executar a\u00e7\u00f5es\r\ne atividades complementares que maximizem a possibilidade de perman\u00eancia de\r\ndiscentes que ingressarem pelo sistema de acesso afirmativo, realizando um\r\nacompanhamento cont\u00ednuo de todas as suas atividades no Programa, com o\r\ndesenvolvimento de momentos de acolhimento, conviv\u00eancia e orienta\u00e7\u00f5es acerca\r\ndas m\u00faltiplas dimens\u00f5es da p\u00f3s-gradua\u00e7\u00e3o, respeitando as especificidades\r\ndos(as) estudantes oriundos(as) das a\u00e7\u00f5es afirmativas.<\/span>\r\n<\/p>\r\n\r\n<p>\r\n<span lang=\"PT\">Art. 17.&nbsp; Os Colegiados dos Programas de P\u00f3s-Gradua\u00e7\u00e3o\r\npoder\u00e3o rever as normas para a&nbsp; concess\u00e3o\r\nde bolsas, no \u00e2mbito de suas pol\u00edticas internas de distribui\u00e7\u00e3o, considerando\r\nos (as) discentes ingressantes pela reserva de vagas, ouvidas as Comiss\u00f5es de\r\nBolsas, os crit\u00e9rios definidos pelas ag\u00eancias de fomento e a Pol\u00edtica de A\u00e7\u00f5es\r\nAfirmativas da P\u00f3s-Gradua\u00e7\u00e3o, regida por esta Resolu\u00e7\u00e3o.<\/span>\r\n<\/p>\r\n\r\n<p>\r\n<span lang=\"PT\">Art. 18.&nbsp; A administra\u00e7\u00e3o central da Universidade\r\nFederal de Santa Maria, por meio de suas Pr\u00f3-Reitorias, \u00f3rg\u00e3os de apoio, e as\r\nunidades de ensino, dever\u00e3o definir a\u00e7\u00f5es e atividades que maximizem a\r\npossibilidade de perman\u00eancia de discentes que ingressarem pelo sistema de\r\nacesso afirmativo, em complementa\u00e7\u00e3o \u00e0quelas implementadas pelos Programas de\r\nP\u00f3s-Gradua\u00e7\u00e3o.<\/span>\r\n<\/p>\r\n\r\n<p>\r\n<span lang=\"PT\">Art. 19.&nbsp; Esta Resolu\u00e7\u00e3o n\u00e3o se aplica a Resid\u00eancias e\r\nProgramas de P\u00f3s-Gradua\u00e7\u00e3o que participam de processos seletivos unificados\r\ninternacionais, nacionais ou estaduais envolvendo m\u00faltiplas institui\u00e7\u00f5es, nem\r\naqueles que s\u00e3o constitu\u00eddos em rede, multic\u00eantricos ou outras categorias de\r\nprogramas de coopera\u00e7\u00e3o, que sejam coordenados ou n\u00e3o pela UFSM e, cujo edital\r\nde sele\u00e7\u00e3o, envolve outras institui\u00e7\u00f5es al\u00e9m da UFSM.<\/span>\r\n<\/p>\r\n\r\n<p>\r\n<span lang=\"PT\">(...)\u201d<\/span>\r\n<\/p>\r\n\r\n<p>\r\n<span lang=\"PT\">(NR)<\/span>\r\n<\/p>\r\n\r\n<p>\r\n<span lang=\"PT\">&nbsp;<\/span>\r\n<\/p>\r\n\r\n<p>\r\n<span lang=\"PT\">Art. 3<\/span>\r\n<span lang=\"PT\">\u00b0 &nbsp;Fica\r\nacrescentado o <a href=\"https:\/\/www.ufsm.br\/pro-reitorias\/proplan\/resolucao-ufsm-n-068-2021\" style=\"color: blue !important;text-decoration: underline !important\" data-elementor-preserved=\"true\">art. 18A na Resolu\u00e7\u00e3o UFSM n\u00b0 068, de 29 de novembro de 2021<\/a>, com a seguinte reda\u00e7\u00e3o:<\/span>\r\n<\/p>\r\n\r\n<p>\r\n<span lang=\"PT\">&nbsp;<\/span>\r\n<\/p>\r\n\r\n<p>\r\n<span lang=\"PT\">\u201c(...)<\/span>\r\n<\/p>\r\n\r\n<p>\r\n<span lang=\"PT\">Art. 18A.&nbsp; Os Programas de P\u00f3s-Gradua\u00e7\u00e3o, quando cab\u00edvel\r\nem sua proposta de forma\u00e7\u00e3o, poder\u00e3o incentivar a realiza\u00e7\u00e3o de estudos ligados\r\n\u00e0s quest\u00f5es prementes \u00e0 popula\u00e7\u00e3o preta, parda, quilombola e ind\u00edgenas, valorizando\r\nas perspectivas cient\u00edficas e culturais ligadas \u00e0 \u00c1frica e a experi\u00eancia\r\nafro-brasileira, tanto quanto os saberes dos povos origin\u00e1rios do Brasil e\r\nAm\u00e9rica Latina, em di\u00e1logo com as perspectivas interseccionais e\r\nanticapacitistas. <\/span>\r\n<\/p>\r\n\r\n<p>\r\n<span lang=\"PT\">(...)\u201d<\/span>\r\n<\/p>\r\n\r\n<p>\r\n<span lang=\"PT\">(NR)<\/span>\r\n<\/p>\r\n\r\n<p>\r\n<span lang=\"PT\">&nbsp;<\/span>\r\n<\/p>\r\n\r\n<p>\r\n<span lang=\"PT\">Art. 4<\/span>\r\n<span lang=\"PT\">\u00b0&nbsp; Esta\r\nResolu\u00e7\u00e3o n\u00e3o se aplica aos processos seletivos cujos editais j\u00e1 tiverem sido\r\npublicados antes de sua entrada em vigor.<\/span>\r\n<\/p>\r\n\r\n<p>\r\n<span lang=\"PT\">Art. 5<\/span>\r\n<span lang=\"PT\">\u00b0&nbsp; A\r\ninobserv\u00e2ncia ao disposto nesta Resolu\u00e7\u00e3o n\u00e3o constitui escusa v\u00e1lida para o\r\ndescumprimento da norma nem resulta em sua invalidade.<\/span>\r\n<\/p>\r\n\r\n<p>\r\n<span lang=\"PT\">Art. 6<\/span>\r\n<span lang=\"PT\">\u00b0 &nbsp;Esta\r\nResolu\u00e7\u00e3o entra em vigor na data de sua publica\u00e7\u00e3o, de acordo com o que prev\u00ea o\r\n<a href=\"https:\/\/www.planalto.gov.br\/ccivil_03\/_ato2023-2026\/2024\/decreto\/D12002.htm\" style=\"color: blue !important;text-decoration: underline !important\" data-elementor-preserved=\"true\">Decreto n\u00b0 12.002, de 22 de abril de 2024, art. 18, inciso IV<\/a>.<\/span>\r\n<\/p>\r\n\r\n<p>\r\n<span lang=\"PT\">&nbsp;<\/span>\r\n<\/p>\r\n\r\n<p align=\"right\">\r\n<span lang=\"PT\" style=\"text-align: justify\">Luciano Schuch<\/span>\r\n<\/p>\r\n\r\n<p align=\"right\">\r\n<span lang=\"PT\" style=\"text-align: justify\">Reitor<\/span>\r\n<\/p>\r\n<p align=\"right\">\r\n<span lang=\"PT\" style=\"text-align: justify\">\r\n<\/span>\r\n<\/p>\r\n<p>\r\n<span style=\"color: red\">Este texto n\u00e3o substitui o documento original, publicado no Portal de Documentos.<\/span> Dispon\u00edvel em <a href=\"https:\/\/portal.ufsm.br\/documentos\/publico\/documento.html?idDocumento=15569994#\" style=\"color: blue !important;text-decoration: underline !important\" data-elementor-preserved=\"true\">https:\/\/portal.ufsm.br\/documentos\/publico\/documento.html?idDocumento=15569994#<\/a>\r\n<\/p>\r\n\r\n<p>\r\n<span lang=\"PT\">&nbsp;<\/span>\r\n<\/p>\r\n\r\n<p>\r\n<span lang=\"PT\">&nbsp;<\/span>\r\n<\/p>\r\n\r\n<!--EndFragment-->\r\n<div class=\"normal-text\" style=\"text-align: center\">\r\n<\/div>\r\n<div class=\"normal-text\" style=\"text-align: center\">\r\n<\/div>\r\n<\/font><\/div>\t\t<\/div>\n\t\t\t\t<\/div>\n\t\t\t\t\t<\/div>\n\t\t<\/div>\n\t\t\t\t\t<\/div>\n\t\t<\/section>\n\t\t\t\t<\/div>\n\t\t","protected":false},"excerpt":{"rendered":"<p>MINIST\u00c9RIO DA EDUCA\u00c7\u00c3O UNIVERSIDADE FEDERAL DE SANTA MARIA RESOLU\u00c7\u00c3O UFSM N\u00b0 228, DE 1\u00ba DE SETEMBRO DE 2025 &nbsp; Altera e acrescenta dispositivos \u00e0 Resolu\u00e7\u00e3o UFSM n\u00b0 068, de 29 de novembro de 2021, que disp\u00f5e sobre a Pol\u00edtica de A\u00e7\u00f5es Afirmativas e Inclus\u00e3o nos Programas de P\u00f3s-Gradua\u00e7\u00e3o da Universidade Federal de Santa Maria. &nbsp; [&hellip;]<\/p>\n","protected":false},"author":8863,"featured_media":0,"parent":0,"menu_order":0,"comment_status":"closed","ping_status":"closed","template":"","meta":{"footnotes":""},"categories":[],"tags":[],"class_list":["post-6842","page","type-page","status-publish","hentry"],"acf":[],"_links":{"self":[{"href":"https:\/\/www.ufsm.br\/pro-reitorias\/proplan\/wp-json\/wp\/v2\/pages\/6842","targetHints":{"allow":["GET"]}}],"collection":[{"href":"https:\/\/www.ufsm.br\/pro-reitorias\/proplan\/wp-json\/wp\/v2\/pages"}],"about":[{"href":"https:\/\/www.ufsm.br\/pro-reitorias\/proplan\/wp-json\/wp\/v2\/types\/page"}],"author":[{"embeddable":true,"href":"https:\/\/www.ufsm.br\/pro-reitorias\/proplan\/wp-json\/wp\/v2\/users\/8863"}],"replies":[{"embeddable":true,"href":"https:\/\/www.ufsm.br\/pro-reitorias\/proplan\/wp-json\/wp\/v2\/comments?post=6842"}],"version-history":[{"count":0,"href":"https:\/\/www.ufsm.br\/pro-reitorias\/proplan\/wp-json\/wp\/v2\/pages\/6842\/revisions"}],"wp:attachment":[{"href":"https:\/\/www.ufsm.br\/pro-reitorias\/proplan\/wp-json\/wp\/v2\/media?parent=6842"}],"wp:term":[{"taxonomy":"category","embeddable":true,"href":"https:\/\/www.ufsm.br\/pro-reitorias\/proplan\/wp-json\/wp\/v2\/categories?post=6842"},{"taxonomy":"post_tag","embeddable":true,"href":"https:\/\/www.ufsm.br\/pro-reitorias\/proplan\/wp-json\/wp\/v2\/tags?post=6842"}],"curies":[{"name":"wp","href":"https:\/\/api.w.org\/{rel}","templated":true}]}}