{"id":6845,"date":"2025-09-03T10:21:57","date_gmt":"2025-09-03T13:21:57","guid":{"rendered":"https:\/\/www.ufsm.br\/pro-reitorias\/proplan\/?page_id=6845"},"modified":"2025-09-03T10:22:49","modified_gmt":"2025-09-03T13:22:49","slug":"instrucao-normativa-ufsm-n-011-2025","status":"publish","type":"page","link":"https:\/\/www.ufsm.br\/pro-reitorias\/proplan\/instrucao-normativa-ufsm-n-011-2025","title":{"rendered":"INSTRU\u00c7\u00c3O NORMATIVA UFSM N\u00b0 011\/2025"},"content":{"rendered":"\t\t<div data-elementor-type=\"wp-page\" data-elementor-id=\"6845\" class=\"elementor elementor-6845\">\n\t\t\t\t\t\t<section class=\"elementor-section elementor-top-section elementor-element elementor-element-e42d7b8 elementor-section-boxed elementor-section-height-default elementor-section-height-default\" data-id=\"e42d7b8\" data-element_type=\"section\">\n\t\t\t\t\t\t<div class=\"elementor-container elementor-column-gap-default\">\n\t\t\t\t\t<div class=\"elementor-column elementor-col-100 elementor-top-column elementor-element elementor-element-3b181d5\" data-id=\"3b181d5\" data-element_type=\"column\">\n\t\t\t<div class=\"elementor-widget-wrap elementor-element-populated\">\n\t\t\t\t\t\t<div class=\"elementor-element elementor-element-4cddf19 elementor-widget elementor-widget-html\" data-id=\"4cddf19\" data-element_type=\"widget\" data-widget_type=\"html.default\">\n\t\t\t\t<div class=\"elementor-widget-container\">\n\t\t\t<br><div align=\"justify\"><font color=\"black\">\r\n<div align=\"center\">\r\n<img decoding=\"async\" src=\"https:\/\/www.ufsm.br\/pro-reitorias\/proplan\/wp-content\/uploads\/sites\/344\/2019\/09\/brasao-da-republica-do-brasil-logo.png\" alt=\"Bras\u00e3o Rep\u00fablica Federativa do Brasil\" width=\"6%\" height=\"6%\">\r\n<\/div>\r\n<h4>\r\n<font color=\"blue\">\r\n<font size=\"5\">\r\n<\/font>\r\n<\/font>\r\n<div align=\"center\">\r\n<font color=\"blue\">\r\n<font size=\"5\">MINIST\u00c9RIO DA EDUCA\u00c7\u00c3O<\/font>\r\n<\/font>\r\n<\/div>\r\n<\/h4>\r\n<p>\r\n<b>\r\n<font color=\"0000blue\">\r\n<\/font>\r\n<\/b>\r\n<\/p>\r\n<div align=\"center\">\r\n<b>\r\n<font color=\"0000blue\">UNIVERSIDADE FEDERAL DE SANTA MARIA<\/font>\r\n<\/b>\r\n<\/div>\r\n<p>\r\n<\/p>\r\n\r\n\r\n\r\n\r\n\r\n\r\n\r\n\r\n\r\n\r\n\r\n\r\n\r\n\r\n<!--StartFragment-->\r\n\r\n<p align=\"center\">\r\n<b>\r\n<span style=\"text-align: justify\">\r\n<\/span>\r\n<a href=\"https:\/\/portal.ufsm.br\/documentos\/publico\/documento.html?id=15571163\" style=\"color: blue !important;text-decoration: underline !important\" data-elementor-preserved=\"true\">INSTRU\u00c7\u00c3O NORMATIVA UFSM N\u00b0 011, DE 1\u00b0 DE SETEMBRO DE 2025<\/a>\r\n<\/b>\r\n<span style=\"text-align: justify\">\r\n<\/span>\r\n<\/p>\r\n\r\n<p>&nbsp;<\/p>\r\n\r\n<p>\r\n    <div style=\"color: #800000;width: 60%;margin-left: auto;margin-right: 0;text-align: justify;font-weight: normal\">\r\n      Orienta sobre o uso do selo comemorativo dos 65 (sessenta e cinco) anos da Universidade Federal de Santa Maria (UFSM).\r\n    <\/div>\r\n<\/p>\r\n\r\n<p>&nbsp;<\/p>\r\n\r\n<p>O REITOR DA UNIVERSIDADE FEDERAL DE SANTA MARIA, no uso de suas\r\natribui\u00e7\u00f5es legais que lhe confere o art. 30 do Estatuto da Universidade\r\nFederal de Santa Maria com as adequa\u00e7\u00f5es aprovadas pela <a href=\"https:\/\/www.ufsm.br\/pro-reitorias\/proplan\/resolucao-n-037-2010\" style=\"color: blue !important;text-decoration: underline !important\" data-elementor-preserved=\"true\">Resolu\u00e7\u00e3o UFSM n\u00b0 037, de 30 de novembro de 2010<\/a>, aprovado pela Portaria n\u00b0 156, de 12 de mar\u00e7o de\r\n2014, e publicado no Di\u00e1rio Oficial da Uni\u00e3o em 13 de mar\u00e7o de 2014, tendo em\r\nvista a <a href=\"https:\/\/www.planalto.gov.br\/ccivil_03\/leis\/1950-1969\/l3834-c.htm\" style=\"color: blue !important;text-decoration: underline !important\" data-elementor-preserved=\"true\">Lei n\u00b0 3.834-C, de 14 de dezembro de 1960<\/a>, e que, no ano de 2025, a\r\nUFSM comemora 65 anos de sua funda\u00e7\u00e3o, representando um ciclo para a cidade de\r\nSanta Maria e regi\u00e3o e a forma\u00e7\u00e3o de uma alian\u00e7a que constr\u00f3i projetos de\r\nensino, pesquisa e extens\u00e3o e proporciona reconhecimento ao interior do estado\r\ndo Rio Grande do Sul, e o que consta no Processo n\u00b0 <a href=\"https:\/\/portal.ufsm.br\/documentos\/usuario\/processo\/documento.html?idDocumento=15551970\" style=\"color: blue !important;text-decoration: underline !important\" data-elementor-preserved=\"true\">23081.112673\/2025-11<\/a>,\r\nresolve:<\/p>\r\n\r\n<p>&nbsp;<\/p>\r\n\r\n<p>Art. 1\u00b0 &nbsp;Orientar sobre o uso do selo comemorativo\r\ndos 65 (sessenta e cinco) anos da Universidade Federal de Santa Maria (UFSM).<\/p>\r\n\r\n<p>Par\u00e1grafo \u00fanico. &nbsp;A cria\u00e7\u00e3o do\r\nselo comemorativo aos 65 (sessenta e cinco) anos da UFSM simboliza as\r\ncaracter\u00edsticas do la\u00e7o entre a academia e a sociedade, refor\u00e7ando tamb\u00e9m o\r\norgulho e a valoriza\u00e7\u00e3o da universidade p\u00fablica.<\/p>\r\n\r\n<p>Art. 2\u00b0 &nbsp;O selo comemorativo dos\r\n65 (sessenta e cinco) anos da UFSM, seu Manual de Aplica\u00e7\u00e3o, modelo de\r\napresenta\u00e7\u00e3o e outros materiais, que podem ser utilizados a partir da\r\nidentidade visual, encontram-se dispon\u00edveis na p\u00e1gina <i>web<\/i> https:\/\/www.ufsm.br\/65-anos.<\/p>\r\n\r\n<p>Art. 3\u00b0 &nbsp;O correto uso do selo\r\ncitado no art. 2\u00b0, desta Instru\u00e7\u00e3o Normativa, dever\u00e1 observar obrigatoriamente\r\nas seguintes orienta\u00e7\u00f5es:<\/p>\r\n\r\n<p>I - o selo comemorativo dever\u00e1 ser utilizado nos diferentes eventos a\r\nserem realizados na UFSM, de agosto de 2025 at\u00e9 agosto de 2026;<\/p>\r\n\r\n<p>II - o selo comemorativo n\u00e3o substitui a marca da UFSM nas divulga\u00e7\u00f5es\r\nrealizadas pela Institui\u00e7\u00e3o;<\/p>\r\n\r\n<p>III - nas divulga\u00e7\u00f5es institucionais, a utiliza\u00e7\u00e3o do selo comemorativo\r\ndos 65 (sessenta e cinco) anos dever\u00e1 ser posicionado no canto superior direito\r\nou esquerdo das publica\u00e7\u00f5es, enquanto mantida as marcas da UFSM e dos setores\r\nna parte inferior dos materiais de divulga\u00e7\u00e3o;<\/p>\r\n\r\n<p>IV - o material de divulga\u00e7\u00e3o dos eventos \u2014 incluindo pe\u00e7as gr\u00e1ficas,\r\nconte\u00fado para o site e roteiros de cerimonial \u2014 dever\u00e1 evidenciar que o evento\r\nest\u00e1 inserido na programa\u00e7\u00e3o alusiva \u00e0 comemora\u00e7\u00e3o dos 65 (sessenta e cinco)\r\nanos da UFSM; e<\/p>\r\n\r\n<p>V - a rela\u00e7\u00e3o de todos os eventos de cada unidade de ensino, setor ou\r\ncurso dever\u00e1 ser enviada para o <i>e-mail&nbsp;<\/i>ascomgabinete@ufsm.br, a fim de que sejam\r\ninseridos na programa\u00e7\u00e3o oficial dos 65 (sessenta e cinco) anos da UFSM,\r\nmediante a p\u00e1gina <i>web&nbsp;<\/i>https:\/\/www.ufsm.br\/65-anos.<\/p>\r\n\r\n<p>Par\u00e1grafo \u00fanico. &nbsp;O n\u00e3o envio da\r\nrela\u00e7\u00e3o de eventos ou o n\u00e3o cadastramento do evento na programa\u00e7\u00e3o oficial dos\r\n65 (sessenta e cinco) anos da UFSM inviabilizar\u00e1 a divulga\u00e7\u00e3o da a\u00e7\u00e3o como\r\natividade alusiva \u00e0 celebra\u00e7\u00e3o de anivers\u00e1rio da Institui\u00e7\u00e3o.<\/p>\r\n\r\n<p>Art. 4\u00b0&nbsp; A inobserv\u00e2ncia ao\r\ndisposto nesta Instru\u00e7\u00e3o Normativa n\u00e3o constitui escusa v\u00e1lida para o\r\ndescumprimento da norma nem resulta em sua invalidade. <\/p>\r\n\r\n<p>Art. 5\u00b0&nbsp; Esta Instru\u00e7\u00e3o Normativa\r\nentra em vigor na data de sua publica\u00e7\u00e3o, de acordo com o que prev\u00ea o <a href=\"https:\/\/www.planalto.gov.br\/ccivil_03\/_ato2023-2026\/2024\/decreto\/d12002.htm\" style=\"color: blue !important;text-decoration: underline !important\" data-elementor-preserved=\"true\">Decreto n\u00b0 12.002, de 22 de abril de 2024<\/a>, art. 18, inciso IV.<\/p>\r\n\r\n<p>&nbsp;<\/p>\r\n\r\n<p align=\"right\">\r\n<span style=\"text-align: justify\">Luciano Schuch<\/span>\r\n<\/p>\r\n\r\n<p align=\"right\">\r\n<span style=\"text-align: justify\">Reitor<\/span>\r\n<\/p>\r\n\r\n<p>\r\n<br>\r\n<\/p>\r\n<p>\r\n<span style=\"color: red\">Este texto n\u00e3o substitui o documento original, publicado no Portal de Documentos.<\/span> Dispon\u00edvel em <a href=\"https:\/\/portal.ufsm.br\/documentos\/publico\/documento.html?id=15571163\" style=\"color: blue !important;text-decoration: underline !important\" data-elementor-preserved=\"true\">https:\/\/portal.ufsm.br\/documentos\/publico\/documento.html?id=15571163<\/a>&nbsp;<\/p>\r\n\r\n<!--EndFragment-->\r\n<div class=\"normal-text\" style=\"text-align: center\">\r\n<\/div>\r\n<div class=\"normal-text\" style=\"text-align: center\">\r\n<\/div>\r\n<\/font><\/div>\t\t<\/div>\n\t\t\t\t<\/div>\n\t\t\t\t\t<\/div>\n\t\t<\/div>\n\t\t\t\t\t<\/div>\n\t\t<\/section>\n\t\t\t\t<\/div>\n\t\t","protected":false},"excerpt":{"rendered":"<p>MINIST\u00c9RIO DA EDUCA\u00c7\u00c3O UNIVERSIDADE FEDERAL DE SANTA MARIA INSTRU\u00c7\u00c3O NORMATIVA UFSM N\u00b0 011, DE 1\u00b0 DE SETEMBRO DE 2025 &nbsp; Orienta sobre o uso do selo comemorativo dos 65 (sessenta e cinco) anos da Universidade Federal de Santa Maria (UFSM). &nbsp; O REITOR DA UNIVERSIDADE FEDERAL DE SANTA MARIA, no uso de suas atribui\u00e7\u00f5es legais [&hellip;]<\/p>\n","protected":false},"author":8343,"featured_media":0,"parent":0,"menu_order":0,"comment_status":"closed","ping_status":"closed","template":"","meta":{"footnotes":""},"categories":[],"tags":[],"class_list":["post-6845","page","type-page","status-publish","hentry"],"acf":[],"_links":{"self":[{"href":"https:\/\/www.ufsm.br\/pro-reitorias\/proplan\/wp-json\/wp\/v2\/pages\/6845","targetHints":{"allow":["GET"]}}],"collection":[{"href":"https:\/\/www.ufsm.br\/pro-reitorias\/proplan\/wp-json\/wp\/v2\/pages"}],"about":[{"href":"https:\/\/www.ufsm.br\/pro-reitorias\/proplan\/wp-json\/wp\/v2\/types\/page"}],"author":[{"embeddable":true,"href":"https:\/\/www.ufsm.br\/pro-reitorias\/proplan\/wp-json\/wp\/v2\/users\/8343"}],"replies":[{"embeddable":true,"href":"https:\/\/www.ufsm.br\/pro-reitorias\/proplan\/wp-json\/wp\/v2\/comments?post=6845"}],"version-history":[{"count":0,"href":"https:\/\/www.ufsm.br\/pro-reitorias\/proplan\/wp-json\/wp\/v2\/pages\/6845\/revisions"}],"wp:attachment":[{"href":"https:\/\/www.ufsm.br\/pro-reitorias\/proplan\/wp-json\/wp\/v2\/media?parent=6845"}],"wp:term":[{"taxonomy":"category","embeddable":true,"href":"https:\/\/www.ufsm.br\/pro-reitorias\/proplan\/wp-json\/wp\/v2\/categories?post=6845"},{"taxonomy":"post_tag","embeddable":true,"href":"https:\/\/www.ufsm.br\/pro-reitorias\/proplan\/wp-json\/wp\/v2\/tags?post=6845"}],"curies":[{"name":"wp","href":"https:\/\/api.w.org\/{rel}","templated":true}]}}