{"id":6917,"date":"2025-09-15T09:30:38","date_gmt":"2025-09-15T12:30:38","guid":{"rendered":"https:\/\/www.ufsm.br\/pro-reitorias\/proplan\/?page_id=6917"},"modified":"2025-09-15T09:31:09","modified_gmt":"2025-09-15T12:31:09","slug":"anexo-i-da-instrucao-normativa-ufsm-n-012-2025","status":"publish","type":"page","link":"https:\/\/www.ufsm.br\/pro-reitorias\/proplan\/anexo-i-da-instrucao-normativa-ufsm-n-012-2025","title":{"rendered":"ANEXO I DA INSTRU\u00c7\u00c3O NORMATIVA UFSM N\u00b0 012\/2025"},"content":{"rendered":"\t\t<div data-elementor-type=\"wp-page\" data-elementor-id=\"6917\" class=\"elementor elementor-6917\">\n\t\t\t\t\t\t<section class=\"elementor-section elementor-top-section elementor-element elementor-element-bf18b69 elementor-section-boxed elementor-section-height-default elementor-section-height-default\" data-id=\"bf18b69\" data-element_type=\"section\">\n\t\t\t\t\t\t<div class=\"elementor-container elementor-column-gap-default\">\n\t\t\t\t\t<div class=\"elementor-column elementor-col-100 elementor-top-column elementor-element elementor-element-cb91a76\" data-id=\"cb91a76\" data-element_type=\"column\">\n\t\t\t<div class=\"elementor-widget-wrap elementor-element-populated\">\n\t\t\t\t\t\t<div class=\"elementor-element elementor-element-c3b0bbd elementor-widget elementor-widget-html\" data-id=\"c3b0bbd\" data-element_type=\"widget\" data-widget_type=\"html.default\">\n\t\t\t\t<div class=\"elementor-widget-container\">\n\t\t\t<br><div align=\"justify\"><font color=\"black\">\r\n<div align=\"center\">\r\n<img decoding=\"async\" src=\"https:\/\/www.ufsm.br\/pro-reitorias\/proplan\/wp-content\/uploads\/sites\/344\/2019\/09\/brasao-da-republica-do-brasil-logo.png\" alt=\"Bras\u00e3o Rep\u00fablica Federativa do Brasil\" width=\"6%\" height=\"6%\">\r\n<\/div>\r\n<h4>\r\n<font color=\"blue\">\r\n<font size=\"5\">\r\n<\/font>\r\n<\/font>\r\n<div align=\"center\">\r\n<font color=\"blue\">\r\n<font size=\"5\">MINIST\u00c9RIO DA EDUCA\u00c7\u00c3O<\/font>\r\n<\/font>\r\n<\/div>\r\n<\/h4>\r\n<p>\r\n<b>\r\n<font color=\"0000blue\">\r\n<\/font>\r\n<\/b>\r\n<\/p>\r\n<div align=\"center\">\r\n<b>\r\n<font color=\"0000blue\">UNIVERSIDADE FEDERAL DE SANTA MARIA<\/font>\r\n<\/b>\r\n<\/div>\r\n<p>\r\n<\/p>\r\n\r\n\r\n\r\n\r\n\r\n\r\n\r\n\r\n\r\n\r\n\r\n\r\n\r\n\r\n<!--StartFragment-->\r\n\r\n<p>&nbsp;<\/p>\r\n\r\n<blockquote style=\"margin: 0 0 0 40px;border: none;padding: 0px\">\r\n<blockquote style=\"margin: 0 0 0 40px;border: none;padding: 0px\">\r\n<blockquote style=\"margin: 0 0 0 40px;border: none;padding: 0px\">\r\n<blockquote style=\"margin: 0 0 0 40px;border: none;padding: 0px\">\r\n<blockquote style=\"margin: 0 0 0 40px;border: none;padding: 0px\">\r\n<blockquote style=\"margin: 0 0 0 40px;border: none;padding: 0px\">\r\n<blockquote style=\"margin: 0 0 0 40px;border: none;padding: 0px\">\r\n<p>\r\n<div style=\"color: #800000;width: 60%;margin-left: auto;margin-right: 0;text-align: justify;font-weight: normal\">\r\n      Anexo I da Instru\u00e7\u00e3o Normativa UFSM n\u00b0 012, de 11 de setembro de 2025.\r\n    <\/div>\r\n<\/p>\r\n<\/blockquote>\r\n<\/blockquote>\r\n<\/blockquote>\r\n<\/blockquote>\r\n<\/blockquote>\r\n<\/blockquote>\r\n<\/blockquote>\r\n<p>\r\n    <\/p>\r\n\r\n<p>&nbsp;<\/p>\r\n\r\n<p align=\"center\">\r\n<a href=\"https:\/\/portal.ufsm.br\/documentos\/publico\/documento.html?idDocumento=15582073\" style=\"color: blue !important;text-decoration: underline !important\" data-elementor-preserved=\"true\">\r\n<b>TERMO DE INDICA\u00c7\u00c3O DE ADEQUA\u00c7\u00d5ES CURRICULARES<\/b>\r\n<\/a>\r\n<\/p>\r\n\r\n<p>&nbsp;<\/p>\r\n\r\n<p>Eu, [Seu Nome], [Cargo\/Qualifica\u00e7\u00e3o], SIAPE [N\u00famero] venho\r\npor meio deste termo indicar a necessidade de adequa\u00e7\u00f5es curriculares para o(a)\r\nestudante [Nome do Estudante], matriculado(a) no curso de [Nome do Curso] na\r\nUniversidade Federal de Santa Maria (UFSM).<\/p>\r\n\r\n<p>&nbsp;<\/p>\r\n\r\n<p>Justificativa: O(A) estudante mencionado(a) apresenta\r\ncondi\u00e7\u00f5es [descrever quais as condi\u00e7\u00f5es de modo amplo] que requerem ajustes no\r\ncurr\u00edculo para garantir a igualdade de oportunidades e acessibilidade ao\r\nensino.<\/p>\r\n\r\n<p>&nbsp;<\/p>\r\n\r\n<p>Adequa\u00e7\u00f5es Solicitadas: [descrever as adequa\u00e7\u00f5es]<\/p>\r\n\r\n<p>As adequa\u00e7\u00f5es solicitadas ser\u00e3o identificadas semestralmente\r\njunto ao acompanhamento da CAED e comunicadas \u00e0 coordena\u00e7\u00e3o do curso.&nbsp; <\/p>\r\n\r\n<p>&nbsp;<\/p>\r\n\r\n<p>&nbsp;<\/p>\r\n\r\n<p align=\"right\">___________________________________________________<\/p>\r\n\r\n<p align=\"right\">Assinatura do(a) respons\u00e1vel\r\npela elabora\u00e7\u00e3o do termo<\/p>\r\n\r\n<p align=\"right\">&nbsp;<\/p>\r\n\r\n<p align=\"right\">&nbsp;<\/p>\r\n\r\n<p align=\"right\">___________________________________________________<\/p>\r\n\r\n<p align=\"right\">Assinatura do(a) estudante<\/p>\r\n\r\n<p align=\"right\">&nbsp;<\/p>\r\n\r\n<p align=\"right\">&nbsp;<\/p>\r\n\r\n<p align=\"right\">&nbsp;<\/p>\r\n\r\n<p align=\"right\">_________, de\r\n__________________________ de 202_______.<\/p>\r\n<p align=\"right\">\r\n<br>\r\n<\/p>\r\n<p>\r\n<span style=\"color: red\">Este texto n\u00e3o substitui o documento original, publicado no Portal de Documentos.<\/span> Dispon\u00edvel em <a href=\"https:\/\/portal.ufsm.br\/documentos\/publico\/documento.html?idDocumento=15582073\" style=\"color: blue !important;text-decoration: underline !important\" data-elementor-preserved=\"true\">https:\/\/portal.ufsm.br\/documentos\/publico\/documento.html?idDocumento=15582073<\/a>\r\n<\/p>\r\n\r\n<!--EndFragment-->\r\n<div class=\"normal-text\" style=\"text-align: center\">\r\n<\/div>\r\n<div class=\"normal-text\" style=\"text-align: center\">\r\n<\/div>\r\n<\/font><\/div>\t\t<\/div>\n\t\t\t\t<\/div>\n\t\t\t\t\t<\/div>\n\t\t<\/div>\n\t\t\t\t\t<\/div>\n\t\t<\/section>\n\t\t\t\t<\/div>\n\t\t","protected":false},"excerpt":{"rendered":"<p>MINIST\u00c9RIO DA EDUCA\u00c7\u00c3O UNIVERSIDADE FEDERAL DE SANTA MARIA &nbsp; Anexo I da Instru\u00e7\u00e3o Normativa UFSM n\u00b0 012, de 11 de setembro de 2025. &nbsp; TERMO DE INDICA\u00c7\u00c3O DE ADEQUA\u00c7\u00d5ES CURRICULARES &nbsp; Eu, [Seu Nome], [Cargo\/Qualifica\u00e7\u00e3o], SIAPE [N\u00famero] venho por meio deste termo indicar a necessidade de adequa\u00e7\u00f5es curriculares para o(a) estudante [Nome do Estudante], matriculado(a) [&hellip;]<\/p>\n","protected":false},"author":8343,"featured_media":0,"parent":0,"menu_order":0,"comment_status":"closed","ping_status":"closed","template":"","meta":{"footnotes":""},"categories":[],"tags":[],"class_list":["post-6917","page","type-page","status-publish","hentry"],"acf":[],"_links":{"self":[{"href":"https:\/\/www.ufsm.br\/pro-reitorias\/proplan\/wp-json\/wp\/v2\/pages\/6917","targetHints":{"allow":["GET"]}}],"collection":[{"href":"https:\/\/www.ufsm.br\/pro-reitorias\/proplan\/wp-json\/wp\/v2\/pages"}],"about":[{"href":"https:\/\/www.ufsm.br\/pro-reitorias\/proplan\/wp-json\/wp\/v2\/types\/page"}],"author":[{"embeddable":true,"href":"https:\/\/www.ufsm.br\/pro-reitorias\/proplan\/wp-json\/wp\/v2\/users\/8343"}],"replies":[{"embeddable":true,"href":"https:\/\/www.ufsm.br\/pro-reitorias\/proplan\/wp-json\/wp\/v2\/comments?post=6917"}],"version-history":[{"count":0,"href":"https:\/\/www.ufsm.br\/pro-reitorias\/proplan\/wp-json\/wp\/v2\/pages\/6917\/revisions"}],"wp:attachment":[{"href":"https:\/\/www.ufsm.br\/pro-reitorias\/proplan\/wp-json\/wp\/v2\/media?parent=6917"}],"wp:term":[{"taxonomy":"category","embeddable":true,"href":"https:\/\/www.ufsm.br\/pro-reitorias\/proplan\/wp-json\/wp\/v2\/categories?post=6917"},{"taxonomy":"post_tag","embeddable":true,"href":"https:\/\/www.ufsm.br\/pro-reitorias\/proplan\/wp-json\/wp\/v2\/tags?post=6917"}],"curies":[{"name":"wp","href":"https:\/\/api.w.org\/{rel}","templated":true}]}}