{"id":6919,"date":"2025-09-15T09:38:51","date_gmt":"2025-09-15T12:38:51","guid":{"rendered":"https:\/\/www.ufsm.br\/pro-reitorias\/proplan\/?page_id=6919"},"modified":"2025-09-15T09:39:25","modified_gmt":"2025-09-15T12:39:25","slug":"anexo-ii-da-instrucao-normativa-ufsm-n-012-2025","status":"publish","type":"page","link":"https:\/\/www.ufsm.br\/pro-reitorias\/proplan\/anexo-ii-da-instrucao-normativa-ufsm-n-012-2025","title":{"rendered":"ANEXO II DA INSTRU\u00c7\u00c3O NORMATIVA UFSM N\u00b0 012\/2025"},"content":{"rendered":"\t\t<div data-elementor-type=\"wp-page\" data-elementor-id=\"6919\" class=\"elementor elementor-6919\">\n\t\t\t\t\t\t<section class=\"elementor-section elementor-top-section elementor-element elementor-element-903fae8 elementor-section-boxed elementor-section-height-default elementor-section-height-default\" data-id=\"903fae8\" data-element_type=\"section\">\n\t\t\t\t\t\t<div class=\"elementor-container elementor-column-gap-default\">\n\t\t\t\t\t<div class=\"elementor-column elementor-col-100 elementor-top-column elementor-element elementor-element-693f4b6\" data-id=\"693f4b6\" data-element_type=\"column\">\n\t\t\t<div class=\"elementor-widget-wrap elementor-element-populated\">\n\t\t\t\t\t\t<div class=\"elementor-element elementor-element-4d895f0 elementor-widget elementor-widget-html\" data-id=\"4d895f0\" data-element_type=\"widget\" data-widget_type=\"html.default\">\n\t\t\t\t<div class=\"elementor-widget-container\">\n\t\t\t<br><div align=\"justify\"><font color=\"black\">\r\n<div align=\"center\">\r\n<img decoding=\"async\" src=\"https:\/\/www.ufsm.br\/pro-reitorias\/proplan\/wp-content\/uploads\/sites\/344\/2019\/09\/brasao-da-republica-do-brasil-logo.png\" alt=\"Bras\u00e3o Rep\u00fablica Federativa do Brasil\" width=\"6%\" height=\"6%\">\r\n<\/div>\r\n<h4>\r\n<font color=\"blue\">\r\n<font size=\"5\">\r\n<\/font>\r\n<\/font>\r\n<div align=\"center\">\r\n<font color=\"blue\">\r\n<font size=\"5\">MINIST\u00c9RIO DA EDUCA\u00c7\u00c3O<\/font>\r\n<\/font>\r\n<\/div>\r\n<\/h4>\r\n<p>\r\n<b>\r\n<font color=\"0000blue\">\r\n<\/font>\r\n<\/b>\r\n<\/p>\r\n<div align=\"center\">\r\n<b>\r\n<font color=\"0000blue\">UNIVERSIDADE FEDERAL DE SANTA MARIA<\/font>\r\n<\/b>\r\n<\/div>\r\n<p>\r\n<\/p>\r\n\r\n\r\n\r\n\r\n\r\n\r\n\r\n\r\n\r\n\r\n\r\n\r\n\r\n\r\n<!--StartFragment-->\r\n\r\n<p>&nbsp;<\/p>\r\n\r\n<blockquote style=\"margin: 0 0 0 40px;border: none;padding: 0px\">\r\n<blockquote style=\"margin: 0 0 0 40px;border: none;padding: 0px\">\r\n<blockquote style=\"margin: 0 0 0 40px;border: none;padding: 0px\">\r\n<blockquote style=\"margin: 0 0 0 40px;border: none;padding: 0px\">\r\n<blockquote style=\"margin: 0 0 0 40px;border: none;padding: 0px\">\r\n<blockquote style=\"margin: 0 0 0 40px;border: none;padding: 0px\">\r\n<blockquote style=\"margin: 0 0 0 40px;border: none;padding: 0px\">\r\n<p>\r\n<div style=\"color: #800000;width: 60%;margin-left: auto;margin-right: 0;text-align: justify;font-weight: normal\">\r\n      Anexo II da Instru\u00e7\u00e3o Normativa UFSM n\u00b0 012, de 11 de setembro de 2025.\r\n    <\/div>\r\n<\/p>\r\n<\/blockquote>\r\n<\/blockquote>\r\n<\/blockquote>\r\n<\/blockquote>\r\n<\/blockquote>\r\n<\/blockquote>\r\n<\/blockquote>\r\n<p>\r\n    <\/p>\r\n\r\n<p>&nbsp;<\/p>\r\n\r\n<p align=\"center\">\r\n<a href=\"https:\/\/portal.ufsm.br\/documentos\/publico\/documento.html?idDocumento=15582080\" style=\"color: blue !important;text-decoration: underline !important\" data-elementor-preserved=\"true\">\r\n<b>TERMO DE CONSENTIMENTO PARA A IMPLEMENTA\u00c7\u00c3O DE ADEQUA\u00c7\u00d5ES CURRICULARES<\/b>\r\n<\/a>\r\n<\/p>\r\n\r\n<p>&nbsp;<\/p>\r\n\r\n<p>Eu, [Nome do Estudante], matr\u00edcula [N\u00famero], matriculado(a)\r\nno curso de [Nome do Curso] na UFSM, expresso meu consentimento para a\r\nimplementa\u00e7\u00e3o de adequa\u00e7\u00f5es curriculares, conforme descritas no Termo de\r\nIndica\u00e7\u00e3o de Adequa\u00e7\u00f5es Curriculares, constante no <a href=\"https:\/\/www.ufsm.br\/pro-reitorias\/proplan\/anexo-i-da-instrucao-normativa-ufsm-n-012-2025\" style=\"color: blue !important;text-decoration: underline !important\" data-elementor-preserved=\"true\">Anexo I<\/a> da <a href=\"https:\/\/www.ufsm.br\/pro-reitorias\/proplan\/instrucao-normativa-ufsm-n-012-2025\" style=\"color: blue !important;text-decoration: underline !important\" data-elementor-preserved=\"true\">Instru\u00e7\u00e3o Normativa UFSM n\u00b0 012, de 11 de setembro de 2025<\/a>.<\/p>\r\n\r\n<p>&nbsp;<\/p>\r\n\r\n<p>Eu concordo em colaborar ativamente com a UFSM na\r\nimplementa\u00e7\u00e3o das adequa\u00e7\u00f5es curriculares, comprometendo-me a comunicar\r\neventuais necessidades adicionais e a participar do processo de acompanhamento\r\nna CAED.<\/p>\r\n\r\n<p>&nbsp;<\/p>\r\n\r\n<p>Estou ciente de que as adequa\u00e7\u00f5es curriculares podem ou n\u00e3o\r\nresultar em uma terminalidade espec\u00edfica, de acordo com a avalia\u00e7\u00e3o cont\u00ednua da\r\nInstitui\u00e7\u00e3o e com meu desempenho acad\u00eamico.<\/p>\r\n\r\n<p>Entendo que posso revogar este consentimento a qualquer\r\nmomento, mediante comunica\u00e7\u00e3o por escrito \u00e0 coordena\u00e7\u00e3o do curso no \u00e2mbito da\r\nUFSM.<\/p>\r\n\r\n<p>&nbsp;<\/p>\r\n\r\n<p>&nbsp;<\/p>\r\n\r\n<p align=\"right\">___________________________________________________<\/p>\r\n\r\n<p align=\"right\">Assinatura do(a)\r\nestudante<\/p>\r\n\r\n<p align=\"right\">&nbsp;<\/p>\r\n\r\n<p align=\"right\">&nbsp;<\/p>\r\n\r\n<p align=\"right\">&nbsp;<\/p>\r\n\r\n<p align=\"right\">_________, de\r\n__________________________ de 202_______.<\/p>\r\n\r\n<p>&nbsp;<\/p>\r\n<p>\r\n<\/p>\r\n<p>\r\n<span style=\"color: red\">Este texto n\u00e3o substitui o documento original, publicado no Portal de Documentos.<\/span> Dispon\u00edvel em <a href=\"https:\/\/portal.ufsm.br\/documentos\/publico\/documento.html?idDocumento=15582080\" style=\"color: blue !important;text-decoration: underline !important\" data-elementor-preserved=\"true\">https:\/\/portal.ufsm.br\/documentos\/publico\/documento.html?idDocumento=15582080<\/a>\r\n<\/p>\r\n\r\n<!--EndFragment-->\r\n<div class=\"normal-text\" style=\"text-align: center\">\r\n<\/div>\r\n<div class=\"normal-text\" style=\"text-align: center\">\r\n<\/div>\r\n<\/font><\/div>\t\t<\/div>\n\t\t\t\t<\/div>\n\t\t\t\t\t<\/div>\n\t\t<\/div>\n\t\t\t\t\t<\/div>\n\t\t<\/section>\n\t\t\t\t<\/div>\n\t\t","protected":false},"excerpt":{"rendered":"<p>MINIST\u00c9RIO DA EDUCA\u00c7\u00c3O UNIVERSIDADE FEDERAL DE SANTA MARIA &nbsp; Anexo II da Instru\u00e7\u00e3o Normativa UFSM n\u00b0 012, de 11 de setembro de 2025. &nbsp; TERMO DE CONSENTIMENTO PARA A IMPLEMENTA\u00c7\u00c3O DE ADEQUA\u00c7\u00d5ES CURRICULARES &nbsp; Eu, [Nome do Estudante], matr\u00edcula [N\u00famero], matriculado(a) no curso de [Nome do Curso] na UFSM, expresso meu consentimento para a implementa\u00e7\u00e3o [&hellip;]<\/p>\n","protected":false},"author":8343,"featured_media":0,"parent":0,"menu_order":0,"comment_status":"closed","ping_status":"closed","template":"","meta":{"footnotes":""},"categories":[],"tags":[],"class_list":["post-6919","page","type-page","status-publish","hentry"],"acf":[],"_links":{"self":[{"href":"https:\/\/www.ufsm.br\/pro-reitorias\/proplan\/wp-json\/wp\/v2\/pages\/6919","targetHints":{"allow":["GET"]}}],"collection":[{"href":"https:\/\/www.ufsm.br\/pro-reitorias\/proplan\/wp-json\/wp\/v2\/pages"}],"about":[{"href":"https:\/\/www.ufsm.br\/pro-reitorias\/proplan\/wp-json\/wp\/v2\/types\/page"}],"author":[{"embeddable":true,"href":"https:\/\/www.ufsm.br\/pro-reitorias\/proplan\/wp-json\/wp\/v2\/users\/8343"}],"replies":[{"embeddable":true,"href":"https:\/\/www.ufsm.br\/pro-reitorias\/proplan\/wp-json\/wp\/v2\/comments?post=6919"}],"version-history":[{"count":0,"href":"https:\/\/www.ufsm.br\/pro-reitorias\/proplan\/wp-json\/wp\/v2\/pages\/6919\/revisions"}],"wp:attachment":[{"href":"https:\/\/www.ufsm.br\/pro-reitorias\/proplan\/wp-json\/wp\/v2\/media?parent=6919"}],"wp:term":[{"taxonomy":"category","embeddable":true,"href":"https:\/\/www.ufsm.br\/pro-reitorias\/proplan\/wp-json\/wp\/v2\/categories?post=6919"},{"taxonomy":"post_tag","embeddable":true,"href":"https:\/\/www.ufsm.br\/pro-reitorias\/proplan\/wp-json\/wp\/v2\/tags?post=6919"}],"curies":[{"name":"wp","href":"https:\/\/api.w.org\/{rel}","templated":true}]}}