{"id":6990,"date":"2025-10-09T09:13:38","date_gmt":"2025-10-09T12:13:38","guid":{"rendered":"https:\/\/www.ufsm.br\/pro-reitorias\/proplan\/?page_id=6990"},"modified":"2025-11-04T09:21:14","modified_gmt":"2025-11-04T12:21:14","slug":"resolucao-ufsm-n-233-2025","status":"publish","type":"page","link":"https:\/\/www.ufsm.br\/pro-reitorias\/proplan\/resolucao-ufsm-n-233-2025","title":{"rendered":"RESOLU\u00c7\u00c3O UFSM N\u00b0 233\/2025"},"content":{"rendered":"\t\t<div data-elementor-type=\"wp-page\" data-elementor-id=\"6990\" class=\"elementor elementor-6990\">\n\t\t\t\t\t\t<section class=\"elementor-section elementor-top-section elementor-element elementor-element-6e17387 elementor-section-boxed elementor-section-height-default elementor-section-height-default\" data-id=\"6e17387\" data-element_type=\"section\">\n\t\t\t\t\t\t<div class=\"elementor-container elementor-column-gap-default\">\n\t\t\t\t\t<div class=\"elementor-column elementor-col-100 elementor-top-column elementor-element elementor-element-83fd41c\" data-id=\"83fd41c\" data-element_type=\"column\">\n\t\t\t<div class=\"elementor-widget-wrap elementor-element-populated\">\n\t\t\t\t\t\t<div class=\"elementor-element elementor-element-86c1420 elementor-widget elementor-widget-html\" data-id=\"86c1420\" data-element_type=\"widget\" data-widget_type=\"html.default\">\n\t\t\t\t<div class=\"elementor-widget-container\">\n\t\t\t<br><div align=\"justify\"><font color=\"black\">\r\n<br>\r\n<div align=\"justify\">\r\n<br>\r\n<div align=\"justify\">\r\n<font>\r\n<br>\r\n<div align=\"justify\">\r\n<font>\r\n<br>\r\n<div align=\"justify\">\r\n<font>\r\n<div align=\"center\" style=\"color: black\">\r\n<img decoding=\"async\" src=\"https:\/\/www.ufsm.br\/pro-reitorias\/proplan\/wp-content\/uploads\/sites\/344\/2019\/09\/brasao-da-republica-do-brasil-logo.png\" alt=\"Bras\u00e3o Rep\u00fablica Federativa do Brasil\" width=\"6%\" height=\"6%\" style=\"text-align: justify\">\r\n<\/div>\r\n<h4 style=\"color: black;text-align: justify\">\r\n<font color=\"blue\">\r\n<font size=\"5\">\r\n<\/font>\r\n<\/font>\r\n<div align=\"center\">\r\n<font color=\"blue\" style=\"text-align: justify\">\r\n<font size=\"5\">MINIST\u00c9RIO DA EDUCA\u00c7\u00c3O<\/font>\r\n<\/font>\r\n<\/div>\r\n<\/h4>\r\n<p style=\"color: black\">\r\n<b>\r\n<font color=\"0000blue\">\r\n<\/font>\r\n<\/b>\r\n<\/p>\r\n<div align=\"center\" style=\"color: black\">\r\n<b style=\"text-align: justify\">\r\n<font color=\"0000blue\">UNIVERSIDADE FEDERAL DE SANTA MARIA<\/font>\r\n<\/b>\r\n<\/div>\r\n<p style=\"color: black\">\r\n<\/p>\r\n<!--StartFragment-->\r\n<p style=\"text-align: center\">\r\n<b>\r\n<font color=\"#0000ff\">\r\n<a href=\"https:\/\/portal.ufsm.br\/documentos\/publico\/documento.html?idDocumento=15630279#\" style=\"color: blue !important;text-decoration: underline !important\" data-elementor-preserved=\"true\">RESOLU\u00c7\u00c3O UFSM N\u00b0 233,DE 03 DE OUTUBRO DE 2025<\/a>\r\n<\/font>\r\n<\/b>\r\n<\/p>\r\n<p style=\"color: black\">\r\n<b>&nbsp;<\/b>\r\n<\/p>\r\n<p style=\"color: black\">\r\n\r\n\r\n<\/p>\r\n    <div style=\"color: black\">\r\n      \r\n    <div>\r\n      \r\n    <div>\r\n      \r\n    <div style=\"color: #800000;width: 60%;margin-left: auto;margin-right: 0;text-align: justify;font-weight: normal\">\r\n      Or\u00e7a a Receita e fixa a Despesa da Universidade Federal de Santa Maria (UFSM) para o Exerc\u00edcio Financeiro de 2025. &nbsp;\r\n    <\/div>\r\n    <\/div>\r\n    <\/div>\r\n    <\/div>\r\n<p style=\"color: black\">\r\n<\/p>\r\n<p style=\"color: black\">\r\nO REITOR DA UNIVERSIDADE FEDERAL DE SANTA MARIA, no uso de suas atribui\u00e7\u00f5es legais que lhe confere o \r\n<a href=\"https:\/\/www.ufsm.br\/pro-reitorias\/proplan\/estatuto-ufsm-2010\" style=\"color: blue !important;text-decoration: underline !important\" data-elementor-preserved=\"true\">art. 30 do Estatuto da Universidade Federal de Santa Maria<\/a>\r\n com as adequa\u00e7\u00f5es aprovadas pela <a href=\"https:\/\/www.ufsm.br\/pro-reitorias\/proplan\/resolucao-n-037-2010\" style=\"color: blue !important;text-decoration: underline !important\" data-elementor-preserved=\"true\">Resolu\u00e7\u00e3o UFSM n\u00b0 037, de 30 de novembro de 2010<\/a>, aprovado pela Portaria n\u00b0 156, de 12 de mar\u00e7o de 2014, e publicado no Di\u00e1rio Oficial da Uni\u00e3o em 13 de mar\u00e7o de 2014, tendo em vista a \r\n<a href=\"https:\/\/www.planalto.gov.br\/ccivil_03\/_ato2023-2026\/2025\/lei\/L15121.htm\" style=\"color: blue !important;text-decoration: underline !important\" data-elementor-preserved=\"true\">Lei n\u00b0 15.121, de 10 de abril de 2025<\/a>\r\n, a \r\n<a href=\"https:\/\/www2.camara.leg.br\/legin\/fed\/lei\/2024\/lei-15080-30-dezembro-2024-796838-publicacaooriginal-173979-pl.html\" style=\"color: blue !important;text-decoration: underline !important\" data-elementor-preserved=\"true\">Lei n\u00b0 15.180 de 30 de dezembro de 2024<\/a>\r\n, \r\no \r\n<a href=\"https:\/\/www.planalto.gov.br\/ccivil_03\/_ato2023-2026\/2025\/decreto\/D12448.htm\" style=\"color: blue !important;text-decoration: underline !important\" data-elementor-preserved=\"true\">Decreto n\u00b0 12.448, de 30 de abril de 2025<\/a>\r\n, e o que consta no Processo n\u00b0 <a href=\"https:\/\/portal.ufsm.br\/documentos\/usuario\/processo\/documento.html?idDocumento=15533649\" style=\"color: blue !important;text-decoration: underline !important\" data-elementor-preserved=\"true\">23081.102818\/2025-75<\/a>, resolve:\r\n<\/p>\r\n<p style=\"color: black\">&nbsp;<\/p>\r\n<p style=\"color: black\">\r\nArt. 1\u00b0 Or\u00e7ar a Receita e fixar a Despesa da Universidade Federal de Santa Maria \r\n(\r\nUFSM) \r\npara o Exerc\u00edcio Financeiro de 2025.\r\n<\/p>\r\n<p style=\"color: black\">\r\nArt. 2\u00b0 Fica aprovado o Or\u00e7amento da Universidade Federal de Santa Maria, para o exerc\u00edcio financeiro de 2025.\r\n<\/p>\r\n<p style=\"color: black\">\r\nArt. 3\u00b0 A Receita \u00e9 estimada em R$ 1.703.954.216,00 (Um bilh\u00e3o, setecentos e tr\u00eas milh\u00f5es, novecentos e cinquenta e quatro mil, duzentos e dezesseis reais).\r\n<\/p>\r\n<p style=\"color: black\">\r\n\u00a7 \r\n1\u00b0 A Receita estimada para a Unidade Or\u00e7ament\u00e1ria denominada Universidade Federal de Santa Maria (UO 26247) \u00e9 de R$ 1.478.853.496,00 (Um bilh\u00e3o, quatrocentos e setenta e oito milh\u00f5es, oitocentos e cinquenta e tr\u00eas mil, quatrocentos e noventa e seis reais).\r\n<\/p>\r\n<p style=\"color: black\">\r\n\u00a7 2\u00b0 A Receita estimada para a Unidade Or\u00e7ament\u00e1ria denominada Hospital Universit\u00e1rio de Santa Maria (UO 26387) \u00e9 de R$ 225.100.720,00 (Duzentos e vinte e cinco milh\u00f5es, cem mil, setecentos e vinte reais).\r\n<\/p>\r\n<p style=\"color: black\">\r\nArt. 4\u00b0 A despesa \u00e9 fixad\r\na em R$ 1.703.954.216,00 (Um bilh\u00e3o, setecentos e tr\u00eas milh\u00f5es, novecentos e cinquenta e quatro mil, duzentos e dezesseis reais), com a seguinte classifica\u00e7\u00e3o, de acordo com as especifica\u00e7\u00f5es constantes nos respectivos quadros que fazem parte do Or\u00e7amento:<\/p>\r\n<p style=\"color: black\">&nbsp;I - Despesas Correntes:<\/p>\r\n<p style=\"color: black\">a)UO 26247 \u2013 UFSM \u2013 Pessoal e Encargos Sociais: R$ 1.328.696.089,00 (Um bilh\u00e3o, trezentos e vinte e oito milh\u00f5es, seiscentos e noventa e seis mil, oitenta e nove reais);<\/p>\r\n<p style=\"color: black\">b)UO 26387 \u2013 HUSM \u2013 Pessoal e Encargos Sociais: R$ 225.100.720,00 (Duzentos e vinte e cinco milh\u00f5es, cem mil, setecentos e vinte reais); e<\/p>\r\n<p style=\"color: black\">c)UO 26247 \u2013 UFSM \u2013 Outras Despesas Correntes: R$ 141.549.699,00 (Cento e quarenta e um milh\u00f5es, quinhentos e quarenta e nove mil, seiscentos e noventa e nove reais).<\/p>\r\n<p style=\"color: black\">&nbsp;II - Despesas de Capital:<\/p>\r\n<p style=\"color: black\">a)UO 26247 \u2013 Investimentos: R$ 1.150.000,00 (Um milh\u00e3o, cento e cinquenta mil reais).<\/p>\r\n<p style=\"color: black\">\r\nArt. 5\u00b0 As Receitas previstas provenientes de projetos ativos relacionados \u00e0 \r\ni\r\nnova\u00e7\u00e3o, no valor estimado de R$ 3.478.484,22 (Tr\u00eas milh\u00f5es, quatrocentos e setenta e oito mil, quatrocentos e oitenta e quatro reais e vinte e dois centavos), dever\u00e3o ser arrecadadas por meio de \r\nGuia de Recolhimento da Uni\u00e3o (\r\nGRU\r\n.\r\n<\/p>\r\n<p style=\"color: black\">\r\n\u00a7 1\u00b0 Despesas destinadas \r\n\u00e0 gest\u00e3o\r\n pr\u00f3pria da \r\nP\r\nol\u00edtica de \r\nI\r\nnova\u00e7\u00e3o\r\n da UFSM\r\n por meio de \r\np\r\nrojeto de \r\nd\r\nesenvolvimento \r\ni\r\nnstitucional e \u00e0 promo\u00e7\u00e3o da pol\u00edtica de inova\u00e7\u00e3o por meio de editais institucionais.\r\n<\/p>\r\n<p style=\"color: black\">\r\n\u00a7 2\u00b0 As Receitas e Despesas previstas neste artigo referem-se \r\n\u00e0\r\nquelas previstas no art. 19 da \r\n<a href=\"https:\/\/www.ufsm.br\/pro-reitorias\/proplan\/resolucao-ufsm-n-044-2021\" style=\"color: blue !important;text-decoration: underline !important\" data-elementor-preserved=\"true\">Resolu\u00e7\u00e3o UFSM n\u00b0 44, de 18 de fevereiro de 2021<\/a>\r\n.\r\n<\/p>\r\n<p style=\"color: black\">\r\n\u00a7 3\u00b0 A distribui\u00e7\u00e3o obedecer\u00e1 ao disposto nos anexos da presente Resolu\u00e7\u00e3o.&nbsp;<\/p>\r\n<p style=\"color: black\">Art. 6\u00b0 Fica o Reitor autorizado a:<\/p>\r\n<p style=\"color: black\">I \u2013 abrir cr\u00e9dito para atendimento das solicita\u00e7\u00f5es das Unidades Gestoras de recursos, tendo como base o Anexo I desta Resolu\u00e7\u00e3o;<\/p>\r\n<p style=\"color: black\">II \u2013 abrir cr\u00e9dito para refor\u00e7o das dota\u00e7\u00f5es \u00e0 conta de Recursos Pr\u00f3prios, com a utiliza\u00e7\u00e3o do excesso de arrecada\u00e7\u00e3o;<\/p>\r\n<p style=\"color: black\">III \u2013 abrir cr\u00e9ditos para inclus\u00e3o de recursos decorrentes de conv\u00eanios, aux\u00edlios e emendas em estrita observ\u00e2ncia aos objetivos e planos de aplica\u00e7\u00e3o, estabelecidos no instrumento firmado; e<\/p>\r\n<p style=\"color: black\">IV \u2013 adotar medidas necess\u00e1rias para ajustar os disp\u00eandios programados no Or\u00e7amento ao efetivo comportamento da Receita.<\/p>\r\n<p style=\"color: black\">\r\nPar\u00e1grafo \u00fanico. Para assegurar a efici\u00eancia na aplica\u00e7\u00e3o dos recursos, \u00e9 facultado o uso de portarias normativas e instru\u00e7\u00f5es normativas, nos termos da \r\n<a href=\"https:\/\/www.ufsm.br\/pro-reitorias\/proplan\/resolucao-ufsm-n-054-2021\" style=\"color: blue !important;text-decoration: underline !important\" data-elementor-preserved=\"true\">Resolu\u00e7\u00e3o UFSM n\u00b0 054, de 1\u00b0 de junho de 2021.<\/a>\r\n\r\n\r\n<\/p>\r\n<p style=\"color: black\">\r\nArt.\r\n7\u00b0 A inobserv\u00e2ncia ao disposto nesta Resolu\u00e7\u00e3o n\u00e3o constitui escusa v\u00e1lida para o descumprimento da norma nem resulta em sua invalidade.\r\n<\/p>\r\n<p style=\"color: black\">\r\nArt. 8\u00b0 Esta Resolu\u00e7\u00e3o entra em vigor na data de sua publica\u00e7\u00e3o, de acordo com o que prev\u00ea o <a href=\"https:\/\/www.planalto.gov.br\/ccivil_03\/_ato2023-2026\/2024\/decreto\/D12002.htm\" style=\"color: blue !important;text-decoration: underline !important\" data-elementor-preserved=\"true\">Decreto n\u00b0 12.002, de 22 de abril de 2024, art. 18, inciso IV<\/a>.\r\n<\/p>\r\n<p style=\"color: black\">&nbsp;<\/p>\r\n<p style=\"text-align: right;color: black\">\r\nLuciano Schuch\r\n<\/p>\r\n<p style=\"text-align: right;color: black\">\r\nReitor\r\n<\/p>\r\n<p style=\"color: black\">\r\n<!--StartFragment-->\r\n<!--EndFragment-->\r\n<\/p>\r\n<p>\r\n<span style=\"color: red\">Este texto n\u00e3o substitui o documento original, publicado no Portal de Documentos.<\/span> Dispon\u00edvel em <a href=\"https:\/\/portal.ufsm.br\/documentos\/publico\/documento.html?idDocumento=15630279#\" style=\"color: blue !important;text-decoration: underline !important\" data-elementor-preserved=\"true\">https:\/\/portal.ufsm.br\/documentos\/publico\/documento.html?idDocumento=15630279#<\/a>\r\n<\/p>\r\n<!--EndFragment-->\r\n<div style=\"color: black\">\r\n<\/div>\r\n<div style=\"color: black\">\r\n<\/div>\r\n<\/font>\r\n<\/div>\r\n<\/font>\r\n<\/div>\r\n<\/font>\r\n<\/div>\r\n<\/div>\r\n<\/font><\/div>\t\t<\/div>\n\t\t\t\t<\/div>\n\t\t\t\t\t<\/div>\n\t\t<\/div>\n\t\t\t\t\t<\/div>\n\t\t<\/section>\n\t\t\t\t<\/div>\n\t\t","protected":false},"excerpt":{"rendered":"<p>MINIST\u00c9RIO DA EDUCA\u00c7\u00c3O UNIVERSIDADE FEDERAL DE SANTA MARIA RESOLU\u00c7\u00c3O UFSM N\u00b0 233,DE 03 DE OUTUBRO DE 2025 &nbsp; Or\u00e7a a Receita e fixa a Despesa da Universidade Federal de Santa Maria (UFSM) para o Exerc\u00edcio Financeiro de 2025. &nbsp; O REITOR DA UNIVERSIDADE FEDERAL DE SANTA MARIA, no uso de suas atribui\u00e7\u00f5es legais que lhe [&hellip;]<\/p>\n","protected":false},"author":8863,"featured_media":0,"parent":0,"menu_order":0,"comment_status":"closed","ping_status":"closed","template":"","meta":{"footnotes":""},"categories":[],"tags":[],"class_list":["post-6990","page","type-page","status-publish","hentry"],"acf":[],"_links":{"self":[{"href":"https:\/\/www.ufsm.br\/pro-reitorias\/proplan\/wp-json\/wp\/v2\/pages\/6990","targetHints":{"allow":["GET"]}}],"collection":[{"href":"https:\/\/www.ufsm.br\/pro-reitorias\/proplan\/wp-json\/wp\/v2\/pages"}],"about":[{"href":"https:\/\/www.ufsm.br\/pro-reitorias\/proplan\/wp-json\/wp\/v2\/types\/page"}],"author":[{"embeddable":true,"href":"https:\/\/www.ufsm.br\/pro-reitorias\/proplan\/wp-json\/wp\/v2\/users\/8863"}],"replies":[{"embeddable":true,"href":"https:\/\/www.ufsm.br\/pro-reitorias\/proplan\/wp-json\/wp\/v2\/comments?post=6990"}],"version-history":[{"count":0,"href":"https:\/\/www.ufsm.br\/pro-reitorias\/proplan\/wp-json\/wp\/v2\/pages\/6990\/revisions"}],"wp:attachment":[{"href":"https:\/\/www.ufsm.br\/pro-reitorias\/proplan\/wp-json\/wp\/v2\/media?parent=6990"}],"wp:term":[{"taxonomy":"category","embeddable":true,"href":"https:\/\/www.ufsm.br\/pro-reitorias\/proplan\/wp-json\/wp\/v2\/categories?post=6990"},{"taxonomy":"post_tag","embeddable":true,"href":"https:\/\/www.ufsm.br\/pro-reitorias\/proplan\/wp-json\/wp\/v2\/tags?post=6990"}],"curies":[{"name":"wp","href":"https:\/\/api.w.org\/{rel}","templated":true}]}}