{"id":7,"date":"2018-03-28T08:19:01","date_gmt":"2018-03-28T11:19:01","guid":{"rendered":"https:\/\/www.ufsm.br\/pro-reitorias\/proplan\/?page_id=7"},"modified":"2018-07-09T15:19:46","modified_gmt":"2018-07-09T18:19:46","slug":"40-anos","status":"publish","type":"page","link":"https:\/\/www.ufsm.br\/pro-reitorias\/proplan\/40-anos","title":{"rendered":"40 Anos"},"content":{"rendered":"\t\t<div data-elementor-type=\"wp-post\" data-elementor-id=\"7\" class=\"elementor elementor-7 elementor-bc-flex-widget\">\n\t\t\t\t\t\t<section class=\"elementor-section elementor-top-section elementor-element elementor-element-62381aa1 elementor-section-boxed elementor-section-height-default elementor-section-height-default\" data-id=\"62381aa1\" data-element_type=\"section\">\n\t\t\t\t\t\t<div class=\"elementor-container elementor-column-gap-default\">\n\t\t\t\t\t<div class=\"elementor-column elementor-col-100 elementor-top-column elementor-element elementor-element-6dfe91ec\" data-id=\"6dfe91ec\" data-element_type=\"column\">\n\t\t\t<div class=\"elementor-widget-wrap elementor-element-populated\">\n\t\t\t\t\t\t<div class=\"elementor-element elementor-element-52b921a5 elementor-widget elementor-widget-text-editor\" data-id=\"52b921a5\" data-element_type=\"widget\" data-widget_type=\"text-editor.default\">\n\t\t\t\t<div class=\"elementor-widget-container\">\n\t\t\t\t\t\t\t<p>\u00a0 \u00a0Em 2018 a Pr\u00f3-Reitoria de Planejamento completou 40 anos de funcionamento. Sua origem se deu em 1972, com a Assessoria de Planejamento (ASSEPLAN) da Reitoria. Naquela \u00e9poca, o Minist\u00e9rio da Educa\u00e7\u00e3o e Cultura ofereceu \u00e0s Institui\u00e7\u00f5es de Ensino Superior um modelo conceitual de \u00f3rg\u00e3o de planejamento que integrasse operacionalmente, \u00e0 sua estrutura administrativa.<\/p><div><p>\u00a0\u00a0 A ASSEPLAN elaborou o Projeto n. 045\/77, propondo a transforma\u00e7\u00e3o dessa assessoria em Pr\u00f3-Reitoria de Planejamento. A proposta foi aprovada na Sess\u00e3o n. 240, do Conselho Universit\u00e1rio, de 29 de junho de 1978. A reestrutura\u00e7\u00e3o da Assessoria de Planejamento em Pr\u00f3-Reitoria de Planejamento foi implementada por meio da Resolu\u00e7\u00e3o n. 15\/78 da UFSM, de 29 de junho de 1978.<\/p><p>\u00a0 \u00a0Naquela \u00e9poca, a PROPLAN como \u00f3rg\u00e3o de assessoramento, destacou-se pela elabora\u00e7\u00e3o de projetos e presta\u00e7\u00e3o de servi\u00e7os t\u00e9cnicos para diversas unidades da universidade. Ao longo desse tempo o organograma da Pr\u00f3-Reitoria de Planejamento sofreu v\u00e1rias reestrutura\u00e7\u00f5es de maneira a se adaptar \u00e0s demandas, sempre agregando conhecimento e capacitando os servidores.<\/p><p>\u00a0 \u00a0Para conhecer os mandatos de pr\u00f3-reitores ao longo do tempo dos anos,\u00a0<a href=\"http:\/\/w3.ufsm.br\/proplan\/images\/Cronologia.pdf\" target=\"_blank\" rel=\"noopener\">CLIQUE AQUI<\/a>.<\/p><p>\u00a0 \u00a0A PROPLAN coordena as atividades de planejamento, or\u00e7amento e moderniza\u00e7\u00e3o administrativa; emite pareceres; realiza a avalia\u00e7\u00e3o peri\u00f3dica das atividades desenvolvidas na Universidade; orienta, elabora, acompanha os Conv\u00eanios, Acordos, Protocolos e instrumentos cong\u00eaneres de toda a UFSM; consolida mecanismos de recupera\u00e7\u00e3o e tratamento de informa\u00e7\u00e3o.<\/p><p>\u00a0 \u00a0Atualmente, a PROPLAN possui um quadro de servidores com larga experi\u00eancia profissional e com novos servidores que est\u00e3o adquirindo novos conhecimentos em tecnologias e processos de trabalho necess\u00e1rios ao desenvolvimento das atividades da Pr\u00f3-reitoria. Para os pr\u00f3ximos anos, o pr\u00f3-reitor de Planejamento, Charles Jacques Prade, estima melhorar as sinergias entre as \u00e1reas administrativas e as de ensino, pesquisa e extens\u00e3o, desenvolvendo uma consci\u00eancia estrat\u00e9gica por meio do planejamento.<\/p><p>\u00a0<\/p><p><strong>Em raz\u00e3o dos 40 anos da PROPLAN, alguns servidores do setor elaboraram mensagens de congratula\u00e7\u00f5es:<\/strong><\/p><p>\u201cTrabalhar na PROPLAN \u00e9 ter a oportunidade de viver um aprendizado constante em um ambiente agrad\u00e1vel, o qual contribui em muito com a qualidade de vida dos servidores.\u201d \u2013Amauri Almeida.<\/p><p>\u201cA PROPLAN ao longo da sua exist\u00eancia tem contribu\u00eddo efetivamente com o processo decis\u00f3rio da UFSM, o qual representa a sele\u00e7\u00e3o efetiva dentre alternativas poss\u00edveis, sendo o principal vetor de inter-rela\u00e7\u00e3o e interdepend\u00eancia entre os processos de administra\u00e7\u00e3o e planejamento.\u201d \u2013 Juarez de Lima Ventura.<\/p><p>\u201cCoordenar, planejar, avaliar, informar, executar e realizar a\u00e7\u00f5es voltadas ao planejamento, or\u00e7amento e gest\u00e3o p\u00fablica s\u00e3o verbos que exprimem a nossa pr\u00f3-reitoria. Parab\u00e9ns a todos n\u00f3s da PROPLAN, que fizemos parte da constru\u00e7\u00e3o e que contribu\u00edmos para o desenvolvimento da UFSM.\u201d \u2013 Cristina Izabel Moraes Bolzan<\/p><p>\u201cTrabalhar na PROPLAN \u00e9 n\u00e3o deixar ningu\u00e9m sem resposta, \u00e9 ter o compromisso de prestar um atendimento satisfat\u00f3rio aos usu\u00e1rios de seus servi\u00e7os, realizando o devido encaminhamento ao \u00f3rg\u00e3o competente.\u201d \u2013 Jo\u00e3o Isaia Filho<\/p><p>\u201cA Pr\u00f3-reitoria de Planejamento representa para mim oportunidade de crescimento profissional e aprendizado constante, aqui dentro me sinto como um aprendiz, pois o conhecimento que adquiro a cada demanda me faz crescer e evoluir. Desde meu ingresso nesta pr\u00f3-reitoria, em janeiro de 2010, tenho orgulho de fazer parte desta grande equipe PROPLAN.\u201d \u2013 Marcia Helena do Nascimento Lorentz<\/p><p>\u201cA PROPLAN n\u00e3o foi o in\u00edcio da minha caminhada profissional, mas me deu a possibilidade de enxergar novos horizontes e a vontade de trilhar novos caminhos.\u201d \u2013 Fabr\u00edcio Varoni<\/p><p>\u201cO Planejamento provoca modifica\u00e7\u00f5es em pessoas, tecnologias e sistemas, por isso a Pr\u00f3-Reitoria de Planejamento est\u00e1 completando 40 anos de exist\u00eancia.\u201d \u2013 Lenir Chiapinotto<\/p><p>\u201cPROPLAN! Parab\u00e9ns pelos 40 anos de organiza\u00e7\u00e3o, planejamento e trabalho, de concretiza\u00e7\u00e3o de ideias, diretrizes e planos. S\u00e3o 40 anos de transforma\u00e7\u00e3o de sonhos em prosperidade.\u201d \u2013 Luciane Rubin<\/p><\/div>\t\t\t\t\t\t<\/div>\n\t\t\t\t<\/div>\n\t\t\t\t\t<\/div>\n\t\t<\/div>\n\t\t\t\t\t<\/div>\n\t\t<\/section>\n\t\t\t\t<section class=\"elementor-section elementor-top-section elementor-element elementor-element-91f1bef elementor-section-boxed elementor-section-height-default elementor-section-height-default\" data-id=\"91f1bef\" data-element_type=\"section\">\n\t\t\t\t\t\t<div class=\"elementor-container elementor-column-gap-default\">\n\t\t\t\t\t<div class=\"elementor-column elementor-col-100 elementor-top-column elementor-element elementor-element-8c51a63\" data-id=\"8c51a63\" data-element_type=\"column\">\n\t\t\t<div class=\"elementor-widget-wrap elementor-element-populated\">\n\t\t\t\t\t\t<div class=\"elementor-element elementor-element-4fe38f7 elementor-arrows-position-outside elementor-widget elementor-widget-image-carousel\" data-id=\"4fe38f7\" data-element_type=\"widget\" data-settings=\"{&quot;slides_to_show&quot;:&quot;3&quot;,&quot;navigation&quot;:&quot;arrows&quot;,&quot;autoplay&quot;:&quot;yes&quot;,&quot;pause_on_hover&quot;:&quot;yes&quot;,&quot;pause_on_interaction&quot;:&quot;yes&quot;,&quot;autoplay_speed&quot;:5000,&quot;infinite&quot;:&quot;yes&quot;,&quot;speed&quot;:500}\" data-widget_type=\"image-carousel.default\">\n\t\t\t\t<div class=\"elementor-widget-container\">\n\t\t\t\t\t<div class=\"elementor-image-carousel-wrapper swiper\" dir=\"ltr\">\n\t\t\t<div class=\"elementor-image-carousel swiper-wrapper swiper-image-stretch\" aria-live=\"off\">\n\t\t\t\t\t\t\t\t<div class=\"swiper-slide\" role=\"group\" aria-roledescription=\"slide\" aria-label=\"1 of 5\"><figure class=\"swiper-slide-inner\"><img decoding=\"async\" class=\"swiper-slide-image\" src=\"https:\/\/www.ufsm.br\/app\/uploads\/sites\/344\/2018\/03\/Foto-5.jpg\" alt=\"Pessoas sorrindo em p\u00e9.\" \/><\/figure><\/div><div class=\"swiper-slide\" role=\"group\" aria-roledescription=\"slide\" aria-label=\"2 of 5\"><figure class=\"swiper-slide-inner\"><img decoding=\"async\" class=\"swiper-slide-image\" src=\"https:\/\/www.ufsm.br\/app\/uploads\/sites\/344\/2018\/03\/Foto-4.jpg\" alt=\"4 mulheres brancas sorrindo.\" \/><\/figure><\/div><div class=\"swiper-slide\" role=\"group\" aria-roledescription=\"slide\" aria-label=\"3 of 5\"><figure class=\"swiper-slide-inner\"><img decoding=\"async\" class=\"swiper-slide-image\" src=\"https:\/\/www.ufsm.br\/app\/uploads\/sites\/344\/2018\/03\/Foto-3.jpg\" alt=\"Imagem antiga de pessoas em volta de uma mesa.\" \/><\/figure><\/div><div class=\"swiper-slide\" role=\"group\" aria-roledescription=\"slide\" aria-label=\"4 of 5\"><figure class=\"swiper-slide-inner\"><img decoding=\"async\" class=\"swiper-slide-image\" src=\"https:\/\/www.ufsm.br\/app\/uploads\/sites\/344\/2018\/03\/Foto-2.jpg\" alt=\"Imagem antiga de pessoas sorrindo.\" \/><\/figure><\/div><div class=\"swiper-slide\" role=\"group\" aria-roledescription=\"slide\" aria-label=\"5 of 5\"><figure class=\"swiper-slide-inner\"><img decoding=\"async\" class=\"swiper-slide-image\" src=\"https:\/\/www.ufsm.br\/app\/uploads\/sites\/344\/2018\/03\/Foto-1.jpg\" alt=\"Imagem antiga de homens sentados em uma sala olhando para um gr\u00e1fico.\" \/><\/figure><\/div>\t\t\t<\/div>\n\t\t\t\t\t\t\t\t\t\t\t\t<div class=\"elementor-swiper-button elementor-swiper-button-prev\" role=\"button\" tabindex=\"0\">\n\t\t\t\t\t\t<i aria-hidden=\"true\" class=\"eicon-chevron-left\"><\/i>\t\t\t\t\t<\/div>\n\t\t\t\t\t<div class=\"elementor-swiper-button elementor-swiper-button-next\" role=\"button\" tabindex=\"0\">\n\t\t\t\t\t\t<i aria-hidden=\"true\" class=\"eicon-chevron-right\"><\/i>\t\t\t\t\t<\/div>\n\t\t\t\t\n\t\t\t\t\t\t\t\t\t<\/div>\n\t\t\t\t<\/div>\n\t\t\t\t<\/div>\n\t\t\t\t\t<\/div>\n\t\t<\/div>\n\t\t\t\t\t<\/div>\n\t\t<\/section>\n\t\t\t\t<\/div>\n\t\t","protected":false},"excerpt":{"rendered":"<p>\u00a0 \u00a0Em 2018 a Pr\u00f3-Reitoria de Planejamento completou 40 anos de funcionamento. Sua origem se deu em 1972, com a Assessoria de Planejamento (ASSEPLAN) da Reitoria. Naquela \u00e9poca, o Minist\u00e9rio da Educa\u00e7\u00e3o e Cultura ofereceu \u00e0s Institui\u00e7\u00f5es de Ensino Superior um modelo conceitual de \u00f3rg\u00e3o de planejamento que integrasse operacionalmente, \u00e0 sua estrutura administrativa. \u00a0\u00a0 [&hellip;]<\/p>\n","protected":false},"author":74,"featured_media":0,"parent":0,"menu_order":0,"comment_status":"closed","ping_status":"closed","template":"","meta":{"footnotes":""},"categories":[],"tags":[],"class_list":["post-7","page","type-page","status-publish","hentry"],"acf":[],"_links":{"self":[{"href":"https:\/\/www.ufsm.br\/pro-reitorias\/proplan\/wp-json\/wp\/v2\/pages\/7","targetHints":{"allow":["GET"]}}],"collection":[{"href":"https:\/\/www.ufsm.br\/pro-reitorias\/proplan\/wp-json\/wp\/v2\/pages"}],"about":[{"href":"https:\/\/www.ufsm.br\/pro-reitorias\/proplan\/wp-json\/wp\/v2\/types\/page"}],"author":[{"embeddable":true,"href":"https:\/\/www.ufsm.br\/pro-reitorias\/proplan\/wp-json\/wp\/v2\/users\/74"}],"replies":[{"embeddable":true,"href":"https:\/\/www.ufsm.br\/pro-reitorias\/proplan\/wp-json\/wp\/v2\/comments?post=7"}],"version-history":[{"count":0,"href":"https:\/\/www.ufsm.br\/pro-reitorias\/proplan\/wp-json\/wp\/v2\/pages\/7\/revisions"}],"wp:attachment":[{"href":"https:\/\/www.ufsm.br\/pro-reitorias\/proplan\/wp-json\/wp\/v2\/media?parent=7"}],"wp:term":[{"taxonomy":"category","embeddable":true,"href":"https:\/\/www.ufsm.br\/pro-reitorias\/proplan\/wp-json\/wp\/v2\/categories?post=7"},{"taxonomy":"post_tag","embeddable":true,"href":"https:\/\/www.ufsm.br\/pro-reitorias\/proplan\/wp-json\/wp\/v2\/tags?post=7"}],"curies":[{"name":"wp","href":"https:\/\/api.w.org\/{rel}","templated":true}]}}