{"id":7071,"date":"2025-11-24T09:07:28","date_gmt":"2025-11-24T12:07:28","guid":{"rendered":"https:\/\/www.ufsm.br\/pro-reitorias\/proplan\/?page_id=7071"},"modified":"2025-11-24T09:08:10","modified_gmt":"2025-11-24T12:08:10","slug":"portaria-normativa-ufsm-n-101-2025","status":"publish","type":"page","link":"https:\/\/www.ufsm.br\/pro-reitorias\/proplan\/portaria-normativa-ufsm-n-101-2025","title":{"rendered":"PORTARIA NORMATIVA UFSM N\u00b0 101\/2025"},"content":{"rendered":"\t\t<div data-elementor-type=\"wp-page\" data-elementor-id=\"7071\" class=\"elementor elementor-7071\">\n\t\t\t\t\t\t<section class=\"elementor-section elementor-top-section elementor-element elementor-element-39ba5f7 elementor-section-boxed elementor-section-height-default elementor-section-height-default\" data-id=\"39ba5f7\" data-element_type=\"section\">\n\t\t\t\t\t\t<div class=\"elementor-container elementor-column-gap-default\">\n\t\t\t\t\t<div class=\"elementor-column elementor-col-100 elementor-top-column elementor-element elementor-element-b246905\" data-id=\"b246905\" data-element_type=\"column\">\n\t\t\t<div class=\"elementor-widget-wrap elementor-element-populated\">\n\t\t\t\t\t\t<div class=\"elementor-element elementor-element-a37547a elementor-widget elementor-widget-html\" data-id=\"a37547a\" data-element_type=\"widget\" data-widget_type=\"html.default\">\n\t\t\t\t<div class=\"elementor-widget-container\">\n\t\t\t<br><div align=\"justify\"><font color=\"black\">\r\n<div align=\"center\">\r\n<img decoding=\"async\" src=\"https:\/\/www.ufsm.br\/pro-reitorias\/proplan\/wp-content\/uploads\/sites\/344\/2019\/09\/brasao-da-republica-do-brasil-logo.png\" alt=\"Bras\u00e3o Rep\u00fablica Federativa do Brasil\" width=\"6%\" height=\"6%\">\r\n<\/div>\r\n<h4>\r\n<font color=\"blue\">\r\n<font size=\"5\">\r\n<\/font>\r\n<\/font>\r\n<div align=\"center\">\r\n<font color=\"blue\">\r\n<font size=\"5\">MINIST\u00c9RIO DA EDUCA\u00c7\u00c3O<\/font>\r\n<\/font>\r\n<\/div>\r\n<\/h4>\r\n<p>\r\n<b>\r\n<font color=\"0000blue\">\r\n<\/font>\r\n<\/b>\r\n<\/p>\r\n<div align=\"center\">\r\n<b>\r\n<font color=\"0000blue\">UNIVERSIDADE FEDERAL DE SANTA MARIA<\/font>\r\n<\/b>\r\n<\/div>\r\n<p>\r\n<\/p>\r\n<!--StartFragment-->\r\n<span id=\"docs-internal-guid-ef09c31f-7fff-7938-31b8-45a0518c39e6\">\r\n<p dir=\"ltr\" style=\"text-align: center\">\r\n<a href=\"https:\/\/portal.ufsm.br\/documentos\/publico\/documento.html?idDocumento=15647407\" style=\"color: blue !important;text-decoration: underline !important\" data-elementor-preserved=\"true\">\r\n<b>PORTARIA NORMATIVA UFSM N\u00b0 101, DE 18 DE NOVEMBRO DE 2025<\/b>\r\n<\/a>\r\n<\/p>\r\n<br>\r\n<p dir=\"ltr\">\r\n    <div style=\"color: #800000;width: 60%;margin-left: auto;margin-right: 0;text-align: justify;font-weight: normal\">\r\n      Estabelece a obrigatoriedade do checklist de viagem no \u00e2mbito da Universidade Federal de Santa Maria (UFSM).\r\n    <\/div>\r\n<\/p>\r\n<br>\r\n<p dir=\"ltr\">O REITOR DA UNIVERSIDADE FEDERAL DE SANTA MARIA, no uso de suas atribui\u00e7\u00f5es legais que lhe confere o art. 30 do <a href=\"https:\/\/www.ufsm.br\/pro-reitorias\/proplan\/estatuto-ufsm-2010\" style=\"color: blue !important;text-decoration: underline !important\" data-elementor-preserved=\"true\">Estatuto da Universidade Federal de Santa Maria<\/a> com as adequa\u00e7\u00f5es aprovadas pela <a href=\"https:\/\/www.ufsm.br\/pro-reitorias\/proplan\/resolucao-n-037-2010\" style=\"color: blue !important;text-decoration: underline !important\" data-elementor-preserved=\"true\">Resolu\u00e7\u00e3o UFSM n\u00b0 037, de 30 de novembro de 2010<\/a>, aprovado pela Portaria n\u00b0 156, de 12 de mar\u00e7o de 2014, e publicado no Di\u00e1rio Oficial da Uni\u00e3o em 13 de mar\u00e7o de 2014, tendo em vista o disposto no art. 116 da <a href=\"https:\/\/www.planalto.gov.br\/ccivil_03\/leis\/l8112cons.htm\" style=\"color: blue !important;text-decoration: underline !important\" data-elementor-preserved=\"true\">Lei n\u00b0 8.112, de 11 de dezembro de 1990<\/a>, no art. 7\u00b0, inciso XXII, da <a href=\"https:\/\/www.planalto.gov.br\/ccivil_03\/constituicao\/constituicao.htm\" style=\"color: blue !important;text-decoration: underline !important\" data-elementor-preserved=\"true\">Constitui\u00e7\u00e3o Federal<\/a> e o que consta no Processo n\u00b0 <a href=\"https:\/\/portal.ufsm.br\/documentos\/publico\/processo\/documento.html;jsessionid=5bf65067dda9cefb6f98b38aa684?idDocumento=15585885\" style=\"color: blue !important;text-decoration: underline !important\" data-elementor-preserved=\"true\">23081.127045\/2025-30<\/a>, resolve:<\/p>\r\n<br>\r\n<p dir=\"ltr\">Art. 1\u00b0&nbsp; Estabelecer a obrigatoriedade do checklist de viagem no \u00e2mbito da Universidade Federal de Santa Maria (UFSM).<\/p>\r\n<p dir=\"ltr\">Par\u00e1grafo \u00fanico.&nbsp; Essa exig\u00eancia aplica-se aos(\u00e0s) servidores(as) efetivos(as) e trabalhadores(as) terceirizados(as) que atuam como motoristas em deslocamentos institucionais.<\/p>\r\n<p dir=\"ltr\">Art. 2\u00b0&nbsp; O checklist de viagem dever\u00e1 ser devidamente preenchido e assinado:<\/p>\r\n<p dir=\"ltr\">I - antes da sa\u00edda, com a avalia\u00e7\u00e3o das condi\u00e7\u00f5es do ve\u00edculo; e<\/p>\r\n<p dir=\"ltr\">II - ap\u00f3s o retorno, com o registro final do estado do ve\u00edculo e das ocorr\u00eancias verificadas durante o percurso.<\/p>\r\n<p dir=\"ltr\">Art. 3\u00b0&nbsp; A fiscaliza\u00e7\u00e3o do cumprimento desta Portaria, bem como a guarda e o arquivamento dos checklists, competem ao N\u00facleo de Transporte e \u00e0 unidade \u00e0 qual o(a) motorista estiver vinculado(a).<\/p>\r\n<p dir=\"ltr\">Art. 4\u00b0&nbsp; A libera\u00e7\u00e3o de di\u00e1rias vinculadas a viagens realizadas por motoristas servidores(as) est\u00e1 condicionada \u00e0 entrega do checklist de viagem preenchido e assinado.<\/p>\r\n<p dir=\"ltr\">Art. 5\u00b0&nbsp; O checklist de viagem dever\u00e1 ser anexado ao processo correspondente no prazo de at\u00e9 48 (quarenta e oito) horas ap\u00f3s o retorno.<\/p>\r\n<p dir=\"ltr\">\u00a7 1\u00b0&nbsp; O descumprimento do prazo dever\u00e1 ser justificado por escrito pelo(a) servidor(a) \u00e0 sua chefia imediata.<\/p>\r\n<p dir=\"ltr\">\u00a7 2\u00b0&nbsp; A entrega poder\u00e1 ocorrer em formato f\u00edsico ou digital, conforme orienta\u00e7\u00e3o do N\u00facleo de Transporte.<\/p>\r\n<p dir=\"ltr\">Art. 6\u00b0&nbsp; A inobserv\u00e2ncia ao disposto nesta Portaria Normativa n\u00e3o constitui escusa v\u00e1lida para o descumprimento da norma nem resulta em sua invalidade.&nbsp;<\/p>\r\n<p dir=\"ltr\">Art. 7\u00b0&nbsp; Esta Portaria Normativa entra em vigor na data de sua publica\u00e7\u00e3o, de acordo com o que prev\u00ea o <a href=\"https:\/\/www.planalto.gov.br\/ccivil_03\/_ato2023-2026\/2024\/decreto\/D12002.htm\" style=\"color: blue !important;text-decoration: underline !important\" data-elementor-preserved=\"true\">Decreto n\u00b0 12.002, de 22 de abril de 2024<\/a>, art. 18, IV. &nbsp;<\/p>\r\n<p dir=\"ltr\">\r\n<br>\r\n<\/p>\r\n<p dir=\"ltr\" style=\"text-align: right\">Luciano Schuch<\/p>\r\n<p dir=\"ltr\" style=\"text-align: right\">Reitor<\/p>\r\n<p dir=\"ltr\" style=\"text-align: right\">\r\n<br>\r\n<\/p>\r\n<p>\r\n<span style=\"color: red\">Este texto n\u00e3o substitui o documento original, publicado no Portal de Documentos.<\/span> Dispon\u00edvel em <a href=\"https:\/\/portal.ufsm.br\/documentos\/publico\/documento.html?idDocumento=15647407\" style=\"color: blue !important;text-decoration: underline !important\" data-elementor-preserved=\"true\">https:\/\/portal.ufsm.br\/documentos\/publico\/documento.html?idDocumento=15647407<\/a>\r\n<\/p>\r\n<\/span>\r\n<br>\r\n<!--EndFragment-->\r\n<div class=\"normal-text\" style=\"text-align: center\">\r\n<\/div>\r\n<div class=\"normal-text\" style=\"text-align: center\">\r\n<\/div>\r\n<\/font><\/div>\t\t<\/div>\n\t\t\t\t<\/div>\n\t\t\t\t\t<\/div>\n\t\t<\/div>\n\t\t\t\t\t<\/div>\n\t\t<\/section>\n\t\t\t\t<\/div>\n\t\t","protected":false},"excerpt":{"rendered":"<p>MINIST\u00c9RIO DA EDUCA\u00c7\u00c3O UNIVERSIDADE FEDERAL DE SANTA MARIA PORTARIA NORMATIVA UFSM N\u00b0 101, DE 18 DE NOVEMBRO DE 2025 Estabelece a obrigatoriedade do checklist de viagem no \u00e2mbito da Universidade Federal de Santa Maria (UFSM). O REITOR DA UNIVERSIDADE FEDERAL DE SANTA MARIA, no uso de suas atribui\u00e7\u00f5es legais que lhe confere o art. 30 [&hellip;]<\/p>\n","protected":false},"author":1466,"featured_media":0,"parent":0,"menu_order":0,"comment_status":"closed","ping_status":"closed","template":"","meta":{"footnotes":""},"categories":[],"tags":[],"class_list":["post-7071","page","type-page","status-publish","hentry"],"acf":[],"_links":{"self":[{"href":"https:\/\/www.ufsm.br\/pro-reitorias\/proplan\/wp-json\/wp\/v2\/pages\/7071","targetHints":{"allow":["GET"]}}],"collection":[{"href":"https:\/\/www.ufsm.br\/pro-reitorias\/proplan\/wp-json\/wp\/v2\/pages"}],"about":[{"href":"https:\/\/www.ufsm.br\/pro-reitorias\/proplan\/wp-json\/wp\/v2\/types\/page"}],"author":[{"embeddable":true,"href":"https:\/\/www.ufsm.br\/pro-reitorias\/proplan\/wp-json\/wp\/v2\/users\/1466"}],"replies":[{"embeddable":true,"href":"https:\/\/www.ufsm.br\/pro-reitorias\/proplan\/wp-json\/wp\/v2\/comments?post=7071"}],"version-history":[{"count":0,"href":"https:\/\/www.ufsm.br\/pro-reitorias\/proplan\/wp-json\/wp\/v2\/pages\/7071\/revisions"}],"wp:attachment":[{"href":"https:\/\/www.ufsm.br\/pro-reitorias\/proplan\/wp-json\/wp\/v2\/media?parent=7071"}],"wp:term":[{"taxonomy":"category","embeddable":true,"href":"https:\/\/www.ufsm.br\/pro-reitorias\/proplan\/wp-json\/wp\/v2\/categories?post=7071"},{"taxonomy":"post_tag","embeddable":true,"href":"https:\/\/www.ufsm.br\/pro-reitorias\/proplan\/wp-json\/wp\/v2\/tags?post=7071"}],"curies":[{"name":"wp","href":"https:\/\/api.w.org\/{rel}","templated":true}]}}