{"id":7106,"date":"2025-12-12T11:10:37","date_gmt":"2025-12-12T14:10:37","guid":{"rendered":"https:\/\/www.ufsm.br\/pro-reitorias\/proplan\/?page_id=7106"},"modified":"2025-12-12T11:11:51","modified_gmt":"2025-12-12T14:11:51","slug":"resolucao-ufsm-n-246-2025","status":"publish","type":"page","link":"https:\/\/www.ufsm.br\/pro-reitorias\/proplan\/resolucao-ufsm-n-246-2025","title":{"rendered":"RESOLU\u00c7\u00c3O UFSM N\u00b0 246\/2025"},"content":{"rendered":"\t\t<div data-elementor-type=\"wp-page\" data-elementor-id=\"7106\" class=\"elementor elementor-7106\">\n\t\t\t\t\t\t<section class=\"elementor-section elementor-top-section elementor-element elementor-element-c53f074 elementor-section-boxed elementor-section-height-default elementor-section-height-default\" data-id=\"c53f074\" data-element_type=\"section\">\n\t\t\t\t\t\t<div class=\"elementor-container elementor-column-gap-default\">\n\t\t\t\t\t<div class=\"elementor-column elementor-col-100 elementor-top-column elementor-element elementor-element-3c010cc\" data-id=\"3c010cc\" data-element_type=\"column\">\n\t\t\t<div class=\"elementor-widget-wrap elementor-element-populated\">\n\t\t\t\t\t\t<div class=\"elementor-element elementor-element-449328d elementor-widget elementor-widget-html\" data-id=\"449328d\" data-element_type=\"widget\" data-widget_type=\"html.default\">\n\t\t\t\t<div class=\"elementor-widget-container\">\n\t\t\t<br><div align=\"justify\"><font color=\"black\">\r\n<br>\r\n<div align=\"justify\">\r\n<font color=\"black\">\r\n<div align=\"center\">\r\n<img decoding=\"async\" src=\"https:\/\/www.ufsm.br\/pro-reitorias\/proplan\/wp-content\/uploads\/sites\/344\/2019\/09\/brasao-da-republica-do-brasil-logo.png\" alt=\"Bras\u00e3o Rep\u00fablica Federativa do Brasil\" width=\"6%\" height=\"6%\" style=\"text-align: justify\">\r\n<\/div>\r\n<h4 style=\"text-align: justify\">\r\n<font color=\"blue\">\r\n<font size=\"5\">\r\n<\/font>\r\n<\/font>\r\n<div align=\"center\">\r\n<font color=\"blue\" style=\"text-align: justify\">\r\n<font size=\"5\">MINIST\u00c9RIO DA EDUCA\u00c7\u00c3O<\/font>\r\n<\/font>\r\n<\/div>\r\n<\/h4>\r\n<p>\r\n<b>\r\n<font color=\"0000blue\">\r\n<\/font>\r\n<\/b>\r\n<\/p>\r\n<div align=\"center\">\r\n<b style=\"text-align: justify\">\r\n<font color=\"0000blue\">UNIVERSIDADE FEDERAL DE SANTA MARIA<\/font>\r\n<\/b>\r\n<\/div>\r\n<p>\r\n<\/p>\r\n<!--StartFragment-->\r\n<p style=\"text-align: center\">\r\n<b>\r\n<a href=\"https:\/\/portal.ufsm.br\/documentos\/publico\/documento.html?idDocumento=15674507\" style=\"color: blue !important;text-decoration: underline !important\" data-elementor-preserved=\"true\">RESOLU\u00c7\u00c3O UFSM N\u00b0&nbsp;246, DE 08 DE DEZEMBRO DE 2025<\/a>\r\n<\/b>\r\n<\/p>\r\n<p>\r\n<b>&nbsp;<\/b>\r\n<\/p>\r\n<p>\r\n    <\/p>\r\n<div>\r\n      <\/div>\r\n    <div style=\"color: #800000;width: 60%;margin-left: auto;margin-right: 0;text-align: justify;font-weight: normal\">\r\n      Aprova a cria\u00e7\u00e3o do Comit\u00ea de Acompanhamento e Gest\u00e3o do Collaborative Online International Learning (COIL) vinculado \u00e0 Diretoria de Rela\u00e7\u00f5es Internacionais (DRI).\r\n&nbsp;\r\n    <\/div>\r\n<p>\r\n<\/p>\r\n<p>O REITOR DA UNIVERSIDADE FEDERAL DE SANTA MARIA, no uso de suas atribui\u00e7\u00f5es legais que lhe confere o <a href=\"https:\/\/www.ufsm.br\/pro-reitorias\/proplan\/estatuto-ufsm-2010\" style=\"color: blue !important;text-decoration: underline !important\" data-elementor-preserved=\"true\">art. 30 do Estatuto da Universidade Federal de Santa Maria<\/a>, com as adequa\u00e7\u00f5es aprovadas pela <a href=\"https:\/\/www.ufsm.br\/pro-reitorias\/proplan\/resolucao-n-037-2010\" style=\"color: blue !important;text-decoration: underline !important\" data-elementor-preserved=\"true\">Resolu\u00e7\u00e3o UFSM n\u00b0 037, de 30 de novembro de 2010<\/a>, aprovado pela Portaria n\u00b0 156, de 12 de mar\u00e7o de 2014, e publicado no Di\u00e1rio Oficial da Uni\u00e3o em 13 de mar\u00e7o de 2014, tendo em vista o disposto na <a href=\"https:\/\/www.ufsm.br\/pro-reitorias\/proplan\/resolucao-ufsm-n-054-2021\" style=\"color: blue !important;text-decoration: underline !important\" data-elementor-preserved=\"true\">Resolu\u00e7\u00e3o UFSM n\u00b0 054, de 1\u00b0 de junho de 2021<\/a>, na <a href=\"https:\/\/www.ufsm.br\/pro-reitorias\/proplan\/resolucao-ufsm-no-216-2025\" style=\"color: blue !important;text-decoration: underline !important\" data-elementor-preserved=\"true\">Resolu\u00e7\u00e3o UFSM n\u00b0 216, de 15 de julho de 2025<\/a>, na <a href=\"https:\/\/www.ufsm.br\/pro-reitorias\/proplan\/instrucao-normativa-dri-ufsm-n-001-2025\" style=\"color: blue !important;text-decoration: underline !important\" data-elementor-preserved=\"true\">Instru\u00e7\u00e3o Normativa DRI\/UFSM n\u00b0 001, de 24 de setembro de 2025<\/a>, e o que consta no processo n. <a href=\"https:\/\/portal.ufsm.br\/documentos\/usuario\/processo\/documento.html?idDocumento=15612425\" style=\"color: blue !important;text-decoration: underline !important\" data-elementor-preserved=\"true\">23081.137484\/2025-51<\/a>, resolve:<\/p>\r\n<p>&nbsp;<\/p>\r\n<p>Art. 1\u00b0&nbsp; Aprovar a cria\u00e7\u00e3o do Comit\u00ea de Acompanhamento e Gest\u00e3o do <i>Collaborative<\/i>\r\n<i> Online <\/i>\r\n<i>International<\/i>\r\n<i> Learning<\/i> (COIL) vinculado \u00e0 Diretoria de Rela\u00e7\u00f5es Internacionais (DRI).<\/p>\r\n<p>&nbsp;<\/p>\r\n<p>CAP\u00cdTULO I<\/p>\r\n<p>DAS COMPET\u00caNCIAS<\/p>\r\n<p>Art. 2\u00b0&nbsp; ComPete ao Comit\u00ea do COIL, \u00f3rg\u00e3o de natureza consultiva, propositiva e de acompanhamento:<\/p>\r\n<p>I -&nbsp;acompanhar e apoiar a implementa\u00e7\u00e3o das disciplinas e atividades vinculadas ao COIL na UFSM;<\/p>\r\n<p>II - propor diretrizes e estrat\u00e9gias para o fortalecimento da internacionaliza\u00e7\u00e3o curricular por meio do COIL;<\/p>\r\n<p>III - auxiliar docentes e unidades de ensino na tramita\u00e7\u00e3o de propostas e na interlocu\u00e7\u00e3o com institui\u00e7\u00f5es parceiras estrangeiras;<\/p>\r\n<p>IV -&nbsp;acompanhar os registros acad\u00eamicos e a certifica\u00e7\u00e3o das atividades COIL, conforme normativas vigentes;<\/p>\r\n<p>V -&nbsp;zelar pela articula\u00e7\u00e3o do COIL com as pol\u00edticas institucionais de internacionaliza\u00e7\u00e3o e com os Objetivos de Desenvolvimento Sustent\u00e1vel (ODS).<\/p>\r\n<p>VI -&nbsp;propor aperfei\u00e7oamentos nas normas e instrumentos institucionais relacionados \u00e0 mat\u00e9ria, sempre que identificada a necessidade de atualiza\u00e7\u00e3o ou adequa\u00e7\u00e3o;<\/p>\r\n<p>VII - avaliar e acompanhar a tramita\u00e7\u00e3o das propostas submetidas pelos docentes;<\/p>\r\n<p>VIII - emitir pareceres t\u00e9cnicos para subsidiar a DRI, PROGRAD, PRPGP e demais inst\u00e2ncias acad\u00eamicas a respeito de projetos COIL; <\/p>\r\n<p>IX -&nbsp;propor capacita\u00e7\u00f5es e forma\u00e7\u00f5es para docentes e servidores em metodologias de COIL;<\/p>\r\n<p>X -&nbsp;monitorar indicadores de desempenho e impacto das atividades COIL; e<\/p>\r\n<p>XI - fomentar parcerias estrat\u00e9gicas com universidades estrangeiras voltadas ao interc\u00e2mbio virtual.<\/p>\r\n<p>&nbsp;<\/p>\r\n<p>T\u00cdTULO II<\/p>\r\n<p>DA COMPOSI\u00c7\u00c3O E AUTORIDADE<\/p>\r\n<p>Art. 3\u00b0&nbsp; O Comit\u00ea do COIL ser\u00e1 composto por:<\/p>\r\n<p>I - 01 (um\/uma) Presidente;<br>&nbsp;II - 01 (um\/uma) Secret\u00e1rio(a);<br>&nbsp;III - 01 (um\/uma) representante da DRI e seu(ua) suplente;<br>&nbsp;IV - 01 (um\/uma) representante dos Cursos de Ensino B\u00e1sico, T\u00e9cnico e Tecnol\u00f3gico e seu(ua) suplente;<br>&nbsp;V - 01 (um\/uma) representante dos Cursos de Gradua\u00e7\u00e3o e seu(ua) suplente; e<br>&nbsp;VI - 01 (um\/uma) representante dos Cursos de P\u00f3s-gradua\u00e7\u00e3o e seu(ua) suplente.<\/p>\r\n<p>\u00a7 1\u00b0 &nbsp;O(a) presidente, secret\u00e1rio(a) e os(as) demais membros(as), titulares e suplentes, ser\u00e3o indicados(as) pelo Comit\u00ea de Internacionaliza\u00e7\u00e3o (CoInter) e designados(as) por Portaria do(a) Reitor(a).<\/p>\r\n<p>\u00a7 2\u00b0&nbsp; O mandato ser\u00e1 de 2 (dois) anos, permitida a recondu\u00e7\u00e3o pelo mesmo per\u00edodo.<\/p>\r\n<p>\u00a7 3\u00b0&nbsp; Na aus\u00eancia do(a) Presidente, o Comit\u00ea escolher\u00e1 entre os(as) membros(as) presentes um(a) Presidente para conduzir a sess\u00e3o, mediante vota\u00e7\u00e3o por maioria simples.<\/p>\r\n<p>\u00a7 4\u00b0 &nbsp;Na aus\u00eancia dos(as) membros(as) titulares, seus(ua) respectivos(as) suplentes os(as) substituir\u00e3o em caso de afastamento, impedimento legal ou vac\u00e2ncia.<\/p>\r\n<p>\u00a7 5\u00b0 &nbsp;Os(As) membros(as) poder\u00e3o ser substitu\u00eddos(as) a qualquer tempo, mediante solicita\u00e7\u00e3o do segmento representado ou por consenso da maioria dos(as) integrantes do Comit\u00ea, devidamente formalizado.<\/p>\r\n<p>&nbsp;<\/p>\r\n<p>T\u00cdTULO III<\/p>\r\n<p>DA PERIODICIDADE DAS REUNI\u00d5ES<\/p>\r\n<p>Art. 4\u00b0&nbsp; O Comit\u00ea reunir-se-\u00e1 ordinariamente a cada semestre, e extraordinariamente por convoca\u00e7\u00e3o do(a) Presidente ou por requerimento da maioria simples de seus membros.<\/p>\r\n<p>Art. 5\u00b0&nbsp; O qu\u00f3rum m\u00ednimo de reuni\u00e3o ser\u00e1 a maioria simples de seus membros em primeira chamada, e de 1\/3 em segunda chamada.<\/p>\r\n<p>Art. 6\u00b0&nbsp; As reuni\u00f5es poder\u00e3o ocorrer presencialmente ou por videoconfer\u00eancia.<\/p>\r\n<p>&nbsp;<\/p>\r\n<p>T\u00cdTULO IV<\/p>\r\n<p>DAS DISPOSI\u00c7\u00d5ES GERAIS E TRANSIT\u00d3RIAS<\/p>\r\n<p>Art. 7\u00b0&nbsp; A participa\u00e7\u00e3o no Comit\u00ea ser\u00e1 considerada servi\u00e7o p\u00fablico relevante e n\u00e3o ser\u00e1 remunerada.<\/p>\r\n<p>Art. 8\u00b0&nbsp; Casos omissos ser\u00e3o resolvidos pelo Comit\u00ea em conjunto com a Diretoria de Rela\u00e7\u00f5es Internacionais e, quando necess\u00e1rio, submetidos \u00e0s inst\u00e2ncias superiores. <\/p>\r\n<p>Art. 9\u00b0&nbsp; A inobserv\u00e2ncia ao disposto nesta Resolu\u00e7\u00e3o n\u00e3o constitui escusa v\u00e1lida para o descumprimento da norma nem resulta em sua invalidade.<\/p>\r\n<p>Art. 10.&nbsp; &nbsp;Esta Resolu\u00e7\u00e3o entra em vigor na data de sua publica\u00e7\u00e3o, de acordo com o que prev\u00ea o&nbsp;&nbsp;<a href=\"https:\/\/www.planalto.gov.br\/ccivil_03\/_ato2023-2026\/2024\/decreto\/d12002.htm\" style=\"color: blue !important;text-decoration: underline !important\" data-elementor-preserved=\"true\" title=\"https:\/\/www.planalto.gov.br\/ccivil_03\/_ato2023-2026\/2024\/decreto\/d12002.htm\">\r\n<\/a>\r\n<a href=\"https:\/\/www.planalto.gov.br\/ccivil_03\/_ato2023-2026\/2024\/decreto\/d12002.htm\" style=\"color: blue !important;text-decoration: underline !important\" data-elementor-preserved=\"true\">Decreto n\u00b0 12.002, de 22 de abril de 2024, art. 18, inciso IV.&nbsp;<\/a>\r\n<\/p>\r\n<p>&nbsp;<\/p>\r\n<p style=\"text-align: right\">Luciano Schuch<\/p>\r\n<p style=\"text-align: right\">Reitor<\/p>\r\n<p>\r\n<span style=\"color: red\">Este texto n\u00e3o substitui o documento original, publicado no Portal de Documentos.<\/span> Dispon\u00edvel em <a href=\"https:\/\/portal.ufsm.br\/documentos\/publico\/documento.html?id=15674507\" style=\"color: blue !important;text-decoration: underline !important\" data-elementor-preserved=\"true\">https:\/\/portal.ufsm.br\/documentos\/publico\/documento.html?id=15674507<\/a>\r\n<\/p>\r\n<!--EndFragment-->\r\n<div>\r\n<\/div>\r\n<div>\r\n<\/div>\r\n<\/font>\r\n<\/div>\r\n<\/font><\/div>\t\t<\/div>\n\t\t\t\t<\/div>\n\t\t\t\t\t<\/div>\n\t\t<\/div>\n\t\t\t\t\t<\/div>\n\t\t<\/section>\n\t\t\t\t<\/div>\n\t\t","protected":false},"excerpt":{"rendered":"<p>MINIST\u00c9RIO DA EDUCA\u00c7\u00c3O UNIVERSIDADE FEDERAL DE SANTA MARIA RESOLU\u00c7\u00c3O UFSM N\u00b0&nbsp;246, DE 08 DE DEZEMBRO DE 2025 &nbsp; Aprova a cria\u00e7\u00e3o do Comit\u00ea de Acompanhamento e Gest\u00e3o do Collaborative Online International Learning (COIL) vinculado \u00e0 Diretoria de Rela\u00e7\u00f5es Internacionais (DRI). &nbsp; O REITOR DA UNIVERSIDADE FEDERAL DE SANTA MARIA, no uso de suas atribui\u00e7\u00f5es legais [&hellip;]<\/p>\n","protected":false},"author":8863,"featured_media":0,"parent":0,"menu_order":0,"comment_status":"closed","ping_status":"closed","template":"","meta":{"footnotes":""},"categories":[],"tags":[],"class_list":["post-7106","page","type-page","status-publish","hentry"],"acf":[],"_links":{"self":[{"href":"https:\/\/www.ufsm.br\/pro-reitorias\/proplan\/wp-json\/wp\/v2\/pages\/7106","targetHints":{"allow":["GET"]}}],"collection":[{"href":"https:\/\/www.ufsm.br\/pro-reitorias\/proplan\/wp-json\/wp\/v2\/pages"}],"about":[{"href":"https:\/\/www.ufsm.br\/pro-reitorias\/proplan\/wp-json\/wp\/v2\/types\/page"}],"author":[{"embeddable":true,"href":"https:\/\/www.ufsm.br\/pro-reitorias\/proplan\/wp-json\/wp\/v2\/users\/8863"}],"replies":[{"embeddable":true,"href":"https:\/\/www.ufsm.br\/pro-reitorias\/proplan\/wp-json\/wp\/v2\/comments?post=7106"}],"version-history":[{"count":0,"href":"https:\/\/www.ufsm.br\/pro-reitorias\/proplan\/wp-json\/wp\/v2\/pages\/7106\/revisions"}],"wp:attachment":[{"href":"https:\/\/www.ufsm.br\/pro-reitorias\/proplan\/wp-json\/wp\/v2\/media?parent=7106"}],"wp:term":[{"taxonomy":"category","embeddable":true,"href":"https:\/\/www.ufsm.br\/pro-reitorias\/proplan\/wp-json\/wp\/v2\/categories?post=7106"},{"taxonomy":"post_tag","embeddable":true,"href":"https:\/\/www.ufsm.br\/pro-reitorias\/proplan\/wp-json\/wp\/v2\/tags?post=7106"}],"curies":[{"name":"wp","href":"https:\/\/api.w.org\/{rel}","templated":true}]}}