{"id":7108,"date":"2025-12-12T11:24:44","date_gmt":"2025-12-12T14:24:44","guid":{"rendered":"https:\/\/www.ufsm.br\/pro-reitorias\/proplan\/?page_id=7108"},"modified":"2025-12-12T11:25:14","modified_gmt":"2025-12-12T14:25:14","slug":"resolucao-ufsm-n-242-2025","status":"publish","type":"page","link":"https:\/\/www.ufsm.br\/pro-reitorias\/proplan\/resolucao-ufsm-n-242-2025","title":{"rendered":"RESOLU\u00c7\u00c3O UFSM N\u00b0 242\/2025"},"content":{"rendered":"\t\t<div data-elementor-type=\"wp-page\" data-elementor-id=\"7108\" class=\"elementor elementor-7108\">\n\t\t\t\t\t\t<section class=\"elementor-section elementor-top-section elementor-element elementor-element-6c565a7 elementor-section-boxed elementor-section-height-default elementor-section-height-default\" data-id=\"6c565a7\" data-element_type=\"section\">\n\t\t\t\t\t\t<div class=\"elementor-container elementor-column-gap-default\">\n\t\t\t\t\t<div class=\"elementor-column elementor-col-100 elementor-top-column elementor-element elementor-element-18fed03\" data-id=\"18fed03\" data-element_type=\"column\">\n\t\t\t<div class=\"elementor-widget-wrap elementor-element-populated\">\n\t\t\t\t\t\t<div class=\"elementor-element elementor-element-81b4305 elementor-widget elementor-widget-html\" data-id=\"81b4305\" data-element_type=\"widget\" data-widget_type=\"html.default\">\n\t\t\t\t<div class=\"elementor-widget-container\">\n\t\t\t<br><div align=\"justify\"><font color=\"black\">\r\n<br>\r\n<div align=\"justify\">\r\n<font color=\"black\">\r\n<div align=\"center\">\r\n<img decoding=\"async\" src=\"https:\/\/www.ufsm.br\/pro-reitorias\/proplan\/wp-content\/uploads\/sites\/344\/2019\/09\/brasao-da-republica-do-brasil-logo.png\" alt=\"Bras\u00e3o Rep\u00fablica Federativa do Brasil\" width=\"6%\" height=\"6%\" style=\"text-align: justify\">\r\n<\/div>\r\n<h4 style=\"text-align: justify\">\r\n<font color=\"blue\">\r\n<font size=\"5\">\r\n<\/font>\r\n<\/font>\r\n<div align=\"center\">\r\n<font color=\"blue\" style=\"text-align: justify\">\r\n<font size=\"5\">MINIST\u00c9RIO DA EDUCA\u00c7\u00c3O<\/font>\r\n<\/font>\r\n<\/div>\r\n<\/h4>\r\n<p>\r\n<b>\r\n<font color=\"0000blue\">\r\n<\/font>\r\n<\/b>\r\n<\/p>\r\n<div align=\"center\">\r\n<b style=\"text-align: justify\">\r\n<font color=\"0000blue\">UNIVERSIDADE FEDERAL DE SANTA MARIA<\/font>\r\n<\/b>\r\n<\/div>\r\n<p>\r\n<\/p>\r\n<!--StartFragment-->\r\n<p style=\"text-align: center\">\r\n<a href=\"https:\/\/portal.ufsm.br\/documentos\/publico\/documento.html?idDocumento=15676133#\" style=\"color: blue !important;text-decoration: underline !important\" data-elementor-preserved=\"true\">\r\n<b>RESOLU\u00c7\u00c3O UFSM N\u00b0 242, DE 08 DE DEZEMBRO DE 2025<\/b>\r\n<\/a>\r\n<\/p>\r\n<p>&nbsp;<\/p>\r\n<p>\r\n    <\/p>\r\n<div>\r\n      \r\n    <div style=\"color: #800000;width: 60%;margin-left: auto;margin-right: 0;text-align: justify;font-weight: normal\">\r\n      Disp\u00f5e sobre a comercializa\u00e7\u00e3o e consumo de bebidas alco\u00f3licas no \u00e2mbito da Universidade Federal de Santa Maria.\r\n    <\/div>\r\n    <\/div>\r\n<p>\r\n<\/p>\r\n<p>&nbsp;<\/p>\r\n<p>O REITOR DA UNIVERSIDADE FEDERAL DE SANTA MARIA, no uso de suas atribui\u00e7\u00f5es legais que lhe confere o <a href=\"https:\/\/www.ufsm.br\/pro-reitorias\/proplan\/estatuto-ufsm-2010\" style=\"color: blue !important;text-decoration: underline !important\" data-elementor-preserved=\"true\">art. 30 do Estatuto da Universidade Federal de Santa Maria<\/a> com as adequa\u00e7\u00f5es aprovadas pela <a href=\"https:\/\/www.ufsm.br\/pro-reitorias\/proplan\/resolucao-n-037-2010\" style=\"color: blue !important;text-decoration: underline !important\" data-elementor-preserved=\"true\">Resolu\u00e7\u00e3o UFSM n\u00b0 037, de 30 de novembro de 2010<\/a>, aprovado pela Portaria n\u00b0 156, de 12 de mar\u00e7o de 2014, e publicado no Di\u00e1rio Oficial da Uni\u00e3o em 13 de mar\u00e7o de 2014, tendo em vista a autonomia universit\u00e1ria conferida pelo <a href=\"https:\/\/www.planalto.gov.br\/ccivil_03\/constituicao\/constituicao.htm\" style=\"color: blue !important;text-decoration: underline !important\" data-elementor-preserved=\"true\">art. 207 da Constitui\u00e7\u00e3o Federal<\/a>, o <a href=\"https:\/\/www.ufsm.br\/pro-reitorias\/proplan\/estatuto-ufsm-2010\" style=\"color: blue !important;text-decoration: underline !important\" data-elementor-preserved=\"true\">Estatuto<\/a> e <a href=\"https:\/\/www.ufsm.br\/pro-reitorias\/proplan\/regimento-geral-da-ufsm-com-alteracoes-compiladas-pela-resolucao-n-016-2019\" style=\"color: blue !important;text-decoration: underline !important\" data-elementor-preserved=\"true\">Regimento Geral da UFSM<\/a> e a necessidade de compatibilizar a pol\u00edtica institucional de conviv\u00eancia saud\u00e1vel, seguran\u00e7a e ambiente acad\u00eamico com o uso de determinados espa\u00e7os para atendimento \u00e0 comunidade externa e o que consta no Processo n\u00b0 <a href=\"https:\/\/portal.ufsm.br\/documentos\/usuario\/processo\/documento.html?idDocumento=15630406\" style=\"color: blue !important;text-decoration: underline !important\" data-elementor-preserved=\"true\">23081.143997\/2025-09<\/a>, resolve:<\/p>\r\n<p>&nbsp;<\/p>\r\n<p>Art. 1\u00b0&nbsp; Proibir a comercializa\u00e7\u00e3o e distribui\u00e7\u00e3o de bebida alco\u00f3lica, de qualquer natureza ou sob qualquer justificativa, dentro dos campi da UFSM, bem como em quaisquer dos im\u00f3veis sob sua administra\u00e7\u00e3o, com as exce\u00e7\u00f5es previstas nesta Resolu\u00e7\u00e3o.<\/p>\r\n<p>\u00a71\u00b0 Caber\u00e1 \u00e0 Ouvidoria Geral da UFSM receber as den\u00fancias de poss\u00edvel viola\u00e7\u00e3o da presente Resolu\u00e7\u00e3o, dando a elas o encaminhamento adequado \u00e0s diferentes inst\u00e2ncias correicionais da Institui\u00e7\u00e3o.<\/p>\r\n<p>\u00a72\u00b0 Eventual infra\u00e7\u00e3o desta Resolu\u00e7\u00e3o cometida por estabelecimento comercial instalado na UFSM ser\u00e1 comunicada ao gestor ou fiscal do contrato ou termo de permiss\u00e3o para fins de instaura\u00e7\u00e3o de processo administrativo por descumprimento contratual.<\/p>\r\n<p>\u00a73\u00b0 A proibi\u00e7\u00e3o constante do caput deste artigo aplica-se inclusive \u00e0 modalidade de venda de ingressos com direito ao consumo de bebida alco\u00f3lica.<\/p>\r\n<p>\u00a74\u00b0 \u00c9 igualmente proibida a distribui\u00e7\u00e3o de bebidas alco\u00f3licas na UFSM na modalidade indireta ou gratuita.<\/p>\r\n<p>\u00a75\u00b0 As normas e regulamentos acerca da utiliza\u00e7\u00e3o, cess\u00e3o e permiss\u00e3o de uso de espa\u00e7os f\u00edsicos da UFSM dever\u00e3o ser interpretados em conson\u00e2ncia com a presente Resolu\u00e7\u00e3o.<\/p>\r\n<p>Art. 2\u00b0 A exce\u00e7\u00e3o \u00e0 proibi\u00e7\u00e3o de comercializa\u00e7\u00e3o e consumo de bebidas alco\u00f3licas poder\u00e1 ocorrer somente em restaurantes, lancherias ou cafeterias instaladas em pr\u00e9dios ou m\u00f3dulos da UFSM, onde, no hor\u00e1rio de funcionamento do restaurante ou lancheria, n\u00e3o ocorram atividades de ensino, como aulas e laborat\u00f3rios.<\/p>\r\n<p>\u00a71\u00b0&nbsp;Na hip\u00f3tese deste artigo, os espa\u00e7os comuns da institui\u00e7\u00e3o (corredores, bibliotecas, salas de aula, laborat\u00f3rios, pra\u00e7as, \u00e1reas de conviv\u00eancia) continuam sujeitos \u00e0 proibi\u00e7\u00e3o.<\/p>\r\n<p>\u00a72\u00b0&nbsp;A verifica\u00e7\u00e3o de que n\u00e3o ocorrem atividades de ensino no hor\u00e1rio considerado ser\u00e1 de responsabilidade da unidade acad\u00eamica ou administrativa competente, mediante relat\u00f3rio simplificado ou termo de responsabilidade a ser definido pela administra\u00e7\u00e3o da UFSM.<\/p>\r\n<p>\u00a73\u00b0&nbsp;\u00c9&nbsp;estritamente proibida a venda de bebidas alco\u00f3licas para menores de 18 (dezoito) anos.<\/p>\r\n<p>Art. 3\u00b0&nbsp;A exce\u00e7\u00e3o prevista no artigo 2\u00b0 limitar-se-\u00e1 aos seguintes hor\u00e1rios:<\/p>\r\n<p>I - De segunda a sexta-feira, das 19h \u00e0s 22h;<\/p>\r\n<p>II - Aos s\u00e1bados e domingos, das 11h \u00e0s 23h.<\/p>\r\n<p>Art. 4\u00b0 Para que se aplique a exce\u00e7\u00e3o de que trata o art. 2\u00b0, dever\u00e1 ser observado procedimento administrativo no \u00e2mbito da UFSM, que conter\u00e1 ao menos:<\/p>\r\n<p>I - declara\u00e7\u00e3o da unidade respons\u00e1vel pelo im\u00f3vel atestando que n\u00e3o haver\u00e1 atividade de ensino no per\u00edodo requerido;<\/p>\r\n<p>II - comprova\u00e7\u00e3o de que o estabelecimento atende \u00e0s exig\u00eancias sanit\u00e1rias, de alvar\u00e1 e seguran\u00e7a no \u00e2mbito municipal de Santa Maria-RS;<\/p>\r\n<p>III - termo de responsabilidade do gestor do restaurante\/lancheria\/cafeteria, comprometendo-se a cumprir as disposi\u00e7\u00f5es desta Resolu\u00e7\u00e3o e as normas legais vigentes.<\/p>\r\n<p>Art. 5\u00b0 Ficar\u00e1 a cargo do gestor do contrato a an\u00e1lise dos requisitos tratados no art. 4\u00b0, bem como a realiza\u00e7\u00e3o das visitas de fiscaliza\u00e7\u00e3o e demais verifica\u00e7\u00f5es necess\u00e1rias.<\/p>\r\n<p>Art. 6\u00b0 A Reitoria da UFSM editar\u00e1 Instru\u00e7\u00e3o Normativa para defini\u00e7\u00e3o do fluxo, do formul\u00e1rio, da periodicidade de fiscaliza\u00e7\u00e3o e dos demais procedimentos necess\u00e1rios \u00e0 implementa\u00e7\u00e3o desta exce\u00e7\u00e3o.<\/p>\r\n<p>Art. 7\u00b0&nbsp; A infra\u00e7\u00e3o de quaisquer dos dispositivos previstos nesta Resolu\u00e7\u00e3o importar\u00e1 na responsabiliza\u00e7\u00e3o do estabelecimento, nos termos e condi\u00e7\u00f5es pactuados no contrato.<\/p>\r\n<p>Art. 8\u00b0&nbsp; Fica revogada a <a href=\"https:\/\/www.ufsm.br\/pro-reitorias\/proplan\/resolucao-n-026-2018\" style=\"color: blue !important;text-decoration: underline !important\" data-elementor-preserved=\"true\">Resolu\u00e7\u00e3o UFSM N. 026, de 26 de outubro de 2018<\/a>.<\/p>\r\n<p>Art. 9\u00b0 A inobserv\u00e2ncia ao disposto nesta Resolu\u00e7\u00e3o n\u00e3o constitui escusa v\u00e1lida para o descumprimento da norma nem resulta em sua invalidade.<\/p>\r\n<p>Art. 10. Esta Resolu\u00e7\u00e3o entra em vigor na data de sua publica\u00e7\u00e3o, de acordo com o que prev\u00ea o <a href=\"https:\/\/www.planalto.gov.br\/ccivil_03\/_ato2023-2026\/2024\/decreto\/d12002.htm\" style=\"color: blue !important;text-decoration: underline !important\" data-elementor-preserved=\"true\">Decreto n\u00b0 12.002, de 22 de abril de 2024, art. 18, inciso IV<\/a>.<\/p>\r\n<p>&nbsp;<\/p>\r\n<p style=\"text-align: right\">Luciano Schuch<\/p>\r\n<p style=\"text-align: right\">Reitor<\/p>\r\n<p>\r\n<span style=\"color: red\">Este texto n\u00e3o substitui o documento original, publicado no Portal de Documentos.<\/span> Dispon\u00edvel em <a href=\"https:\/\/portal.ufsm.br\/documentos\/publico\/documento.html?id=15676133\" style=\"color: blue !important;text-decoration: underline !important\" data-elementor-preserved=\"true\">https:\/\/portal.ufsm.br\/documentos\/publico\/documento.html?id=15676133<\/a>\r\n<\/p>\r\n<!--EndFragment-->\r\n<div>\r\n<\/div>\r\n<div>\r\n<\/div>\r\n<\/font>\r\n<\/div>\r\n<\/font><\/div>\t\t<\/div>\n\t\t\t\t<\/div>\n\t\t\t\t\t<\/div>\n\t\t<\/div>\n\t\t\t\t\t<\/div>\n\t\t<\/section>\n\t\t\t\t<\/div>\n\t\t","protected":false},"excerpt":{"rendered":"<p>MINIST\u00c9RIO DA EDUCA\u00c7\u00c3O UNIVERSIDADE FEDERAL DE SANTA MARIA RESOLU\u00c7\u00c3O UFSM N\u00b0 242, DE 08 DE DEZEMBRO DE 2025 &nbsp; Disp\u00f5e sobre a comercializa\u00e7\u00e3o e consumo de bebidas alco\u00f3licas no \u00e2mbito da Universidade Federal de Santa Maria. &nbsp; O REITOR DA UNIVERSIDADE FEDERAL DE SANTA MARIA, no uso de suas atribui\u00e7\u00f5es legais que lhe confere o [&hellip;]<\/p>\n","protected":false},"author":8863,"featured_media":0,"parent":0,"menu_order":0,"comment_status":"closed","ping_status":"closed","template":"","meta":{"footnotes":""},"categories":[],"tags":[],"class_list":["post-7108","page","type-page","status-publish","hentry"],"acf":[],"_links":{"self":[{"href":"https:\/\/www.ufsm.br\/pro-reitorias\/proplan\/wp-json\/wp\/v2\/pages\/7108","targetHints":{"allow":["GET"]}}],"collection":[{"href":"https:\/\/www.ufsm.br\/pro-reitorias\/proplan\/wp-json\/wp\/v2\/pages"}],"about":[{"href":"https:\/\/www.ufsm.br\/pro-reitorias\/proplan\/wp-json\/wp\/v2\/types\/page"}],"author":[{"embeddable":true,"href":"https:\/\/www.ufsm.br\/pro-reitorias\/proplan\/wp-json\/wp\/v2\/users\/8863"}],"replies":[{"embeddable":true,"href":"https:\/\/www.ufsm.br\/pro-reitorias\/proplan\/wp-json\/wp\/v2\/comments?post=7108"}],"version-history":[{"count":0,"href":"https:\/\/www.ufsm.br\/pro-reitorias\/proplan\/wp-json\/wp\/v2\/pages\/7108\/revisions"}],"wp:attachment":[{"href":"https:\/\/www.ufsm.br\/pro-reitorias\/proplan\/wp-json\/wp\/v2\/media?parent=7108"}],"wp:term":[{"taxonomy":"category","embeddable":true,"href":"https:\/\/www.ufsm.br\/pro-reitorias\/proplan\/wp-json\/wp\/v2\/categories?post=7108"},{"taxonomy":"post_tag","embeddable":true,"href":"https:\/\/www.ufsm.br\/pro-reitorias\/proplan\/wp-json\/wp\/v2\/tags?post=7108"}],"curies":[{"name":"wp","href":"https:\/\/api.w.org\/{rel}","templated":true}]}}