{"id":7109,"date":"2025-12-12T11:41:16","date_gmt":"2025-12-12T14:41:16","guid":{"rendered":"https:\/\/www.ufsm.br\/pro-reitorias\/proplan\/?page_id=7109"},"modified":"2025-12-12T11:41:44","modified_gmt":"2025-12-12T14:41:44","slug":"resolucao-ufsm-n-239-2025","status":"publish","type":"page","link":"https:\/\/www.ufsm.br\/pro-reitorias\/proplan\/resolucao-ufsm-n-239-2025","title":{"rendered":"RESOLU\u00c7\u00c3O UFSM N. 239\/2025"},"content":{"rendered":"\t\t<div data-elementor-type=\"wp-page\" data-elementor-id=\"7109\" class=\"elementor elementor-7109\">\n\t\t\t\t\t\t<section class=\"elementor-section elementor-top-section elementor-element elementor-element-032386c elementor-section-boxed elementor-section-height-default elementor-section-height-default\" data-id=\"032386c\" data-element_type=\"section\">\n\t\t\t\t\t\t<div class=\"elementor-container elementor-column-gap-default\">\n\t\t\t\t\t<div class=\"elementor-column elementor-col-100 elementor-top-column elementor-element elementor-element-78afc5d\" data-id=\"78afc5d\" data-element_type=\"column\">\n\t\t\t<div class=\"elementor-widget-wrap elementor-element-populated\">\n\t\t\t\t\t\t<div class=\"elementor-element elementor-element-8bbaec8 elementor-widget elementor-widget-html\" data-id=\"8bbaec8\" data-element_type=\"widget\" data-widget_type=\"html.default\">\n\t\t\t\t<div class=\"elementor-widget-container\">\n\t\t\t<br><div align=\"justify\"><font color=\"black\">\r\n<br>\r\n<div align=\"justify\">\r\n<font color=\"black\">\r\n<div align=\"center\">\r\n<img decoding=\"async\" src=\"https:\/\/www.ufsm.br\/pro-reitorias\/proplan\/wp-content\/uploads\/sites\/344\/2019\/09\/brasao-da-republica-do-brasil-logo.png\" alt=\"Bras\u00e3o Rep\u00fablica Federativa do Brasil\" width=\"6%\" height=\"6%\" style=\"text-align: justify\">\r\n<\/div>\r\n<h4 style=\"text-align: justify\">\r\n<font color=\"blue\">\r\n<font size=\"5\">\r\n<\/font>\r\n<\/font>\r\n<div align=\"center\">\r\n<font color=\"blue\" style=\"text-align: justify\">\r\n<font size=\"5\">MINIST\u00c9RIO DA EDUCA\u00c7\u00c3O<\/font>\r\n<\/font>\r\n<\/div>\r\n<\/h4>\r\n<p>\r\n<b>\r\n<font color=\"0000blue\">\r\n<\/font>\r\n<\/b>\r\n<\/p>\r\n<div align=\"center\">\r\n<b style=\"text-align: justify\">\r\n<font color=\"0000blue\">UNIVERSIDADE FEDERAL DE SANTA MARIA<\/font>\r\n<\/b>\r\n<\/div>\r\n<p>\r\n<\/p>\r\n<!--StartFragment-->\r\n<p style=\"text-align: center\">\r\n<a href=\"https:\/\/portal.ufsm.br\/documentos\/publico\/documento.html?id=15675798\" style=\"color: blue !important;text-decoration: underline !important\" data-elementor-preserved=\"true\">\r\n<b>RESOLU\u00c7\u00c3O UFSM N\u00b0 239, DE 08 DE DEZEMBRO DE 2025<\/b>\r\n<\/a>\r\n<\/p>\r\n<p style=\"text-align: center\">&nbsp;<\/p>\r\n<p>\r\n    <\/p>\r\n<div>\r\n      \r\n    <div style=\"color: #800000;width: 60%;margin-left: auto;margin-right: 0;text-align: justify;font-weight: normal\">\r\n      Aprova o Regimento Interno da Procuradoria Federal junto \u00e0 Universidade Federal de Santa Maria (PF\/UFSM), vinculada \u00e0 Procuradoria-Geral Federal e \u00e0 Universidade Federal de Santa Maria (UFSM).\r\n    <\/div>\r\n    <\/div>\r\n<p>\r\n<\/p>\r\n<p>&nbsp;<\/p>\r\n<p>O REITOR DA UNIVERSIDADE FEDERAL DE SANTA MARIA, no uso de suas atribui\u00e7\u00f5es legais que lhe confere o <a href=\"https:\/\/www.ufsm.br\/pro-reitorias\/proplan\/estatuto-ufsm-2010\" style=\"color: blue !important;text-decoration: underline !important\" data-elementor-preserved=\"true\">art. 30 do Estatuto da Universidade Federal de Santa Maria<\/a> com as adequa\u00e7\u00f5es aprovadas pela <a href=\"https:\/\/www.ufsm.br\/pro-reitorias\/proplan\/resolucao-n-037-2010\" style=\"color: blue !important;text-decoration: underline !important\" data-elementor-preserved=\"true\">Resolu\u00e7\u00e3o UFSM n\u00b0 037, de 30 de novembro de 2010<\/a>, aprovado pela Portaria n\u00b0 156, de 12 de mar\u00e7o de 2014, e publicado no Di\u00e1rio Oficial da Uni\u00e3o em 13 de mar\u00e7o de 2014, tendo em vista a <a href=\"https:\/\/www.planalto.gov.br\/ccivil_03\/LEIS\/LCP\/Lcp73.htm\" style=\"color: blue !important;text-decoration: underline !important\" data-elementor-preserved=\"true\">Lei Complementar n\u00b0 73, de 10 de fevereiro de 1993<\/a>, e as <a href=\"https:\/\/www.planalto.gov.br\/ccivil_03\/leis\/2002\/l10480.htm\" style=\"color: blue !important;text-decoration: underline !important\" data-elementor-preserved=\"true\">Leis n\u00b0 10.480, de 02 de julho de 2002<\/a>, e <a href=\"https:\/\/www.planalto.gov.br\/ccivil_03\/_ato2015-2018\/2016\/lei\/l13327.htm\" style=\"color: blue !important;text-decoration: underline !important\" data-elementor-preserved=\"true\">n\u00b0 13.327, de 29 de julho de 2016<\/a>, bem como <a href=\"https:\/\/www.ufsm.br\/pro-reitorias\/proplan\/resolucao-ufsm-n-202-2025\" style=\"color: blue !important;text-decoration: underline !important\" data-elementor-preserved=\"true\">Resolu\u00e7\u00e3o UFSM n\u00b0 202, de 10 de abril de 2025<\/a>, e o que consta no Processo n\u00b0 <a href=\"https:\/\/portal.ufsm.br\/documentos\/usuario\/processo\/documento.html?idDocumento=14676837\" style=\"color: blue !important;text-decoration: underline !important\" data-elementor-preserved=\"true\">23081.069062\/2023-83<\/a>, resolve: <\/p>\r\n<p>&nbsp;<\/p>\r\n<p>Art. 1\u00b0&nbsp; Aprovar o Regimento Interno da Procuradoria Federal junto \u00e0 Universidade Federal de Santa Maria (PF\/UFSM), vinculada \u00e0 Procuradoria-Geral Federal e \u00e0 Universidade Federal de Santa Maria (UFSM).<\/p>\r\n<p>Par\u00e1grafo \u00fanico.&nbsp; O Regimento Interno da PF\/UFSM constitui-se como o Anexo I desta Resolu\u00e7\u00e3o.<\/p>\r\n<p>Art. 2\u00b0&nbsp; Fica revogada a <a href=\"https:\/\/www.ufsm.br\/pro-reitorias\/proplan\/resolucao-n-014-1998\" style=\"color: blue !important;text-decoration: underline !important\" data-elementor-preserved=\"true\">Resolu\u00e7\u00e3o n\u00b0 014, de 30 de outubro 1.998<\/a>.<\/p>\r\n<p>Art. 3\u00b0&nbsp; A inobserv\u00e2ncia ao disposto nesta Resolu\u00e7\u00e3o n\u00e3o constitui escusa v\u00e1lida para o descumprimento da norma nem resulta em sua invalidade.<\/p>\r\n<p>Art. 4\u00b0&nbsp; Esta Resolu\u00e7\u00e3o entra em vigor na data de sua publica\u00e7\u00e3o, de acordo com o que prev\u00ea o <a href=\"https:\/\/www.planalto.gov.br\/ccivil_03\/_ato2023-2026\/2024\/decreto\/d12002.htm\" style=\"color: blue !important;text-decoration: underline !important\" data-elementor-preserved=\"true\">Decreto n\u00b0 12.002, de 22 de abril de 2024, art. 18, inciso IV<\/a>.<\/p>\r\n<p>\t<\/p>\r\n<p style=\"text-align: right\">Luciano Schuch<\/p>\r\n<p style=\"text-align: right\">Reitor<\/p>\r\n<p>\r\n<span style=\"color: red\">Este texto n\u00e3o substitui o documento original, publicado no Portal de Documentos.<\/span> Dispon\u00edvel em <a href=\"https:\/\/portal.ufsm.br\/documentos\/publico\/documento.html?id=15675798\" style=\"color: blue !important;text-decoration: underline !important\" data-elementor-preserved=\"true\">https:\/\/portal.ufsm.br\/documentos\/publico\/documento.html?id=15675798<\/a>\r\n<\/p>\r\n<!--EndFragment-->\r\n<div>\r\n<\/div>\r\n<div>\r\n<\/div>\r\n<\/font>\r\n<\/div>\r\n<\/font><\/div>\t\t<\/div>\n\t\t\t\t<\/div>\n\t\t\t\t\t<\/div>\n\t\t<\/div>\n\t\t\t\t\t<\/div>\n\t\t<\/section>\n\t\t\t\t<\/div>\n\t\t","protected":false},"excerpt":{"rendered":"<p>MINIST\u00c9RIO DA EDUCA\u00c7\u00c3O UNIVERSIDADE FEDERAL DE SANTA MARIA RESOLU\u00c7\u00c3O UFSM N\u00b0 239, DE 08 DE DEZEMBRO DE 2025 &nbsp; Aprova o Regimento Interno da Procuradoria Federal junto \u00e0 Universidade Federal de Santa Maria (PF\/UFSM), vinculada \u00e0 Procuradoria-Geral Federal e \u00e0 Universidade Federal de Santa Maria (UFSM). &nbsp; O REITOR DA UNIVERSIDADE FEDERAL DE SANTA MARIA, [&hellip;]<\/p>\n","protected":false},"author":8863,"featured_media":0,"parent":0,"menu_order":0,"comment_status":"closed","ping_status":"closed","template":"","meta":{"footnotes":""},"categories":[],"tags":[],"class_list":["post-7109","page","type-page","status-publish","hentry"],"acf":[],"_links":{"self":[{"href":"https:\/\/www.ufsm.br\/pro-reitorias\/proplan\/wp-json\/wp\/v2\/pages\/7109","targetHints":{"allow":["GET"]}}],"collection":[{"href":"https:\/\/www.ufsm.br\/pro-reitorias\/proplan\/wp-json\/wp\/v2\/pages"}],"about":[{"href":"https:\/\/www.ufsm.br\/pro-reitorias\/proplan\/wp-json\/wp\/v2\/types\/page"}],"author":[{"embeddable":true,"href":"https:\/\/www.ufsm.br\/pro-reitorias\/proplan\/wp-json\/wp\/v2\/users\/8863"}],"replies":[{"embeddable":true,"href":"https:\/\/www.ufsm.br\/pro-reitorias\/proplan\/wp-json\/wp\/v2\/comments?post=7109"}],"version-history":[{"count":0,"href":"https:\/\/www.ufsm.br\/pro-reitorias\/proplan\/wp-json\/wp\/v2\/pages\/7109\/revisions"}],"wp:attachment":[{"href":"https:\/\/www.ufsm.br\/pro-reitorias\/proplan\/wp-json\/wp\/v2\/media?parent=7109"}],"wp:term":[{"taxonomy":"category","embeddable":true,"href":"https:\/\/www.ufsm.br\/pro-reitorias\/proplan\/wp-json\/wp\/v2\/categories?post=7109"},{"taxonomy":"post_tag","embeddable":true,"href":"https:\/\/www.ufsm.br\/pro-reitorias\/proplan\/wp-json\/wp\/v2\/tags?post=7109"}],"curies":[{"name":"wp","href":"https:\/\/api.w.org\/{rel}","templated":true}]}}