{"id":7113,"date":"2025-12-15T09:16:16","date_gmt":"2025-12-15T12:16:16","guid":{"rendered":"https:\/\/www.ufsm.br\/pro-reitorias\/proplan\/?page_id=7113"},"modified":"2025-12-15T09:40:55","modified_gmt":"2025-12-15T12:40:55","slug":"resolucao-ufsm-n-244-2025","status":"publish","type":"page","link":"https:\/\/www.ufsm.br\/pro-reitorias\/proplan\/resolucao-ufsm-n-244-2025","title":{"rendered":"RESOLU\u00c7\u00c3O UFSM N\u00b0 244\/2025"},"content":{"rendered":"\t\t<div data-elementor-type=\"wp-page\" data-elementor-id=\"7113\" class=\"elementor elementor-7113\">\n\t\t\t\t\t\t<section class=\"elementor-section elementor-top-section elementor-element elementor-element-5d51fd0 elementor-section-boxed elementor-section-height-default elementor-section-height-default\" data-id=\"5d51fd0\" data-element_type=\"section\">\n\t\t\t\t\t\t<div class=\"elementor-container elementor-column-gap-default\">\n\t\t\t\t\t<div class=\"elementor-column elementor-col-100 elementor-top-column elementor-element elementor-element-2fc234f\" data-id=\"2fc234f\" data-element_type=\"column\">\n\t\t\t<div class=\"elementor-widget-wrap elementor-element-populated\">\n\t\t\t\t\t\t<div class=\"elementor-element elementor-element-62dce08 elementor-widget elementor-widget-html\" data-id=\"62dce08\" data-element_type=\"widget\" data-widget_type=\"html.default\">\n\t\t\t\t<div class=\"elementor-widget-container\">\n\t\t\t<br><div align=\"justify\"><font color=\"black\">\r\n<br>\r\n<div align=\"justify\">\r\n<font color=\"black\">\r\n<div align=\"center\">\r\n<img decoding=\"async\" src=\"https:\/\/www.ufsm.br\/pro-reitorias\/proplan\/wp-content\/uploads\/sites\/344\/2019\/09\/brasao-da-republica-do-brasil-logo.png\" alt=\"Bras\u00e3o Rep\u00fablica Federativa do Brasil\" width=\"6%\" height=\"6%\" style=\"text-align: justify\">\r\n<\/div>\r\n<h4 style=\"text-align: justify\">\r\n<font color=\"blue\">\r\n<font size=\"5\">\r\n<\/font>\r\n<\/font>\r\n<div align=\"center\">\r\n<font color=\"blue\" style=\"text-align: justify\">\r\n<font size=\"5\">MINIST\u00c9RIO DA EDUCA\u00c7\u00c3O<\/font>\r\n<\/font>\r\n<\/div>\r\n<\/h4>\r\n<p>\r\n<b>\r\n<font color=\"0000blue\">\r\n<\/font>\r\n<\/b>\r\n<\/p>\r\n<div align=\"center\">\r\n<b style=\"text-align: justify\">\r\n<font color=\"0000blue\">UNIVERSIDADE FEDERAL DE SANTA MARIA<\/font>\r\n<\/b>\r\n<\/div>\r\n<p>\r\n<\/p>\r\n\r\n\r\n\r\n\r\n\r\n\r\n\r\n\r\n\r\n\r\n\r\n\r\n\r\n\r\n<!--StartFragment-->\r\n\r\n<p align=\"center\">\r\n<span style=\"text-align: justify\">\r\n<a href=\"https:\/\/portal.ufsm.br\/documentos\/publico\/documento.html?id=15679605\" style=\"color: blue !important;text-decoration: underline !important\" data-elementor-preserved=\"true\">\r\n<b>RESOLU\u00c7\u00c3O UFSM N\u00b0 244, DE 08 DE DEZEMBRO DE 2025<\/b>\r\n<\/a>\r\n<\/span>\r\n<\/p>\r\n\r\n<p>&nbsp;<\/p>\r\n\r\n<p>\r\n    <\/p>\r\n<div>\r\n      <\/div>\r\n    <div style=\"color: #800000;width: 60%;margin-left: auto;margin-right: 0;text-align: justify;font-weight: normal\">\r\n      Aprova o Regimento Interno do Col\u00e9gio T\u00e9cnico Industrial de Santa Maria (CTISM) vinculado \u00e0 Universidade Federal de Santa Maria, suas compet\u00eancias e atribui\u00e7\u00f5es.\r\n&nbsp;\r\n    <\/div>\r\n<p>\r\n<\/p>\r\n\r\n<p>O REITOR DA\r\nUNIVERSIDADE FEDERAL DE SANTA MARIA, no uso de suas atribui\u00e7\u00f5es legais que lhe\r\nconfere o <a href=\"https:\/\/www.ufsm.br\/pro-reitorias\/proplan\/estatuto-ufsm-2010\" style=\"color: blue !important;text-decoration: underline !important\" data-elementor-preserved=\"true\">art. 30 do Estatuto da Universidade Federal de Santa Maria<\/a> com as\r\nadequa\u00e7\u00f5es aprovadas pela <a href=\"https:\/\/www.ufsm.br\/pro-reitorias\/proplan\/resolucao-n-037-2010\" style=\"color: blue !important;text-decoration: underline !important\" data-elementor-preserved=\"true\">Resolu\u00e7\u00e3o UFSM n\u00b0 037, de 30 de novembro de 2010<\/a>,\r\naprovado pela Portaria n\u00b0 156, de 12 de mar\u00e7o de 2014, e publicado no Di\u00e1rio\r\nOficial da Uni\u00e3o em 13 de mar\u00e7o de 2014, tendo em vista a <a href=\"https:\/\/www.planalto.gov.br\/ccivil_03\/constituicao\/constituicao.htm\" style=\"color: blue !important;text-decoration: underline !important\" data-elementor-preserved=\"true\">Constitui\u00e7\u00e3o Federal de 1988 (art. 207, caput)<\/a>, a <a href=\"https:\/\/www.planalto.gov.br\/ccivil_03\/leis\/l9394.htm\" style=\"color: blue !important;text-decoration: underline !important\" data-elementor-preserved=\"true\">Lei n\u00b0 9.394, de 20 de dezembro de 1996<\/a>, os\r\n<a href=\"https:\/\/www.planalto.gov.br\/ccivil_03\/_ato2019-2022\/2019\/decreto\/d9739.htm\" style=\"color: blue !important;text-decoration: underline !important\" data-elementor-preserved=\"true\">Decretos n\u00b0 9.739, de 28 de mar\u00e7o de 2019<\/a>, e <a href=\"https:\/\/www.planalto.gov.br\/ccivil_03\/_ato2023-2026\/2024\/decreto\/D12002.htm\" style=\"color: blue !important;text-decoration: underline !important\" data-elementor-preserved=\"true\">n\u00b0 12.002, de 22 de abril de 2024<\/a>, bem como as <a href=\"https:\/\/www.ufsm.br\/pro-reitorias\/proplan\/resolucao-ufsm-n-054-2021\" style=\"color: blue !important;text-decoration: underline !important\" data-elementor-preserved=\"true\">Resolu\u00e7\u00f5es UFSM n\u00b0 054, de 1\u00b0 de junho de 2021<\/a>, e <a href=\"https:\/\/www.ufsm.br\/pro-reitorias\/proplan\/resolucao-ufsm-n-238-2025\" style=\"color: blue !important;text-decoration: underline !important\" data-elementor-preserved=\"true\">n\u00b0 238, de 1\u00b0 de dezembro de 2025<\/a>, e o que consta no Processo <a name=\"title3_anchor\">n\u00b0\r\n<\/a>\r\n<a href=\"https:\/\/portal.ufsm.br\/documentos\/usuario\/processo\/documento.html?idDocumento=15596995\" style=\"color: blue !important;text-decoration: underline !important\" data-elementor-preserved=\"true\">23081.131290\/2025-41<\/a>, resolve:<\/p>\r\n\r\n<p>&nbsp;<\/p>\r\n\r\n<p>Art. 1\u00b0&nbsp; Aprovar o Regimento Interno do\r\nCol\u00e9gio T\u00e9cnico Industrial de Santa Maria (CTISM) vinculado \u00e0 Universidade\r\nFederal de Santa Maria, suas compet\u00eancias e atribui\u00e7\u00f5es. <\/p>\r\n\r\n<p>\u00a7 1\u00b0&nbsp; O Regimento Interno do Col\u00e9gio T\u00e9cnico\r\nIndustrial de Santa Maria (CTISM) se constitui como Anexo I desta Resolu\u00e7\u00e3o.<\/p>\r\n\r\n<p>\u00a7 2\u00b0&nbsp; O quadro demonstrativo de\r\nfun\u00e7\u00f5es do Col\u00e9gio\r\nT\u00e9cnico Industrial de Santa Maria (CTISM) se constitui como Anexo II desta\r\nResolu\u00e7\u00e3o.<\/p>\r\n\r\n<p>Art. 2\u00b0 &nbsp;A inobserv\u00e2ncia ao disposto\r\nnesta Resolu\u00e7\u00e3o n\u00e3o constitui escusa v\u00e1lida para o descumprimento da norma nem\r\nresulta em sua invalidade.<\/p>\r\n\r\n<p>Art. 3\u00b0 &nbsp;Esta Resolu\u00e7\u00e3o entra em vigor\r\nna data de sua publica\u00e7\u00e3o, de acordo com o que prev\u00ea o <a href=\"https:\/\/www.planalto.gov.br\/ccivil_03\/_ato2023-2026\/2024\/decreto\/d12002.htm\" style=\"color: blue !important;text-decoration: underline !important\" data-elementor-preserved=\"true\">Decreto n\u00b0 12.002, de 22 de abril de 2024, art. 18, inciso IV.<\/a> <\/p>\r\n\r\n<p>&nbsp;<\/p>\r\n\r\n<p align=\"right\">\r\n<span style=\"text-align: justify\">Luciano Schuch<\/span>\r\n<\/p>\r\n\r\n<p align=\"right\">\r\n<span style=\"text-align: justify\">Reitor<\/span>\r\n<\/p>\r\n<p>\r\n<span style=\"color: red\">Este texto n\u00e3o substitui o documento original, publicado no Portal de Documentos.<\/span> Dispon\u00edvel em <a href=\"https:\/\/portal.ufsm.br\/documentos\/publico\/documento.html?id=15679605\" style=\"color: blue !important;text-decoration: underline !important\" data-elementor-preserved=\"true\">https:\/\/portal.ufsm.br\/documentos\/publico\/documento.html?id=15679605<\/a>\r\n<\/p>\r\n\r\n<!--EndFragment-->\r\n<div>\r\n<\/div>\r\n<div>\r\n<\/div>\r\n<\/font>\r\n<\/div>\r\n<\/font><\/div>\t\t<\/div>\n\t\t\t\t<\/div>\n\t\t\t\t\t<\/div>\n\t\t<\/div>\n\t\t\t\t\t<\/div>\n\t\t<\/section>\n\t\t\t\t<\/div>\n\t\t","protected":false},"excerpt":{"rendered":"<p>MINIST\u00c9RIO DA EDUCA\u00c7\u00c3O UNIVERSIDADE FEDERAL DE SANTA MARIA RESOLU\u00c7\u00c3O UFSM N\u00b0 244, DE 08 DE DEZEMBRO DE 2025 &nbsp; Aprova o Regimento Interno do Col\u00e9gio T\u00e9cnico Industrial de Santa Maria (CTISM) vinculado \u00e0 Universidade Federal de Santa Maria, suas compet\u00eancias e atribui\u00e7\u00f5es. &nbsp; O REITOR DA UNIVERSIDADE FEDERAL DE SANTA MARIA, no uso de suas [&hellip;]<\/p>\n","protected":false},"author":8863,"featured_media":0,"parent":0,"menu_order":0,"comment_status":"closed","ping_status":"closed","template":"","meta":{"footnotes":""},"categories":[],"tags":[],"class_list":["post-7113","page","type-page","status-publish","hentry"],"acf":[],"_links":{"self":[{"href":"https:\/\/www.ufsm.br\/pro-reitorias\/proplan\/wp-json\/wp\/v2\/pages\/7113","targetHints":{"allow":["GET"]}}],"collection":[{"href":"https:\/\/www.ufsm.br\/pro-reitorias\/proplan\/wp-json\/wp\/v2\/pages"}],"about":[{"href":"https:\/\/www.ufsm.br\/pro-reitorias\/proplan\/wp-json\/wp\/v2\/types\/page"}],"author":[{"embeddable":true,"href":"https:\/\/www.ufsm.br\/pro-reitorias\/proplan\/wp-json\/wp\/v2\/users\/8863"}],"replies":[{"embeddable":true,"href":"https:\/\/www.ufsm.br\/pro-reitorias\/proplan\/wp-json\/wp\/v2\/comments?post=7113"}],"version-history":[{"count":0,"href":"https:\/\/www.ufsm.br\/pro-reitorias\/proplan\/wp-json\/wp\/v2\/pages\/7113\/revisions"}],"wp:attachment":[{"href":"https:\/\/www.ufsm.br\/pro-reitorias\/proplan\/wp-json\/wp\/v2\/media?parent=7113"}],"wp:term":[{"taxonomy":"category","embeddable":true,"href":"https:\/\/www.ufsm.br\/pro-reitorias\/proplan\/wp-json\/wp\/v2\/categories?post=7113"},{"taxonomy":"post_tag","embeddable":true,"href":"https:\/\/www.ufsm.br\/pro-reitorias\/proplan\/wp-json\/wp\/v2\/tags?post=7113"}],"curies":[{"name":"wp","href":"https:\/\/api.w.org\/{rel}","templated":true}]}}