{"id":7116,"date":"2025-12-15T09:23:53","date_gmt":"2025-12-15T12:23:53","guid":{"rendered":"https:\/\/www.ufsm.br\/pro-reitorias\/proplan\/?page_id=7116"},"modified":"2025-12-15T09:24:16","modified_gmt":"2025-12-15T12:24:16","slug":"resolucao-ufsm-no-244-2025-anexo-ii","status":"publish","type":"page","link":"https:\/\/www.ufsm.br\/pro-reitorias\/proplan\/resolucao-ufsm-no-244-2025-anexo-ii","title":{"rendered":"RESOLU\u00c7\u00c3O UFSM N\u00ba 244\/2025 &#8211; ANEXO II"},"content":{"rendered":"\t\t<div data-elementor-type=\"wp-page\" data-elementor-id=\"7116\" class=\"elementor elementor-7116\">\n\t\t\t\t\t\t<section class=\"elementor-section elementor-top-section elementor-element elementor-element-5e13e14 elementor-section-boxed elementor-section-height-default elementor-section-height-default\" data-id=\"5e13e14\" data-element_type=\"section\">\n\t\t\t\t\t\t<div class=\"elementor-container elementor-column-gap-default\">\n\t\t\t\t\t<div class=\"elementor-column elementor-col-100 elementor-top-column elementor-element elementor-element-d471dbe\" data-id=\"d471dbe\" data-element_type=\"column\">\n\t\t\t<div class=\"elementor-widget-wrap elementor-element-populated\">\n\t\t\t\t\t\t<div class=\"elementor-element elementor-element-56f76b3 elementor-widget elementor-widget-html\" data-id=\"56f76b3\" data-element_type=\"widget\" data-widget_type=\"html.default\">\n\t\t\t\t<div class=\"elementor-widget-container\">\n\t\t\t<br><div align=\"justify\"><font color=\"black\">\r\n<div align=\"center\">\r\n<img decoding=\"async\" src=\"https:\/\/www.ufsm.br\/pro-reitorias\/proplan\/wp-content\/uploads\/sites\/344\/2019\/09\/brasao-da-republica-do-brasil-logo.png\" alt=\"Bras\u00e3o Rep\u00fablica Federativa do Brasil\" width=\"6%\" height=\"6%\">\r\n<\/div>\r\n<h4>\r\n<font color=\"blue\">\r\n<font size=\"5\">\r\n<\/font>\r\n<\/font>\r\n<div align=\"center\">\r\n<font color=\"blue\">\r\n<font size=\"5\">MINIST\u00c9RIO DA EDUCA\u00c7\u00c3O<\/font>\r\n<\/font>\r\n<\/div>\r\n<\/h4>\r\n<p>\r\n<b>\r\n<font color=\"0000blue\">\r\n<\/font>\r\n<\/b>\r\n<\/p>\r\n<div align=\"center\">\r\n<b>\r\n<font color=\"0000blue\">UNIVERSIDADE FEDERAL DE SANTA MARIA<\/font>\r\n<\/b>\r\n<\/div>\r\n<p>\r\n<\/p>\r\n<!--StartFragment-->\r\n\r\n\r\n\r\n\r\n\r\n\r\n\r\n\r\n\r\n\r\n\r\n\r\n\r\n\r\n<!--StartFragment-->\r\n\r\n<p align=\"center\">\r\n<span style=\"text-align: justify\">\r\n<a href=\"https:\/\/portal.ufsm.br\/documentos\/publico\/documento.html?id=15679621\" style=\"color: blue !important;text-decoration: underline !important\" data-elementor-preserved=\"true\">\r\n<b>QUADRO DEMONSTRATIVO<\/b>\r\n<\/a>\r\n<\/span>\r\n<\/p>\r\n\r\n<p>&nbsp;<\/p>\r\n\r\n<p>\r\n    <div style=\"text-align: right;width: 60%;margin-left: auto;margin-right: 0px;font-weight: normal\">\r\n      Anexo II da Resolu\u00e7\u00e3o UFSM n\u00b0 244, de 08 de dezembro de 2025.\r\n    <\/div>\r\n<\/p>\r\n\r\n<p>&nbsp;<\/p>\r\n\r\n<table border=\"1\" cellspacing=\"0\" cellpadding=\"0\" width=\"100%\">\r\n <tbody>\r\n<tr>\r\n  <td width=\"9%\">\r\n  <p align=\"center\">\r\n<b style=\"text-align: justify\">N\u00edvel<\/b>\r\n<\/p>\r\n  <\/td>\r\n  <td width=\"33%\">\r\n  <p align=\"center\">\r\n<b style=\"text-align: justify\">Estrutura<\/b>\r\n<\/p>\r\n  <\/td>\r\n  <td width=\"26%\">\r\n  <p align=\"center\">\r\n<b style=\"text-align: justify\">Denomina\u00e7\u00e3o da Autoridade<\/b>\r\n<\/p>\r\n  <\/td>\r\n  <td width=\"16%\">\r\n  <p align=\"center\">\r\n<b style=\"text-align: justify\">Cargo Comissionado<\/b>\r\n<\/p>\r\n  <\/td>\r\n  <td width=\"13%\">\r\n  <p align=\"center\">\r\n<b style=\"text-align: justify\">Quantidade<\/b>\r\n<\/p>\r\n  <\/td>\r\n <\/tr>\r\n <tr>\r\n  <td width=\"9%\">\r\n  <p>1<\/p>\r\n  <\/td>\r\n  <td width=\"33%\">\r\n  <p>Col\u00e9gio T\u00e9cnico Industrial de Santa\r\n  Maria<\/p>\r\n  <\/td>\r\n  <td width=\"26%\">\r\n  <p>Diretor(a)<\/p>\r\n  <\/td>\r\n  <td width=\"16%\">\r\n  <p align=\"center\">CD3<\/p>\r\n  <\/td>\r\n  <td width=\"13%\">\r\n  <p align=\"center\">1<\/p>\r\n  <\/td>\r\n <\/tr>\r\n <tr>\r\n  <td width=\"9%\">\r\n  <p>&nbsp;<\/p>\r\n  <\/td>\r\n  <td width=\"33%\">\r\n  <p>&nbsp;<\/p>\r\n  <\/td>\r\n  <td width=\"26%\">\r\n  <p>Vice-Diretor(a)<\/p>\r\n  <\/td>\r\n  <td width=\"16%\">\r\n  <p align=\"center\">CD4<\/p>\r\n  <\/td>\r\n  <td width=\"13%\">\r\n  <p align=\"center\">1<\/p>\r\n  <\/td>\r\n <\/tr>\r\n <tr>\r\n  <td width=\"9%\">\r\n  <p>&nbsp;<\/p>\r\n  <\/td>\r\n  <td width=\"33%\">\r\n  <p>&nbsp;<\/p>\r\n  <\/td>\r\n  <td width=\"26%\">\r\n  <p>Coordenador(a) de Curso<\/p>\r\n  <\/td>\r\n  <td width=\"16%\">\r\n  <p align=\"center\">FCC<\/p>\r\n  <\/td>\r\n  <td width=\"13%\">\r\n  <p align=\"center\">15<\/p>\r\n  <\/td>\r\n <\/tr>\r\n <tr>\r\n  <td width=\"9%\">\r\n  <p>1.1<\/p>\r\n  <\/td>\r\n  <td width=\"33%\">\r\n  <p>Conselho Diretor do Col\u00e9gio T\u00e9cnico\r\n  Industrial de Santa Maria<\/p>\r\n  <\/td>\r\n  <td width=\"26%\">\r\n  <p>Presidente<\/p>\r\n  <\/td>\r\n  <td width=\"16%\">\r\n  <p align=\"center\">-<\/p>\r\n  <\/td>\r\n  <td width=\"13%\">\r\n  <p align=\"center\">-<\/p>\r\n  <\/td>\r\n <\/tr>\r\n <tr>\r\n  <td width=\"9%\">\r\n  <p>1.2<\/p>\r\n  <\/td>\r\n  <td width=\"33%\">\r\n  <p>Comiss\u00e3o Permanente de Ensino,\r\n  Pesquisa e Extens\u00e3o do CTISM<\/p>\r\n  <\/td>\r\n  <td width=\"26%\">\r\n  <p>Presidente<\/p>\r\n  <\/td>\r\n  <td width=\"16%\">\r\n  <p align=\"center\">-<\/p>\r\n  <\/td>\r\n  <td width=\"13%\">\r\n  <p align=\"center\">-<\/p>\r\n  <\/td>\r\n <\/tr>\r\n <tr>\r\n  <td width=\"9%\">\r\n  <p>1.3<\/p>\r\n  <\/td>\r\n  <td width=\"33%\">\r\n  <p>Comiss\u00e3o Permanente de Exames de\r\n  Sele\u00e7\u00e3o do CTISM<\/p>\r\n  <\/td>\r\n  <td width=\"26%\">\r\n  <p>Presidente<\/p>\r\n  <\/td>\r\n  <td width=\"16%\">\r\n  <p align=\"center\">-<\/p>\r\n  <\/td>\r\n  <td width=\"13%\">\r\n  <p align=\"center\">-<\/p>\r\n  <\/td>\r\n <\/tr>\r\n <tr>\r\n  <td width=\"9%\">\r\n  <p>1.4<\/p>\r\n  <\/td>\r\n  <td width=\"33%\">\r\n  <p>Secretaria Administrativa do CTISM<\/p>\r\n  <\/td>\r\n  <td width=\"26%\">\r\n  <p>Secret\u00e1rio(a) da Secretaria\r\n  Administrativa da Unidade<\/p>\r\n  <\/td>\r\n  <td width=\"16%\">\r\n  <p align=\"center\">FG1<\/p>\r\n  <\/td>\r\n  <td width=\"13%\">\r\n  <p align=\"center\">1<\/p>\r\n  <\/td>\r\n <\/tr>\r\n <tr>\r\n  <td width=\"9%\">\r\n  <p>1.4.1<\/p>\r\n  <\/td>\r\n  <td width=\"33%\">\r\n  <p>Subdivis\u00e3o de Biblioteca Setorial\r\n  do CTISM<\/p>\r\n  <\/td>\r\n  <td width=\"26%\">\r\n  <p>Chefe de Subdivis\u00e3o<\/p>\r\n  <\/td>\r\n  <td width=\"16%\">\r\n  <p align=\"center\">FG4<\/p>\r\n  <\/td>\r\n  <td width=\"13%\">\r\n  <p align=\"center\">1<\/p>\r\n  <\/td>\r\n <\/tr>\r\n <tr>\r\n  <td width=\"9%\">\r\n  <p>1.4.2<\/p>\r\n  <\/td>\r\n  <td width=\"33%\">\r\n  <p>Divis\u00e3o de Comunica\u00e7\u00e3o e Produ\u00e7\u00e3o\r\n  Audiovisual do CTISM<\/p>\r\n  <\/td>\r\n  <td width=\"26%\">\r\n  <p>Chefe de Divis\u00e3o<\/p>\r\n  <\/td>\r\n  <td width=\"16%\">\r\n  <p align=\"center\">FG3<\/p>\r\n  <\/td>\r\n  <td width=\"13%\">\r\n  <p align=\"center\">1<\/p>\r\n  <\/td>\r\n <\/tr>\r\n <tr>\r\n  <td width=\"9%\">\r\n  <p>1.5<\/p>\r\n  <\/td>\r\n  <td width=\"33%\">\r\n  <p>Coordenadoria de Ensino do CTISM<\/p>\r\n  <\/td>\r\n  <td width=\"26%\">\r\n  <p>Coordenador(a) de Ensino<\/p>\r\n  <\/td>\r\n  <td width=\"16%\">\r\n  <p align=\"center\">CD4<\/p>\r\n  <\/td>\r\n  <td width=\"13%\">\r\n  <p align=\"center\">1<\/p>\r\n  <\/td>\r\n <\/tr>\r\n <tr>\r\n  <td width=\"9%\">\r\n  <p>1.5.1<\/p>\r\n  <\/td>\r\n  <td width=\"33%\">\r\n  <p>N\u00facleo de Registros Educacionais do\r\n  CTISM<\/p>\r\n  <\/td>\r\n  <td width=\"26%\">\r\n  <p>Chefe de N\u00facleo<\/p>\r\n  <\/td>\r\n  <td width=\"16%\">\r\n  <p align=\"center\">FG1<\/p>\r\n  <\/td>\r\n  <td width=\"13%\">\r\n  <p align=\"center\">1<\/p>\r\n  <\/td>\r\n <\/tr>\r\n <tr>\r\n  <td width=\"9%\">\r\n  <p>1.5.2<\/p>\r\n  <\/td>\r\n  <td width=\"33%\">\r\n  <p>N\u00facleo Pedag\u00f3gico do CTISM<\/p>\r\n  <\/td>\r\n  <td width=\"26%\">\r\n  <p>Chefe de N\u00facleo<\/p>\r\n  <\/td>\r\n  <td width=\"16%\">\r\n  <p align=\"center\">FG1<\/p>\r\n  <\/td>\r\n  <td width=\"13%\">\r\n  <p align=\"center\">1<\/p>\r\n  <\/td>\r\n <\/tr>\r\n <tr>\r\n  <td width=\"9%\">\r\n  <p>1.5.1.1<\/p>\r\n  <\/td>\r\n  <td width=\"33%\">\r\n  <p>Secretaria Integrada dos Cursos de Educa\u00e7\u00e3o Superior do\r\n  CTISM<\/p>\r\n  <\/td>\r\n  <td width=\"26%\">\r\n  <p>Secret\u00e1rio(a) da Secretaria\r\n  Integrada<\/p>\r\n  <\/td>\r\n  <td width=\"16%\">\r\n  <p align=\"center\">FG3<\/p>\r\n  <\/td>\r\n  <td width=\"13%\">\r\n  <p align=\"center\">1<\/p>\r\n  <\/td>\r\n <\/tr>\r\n <tr>\r\n  <td width=\"9%\">\r\n  <p>1.5.1.2<\/p>\r\n  <\/td>\r\n  <td width=\"33%\">\r\n  <p>Secretaria Integrada dos Cursos de Educa\u00e7\u00e3o B\u00e1sica do CTISM<\/p>\r\n  <\/td>\r\n  <td width=\"26%\">\r\n  <p>Secret\u00e1rio(a) da Secretaria\r\n  Integrada<\/p>\r\n  <\/td>\r\n  <td width=\"16%\">\r\n  <p align=\"center\">FG3<\/p>\r\n  <\/td>\r\n  <td width=\"13%\">\r\n  <p align=\"center\">1<\/p>\r\n  <\/td>\r\n <\/tr>\r\n <tr>\r\n  <td width=\"9%\">\r\n  <p>1.5.2.1<\/p>\r\n  <\/td>\r\n  <td width=\"33%\">\r\n  <p>Setor de Acompanhamento dos Processos Educacionais do CTISM<\/p>\r\n  <\/td>\r\n  <td width=\"26%\">\r\n  <p>Chefe de Setor<\/p>\r\n  <\/td>\r\n  <td width=\"16%\">\r\n  <p align=\"center\">FG2<\/p>\r\n  <\/td>\r\n  <td width=\"13%\">\r\n  <p align=\"center\">1<\/p>\r\n  <\/td>\r\n <\/tr>\r\n <tr>\r\n  <td width=\"9%\">\r\n  <p>1.6<\/p>\r\n  <\/td>\r\n  <td width=\"33%\">\r\n  <p>N\u00facleo de Infraestrutura do CTISM<\/p>\r\n  <\/td>\r\n  <td width=\"26%\">\r\n  <p>Chefe de N\u00facleo<\/p>\r\n  <\/td>\r\n  <td width=\"16%\">\r\n  <p align=\"center\">FG1<\/p>\r\n  <\/td>\r\n  <td width=\"13%\">\r\n  <p align=\"center\">1<\/p>\r\n  <\/td>\r\n <\/tr>\r\n <tr>\r\n  <td width=\"9%\">\r\n  <p>1.6.1<\/p>\r\n  <\/td>\r\n  <td width=\"33%\">\r\n  <p>Setor de Tecnologia da Informa\u00e7\u00e3o\r\n  do CTISM<\/p>\r\n  <\/td>\r\n  <td width=\"26%\">\r\n  <p>Chefe de Setor<\/p>\r\n  <\/td>\r\n  <td width=\"16%\">\r\n  <p align=\"center\">FG2<\/p>\r\n  <\/td>\r\n  <td width=\"13%\">\r\n  <p align=\"center\">1<\/p>\r\n  <\/td>\r\n <\/tr>\r\n <tr>\r\n  <td width=\"9%\">\r\n  <p>1.6.2<\/p>\r\n  <\/td>\r\n  <td width=\"33%\">\r\n  <p>Divis\u00e3o de Manuten\u00e7\u00e3o e Suporte\r\n  T\u00e9cnico do CTISM<\/p>\r\n  <\/td>\r\n  <td width=\"26%\">\r\n  <p>Chefe de Divis\u00e3o<\/p>\r\n  <\/td>\r\n  <td width=\"16%\">\r\n  <p align=\"center\">FG3<\/p>\r\n  <\/td>\r\n  <td width=\"13%\">\r\n  <p align=\"center\">1<\/p>\r\n  <\/td>\r\n <\/tr>\r\n <tr>\r\n  <td width=\"9%\">\r\n  <p>1.7<\/p>\r\n  <\/td>\r\n  <td width=\"33%\">\r\n  <p>N\u00facleo de Administra\u00e7\u00e3o do CTISM<\/p>\r\n  <\/td>\r\n  <td width=\"26%\">\r\n  <p>Chefe de N\u00facleo<\/p>\r\n  <\/td>\r\n  <td width=\"16%\">\r\n  <p align=\"center\">FG1<\/p>\r\n  <\/td>\r\n  <td width=\"13%\">\r\n  <p align=\"center\">1<\/p>\r\n  <\/td>\r\n <\/tr>\r\n <tr>\r\n  <td width=\"9%\">\r\n  <p>1.7.1<\/p>\r\n  <\/td>\r\n  <td width=\"33%\">\r\n  <p>Subdivis\u00e3o de Log\u00edstica do CTISM<\/p>\r\n  <\/td>\r\n  <td width=\"26%\">\r\n  <p>Chefe de Subdivis\u00e3o<\/p>\r\n  <\/td>\r\n  <td width=\"16%\">\r\n  <p align=\"center\">FG4<\/p>\r\n  <\/td>\r\n  <td width=\"13%\">\r\n  <p align=\"center\">1<\/p>\r\n  <\/td>\r\n <\/tr>\r\n <tr>\r\n  <td width=\"9%\">\r\n  <p>1.7.2<\/p>\r\n  <\/td>\r\n  <td width=\"33%\">\r\n  <p>Setor de Compras do CTISM<\/p>\r\n  <\/td>\r\n  <td width=\"26%\">\r\n  <p>Chefe de Setor<\/p>\r\n  <\/td>\r\n  <td width=\"16%\">\r\n  <p align=\"center\">FG2<\/p>\r\n  <\/td>\r\n  <td width=\"13%\">\r\n  <p align=\"center\">1<\/p>\r\n  <\/td>\r\n <\/tr>\r\n <tr>\r\n  <td width=\"9%\">\r\n  <p>1.7.3<\/p>\r\n  <\/td>\r\n  <td width=\"33%\">\r\n  <p>Subdivis\u00e3o Setorial de Patrim\u00f4nio\r\n  do CTISM<\/p>\r\n  <\/td>\r\n  <td width=\"26%\">\r\n  <p>Chefe de Subdivis\u00e3o<\/p>\r\n  <\/td>\r\n  <td width=\"16%\">\r\n  <p align=\"center\">FG4<\/p>\r\n  <\/td>\r\n  <td width=\"13%\">\r\n  <p align=\"center\">1<\/p>\r\n  <\/td>\r\n <\/tr>\r\n <tr>\r\n  <td width=\"9%\">\r\n  <p>1.8<\/p>\r\n  <\/td>\r\n  <td width=\"33%\">\r\n  <p>N\u00facleo de Projetos, Inova\u00e7\u00e3o e\r\n  Est\u00e1gios do CTISM<\/p>\r\n  <\/td>\r\n  <td width=\"26%\">\r\n  <p>Chefe de N\u00facleo<\/p>\r\n  <\/td>\r\n  <td width=\"16%\">\r\n  <p align=\"center\">FG1<\/p>\r\n  <\/td>\r\n  <td width=\"13%\">\r\n  <p align=\"center\">1<\/p>\r\n  <\/td>\r\n <\/tr>\r\n <tr>\r\n  <td width=\"9%\">\r\n  <p>1.8.1<\/p>\r\n  <\/td>\r\n  <td width=\"33%\">\r\n  <p>Divis\u00e3o de Est\u00e1gios e Rela\u00e7\u00f5es\r\n  Empresariais e Comunit\u00e1rias do CTISM<\/p>\r\n  <\/td>\r\n  <td width=\"26%\">\r\n  <p>Chefe de Divis\u00e3o<\/p>\r\n  <\/td>\r\n  <td width=\"16%\">\r\n  <p align=\"center\">FG3<\/p>\r\n  <\/td>\r\n  <td width=\"13%\">\r\n  <p align=\"center\">1<\/p>\r\n  <\/td>\r\n <\/tr>\r\n <tr>\r\n  <td width=\"9%\">\r\n  <p>1.8.2<\/p>\r\n  <\/td>\r\n  <td width=\"33%\">\r\n  <p>Subdivis\u00e3o de Projetos do CTISM<\/p>\r\n  <\/td>\r\n  <td width=\"26%\">\r\n  <p>Chefe de Subdivis\u00e3o<\/p>\r\n  <\/td>\r\n  <td width=\"16%\">\r\n  <p align=\"center\">FG4<\/p>\r\n  <\/td>\r\n  <td width=\"13%\">\r\n  <p align=\"center\">1<\/p>\r\n  <\/td>\r\n <\/tr>\r\n<\/tbody>\r\n<\/table>\r\n\r\n<p style=\"text-align: right\">&nbsp;Luciano Schuch<\/p>\r\n\r\n\r\n\r\n\r\n\r\n\r\n\r\n\r\n\r\n\r\n\r\n\r\n<!--StartFragment-->\r\n\r\n\r\n\r\n<div>\r\n\r\n<p align=\"right\" style=\"text-align: right\">\r\n<span style=\"text-align: justify\">Reitor<\/span>\r\n<\/p>\r\n<p>\r\n<span style=\"color: red\">Este texto n\u00e3o substitui o documento original, publicado no Portal de Documentos.<\/span> Dispon\u00edvel em <a href=\"https:\/\/portal.ufsm.br\/documentos\/publico\/documento.html?id=15679621\" style=\"color: blue !important;text-decoration: underline !important\" data-elementor-preserved=\"true\">https:\/\/portal.ufsm.br\/documentos\/publico\/documento.html?id=15679621<\/a>\r\n<\/p>\r\n\r\n<\/div>\r\n\r\n<!--EndFragment-->\r\n\r\n<!--EndFragment-->\r\n<!--EndFragment-->\r\n<div class=\"normal-text\" style=\"text-align: center\">\r\n<\/div>\r\n<div class=\"normal-text\" style=\"text-align: center\">\r\n<\/div>\r\n<\/font><\/div>\t\t<\/div>\n\t\t\t\t<\/div>\n\t\t\t\t\t<\/div>\n\t\t<\/div>\n\t\t\t\t\t<\/div>\n\t\t<\/section>\n\t\t\t\t<\/div>\n\t\t","protected":false},"excerpt":{"rendered":"<p>MINIST\u00c9RIO DA EDUCA\u00c7\u00c3O UNIVERSIDADE FEDERAL DE SANTA MARIA QUADRO DEMONSTRATIVO &nbsp; Anexo II da Resolu\u00e7\u00e3o UFSM n\u00b0 244, de 08 de dezembro de 2025. &nbsp; N\u00edvel Estrutura Denomina\u00e7\u00e3o da Autoridade Cargo Comissionado Quantidade 1 Col\u00e9gio T\u00e9cnico Industrial de Santa Maria Diretor(a) CD3 1 &nbsp; &nbsp; Vice-Diretor(a) CD4 1 &nbsp; &nbsp; Coordenador(a) de Curso FCC 15 [&hellip;]<\/p>\n","protected":false},"author":8863,"featured_media":0,"parent":0,"menu_order":0,"comment_status":"closed","ping_status":"closed","template":"","meta":{"footnotes":""},"categories":[],"tags":[],"class_list":["post-7116","page","type-page","status-publish","hentry"],"acf":[],"_links":{"self":[{"href":"https:\/\/www.ufsm.br\/pro-reitorias\/proplan\/wp-json\/wp\/v2\/pages\/7116","targetHints":{"allow":["GET"]}}],"collection":[{"href":"https:\/\/www.ufsm.br\/pro-reitorias\/proplan\/wp-json\/wp\/v2\/pages"}],"about":[{"href":"https:\/\/www.ufsm.br\/pro-reitorias\/proplan\/wp-json\/wp\/v2\/types\/page"}],"author":[{"embeddable":true,"href":"https:\/\/www.ufsm.br\/pro-reitorias\/proplan\/wp-json\/wp\/v2\/users\/8863"}],"replies":[{"embeddable":true,"href":"https:\/\/www.ufsm.br\/pro-reitorias\/proplan\/wp-json\/wp\/v2\/comments?post=7116"}],"version-history":[{"count":0,"href":"https:\/\/www.ufsm.br\/pro-reitorias\/proplan\/wp-json\/wp\/v2\/pages\/7116\/revisions"}],"wp:attachment":[{"href":"https:\/\/www.ufsm.br\/pro-reitorias\/proplan\/wp-json\/wp\/v2\/media?parent=7116"}],"wp:term":[{"taxonomy":"category","embeddable":true,"href":"https:\/\/www.ufsm.br\/pro-reitorias\/proplan\/wp-json\/wp\/v2\/categories?post=7116"},{"taxonomy":"post_tag","embeddable":true,"href":"https:\/\/www.ufsm.br\/pro-reitorias\/proplan\/wp-json\/wp\/v2\/tags?post=7116"}],"curies":[{"name":"wp","href":"https:\/\/api.w.org\/{rel}","templated":true}]}}